{"id":10550,"date":"2025-01-15T13:28:30","date_gmt":"2025-01-15T05:28:30","guid":{"rendered":"https:\/\/darksalmon-dugong-512221.hostingersite.com\/?post_type=product&#038;p=10550"},"modified":"2025-06-04T13:07:17","modified_gmt":"2025-06-04T05:07:17","slug":"mylion-muc66-mini-ups-type-c-pd-65w-in-out-lithium-battery-pack-backup-uninterruptible-power-supply-for-wifi-router","status":"publish","type":"product","link":"https:\/\/ygspower.com\/de\/produkt\/mylion-muc66-mini-ups-type-c-pd-65w-in-out-lithium-battery-pack-backup-uninterruptible-power-supply-for-wifi-router\/","title":{"rendered":"Mylion MUC66 Mini-USV Typ C PD 65 W IN\/OUT Lithium-Akku-Backup Unterbrechungsfreie Stromversorgung f\u00fcr WLAN-Router"},"content":{"rendered":"<table style=\"height: 1328px;\" width=\"1334\">\n<tbody>\n<tr>\n<td width=\"517\">\n<h5>Stilname<\/h5>\n<\/td>\n<td width=\"1645\">\n<h5>MUC66<\/h5>\n<\/td>\n<\/tr>\n<tr>\n<td>\n<h5>Akku-Typ<\/h5>\n<\/td>\n<td>\n<h5>Lithiumbatterie<\/h5>\n<\/td>\n<\/tr>\n<tr>\n<td>\n<h5>Ausgangsspannung\u00a4t<\/h5>\n<\/td>\n<td>\n<h5>20 V, 3,25 A, 65 W<\/h5>\n<\/td>\n<\/tr>\n<tr>\n<td>\n<h5>Batteriekapazit\u00e4t<\/h5>\n<\/td>\n<td>\n<h5>56,16 Wh<\/h5>\n<\/td>\n<\/tr>\n<tr>\n<td>\n<h5>Eingangsspannung\u00a4t<\/h5>\n<\/td>\n<td>\n<h5>5V3A\/9V3A\/12V3A\/15V3A\/20V3,25A<\/h5>\n<\/td>\n<\/tr>\n<tr>\n<td>\n<h5>Vollst\u00e4ndige Ladezeit des Akkus<\/h5>\n<\/td>\n<td>\n<h5>Etwa 2-3 Stunden mit Adapter mit Typ C PD 36W<\/h5>\n<\/td>\n<\/tr>\n<tr>\n<td rowspan=\"2\">\n<h5>Arbeitszeit<\/h5>\n<\/td>\n<td>\n<h5>5-6 Stunden Backup-Zeit f\u00fcr 12V1A-Ger\u00e4t<\/h5>\n<\/td>\n<\/tr>\n<tr>\n<td>\n<h5>3-4 Stunden Backup-Zeit f\u00fcr 12V2A-Ger\u00e4t<\/h5>\n<\/td>\n<\/tr>\n<tr>\n<td>\n<h5>Ladeanschluss (IN)<\/h5>\n<\/td>\n<td>\n<h5>Typ C PD -65W Bidirektional<\/h5>\n<\/td>\n<\/tr>\n<tr>\n<td>\n<h5>Auslassanschluss (OUT)1<\/h5>\n<\/td>\n<td>\n<h5>Typ C PD -65W Bidirektional<\/h5>\n<\/td>\n<\/tr>\n<tr>\n<td>\n<h5>Auslassanschluss (OUT)2<\/h5>\n<\/td>\n<td>\n<h5>Typ C PD -30 W Einweg<\/h5>\n<\/td>\n<\/tr>\n<tr>\n<td>\n<h5>LCD<\/h5>\n<\/td>\n<td>\n<h5>LCD zeigt den Batteriezustand an<\/h5>\n<\/td>\n<\/tr>\n<tr>\n<td>\n<h5>Schalten<\/h5>\n<\/td>\n<td>\n<h5>Stellen Sie den Schalter vor der Verwendung auf \u201eON\u201c.<\/h5>\n<\/td>\n<\/tr>\n<tr>\n<td>\n<h5>Geh\u00e4usematerial<\/h5>\n<\/td>\n<td>\n<h5>ABS Feuerfester Kunststoff<\/h5>\n<\/td>\n<\/tr>\n<tr>\n<td>\n<h5>Geh\u00e4usefarbe<\/h5>\n<\/td>\n<td>\n<h5>Wei\u00df<\/h5>\n<\/td>\n<\/tr>\n<tr>\n<td>\n<h5>Geh\u00e4usematerial<\/h5>\n<\/td>\n<td>\n<h5>Feuerfestes ABS<\/h5>\n<\/td>\n<\/tr>\n<tr>\n<td>\n<h5>Geh\u00e4useabmessungen<\/h5>\n<\/td>\n<td>\n<h5>L155 x B87 x H47,5 mm<\/h5>\n<\/td>\n<\/tr>\n<tr>\n<td>\n<h5>Gewicht<\/h5>\n<\/td>\n<td>\n<h5>660g<\/h5>\n<\/td>\n<\/tr>\n<tr>\n<td rowspan=\"3\">\n<h5>Besonderheit<\/h5>\n<\/td>\n<td>\n<h5>Intelligente IC-Steuerung, Laden &amp; Entladen &amp; Temperatur<\/h5>\n<\/td>\n<\/tr>\n<tr>\n<td>\n<h5>Typ C PD 65 W, maximaler Eingang und Ausgang<\/h5>\n<\/td>\n<\/tr>\n<tr>\n<td>\n<h5>2 St\u00fcck Typ C PD-Ausg\u00e4nge k\u00f6nnen unterschiedliche Spannung und Strom liefern<\/h5>\n<\/td>\n<\/tr>\n<tr>\n<td>\n<h5>Anwendung<\/h5>\n<\/td>\n<td width=\"1645\">\n<h5>Router\/CPE\/ONT\/ONU\/HUB\/VoIP-Telefon\/IP-Kamera\/Sicherheitssystem\/T\u00fcrzugang<\/h5>\n<\/td>\n<\/tr>\n<tr>\n<td>\n<h5>Ma\u00dfe der Geschenkbox<\/h5>\n<\/td>\n<td width=\"1645\">\n<h5>L160xB95xT55mm<\/h5>\n<\/td>\n<\/tr>\n<tr>\n<td>\n<h5>Zertifizierung<\/h5>\n<\/td>\n<td width=\"1645\">\n<h5>CE, IEC62368, ROHS, LVD, FCC, REACH, UN38.3<\/h5>\n<\/td>\n<\/tr>\n<tr>\n<td>\n<h5>Optionales Netzteil<\/h5>\n<\/td>\n<td width=\"1645\">\n<h5>Ein passendes Netzteil 12V6A ist optional erh\u00e4ltlich. Wenn Sie es ben\u00f6tigen, wenden Sie sich bitte an den Mylion-Verk\u00e4ufer.<\/h5>\n<\/td>\n<\/tr>\n<tr>\n<td>\n<h5>Paket<\/h5>\n<\/td>\n<td>\n<h5>12 St\u00fcck im Karton (35 x 21 x 30 cm), ca. 8,5 kg\/Karton<\/h5>\n<\/td>\n<\/tr>\n<\/tbody>\n<\/table>\n<p><img fetchpriority=\"high\" decoding=\"async\" class=\"alignleft wp-image-10530\" src=\"http:\/\/ygspower.com\/wp-content\/uploads\/2025\/01\/1.jpg\" alt=\"\" width=\"630\" height=\"378\" srcset=\"https:\/\/ygspower.com\/wp-content\/uploads\/2025\/01\/1.jpg 1000w, https:\/\/ygspower.com\/wp-content\/uploads\/2025\/01\/1-300x180.jpg 300w, https:\/\/ygspower.com\/wp-content\/uploads\/2025\/01\/1-768x461.jpg 768w, https:\/\/ygspower.com\/wp-content\/uploads\/2025\/01\/1-18x12.jpg 18w, https:\/\/ygspower.com\/wp-content\/uploads\/2025\/01\/1-600x360.jpg 600w\" sizes=\"(max-width: 630px) 100vw, 630px\" \/><\/p>\n<p><strong>Vorteile des MUC66 Mini-USV Typ-C-Eingangs und -Ausgangs<\/strong><\/p>\n<p>Die MUC66 Mini-USV verf\u00fcgt \u00fcber einen erweiterten PD-Eingang und -Ausgang vom Typ C und bietet damit beispiellosen Komfort und Effizienz. Die Unterst\u00fctzung mehrerer Spannungsstufen (5 V, 9 V, 12 V, 15 V, 20 V) und ein 65-W-PD-Anschluss vom Typ C gew\u00e4hrleisten ein schnelles und effizientes Laden einer Vielzahl von Ger\u00e4ten wie Routern, Laptops und Smartphones.<\/p>\n<p>Durch den bidirektionalen Stromfluss kann der Typ-C-Anschluss sowohl als Eingang als auch als Ausgang verwendet werden, was das Kabelmanagement vereinfacht und den Bedarf an zus\u00e4tzlichen Adaptern reduziert. Dar\u00fcber hinaus gew\u00e4hrleistet das kompakte und reversible Design der Typ-C-Schnittstelle eine einfache Verbindung.<\/p>\n<p>Der MUC66 unterst\u00fctzt mit seinem zus\u00e4tzlichen 30-W-Anschluss auch die Ausgabe mehrerer Ger\u00e4te, ideal f\u00fcr Benutzer mit mehreren kritischen Ger\u00e4ten. Zusammenfassend l\u00e4sst sich sagen, dass die Typ-C-Technologie des MUC66 Geschwindigkeit, Vielseitigkeit und Benutzerfreundlichkeit verbessert und ihn zu einer wichtigen Backup-Stromversorgungsl\u00f6sung f\u00fcr moderne Ger\u00e4te macht.<\/p>\n<p>&nbsp;<\/p>\n<p><img decoding=\"async\" class=\"wp-image-10531 alignright\" src=\"http:\/\/ygspower.com\/wp-content\/uploads\/2025\/01\/2.jpg\" alt=\"\" width=\"634\" height=\"381\" srcset=\"https:\/\/ygspower.com\/wp-content\/uploads\/2025\/01\/2.jpg 1000w, https:\/\/ygspower.com\/wp-content\/uploads\/2025\/01\/2-300x180.jpg 300w, https:\/\/ygspower.com\/wp-content\/uploads\/2025\/01\/2-768x461.jpg 768w, https:\/\/ygspower.com\/wp-content\/uploads\/2025\/01\/2-18x12.jpg 18w, https:\/\/ygspower.com\/wp-content\/uploads\/2025\/01\/2-600x360.jpg 600w\" sizes=\"(max-width: 634px) 100vw, 634px\" \/><\/p>\n<p><strong>Vorteile des intelligenten Chipschutzes der Mini-USV MUC66<\/strong><\/p>\n<p>Die MUC66 Mini-USV verwendet einen fortschrittlichen intelligenten Chipschutz, um die Sicherheit und Effizienz der angeschlossenen Ger\u00e4te und internen Batterien zu gew\u00e4hrleisten. Der integrierte intelligente IC-Chip bietet umfassenden Schutz, einschlie\u00dflich \u00dcberladungs-, \u00dcberentladungs-, \u00dcberlastungs-, Kurzschluss- und Temperaturschutz, verl\u00e4ngert die Batterielebensdauer und verhindert m\u00f6gliche Sch\u00e4den an der Ausr\u00fcstung.<br \/>\nDas intelligente Managementsystem sorgt f\u00fcr eine stabile Spannungs- und Stromausgabe und sch\u00fctzt empfindliche elektronische Ger\u00e4te wie Router, IP-Kameras und VoIP-Telefone vor Spannungsspitzen und Schwankungen. Der Smart Chip optimiert au\u00dferdem die Energieeffizienz und verbessert die Lade- und Entladeleistung f\u00fcr einen reibungslosen Betrieb bei Stromausf\u00e4llen.<\/p>\n<p>&nbsp;<\/p>\n<p><img decoding=\"async\" class=\"wp-image-10563 alignleft\" src=\"http:\/\/ygspower.com\/wp-content\/uploads\/2025\/01\/4.jpg\" alt=\"\" width=\"675\" height=\"405\" srcset=\"https:\/\/ygspower.com\/wp-content\/uploads\/2025\/01\/4.jpg 1000w, https:\/\/ygspower.com\/wp-content\/uploads\/2025\/01\/4-300x180.jpg 300w, https:\/\/ygspower.com\/wp-content\/uploads\/2025\/01\/4-768x461.jpg 768w, https:\/\/ygspower.com\/wp-content\/uploads\/2025\/01\/4-18x12.jpg 18w, https:\/\/ygspower.com\/wp-content\/uploads\/2025\/01\/4-600x360.jpg 600w\" sizes=\"(max-width: 675px) 100vw, 675px\" \/><\/p>\n<p><strong>Zahlreiche Zertifizierungsvorteile der MUC66 Mini-USV<\/strong><\/p>\n<p>Die MUC66 Mini-USV verf\u00fcgt \u00fcber mehrere internationale Zertifizierungen, darunter CE, ROHS, FCC, LVD, REACH und UN38.3, die ihre Sicherheit, Qualit\u00e4t und Einhaltung globaler Standards gew\u00e4hrleisten. Diese Zertifizierungen belegen, dass das Produkt strenge Vorschriften f\u00fcr elektronische Sicherheit, Umweltschutz und zuverl\u00e4ssige Leistung erf\u00fcllt. Mit der UN38.3-Zertifizierung garantiert MUC66 den sicheren Transport von Lithiumbatterien, w\u00e4hrend die CE- und FCC-Zertifizierungen best\u00e4tigen, dass es grundlegende Sicherheits- und elektromagnetische Vertr\u00e4glichkeitsanforderungen erf\u00fcllt. Die ROHS-Zertifizierung betont sein umweltfreundliches Design und stellt sicher, dass keine Schadstoffe vorhanden sind, w\u00e4hrend die REACH-Zertifizierung die Einhaltung chemischer Sicherheitsstandards belegt. Diese Zertifizierungen geben den Benutzern Sicherheit und erm\u00f6glichen es dem MUC66, die Anforderungen verschiedener M\u00e4rkte auf der ganzen Welt zu erf\u00fcllen.<\/p>\n<p>&nbsp;<\/p>\n<p><img loading=\"lazy\" decoding=\"async\" class=\"wp-image-10532 alignright\" src=\"http:\/\/ygspower.com\/wp-content\/uploads\/2025\/01\/3-2.jpg\" alt=\"\" width=\"627\" height=\"376\" srcset=\"https:\/\/ygspower.com\/wp-content\/uploads\/2025\/01\/3-2.jpg 1000w, https:\/\/ygspower.com\/wp-content\/uploads\/2025\/01\/3-2-300x180.jpg 300w, https:\/\/ygspower.com\/wp-content\/uploads\/2025\/01\/3-2-768x461.jpg 768w, https:\/\/ygspower.com\/wp-content\/uploads\/2025\/01\/3-2-18x12.jpg 18w, https:\/\/ygspower.com\/wp-content\/uploads\/2025\/01\/3-2-600x360.jpg 600w\" sizes=\"(max-width: 627px) 100vw, 627px\" \/><\/p>\n<p><strong>Anwendungsszenarien der MUC66 Mini-USV<\/strong><\/p>\n<p>Die f\u00fcr zahlreiche Anwendungen konzipierte Mini-USV MUC66 bietet eine unterbrechungsfreie Stromversorgung f\u00fcr eine Vielzahl von Ger\u00e4ten. Dank ihres PD-Eingangs\/Ausgangs vom Typ C und der Mehrspannungsunterst\u00fctzung ist sie eine ideale L\u00f6sung f\u00fcr Router, CPE, ONT, VoIP-Telefone, IP-Kameras und Sicherheitssysteme und gew\u00e4hrleistet einen reibungslosen Betrieb bei Stromausf\u00e4llen.<\/p>\n<p>In Smart Homes versorgt der MUC66 WLAN-Router mit Strom f\u00fcr unterbrechungsfreie Internetverbindungen und unterst\u00fctzt intelligente Ger\u00e4te wie biometrische Zugangssysteme. In B\u00fcros sorgt er f\u00fcr den stabilen Betrieb von VoIP-Telefonen, Hubs und Zugangskontrollsystemen und verbessert so die Arbeitseffizienz und Sicherheit.<\/p>\n<p>Durch sein leichtes und kompaktes Design ist er f\u00fcr tragbare Anwendungen geeignet, w\u00e4hrend sein intelligenter IC-Schutz eine sichere und zuverl\u00e4ssige Leistung gew\u00e4hrleistet.<\/p>","protected":false},"excerpt":{"rendered":"<p>Style name MUC66 Battery type Lithium battery Output voltage&amp;current 20V3.25A 65W Battery capacity 56.16Wh Input voltage&amp;current 5V3A\/9V3A\/12V3A\/15V3A\/20V3.25A Battery full charge time About 2-3hours by Adaptor with Type C PD 36W Working time 5-6 hours backup time for 12V1A device 3-4 hours backup time for 12V2A device Charge port(IN) Type C PD -65W Bidirectionaly Discharge port(OUT)1 [&hellip;]<\/p>","protected":false},"featured_media":10565,"template":"","meta":{"_seopress_robots_primary_cat":"none","_seopress_titles_title":"Mylion MUC66 20V 3.25A Mini UPS Type C 65W IN\/OUT Mini UPS","_seopress_titles_desc":"The solution for power outages at home and office, Type C IN\/OUT MUC66 Mini UPS. Keep your network connected, multiple output ports support multi-device output.","_seopress_robots_index":"","site-sidebar-layout":"default","site-content-layout":"","ast-site-content-layout":"default","site-content-style":"default","site-sidebar-style":"default","ast-global-header-display":"","ast-banner-title-visibility":"","ast-main-header-display":"","ast-hfb-above-header-display":"","ast-hfb-below-header-display":"","ast-hfb-mobile-header-display":"","site-post-title":"","ast-breadcrumbs-content":"","ast-featured-img":"","footer-sml-layout":"","theme-transparent-header-meta":"default","adv-header-id-meta":"","stick-header-meta":"","header-above-stick-meta":"","header-main-stick-meta":"","header-below-stick-meta":"","astra-migrate-meta-layouts":"set","ast-page-background-enabled":"default","ast-page-background-meta":{"desktop":{"background-color":"","background-image":"","background-repeat":"repeat","background-position":"center center","background-size":"auto","background-attachment":"scroll","background-type":"","background-media":"","overlay-type":"","overlay-color":"","overlay-opacity":"","overlay-gradient":""},"tablet":{"background-color":"","background-image":"","background-repeat":"repeat","background-position":"center center","background-size":"auto","background-attachment":"scroll","background-type":"","background-media":"","overlay-type":"","overlay-color":"","overlay-opacity":"","overlay-gradient":""},"mobile":{"background-color":"","background-image":"","background-repeat":"repeat","background-position":"center center","background-size":"auto","background-attachment":"scroll","background-type":"","background-media":"","overlay-type":"","overlay-color":"","overlay-opacity":"","overlay-gradient":""}},"ast-content-background-meta":{"desktop":{"background-color":"var(--ast-global-color-5)","background-image":"","background-repeat":"repeat","background-position":"center center","background-size":"auto","background-attachment":"scroll","background-type":"","background-media":"","overlay-type":"","overlay-color":"","overlay-opacity":"","overlay-gradient":""},"tablet":{"background-color":"var(--ast-global-color-5)","background-image":"","background-repeat":"repeat","background-position":"center center","background-size":"auto","background-attachment":"scroll","background-type":"","background-media":"","overlay-type":"","overlay-color":"","overlay-opacity":"","overlay-gradient":""},"mobile":{"background-color":"var(--ast-global-color-5)","background-image":"","background-repeat":"repeat","background-position":"center center","background-size":"auto","background-attachment":"scroll","background-type":"","background-media":"","overlay-type":"","overlay-color":"","overlay-opacity":"","overlay-gradient":""}}},"product_brand":[],"product_cat":[80,3],"product_tag":[],"class_list":{"0":"post-10550","1":"product","2":"type-product","3":"status-publish","4":"has-post-thumbnail","6":"product_cat-4-main-products-mini-ups-battery-backup-life-po4-battery-gel-battery-lithium-battery","7":"product_cat-mini-dc-ups","8":"desktop-align-left","9":"tablet-align-left","10":"mobile-align-left","12":"first","13":"instock","14":"shipping-taxable","15":"product-type-simple"},"_links":{"self":[{"href":"https:\/\/ygspower.com\/de\/wp-json\/wp\/v2\/product\/10550","targetHints":{"allow":["GET"]}}],"collection":[{"href":"https:\/\/ygspower.com\/de\/wp-json\/wp\/v2\/product"}],"about":[{"href":"https:\/\/ygspower.com\/de\/wp-json\/wp\/v2\/types\/product"}],"version-history":[{"count":5,"href":"https:\/\/ygspower.com\/de\/wp-json\/wp\/v2\/product\/10550\/revisions"}],"predecessor-version":[{"id":11170,"href":"https:\/\/ygspower.com\/de\/wp-json\/wp\/v2\/product\/10550\/revisions\/11170"}],"wp:featuredmedia":[{"embeddable":true,"href":"https:\/\/ygspower.com\/de\/wp-json\/wp\/v2\/media\/10565"}],"wp:attachment":[{"href":"https:\/\/ygspower.com\/de\/wp-json\/wp\/v2\/media?parent=10550"}],"wp:term":[{"taxonomy":"product_brand","embeddable":true,"href":"https:\/\/ygspower.com\/de\/wp-json\/wp\/v2\/product_brand?post=10550"},{"taxonomy":"product_cat","embeddable":true,"href":"https:\/\/ygspower.com\/de\/wp-json\/wp\/v2\/product_cat?post=10550"},{"taxonomy":"product_tag","embeddable":true,"href":"https:\/\/ygspower.com\/de\/wp-json\/wp\/v2\/product_tag?post=10550"}],"curies":[{"name":"wp","href":"https:\/\/api.w.org\/{rel}","templated":true}]}}