{"id":19,"date":"2020-10-16T07:44:25","date_gmt":"2020-10-15T23:44:25","guid":{"rendered":"http:\/\/zhangs1.sg-host.com\/?post_type=product&#038;p=19"},"modified":"2025-10-11T13:32:44","modified_gmt":"2025-10-11T05:32:44","slug":"mini-dc-ups-mu68w-12v-lithium-ion-battery-backup","status":"publish","type":"product","link":"https:\/\/ygspower.com\/de\/produkt\/mini-dc-ups-mu68w-12v-lithium-ion-battery-backup\/","title":{"rendered":"Best seller Mylin Newest MU68W 45W 12V 3A Mini UPS Lithium Battery Backup Mini UPS For WiFi Router"},"content":{"rendered":"<p><span style=\"color: #ff0000;\">F\u00f6rderung:<\/span><\/p>\n<p>-Free Shipping Mylin Newest MU68W 45W 12V 3A Mini UPS Lithium Battery Backup Mini UPS For WiFi Router<\/p>\n<p><span style=\"color: #000000;\">Kostenloser Versand f\u00fcr folgende L\u00e4nder:<\/span><br \/>\nJapan, S\u00fcdkorea, Myanmar, Malaysia, Singapur, Thailand, Vietnam, Kanada, Vereinigte Staaten, Australien, Belgien, Frankreich, Polen, Vereinigtes K\u00f6nigreich, Andorra, Russland, Italien, Deutschland, Spanien, Niederlande, Ukraine, Schweden.<\/p>\n<p>Wenn Sie aus anderen L\u00e4ndern kommen, wenden Sie sich bitte f\u00fcr ein detailliertes Angebot an den Vertriebsleiter von Mylion: sales@darksalmon-dugong-512221.hostingersite.com<\/p>\n<table style=\"height: 1091px;\" width=\"802\">\n<tbody>\n<tr>\n<td width=\"231\">Stilname<\/td>\n<td width=\"544\">MU68W<\/td>\n<\/tr>\n<tr>\n<td>Produktname<\/td>\n<td>Mini DC USV f\u00fcr ADSL-Modem, WiFi-Router, CCTV\/Sicherheitskamera<\/td>\n<\/tr>\n<tr>\n<td>Ausgangsspannung<\/td>\n<td>12V<\/td>\n<\/tr>\n<tr>\n<td>Ausgangsstrom<\/td>\n<td>2A<\/td>\n<\/tr>\n<tr>\n<td>Ausgangsleistung<\/td>\n<td>45 Wh\/12000 mAh<\/td>\n<\/tr>\n<tr>\n<td>Eingangsspannung<\/td>\n<td>Gleichstrom 12 V<\/td>\n<\/tr>\n<tr>\n<td>Eingangsstrom<\/td>\n<td>Gleichstrom 2,5 A<\/td>\n<\/tr>\n<tr>\n<td rowspan=\"2\">Arbeitszeit<\/td>\n<td>Ausgang 12 V 0,5 A (6 W): ca. 8 Stunden<\/td>\n<\/tr>\n<tr>\n<td>Ausgang 12 V 1,0 A (12 W): ca. 4 Stunden<\/td>\n<\/tr>\n<tr>\n<td>Ladeanschluss (IN) Schwarz<\/td>\n<td>DC5,5 \u00d7 2,1<\/td>\n<\/tr>\n<tr>\n<td>Auslass\u00f6ffnung (OUT) Gelb<\/td>\n<td>DC5,5 \u00d7 2,5<\/td>\n<\/tr>\n<tr>\n<td>Geh\u00e4usematerial<\/td>\n<td>FR-ABS feuerfest<\/td>\n<\/tr>\n<tr>\n<td>Geh\u00e4usefarbe<\/td>\n<td>Wei\u00df<\/td>\n<\/tr>\n<tr>\n<td>Geh\u00e4useabmessungen<\/td>\n<td>112x70x60mm<\/td>\n<\/tr>\n<tr>\n<td>Gewicht<\/td>\n<td>405 g<\/td>\n<\/tr>\n<tr>\n<td>Kostenloses \u00dcbertragungskabel<\/td>\n<td>AWG#20 50 cm L\u00e4nge, DC5,5 \u00d7 2,1 Schwarz und DC5,5 \u00d7 2,5 Gelb<\/td>\n<\/tr>\n<tr>\n<td>Lademethode<\/td>\n<td>12 V 2,5 A Adapter (Die Adapterkosten sind nicht im Preis enthalten)<\/td>\n<\/tr>\n<tr>\n<td>Batteriezellenmarke<\/td>\n<td>Zelle einer chinesischen Marke oder koreanisch-japanische Zelle<\/td>\n<\/tr>\n<tr>\n<td>UPS Zertifizierung<\/td>\n<td>CE, FCC, EMC, UL-Testbericht<\/td>\n<\/tr>\n<tr>\n<td>Batterieschutz<\/td>\n<td width=\"544\">Temperaturschutz, \u00dcberladung und Entladung, \u00dcberstrom, Kurzschluss<\/td>\n<\/tr>\n<tr>\n<td>Lebensdauer<\/td>\n<td>Standard-Lade- und Entladekapazit\u00e4t \u226580%, Zyklenlebensdauer \u2265600<\/td>\n<\/tr>\n<tr>\n<td>Anwendung<\/td>\n<td width=\"544\">WIFI, Router\/TP-Link\/IP-Kamera\/Sicherheitssystem\/T\u00fcrzugang\/Verkaufsautomat\/LED-Licht\/LED-Streifen\/ONT, CPE, OLT, ONU, ODN<\/td>\n<\/tr>\n<tr>\n<td>Paket<\/td>\n<td>18 St\u00fcck im Karton (35 x 21 x 30 cm), ca. 9,5 kg\/Karton<\/td>\n<\/tr>\n<tr>\n<td>Garantie<\/td>\n<td>12 Monate<\/td>\n<\/tr>\n<\/tbody>\n<\/table>\n<p><img fetchpriority=\"high\" decoding=\"async\" class=\"aligncenter size-full wp-image-11750\" src=\"http:\/\/ygspower.com\/wp-content\/uploads\/2020\/10\/MU68_01.jpg\" alt=\"\" width=\"1500\" height=\"709\" srcset=\"https:\/\/ygspower.com\/wp-content\/uploads\/2020\/10\/MU68_01.jpg 1500w, https:\/\/ygspower.com\/wp-content\/uploads\/2020\/10\/MU68_01-300x142.jpg 300w, https:\/\/ygspower.com\/wp-content\/uploads\/2020\/10\/MU68_01-1024x484.jpg 1024w, https:\/\/ygspower.com\/wp-content\/uploads\/2020\/10\/MU68_01-768x363.jpg 768w, https:\/\/ygspower.com\/wp-content\/uploads\/2020\/10\/MU68_01-18x9.jpg 18w, https:\/\/ygspower.com\/wp-content\/uploads\/2020\/10\/MU68_01-600x284.jpg 600w\" sizes=\"(max-width: 1500px) 100vw, 1500px\" \/> <img decoding=\"async\" class=\"aligncenter size-full wp-image-11751\" src=\"http:\/\/ygspower.com\/wp-content\/uploads\/2020\/10\/MU68_02.jpg\" alt=\"\" width=\"1500\" height=\"965\" srcset=\"https:\/\/ygspower.com\/wp-content\/uploads\/2020\/10\/MU68_02.jpg 1500w, https:\/\/ygspower.com\/wp-content\/uploads\/2020\/10\/MU68_02-300x193.jpg 300w, https:\/\/ygspower.com\/wp-content\/uploads\/2020\/10\/MU68_02-1024x659.jpg 1024w, https:\/\/ygspower.com\/wp-content\/uploads\/2020\/10\/MU68_02-768x494.jpg 768w, https:\/\/ygspower.com\/wp-content\/uploads\/2020\/10\/MU68_02-18x12.jpg 18w, https:\/\/ygspower.com\/wp-content\/uploads\/2020\/10\/MU68_02-600x386.jpg 600w\" sizes=\"(max-width: 1500px) 100vw, 1500px\" \/> <img decoding=\"async\" class=\"aligncenter size-full wp-image-11752\" src=\"http:\/\/ygspower.com\/wp-content\/uploads\/2020\/10\/MU68_03.jpg\" alt=\"\" width=\"1500\" height=\"1826\" srcset=\"https:\/\/ygspower.com\/wp-content\/uploads\/2020\/10\/MU68_03.jpg 1500w, https:\/\/ygspower.com\/wp-content\/uploads\/2020\/10\/MU68_03-246x300.jpg 246w, https:\/\/ygspower.com\/wp-content\/uploads\/2020\/10\/MU68_03-841x1024.jpg 841w, https:\/\/ygspower.com\/wp-content\/uploads\/2020\/10\/MU68_03-768x935.jpg 768w, https:\/\/ygspower.com\/wp-content\/uploads\/2020\/10\/MU68_03-1262x1536.jpg 1262w, https:\/\/ygspower.com\/wp-content\/uploads\/2020\/10\/MU68_03-10x12.jpg 10w, https:\/\/ygspower.com\/wp-content\/uploads\/2020\/10\/MU68_03-600x730.jpg 600w\" sizes=\"(max-width: 1500px) 100vw, 1500px\" \/> <img loading=\"lazy\" decoding=\"async\" class=\"aligncenter size-full wp-image-11753\" src=\"http:\/\/ygspower.com\/wp-content\/uploads\/2020\/10\/MU68_04.jpg\" alt=\"\" width=\"1500\" height=\"1536\" srcset=\"https:\/\/ygspower.com\/wp-content\/uploads\/2020\/10\/MU68_04.jpg 1500w, https:\/\/ygspower.com\/wp-content\/uploads\/2020\/10\/MU68_04-293x300.jpg 293w, https:\/\/ygspower.com\/wp-content\/uploads\/2020\/10\/MU68_04-1000x1024.jpg 1000w, https:\/\/ygspower.com\/wp-content\/uploads\/2020\/10\/MU68_04-768x786.jpg 768w, https:\/\/ygspower.com\/wp-content\/uploads\/2020\/10\/MU68_04-12x12.jpg 12w, https:\/\/ygspower.com\/wp-content\/uploads\/2020\/10\/MU68_04-600x614.jpg 600w\" sizes=\"(max-width: 1500px) 100vw, 1500px\" \/> <img loading=\"lazy\" decoding=\"async\" class=\"aligncenter size-full wp-image-11754\" src=\"http:\/\/ygspower.com\/wp-content\/uploads\/2020\/10\/MU68_05.jpg\" alt=\"\" width=\"1500\" height=\"1557\" srcset=\"https:\/\/ygspower.com\/wp-content\/uploads\/2020\/10\/MU68_05.jpg 1500w, https:\/\/ygspower.com\/wp-content\/uploads\/2020\/10\/MU68_05-289x300.jpg 289w, https:\/\/ygspower.com\/wp-content\/uploads\/2020\/10\/MU68_05-987x1024.jpg 987w, https:\/\/ygspower.com\/wp-content\/uploads\/2020\/10\/MU68_05-768x797.jpg 768w, https:\/\/ygspower.com\/wp-content\/uploads\/2020\/10\/MU68_05-1480x1536.jpg 1480w, https:\/\/ygspower.com\/wp-content\/uploads\/2020\/10\/MU68_05-12x12.jpg 12w, https:\/\/ygspower.com\/wp-content\/uploads\/2020\/10\/MU68_05-600x623.jpg 600w\" sizes=\"(max-width: 1500px) 100vw, 1500px\" \/> <img loading=\"lazy\" decoding=\"async\" class=\"aligncenter size-full wp-image-11755\" src=\"http:\/\/ygspower.com\/wp-content\/uploads\/2020\/10\/MU68_06.jpg\" alt=\"\" width=\"1500\" height=\"1597\" srcset=\"https:\/\/ygspower.com\/wp-content\/uploads\/2020\/10\/MU68_06.jpg 1500w, https:\/\/ygspower.com\/wp-content\/uploads\/2020\/10\/MU68_06-282x300.jpg 282w, https:\/\/ygspower.com\/wp-content\/uploads\/2020\/10\/MU68_06-962x1024.jpg 962w, https:\/\/ygspower.com\/wp-content\/uploads\/2020\/10\/MU68_06-768x818.jpg 768w, https:\/\/ygspower.com\/wp-content\/uploads\/2020\/10\/MU68_06-1443x1536.jpg 1443w, https:\/\/ygspower.com\/wp-content\/uploads\/2020\/10\/MU68_06-11x12.jpg 11w, https:\/\/ygspower.com\/wp-content\/uploads\/2020\/10\/MU68_06-600x639.jpg 600w\" sizes=\"(max-width: 1500px) 100vw, 1500px\" \/> <img loading=\"lazy\" decoding=\"async\" class=\"aligncenter size-full wp-image-11756\" src=\"http:\/\/ygspower.com\/wp-content\/uploads\/2020\/10\/MU68_07.jpg\" alt=\"\" width=\"1500\" height=\"1366\" srcset=\"https:\/\/ygspower.com\/wp-content\/uploads\/2020\/10\/MU68_07.jpg 1500w, https:\/\/ygspower.com\/wp-content\/uploads\/2020\/10\/MU68_07-300x273.jpg 300w, https:\/\/ygspower.com\/wp-content\/uploads\/2020\/10\/MU68_07-1024x933.jpg 1024w, https:\/\/ygspower.com\/wp-content\/uploads\/2020\/10\/MU68_07-768x699.jpg 768w, https:\/\/ygspower.com\/wp-content\/uploads\/2020\/10\/MU68_07-13x12.jpg 13w, https:\/\/ygspower.com\/wp-content\/uploads\/2020\/10\/MU68_07-600x546.jpg 600w\" sizes=\"(max-width: 1500px) 100vw, 1500px\" \/> <img loading=\"lazy\" decoding=\"async\" class=\"aligncenter size-full wp-image-11757\" src=\"http:\/\/ygspower.com\/wp-content\/uploads\/2020\/10\/MU68_08.jpg\" alt=\"\" width=\"1500\" height=\"1916\" srcset=\"https:\/\/ygspower.com\/wp-content\/uploads\/2020\/10\/MU68_08.jpg 1500w, https:\/\/ygspower.com\/wp-content\/uploads\/2020\/10\/MU68_08-235x300.jpg 235w, https:\/\/ygspower.com\/wp-content\/uploads\/2020\/10\/MU68_08-802x1024.jpg 802w, https:\/\/ygspower.com\/wp-content\/uploads\/2020\/10\/MU68_08-768x981.jpg 768w, https:\/\/ygspower.com\/wp-content\/uploads\/2020\/10\/MU68_08-1203x1536.jpg 1203w, https:\/\/ygspower.com\/wp-content\/uploads\/2020\/10\/MU68_08-9x12.jpg 9w, https:\/\/ygspower.com\/wp-content\/uploads\/2020\/10\/MU68_08-600x766.jpg 600w\" sizes=\"(max-width: 1500px) 100vw, 1500px\" \/> <img loading=\"lazy\" decoding=\"async\" class=\"aligncenter size-full wp-image-11758\" src=\"http:\/\/ygspower.com\/wp-content\/uploads\/2020\/10\/MU68_09.jpg\" alt=\"\" width=\"1500\" height=\"2498\" srcset=\"https:\/\/ygspower.com\/wp-content\/uploads\/2020\/10\/MU68_09.jpg 1500w, https:\/\/ygspower.com\/wp-content\/uploads\/2020\/10\/MU68_09-180x300.jpg 180w, https:\/\/ygspower.com\/wp-content\/uploads\/2020\/10\/MU68_09-615x1024.jpg 615w, https:\/\/ygspower.com\/wp-content\/uploads\/2020\/10\/MU68_09-768x1279.jpg 768w, https:\/\/ygspower.com\/wp-content\/uploads\/2020\/10\/MU68_09-922x1536.jpg 922w, https:\/\/ygspower.com\/wp-content\/uploads\/2020\/10\/MU68_09-1230x2048.jpg 1230w, https:\/\/ygspower.com\/wp-content\/uploads\/2020\/10\/MU68_09-7x12.jpg 7w, https:\/\/ygspower.com\/wp-content\/uploads\/2020\/10\/MU68_09-600x999.jpg 600w\" sizes=\"(max-width: 1500px) 100vw, 1500px\" \/> <img loading=\"lazy\" decoding=\"async\" class=\"aligncenter size-full wp-image-11759\" src=\"http:\/\/ygspower.com\/wp-content\/uploads\/2020\/10\/MU68_10-scaled.jpg\" alt=\"\" width=\"1326\" height=\"2560\" srcset=\"https:\/\/ygspower.com\/wp-content\/uploads\/2020\/10\/MU68_10-scaled.jpg 1326w, https:\/\/ygspower.com\/wp-content\/uploads\/2020\/10\/MU68_10-155x300.jpg 155w, https:\/\/ygspower.com\/wp-content\/uploads\/2020\/10\/MU68_10-530x1024.jpg 530w, https:\/\/ygspower.com\/wp-content\/uploads\/2020\/10\/MU68_10-768x1483.jpg 768w, https:\/\/ygspower.com\/wp-content\/uploads\/2020\/10\/MU68_10-796x1536.jpg 796w, https:\/\/ygspower.com\/wp-content\/uploads\/2020\/10\/MU68_10-1061x2048.jpg 1061w, https:\/\/ygspower.com\/wp-content\/uploads\/2020\/10\/MU68_10-6x12.jpg 6w, https:\/\/ygspower.com\/wp-content\/uploads\/2020\/10\/MU68_10-600x1158.jpg 600w\" sizes=\"(max-width: 1326px) 100vw, 1326px\" \/><\/p>\n<p>&nbsp;<\/p>\n<p align=\"left\" data-spm-anchor-id=\"a2700.wholesale.0.i27.aa498e710SqqCh\"><strong><span data-spm-anchor-id=\"a2700.wholesale.0.i28.aa498e710SqqCh\">H\u00e4ufig gestellte Fragen.<\/span><\/strong><\/p>\n<p align=\"left\"><strong>Sind Sie Hersteller?<\/strong><\/p>\n<p align=\"left\">Ja, Mylion ist ein Hersteller.<\/p>\n<p align=\"left\"><strong>Kann ich eine Musterbestellung erhalten?<\/strong><\/p>\n<p align=\"left\">Ja, wir freuen uns \u00fcber Musterbestellungen zum Testen und \u00dcberpr\u00fcfen der Qualit\u00e4t.<\/p>\n<p align=\"left\"><strong>Wie sieht es mit der Vorlaufzeit aus?<\/strong><\/p>\n<p align=\"left\">1. Probe ben\u00f6tigt 3-5 Tage<\/p>\n<p align=\"left\">2. Offizielle Bestellung, Massenproduktionszeit ben\u00f6tigt 2-4 Wochen<\/p>\n<p align=\"left\"><strong>Haben Sie ein MOQ-Limit?<\/strong><\/p>\n<p align=\"left\">1. F\u00fcr den Einzelhandel haben wir keine Mindestbestellmenge. Eine Bestellung kann 1 St\u00fcck umfassen.<\/p>\n<p align=\"left\">2. F\u00fcr den Gro\u00dfhandel haben wir eine Mindestbestellmenge f\u00fcr bessere Preise, normalerweise 100 St\u00fcck.<\/p>\n<p align=\"left\"><strong>Wie erfolgt der Versand der Ware und wie lange dauert es, bis diese bei Ihnen eintrifft?<\/strong><\/p>\n<p align=\"left\">1. Bei kleinen Mengen versenden wir oft per Express. Die Lieferzeit in verschiedene L\u00e4nder betr\u00e4gt ca. 3\u201310 Tage.<\/p>\n<p align=\"left\">2. F\u00fcr offizielle Bestellungen empfehlen wir, den Versand \u00fcber den Seeweg zu w\u00e4hlen, um Kosten zu sparen. In die USA betr\u00e4gt die Lieferzeit ca. 20\u201325 Tage, nach Europa ca. 25\u201330 Tage.<\/p>\n<p align=\"left\"><strong>Wie gehe ich bei einer Bestellung vor?<\/strong><\/p>\n<p align=\"left\">1. Teilen Sie uns Ihre Anforderungen oder Anwendung mit.<\/p>\n<p align=\"left\">2. Wir erstellen ein Angebot entsprechend Ihren Anforderungen oder unseren Vorschl\u00e4gen.<\/p>\n<p align=\"left\">3. Der Kunde best\u00e4tigt die Muster und leistet eine Anzahlung f\u00fcr die formelle Bestellung.<\/p>\n<p align=\"left\">4. Wir organisieren die Produktion.<\/p>\n<p align=\"left\"><strong>Darf ich mein Logo auf das Produkt drucken?<\/strong><\/p>\n<p align=\"left\">1.\u00a0\u00a0\u00a0\u00a0\u00a0\u00a0<span data-spm-anchor-id=\"a2700.wholesale.0.i29.aa498e710SqqCh\">F\u00fcr Kleinmengenbestellungen oder Einzelhandel<\/span>, kein ma\u00dfgeschneiderter Service.<\/p>\n<p align=\"left\">2. F\u00fcr den Gro\u00dfhandel ist ein individueller Service willkommen. Bitte senden Sie uns Ihr Kunstwerk.<\/p>\n<p align=\"left\"><strong>Welche Zertifikate besitzen Sie?<\/strong><\/p>\n<p align=\"left\">Wir verf\u00fcgen \u00fcber CE\/FCC\/ROHS\/UN38.3\/MSDS \u2026 usw. Wir versprechen unseren Kunden gute Qualit\u00e4t.<\/p>\n<p align=\"left\"><strong>Wie steht es mit der Garantie?<\/strong><\/p>\n<p>1 Jahr Garantie<\/p>\n<p>Bei Fragen wenden Sie sich bitte an das Mylionsales-Team.<\/p>\n<p>Skype: appleasia. WhatsApp: +86 15601782817<\/p>\n<p>Sie k\u00f6nnen unsere Antwort innerhalb von 8 Stunden erhalten.<\/p>","protected":false},"excerpt":{"rendered":"<ul>\n<li>Typ: MU68W 12V 2A 45Wh<\/li>\n<li>Produktname: Mylion Mini DC USV 12 V Lithium-Batterie-Backup-Stromversorgung<\/li>\n<li>Anwendung: Router, ONT, CPE, OLT, ONU, ODN, Telekommunikation, WLAN, Internet usw.<\/li>\n<li>Eigenschaften: Feuerfestes Geh\u00e4use, Temperaturschutz, cooles Design, klein, sicher, smart.<\/li>\n<li>Batterietyp: Lithium-Ionen-Akku<\/li>\n<li>Backup-Zeit: \u00fcber 9 Stunden f\u00fcr 12v0.5a Router<\/li>\n<li>Funktion: versorgt elektronische Ger\u00e4te automatisch mit Strom, wenn der Wechselstrom ausf\u00e4llt<\/li>\n<li>Zertifizierung: CE, FCC, UL-Test<\/li>\n<\/ul>","protected":false},"featured_media":11741,"template":"","meta":{"_seopress_robots_primary_cat":"none","_seopress_titles_title":"Mylin Mini DC UPS MU68W 12V Lithium ion Battery Backup","_seopress_titles_desc":"#Mylin Mini DC UPS MU68W 12V #Lithium ion #Battery Backup","_seopress_robots_index":"","site-sidebar-layout":"default","site-content-layout":"default","ast-site-content-layout":"default","site-content-style":"default","site-sidebar-style":"default","ast-global-header-display":"","ast-banner-title-visibility":"","ast-main-header-display":"","ast-hfb-above-header-display":"","ast-hfb-below-header-display":"","ast-hfb-mobile-header-display":"","site-post-title":"","ast-breadcrumbs-content":"","ast-featured-img":"","footer-sml-layout":"","theme-transparent-header-meta":"default","adv-header-id-meta":"","stick-header-meta":"","header-above-stick-meta":"","header-main-stick-meta":"","header-below-stick-meta":"","astra-migrate-meta-layouts":"set","ast-page-background-enabled":"default","ast-page-background-meta":{"desktop":{"background-color":"","background-image":"","background-repeat":"repeat","background-position":"center center","background-size":"auto","background-attachment":"scroll","background-type":"","background-media":"","overlay-type":"","overlay-color":"","overlay-opacity":"","overlay-gradient":""},"tablet":{"background-color":"","background-image":"","background-repeat":"repeat","background-position":"center center","background-size":"auto","background-attachment":"scroll","background-type":"","background-media":"","overlay-type":"","overlay-color":"","overlay-opacity":"","overlay-gradient":""},"mobile":{"background-color":"","background-image":"","background-repeat":"repeat","background-position":"center center","background-size":"auto","background-attachment":"scroll","background-type":"","background-media":"","overlay-type":"","overlay-color":"","overlay-opacity":"","overlay-gradient":""}},"ast-content-background-meta":{"desktop":{"background-color":"var(--ast-global-color-5)","background-image":"","background-repeat":"repeat","background-position":"center center","background-size":"auto","background-attachment":"scroll","background-type":"","background-media":"","overlay-type":"","overlay-color":"","overlay-opacity":"","overlay-gradient":""},"tablet":{"background-color":"var(--ast-global-color-5)","background-image":"","background-repeat":"repeat","background-position":"center center","background-size":"auto","background-attachment":"scroll","background-type":"","background-media":"","overlay-type":"","overlay-color":"","overlay-opacity":"","overlay-gradient":""},"mobile":{"background-color":"var(--ast-global-color-5)","background-image":"","background-repeat":"repeat","background-position":"center center","background-size":"auto","background-attachment":"scroll","background-type":"","background-media":"","overlay-type":"","overlay-color":"","overlay-opacity":"","overlay-gradient":""}}},"product_brand":[],"product_cat":[80,3,21],"product_tag":[54,56,70,55,173,52,51,74,183,53],"class_list":{"0":"post-19","1":"product","2":"type-product","3":"status-publish","4":"has-post-thumbnail","6":"product_cat-4-main-products-mini-ups-battery-backup-life-po4-battery-gel-battery-lithium-battery","7":"product_cat-mini-dc-ups","8":"product_cat-promotion-wholesales-factory-price","9":"product_tag-12v-dc-ups","10":"product_tag-12v-lithium-battery","11":"product_tag-12v-mini-ups","12":"product_tag-battery-backup","13":"product_tag-blackfriday","14":"product_tag-dc-ups","15":"product_tag-mini-ups","16":"product_tag-mylion","17":"product_tag-mylion-mini-ups","18":"product_tag-router-ups","19":"product_shipping_class-bulk","20":"desktop-align-left","21":"tablet-align-left","22":"mobile-align-left","24":"first","25":"instock","26":"shipping-taxable","27":"product-type-simple"},"_links":{"self":[{"href":"https:\/\/ygspower.com\/de\/wp-json\/wp\/v2\/product\/19","targetHints":{"allow":["GET"]}}],"collection":[{"href":"https:\/\/ygspower.com\/de\/wp-json\/wp\/v2\/product"}],"about":[{"href":"https:\/\/ygspower.com\/de\/wp-json\/wp\/v2\/types\/product"}],"version-history":[{"count":7,"href":"https:\/\/ygspower.com\/de\/wp-json\/wp\/v2\/product\/19\/revisions"}],"predecessor-version":[{"id":11760,"href":"https:\/\/ygspower.com\/de\/wp-json\/wp\/v2\/product\/19\/revisions\/11760"}],"wp:featuredmedia":[{"embeddable":true,"href":"https:\/\/ygspower.com\/de\/wp-json\/wp\/v2\/media\/11741"}],"wp:attachment":[{"href":"https:\/\/ygspower.com\/de\/wp-json\/wp\/v2\/media?parent=19"}],"wp:term":[{"taxonomy":"product_brand","embeddable":true,"href":"https:\/\/ygspower.com\/de\/wp-json\/wp\/v2\/product_brand?post=19"},{"taxonomy":"product_cat","embeddable":true,"href":"https:\/\/ygspower.com\/de\/wp-json\/wp\/v2\/product_cat?post=19"},{"taxonomy":"product_tag","embeddable":true,"href":"https:\/\/ygspower.com\/de\/wp-json\/wp\/v2\/product_tag?post=19"}],"curies":[{"name":"wp","href":"https:\/\/api.w.org\/{rel}","templated":true}]}}