{"id":2042,"date":"2021-03-15T08:30:00","date_gmt":"2021-03-15T00:30:00","guid":{"rendered":"https:\/\/darksalmon-dugong-512221.hostingersite.com\/?post_type=product&#038;p=2042"},"modified":"2022-05-19T09:41:23","modified_gmt":"2022-05-19T01:41:23","slug":"lithium-polymer-battery-3-7v-250mah","status":"publish","type":"product","link":"https:\/\/ygspower.com\/de\/produkt\/lithium-polymer-battery-3-7v-250mah\/","title":{"rendered":"Lithium-Polymer-Akku 3,7 V, 250 mAh"},"content":{"rendered":"<p style=\"text-align: center;\"><strong>Mylion Lithium-Polymer-Akku 3,7 V, 250 mAh<\/strong><\/p>\n<p style=\"text-align: center;\">Hochleistungs-Lithium-Ionen-Akku mit kleiner Gr\u00f6\u00dfe, der h\u00e4ufig in der Unterhaltungselektronik verwendet wird.<\/p>\n<p><img fetchpriority=\"high\" decoding=\"async\" class=\"aligncenter size-full wp-image-2052\" src=\"http:\/\/ygspower.com\/wp-content\/uploads\/2021\/03\/3.7v250MAH-lipo-battery-spec.png\" alt=\"\" width=\"609\" height=\"383\" srcset=\"https:\/\/ygspower.com\/wp-content\/uploads\/2021\/03\/3.7v250MAH-lipo-battery-spec.png 609w, https:\/\/ygspower.com\/wp-content\/uploads\/2021\/03\/3.7v250MAH-lipo-battery-spec-600x377.png 600w, https:\/\/ygspower.com\/wp-content\/uploads\/2021\/03\/3.7v250MAH-lipo-battery-spec-300x189.png 300w\" sizes=\"(max-width: 609px) 100vw, 609px\" \/><\/p>\n<p><img decoding=\"async\" class=\"aligncenter size-full wp-image-2044\" src=\"http:\/\/ygspower.com\/wp-content\/uploads\/2021\/03\/battery-3.7v-250mah-1.jpg\" alt=\"\" width=\"750\" height=\"329\" srcset=\"https:\/\/ygspower.com\/wp-content\/uploads\/2021\/03\/battery-3.7v-250mah-1.jpg 750w, https:\/\/ygspower.com\/wp-content\/uploads\/2021\/03\/battery-3.7v-250mah-1-600x263.jpg 600w, https:\/\/ygspower.com\/wp-content\/uploads\/2021\/03\/battery-3.7v-250mah-1-300x132.jpg 300w\" sizes=\"(max-width: 750px) 100vw, 750px\" \/> <img decoding=\"async\" class=\"aligncenter size-full wp-image-2045\" src=\"http:\/\/ygspower.com\/wp-content\/uploads\/2021\/03\/battery-3.7v-250mah-2.jpg\" alt=\"\" width=\"750\" height=\"933\" srcset=\"https:\/\/ygspower.com\/wp-content\/uploads\/2021\/03\/battery-3.7v-250mah-2.jpg 750w, https:\/\/ygspower.com\/wp-content\/uploads\/2021\/03\/battery-3.7v-250mah-2-600x746.jpg 600w, https:\/\/ygspower.com\/wp-content\/uploads\/2021\/03\/battery-3.7v-250mah-2-241x300.jpg 241w\" sizes=\"(max-width: 750px) 100vw, 750px\" \/> <img loading=\"lazy\" decoding=\"async\" class=\"aligncenter size-full wp-image-2046\" src=\"http:\/\/ygspower.com\/wp-content\/uploads\/2021\/03\/battery-3.7v-250mah-3.jpg\" alt=\"\" width=\"750\" height=\"1233\" srcset=\"https:\/\/ygspower.com\/wp-content\/uploads\/2021\/03\/battery-3.7v-250mah-3.jpg 750w, https:\/\/ygspower.com\/wp-content\/uploads\/2021\/03\/battery-3.7v-250mah-3-600x986.jpg 600w, https:\/\/ygspower.com\/wp-content\/uploads\/2021\/03\/battery-3.7v-250mah-3-182x300.jpg 182w, https:\/\/ygspower.com\/wp-content\/uploads\/2021\/03\/battery-3.7v-250mah-3-623x1024.jpg 623w\" sizes=\"(max-width: 750px) 100vw, 750px\" \/> <img loading=\"lazy\" decoding=\"async\" class=\"aligncenter size-full wp-image-2047\" src=\"http:\/\/ygspower.com\/wp-content\/uploads\/2021\/03\/battery-3.7v-250mah-4.jpg\" alt=\"\" width=\"750\" height=\"1424\" srcset=\"https:\/\/ygspower.com\/wp-content\/uploads\/2021\/03\/battery-3.7v-250mah-4.jpg 750w, https:\/\/ygspower.com\/wp-content\/uploads\/2021\/03\/battery-3.7v-250mah-4-600x1139.jpg 600w, https:\/\/ygspower.com\/wp-content\/uploads\/2021\/03\/battery-3.7v-250mah-4-158x300.jpg 158w, https:\/\/ygspower.com\/wp-content\/uploads\/2021\/03\/battery-3.7v-250mah-4-539x1024.jpg 539w\" sizes=\"(max-width: 750px) 100vw, 750px\" \/> <img loading=\"lazy\" decoding=\"async\" class=\"aligncenter size-full wp-image-2048\" src=\"http:\/\/ygspower.com\/wp-content\/uploads\/2021\/03\/battery-3.7v-250mah-5.jpg\" alt=\"\" width=\"750\" height=\"2413\" srcset=\"https:\/\/ygspower.com\/wp-content\/uploads\/2021\/03\/battery-3.7v-250mah-5.jpg 750w, https:\/\/ygspower.com\/wp-content\/uploads\/2021\/03\/battery-3.7v-250mah-5-600x1930.jpg 600w, https:\/\/ygspower.com\/wp-content\/uploads\/2021\/03\/battery-3.7v-250mah-5-93x300.jpg 93w, https:\/\/ygspower.com\/wp-content\/uploads\/2021\/03\/battery-3.7v-250mah-5-318x1024.jpg 318w, https:\/\/ygspower.com\/wp-content\/uploads\/2021\/03\/battery-3.7v-250mah-5-477x1536.jpg 477w, https:\/\/ygspower.com\/wp-content\/uploads\/2021\/03\/battery-3.7v-250mah-5-637x2048.jpg 637w\" sizes=\"(max-width: 750px) 100vw, 750px\" \/> <img loading=\"lazy\" decoding=\"async\" class=\"aligncenter size-full wp-image-2049\" src=\"http:\/\/ygspower.com\/wp-content\/uploads\/2021\/03\/battery-3.7v-250mah-6.jpg\" alt=\"\" width=\"750\" height=\"2043\" srcset=\"https:\/\/ygspower.com\/wp-content\/uploads\/2021\/03\/battery-3.7v-250mah-6.jpg 750w, https:\/\/ygspower.com\/wp-content\/uploads\/2021\/03\/battery-3.7v-250mah-6-600x1634.jpg 600w, https:\/\/ygspower.com\/wp-content\/uploads\/2021\/03\/battery-3.7v-250mah-6-110x300.jpg 110w, https:\/\/ygspower.com\/wp-content\/uploads\/2021\/03\/battery-3.7v-250mah-6-376x1024.jpg 376w, https:\/\/ygspower.com\/wp-content\/uploads\/2021\/03\/battery-3.7v-250mah-6-564x1536.jpg 564w\" sizes=\"(max-width: 750px) 100vw, 750px\" \/> <img loading=\"lazy\" decoding=\"async\" class=\"aligncenter size-full wp-image-2050\" src=\"http:\/\/ygspower.com\/wp-content\/uploads\/2021\/03\/battery-3.7v-250mah-7.jpg\" alt=\"\" width=\"750\" height=\"1818\" srcset=\"https:\/\/ygspower.com\/wp-content\/uploads\/2021\/03\/battery-3.7v-250mah-7.jpg 750w, https:\/\/ygspower.com\/wp-content\/uploads\/2021\/03\/battery-3.7v-250mah-7-600x1454.jpg 600w, https:\/\/ygspower.com\/wp-content\/uploads\/2021\/03\/battery-3.7v-250mah-7-124x300.jpg 124w, https:\/\/ygspower.com\/wp-content\/uploads\/2021\/03\/battery-3.7v-250mah-7-422x1024.jpg 422w, https:\/\/ygspower.com\/wp-content\/uploads\/2021\/03\/battery-3.7v-250mah-7-634x1536.jpg 634w\" sizes=\"(max-width: 750px) 100vw, 750px\" \/> <img loading=\"lazy\" decoding=\"async\" class=\"aligncenter size-full wp-image-2051\" src=\"http:\/\/ygspower.com\/wp-content\/uploads\/2021\/03\/battery-3.7v-250mah-8.jpg\" alt=\"\" width=\"750\" height=\"906\" srcset=\"https:\/\/ygspower.com\/wp-content\/uploads\/2021\/03\/battery-3.7v-250mah-8.jpg 750w, https:\/\/ygspower.com\/wp-content\/uploads\/2021\/03\/battery-3.7v-250mah-8-600x725.jpg 600w, https:\/\/ygspower.com\/wp-content\/uploads\/2021\/03\/battery-3.7v-250mah-8-248x300.jpg 248w\" sizes=\"(max-width: 750px) 100vw, 750px\" \/><\/p>","protected":false},"excerpt":{"rendered":"<ul>\n<li>Batteriespannung: 3,7 V\/3,6 V<\/li>\n<li>Batteriekapazit\u00e4t: 250mAh<\/li>\n<li>Batterietyp: Lithium-Polymer-Akkupack<\/li>\n<li>Einzelzelle: 502030<\/li>\n<li>Connector ist ausgew\u00e4hlt<\/li>\n<li>Akkupack kann individuell angepasst werden<\/li>\n<li>Schutz: \u00dcberladung\/Entladung, \u00dcberstrom, Kurzschluss<\/li>\n<\/ul>","protected":false},"featured_media":2060,"template":"","meta":{"_seopress_robots_primary_cat":"none","_seopress_titles_title":"Lithium Polymer Battery 3.7V 250mAh","_seopress_titles_desc":"Lithium Polymer Battery 3.7V 250mAh","_seopress_robots_index":"","site-sidebar-layout":"default","site-content-layout":"default","ast-site-content-layout":"default","site-content-style":"default","site-sidebar-style":"default","ast-global-header-display":"","ast-banner-title-visibility":"","ast-main-header-display":"","ast-hfb-above-header-display":"","ast-hfb-below-header-display":"","ast-hfb-mobile-header-display":"","site-post-title":"","ast-breadcrumbs-content":"","ast-featured-img":"","footer-sml-layout":"","theme-transparent-header-meta":"default","adv-header-id-meta":"","stick-header-meta":"","header-above-stick-meta":"","header-main-stick-meta":"","header-below-stick-meta":"","astra-migrate-meta-layouts":"default","ast-page-background-enabled":"default","ast-page-background-meta":{"desktop":{"background-color":"","background-image":"","background-repeat":"repeat","background-position":"center center","background-size":"auto","background-attachment":"scroll","background-type":"","background-media":"","overlay-type":"","overlay-color":"","overlay-opacity":"","overlay-gradient":""},"tablet":{"background-color":"","background-image":"","background-repeat":"repeat","background-position":"center center","background-size":"auto","background-attachment":"scroll","background-type":"","background-media":"","overlay-type":"","overlay-color":"","overlay-opacity":"","overlay-gradient":""},"mobile":{"background-color":"","background-image":"","background-repeat":"repeat","background-position":"center center","background-size":"auto","background-attachment":"scroll","background-type":"","background-media":"","overlay-type":"","overlay-color":"","overlay-opacity":"","overlay-gradient":""}},"ast-content-background-meta":{"desktop":{"background-color":"var(--ast-global-color-5)","background-image":"","background-repeat":"repeat","background-position":"center center","background-size":"auto","background-attachment":"scroll","background-type":"","background-media":"","overlay-type":"","overlay-color":"","overlay-opacity":"","overlay-gradient":""},"tablet":{"background-color":"var(--ast-global-color-5)","background-image":"","background-repeat":"repeat","background-position":"center center","background-size":"auto","background-attachment":"scroll","background-type":"","background-media":"","overlay-type":"","overlay-color":"","overlay-opacity":"","overlay-gradient":""},"mobile":{"background-color":"var(--ast-global-color-5)","background-image":"","background-repeat":"repeat","background-position":"center center","background-size":"auto","background-attachment":"scroll","background-type":"","background-media":"","overlay-type":"","overlay-color":"","overlay-opacity":"","overlay-gradient":""}}},"product_brand":[],"product_cat":[30,24],"product_tag":[],"class_list":{"0":"post-2042","1":"product","2":"type-product","3":"status-publish","4":"has-post-thumbnail","6":"product_cat-lithium-plymer-battery","7":"product_cat-other-products","8":"desktop-align-left","9":"tablet-align-left","10":"mobile-align-left","12":"first","13":"instock","14":"shipping-taxable","15":"product-type-simple"},"_links":{"self":[{"href":"https:\/\/ygspower.com\/de\/wp-json\/wp\/v2\/product\/2042","targetHints":{"allow":["GET"]}}],"collection":[{"href":"https:\/\/ygspower.com\/de\/wp-json\/wp\/v2\/product"}],"about":[{"href":"https:\/\/ygspower.com\/de\/wp-json\/wp\/v2\/types\/product"}],"version-history":[{"count":0,"href":"https:\/\/ygspower.com\/de\/wp-json\/wp\/v2\/product\/2042\/revisions"}],"wp:featuredmedia":[{"embeddable":true,"href":"https:\/\/ygspower.com\/de\/wp-json\/wp\/v2\/media\/2060"}],"wp:attachment":[{"href":"https:\/\/ygspower.com\/de\/wp-json\/wp\/v2\/media?parent=2042"}],"wp:term":[{"taxonomy":"product_brand","embeddable":true,"href":"https:\/\/ygspower.com\/de\/wp-json\/wp\/v2\/product_brand?post=2042"},{"taxonomy":"product_cat","embeddable":true,"href":"https:\/\/ygspower.com\/de\/wp-json\/wp\/v2\/product_cat?post=2042"},{"taxonomy":"product_tag","embeddable":true,"href":"https:\/\/ygspower.com\/de\/wp-json\/wp\/v2\/product_tag?post=2042"}],"curies":[{"name":"wp","href":"https:\/\/api.w.org\/{rel}","templated":true}]}}