{"id":215,"date":"2020-10-26T08:21:53","date_gmt":"2020-10-26T00:21:53","guid":{"rendered":"http:\/\/zhangs1.sg-host.com\/?post_type=product&#038;p=215"},"modified":"2022-10-25T16:45:58","modified_gmt":"2022-10-25T08:45:58","slug":"mini-ups-battery-backup-mu26","status":"publish","type":"product","link":"https:\/\/ygspower.com\/de\/produkt\/mini-ups-battery-backup-mu26\/","title":{"rendered":"Promo Sale und Kostenloser Versand Mylion Mini UPS 12V MU26 5200mAh F\u00fcr Router"},"content":{"rendered":"<div class=\"ast-oembed-container\" style=\"height: 100%;\"><iframe title=\"Mylion Anti-Brand-Smart-Safe-Fashion-Mini-DC-USV 12 V 2 A 3 A Ausgang, lassen Sie Ihre Elektronik nie stillstehen\" width=\"500\" height=\"281\" src=\"https:\/\/www.youtube.com\/embed\/oj755cYmdXI?feature=oembed\" frameborder=\"0\" allow=\"accelerometer; autoplay; clipboard-write; encrypted-media; gyroscope; picture-in-picture; web-share\" referrerpolicy=\"strict-origin-when-cross-origin\" allowfullscreen><\/iframe><\/div>\n<table width=\"781\">\n<tbody>\n<tr>\n<td colspan=\"2\" width=\"781\">Alle der folgenden Informationen sind korrekt und ECHT.<\/td>\n<\/tr>\n<tr>\n<td>Stilname<\/td>\n<td>MU26W<\/td>\n<\/tr>\n<tr>\n<td>Produktname<\/td>\n<td>Mini DC USV f\u00fcr ADSL-Modem, WiFi-Router, CCTV\/Sicherheitskamera<\/td>\n<\/tr>\n<tr>\n<td>Ausgangsspannung<\/td>\n<td>12V<\/td>\n<\/tr>\n<tr>\n<td>Ausgangsstrom<\/td>\n<td>2A Max<\/td>\n<\/tr>\n<tr>\n<td>Ausgangsleistung<\/td>\n<td>19,24 Wh\/5200 mAh<\/td>\n<\/tr>\n<tr>\n<td>Eingangsspannung<\/td>\n<td>Gleichstrom 12 V<\/td>\n<\/tr>\n<tr>\n<td>Eingangsstrom<\/td>\n<td>Gleichstrom 2,5 A<\/td>\n<\/tr>\n<tr>\n<td rowspan=\"2\">Arbeitszeit<\/td>\n<td>Ausgang 12 V 0,5 A (6 W): ca. 3,5 Stunden<\/td>\n<\/tr>\n<tr>\n<td>Ausgang 12 V 1,0 A (12 W): ca. 2 Stunden<\/td>\n<\/tr>\n<tr>\n<td>Ladeanschluss (IN) Schwarz<\/td>\n<td>DC5,5 \u00d7 2,1<\/td>\n<\/tr>\n<tr>\n<td>Auslass\u00f6ffnung (OUT) Gelb<\/td>\n<td>DC5,5 \u00d7 2,5<\/td>\n<\/tr>\n<tr>\n<td>Geh\u00e4usematerial<\/td>\n<td>FR-ABS feuerfest<\/td>\n<\/tr>\n<tr>\n<td>Geh\u00e4usefarbe<\/td>\n<td>Wei\u00df<\/td>\n<\/tr>\n<tr>\n<td>Geh\u00e4useabmessungen<\/td>\n<td>112x70x60mm<\/td>\n<\/tr>\n<tr>\n<td>Gewicht<\/td>\n<td>Schweinefleisch-Schinken ca. 235g<\/td>\n<\/tr>\n<tr>\n<td>Kostenloses \u00dcbertragungskabel<\/td>\n<td>AWG#20 50 cm L\u00e4nge, DC5,5 \u00d7 2,1 Schwarz und DC5,5 \u00d7 2,5 Gelb<\/td>\n<\/tr>\n<tr>\n<td>Lademethode<\/td>\n<td>12 V 2,5 A Adapter (Die Adapterkosten sind nicht im Preis enthalten)<\/td>\n<\/tr>\n<tr>\n<td>Batteriezellenmarke<\/td>\n<td>Zelle einer chinesischen Marke oder koreanisch-japanische Zelle<\/td>\n<\/tr>\n<tr>\n<td>UPS Zertifizierung<\/td>\n<td>CE, FCC, EMC, Bericht<\/td>\n<\/tr>\n<tr>\n<td>Batterieschutz<\/td>\n<td width=\"553\">Temperaturschutz, \u00dcberladung und Entladung, \u00dcberstrom, Kurzschluss<\/td>\n<\/tr>\n<tr>\n<td>Lebensdauer<\/td>\n<td>Standard-Lade- und Entladekapazit\u00e4t \u226580%, Zyklenlebensdauer \u2265600<\/td>\n<\/tr>\n<tr>\n<td>Anwendung<\/td>\n<td width=\"553\">WIFI, Router\/TP-Link\/IP-Kamera\/Sicherheitssystem\/T\u00fcrzugang\/Verkaufsautomat\/LED-Licht\/LED-Streifen<\/td>\n<\/tr>\n<tr>\n<td>Paket<\/td>\n<td>20 St\u00fcck im Karton (35 x 21 x 30 cm), ca. 7 kg\/Karton<\/td>\n<\/tr>\n<tr>\n<td>Garantie<\/td>\n<td>12 Monate<\/td>\n<\/tr>\n<\/tbody>\n<\/table>\n<p class=\"p1\">Der beste Partner f\u00fcr die Arbeit von zu Hause. Sorgen Sie daf\u00fcr, dass Ihr WLAN auch bei Stromausf\u00e4llen nie ausf\u00e4llt.<span class=\"Apple-converted-space\">\u00a0<\/span><\/p>\n<p class=\"p1\">Mylion Smart Mini UPS bietet eine unterbrechungsfreie Stromversorgung f\u00fcr Ihren Router. Verbinden Sie Mylion Mini UPS mit Wechselstrom und Ihrem Router. Wenn der Wechselstrom ausf\u00e4llt, versorgt Mylion Mini UPS Ihren Router automatisch innerhalb von 0 Sekunden mit Strom. Ihr WLAN wird nie unterbrochen.<\/p>\n<p class=\"p1\">Willkommen, H\u00e4ndler!<\/p>\n<p><img fetchpriority=\"high\" decoding=\"async\" class=\"aligncenter size-full wp-image-2800\" src=\"http:\/\/ygspower.com\/wp-content\/uploads\/2020\/10\/mylion-mini-ups-1-2.jpg\" alt=\"\" width=\"750\" height=\"325\" srcset=\"https:\/\/ygspower.com\/wp-content\/uploads\/2020\/10\/mylion-mini-ups-1-2.jpg 750w, https:\/\/ygspower.com\/wp-content\/uploads\/2020\/10\/mylion-mini-ups-1-2-600x260.jpg 600w, https:\/\/ygspower.com\/wp-content\/uploads\/2020\/10\/mylion-mini-ups-1-2-300x130.jpg 300w\" sizes=\"(max-width: 750px) 100vw, 750px\" \/> <img decoding=\"async\" class=\"aligncenter size-full wp-image-2801\" src=\"http:\/\/ygspower.com\/wp-content\/uploads\/2020\/10\/mylion-mini-ups-2-2.jpg\" alt=\"\" width=\"750\" height=\"947\" srcset=\"https:\/\/ygspower.com\/wp-content\/uploads\/2020\/10\/mylion-mini-ups-2-2.jpg 750w, https:\/\/ygspower.com\/wp-content\/uploads\/2020\/10\/mylion-mini-ups-2-2-600x758.jpg 600w, https:\/\/ygspower.com\/wp-content\/uploads\/2020\/10\/mylion-mini-ups-2-2-238x300.jpg 238w\" sizes=\"(max-width: 750px) 100vw, 750px\" \/> <img decoding=\"async\" class=\"aligncenter size-full wp-image-2802\" src=\"http:\/\/ygspower.com\/wp-content\/uploads\/2020\/10\/mylion-mini-ups-3-2.jpg\" alt=\"\" width=\"750\" height=\"2095\" srcset=\"https:\/\/ygspower.com\/wp-content\/uploads\/2020\/10\/mylion-mini-ups-3-2.jpg 750w, https:\/\/ygspower.com\/wp-content\/uploads\/2020\/10\/mylion-mini-ups-3-2-600x1676.jpg 600w, https:\/\/ygspower.com\/wp-content\/uploads\/2020\/10\/mylion-mini-ups-3-2-107x300.jpg 107w, https:\/\/ygspower.com\/wp-content\/uploads\/2020\/10\/mylion-mini-ups-3-2-367x1024.jpg 367w, https:\/\/ygspower.com\/wp-content\/uploads\/2020\/10\/mylion-mini-ups-3-2-550x1536.jpg 550w, https:\/\/ygspower.com\/wp-content\/uploads\/2020\/10\/mylion-mini-ups-3-2-733x2048.jpg 733w\" sizes=\"(max-width: 750px) 100vw, 750px\" \/> <img loading=\"lazy\" decoding=\"async\" class=\"aligncenter size-full wp-image-2803\" src=\"http:\/\/ygspower.com\/wp-content\/uploads\/2020\/10\/mylion-mini-ups-4-2.jpg\" alt=\"\" width=\"750\" height=\"1475\" srcset=\"https:\/\/ygspower.com\/wp-content\/uploads\/2020\/10\/mylion-mini-ups-4-2.jpg 750w, https:\/\/ygspower.com\/wp-content\/uploads\/2020\/10\/mylion-mini-ups-4-2-600x1180.jpg 600w, https:\/\/ygspower.com\/wp-content\/uploads\/2020\/10\/mylion-mini-ups-4-2-153x300.jpg 153w, https:\/\/ygspower.com\/wp-content\/uploads\/2020\/10\/mylion-mini-ups-4-2-521x1024.jpg 521w\" sizes=\"(max-width: 750px) 100vw, 750px\" \/> <img loading=\"lazy\" decoding=\"async\" class=\"aligncenter size-full wp-image-2804\" src=\"http:\/\/ygspower.com\/wp-content\/uploads\/2020\/10\/mylion-mini-ups-5-2.jpg\" alt=\"\" width=\"750\" height=\"1346\" srcset=\"https:\/\/ygspower.com\/wp-content\/uploads\/2020\/10\/mylion-mini-ups-5-2.jpg 750w, https:\/\/ygspower.com\/wp-content\/uploads\/2020\/10\/mylion-mini-ups-5-2-600x1077.jpg 600w, https:\/\/ygspower.com\/wp-content\/uploads\/2020\/10\/mylion-mini-ups-5-2-167x300.jpg 167w, https:\/\/ygspower.com\/wp-content\/uploads\/2020\/10\/mylion-mini-ups-5-2-571x1024.jpg 571w\" sizes=\"(max-width: 750px) 100vw, 750px\" \/> <img loading=\"lazy\" decoding=\"async\" class=\"aligncenter size-full wp-image-2805\" src=\"http:\/\/ygspower.com\/wp-content\/uploads\/2020\/10\/mylion-mini-ups-6-2.jpg\" alt=\"\" width=\"750\" height=\"1854\" srcset=\"https:\/\/ygspower.com\/wp-content\/uploads\/2020\/10\/mylion-mini-ups-6-2.jpg 750w, https:\/\/ygspower.com\/wp-content\/uploads\/2020\/10\/mylion-mini-ups-6-2-600x1483.jpg 600w, https:\/\/ygspower.com\/wp-content\/uploads\/2020\/10\/mylion-mini-ups-6-2-121x300.jpg 121w, https:\/\/ygspower.com\/wp-content\/uploads\/2020\/10\/mylion-mini-ups-6-2-414x1024.jpg 414w, https:\/\/ygspower.com\/wp-content\/uploads\/2020\/10\/mylion-mini-ups-6-2-621x1536.jpg 621w\" sizes=\"(max-width: 750px) 100vw, 750px\" \/> <img loading=\"lazy\" decoding=\"async\" class=\"aligncenter size-full wp-image-2806\" src=\"http:\/\/ygspower.com\/wp-content\/uploads\/2020\/10\/mylion-mini-ups-7-2-scaled.jpg\" alt=\"\" width=\"679\" height=\"2560\" srcset=\"https:\/\/ygspower.com\/wp-content\/uploads\/2020\/10\/mylion-mini-ups-7-2-scaled.jpg 679w, https:\/\/ygspower.com\/wp-content\/uploads\/2020\/10\/mylion-mini-ups-7-2-600x2261.jpg 600w\" sizes=\"(max-width: 679px) 100vw, 679px\" \/> <img loading=\"lazy\" decoding=\"async\" class=\"aligncenter size-full wp-image-2807\" src=\"http:\/\/ygspower.com\/wp-content\/uploads\/2020\/10\/mylion-mini-ups-8-2.jpg\" alt=\"\" width=\"750\" height=\"2402\" srcset=\"https:\/\/ygspower.com\/wp-content\/uploads\/2020\/10\/mylion-mini-ups-8-2.jpg 750w, https:\/\/ygspower.com\/wp-content\/uploads\/2020\/10\/mylion-mini-ups-8-2-600x1922.jpg 600w, https:\/\/ygspower.com\/wp-content\/uploads\/2020\/10\/mylion-mini-ups-8-2-94x300.jpg 94w, https:\/\/ygspower.com\/wp-content\/uploads\/2020\/10\/mylion-mini-ups-8-2-320x1024.jpg 320w, https:\/\/ygspower.com\/wp-content\/uploads\/2020\/10\/mylion-mini-ups-8-2-480x1536.jpg 480w, https:\/\/ygspower.com\/wp-content\/uploads\/2020\/10\/mylion-mini-ups-8-2-639x2048.jpg 639w\" sizes=\"(max-width: 750px) 100vw, 750px\" \/> <img loading=\"lazy\" decoding=\"async\" class=\"aligncenter size-full wp-image-2808\" src=\"http:\/\/ygspower.com\/wp-content\/uploads\/2020\/10\/mylion-mini-ups-9-2.jpg\" alt=\"\" width=\"750\" height=\"2402\" srcset=\"https:\/\/ygspower.com\/wp-content\/uploads\/2020\/10\/mylion-mini-ups-9-2.jpg 750w, https:\/\/ygspower.com\/wp-content\/uploads\/2020\/10\/mylion-mini-ups-9-2-600x1922.jpg 600w, https:\/\/ygspower.com\/wp-content\/uploads\/2020\/10\/mylion-mini-ups-9-2-94x300.jpg 94w, https:\/\/ygspower.com\/wp-content\/uploads\/2020\/10\/mylion-mini-ups-9-2-320x1024.jpg 320w, https:\/\/ygspower.com\/wp-content\/uploads\/2020\/10\/mylion-mini-ups-9-2-480x1536.jpg 480w, https:\/\/ygspower.com\/wp-content\/uploads\/2020\/10\/mylion-mini-ups-9-2-639x2048.jpg 639w\" sizes=\"(max-width: 750px) 100vw, 750px\" \/> <img loading=\"lazy\" decoding=\"async\" class=\"aligncenter size-full wp-image-2809\" src=\"http:\/\/ygspower.com\/wp-content\/uploads\/2020\/10\/mylion-mini-ups-10-2.jpg\" alt=\"\" width=\"750\" height=\"1037\" srcset=\"https:\/\/ygspower.com\/wp-content\/uploads\/2020\/10\/mylion-mini-ups-10-2.jpg 750w, https:\/\/ygspower.com\/wp-content\/uploads\/2020\/10\/mylion-mini-ups-10-2-600x830.jpg 600w, https:\/\/ygspower.com\/wp-content\/uploads\/2020\/10\/mylion-mini-ups-10-2-217x300.jpg 217w, https:\/\/ygspower.com\/wp-content\/uploads\/2020\/10\/mylion-mini-ups-10-2-741x1024.jpg 741w\" sizes=\"(max-width: 750px) 100vw, 750px\" \/><\/p>\n<p>&nbsp;<\/p>","protected":false},"excerpt":{"rendered":"<ul class=\"ul1\">\n<li class=\"li2\">Typ: MU26W 12V 2A 19,24Wh 5800mAh<\/li>\n<li class=\"li2\">Produktname: Mylion Mini DC USV Lithium-Batterie-Backup<\/li>\n<li class=\"li2\">Zertifizierung: CE<span class=\"s2\">,<\/span>FCC<span class=\"s2\">,<\/span>EMV<\/li>\n<li class=\"li2\">Anwendung: Router<span class=\"s2\">,<\/span>ADSL<span class=\"s2\">,<\/span>Modem<span class=\"s2\">,<\/span>\u00c2 Video\u00fcberwachung<span class=\"s2\">,<\/span>Telekommunikation<span class=\"s2\">,<\/span>W-lan<span class=\"s2\">,<\/span>Medizin<span class=\"s2\">,<\/span>kabellos<span class=\"s2\">,<\/span>gef\u00fchrt<span class=\"s2\">,<\/span>Netzwerk<span class=\"s2\">,<\/span>Internet<\/li>\n<li class=\"li2\">Eigenschaften: Feuerfeste H\u00fclle<span class=\"s2\">,<\/span> Temperaturschutz<span class=\"s2\">,<\/span> kann solarbetrieben werden<span class=\"s2\">,<\/span> elegantes Outlook-Design<\/li>\n<li class=\"li2\">Batterietyp: Lithium-Ionen-Akku<\/li>\n<li class=\"li2\">Funktion: klein<span class=\"s2\">,<\/span>schlau<span class=\"s2\">,<\/span>sicher<span class=\"s2\">,<\/span>bieten Strom f\u00fcr elektronische Ger\u00e4te bei einem Stromausfall<\/li>\n<li class=\"li2\">Schutz: versorgt den 12-V-0,5-A-Router etwa 3\u20134 Stunden lang mit Strom<\/li>\n<\/ul>","protected":false},"featured_media":2817,"template":"","meta":{"_seopress_robots_primary_cat":"none","_seopress_titles_title":"Mylion Mini UPS Lithium Battery Backup MU26 19.24Wh 5200mAh For Router","_seopress_titles_desc":"Mylion Mini UPS Lithium Battery Backup MU26 19.24Wh 5200mAh For Router","_seopress_robots_index":"","site-sidebar-layout":"default","site-content-layout":"default","ast-site-content-layout":"default","site-content-style":"default","site-sidebar-style":"default","ast-global-header-display":"","ast-banner-title-visibility":"","ast-main-header-display":"","ast-hfb-above-header-display":"","ast-hfb-below-header-display":"","ast-hfb-mobile-header-display":"","site-post-title":"","ast-breadcrumbs-content":"","ast-featured-img":"","footer-sml-layout":"","theme-transparent-header-meta":"default","adv-header-id-meta":"","stick-header-meta":"","header-above-stick-meta":"","header-main-stick-meta":"","header-below-stick-meta":"","astra-migrate-meta-layouts":"default","ast-page-background-enabled":"default","ast-page-background-meta":{"desktop":{"background-color":"","background-image":"","background-repeat":"repeat","background-position":"center center","background-size":"auto","background-attachment":"scroll","background-type":"","background-media":"","overlay-type":"","overlay-color":"","overlay-opacity":"","overlay-gradient":""},"tablet":{"background-color":"","background-image":"","background-repeat":"repeat","background-position":"center center","background-size":"auto","background-attachment":"scroll","background-type":"","background-media":"","overlay-type":"","overlay-color":"","overlay-opacity":"","overlay-gradient":""},"mobile":{"background-color":"","background-image":"","background-repeat":"repeat","background-position":"center center","background-size":"auto","background-attachment":"scroll","background-type":"","background-media":"","overlay-type":"","overlay-color":"","overlay-opacity":"","overlay-gradient":""}},"ast-content-background-meta":{"desktop":{"background-color":"var(--ast-global-color-5)","background-image":"","background-repeat":"repeat","background-position":"center center","background-size":"auto","background-attachment":"scroll","background-type":"","background-media":"","overlay-type":"","overlay-color":"","overlay-opacity":"","overlay-gradient":""},"tablet":{"background-color":"var(--ast-global-color-5)","background-image":"","background-repeat":"repeat","background-position":"center center","background-size":"auto","background-attachment":"scroll","background-type":"","background-media":"","overlay-type":"","overlay-color":"","overlay-opacity":"","overlay-gradient":""},"mobile":{"background-color":"var(--ast-global-color-5)","background-image":"","background-repeat":"repeat","background-position":"center center","background-size":"auto","background-attachment":"scroll","background-type":"","background-media":"","overlay-type":"","overlay-color":"","overlay-opacity":"","overlay-gradient":""}}},"product_brand":[],"product_cat":[21],"product_tag":[54,70,52,51,74,75,53,73],"class_list":{"0":"post-215","1":"product","2":"type-product","3":"status-publish","4":"has-post-thumbnail","6":"product_cat-promotion-wholesales-factory-price","7":"product_tag-12v-dc-ups","8":"product_tag-12v-mini-ups","9":"product_tag-dc-ups","10":"product_tag-mini-ups","11":"product_tag-mylion","12":"product_tag-mylion-ups","13":"product_tag-router-ups","14":"product_tag-small-ups","15":"desktop-align-left","16":"tablet-align-left","17":"mobile-align-left","19":"first","20":"instock","21":"shipping-taxable","22":"product-type-simple"},"_links":{"self":[{"href":"https:\/\/ygspower.com\/de\/wp-json\/wp\/v2\/product\/215","targetHints":{"allow":["GET"]}}],"collection":[{"href":"https:\/\/ygspower.com\/de\/wp-json\/wp\/v2\/product"}],"about":[{"href":"https:\/\/ygspower.com\/de\/wp-json\/wp\/v2\/types\/product"}],"version-history":[{"count":0,"href":"https:\/\/ygspower.com\/de\/wp-json\/wp\/v2\/product\/215\/revisions"}],"wp:featuredmedia":[{"embeddable":true,"href":"https:\/\/ygspower.com\/de\/wp-json\/wp\/v2\/media\/2817"}],"wp:attachment":[{"href":"https:\/\/ygspower.com\/de\/wp-json\/wp\/v2\/media?parent=215"}],"wp:term":[{"taxonomy":"product_brand","embeddable":true,"href":"https:\/\/ygspower.com\/de\/wp-json\/wp\/v2\/product_brand?post=215"},{"taxonomy":"product_cat","embeddable":true,"href":"https:\/\/ygspower.com\/de\/wp-json\/wp\/v2\/product_cat?post=215"},{"taxonomy":"product_tag","embeddable":true,"href":"https:\/\/ygspower.com\/de\/wp-json\/wp\/v2\/product_tag?post=215"}],"curies":[{"name":"wp","href":"https:\/\/api.w.org\/{rel}","templated":true}]}}