{"id":2237,"date":"2021-07-12T08:41:10","date_gmt":"2021-07-12T00:41:10","guid":{"rendered":"https:\/\/darksalmon-dugong-512221.hostingersite.com\/?post_type=product&#038;p=2237"},"modified":"2021-09-03T16:33:35","modified_gmt":"2021-09-03T08:33:35","slug":"5v-10000mah-portable-power-bank-p425","status":"publish","type":"product","link":"https:\/\/ygspower.com\/de\/produkt\/5v-10000mah-portable-power-bank-p425\/","title":{"rendered":"Tragbare Powerbank 5 V 10000 mAh P425"},"content":{"rendered":"<p><img decoding=\"async\" src=\"\/\/sc04.alicdn.com\/kf\/Haf0e5401e0914257a17f9211db92aa05I\/248515790\/Haf0e5401e0914257a17f9211db92aa05I.jpg\" alt=\"5V 10000mah power bank (1).jpg\" \/><img decoding=\"async\" src=\"\/\/sc04.alicdn.com\/kf\/H21c1312b6a824c75bef3f673578af896N\/248515790\/H21c1312b6a824c75bef3f673578af896N.jpg\" alt=\"5V 10000mah power bank (2).jpg\" \/><img decoding=\"async\" src=\"\/\/sc04.alicdn.com\/kf\/H66d5324512674d53a23d16d80c89c260I\/248515790\/H66d5324512674d53a23d16d80c89c260I.jpg\" alt=\"5V 10000mah power bank (3).jpg\" \/><img decoding=\"async\" src=\"\/\/sc04.alicdn.com\/kf\/H172a6d68e5c74740a0f2883301c143b7R\/248515790\/H172a6d68e5c74740a0f2883301c143b7R.jpg\" alt=\"5V 10000mah power bank (4).jpg\" \/><img decoding=\"async\" src=\"\/\/sc04.alicdn.com\/kf\/H5ce595602c994ea68c4010d01475cc97R\/248515790\/H5ce595602c994ea68c4010d01475cc97R.jpg\" alt=\"5V 10000mah power bank (5).jpg\" \/><img decoding=\"async\" src=\"\/\/sc04.alicdn.com\/kf\/H76a0eb0c5a454c15a40e1172b246d259I\/248515790\/H76a0eb0c5a454c15a40e1172b246d259I.jpg\" alt=\"5V 10000mah power bank (6).jpg\" \/><img decoding=\"async\" src=\"\/\/sc04.alicdn.com\/kf\/H8ae55868b83a4f7da4f3640036229f9d2\/248515790\/H8ae55868b83a4f7da4f3640036229f9d2.jpg\" alt=\"5V 10000mah power bank (7).jpg\" \/><img decoding=\"async\" src=\"\/\/sc04.alicdn.com\/kf\/H445a1aae91bf40c49f2925e30774b6a88\/248515790\/H445a1aae91bf40c49f2925e30774b6a88.jpg\" alt=\"5V 10000mah power bank (8).jpg\" \/><img decoding=\"async\" src=\"\/\/sc04.alicdn.com\/kf\/Hfc8161ddf0ce4852a962b9b3b3aba64al\/248515790\/Hfc8161ddf0ce4852a962b9b3b3aba64al.jpg\" alt=\"5V 10000mah power bank (9).jpg\" \/><\/p>\n<table style=\"caret-color: #000000; color: #000000; font-style: normal; font-variant-caps: normal; font-weight: normal; letter-spacing: normal; text-align: start; text-indent: 0px; text-transform: none; white-space: normal; word-spacing: 0px; -webkit-text-stroke-width: 0px; text-decoration: none; border-collapse: collapse; width: 750px; border: 1px solid #cccccc; border-spacing: 0px;\" border=\"1\" width=\"832\" cellspacing=\"0\" cellpadding=\"0\">\n<colgroup>\n<col style=\"width: 152pt;\" width=\"203\" \/>\n<col style=\"width: 472pt;\" width=\"629\" \/><\/colgroup>\n<tbody>\n<tr style=\"height: 21pt;\">\n<td class=\"xl67\" style=\"padding: 0px; color: black; font-size: 10pt; font-weight: 400; font-style: normal; text-decoration: none; font-family: Arial; vertical-align: middle; border: 1px solid #cccccc; white-space: nowrap; height: 21pt; width: 746.535px;\" colspan=\"2\" height=\"28\">Alle unten aufgef\u00fchrten Informationen sind korrekt und ECHT.<\/td>\n<\/tr>\n<tr style=\"height: 21pt;\">\n<td class=\"xl68\" style=\"padding: 0px; color: black; font-size: 10pt; font-weight: 400; font-style: normal; text-decoration: none; font-family: Arial; vertical-align: middle; border: 1px solid #cccccc; white-space: nowrap; height: 21pt; width: 173.267px;\" height=\"28\">Stilname<\/td>\n<td class=\"xl69\" style=\"padding: 0px; color: black; font-size: 10pt; font-weight: 400; font-style: normal; text-decoration: none; font-family: Arial; vertical-align: middle; border: 1px solid #cccccc; white-space: nowrap; text-align: left; width: 572.277px;\">P425<\/td>\n<\/tr>\n<tr style=\"height: 21pt;\">\n<td class=\"xl70\" style=\"padding: 0px; color: black; font-size: 10pt; font-weight: 400; font-style: normal; text-decoration: none; font-family: Arial; vertical-align: middle; border: 1px solid #cccccc; white-space: nowrap; height: 21pt; width: 173.267px;\" height=\"28\">Produktname<\/td>\n<td class=\"xl71\" style=\"padding: 0px; color: black; font-size: 10pt; font-weight: 400; font-style: normal; text-decoration: none; font-family: Arial; vertical-align: middle; border: 1px solid #cccccc; white-space: nowrap; text-align: left; width: 572.277px;\">5V10000mAh Mini-Powerbank mit Typ C und Micro USB-Schnellladung<\/td>\n<\/tr>\n<tr style=\"height: 21pt;\">\n<td class=\"xl70\" style=\"padding: 0px; color: black; font-size: 10pt; font-weight: 400; font-style: normal; text-decoration: none; font-family: Arial; vertical-align: middle; border: 1px solid #cccccc; white-space: nowrap; height: 21pt; width: 173.267px;\" height=\"28\">Reale Kapazit\u00e4t<\/td>\n<td class=\"xl71\" style=\"padding: 0px; color: black; font-size: 10pt; font-weight: 400; font-style: normal; text-decoration: none; font-family: Arial; vertical-align: middle; border: 1px solid #cccccc; white-space: nowrap; text-align: left; width: 572.277px;\">10000 mAh (zertifizierter Akku)<\/td>\n<\/tr>\n<tr style=\"height: 21pt;\">\n<td class=\"xl70\" style=\"padding: 0px; color: black; font-size: 10pt; font-weight: 400; font-style: normal; text-decoration: none; font-family: Arial; vertical-align: middle; border: 1px solid #cccccc; white-space: nowrap; height: 21pt; width: 173.267px;\" height=\"28\">Eingang 1<\/td>\n<td class=\"xl73\" style=\"padding: 0px; color: black; font-size: 10pt; font-weight: 400; font-style: normal; text-decoration: none; font-family: Arial; vertical-align: middle; border: 1px solid #cccccc; white-space: nowrap; width: 572.277px;\">Micro USB<\/td>\n<\/tr>\n<tr style=\"height: 21pt;\">\n<td class=\"xl74\" style=\"padding: 0px; color: windowtext; font-size: 10pt; font-weight: 400; font-style: normal; text-decoration: none; font-family: Arial; vertical-align: middle; border: 1px solid #cccccc; white-space: nowrap; height: 21pt; width: 173.267px;\" height=\"28\">Eingang 2<\/td>\n<td class=\"xl75\" style=\"padding: 0px; color: windowtext; font-size: 10pt; font-weight: 400; font-style: normal; text-decoration: none; font-family: Arial; vertical-align: middle; border: 1px solid #cccccc; white-space: nowrap; text-align: left; width: 572.277px;\">Typ C<\/td>\n<\/tr>\n<tr style=\"height: 21pt;\">\n<td class=\"xl74\" style=\"padding: 0px; color: windowtext; font-size: 10pt; font-weight: 400; font-style: normal; text-decoration: none; font-family: Arial; vertical-align: middle; border: 1px solid #cccccc; white-space: nowrap; height: 21pt; width: 173.267px;\" height=\"28\">Ausgabe 1<\/td>\n<td class=\"xl75\" style=\"padding: 0px; color: windowtext; font-size: 10pt; font-weight: 400; font-style: normal; text-decoration: none; font-family: Arial; vertical-align: middle; border: 1px solid #cccccc; white-space: nowrap; text-align: left; width: 572.277px;\">5 V 2 A USB Schnelles vollst\u00e4ndiges Aufladen des iPhone 12 innerhalb von 40 Minuten<\/td>\n<\/tr>\n<tr style=\"height: 21pt;\">\n<td class=\"xl74\" style=\"padding: 0px; color: windowtext; font-size: 10pt; font-weight: 400; font-style: normal; text-decoration: none; font-family: Arial; vertical-align: middle; border: 1px solid #cccccc; white-space: nowrap; height: 21pt; width: 173.267px;\" height=\"28\">Ausgabe 2<\/td>\n<td class=\"xl75\" style=\"padding: 0px; color: windowtext; font-size: 10pt; font-weight: 400; font-style: normal; text-decoration: none; font-family: Arial; vertical-align: middle; border: 1px solid #cccccc; white-space: nowrap; text-align: left; width: 572.277px;\">5 V 2 A USB Schnelles vollst\u00e4ndiges Aufladen des Huawei P40 innerhalb von 50 Minuten<\/td>\n<\/tr>\n<tr style=\"height: 21pt;\">\n<td class=\"xl77\" style=\"padding: 0px; color: windowtext; font-size: 10pt; font-weight: 400; font-style: normal; text-decoration: none; font-family: Arial; vertical-align: middle; border: 1px solid #cccccc; white-space: nowrap; text-align: left; height: 42pt; width: 173.267px;\" rowspan=\"2\" height=\"56\">Backup-Zeit<\/td>\n<td class=\"xl75\" style=\"padding: 0px; color: windowtext; font-size: 10pt; font-weight: 400; font-style: normal; text-decoration: none; font-family: Arial; vertical-align: middle; border: 1px solid #cccccc; white-space: nowrap; text-align: left; width: 572.277px;\">l\u00e4dt Huawei Pro40 ca. 4\u20135 Mal, iPhone 12 ca. 5\u20136 Mal<\/td>\n<\/tr>\n<tr style=\"height: 21pt;\">\n<td class=\"xl75\" style=\"padding: 0px; color: windowtext; font-size: 10pt; font-weight: 400; font-style: normal; text-decoration: none; font-family: Arial; vertical-align: middle; border: 1px solid #cccccc; white-space: nowrap; text-align: left; height: 21pt; width: 572.277px;\" height=\"28\">Backup-Zeit f\u00fcr 5W LED ca. 7-8 Stunden<\/td>\n<\/tr>\n<tr style=\"height: 21pt;\">\n<td class=\"xl76\" style=\"padding: 0px; color: windowtext; font-size: 10pt; font-weight: 400; font-style: normal; text-decoration: none; font-family: Arial; vertical-align: middle; border: 1px solid #cccccc; white-space: nowrap; height: 21pt; width: 173.267px;\" height=\"28\">Batterieanzeige<\/td>\n<td class=\"xl75\" style=\"padding: 0px; color: windowtext; font-size: 10pt; font-weight: 400; font-style: normal; text-decoration: none; font-family: Arial; vertical-align: middle; border: 1px solid #cccccc; white-space: nowrap; text-align: left; width: 572.277px;\">LCD<\/td>\n<\/tr>\n<tr style=\"height: 21pt;\">\n<td class=\"xl74\" style=\"padding: 0px; color: windowtext; font-size: 10pt; font-weight: 400; font-style: normal; text-decoration: none; font-family: Arial; vertical-align: middle; border: 1px solid #cccccc; white-space: nowrap; height: 21pt; width: 173.267px;\" height=\"28\">Schalten<\/td>\n<td class=\"xl75\" style=\"padding: 0px; color: windowtext; font-size: 10pt; font-weight: 400; font-style: normal; text-decoration: none; font-family: Arial; vertical-align: middle; border: 1px solid #cccccc; white-space: nowrap; text-align: left; width: 572.277px;\">EIN\/AUS-Taste<\/td>\n<\/tr>\n<tr style=\"height: 21pt;\">\n<td class=\"xl74\" style=\"padding: 0px; color: windowtext; font-size: 10pt; font-weight: 400; font-style: normal; text-decoration: none; font-family: Arial; vertical-align: middle; border: 1px solid #cccccc; white-space: nowrap; height: 21pt; width: 173.267px;\" height=\"28\">Taschenlampe<\/td>\n<td class=\"xl75\" style=\"padding: 0px; color: windowtext; font-size: 10pt; font-weight: 400; font-style: normal; text-decoration: none; font-family: Arial; vertical-align: middle; border: 1px solid #cccccc; white-space: nowrap; text-align: left; width: 572.277px;\">2 St\u00fcck LED-Taschenlampe<\/td>\n<\/tr>\n<tr style=\"height: 21pt;\">\n<td class=\"xl74\" style=\"padding: 0px; color: windowtext; font-size: 10pt; font-weight: 400; font-style: normal; text-decoration: none; font-family: Arial; vertical-align: middle; border: 1px solid #cccccc; white-space: nowrap; height: 21pt; width: 173.267px;\" height=\"28\">Geh\u00e4usefarbe<\/td>\n<td class=\"xl75\" style=\"padding: 0px; color: windowtext; font-size: 10pt; font-weight: 400; font-style: normal; text-decoration: none; font-family: Arial; vertical-align: middle; border: 1px solid #cccccc; white-space: nowrap; text-align: left; width: 572.277px;\">Schwarz\/Wei\u00df<\/td>\n<\/tr>\n<tr style=\"height: 21pt;\">\n<td class=\"xl74\" style=\"padding: 0px; color: windowtext; font-size: 10pt; font-weight: 400; font-style: normal; text-decoration: none; font-family: Arial; vertical-align: middle; border: 1px solid #cccccc; white-space: nowrap; height: 21pt; width: 173.267px;\" height=\"28\">Geh\u00e4useabmessungen<\/td>\n<td class=\"xl75\" style=\"padding: 0px; color: windowtext; font-size: 10pt; font-weight: 400; font-style: normal; text-decoration: none; font-family: Arial; vertical-align: middle; border: 1px solid #cccccc; white-space: nowrap; text-align: left; width: 572.277px;\">L138xB84xT42mm<\/td>\n<\/tr>\n<tr style=\"height: 21pt;\">\n<td class=\"xl70\" style=\"padding: 0px; color: black; font-size: 10pt; font-weight: 400; font-style: normal; text-decoration: none; font-family: Arial; vertical-align: middle; border: 1px solid #cccccc; white-space: nowrap; height: 21pt; width: 173.267px;\" height=\"28\">Gewicht<\/td>\n<td class=\"xl71\" style=\"padding: 0px; color: black; font-size: 10pt; font-weight: 400; font-style: normal; text-decoration: none; font-family: Arial; vertical-align: middle; border: 1px solid #cccccc; white-space: nowrap; text-align: left; width: 572.277px;\">302 g<\/td>\n<\/tr>\n<tr style=\"height: 21pt;\">\n<td class=\"xl70\" style=\"padding: 0px; color: black; font-size: 10pt; font-weight: 400; font-style: normal; text-decoration: none; font-family: Arial; vertical-align: middle; border: 1px solid #cccccc; white-space: nowrap; height: 21pt; width: 173.267px;\" height=\"28\">Batteriezellenmarke<\/td>\n<td class=\"xl71\" style=\"padding: 0px; color: black; font-size: 10pt; font-weight: 400; font-style: normal; text-decoration: none; font-family: Arial; vertical-align: middle; border: 1px solid #cccccc; white-space: nowrap; text-align: left; width: 572.277px;\">Chinesische Markenzelle<\/td>\n<\/tr>\n<tr style=\"height: 21pt;\">\n<td class=\"xl70\" style=\"padding: 0px; color: black; font-size: 10pt; font-weight: 400; font-style: normal; text-decoration: none; font-family: Arial; vertical-align: middle; border: 1px solid #cccccc; white-space: nowrap; height: 21pt; width: 173.267px;\" height=\"28\">Batterieschutz<\/td>\n<td class=\"xl72\" style=\"padding: 0px; color: black; font-size: 10pt; font-weight: 400; font-style: normal; text-decoration: none; font-family: Arial; vertical-align: middle; border: 1px solid #cccccc; white-space: normal; text-align: left; width: 572.277px;\">Temperaturschutz, \u00dcberladung und Entladung, \u00dcberstrom, Kurzschluss<\/td>\n<\/tr>\n<tr style=\"height: 21pt;\">\n<td class=\"xl70\" style=\"padding: 0px; color: black; font-size: 10pt; font-weight: 400; font-style: normal; text-decoration: none; font-family: Arial; vertical-align: middle; border: 1px solid #cccccc; white-space: nowrap; height: 21pt; width: 173.267px;\" height=\"28\">Lebensdauer<\/td>\n<td class=\"xl71\" style=\"padding: 0px; color: black; font-size: 10pt; font-weight: 400; font-style: normal; text-decoration: none; font-family: Arial; vertical-align: middle; border: 1px solid #cccccc; white-space: nowrap; text-align: left; width: 572.277px;\">Standard-Lade- und Entladekapazit\u00e4t \u226580%, Zyklenlebensdauer \u2265600<\/td>\n<\/tr>\n<tr style=\"height: 21pt;\">\n<td class=\"xl70\" style=\"padding: 0px; color: black; font-size: 10pt; font-weight: 400; font-style: normal; text-decoration: none; font-family: Arial; vertical-align: middle; border: 1px solid #cccccc; white-space: nowrap; height: 21pt; width: 173.267px;\" height=\"28\">Anwendung<\/td>\n<td class=\"xl71\" style=\"padding: 0px; color: black; font-size: 10pt; font-weight: 400; font-style: normal; text-decoration: none; font-family: Arial; vertical-align: middle; border: 1px solid #cccccc; white-space: nowrap; text-align: left; width: 572.277px;\">Telefon\/Drohne\/Handheld-PTZ\/CCTV-Kamera\/Spielzeug\/LED-Leuchten<\/td>\n<\/tr>\n<tr style=\"height: 21pt;\">\n<td class=\"xl70\" style=\"padding: 0px; color: black; font-size: 10pt; font-weight: 400; font-style: normal; text-decoration: none; font-family: Arial; vertical-align: middle; border: 1px solid #cccccc; white-space: nowrap; height: 21pt; width: 173.267px;\" height=\"28\">Paket<\/td>\n<td class=\"xl71\" style=\"padding: 0px; color: black; font-size: 10pt; font-weight: 400; font-style: normal; text-decoration: none; font-family: Arial; vertical-align: middle; border: 1px solid #cccccc; white-space: nowrap; text-align: left; width: 572.277px;\">20 St\u00fcck im Karton (46 x 30 x 32 cm), ca. 9 kg\/Karton<\/td>\n<\/tr>\n<tr style=\"height: 21pt;\">\n<td class=\"xl70\" style=\"padding: 0px; color: black; font-size: 10pt; font-weight: 400; font-style: normal; text-decoration: none; font-family: Arial; vertical-align: middle; border: 1px solid #cccccc; white-space: nowrap; height: 21pt; width: 173.267px;\" height=\"28\">Garantie<\/td>\n<td class=\"xl71\" style=\"padding: 0px; color: black; font-size: 10pt; font-weight: 400; font-style: normal; text-decoration: none; font-family: Arial; vertical-align: middle; border: 1px solid #cccccc; white-space: nowrap; text-align: left; width: 572.277px;\">12 Monate<\/td>\n<\/tr>\n<\/tbody>\n<\/table>\n<p align=\"left\" data-spm-anchor-id=\"a2700.wholesale.0.i15.2f7c6d9cTq6fXd\"><strong>H\u00e4ufig gestellte Fragen.<\/strong><\/p>\n<p align=\"left\"><strong>Sind Sie Hersteller?<\/strong><\/p>\n<p align=\"left\">Ja, Mylion ist ein Hersteller.<\/p>\n<p align=\"left\"><strong>Kann ich eine Musterbestellung erhalten?<\/strong><\/p>\n<p align=\"left\">Ja, wir freuen uns \u00fcber Musterbestellungen zum Testen und \u00dcberpr\u00fcfen der Qualit\u00e4t.<\/p>\n<p align=\"left\"><strong>Wie sieht es mit der Vorlaufzeit aus?<\/strong><\/p>\n<p align=\"left\">1. Probe ben\u00f6tigt 3-5 Tage<\/p>\n<p align=\"left\">2. Offizielle Bestellung, Massenproduktionszeit ben\u00f6tigt 2-4 Wochen<\/p>\n<p align=\"left\"><strong>Haben Sie ein MOQ-Limit?<\/strong><\/p>\n<p align=\"left\">1. F\u00fcr den Einzelhandel haben wir keine Mindestbestellmenge. Eine Bestellung kann 1 St\u00fcck umfassen.<\/p>\n<p align=\"left\">2. F\u00fcr den Gro\u00dfhandel haben wir eine Mindestbestellmenge f\u00fcr bessere Preise, normalerweise 100 St\u00fcck.<\/p>\n<p align=\"left\"><strong>Wie erfolgt der Versand der Ware und wie lange dauert es, bis diese bei Ihnen eintrifft?<\/strong><\/p>\n<p align=\"left\">1. Bei kleinen Mengen versenden wir oft per Express. Die Lieferzeit in verschiedene L\u00e4nder betr\u00e4gt ca. 3\u201310 Tage.<\/p>\n<p align=\"left\">2. F\u00fcr offizielle Bestellungen empfehlen wir, den Versand \u00fcber den Seeweg zu w\u00e4hlen, um Kosten zu sparen. In die USA betr\u00e4gt die Lieferzeit ca. 20\u201325 Tage, nach Europa ca. 25\u201330 Tage.<\/p>\n<p align=\"left\"><strong>Wie gehe ich bei einer Bestellung vor?<\/strong><\/p>\n<p align=\"left\">1. Teilen Sie uns Ihre Anforderungen oder Anwendung mit.<\/p>\n<p align=\"left\">2. Wir erstellen ein Angebot entsprechend Ihren Anforderungen oder unseren Vorschl\u00e4gen.<\/p>\n<p align=\"left\">3. Der Kunde best\u00e4tigt die Muster und leistet eine Anzahlung f\u00fcr die formelle Bestellung.<\/p>\n<p align=\"left\">4. Wir organisieren die Produktion.<\/p>\n<p align=\"left\"><strong>Darf ich mein Logo auf das Produkt drucken?<\/strong><\/p>\n<p align=\"left\">1. F\u00fcr Kleinmengenbestellungen oder den Einzelhandel kein individueller Service.<\/p>\n<p align=\"left\">2. F\u00fcr den Gro\u00dfhandel ist ein individueller Service willkommen. Bitte senden Sie uns Ihr Kunstwerk.<\/p>\n<p align=\"left\" data-spm-anchor-id=\"a2700.wholesale.0.i16.2f7c6d9cTq6fXd\"><strong>Welche Zertifikate besitzen Sie?<\/strong><\/p>\n<p align=\"left\">Wir verf\u00fcgen \u00fcber CE\/FCC\/ROHS\/UN38.3\/MSDS \u2026 usw. Wir versprechen unseren Kunden gute Qualit\u00e4t.<\/p>\n<p align=\"left\"><strong>Wie steht es mit der Garantie?<\/strong><\/p>\n<p data-spm-anchor-id=\"a2700.wholesale.0.i13.2f7c6d9cTq6fXd\">1 Jahr Garantie<\/p>","protected":false},"excerpt":{"rendered":"<ul class=\"ul1\">\n<li class=\"li1\">Typ: P425<\/li>\n<li class=\"li1\">Produktname: Lithium-Ionen-Akku-Backup 5V Power Bank<\/li>\n<li class=\"li1\">Funktion: Multifunktions-5-V-USB-Ausgang<\/li>\n<li class=\"li1\">Akkukapazit\u00e4t: 10000 mAh (zertifizierter Akku)<\/li>\n<li class=\"li1\">Batterietyp: Lithium-Ionen-Batterie<\/li>\n<li class=\"li1\">Anwendung: Telefon\/Drohne\/Hand-PTZ\/CCTV-Kamera\/Spielzeug\/LED-Leuchten usw.<\/li>\n<li class=\"li1\">Funktion: Multifunktion<span class=\"s2\">,<\/span>\u00a0Kleine Gr\u00f6\u00dfe, gro\u00dfe Kapazit\u00e4t<span class=\"s2\">,<\/span> tragbar<\/li>\n<li class=\"li1\">Taschenlampe: 2 st\u00fccke LED taschenlampe<\/li>\n<li>Batterieschutz: Temperaturschutz, \u00dcberladung und Entladung, \u00dcberstrom, Kurzschluss<\/li>\n<li>Garantie: 1 Jahr<\/li>\n<\/ul>","protected":false},"featured_media":2239,"template":"","meta":{"_seopress_robots_primary_cat":"none","_seopress_titles_title":"5V 10000mah Portable Power Bank P425","_seopress_titles_desc":"5V 10000mah Portable Power Bank P425","_seopress_robots_index":"","site-sidebar-layout":"default","site-content-layout":"default","ast-site-content-layout":"default","site-content-style":"default","site-sidebar-style":"default","ast-global-header-display":"","ast-banner-title-visibility":"","ast-main-header-display":"","ast-hfb-above-header-display":"","ast-hfb-below-header-display":"","ast-hfb-mobile-header-display":"","site-post-title":"","ast-breadcrumbs-content":"","ast-featured-img":"","footer-sml-layout":"","theme-transparent-header-meta":"default","adv-header-id-meta":"","stick-header-meta":"","header-above-stick-meta":"","header-main-stick-meta":"","header-below-stick-meta":"","astra-migrate-meta-layouts":"default","ast-page-background-enabled":"default","ast-page-background-meta":{"desktop":{"background-color":"","background-image":"","background-repeat":"repeat","background-position":"center center","background-size":"auto","background-attachment":"scroll","background-type":"","background-media":"","overlay-type":"","overlay-color":"","overlay-opacity":"","overlay-gradient":""},"tablet":{"background-color":"","background-image":"","background-repeat":"repeat","background-position":"center center","background-size":"auto","background-attachment":"scroll","background-type":"","background-media":"","overlay-type":"","overlay-color":"","overlay-opacity":"","overlay-gradient":""},"mobile":{"background-color":"","background-image":"","background-repeat":"repeat","background-position":"center center","background-size":"auto","background-attachment":"scroll","background-type":"","background-media":"","overlay-type":"","overlay-color":"","overlay-opacity":"","overlay-gradient":""}},"ast-content-background-meta":{"desktop":{"background-color":"var(--ast-global-color-5)","background-image":"","background-repeat":"repeat","background-position":"center center","background-size":"auto","background-attachment":"scroll","background-type":"","background-media":"","overlay-type":"","overlay-color":"","overlay-opacity":"","overlay-gradient":""},"tablet":{"background-color":"var(--ast-global-color-5)","background-image":"","background-repeat":"repeat","background-position":"center center","background-size":"auto","background-attachment":"scroll","background-type":"","background-media":"","overlay-type":"","overlay-color":"","overlay-opacity":"","overlay-gradient":""},"mobile":{"background-color":"var(--ast-global-color-5)","background-image":"","background-repeat":"repeat","background-position":"center center","background-size":"auto","background-attachment":"scroll","background-type":"","background-media":"","overlay-type":"","overlay-color":"","overlay-opacity":"","overlay-gradient":""}}},"product_brand":[],"product_cat":[5],"product_tag":[],"class_list":{"0":"post-2237","1":"product","2":"type-product","3":"status-publish","4":"has-post-thumbnail","6":"product_cat-multi-function-powerbank-portable-battery-portable-power-supply-backup","7":"desktop-align-left","8":"tablet-align-left","9":"mobile-align-left","11":"first","12":"instock","13":"shipping-taxable","14":"product-type-simple"},"_links":{"self":[{"href":"https:\/\/ygspower.com\/de\/wp-json\/wp\/v2\/product\/2237","targetHints":{"allow":["GET"]}}],"collection":[{"href":"https:\/\/ygspower.com\/de\/wp-json\/wp\/v2\/product"}],"about":[{"href":"https:\/\/ygspower.com\/de\/wp-json\/wp\/v2\/types\/product"}],"version-history":[{"count":0,"href":"https:\/\/ygspower.com\/de\/wp-json\/wp\/v2\/product\/2237\/revisions"}],"wp:featuredmedia":[{"embeddable":true,"href":"https:\/\/ygspower.com\/de\/wp-json\/wp\/v2\/media\/2239"}],"wp:attachment":[{"href":"https:\/\/ygspower.com\/de\/wp-json\/wp\/v2\/media?parent=2237"}],"wp:term":[{"taxonomy":"product_brand","embeddable":true,"href":"https:\/\/ygspower.com\/de\/wp-json\/wp\/v2\/product_brand?post=2237"},{"taxonomy":"product_cat","embeddable":true,"href":"https:\/\/ygspower.com\/de\/wp-json\/wp\/v2\/product_cat?post=2237"},{"taxonomy":"product_tag","embeddable":true,"href":"https:\/\/ygspower.com\/de\/wp-json\/wp\/v2\/product_tag?post=2237"}],"curies":[{"name":"wp","href":"https:\/\/api.w.org\/{rel}","templated":true}]}}