{"id":2246,"date":"2021-07-13T08:59:57","date_gmt":"2021-07-13T00:59:57","guid":{"rendered":"https:\/\/darksalmon-dugong-512221.hostingersite.com\/?post_type=product&#038;p=2246"},"modified":"2021-09-03T16:33:27","modified_gmt":"2021-09-03T08:33:27","slug":"11-1v12v-10ah-lithium-ion-battery-pack","status":"publish","type":"product","link":"https:\/\/ygspower.com\/de\/produkt\/11-1v12v-10ah-lithium-ion-battery-pack\/","title":{"rendered":"11,1 V 12 V 10 Ah Lithium-Ionen-Akku"},"content":{"rendered":"<div class=\"ast-oembed-container\" style=\"height: 100%;\"><iframe title=\"11 1-V-Lithiumbatterieserie\" width=\"500\" height=\"281\" src=\"https:\/\/www.youtube.com\/embed\/or6Kgnjjzwc?feature=oembed\" frameborder=\"0\" allow=\"accelerometer; autoplay; clipboard-write; encrypted-media; gyroscope; picture-in-picture; web-share\" referrerpolicy=\"strict-origin-when-cross-origin\" allowfullscreen><\/iframe><\/div>\n<p><img fetchpriority=\"high\" decoding=\"async\" src=\"https:\/\/sc04.alicdn.com\/kf\/H9214b827ad6b493dab60a63b305c0387w\/202118431\/H9214b827ad6b493dab60a63b305c0387w.jpg\" alt=\"11.1v 12v 10ah lithium ion battery pack\" width=\"750\" height=\"935\" data-src=\"\/\/sc04.alicdn.com\/kf\/H9214b827ad6b493dab60a63b305c0387w\/202118431\/H9214b827ad6b493dab60a63b305c0387w.jpg\" data-alt=\"11.1v 12v 10ah lithium ion battery pack\" \/><img decoding=\"async\" src=\"https:\/\/sc04.alicdn.com\/kf\/H25146ea48e1346ddbce788339c04a1a0I\/202118431\/H25146ea48e1346ddbce788339c04a1a0I.jpg\" alt=\"11.1v 12v 10ah lithium ion battery pack\" width=\"750\" height=\"1235\" data-src=\"\/\/sc04.alicdn.com\/kf\/H25146ea48e1346ddbce788339c04a1a0I\/202118431\/H25146ea48e1346ddbce788339c04a1a0I.jpg\" data-alt=\"11.1v 12v 10ah lithium ion battery pack\" \/><img decoding=\"async\" src=\"https:\/\/sc04.alicdn.com\/kf\/H867f7f7cacfd4a0db32e36613e2cafbf4\/202118431\/H867f7f7cacfd4a0db32e36613e2cafbf4.jpg\" alt=\"11.1v 12v 10ah lithium ion battery pack\" width=\"750\" height=\"1433\" data-src=\"\/\/sc04.alicdn.com\/kf\/H867f7f7cacfd4a0db32e36613e2cafbf4\/202118431\/H867f7f7cacfd4a0db32e36613e2cafbf4.jpg\" data-alt=\"11.1v 12v 10ah lithium ion battery pack\" \/><img loading=\"lazy\" decoding=\"async\" src=\"https:\/\/sc04.alicdn.com\/kf\/Hce4bffb9a8f1415d9bd2ef0e95952d57M\/202118431\/Hce4bffb9a8f1415d9bd2ef0e95952d57M.jpg\" alt=\"11.1v 12v 10ah lithium ion battery pack\" width=\"750\" height=\"2382\" data-src=\"\/\/sc04.alicdn.com\/kf\/Hce4bffb9a8f1415d9bd2ef0e95952d57M\/202118431\/Hce4bffb9a8f1415d9bd2ef0e95952d57M.jpg\" data-alt=\"11.1v 12v 10ah lithium ion battery pack\" \/><img loading=\"lazy\" decoding=\"async\" src=\"https:\/\/sc04.alicdn.com\/kf\/Hf5b0302d56c24e5c9fb66fbcb5470c136\/202118431\/Hf5b0302d56c24e5c9fb66fbcb5470c136.jpg\" alt=\"11.1v 12v 10ah lithium ion battery pack\" width=\"750\" height=\"2423\" data-src=\"\/\/sc04.alicdn.com\/kf\/Hf5b0302d56c24e5c9fb66fbcb5470c136\/202118431\/Hf5b0302d56c24e5c9fb66fbcb5470c136.jpg\" data-alt=\"11.1v 12v 10ah lithium ion battery pack\" \/><img loading=\"lazy\" decoding=\"async\" src=\"https:\/\/sc04.alicdn.com\/kf\/H1301d0c632d0433582a7633ef08f95b7P\/202118431\/H1301d0c632d0433582a7633ef08f95b7P.jpg\" alt=\"11.1v 12v 10ah lithium ion battery pack\" width=\"750\" height=\"1825\" data-src=\"\/\/sc04.alicdn.com\/kf\/H1301d0c632d0433582a7633ef08f95b7P\/202118431\/H1301d0c632d0433582a7633ef08f95b7P.jpg\" data-alt=\"11.1v 12v 10ah lithium ion battery pack\" \/><img loading=\"lazy\" decoding=\"async\" src=\"https:\/\/sc04.alicdn.com\/kf\/H7e951d86d50b4126b3933c220840b73f3\/202118431\/H7e951d86d50b4126b3933c220840b73f3.jpg\" alt=\"11.1v 12v 10ah lithium ion battery pack\" width=\"750\" height=\"886\" data-src=\"\/\/sc04.alicdn.com\/kf\/H7e951d86d50b4126b3933c220840b73f3\/202118431\/H7e951d86d50b4126b3933c220840b73f3.jpg\" data-alt=\"11.1v 12v 10ah lithium ion battery pack\" \/><\/p>\n<table border=\"1\" width=\"986\" cellspacing=\"0\" cellpadding=\"0\">\n<tbody>\n<tr>\n<td colspan=\"2\" width=\"986\" height=\"28\">Alle der folgenden Informationen sind korrekt und ECHT.<\/td>\n<\/tr>\n<tr>\n<td height=\"28\">Produktname<\/td>\n<td>Lithium-Ionen-Akkupack<\/td>\n<\/tr>\n<tr>\n<td height=\"28\">Stilname<\/td>\n<td>11,1V, 10Ah<\/td>\n<\/tr>\n<tr>\n<td height=\"28\">Normale Kapazit\u00e4t<\/td>\n<td>10 Ah<\/td>\n<\/tr>\n<tr>\n<td height=\"28\">Nennspannung<\/td>\n<td>11,1 V<\/td>\n<\/tr>\n<tr>\n<td height=\"28\">Maximale Ladespannung<\/td>\n<td>12,6 V<\/td>\n<\/tr>\n<tr>\n<td height=\"28\">Entladeschlussspannung<\/td>\n<td>9,0 V<\/td>\n<\/tr>\n<tr>\n<td height=\"28\">Max. Dauerentladestrom<\/td>\n<td>1-2A<\/td>\n<\/tr>\n<tr>\n<td height=\"28\">Ladestrom<\/td>\n<td>1-2A<\/td>\n<\/tr>\n<tr>\n<td height=\"28\">Ausgangsleistung<\/td>\n<td>111W<\/td>\n<\/tr>\n<tr>\n<td rowspan=\"2\" height=\"56\">Arbeitszeit<\/td>\n<td>Ausgang 11,1 V 0,5 A (5,55 W): ca. 20 Stunden<\/td>\n<\/tr>\n<tr>\n<td height=\"28\">Ausgang 11,1 V 1,0 A (11,1 W): ca. 10 Stunden<\/td>\n<\/tr>\n<tr>\n<td height=\"28\">Ladeanschluss (IN)<\/td>\n<td rowspan=\"2\">Kabel oder ausgew\u00e4hlter Stecker<\/td>\n<\/tr>\n<tr>\n<td height=\"28\">Auslass\u00f6ffnung (OUT)<\/td>\n<\/tr>\n<tr>\n<td height=\"28\">PVC-Farbe<\/td>\n<td>Blau<\/td>\n<\/tr>\n<tr>\n<td height=\"28\">Batterieabmessung (mm)<\/td>\n<td>130x54x42<\/td>\n<\/tr>\n<tr>\n<td height=\"28\">Gewicht<\/td>\n<td>Ca. 540 g<\/td>\n<\/tr>\n<tr>\n<td height=\"28\">Batteriezellenmarke<\/td>\n<td>Zelle einer chinesischen Marke (oder Samsung LG Sony Sanyo Panasonic Zelle)<\/td>\n<\/tr>\n<tr>\n<td height=\"28\">Batteriezellenzertifizierung<\/td>\n<td>CB, CE, UL, UN38.3, BIS, KC, MSDS, ROHS, CQC, SGS, EMC<\/td>\n<\/tr>\n<tr>\n<td height=\"28\">Batterieschutz<\/td>\n<td>\u00dcberladung\/-entladung, \u00dcberstrom, Kurzschluss<\/td>\n<\/tr>\n<tr>\n<td height=\"28\">Lebensdauer<\/td>\n<td>Standard-Lade- und Entladekapazit\u00e4t \u226580% C5mAh, Zyklenlebensdauer \u2265600<\/td>\n<\/tr>\n<tr>\n<td height=\"28\">Anwendung<\/td>\n<td width=\"632\">Gartenspritze, medizinisches Instrument, Au\u00dfeninstrument, T\u00fcrsteuerung, Solar-LED, Ersatz f\u00fcr 12-V-Bleiakkumulator usw.<\/td>\n<\/tr>\n<tr>\n<td height=\"28\">Paket<\/td>\n<td>15 St\u00fcck im Karton (15 x 29 x 37 cm), ca. 9,2 kg\/Karton<\/td>\n<\/tr>\n<tr>\n<td height=\"28\">Garantie<\/td>\n<td>12 Monate<\/td>\n<\/tr>\n<\/tbody>\n<\/table>\n<p style=\"text-align: left;\" align=\"left\"><strong><span style=\"font-size: 12.0pt;\">H\u00e4ufig gestellte Fragen.<\/span><\/strong><\/p>\n<p style=\"text-align: left;\" align=\"left\"><strong><span style=\"font-size: 12.0pt;\">Sind Sie Hersteller?<\/span><\/strong><\/p>\n<p style=\"text-align: left;\" align=\"left\"><span style=\"font-size: 12.0pt;\">Ja<\/span><span style=\"font-size: 12.0pt;\">,<\/span><span style=\"font-size: 12.0pt;\">\u00a0Mylion ist ein Hersteller.<\/span><\/p>\n<p style=\"text-align: left;\" align=\"left\"><strong><span style=\"font-size: 12.0pt;\">Kann ich eine Musterbestellung erhalten?<\/span><\/strong><\/p>\n<p style=\"text-align: left;\" align=\"left\"><span style=\"font-size: 12.0pt;\">Ja<\/span><span style=\"font-size: 12.0pt;\">,<\/span><span style=\"font-size: 12.0pt;\">\u00a0Wir freuen uns \u00fcber eine Musterbestellung zum Testen und \u00dcberpr\u00fcfen der Qualit\u00e4t.<\/span><\/p>\n<p style=\"text-align: left;\" align=\"left\"><strong><span style=\"font-size: 12.0pt;\">Wie sieht es mit der Vorlaufzeit aus?<\/span><\/strong><\/p>\n<p style=\"margin-left: 0cm; text-align: left;\" align=\"left\"><span style=\"font-size: 12.0pt;\">1.\u00a0\u00a0\u00a0\u00a0\u00a0\u00a0<\/span><span style=\"font-size: 12.0pt;\">Probe ben\u00f6tigt 3-5 Tage<\/span><\/p>\n<p style=\"margin-left: 0cm; text-align: left;\" align=\"left\"><span style=\"font-size: 12.0pt;\">2.\u00a0\u00a0\u00a0\u00a0\u00a0\u00a0<\/span><span style=\"font-size: 12.0pt;\">Offizielle Anordnung<\/span><span style=\"font-size: 12.0pt;\">,<\/span><span style=\"font-size: 12.0pt;\">Die Massenproduktion dauert 2-4 Wochen<\/span><\/p>\n<p style=\"text-align: left;\" align=\"left\"><strong><span style=\"font-size: 12.0pt;\">Haben Sie ein MOQ-Limit?<\/span><\/strong><\/p>\n<p style=\"margin-left: 0cm; text-align: left;\" align=\"left\"><span style=\"font-size: 12.0pt;\">1.\u00a0\u00a0\u00a0\u00a0\u00a0\u00a0<\/span><span style=\"font-size: 12.0pt;\">F\u00fcr den Einzelhandel<\/span><span style=\"font-size: 12.0pt;\">,<\/span><span style=\"font-size: 12.0pt;\">wir haben keine Mindestbestellmenge.<\/span><span style=\"font-size: 12.0pt;\">,<\/span><span style=\"font-size: 12.0pt;\">1 St\u00fcck kann eine Bestellung sein.<\/span><\/p>\n<p style=\"margin-left: 0cm; text-align: left;\" align=\"left\"><span style=\"font-size: 12.0pt;\">2.\u00a0\u00a0\u00a0\u00a0\u00a0\u00a0<\/span><span style=\"font-size: 12.0pt;\">F\u00fcr den Gro\u00dfhandel<\/span><span style=\"font-size: 12.0pt;\">,<\/span><span style=\"font-size: 12.0pt;\">wir haben MOQ f\u00fcr einen besseren Preis<\/span><span style=\"font-size: 12.0pt;\">,<\/span><span style=\"font-size: 12.0pt;\">\u00a0normalerweise 100 St\u00fcck.<\/span><\/p>\n<p style=\"text-align: left;\" align=\"left\"><strong><span style=\"font-size: 12.0pt;\">Wie erfolgt der Versand der Ware und wie lange dauert es, bis diese bei Ihnen eintrifft?<\/span><\/strong><\/p>\n<p style=\"margin-left: 0cm; text-align: left;\" align=\"left\"><span style=\"font-size: 12.0pt;\">1.\u00a0\u00a0\u00a0\u00a0\u00a0\u00a0<\/span><span style=\"font-size: 12.0pt;\">F\u00fcr kleine Mengen<\/span><span style=\"font-size: 12.0pt;\">,<\/span><span style=\"font-size: 12.0pt;\">Wir versenden oft per Express<\/span><span style=\"font-size: 12.0pt;\">,<\/span><span style=\"font-size: 12.0pt;\">\u00a0Die Ankunftszeit in verschiedene L\u00e4nder betr\u00e4gt etwa 3\u201310 Tage.<\/span><\/p>\n<p style=\"margin-left: 0cm; text-align: left;\" align=\"left\"><span style=\"font-size: 12.0pt;\">2.\u00a0\u00a0\u00a0\u00a0\u00a0\u00a0<\/span><span style=\"font-size: 12.0pt;\">F\u00fcr offizielle Bestellungen<\/span><span style=\"font-size: 12.0pt;\">,<\/span><span style=\"font-size: 12.0pt;\">Um Kosten zu sparen, empfehlen wir den Versand per Seefracht. In die USA<\/span><span style=\"font-size: 12.0pt;\">,<\/span><span style=\"font-size: 12.0pt;\">\u00a0Ankunftszeit betr\u00e4gt ca. 20-25 Tage<\/span><span style=\"font-size: 12.0pt;\">,<\/span><span style=\"font-size: 12.0pt;\">nach Europa<\/span><span style=\"font-size: 12.0pt;\">,<\/span><span style=\"font-size: 12.0pt;\">Die Ankunftszeit betr\u00e4gt etwa 25\u201330 Tage.<\/span><\/p>\n<p style=\"text-align: left;\" align=\"left\"><strong><span style=\"font-size: 12.0pt;\">Wie gehe ich bei einer Bestellung vor?<\/span><\/strong><\/p>\n<p style=\"margin-left: 0cm; text-align: left;\" align=\"left\"><span style=\"font-size: 12.0pt;\">1.\u00a0\u00a0\u00a0\u00a0\u00a0\u00a0<\/span><span style=\"font-size: 12.0pt;\">Teilen Sie uns Ihre Anforderungen oder Anwendung mit.<\/span><\/p>\n<p style=\"margin-left: 0cm; text-align: left;\" align=\"left\"><span style=\"font-size: 12.0pt;\">2.\u00a0\u00a0\u00a0\u00a0\u00a0\u00a0<\/span><span style=\"font-size: 12.0pt;\">Wir erstellen Ihnen ein Angebot nach Ihren W\u00fcnschen oder unseren Vorschl\u00e4gen.<\/span><\/p>\n<p style=\"margin-left: 0cm; text-align: left;\" align=\"left\"><span style=\"font-size: 12.0pt;\">3.\u00a0\u00a0\u00a0\u00a0\u00a0\u00a0<\/span><span style=\"font-size: 12.0pt;\">Der Kunde best\u00e4tigt die Muster und leistet eine Anzahlung f\u00fcr die formelle Bestellung.<\/span><\/p>\n<p style=\"margin-left: 0cm; text-align: left;\" align=\"left\"><span style=\"font-size: 12.0pt;\">4.\u00a0\u00a0\u00a0\u00a0\u00a0\u00a0<\/span><span style=\"font-size: 12.0pt;\">Wir organisieren die Produktion.<\/span><\/p>\n<p style=\"text-align: left;\" align=\"left\"><strong><span style=\"font-size: 12.0pt;\">Darf ich mein Logo auf das Produkt drucken?<\/span><\/strong><\/p>\n<p style=\"margin-left: 0cm; text-align: left;\" align=\"left\"><span style=\"font-size: 12.0pt;\">1.\u00a0\u00a0\u00a0\u00a0\u00a0\u00a0<\/span><span style=\"font-size: 12.0pt;\">F\u00fcr Kleinmengenbestellungen oder Einzelhandel<\/span><span style=\"font-size: 12.0pt;\">,<\/span><span style=\"font-size: 12.0pt;\">\u00a0kein ma\u00dfgeschneiderter Service.<\/span><\/p>\n<p style=\"margin-left: 0cm; text-align: left;\" align=\"left\"><span style=\"font-size: 12.0pt;\">2.\u00a0\u00a0\u00a0\u00a0\u00a0\u00a0<\/span><span style=\"font-size: 12.0pt;\">F\u00fcr den Gro\u00dfhandel<\/span><span style=\"font-size: 12.0pt;\">,<\/span><span style=\"font-size: 12.0pt;\">ma\u00dfgeschneiderter Service ist willkommen<\/span><span style=\"font-size: 12.0pt;\">,<\/span><span style=\"font-size: 12.0pt;\">\u00a0Bitte senden Sie uns Ihr Kunstwerk.<\/span><\/p>\n<p style=\"text-align: left;\" align=\"left\"><strong><span style=\"font-size: 12.0pt;\">Welche Zertifikate besitzen Sie?<\/span><\/strong><\/p>\n<p style=\"text-align: left;\" align=\"left\"><span style=\"font-size: 12.0pt;\">Wir verf\u00fcgen \u00fcber CE\/FCC\/ROHS\/UN38.3\/MSDS \u2026 usw. Wir versprechen unseren Kunden gute Qualit\u00e4t.<\/span><\/p>\n<p style=\"text-align: left;\" align=\"left\"><strong><span style=\"font-size: 12.0pt;\">Wie steht es mit der Garantie?<\/span><\/strong><\/p>\n<p><span style=\"font-size: 12.0pt;\">2 Jahre Garantie<\/span><\/p>","protected":false},"excerpt":{"rendered":"<ul>\n<li>Batteriespannung: 11,1 V 12 V<\/li>\n<li>Batteriekapazit\u00e4t: 10000mAh<\/li>\n<li>Batterietyp: Lithium-Ionen-Batterie<\/li>\n<li>Einzelzelle: 18650<\/li>\n<li>Connector ist ausgew\u00e4hlt<\/li>\n<li>Akkupack kann individuell angepasst werden<\/li>\n<li>Ladeanschluss (IN)\/Entladeanschluss (OUT): Kabelleitung oder ausgew\u00e4hlter Stecker<\/li>\n<li>Batterieabmessungen (mm): 130 x 54 x 42<\/li>\n<li>Gewicht: Ca. 540 g<\/li>\n<li>Batterieschutz: \u00dcberladung\/-entladung, \u00dcberstrom, Kurzschluss<\/li>\n<\/ul>","protected":false},"featured_media":2248,"template":"","meta":{"_seopress_robots_primary_cat":"","_seopress_titles_title":"11.1V12V 10Ah Lithium Ion Battery Pack","_seopress_titles_desc":"11.1V12V 10Ah Lithium Ion Battery Pack","_seopress_robots_index":"","site-sidebar-layout":"default","site-content-layout":"default","ast-site-content-layout":"default","site-content-style":"default","site-sidebar-style":"default","ast-global-header-display":"","ast-banner-title-visibility":"","ast-main-header-display":"","ast-hfb-above-header-display":"","ast-hfb-below-header-display":"","ast-hfb-mobile-header-display":"","site-post-title":"","ast-breadcrumbs-content":"","ast-featured-img":"","footer-sml-layout":"","theme-transparent-header-meta":"default","adv-header-id-meta":"","stick-header-meta":"","header-above-stick-meta":"","header-main-stick-meta":"","header-below-stick-meta":"","astra-migrate-meta-layouts":"default","ast-page-background-enabled":"default","ast-page-background-meta":{"desktop":{"background-color":"","background-image":"","background-repeat":"repeat","background-position":"center center","background-size":"auto","background-attachment":"scroll","background-type":"","background-media":"","overlay-type":"","overlay-color":"","overlay-opacity":"","overlay-gradient":""},"tablet":{"background-color":"","background-image":"","background-repeat":"repeat","background-position":"center center","background-size":"auto","background-attachment":"scroll","background-type":"","background-media":"","overlay-type":"","overlay-color":"","overlay-opacity":"","overlay-gradient":""},"mobile":{"background-color":"","background-image":"","background-repeat":"repeat","background-position":"center center","background-size":"auto","background-attachment":"scroll","background-type":"","background-media":"","overlay-type":"","overlay-color":"","overlay-opacity":"","overlay-gradient":""}},"ast-content-background-meta":{"desktop":{"background-color":"var(--ast-global-color-5)","background-image":"","background-repeat":"repeat","background-position":"center center","background-size":"auto","background-attachment":"scroll","background-type":"","background-media":"","overlay-type":"","overlay-color":"","overlay-opacity":"","overlay-gradient":""},"tablet":{"background-color":"var(--ast-global-color-5)","background-image":"","background-repeat":"repeat","background-position":"center center","background-size":"auto","background-attachment":"scroll","background-type":"","background-media":"","overlay-type":"","overlay-color":"","overlay-opacity":"","overlay-gradient":""},"mobile":{"background-color":"var(--ast-global-color-5)","background-image":"","background-repeat":"repeat","background-position":"center center","background-size":"auto","background-attachment":"scroll","background-type":"","background-media":"","overlay-type":"","overlay-color":"","overlay-opacity":"","overlay-gradient":""}}},"product_brand":[],"product_cat":[23],"product_tag":[],"class_list":{"0":"post-2246","1":"product","2":"type-product","3":"status-publish","4":"has-post-thumbnail","6":"product_cat-customized-lithium-battery","7":"desktop-align-left","8":"tablet-align-left","9":"mobile-align-left","11":"first","12":"instock","13":"shipping-taxable","14":"product-type-simple"},"_links":{"self":[{"href":"https:\/\/ygspower.com\/de\/wp-json\/wp\/v2\/product\/2246","targetHints":{"allow":["GET"]}}],"collection":[{"href":"https:\/\/ygspower.com\/de\/wp-json\/wp\/v2\/product"}],"about":[{"href":"https:\/\/ygspower.com\/de\/wp-json\/wp\/v2\/types\/product"}],"version-history":[{"count":0,"href":"https:\/\/ygspower.com\/de\/wp-json\/wp\/v2\/product\/2246\/revisions"}],"wp:featuredmedia":[{"embeddable":true,"href":"https:\/\/ygspower.com\/de\/wp-json\/wp\/v2\/media\/2248"}],"wp:attachment":[{"href":"https:\/\/ygspower.com\/de\/wp-json\/wp\/v2\/media?parent=2246"}],"wp:term":[{"taxonomy":"product_brand","embeddable":true,"href":"https:\/\/ygspower.com\/de\/wp-json\/wp\/v2\/product_brand?post=2246"},{"taxonomy":"product_cat","embeddable":true,"href":"https:\/\/ygspower.com\/de\/wp-json\/wp\/v2\/product_cat?post=2246"},{"taxonomy":"product_tag","embeddable":true,"href":"https:\/\/ygspower.com\/de\/wp-json\/wp\/v2\/product_tag?post=2246"}],"curies":[{"name":"wp","href":"https:\/\/api.w.org\/{rel}","templated":true}]}}