{"id":2479,"date":"2021-08-02T07:56:16","date_gmt":"2021-08-01T23:56:16","guid":{"rendered":"https:\/\/darksalmon-dugong-512221.hostingersite.com\/?post_type=product&#038;p=2479"},"modified":"2024-08-21T16:09:14","modified_gmt":"2024-08-21T08:09:14","slug":"waterproof-life-po4-lithium-ion-battery-12v-30ah","status":"publish","type":"product","link":"https:\/\/ygspower.com\/de\/produkt\/waterproof-life-po4-lithium-ion-battery-12v-30ah\/","title":{"rendered":"Wasserdichter LiFe PO4 Lithium-Ionen-Akku 12V 30Ah"},"content":{"rendered":"<p><strong><span data-spm-anchor-id=\"a2700.wholesale.0.i15.130c3c35yhNgvv\">Mylion Lfp1218w 12V 30Ah Lifepo4 Batterie Lithium-Ionen-Batterie Backup Blei-S\u00e4ure-Batterie Ersatz Mit Wasserdichtem Geh\u00e4use<\/span><\/strong><\/p>\n<p><img fetchpriority=\"high\" decoding=\"async\" src=\"https:\/\/sc04.alicdn.com\/kf\/H560c457633f149f5a62bbf283dbb169au\/202118431\/H560c457633f149f5a62bbf283dbb169au.jpg\" alt=\"mylion lfp127w 12v 7ah lifepo4 battery lithium ion battery backup lead acid battery replacement with waterproof case\" width=\"750\" height=\"326\" data-src=\"\/\/sc04.alicdn.com\/kf\/H560c457633f149f5a62bbf283dbb169au\/202118431\/H560c457633f149f5a62bbf283dbb169au.jpg\" data-alt=\"mylion lfp127w 12v 7ah lifepo4 battery lithium ion battery backup lead acid battery replacement with waterproof case\" \/><img decoding=\"async\" src=\"https:\/\/sc04.alicdn.com\/kf\/Ha6ed4b05758040f4948b6b256b5de6dbk\/202118431\/Ha6ed4b05758040f4948b6b256b5de6dbk.jpg\" alt=\"mylion lfp127w 12v 7ah lifepo4 battery lithium ion battery backup lead acid battery replacement with waterproof case\" width=\"750\" height=\"1896\" data-src=\"\/\/sc04.alicdn.com\/kf\/Ha6ed4b05758040f4948b6b256b5de6dbk\/202118431\/Ha6ed4b05758040f4948b6b256b5de6dbk.jpg\" data-alt=\"mylion lfp127w 12v 7ah lifepo4 battery lithium ion battery backup lead acid battery replacement with waterproof case\" \/><img decoding=\"async\" src=\"https:\/\/sc04.alicdn.com\/kf\/H2870154a10014b84991d17984f12c60ev\/202118431\/H2870154a10014b84991d17984f12c60ev.jpg\" alt=\"mylion lfp127w 12v 7ah lifepo4 battery lithium ion battery backup lead acid battery replacement with waterproof case\" width=\"750\" height=\"2070\" data-src=\"\/\/sc04.alicdn.com\/kf\/H2870154a10014b84991d17984f12c60ev\/202118431\/H2870154a10014b84991d17984f12c60ev.jpg\" data-alt=\"mylion lfp127w 12v 7ah lifepo4 battery lithium ion battery backup lead acid battery replacement with waterproof case\" \/><img loading=\"lazy\" decoding=\"async\" src=\"https:\/\/sc04.alicdn.com\/kf\/Hfbd0b221b76847ee98b473c9b9383a44q\/202118431\/Hfbd0b221b76847ee98b473c9b9383a44q.jpg\" alt=\"mylion lfp127w 12v 7ah lifepo4 battery lithium ion battery backup lead acid battery replacement with waterproof case\" width=\"750\" height=\"2242\" data-src=\"\/\/sc04.alicdn.com\/kf\/Hfbd0b221b76847ee98b473c9b9383a44q\/202118431\/Hfbd0b221b76847ee98b473c9b9383a44q.jpg\" data-alt=\"mylion lfp127w 12v 7ah lifepo4 battery lithium ion battery backup lead acid battery replacement with waterproof case\" \/><img loading=\"lazy\" decoding=\"async\" src=\"https:\/\/sc04.alicdn.com\/kf\/H511346b074ac4feb90c97d5547ce9dc7c\/202118431\/H511346b074ac4feb90c97d5547ce9dc7c.jpg\" alt=\"mylion lfp127w 12v 7ah lifepo4 battery lithium ion battery backup lead acid battery replacement with waterproof case\" width=\"750\" height=\"3158\" data-src=\"\/\/sc04.alicdn.com\/kf\/H511346b074ac4feb90c97d5547ce9dc7c\/202118431\/H511346b074ac4feb90c97d5547ce9dc7c.jpg\" data-alt=\"mylion lfp127w 12v 7ah lifepo4 battery lithium ion battery backup lead acid battery replacement with waterproof case\" \/><img loading=\"lazy\" decoding=\"async\" src=\"https:\/\/sc04.alicdn.com\/kf\/H8b82506384e541e0aeb15bdfe968a937o\/202118431\/H8b82506384e541e0aeb15bdfe968a937o.jpg\" alt=\"mylion lfp127w 12v 7ah lifepo4 battery lithium ion battery backup lead acid battery replacement with waterproof case\" width=\"750\" height=\"1983\" data-src=\"\/\/sc04.alicdn.com\/kf\/H8b82506384e541e0aeb15bdfe968a937o\/202118431\/H8b82506384e541e0aeb15bdfe968a937o.jpg\" data-alt=\"mylion lfp127w 12v 7ah lifepo4 battery lithium ion battery backup lead acid battery replacement with waterproof case\" \/><\/p>\n<table width=\"925\">\n<tbody>\n<tr>\n<td width=\"341\">Produktname<\/td>\n<td width=\"584\">Lithium-Eisenphosphat-Akkupack<\/td>\n<\/tr>\n<tr>\n<td>Stilname<\/td>\n<td>LiFe PO4 Batterie 12V30Ah<\/td>\n<\/tr>\n<tr>\n<td>Normale Kapazit\u00e4t<\/td>\n<td>30 Ah<\/td>\n<\/tr>\n<tr>\n<td>Nennspannung<\/td>\n<td>12V<\/td>\n<\/tr>\n<tr>\n<td>Maximale Ladespannung<\/td>\n<td>14,6 V<\/td>\n<\/tr>\n<tr>\n<td>Entladeschlussspannung<\/td>\n<td>10 V<\/td>\n<\/tr>\n<tr>\n<td>Max. Dauerentladestrom<\/td>\n<td>20A<\/td>\n<\/tr>\n<tr>\n<td>Ladestrom<\/td>\n<td>10 A max.<\/td>\n<\/tr>\n<tr>\n<td>Ausgangsleistung<\/td>\n<td>360 W<\/td>\n<\/tr>\n<tr>\n<td rowspan=\"2\">Arbeitszeit<\/td>\n<td>Ausgang 12 V 0,5 A (6 W): ca. 60 Stunden<\/td>\n<\/tr>\n<tr>\n<td>Ausgang 12 V 1,0 A (12 W): ca. 30 Stunden<\/td>\n<\/tr>\n<tr>\n<td>Ladeanschluss (IN)<\/td>\n<td>DC.5,5 \u00d7 2,5<\/td>\n<\/tr>\n<tr>\n<td>Auslass\u00f6ffnung (OUT)<\/td>\n<td>Metallloch (Rot + Schwarz-)<\/td>\n<\/tr>\n<tr>\n<td>Kunststoffgeh\u00e4use ABS<\/td>\n<td>Graues wasserdichtes Geh\u00e4use<\/td>\n<\/tr>\n<tr>\n<td>Abmessungen des Batteriegeh\u00e4uses (mm)<\/td>\n<td>L274xB150xH85mm<\/td>\n<\/tr>\n<tr>\n<td>Gewicht<\/td>\n<td>Ca. 3,7 kg<\/td>\n<\/tr>\n<tr>\n<td>Batteriezellenmarke<\/td>\n<td>Chinesische Markenzelle<\/td>\n<\/tr>\n<tr>\n<td>Batterieschutz<\/td>\n<td>\u00dcberladung\/-entladung, \u00dcberstrom, Kurzschluss<\/td>\n<\/tr>\n<tr>\n<td>Lebensdauer<\/td>\n<td>Standard-Lade- und Entladekapazit\u00e4t \u226580% C5mAh, Zyklenlebensdauer \u22651500<\/td>\n<\/tr>\n<tr>\n<td>Anwendung<\/td>\n<td width=\"584\">Beleuchtung, Gartenspritze, Au\u00dfeninstrument, T\u00fcrsteuerung, Solar-LED, Ersatz f\u00fcr 12-V-Bleibatterien usw.<\/td>\n<\/tr>\n<tr>\n<td>Paket<\/td>\n<td>3 St\u00fcck im Karton (36 x 21 x 30 cm), ca. 9 kg\/Karton<\/td>\n<\/tr>\n<tr>\n<td>Garantie<\/td>\n<td>12 Monate<\/td>\n<\/tr>\n<\/tbody>\n<\/table>\n<p align=\"left\"><strong>H\u00e4ufig gestellte Fragen.<\/strong><\/p>\n<p align=\"left\"><strong style=\"font-size: 16px\">Sind Sie Hersteller?<\/strong><\/p>\n<p align=\"left\">Ja, Mylion ist ein Hersteller.<\/p>\n<p align=\"left\"><strong>Kann ich eine Musterbestellung erhalten?<\/strong><\/p>\n<p align=\"left\">Ja, wir freuen uns \u00fcber Musterbestellungen zum Testen und \u00dcberpr\u00fcfen der Qualit\u00e4t.<\/p>\n<p align=\"left\"><strong>Wie sieht es mit der Vorlaufzeit aus?<\/strong><\/p>\n<p align=\"left\">1. Probe ben\u00f6tigt 3-5 Tage<\/p>\n<p align=\"left\">2. Offizielle Bestellung, Massenproduktionszeit ben\u00f6tigt 2-4 Wochen<\/p>\n<p align=\"left\"><strong>Haben Sie ein MOQ-Limit?<\/strong><\/p>\n<p align=\"left\">1. F\u00fcr den Einzelhandel haben wir keine Mindestbestellmenge. Eine Bestellung kann 1 St\u00fcck umfassen.<\/p>\n<p align=\"left\">2. F\u00fcr den Gro\u00dfhandel haben wir eine Mindestbestellmenge f\u00fcr bessere Preise, normalerweise 100 St\u00fcck.<\/p>\n<p align=\"left\"><strong>Wie erfolgt der Versand der Ware und wie lange dauert es, bis diese bei Ihnen eintrifft?<\/strong><\/p>\n<p align=\"left\">1. Bei kleinen Mengen versenden wir oft per Express. Die Lieferzeit in verschiedene L\u00e4nder betr\u00e4gt ca. 3\u201310 Tage.<\/p>\n<p align=\"left\">2. F\u00fcr offizielle Bestellungen empfehlen wir, den Versand \u00fcber den Seeweg zu w\u00e4hlen, um Kosten zu sparen. In die USA betr\u00e4gt die Lieferzeit ca. 20\u201325 Tage, nach Europa ca. 25\u201330 Tage.<\/p>\n<p align=\"left\"><strong>Wie gehe ich bei einer Bestellung vor?<\/strong><\/p>\n<p align=\"left\">1. Teilen Sie uns Ihre Anforderungen oder Anwendung mit.<\/p>\n<p align=\"left\">2. Wir erstellen ein Angebot entsprechend Ihren Anforderungen oder unseren Vorschl\u00e4gen.<\/p>\n<p align=\"left\">3. Der Kunde best\u00e4tigt die Muster und leistet eine Anzahlung f\u00fcr die formelle Bestellung.<\/p>\n<p align=\"left\">4. Wir organisieren die Produktion.<\/p>\n<p align=\"left\"><strong>Darf ich mein Logo auf das Produkt drucken?<\/strong><\/p>\n<p align=\"left\">1. F\u00fcr Kleinmengenbestellungen oder den Einzelhandel kein individueller Service.<\/p>\n<p align=\"left\">2. F\u00fcr den Gro\u00dfhandel ist ein individueller Service willkommen. Bitte senden Sie uns Ihr Kunstwerk.<\/p>\n<p align=\"left\"><strong>Welche Zertifikate besitzen Sie?<\/strong><\/p>\n<p align=\"left\">Wir verf\u00fcgen \u00fcber CE\/FCC\/ROHS\/UN38.3\/MSDS \u2026 usw. Wir versprechen unseren Kunden gute Qualit\u00e4t.<\/p>\n<p align=\"left\"><strong>Wie steht es mit der Garantie?<\/strong><\/p>\n<p>2 Jahre Garantie<\/p>","protected":false},"excerpt":{"rendered":"<p>Mylion LiFe PO4 Batterie 12V 30Ah Batterie Lithium-Ionen-Batterie-Backup<\/p>\n<ul>\n<li>Batterietyp: Lifepo4-Batterie<\/li>\n<li>Batteriespannung: 12V<\/li>\n<li>Batteriekapazit\u00e4t: 30000mAh<\/li>\n<li>Gr\u00f6\u00dfe: L274xB150xH85mmmm<\/li>\n<li>Gewicht: 3,7 kg<\/li>\n<li>Ladeanschluss (IN): DC.5.5\u00d72.5<\/li>\n<li>Arbeitszeit: Ausgang 12 V 0,5 A (6 W): ca. 60 Stunden<\/li>\n<li>Auslass\u00f6ffnung (AUS): Metallloch (Rot + Schwarz-)<\/li>\n<li>Akkupack kann individuell angepasst werden<\/li>\n<li>Anwendung: Spielzeug, Elektrowerkzeuge, Haushaltsger\u00e4te, Unterhaltungselektronik<\/li>\n<li>Feature: gr\u00fcn, lange Lebensdauer, klein, leicht, sicher<\/li>\n<li>Schutz: Temperaturschutz, \u00dcberladung und Entladung, \u00dcberstrom, Kurzschluss<\/li>\n<\/ul>","protected":false},"featured_media":2480,"template":"","meta":{"_seopress_robots_primary_cat":"none","_seopress_titles_title":"Waterproof LiFe PO4 Lithium Ion Battery 12V 30Ah","_seopress_titles_desc":"Waterproof LiFe PO4 Lithium Ion Battery 12V 30Ah","_seopress_robots_index":"","site-sidebar-layout":"default","site-content-layout":"default","ast-site-content-layout":"default","site-content-style":"default","site-sidebar-style":"default","ast-global-header-display":"","ast-banner-title-visibility":"","ast-main-header-display":"","ast-hfb-above-header-display":"","ast-hfb-below-header-display":"","ast-hfb-mobile-header-display":"","site-post-title":"","ast-breadcrumbs-content":"","ast-featured-img":"","footer-sml-layout":"","theme-transparent-header-meta":"default","adv-header-id-meta":"","stick-header-meta":"","header-above-stick-meta":"","header-main-stick-meta":"","header-below-stick-meta":"","astra-migrate-meta-layouts":"default","ast-page-background-enabled":"default","ast-page-background-meta":{"desktop":{"background-color":"","background-image":"","background-repeat":"repeat","background-position":"center center","background-size":"auto","background-attachment":"scroll","background-type":"","background-media":"","overlay-type":"","overlay-color":"","overlay-opacity":"","overlay-gradient":""},"tablet":{"background-color":"","background-image":"","background-repeat":"repeat","background-position":"center center","background-size":"auto","background-attachment":"scroll","background-type":"","background-media":"","overlay-type":"","overlay-color":"","overlay-opacity":"","overlay-gradient":""},"mobile":{"background-color":"","background-image":"","background-repeat":"repeat","background-position":"center center","background-size":"auto","background-attachment":"scroll","background-type":"","background-media":"","overlay-type":"","overlay-color":"","overlay-opacity":"","overlay-gradient":""}},"ast-content-background-meta":{"desktop":{"background-color":"var(--ast-global-color-5)","background-image":"","background-repeat":"repeat","background-position":"center center","background-size":"auto","background-attachment":"scroll","background-type":"","background-media":"","overlay-type":"","overlay-color":"","overlay-opacity":"","overlay-gradient":""},"tablet":{"background-color":"var(--ast-global-color-5)","background-image":"","background-repeat":"repeat","background-position":"center center","background-size":"auto","background-attachment":"scroll","background-type":"","background-media":"","overlay-type":"","overlay-color":"","overlay-opacity":"","overlay-gradient":""},"mobile":{"background-color":"var(--ast-global-color-5)","background-image":"","background-repeat":"repeat","background-position":"center center","background-size":"auto","background-attachment":"scroll","background-type":"","background-media":"","overlay-type":"","overlay-color":"","overlay-opacity":"","overlay-gradient":""}}},"product_brand":[],"product_cat":[28],"product_tag":[],"class_list":{"0":"post-2479","1":"product","2":"type-product","3":"status-publish","4":"has-post-thumbnail","6":"product_cat-life-po4-battery","7":"desktop-align-left","8":"tablet-align-left","9":"mobile-align-left","11":"first","12":"instock","13":"shipping-taxable","14":"product-type-simple"},"_links":{"self":[{"href":"https:\/\/ygspower.com\/de\/wp-json\/wp\/v2\/product\/2479","targetHints":{"allow":["GET"]}}],"collection":[{"href":"https:\/\/ygspower.com\/de\/wp-json\/wp\/v2\/product"}],"about":[{"href":"https:\/\/ygspower.com\/de\/wp-json\/wp\/v2\/types\/product"}],"version-history":[{"count":0,"href":"https:\/\/ygspower.com\/de\/wp-json\/wp\/v2\/product\/2479\/revisions"}],"wp:featuredmedia":[{"embeddable":true,"href":"https:\/\/ygspower.com\/de\/wp-json\/wp\/v2\/media\/2480"}],"wp:attachment":[{"href":"https:\/\/ygspower.com\/de\/wp-json\/wp\/v2\/media?parent=2479"}],"wp:term":[{"taxonomy":"product_brand","embeddable":true,"href":"https:\/\/ygspower.com\/de\/wp-json\/wp\/v2\/product_brand?post=2479"},{"taxonomy":"product_cat","embeddable":true,"href":"https:\/\/ygspower.com\/de\/wp-json\/wp\/v2\/product_cat?post=2479"},{"taxonomy":"product_tag","embeddable":true,"href":"https:\/\/ygspower.com\/de\/wp-json\/wp\/v2\/product_tag?post=2479"}],"curies":[{"name":"wp","href":"https:\/\/api.w.org\/{rel}","templated":true}]}}