{"id":2485,"date":"2021-08-02T09:40:15","date_gmt":"2021-08-02T01:40:15","guid":{"rendered":"https:\/\/darksalmon-dugong-512221.hostingersite.com\/?post_type=product&#038;p=2485"},"modified":"2022-04-20T18:07:45","modified_gmt":"2022-04-20T10:07:45","slug":"life-po4-lithium-iron-phosphate-battery-pack-12v-18ah","status":"publish","type":"product","link":"https:\/\/ygspower.com\/de\/produkt\/life-po4-lithium-iron-phosphate-battery-pack-12v-18ah\/","title":{"rendered":"LiFe PO4 Lithium-Eisenphosphat-Akkupack 12V 18Ah"},"content":{"rendered":"<p><strong>Mylion LFP 1218U, 12V 18Ah Lifepo4-Batterie, Lithium-Ionen-Batterie-Backup, Blei-S\u00e4ure-Batterie-Ersatz mit USB, DC-Ausgang, LCD-Batterieanzeige<\/strong><\/p>\n<p><img fetchpriority=\"high\" decoding=\"async\" src=\"https:\/\/sc04.alicdn.com\/kf\/H29c29884ee284ea49152bcf0e4ba5c83c\/202118431\/H29c29884ee284ea49152bcf0e4ba5c83c.jpg\" alt=\"mylion lfp1218u 12v 18ah lifepo4 battery lithium ion battery backup lead acid battery replacement with usb dc output\" width=\"750\" height=\"326\" data-src=\"\/\/sc04.alicdn.com\/kf\/H29c29884ee284ea49152bcf0e4ba5c83c\/202118431\/H29c29884ee284ea49152bcf0e4ba5c83c.jpg\" data-alt=\"mylion lfp1218u 12v 18ah lifepo4 battery lithium ion battery backup lead acid battery replacement with usb dc output\" \/><img decoding=\"async\" src=\"https:\/\/sc04.alicdn.com\/kf\/H7f913399b9ec4689aea6f0f59b8348e1Q\/202118431\/H7f913399b9ec4689aea6f0f59b8348e1Q.jpg\" alt=\"mylion lfp1218u 12v 18ah lifepo4 battery lithium ion battery backup lead acid battery replacement with usb dc output\" width=\"750\" height=\"1894\" data-src=\"\/\/sc04.alicdn.com\/kf\/H7f913399b9ec4689aea6f0f59b8348e1Q\/202118431\/H7f913399b9ec4689aea6f0f59b8348e1Q.jpg\" data-alt=\"mylion lfp1218u 12v 18ah lifepo4 battery lithium ion battery backup lead acid battery replacement with usb dc output\" \/><img decoding=\"async\" src=\"https:\/\/sc04.alicdn.com\/kf\/Hb305ac6c7e0c42038397286700417159w\/202118431\/Hb305ac6c7e0c42038397286700417159w.jpg\" alt=\"mylion lfp1218u 12v 18ah lifepo4 battery lithium ion battery backup lead acid battery replacement with usb dc output\" width=\"750\" height=\"2037\" data-src=\"\/\/sc04.alicdn.com\/kf\/Hb305ac6c7e0c42038397286700417159w\/202118431\/Hb305ac6c7e0c42038397286700417159w.jpg\" data-alt=\"mylion lfp1218u 12v 18ah lifepo4 battery lithium ion battery backup lead acid battery replacement with usb dc output\" \/><img loading=\"lazy\" decoding=\"async\" src=\"https:\/\/sc04.alicdn.com\/kf\/Hc90910afd7e34750bc17dfdc3b963dfem\/202118431\/Hc90910afd7e34750bc17dfdc3b963dfem.jpg\" alt=\"mylion lfp1218u 12v 18ah lifepo4 battery lithium ion battery backup lead acid battery replacement with usb dc output\" width=\"750\" height=\"3101\" data-src=\"\/\/sc04.alicdn.com\/kf\/Hc90910afd7e34750bc17dfdc3b963dfem\/202118431\/Hc90910afd7e34750bc17dfdc3b963dfem.jpg\" data-alt=\"mylion lfp1218u 12v 18ah lifepo4 battery lithium ion battery backup lead acid battery replacement with usb dc output\" \/><img loading=\"lazy\" decoding=\"async\" src=\"https:\/\/sc04.alicdn.com\/kf\/H81e4b59b93e34874a9175e87fe45cea70\/202118431\/H81e4b59b93e34874a9175e87fe45cea70.jpg\" alt=\"mylion lfp1218u 12v 18ah lifepo4 battery lithium ion battery backup lead acid battery replacement with usb dc output\" width=\"750\" height=\"1951\" data-src=\"\/\/sc04.alicdn.com\/kf\/H81e4b59b93e34874a9175e87fe45cea70\/202118431\/H81e4b59b93e34874a9175e87fe45cea70.jpg\" data-alt=\"mylion lfp1218u 12v 18ah lifepo4 battery lithium ion battery backup lead acid battery replacement with usb dc output\" \/><img loading=\"lazy\" decoding=\"async\" src=\"https:\/\/sc04.alicdn.com\/kf\/H1c09d3dbe1234860a3e042a88ce0b22bL\/202118431\/H1c09d3dbe1234860a3e042a88ce0b22bL.jpg\" alt=\"mylion lfp1218u 12v 18ah lifepo4 battery lithium ion battery backup lead acid battery replacement with usb dc output\" width=\"750\" height=\"2031\" data-src=\"\/\/sc04.alicdn.com\/kf\/H1c09d3dbe1234860a3e042a88ce0b22bL\/202118431\/H1c09d3dbe1234860a3e042a88ce0b22bL.jpg\" data-alt=\"mylion lfp1218u 12v 18ah lifepo4 battery lithium ion battery backup lead acid battery replacement with usb dc output\" \/><\/p>\n<p>&nbsp;<\/p>\n<table border=\"1\" width=\"925\" cellspacing=\"0\" cellpadding=\"0\">\n<tbody>\n<tr>\n<td height=\"24\">Alle der folgenden Informationen sind korrekt und ECHT.<\/td>\n<td><\/td>\n<\/tr>\n<tr>\n<td height=\"24\">Produktname<\/td>\n<td>Lithium-Eisenphosphat-Akkupack<\/td>\n<\/tr>\n<tr>\n<td height=\"24\">Stilname<\/td>\n<td>LiFe PO4 Batterie 12V18Ah<\/td>\n<\/tr>\n<tr>\n<td height=\"24\">Normale Kapazit\u00e4t<\/td>\n<td>18 Ah<\/td>\n<\/tr>\n<tr>\n<td height=\"24\">Nennspannung<\/td>\n<td>12V<\/td>\n<\/tr>\n<tr>\n<td height=\"24\">Maximale Ladespannung<\/td>\n<td>14,6 V<\/td>\n<\/tr>\n<tr>\n<td height=\"24\">Entladeschlussspannung<\/td>\n<td>10 V<\/td>\n<\/tr>\n<tr>\n<td height=\"24\">Max. Dauerentladestrom<\/td>\n<td>20A<\/td>\n<\/tr>\n<tr>\n<td height=\"24\">Ladestrom<\/td>\n<td>3A<\/td>\n<\/tr>\n<tr>\n<td height=\"24\">Ausgangsleistung<\/td>\n<td>230 W<\/td>\n<\/tr>\n<tr>\n<td rowspan=\"2\" height=\"48\">Arbeitszeit<\/td>\n<td>Ausgang 12 V 0,5 A (6 W): ca. 38 Stunden<\/td>\n<\/tr>\n<tr>\n<td height=\"24\">Ausgang 12 V 1,0 A (12 W): ca. 19 Stunden<\/td>\n<\/tr>\n<tr>\n<td height=\"24\">Ladeanschluss (IN)<\/td>\n<td>DC.5.5\u00d72.1<\/td>\n<\/tr>\n<tr>\n<td height=\"24\">Auslassanschluss 1 (AUS)<\/td>\n<td>Metallloch (Rot + Schwarz-)<\/td>\n<\/tr>\n<tr>\n<td height=\"24\">Auslassanschluss 2 (AUS)<\/td>\n<td>2 St\u00fcck 5V2A USB<\/td>\n<\/tr>\n<tr>\n<td height=\"24\">LCD Anzeige<\/td>\n<td data-spm-anchor-id=\"a2700.wholesale.0.i16.69c4143c82TSaT\">LCD-Anzeige Spannungsbalanceanzeige<\/td>\n<\/tr>\n<tr>\n<td height=\"24\">Ein-\/Ausschalter<\/td>\n<td>Spannungsbalance-Anzeigeschalter<\/td>\n<\/tr>\n<tr>\n<td height=\"24\">Kunststoffgeh\u00e4use ABS<\/td>\n<td data-spm-anchor-id=\"a2700.wholesale.0.i15.69c4143c82TSaT\">Blaues Kunststoffgeh\u00e4use mit Tragegriff<\/td>\n<\/tr>\n<tr>\n<td height=\"24\">Abmessungen des Batteriegeh\u00e4uses (mm)<\/td>\n<td>L300xB230 xT52mm<\/td>\n<\/tr>\n<tr>\n<td height=\"24\">Gewicht<\/td>\n<td>Ca. 2,5 kg<\/td>\n<\/tr>\n<tr>\n<td height=\"24\">Batteriezellenmarke<\/td>\n<td>Chinesische Markenzelle<\/td>\n<\/tr>\n<tr>\n<td height=\"24\">Batterieschutz<\/td>\n<td>\u00dcberladung\/-entladung, \u00dcberstrom, Kurzschluss<\/td>\n<\/tr>\n<tr>\n<td height=\"24\">Lebensdauer<\/td>\n<td>Standard-Lade- und Entladekapazit\u00e4t \u226580% C5mAh, Zyklenlebensdauer \u22651500<\/td>\n<\/tr>\n<tr>\n<td height=\"51\">Anwendung<\/td>\n<td>Beleuchtung, Gartenspritze, Au\u00dfeninstrument, T\u00fcrsteuerung, Solar-LED, Ersatz f\u00fcr 12-V-Bleibatterien usw.<\/td>\n<\/tr>\n<tr>\n<td height=\"24\">Paket<\/td>\n<td>3 St\u00fcck im Karton (36 x 21 x 30 cm), ca. 9 kg\/Karton<\/td>\n<\/tr>\n<tr>\n<td height=\"24\">Garantie<\/td>\n<td>24 Monate<\/td>\n<\/tr>\n<\/tbody>\n<\/table>\n<p><strong style=\"font-size: 16px;\">H\u00e4ufig gestellte Fragen.<\/strong><\/p>\n<p align=\"left\"><strong style=\"font-size: 16px;\">Sind Sie Hersteller?<\/strong><\/p>\n<p align=\"left\">Ja, Mylion ist ein Hersteller.<\/p>\n<p align=\"left\"><strong>Kann ich eine Musterbestellung erhalten?<\/strong><\/p>\n<p align=\"left\">Ja, wir freuen uns \u00fcber Musterbestellungen zum Testen und \u00dcberpr\u00fcfen der Qualit\u00e4t.<\/p>\n<p align=\"left\"><strong>Wie sieht es mit der Vorlaufzeit aus?<\/strong><\/p>\n<p align=\"left\">1. Probe ben\u00f6tigt 3-5 Tage<\/p>\n<p align=\"left\">2. Offizielle Bestellung, Massenproduktionszeit ben\u00f6tigt 2-4 Wochen<\/p>\n<p align=\"left\"><strong>Haben Sie ein MOQ-Limit?<\/strong><\/p>\n<p align=\"left\">1. F\u00fcr den Einzelhandel haben wir keine Mindestbestellmenge. Eine Bestellung kann 1 St\u00fcck umfassen.<\/p>\n<p align=\"left\">2. F\u00fcr den Gro\u00dfhandel haben wir eine Mindestbestellmenge f\u00fcr bessere Preise, normalerweise 100 St\u00fcck.<\/p>\n<p align=\"left\"><strong>Wie erfolgt der Versand der Ware und wie lange dauert es, bis diese bei Ihnen eintrifft?<\/strong><\/p>\n<p align=\"left\">1. Bei kleinen Mengen versenden wir oft per Express. Die Lieferzeit in verschiedene L\u00e4nder betr\u00e4gt ca. 3\u201310 Tage.<\/p>\n<p align=\"left\">2. F\u00fcr offizielle Bestellungen empfehlen wir, den Versand \u00fcber den Seeweg zu w\u00e4hlen, um Kosten zu sparen. In die USA betr\u00e4gt die Lieferzeit ca. 20\u201325 Tage, nach Europa ca. 25\u201330 Tage.<\/p>\n<p align=\"left\"><strong>Wie gehe ich bei einer Bestellung vor?<\/strong><\/p>\n<p align=\"left\">1. Teilen Sie uns Ihre Anforderungen oder Anwendung mit.<\/p>\n<p align=\"left\">2. Wir erstellen ein Angebot entsprechend Ihren Anforderungen oder unseren Vorschl\u00e4gen.<\/p>\n<p align=\"left\">3. Der Kunde best\u00e4tigt die Muster und leistet eine Anzahlung f\u00fcr die formelle Bestellung.<\/p>\n<p align=\"left\">4. Wir organisieren die Produktion.<\/p>\n<p align=\"left\"><strong>Darf ich mein Logo auf das Produkt drucken?<\/strong><\/p>\n<p align=\"left\">1. F\u00fcr Kleinmengenbestellungen oder den Einzelhandel kein individueller Service.<\/p>\n<p align=\"left\">2. F\u00fcr den Gro\u00dfhandel ist ein individueller Service willkommen. Bitte senden Sie uns Ihr Kunstwerk.<\/p>\n<p align=\"left\"><strong>Welche Zertifikate besitzen Sie?<\/strong><\/p>\n<p align=\"left\">Wir verf\u00fcgen \u00fcber CE\/FCC\/ROHS\/UN38.3\/MSDS \u2026 usw. Wir versprechen unseren Kunden gute Qualit\u00e4t.<\/p>\n<p align=\"left\"><strong>Wie steht es mit der Garantie?<\/strong><\/p>\n<p>2 Jahre Garantie<\/p>","protected":false},"excerpt":{"rendered":"<p>Mylion LiFe PO4 Batterie 12V 18Ah Batterie Lithium-Ionen-Batterie-Backup<\/p>\n<ul>\n<li>Batterietyp: Lifepo4-Batterie<\/li>\n<li>Batteriespannung: 12V<\/li>\n<li>Batteriekapazit\u00e4t: 18000mAh<\/li>\n<li>Gr\u00f6\u00dfe: L300xB230 xT52mm<\/li>\n<li>Gewicht: 2,5 kg<\/li>\n<li>Ladeanschluss (IN): DC.5.5\u00d72.1<\/li>\n<li>Arbeitszeit: Ausgang 12 V 0,5 A (6 W): ca. 38 Stunden<\/li>\n<li>Auslass\u00f6ffnung (AUS): Metallloch (Rot + Schwarz-)<\/li>\n<li>Akkupack kann individuell angepasst werden<\/li>\n<li>Anwendung: Beleuchtung, Gartenspritze, Au\u00dfeninstrument, T\u00fcrsteuerung, Solar-LED, Ersatz f\u00fcr 12-V-Bleiakkus usw.<\/li>\n<li>Garantie: 2 Jahre<\/li>\n<li>Schutz: Temperaturschutz, \u00dcberladung und Entladung, \u00dcberstrom, Kurzschluss<\/li>\n<\/ul>","protected":false},"featured_media":2486,"template":"","meta":{"_seopress_robots_primary_cat":"none","_seopress_titles_title":"LiFe PO4 Lithium Iron Phosphate Battery Pack 12V 18Ah","_seopress_titles_desc":"LiFe PO4 Lithium Iron Phosphate Battery Pack 12V 18Ah","_seopress_robots_index":"","site-sidebar-layout":"default","site-content-layout":"default","ast-site-content-layout":"default","site-content-style":"default","site-sidebar-style":"default","ast-global-header-display":"","ast-banner-title-visibility":"","ast-main-header-display":"","ast-hfb-above-header-display":"","ast-hfb-below-header-display":"","ast-hfb-mobile-header-display":"","site-post-title":"","ast-breadcrumbs-content":"","ast-featured-img":"","footer-sml-layout":"","theme-transparent-header-meta":"default","adv-header-id-meta":"","stick-header-meta":"","header-above-stick-meta":"","header-main-stick-meta":"","header-below-stick-meta":"","astra-migrate-meta-layouts":"default","ast-page-background-enabled":"default","ast-page-background-meta":{"desktop":{"background-color":"","background-image":"","background-repeat":"repeat","background-position":"center center","background-size":"auto","background-attachment":"scroll","background-type":"","background-media":"","overlay-type":"","overlay-color":"","overlay-opacity":"","overlay-gradient":""},"tablet":{"background-color":"","background-image":"","background-repeat":"repeat","background-position":"center center","background-size":"auto","background-attachment":"scroll","background-type":"","background-media":"","overlay-type":"","overlay-color":"","overlay-opacity":"","overlay-gradient":""},"mobile":{"background-color":"","background-image":"","background-repeat":"repeat","background-position":"center center","background-size":"auto","background-attachment":"scroll","background-type":"","background-media":"","overlay-type":"","overlay-color":"","overlay-opacity":"","overlay-gradient":""}},"ast-content-background-meta":{"desktop":{"background-color":"var(--ast-global-color-5)","background-image":"","background-repeat":"repeat","background-position":"center center","background-size":"auto","background-attachment":"scroll","background-type":"","background-media":"","overlay-type":"","overlay-color":"","overlay-opacity":"","overlay-gradient":""},"tablet":{"background-color":"var(--ast-global-color-5)","background-image":"","background-repeat":"repeat","background-position":"center center","background-size":"auto","background-attachment":"scroll","background-type":"","background-media":"","overlay-type":"","overlay-color":"","overlay-opacity":"","overlay-gradient":""},"mobile":{"background-color":"var(--ast-global-color-5)","background-image":"","background-repeat":"repeat","background-position":"center center","background-size":"auto","background-attachment":"scroll","background-type":"","background-media":"","overlay-type":"","overlay-color":"","overlay-opacity":"","overlay-gradient":""}}},"product_brand":[],"product_cat":[28],"product_tag":[],"class_list":{"0":"post-2485","1":"product","2":"type-product","3":"status-publish","4":"has-post-thumbnail","6":"product_cat-life-po4-battery","7":"desktop-align-left","8":"tablet-align-left","9":"mobile-align-left","11":"first","12":"instock","13":"shipping-taxable","14":"product-type-simple"},"_links":{"self":[{"href":"https:\/\/ygspower.com\/de\/wp-json\/wp\/v2\/product\/2485","targetHints":{"allow":["GET"]}}],"collection":[{"href":"https:\/\/ygspower.com\/de\/wp-json\/wp\/v2\/product"}],"about":[{"href":"https:\/\/ygspower.com\/de\/wp-json\/wp\/v2\/types\/product"}],"version-history":[{"count":0,"href":"https:\/\/ygspower.com\/de\/wp-json\/wp\/v2\/product\/2485\/revisions"}],"wp:featuredmedia":[{"embeddable":true,"href":"https:\/\/ygspower.com\/de\/wp-json\/wp\/v2\/media\/2486"}],"wp:attachment":[{"href":"https:\/\/ygspower.com\/de\/wp-json\/wp\/v2\/media?parent=2485"}],"wp:term":[{"taxonomy":"product_brand","embeddable":true,"href":"https:\/\/ygspower.com\/de\/wp-json\/wp\/v2\/product_brand?post=2485"},{"taxonomy":"product_cat","embeddable":true,"href":"https:\/\/ygspower.com\/de\/wp-json\/wp\/v2\/product_cat?post=2485"},{"taxonomy":"product_tag","embeddable":true,"href":"https:\/\/ygspower.com\/de\/wp-json\/wp\/v2\/product_tag?post=2485"}],"curies":[{"name":"wp","href":"https:\/\/api.w.org\/{rel}","templated":true}]}}