{"id":2494,"date":"2021-08-03T09:34:01","date_gmt":"2021-08-03T01:34:01","guid":{"rendered":"https:\/\/darksalmon-dugong-512221.hostingersite.com\/?post_type=product&#038;p=2494"},"modified":"2021-09-03T16:30:14","modified_gmt":"2021-09-03T08:30:14","slug":"life-po4-batterr-12v-7ah-lithium-ion-battery","status":"publish","type":"product","link":"https:\/\/ygspower.com\/de\/produkt\/life-po4-batterr-12v-7ah-lithium-ion-battery\/","title":{"rendered":"Life Po4-Batterie, 12 V, 7 Ah, Lithium-Ionen-Batterie"},"content":{"rendered":"<p><img fetchpriority=\"high\" decoding=\"async\" src=\"http:\/\/sc04.alicdn.com\/kf\/H1edbc2afa6f54f868c087efcf575c8d1X\/202118431\/H1edbc2afa6f54f868c087efcf575c8d1X.jpg\" alt=\"mylion life po4 battery 12v 7000mah lithium ion battery pack\" width=\"750\" height=\"328\" data-src=\"http:\/\/sc04.alicdn.com\/kf\/H1edbc2afa6f54f868c087efcf575c8d1X\/202118431\/H1edbc2afa6f54f868c087efcf575c8d1X.jpg\" data-alt=\"mylion life po4 battery 12v 7000mah lithium ion battery pack\" data-spm-anchor-id=\"a2700.wholesale.0.i20.477b2357jwG9GU\" \/><img decoding=\"async\" src=\"http:\/\/sc04.alicdn.com\/kf\/H706c672324a94bce8cd13bc0aec27988i\/202118431\/H706c672324a94bce8cd13bc0aec27988i.jpg\" alt=\"mylion life po4 battery 12v 7000mah lithium ion battery pack\" width=\"750\" height=\"935\" data-src=\"http:\/\/sc04.alicdn.com\/kf\/H706c672324a94bce8cd13bc0aec27988i\/202118431\/H706c672324a94bce8cd13bc0aec27988i.jpg\" data-alt=\"mylion life po4 battery 12v 7000mah lithium ion battery pack\" \/><img decoding=\"async\" src=\"http:\/\/sc04.alicdn.com\/kf\/H8ec26449bc674557ba94ff047f688468v\/202118431\/H8ec26449bc674557ba94ff047f688468v.jpg\" alt=\"mylion life po4 battery 12v 7000mah lithium ion battery pack\" width=\"750\" height=\"1235\" data-src=\"http:\/\/sc04.alicdn.com\/kf\/H8ec26449bc674557ba94ff047f688468v\/202118431\/H8ec26449bc674557ba94ff047f688468v.jpg\" data-alt=\"mylion life po4 battery 12v 7000mah lithium ion battery pack\" \/><img loading=\"lazy\" decoding=\"async\" src=\"http:\/\/sc04.alicdn.com\/kf\/H198a613f713f4c298d6345810c44f67fd\/202118431\/H198a613f713f4c298d6345810c44f67fd.jpg\" alt=\"mylion life po4 battery 12v 7000mah lithium ion battery pack\" width=\"750\" height=\"1433\" data-src=\"http:\/\/sc04.alicdn.com\/kf\/H198a613f713f4c298d6345810c44f67fd\/202118431\/H198a613f713f4c298d6345810c44f67fd.jpg\" data-alt=\"mylion life po4 battery 12v 7000mah lithium ion battery pack\" \/><img loading=\"lazy\" decoding=\"async\" src=\"http:\/\/sc04.alicdn.com\/kf\/H7bac4e8326bd4b159970908984c00475I\/202118431\/H7bac4e8326bd4b159970908984c00475I.jpg\" alt=\"mylion life po4 battery 12v 7000mah lithium ion battery pack\" width=\"750\" height=\"2382\" data-src=\"http:\/\/sc04.alicdn.com\/kf\/H7bac4e8326bd4b159970908984c00475I\/202118431\/H7bac4e8326bd4b159970908984c00475I.jpg\" data-alt=\"mylion life po4 battery 12v 7000mah lithium ion battery pack\" \/><img loading=\"lazy\" decoding=\"async\" src=\"http:\/\/sc04.alicdn.com\/kf\/H5a64685578f944d4abfcc3d1c975e5daH\/202118431\/H5a64685578f944d4abfcc3d1c975e5daH.jpg\" alt=\"mylion life po4 battery 12v 7000mah lithium ion battery pack\" width=\"750\" height=\"2423\" data-src=\"http:\/\/sc04.alicdn.com\/kf\/H5a64685578f944d4abfcc3d1c975e5daH\/202118431\/H5a64685578f944d4abfcc3d1c975e5daH.jpg\" data-alt=\"mylion life po4 battery 12v 7000mah lithium ion battery pack\" \/><img loading=\"lazy\" decoding=\"async\" src=\"http:\/\/sc04.alicdn.com\/kf\/Hfc760a7c7982482aaaca6a7b18063278v\/202118431\/Hfc760a7c7982482aaaca6a7b18063278v.jpg\" alt=\"mylion life po4 battery 12v 7000mah lithium ion battery pack\" width=\"750\" height=\"1825\" data-src=\"http:\/\/sc04.alicdn.com\/kf\/Hfc760a7c7982482aaaca6a7b18063278v\/202118431\/Hfc760a7c7982482aaaca6a7b18063278v.jpg\" data-alt=\"mylion life po4 battery 12v 7000mah lithium ion battery pack\" \/><img loading=\"lazy\" decoding=\"async\" src=\"http:\/\/sc04.alicdn.com\/kf\/Hbe1abcf67c124ca1b7f061b6a2e44050k\/202118431\/Hbe1abcf67c124ca1b7f061b6a2e44050k.jpg\" alt=\"mylion life po4 battery 12v 7000mah lithium ion battery pack\" width=\"750\" height=\"886\" data-src=\"http:\/\/sc04.alicdn.com\/kf\/Hbe1abcf67c124ca1b7f061b6a2e44050k\/202118431\/Hbe1abcf67c124ca1b7f061b6a2e44050k.jpg\" data-alt=\"mylion life po4 battery 12v 7000mah lithium ion battery pack\" \/><\/p>\n<table width=\"925\">\n<tbody>\n<tr>\n<td width=\"341\">Produktname<\/td>\n<td width=\"584\">Lithium-Eisenphosphat-Akkupack<\/td>\n<\/tr>\n<tr>\n<td>Stilname<\/td>\n<td>LiFe PO4 Akku 12V7000mAh<\/td>\n<\/tr>\n<tr>\n<td>Normale Kapazit\u00e4t<\/td>\n<td>7000 mAh<\/td>\n<\/tr>\n<tr>\n<td>Nennspannung<\/td>\n<td>12V<\/td>\n<\/tr>\n<tr>\n<td>Maximale Ladespannung<\/td>\n<td>14,6 V<\/td>\n<\/tr>\n<tr>\n<td>Entladeschlussspannung<\/td>\n<td>10 V<\/td>\n<\/tr>\n<tr>\n<td>Max. Dauerentladestrom<\/td>\n<td>10A<\/td>\n<\/tr>\n<tr>\n<td>Ladestrom<\/td>\n<td>3A<\/td>\n<\/tr>\n<tr>\n<td>Ausgangsleistung<\/td>\n<td>84W<\/td>\n<\/tr>\n<tr>\n<td rowspan=\"2\">Arbeitszeit<\/td>\n<td>Ausgang 12 V 0,5 A (6 W): ca. 14 Stunden<\/td>\n<\/tr>\n<tr>\n<td>Ausgang 12 V 1,0 A (12 W): ca. 7 Stunden<\/td>\n<\/tr>\n<tr>\n<td>Ladeanschluss (IN)<\/td>\n<td rowspan=\"2\">Cigerate oder ausgew\u00e4hlter Stecker<\/td>\n<\/tr>\n<tr>\n<td>Auslass\u00f6ffnung (OUT)<\/td>\n<\/tr>\n<tr>\n<td>PVC-Farbe<\/td>\n<td>Blau<\/td>\n<\/tr>\n<tr>\n<td>Batterieabmessung (mm)<\/td>\n<td>132x54x60<\/td>\n<\/tr>\n<tr>\n<td>Gewicht<\/td>\n<td>Ca. 700g<\/td>\n<\/tr>\n<tr>\n<td>Batteriezellenmarke<\/td>\n<td>Chinesische Markenzelle<\/td>\n<\/tr>\n<tr>\n<td>Batterieschutz<\/td>\n<td>\u00dcberladung\/-entladung, \u00dcberstrom, Kurzschluss<\/td>\n<\/tr>\n<tr>\n<td>Lebensdauer<\/td>\n<td>Standard-Lade- und Entladekapazit\u00e4t \u226580% C5mAh, Zyklenlebensdauer \u22651500<\/td>\n<\/tr>\n<tr>\n<td>Anwendung<\/td>\n<td width=\"584\">Beleuchtung, Gartenspritze, Au\u00dfeninstrument, T\u00fcrsteuerung, Solar-LED, Ersatz f\u00fcr 12-V-Bleibatterien usw.<\/td>\n<\/tr>\n<tr>\n<td>Paket<\/td>\n<td>8 St\u00fcck im Karton (15 x 29 x 37 cm), ca. 8,5 kg\/Karton<\/td>\n<\/tr>\n<tr>\n<td>Garantie<\/td>\n<td>12 Monate<\/td>\n<\/tr>\n<\/tbody>\n<\/table>\n<p align=\"left\"><strong>H\u00e4ufig gestellte Fragen.<\/strong><\/p>\n<p align=\"left\"><strong>Sind Sie Hersteller?<\/strong><\/p>\n<p align=\"left\">Ja, Mylion ist ein Hersteller.<\/p>\n<p align=\"left\"><strong>Kann ich eine Musterbestellung erhalten?<\/strong><\/p>\n<p align=\"left\">Ja, wir freuen uns \u00fcber Musterbestellungen zum Testen und \u00dcberpr\u00fcfen der Qualit\u00e4t.<\/p>\n<p align=\"left\"><strong>Wie sieht es mit der Vorlaufzeit aus?<\/strong><\/p>\n<p align=\"left\">1. Probe ben\u00f6tigt 3-5 Tage<\/p>\n<p align=\"left\">2. Offizielle Bestellung, Massenproduktionszeit ben\u00f6tigt 2-4 Wochen<\/p>\n<p align=\"left\"><strong>Haben Sie ein MOQ-Limit?<\/strong><\/p>\n<p align=\"left\">1. F\u00fcr den Einzelhandel haben wir keine Mindestbestellmenge. Eine Bestellung kann 1 St\u00fcck umfassen.<\/p>\n<p align=\"left\">2. F\u00fcr den Gro\u00dfhandel haben wir eine Mindestbestellmenge f\u00fcr bessere Preise, normalerweise 100 St\u00fcck.<\/p>\n<p align=\"left\"><strong>Wie erfolgt der Versand der Ware und wie lange dauert es, bis diese bei Ihnen eintrifft?<\/strong><\/p>\n<p align=\"left\">1. Bei kleinen Mengen versenden wir oft per Express. Die Lieferzeit in verschiedene L\u00e4nder betr\u00e4gt ca. 3\u201310 Tage.<\/p>\n<p align=\"left\">2. F\u00fcr offizielle Bestellungen empfehlen wir, den Versand \u00fcber den Seeweg zu w\u00e4hlen, um Kosten zu sparen. In die USA betr\u00e4gt die Lieferzeit ca. 20\u201325 Tage, nach Europa ca. 25\u201330 Tage.<\/p>\n<p align=\"left\"><strong>Wie gehe ich bei einer Bestellung vor?<\/strong><\/p>\n<p align=\"left\">1. Teilen Sie uns Ihre Anforderungen oder Anwendung mit.<\/p>\n<p align=\"left\">2. Wir erstellen ein Angebot entsprechend Ihren Anforderungen oder unseren Vorschl\u00e4gen.<\/p>\n<p align=\"left\">3. Der Kunde best\u00e4tigt die Muster und leistet eine Anzahlung f\u00fcr die formelle Bestellung.<\/p>\n<p align=\"left\">4. Wir organisieren die Produktion.<\/p>\n<p align=\"left\"><strong>Darf ich mein Logo auf das Produkt drucken?<\/strong><\/p>\n<p align=\"left\">1. F\u00fcr Kleinmengenbestellungen oder den Einzelhandel kein individueller Service.<\/p>\n<p align=\"left\">2. F\u00fcr den Gro\u00dfhandel ist ein individueller Service willkommen. Bitte senden Sie uns Ihr Kunstwerk.<\/p>\n<p align=\"left\"><strong>Welche Zertifikate besitzen Sie?<\/strong><\/p>\n<p align=\"left\">Wir verf\u00fcgen \u00fcber CE\/FCC\/ROHS\/UN38.3\/MSDS \u2026 usw. Wir versprechen unseren Kunden gute Qualit\u00e4t.<\/p>\n<p align=\"left\"><strong>Wie steht es mit der Garantie?<\/strong><\/p>\n<p>1 Jahr Garantie<\/p>","protected":false},"excerpt":{"rendered":"<p>Mylion LiFe PO4 Batterie 12V 7Ah Batterie Lithium-Ionen-Batterie-Backup<\/p>\n<ul>\n<li>Batterietyp: Lifepo4-Batterie<\/li>\n<li>Batteriespannung: 12V<\/li>\n<li>Batteriekapazit\u00e4t: 7000mAh<\/li>\n<li>Gr\u00f6\u00dfe: L274xB150xH85mmmm<\/li>\n<li>Gewicht: 3,7 kg<\/li>\n<li>Ladeanschluss (IN): DC.5.5\u00d72.5<\/li>\n<li>Arbeitszeit: Ausgang 12 V 0,5 A (6 W): ca. 14 Stunden<\/li>\n<li>Auslass\u00f6ffnung (AUS): Cigerate oder ausgew\u00e4hlter Stecker<\/li>\n<li>Akkupack kann individuell angepasst werden<\/li>\n<li>Anwendung: Beleuchtung, Gartenbrause, Au\u00dfeninstrument, T\u00fcrsteuerung<\/li>\n<li>Feature: kleine licht hohe kapazit\u00e4t<\/li>\n<li>Schutz: Temperaturschutz, \u00dcberladung und Entladung, \u00dcberstrom, Kurzschluss<\/li>\n<\/ul>","protected":false},"featured_media":2496,"template":"","meta":{"_seopress_robots_primary_cat":"none","_seopress_titles_title":"Life Po4 Battery 12V 7Ah Lithium Ion Battery","_seopress_titles_desc":"Life Po4 Battery 12V 7Ah Lithium Ion Battery","_seopress_robots_index":"","site-sidebar-layout":"default","site-content-layout":"default","ast-site-content-layout":"default","site-content-style":"default","site-sidebar-style":"default","ast-global-header-display":"","ast-banner-title-visibility":"","ast-main-header-display":"","ast-hfb-above-header-display":"","ast-hfb-below-header-display":"","ast-hfb-mobile-header-display":"","site-post-title":"","ast-breadcrumbs-content":"","ast-featured-img":"","footer-sml-layout":"","theme-transparent-header-meta":"default","adv-header-id-meta":"","stick-header-meta":"","header-above-stick-meta":"","header-main-stick-meta":"","header-below-stick-meta":"","astra-migrate-meta-layouts":"default","ast-page-background-enabled":"default","ast-page-background-meta":{"desktop":{"background-color":"","background-image":"","background-repeat":"repeat","background-position":"center center","background-size":"auto","background-attachment":"scroll","background-type":"","background-media":"","overlay-type":"","overlay-color":"","overlay-opacity":"","overlay-gradient":""},"tablet":{"background-color":"","background-image":"","background-repeat":"repeat","background-position":"center center","background-size":"auto","background-attachment":"scroll","background-type":"","background-media":"","overlay-type":"","overlay-color":"","overlay-opacity":"","overlay-gradient":""},"mobile":{"background-color":"","background-image":"","background-repeat":"repeat","background-position":"center center","background-size":"auto","background-attachment":"scroll","background-type":"","background-media":"","overlay-type":"","overlay-color":"","overlay-opacity":"","overlay-gradient":""}},"ast-content-background-meta":{"desktop":{"background-color":"var(--ast-global-color-5)","background-image":"","background-repeat":"repeat","background-position":"center center","background-size":"auto","background-attachment":"scroll","background-type":"","background-media":"","overlay-type":"","overlay-color":"","overlay-opacity":"","overlay-gradient":""},"tablet":{"background-color":"var(--ast-global-color-5)","background-image":"","background-repeat":"repeat","background-position":"center center","background-size":"auto","background-attachment":"scroll","background-type":"","background-media":"","overlay-type":"","overlay-color":"","overlay-opacity":"","overlay-gradient":""},"mobile":{"background-color":"var(--ast-global-color-5)","background-image":"","background-repeat":"repeat","background-position":"center center","background-size":"auto","background-attachment":"scroll","background-type":"","background-media":"","overlay-type":"","overlay-color":"","overlay-opacity":"","overlay-gradient":""}}},"product_brand":[],"product_cat":[28],"product_tag":[],"class_list":{"0":"post-2494","1":"product","2":"type-product","3":"status-publish","4":"has-post-thumbnail","6":"product_cat-life-po4-battery","7":"desktop-align-left","8":"tablet-align-left","9":"mobile-align-left","11":"first","12":"instock","13":"shipping-taxable","14":"product-type-simple"},"_links":{"self":[{"href":"https:\/\/ygspower.com\/de\/wp-json\/wp\/v2\/product\/2494","targetHints":{"allow":["GET"]}}],"collection":[{"href":"https:\/\/ygspower.com\/de\/wp-json\/wp\/v2\/product"}],"about":[{"href":"https:\/\/ygspower.com\/de\/wp-json\/wp\/v2\/types\/product"}],"version-history":[{"count":0,"href":"https:\/\/ygspower.com\/de\/wp-json\/wp\/v2\/product\/2494\/revisions"}],"wp:featuredmedia":[{"embeddable":true,"href":"https:\/\/ygspower.com\/de\/wp-json\/wp\/v2\/media\/2496"}],"wp:attachment":[{"href":"https:\/\/ygspower.com\/de\/wp-json\/wp\/v2\/media?parent=2494"}],"wp:term":[{"taxonomy":"product_brand","embeddable":true,"href":"https:\/\/ygspower.com\/de\/wp-json\/wp\/v2\/product_brand?post=2494"},{"taxonomy":"product_cat","embeddable":true,"href":"https:\/\/ygspower.com\/de\/wp-json\/wp\/v2\/product_cat?post=2494"},{"taxonomy":"product_tag","embeddable":true,"href":"https:\/\/ygspower.com\/de\/wp-json\/wp\/v2\/product_tag?post=2494"}],"curies":[{"name":"wp","href":"https:\/\/api.w.org\/{rel}","templated":true}]}}