{"id":2753,"date":"2021-08-31T20:50:27","date_gmt":"2021-08-31T12:50:27","guid":{"rendered":"https:\/\/darksalmon-dugong-512221.hostingersite.com\/?post_type=product&#038;p=2753"},"modified":"2023-11-24T15:16:52","modified_gmt":"2023-11-24T07:16:52","slug":"life-po4-12v50ah-lithium-battery-backup","status":"publish","type":"product","link":"https:\/\/ygspower.com\/de\/produkt\/life-po4-12v50ah-lithium-battery-backup\/","title":{"rendered":"12V50Ah LiFe PO4 wiederaufladbare Lithium-Ionen-Akku-Backup"},"content":{"rendered":"<p><img fetchpriority=\"high\" decoding=\"async\" class=\"aligncenter size-full wp-image-2754\" src=\"http:\/\/ygspower.com\/wp-content\/uploads\/2021\/08\/lifepo4-battery-12v100ah_01.jpg\" alt=\"\" width=\"750\" height=\"326\" srcset=\"https:\/\/ygspower.com\/wp-content\/uploads\/2021\/08\/lifepo4-battery-12v100ah_01.jpg 750w, https:\/\/ygspower.com\/wp-content\/uploads\/2021\/08\/lifepo4-battery-12v100ah_01-600x261.jpg 600w, https:\/\/ygspower.com\/wp-content\/uploads\/2021\/08\/lifepo4-battery-12v100ah_01-300x130.jpg 300w\" sizes=\"(max-width: 750px) 100vw, 750px\" \/><\/p>\n<table width=\"925\">\n<tbody>\n<tr>\n<td colspan=\"2\" width=\"925\">Alle der folgenden Informationen sind korrekt und ECHT.<\/td>\n<\/tr>\n<tr>\n<td>Produktname<\/td>\n<td>Lithium-Eisenphosphat-Akkupack, Lifepo4-Akkus<\/td>\n<\/tr>\n<tr>\n<td>Stilname<\/td>\n<td>LiFe PO4 Akku 12V50Ah Solarbatterie<\/td>\n<\/tr>\n<tr>\n<td>Normale Kapazit\u00e4t<\/td>\n<td>50 Ah<\/td>\n<\/tr>\n<tr>\n<td>Nennspannung<\/td>\n<td>12V<\/td>\n<\/tr>\n<tr>\n<td>Maximale Ladespannung<\/td>\n<td>14,6 V<\/td>\n<\/tr>\n<tr>\n<td>Entladeschlussspannung<\/td>\n<td>10 V<\/td>\n<\/tr>\n<tr>\n<td>Max. Dauerentladestrom<\/td>\n<td>20A<\/td>\n<\/tr>\n<tr>\n<td>Ladestrom<\/td>\n<td>10 A max.<\/td>\n<\/tr>\n<tr>\n<td>Ausgangsleistung<\/td>\n<td>600 W<\/td>\n<\/tr>\n<tr>\n<td rowspan=\"2\">Arbeitszeit<\/td>\n<td>Ausgang 12 V 0,5 A (6 W): ca. 100 Stunden<\/td>\n<\/tr>\n<tr>\n<td>Ausgang 12 V 1,0 A (12 W): ca. 50 Stunden<\/td>\n<\/tr>\n<tr>\n<td>Ladeanschluss (IN)<\/td>\n<td rowspan=\"2\">Metallplatte (Rot+Schwarz-)<\/td>\n<\/tr>\n<tr>\n<td>Auslass\u00f6ffnung (OUT)<\/td>\n<\/tr>\n<tr>\n<td>Abmessungen des Batteriegeh\u00e4uses (mm)<\/td>\n<td>L229xB138xH208mm<\/td>\n<\/tr>\n<tr>\n<td>Gewicht<\/td>\n<td>Ca. 5 kg<\/td>\n<\/tr>\n<tr>\n<td>Batteriezellenmarke<\/td>\n<td>Chinesische Markenzelle<\/td>\n<\/tr>\n<tr>\n<td>Batterieschutz<\/td>\n<td>\u00dcberladung\/-entladung, \u00dcberstrom, Kurzschluss<\/td>\n<\/tr>\n<tr>\n<td>Lebensdauer<\/td>\n<td>Standard-Lade- und Entladekapazit\u00e4t \u226580% C5mAh, Zyklenlebensdauer \u22651500<\/td>\n<\/tr>\n<tr>\n<td>Anwendung<\/td>\n<td width=\"584\">Beleuchtung, Gartenspritze, Au\u00dfeninstrument, T\u00fcrsteuerung, Solar-LED, Ersatz f\u00fcr 12-V-Bleibatterien usw.<\/td>\n<\/tr>\n<tr>\n<td>Paket<\/td>\n<td>1 St\u00fcck im Karton (15 x 29 x 37 cm), ca. 6,5 kg\/Karton<\/td>\n<\/tr>\n<tr>\n<td>Garantie<\/td>\n<td>12 Monate<\/td>\n<\/tr>\n<\/tbody>\n<\/table>\n<p><img decoding=\"async\" class=\"aligncenter size-full wp-image-2755\" src=\"http:\/\/ygspower.com\/wp-content\/uploads\/2021\/08\/lifepo4-battery-12v100ah_02.jpg\" alt=\"\" width=\"750\" height=\"948\" srcset=\"https:\/\/ygspower.com\/wp-content\/uploads\/2021\/08\/lifepo4-battery-12v100ah_02.jpg 750w, https:\/\/ygspower.com\/wp-content\/uploads\/2021\/08\/lifepo4-battery-12v100ah_02-600x758.jpg 600w, https:\/\/ygspower.com\/wp-content\/uploads\/2021\/08\/lifepo4-battery-12v100ah_02-237x300.jpg 237w\" sizes=\"(max-width: 750px) 100vw, 750px\" \/> <img decoding=\"async\" class=\"aligncenter size-full wp-image-2756\" src=\"http:\/\/ygspower.com\/wp-content\/uploads\/2021\/08\/lifepo4-battery-12v100ah_03.jpg\" alt=\"\" width=\"750\" height=\"948\" srcset=\"https:\/\/ygspower.com\/wp-content\/uploads\/2021\/08\/lifepo4-battery-12v100ah_03.jpg 750w, https:\/\/ygspower.com\/wp-content\/uploads\/2021\/08\/lifepo4-battery-12v100ah_03-600x758.jpg 600w, https:\/\/ygspower.com\/wp-content\/uploads\/2021\/08\/lifepo4-battery-12v100ah_03-237x300.jpg 237w\" sizes=\"(max-width: 750px) 100vw, 750px\" \/> <img loading=\"lazy\" decoding=\"async\" class=\"aligncenter size-full wp-image-2757\" src=\"http:\/\/ygspower.com\/wp-content\/uploads\/2021\/08\/lifepo4-battery-12v100ah_04.jpg\" alt=\"\" width=\"750\" height=\"1228\" srcset=\"https:\/\/ygspower.com\/wp-content\/uploads\/2021\/08\/lifepo4-battery-12v100ah_04.jpg 750w, https:\/\/ygspower.com\/wp-content\/uploads\/2021\/08\/lifepo4-battery-12v100ah_04-600x982.jpg 600w, https:\/\/ygspower.com\/wp-content\/uploads\/2021\/08\/lifepo4-battery-12v100ah_04-183x300.jpg 183w, https:\/\/ygspower.com\/wp-content\/uploads\/2021\/08\/lifepo4-battery-12v100ah_04-625x1024.jpg 625w\" sizes=\"(max-width: 750px) 100vw, 750px\" \/> <img loading=\"lazy\" decoding=\"async\" class=\"aligncenter size-full wp-image-2758\" src=\"http:\/\/ygspower.com\/wp-content\/uploads\/2021\/08\/lifepo4-battery-12v100ah_05.jpg\" alt=\"\" width=\"750\" height=\"847\" srcset=\"https:\/\/ygspower.com\/wp-content\/uploads\/2021\/08\/lifepo4-battery-12v100ah_05.jpg 750w, https:\/\/ygspower.com\/wp-content\/uploads\/2021\/08\/lifepo4-battery-12v100ah_05-600x678.jpg 600w, https:\/\/ygspower.com\/wp-content\/uploads\/2021\/08\/lifepo4-battery-12v100ah_05-266x300.jpg 266w\" sizes=\"(max-width: 750px) 100vw, 750px\" \/> <img loading=\"lazy\" decoding=\"async\" class=\"aligncenter size-full wp-image-2759\" src=\"http:\/\/ygspower.com\/wp-content\/uploads\/2021\/08\/lifepo4-battery-12v100ah_06.jpg\" alt=\"\" width=\"750\" height=\"655\" srcset=\"https:\/\/ygspower.com\/wp-content\/uploads\/2021\/08\/lifepo4-battery-12v100ah_06.jpg 750w, https:\/\/ygspower.com\/wp-content\/uploads\/2021\/08\/lifepo4-battery-12v100ah_06-600x524.jpg 600w, https:\/\/ygspower.com\/wp-content\/uploads\/2021\/08\/lifepo4-battery-12v100ah_06-300x262.jpg 300w\" sizes=\"(max-width: 750px) 100vw, 750px\" \/> <img loading=\"lazy\" decoding=\"async\" class=\"aligncenter size-full wp-image-2760\" src=\"http:\/\/ygspower.com\/wp-content\/uploads\/2021\/08\/lifepo4-battery-12v100ah_07.jpg\" alt=\"\" width=\"750\" height=\"684\" srcset=\"https:\/\/ygspower.com\/wp-content\/uploads\/2021\/08\/lifepo4-battery-12v100ah_07.jpg 750w, https:\/\/ygspower.com\/wp-content\/uploads\/2021\/08\/lifepo4-battery-12v100ah_07-600x547.jpg 600w, https:\/\/ygspower.com\/wp-content\/uploads\/2021\/08\/lifepo4-battery-12v100ah_07-300x274.jpg 300w\" sizes=\"(max-width: 750px) 100vw, 750px\" \/> <img loading=\"lazy\" decoding=\"async\" class=\"aligncenter size-full wp-image-2761\" src=\"http:\/\/ygspower.com\/wp-content\/uploads\/2021\/08\/lifepo4-battery-12v100ah_08.jpg\" alt=\"\" width=\"750\" height=\"867\" srcset=\"https:\/\/ygspower.com\/wp-content\/uploads\/2021\/08\/lifepo4-battery-12v100ah_08.jpg 750w, https:\/\/ygspower.com\/wp-content\/uploads\/2021\/08\/lifepo4-battery-12v100ah_08-600x694.jpg 600w, https:\/\/ygspower.com\/wp-content\/uploads\/2021\/08\/lifepo4-battery-12v100ah_08-260x300.jpg 260w\" sizes=\"(max-width: 750px) 100vw, 750px\" \/> <img loading=\"lazy\" decoding=\"async\" class=\"aligncenter size-full wp-image-2762\" src=\"http:\/\/ygspower.com\/wp-content\/uploads\/2021\/08\/lifepo4-battery-12v100ah_09.jpg\" alt=\"\" width=\"750\" height=\"1519\" srcset=\"https:\/\/ygspower.com\/wp-content\/uploads\/2021\/08\/lifepo4-battery-12v100ah_09.jpg 750w, https:\/\/ygspower.com\/wp-content\/uploads\/2021\/08\/lifepo4-battery-12v100ah_09-600x1215.jpg 600w, https:\/\/ygspower.com\/wp-content\/uploads\/2021\/08\/lifepo4-battery-12v100ah_09-148x300.jpg 148w, https:\/\/ygspower.com\/wp-content\/uploads\/2021\/08\/lifepo4-battery-12v100ah_09-506x1024.jpg 506w\" sizes=\"(max-width: 750px) 100vw, 750px\" \/> <img loading=\"lazy\" decoding=\"async\" class=\"aligncenter size-full wp-image-2763\" src=\"http:\/\/ygspower.com\/wp-content\/uploads\/2021\/08\/lifepo4-battery-12v100ah_10.jpg\" alt=\"\" width=\"750\" height=\"1172\" srcset=\"https:\/\/ygspower.com\/wp-content\/uploads\/2021\/08\/lifepo4-battery-12v100ah_10.jpg 750w, https:\/\/ygspower.com\/wp-content\/uploads\/2021\/08\/lifepo4-battery-12v100ah_10-600x938.jpg 600w, https:\/\/ygspower.com\/wp-content\/uploads\/2021\/08\/lifepo4-battery-12v100ah_10-192x300.jpg 192w, https:\/\/ygspower.com\/wp-content\/uploads\/2021\/08\/lifepo4-battery-12v100ah_10-655x1024.jpg 655w\" sizes=\"(max-width: 750px) 100vw, 750px\" \/> <img loading=\"lazy\" decoding=\"async\" class=\"aligncenter size-full wp-image-2764\" src=\"http:\/\/ygspower.com\/wp-content\/uploads\/2021\/08\/lifepo4-battery-12v100ah_11.jpg\" alt=\"\" width=\"750\" height=\"1228\" srcset=\"https:\/\/ygspower.com\/wp-content\/uploads\/2021\/08\/lifepo4-battery-12v100ah_11.jpg 750w, https:\/\/ygspower.com\/wp-content\/uploads\/2021\/08\/lifepo4-battery-12v100ah_11-600x982.jpg 600w, https:\/\/ygspower.com\/wp-content\/uploads\/2021\/08\/lifepo4-battery-12v100ah_11-183x300.jpg 183w, https:\/\/ygspower.com\/wp-content\/uploads\/2021\/08\/lifepo4-battery-12v100ah_11-625x1024.jpg 625w\" sizes=\"(max-width: 750px) 100vw, 750px\" \/><\/p>","protected":false},"excerpt":{"rendered":"<ul class=\"ul1\">\n<li class=\"li1\">Typ: LFP1250 Bleiakku-Ersatz<\/li>\n<li class=\"li1\">Produktname: 12V 50ah LiFe PO4 Lithium-Ionen-Akku Backup-Speicher Solarbatterie<\/li>\n<li class=\"li1\">Abmessungen des schwarzen Geh\u00e4uses: 229 x 138 x 208 mm<\/li>\n<li class=\"li1\">Gewicht: ca. 5kg<\/li>\n<li>Batteriespannung: 12 V Lithium-Ionen-Batterie<\/li>\n<li class=\"li1\">Batteriekapazit\u00e4t: 50 Ah Lebensdauer Po4 Batterie<\/li>\n<li class=\"li1\">Lebensdauer: \u00fcber 2000 Zyklen 70%DOD<\/li>\n<li class=\"li1\">Anwendung: Solarstromspeicher<span class=\"s2\">,<\/span> Elektrofahrzeug<span class=\"s2\">,<\/span> ups<span class=\"s2\">,<\/span>Kraftwerk<\/li>\n<li class=\"li1\">Merkmal: Hohe Leistung und Kapazit\u00e4t<span class=\"s2\">,<\/span> sicher<span class=\"s2\">,<\/span> lange Lebensdauer<span class=\"s2\">,<\/span> Gr\u00fcn<span class=\"s2\">,<\/span> umweltfreundlich<span class=\"s2\">,<\/span> gute Leistung bei hohen Temperaturen<\/li>\n<\/ul>","protected":false},"featured_media":348,"template":"","meta":{"_seopress_robots_primary_cat":"none","_seopress_titles_title":"12V50Ah LiFe PO4 Rechargeable Storage Lithium ion Battery Backup","_seopress_titles_desc":"12V 50ah LiFe PO4 lithium ion battery backup storage solar battery","_seopress_robots_index":"","site-sidebar-layout":"default","site-content-layout":"default","ast-site-content-layout":"default","site-content-style":"default","site-sidebar-style":"default","ast-global-header-display":"","ast-banner-title-visibility":"","ast-main-header-display":"","ast-hfb-above-header-display":"","ast-hfb-below-header-display":"","ast-hfb-mobile-header-display":"","site-post-title":"","ast-breadcrumbs-content":"","ast-featured-img":"","footer-sml-layout":"","theme-transparent-header-meta":"default","adv-header-id-meta":"","stick-header-meta":"","header-above-stick-meta":"","header-main-stick-meta":"","header-below-stick-meta":"","astra-migrate-meta-layouts":"default","ast-page-background-enabled":"default","ast-page-background-meta":{"desktop":{"background-color":"","background-image":"","background-repeat":"repeat","background-position":"center center","background-size":"auto","background-attachment":"scroll","background-type":"","background-media":"","overlay-type":"","overlay-color":"","overlay-opacity":"","overlay-gradient":""},"tablet":{"background-color":"","background-image":"","background-repeat":"repeat","background-position":"center center","background-size":"auto","background-attachment":"scroll","background-type":"","background-media":"","overlay-type":"","overlay-color":"","overlay-opacity":"","overlay-gradient":""},"mobile":{"background-color":"","background-image":"","background-repeat":"repeat","background-position":"center center","background-size":"auto","background-attachment":"scroll","background-type":"","background-media":"","overlay-type":"","overlay-color":"","overlay-opacity":"","overlay-gradient":""}},"ast-content-background-meta":{"desktop":{"background-color":"var(--ast-global-color-5)","background-image":"","background-repeat":"repeat","background-position":"center center","background-size":"auto","background-attachment":"scroll","background-type":"","background-media":"","overlay-type":"","overlay-color":"","overlay-opacity":"","overlay-gradient":""},"tablet":{"background-color":"var(--ast-global-color-5)","background-image":"","background-repeat":"repeat","background-position":"center center","background-size":"auto","background-attachment":"scroll","background-type":"","background-media":"","overlay-type":"","overlay-color":"","overlay-opacity":"","overlay-gradient":""},"mobile":{"background-color":"var(--ast-global-color-5)","background-image":"","background-repeat":"repeat","background-position":"center center","background-size":"auto","background-attachment":"scroll","background-type":"","background-media":"","overlay-type":"","overlay-color":"","overlay-opacity":"","overlay-gradient":""}}},"product_brand":[],"product_cat":[28],"product_tag":[],"class_list":{"0":"post-2753","1":"product","2":"type-product","3":"status-publish","4":"has-post-thumbnail","6":"product_cat-life-po4-battery","7":"desktop-align-left","8":"tablet-align-left","9":"mobile-align-left","11":"first","12":"instock","13":"shipping-taxable","14":"product-type-simple"},"_links":{"self":[{"href":"https:\/\/ygspower.com\/de\/wp-json\/wp\/v2\/product\/2753","targetHints":{"allow":["GET"]}}],"collection":[{"href":"https:\/\/ygspower.com\/de\/wp-json\/wp\/v2\/product"}],"about":[{"href":"https:\/\/ygspower.com\/de\/wp-json\/wp\/v2\/types\/product"}],"version-history":[{"count":0,"href":"https:\/\/ygspower.com\/de\/wp-json\/wp\/v2\/product\/2753\/revisions"}],"wp:featuredmedia":[{"embeddable":true,"href":"https:\/\/ygspower.com\/de\/wp-json\/wp\/v2\/media\/348"}],"wp:attachment":[{"href":"https:\/\/ygspower.com\/de\/wp-json\/wp\/v2\/media?parent=2753"}],"wp:term":[{"taxonomy":"product_brand","embeddable":true,"href":"https:\/\/ygspower.com\/de\/wp-json\/wp\/v2\/product_brand?post=2753"},{"taxonomy":"product_cat","embeddable":true,"href":"https:\/\/ygspower.com\/de\/wp-json\/wp\/v2\/product_cat?post=2753"},{"taxonomy":"product_tag","embeddable":true,"href":"https:\/\/ygspower.com\/de\/wp-json\/wp\/v2\/product_tag?post=2753"}],"curies":[{"name":"wp","href":"https:\/\/api.w.org\/{rel}","templated":true}]}}