{"id":2845,"date":"2021-09-02T15:33:15","date_gmt":"2021-09-02T07:33:15","guid":{"rendered":"https:\/\/darksalmon-dugong-512221.hostingersite.com\/?post_type=product&#038;p=2845"},"modified":"2025-06-04T13:12:04","modified_gmt":"2025-06-04T05:12:04","slug":"mylion-mini-ups-12v-2a-lithium-ion-battery-backup-mu634-75wh","status":"publish","type":"product","link":"https:\/\/ygspower.com\/de\/produkt\/mylion-mini-ups-12v-2a-lithium-ion-battery-backup-mu634-75wh\/","title":{"rendered":"Mylion Mini-USV 12 V 2 A Lithium-Ionen-Batterie-Backup MU634 75 Wh"},"content":{"rendered":"<div data-elementor-type=\"product-post\" data-elementor-id=\"2845\" class=\"elementor elementor-2845\" data-elementor-post-type=\"product\">\n\t\t\t\t\t\t<section class=\"elementor-section elementor-top-section elementor-element elementor-element-129419fa elementor-section-boxed elementor-section-height-default elementor-section-height-default\" data-id=\"129419fa\" data-element_type=\"section\" data-settings=\"{&quot;ekit_has_onepagescroll_dot&quot;:&quot;yes&quot;}\">\n\t\t\t\t\t\t<div class=\"elementor-container elementor-column-gap-default\">\n\t\t\t\t\t<div class=\"elementor-column elementor-col-100 elementor-top-column elementor-element elementor-element-69b8b665\" data-id=\"69b8b665\" data-element_type=\"column\">\n\t\t\t<div class=\"elementor-widget-wrap elementor-element-populated\">\n\t\t\t\t\t\t<div class=\"elementor-element elementor-element-578aadb9 elementor-widget elementor-widget-text-editor\" data-id=\"578aadb9\" data-element_type=\"widget\" data-settings=\"{&quot;ekit_we_effect_on&quot;:&quot;none&quot;}\" data-widget_type=\"text-editor.default\">\n\t\t\t\t<div class=\"elementor-widget-container\">\n\t\t\t\t\t\t\t\t\t<p><div class=\"ast-oembed-container\" style=\"height: 100%;\"><iframe title=\"Mylion Anti-Brand-Smart-Safe-Fashion-Mini-DC-USV 12 V 2 A 3 A Ausgang, lassen Sie Ihre Elektronik nie stillstehen\" width=\"500\" height=\"281\" src=\"https:\/\/www.youtube.com\/embed\/oj755cYmdXI?feature=oembed\" frameborder=\"0\" allow=\"accelerometer; autoplay; clipboard-write; encrypted-media; gyroscope; picture-in-picture; web-share\" referrerpolicy=\"strict-origin-when-cross-origin\" allowfullscreen><\/iframe><\/div><\/p><table width=\"781\"><tbody><tr><td colspan=\"2\" width=\"781\">Alle der folgenden Informationen sind korrekt und ECHT.<\/td><\/tr><tr><td>Stilname<\/td><td>MU634 Mylion Mini-USV mit Lithium-Batterie-Backup<\/td><\/tr><tr><td>Produktname<\/td><td>Mini-DC-USV f\u00fcr ADSL-Modem, WLAN-Router\/\u00dcberwachungskamera<\/td><\/tr><tr><td>Ausgangsspannung<\/td><td>12V<\/td><\/tr><tr><td>Ausgangsstrom<\/td><td>2A<\/td><\/tr><tr><td>Ausgangsleistung<\/td><td>75,48 Wh\/20.400 mAh<\/td><\/tr><tr><td>Eingangsspannung<\/td><td>Gleichstrom 12 V<\/td><\/tr><tr><td>Eingangsstrom<\/td><td>Gleichstrom 2,5 A<\/td><\/tr><tr><td rowspan=\"2\">Arbeitszeit<\/td><td>Ausgang 12 V 0,5 A (6 W): ca. 13 Stunden<\/td><\/tr><tr><td>Ausgang 12 V 1,0 A (12 W): ca. 6,5 Stunden<\/td><\/tr><tr><td>Ladeanschluss (IN) Schwarz<\/td><td>DC5,5 \u00d7 2,1<\/td><\/tr><tr><td>Auslass\u00f6ffnung (OUT) Gelb<\/td><td>DC5,5 \u00d7 2,5<\/td><\/tr><tr><td>Geh\u00e4usematerial<\/td><td>FR-ABS<\/td><\/tr><tr><td>Geh\u00e4usefarbe<\/td><td>Wei\u00df<\/td><\/tr><tr><td>Geh\u00e4useabmessungen<\/td><td>112x70x60mm<\/td><\/tr><tr><td>Gewicht<\/td><td>405 g<\/td><\/tr><tr><td>Kostenloses \u00dcbertragungskabel<\/td><td>AWG#20 50 cm L\u00e4nge, DC5,5 \u00d7 2,1 Schwarz und DC5,5 \u00d7 2,5 Gelb<\/td><\/tr><tr><td>Lademethode<\/td><td>12 V 2,5 A Adapter (Die Adapterkosten sind nicht im Preis enthalten)<\/td><\/tr><tr><td>Batteriezellenmarke<\/td><td>Zelle einer chinesischen Marke oder koreanisch-japanische Zelle<\/td><\/tr><tr><td>UPS Zertifizierung<\/td><td>CE, FCC, EMC, Bericht<\/td><\/tr><tr><td>Batterieschutz<\/td><td width=\"553\">Temperaturschutz, \u00dcberladung und Entladung, \u00dcberstrom, Kurzschluss<\/td><\/tr><tr><td>Lebensdauer<\/td><td>Standard-Lade- und Entladekapazit\u00e4t \u226580%, Zyklenlebensdauer \u2265600<\/td><\/tr><tr><td>Anwendung<\/td><td width=\"553\">WIFI, Router\/TP-Link\/IP-Kamera\/Sicherheitssystem\/T\u00fcrzugang\/Verkaufsautomat\/LED-Licht\/LED-Streifen<\/td><\/tr><tr><td>Paket<\/td><td>18 St\u00fcck im Karton (35 x 21 x 30 cm), ca. 9,5 kg\/Karton<\/td><\/tr><tr><td>Garantie<\/td><td>12 Monate<\/td><\/tr><\/tbody><\/table><p style=\"text-align: center;\"><img fetchpriority=\"high\" decoding=\"async\" class=\"alignnone size-full wp-image-8953\" src=\"http:\/\/ygspower.com\/wp-content\/uploads\/2021\/11\/Mini-UPS-01.jpg\" alt=\"\" width=\"750\" height=\"352\" srcset=\"https:\/\/ygspower.com\/wp-content\/uploads\/2021\/11\/Mini-UPS-01.jpg 750w, https:\/\/ygspower.com\/wp-content\/uploads\/2021\/11\/Mini-UPS-01-300x141.jpg 300w, https:\/\/ygspower.com\/wp-content\/uploads\/2021\/11\/Mini-UPS-01-600x282.jpg 600w\" sizes=\"(max-width: 750px) 100vw, 750px\" \/><img decoding=\"async\" class=\"wp-image-11071 aligncenter\" src=\"http:\/\/ygspower.com\/wp-content\/uploads\/2021\/11\/MU68.jpg\" alt=\"\" width=\"197\" height=\"328\" srcset=\"https:\/\/ygspower.com\/wp-content\/uploads\/2021\/11\/MU68.jpg 1500w, https:\/\/ygspower.com\/wp-content\/uploads\/2021\/11\/MU68-180x300.jpg 180w, https:\/\/ygspower.com\/wp-content\/uploads\/2021\/11\/MU68-615x1024.jpg 615w, https:\/\/ygspower.com\/wp-content\/uploads\/2021\/11\/MU68-768x1279.jpg 768w, https:\/\/ygspower.com\/wp-content\/uploads\/2021\/11\/MU68-922x1536.jpg 922w, https:\/\/ygspower.com\/wp-content\/uploads\/2021\/11\/MU68-1230x2048.jpg 1230w, https:\/\/ygspower.com\/wp-content\/uploads\/2021\/11\/MU68-7x12.jpg 7w, https:\/\/ygspower.com\/wp-content\/uploads\/2021\/11\/MU68-600x999.jpg 600w\" sizes=\"(max-width: 197px) 100vw, 197px\" \/>\u00a0<img decoding=\"async\" class=\"alignnone size-full wp-image-8867\" src=\"http:\/\/ygspower.com\/wp-content\/uploads\/2021\/11\/mini_02.jpg\" alt=\"\" width=\"750\" height=\"798\" srcset=\"https:\/\/ygspower.com\/wp-content\/uploads\/2021\/11\/mini_02.jpg 750w, https:\/\/ygspower.com\/wp-content\/uploads\/2021\/11\/mini_02-282x300.jpg 282w, https:\/\/ygspower.com\/wp-content\/uploads\/2021\/11\/mini_02-600x638.jpg 600w\" sizes=\"(max-width: 750px) 100vw, 750px\" \/> <img loading=\"lazy\" decoding=\"async\" class=\"alignnone size-full wp-image-8868\" src=\"http:\/\/ygspower.com\/wp-content\/uploads\/2021\/11\/mini_03.jpg\" alt=\"\" width=\"750\" height=\"898\" srcset=\"https:\/\/ygspower.com\/wp-content\/uploads\/2021\/11\/mini_03.jpg 750w, https:\/\/ygspower.com\/wp-content\/uploads\/2021\/11\/mini_03-251x300.jpg 251w, https:\/\/ygspower.com\/wp-content\/uploads\/2021\/11\/mini_03-600x718.jpg 600w\" sizes=\"(max-width: 750px) 100vw, 750px\" \/> <img loading=\"lazy\" decoding=\"async\" class=\"alignnone size-full wp-image-8869\" src=\"http:\/\/ygspower.com\/wp-content\/uploads\/2021\/11\/mini_04.jpg\" alt=\"\" width=\"750\" height=\"1252\" srcset=\"https:\/\/ygspower.com\/wp-content\/uploads\/2021\/11\/mini_04.jpg 750w, https:\/\/ygspower.com\/wp-content\/uploads\/2021\/11\/mini_04-180x300.jpg 180w, https:\/\/ygspower.com\/wp-content\/uploads\/2021\/11\/mini_04-613x1024.jpg 613w, https:\/\/ygspower.com\/wp-content\/uploads\/2021\/11\/mini_04-600x1002.jpg 600w\" sizes=\"(max-width: 750px) 100vw, 750px\" \/> <img loading=\"lazy\" decoding=\"async\" class=\"alignnone size-full wp-image-8870\" src=\"http:\/\/ygspower.com\/wp-content\/uploads\/2021\/11\/mini_05.jpg\" alt=\"\" width=\"750\" height=\"891\" srcset=\"https:\/\/ygspower.com\/wp-content\/uploads\/2021\/11\/mini_05.jpg 750w, https:\/\/ygspower.com\/wp-content\/uploads\/2021\/11\/mini_05-253x300.jpg 253w, https:\/\/ygspower.com\/wp-content\/uploads\/2021\/11\/mini_05-600x713.jpg 600w\" sizes=\"(max-width: 750px) 100vw, 750px\" \/> <img loading=\"lazy\" decoding=\"async\" class=\"alignnone size-full wp-image-8871\" src=\"http:\/\/ygspower.com\/wp-content\/uploads\/2021\/11\/mini_06.jpg\" alt=\"\" width=\"750\" height=\"1757\" srcset=\"https:\/\/ygspower.com\/wp-content\/uploads\/2021\/11\/mini_06.jpg 750w, https:\/\/ygspower.com\/wp-content\/uploads\/2021\/11\/mini_06-128x300.jpg 128w, https:\/\/ygspower.com\/wp-content\/uploads\/2021\/11\/mini_06-437x1024.jpg 437w, https:\/\/ygspower.com\/wp-content\/uploads\/2021\/11\/mini_06-656x1536.jpg 656w, https:\/\/ygspower.com\/wp-content\/uploads\/2021\/11\/mini_06-600x1406.jpg 600w\" sizes=\"(max-width: 750px) 100vw, 750px\" \/> <img loading=\"lazy\" decoding=\"async\" class=\"aligncenter wp-image-11164 size-full\" src=\"http:\/\/ygspower.com\/wp-content\/uploads\/2025\/06\/lQDPJx4l0eYS1efNCcLNBdywM0CLecIlA9QIGcVcvMieAA_1500_2498.jpg\" alt=\"mini UPS\" width=\"1500\" height=\"2498\" srcset=\"https:\/\/ygspower.com\/wp-content\/uploads\/2025\/06\/lQDPJx4l0eYS1efNCcLNBdywM0CLecIlA9QIGcVcvMieAA_1500_2498.jpg 1500w, https:\/\/ygspower.com\/wp-content\/uploads\/2025\/06\/lQDPJx4l0eYS1efNCcLNBdywM0CLecIlA9QIGcVcvMieAA_1500_2498-180x300.jpg 180w, https:\/\/ygspower.com\/wp-content\/uploads\/2025\/06\/lQDPJx4l0eYS1efNCcLNBdywM0CLecIlA9QIGcVcvMieAA_1500_2498-615x1024.jpg 615w, https:\/\/ygspower.com\/wp-content\/uploads\/2025\/06\/lQDPJx4l0eYS1efNCcLNBdywM0CLecIlA9QIGcVcvMieAA_1500_2498-768x1279.jpg 768w, https:\/\/ygspower.com\/wp-content\/uploads\/2025\/06\/lQDPJx4l0eYS1efNCcLNBdywM0CLecIlA9QIGcVcvMieAA_1500_2498-922x1536.jpg 922w, https:\/\/ygspower.com\/wp-content\/uploads\/2025\/06\/lQDPJx4l0eYS1efNCcLNBdywM0CLecIlA9QIGcVcvMieAA_1500_2498-1230x2048.jpg 1230w, https:\/\/ygspower.com\/wp-content\/uploads\/2025\/06\/lQDPJx4l0eYS1efNCcLNBdywM0CLecIlA9QIGcVcvMieAA_1500_2498-7x12.jpg 7w, https:\/\/ygspower.com\/wp-content\/uploads\/2025\/06\/lQDPJx4l0eYS1efNCcLNBdywM0CLecIlA9QIGcVcvMieAA_1500_2498-600x999.jpg 600w\" sizes=\"(max-width: 1500px) 100vw, 1500px\" \/> <img loading=\"lazy\" decoding=\"async\" class=\"alignnone size-full wp-image-8873\" src=\"http:\/\/ygspower.com\/wp-content\/uploads\/2021\/11\/mini_08.jpg\" alt=\"\" width=\"750\" height=\"1211\" srcset=\"https:\/\/ygspower.com\/wp-content\/uploads\/2021\/11\/mini_08.jpg 750w, https:\/\/ygspower.com\/wp-content\/uploads\/2021\/11\/mini_08-186x300.jpg 186w, https:\/\/ygspower.com\/wp-content\/uploads\/2021\/11\/mini_08-634x1024.jpg 634w, https:\/\/ygspower.com\/wp-content\/uploads\/2021\/11\/mini_08-600x969.jpg 600w\" sizes=\"(max-width: 750px) 100vw, 750px\" \/> <img loading=\"lazy\" decoding=\"async\" class=\"alignnone size-full wp-image-8874\" src=\"http:\/\/ygspower.com\/wp-content\/uploads\/2021\/11\/mini_09.jpg\" alt=\"\" width=\"750\" height=\"1032\" srcset=\"https:\/\/ygspower.com\/wp-content\/uploads\/2021\/11\/mini_09.jpg 750w, https:\/\/ygspower.com\/wp-content\/uploads\/2021\/11\/mini_09-218x300.jpg 218w, https:\/\/ygspower.com\/wp-content\/uploads\/2021\/11\/mini_09-744x1024.jpg 744w, https:\/\/ygspower.com\/wp-content\/uploads\/2021\/11\/mini_09-600x826.jpg 600w\" sizes=\"(max-width: 750px) 100vw, 750px\" \/> <img loading=\"lazy\" decoding=\"async\" class=\"alignnone size-full wp-image-8875\" src=\"http:\/\/ygspower.com\/wp-content\/uploads\/2021\/11\/mini_10.jpg\" alt=\"\" width=\"750\" height=\"1335\" srcset=\"https:\/\/ygspower.com\/wp-content\/uploads\/2021\/11\/mini_10.jpg 750w, https:\/\/ygspower.com\/wp-content\/uploads\/2021\/11\/mini_10-169x300.jpg 169w, https:\/\/ygspower.com\/wp-content\/uploads\/2021\/11\/mini_10-575x1024.jpg 575w, https:\/\/ygspower.com\/wp-content\/uploads\/2021\/11\/mini_10-600x1068.jpg 600w\" sizes=\"(max-width: 750px) 100vw, 750px\" \/> <img loading=\"lazy\" decoding=\"async\" class=\"alignnone size-full wp-image-8876\" src=\"http:\/\/ygspower.com\/wp-content\/uploads\/2021\/11\/mini_11.jpg\" alt=\"\" width=\"750\" height=\"1841\" srcset=\"https:\/\/ygspower.com\/wp-content\/uploads\/2021\/11\/mini_11.jpg 750w, https:\/\/ygspower.com\/wp-content\/uploads\/2021\/11\/mini_11-122x300.jpg 122w, https:\/\/ygspower.com\/wp-content\/uploads\/2021\/11\/mini_11-417x1024.jpg 417w, https:\/\/ygspower.com\/wp-content\/uploads\/2021\/11\/mini_11-626x1536.jpg 626w, https:\/\/ygspower.com\/wp-content\/uploads\/2021\/11\/mini_11-600x1473.jpg 600w\" sizes=\"(max-width: 750px) 100vw, 750px\" \/> <img loading=\"lazy\" decoding=\"async\" class=\"alignnone size-full wp-image-8877\" src=\"http:\/\/ygspower.com\/wp-content\/uploads\/2021\/11\/mini_12.jpg\" alt=\"\" width=\"750\" height=\"2014\" srcset=\"https:\/\/ygspower.com\/wp-content\/uploads\/2021\/11\/mini_12.jpg 750w, https:\/\/ygspower.com\/wp-content\/uploads\/2021\/11\/mini_12-112x300.jpg 112w, https:\/\/ygspower.com\/wp-content\/uploads\/2021\/11\/mini_12-381x1024.jpg 381w, https:\/\/ygspower.com\/wp-content\/uploads\/2021\/11\/mini_12-572x1536.jpg 572w, https:\/\/ygspower.com\/wp-content\/uploads\/2021\/11\/mini_12-600x1611.jpg 600w\" sizes=\"(max-width: 750px) 100vw, 750px\" \/> <img loading=\"lazy\" decoding=\"async\" class=\"alignnone size-full wp-image-8878\" src=\"http:\/\/ygspower.com\/wp-content\/uploads\/2021\/11\/mini_13.jpg\" alt=\"\" width=\"750\" height=\"1228\" srcset=\"https:\/\/ygspower.com\/wp-content\/uploads\/2021\/11\/mini_13.jpg 750w, https:\/\/ygspower.com\/wp-content\/uploads\/2021\/11\/mini_13-183x300.jpg 183w, https:\/\/ygspower.com\/wp-content\/uploads\/2021\/11\/mini_13-625x1024.jpg 625w, https:\/\/ygspower.com\/wp-content\/uploads\/2021\/11\/mini_13-600x982.jpg 600w\" sizes=\"(max-width: 750px) 100vw, 750px\" \/> <img loading=\"lazy\" decoding=\"async\" class=\"alignnone size-full wp-image-8879\" src=\"http:\/\/ygspower.com\/wp-content\/uploads\/2021\/11\/mini_14.jpg\" alt=\"\" width=\"750\" height=\"1022\" srcset=\"https:\/\/ygspower.com\/wp-content\/uploads\/2021\/11\/mini_14.jpg 750w, https:\/\/ygspower.com\/wp-content\/uploads\/2021\/11\/mini_14-220x300.jpg 220w, https:\/\/ygspower.com\/wp-content\/uploads\/2021\/11\/mini_14-600x818.jpg 600w\" sizes=\"(max-width: 750px) 100vw, 750px\" \/><\/p>\t\t\t\t\t\t\t\t<\/div>\n\t\t\t\t<\/div>\n\t\t\t\t\t<\/div>\n\t\t<\/div>\n\t\t\t\t\t<\/div>\n\t\t<\/section>\n\t\t\t\t<\/div>","protected":false},"excerpt":{"rendered":"<div class=\"woocommerce-product-details__short-description\">\n<ul>\n<li>Typ: MU634W 12 V 2 A 75,48 Wh Mini-USV-Batterie-Backup<\/li>\n<li>Produktname: Mylion Mini DC USV 12 V Lithium-Batterie-Backup-Stromversorgung<\/li>\n<li>Anwendung: Router, ONT, CPE, OLT, ONU, ODN, Telekommunikation, WLAN, Internet usw.<\/li>\n<li>Eigenschaften: Feuerfestes Geh\u00e4use, Temperaturschutz, cooles Design, klein, sicher, smart.<\/li>\n<li>Batterietyp: Lithium-Ionen-Akku<\/li>\n<li>Backup-Zeit: \u00fcber 13 Stunden f\u00fcr 12v0.5a Router<\/li>\n<li>Funktion: versorgt elektronische Ger\u00e4te automatisch mit Strom, wenn der Wechselstrom ausf\u00e4llt<\/li>\n<li>Zertifizierung: CE, FCC, UL-Test<\/li>\n<\/ul>\n<\/div>\n<div class=\"quantity\"><label class=\"screen-reader-text\" for=\"quantity_6130793614de8\">Mylion Mini DC USV MU68W 12V Lithium-Ionen-Akku R\u00fcckseite<\/label><\/div>","protected":false},"featured_media":2815,"template":"","meta":{"_seopress_robots_primary_cat":"none","_seopress_titles_title":"Mylion Mini UPS 12V 2A Lithium ion Battery Backup MU634 75Wh","_seopress_titles_desc":"Mylion Mini UPS 12V 2A Lithium ion Battery Backup MU634 75Wh","_seopress_robots_index":"","site-sidebar-layout":"default","site-content-layout":"default","ast-site-content-layout":"default","site-content-style":"default","site-sidebar-style":"default","ast-global-header-display":"","ast-banner-title-visibility":"","ast-main-header-display":"","ast-hfb-above-header-display":"","ast-hfb-below-header-display":"","ast-hfb-mobile-header-display":"","site-post-title":"","ast-breadcrumbs-content":"","ast-featured-img":"","footer-sml-layout":"","theme-transparent-header-meta":"default","adv-header-id-meta":"","stick-header-meta":"","header-above-stick-meta":"","header-main-stick-meta":"","header-below-stick-meta":"","astra-migrate-meta-layouts":"set","ast-page-background-enabled":"default","ast-page-background-meta":{"desktop":{"background-color":"","background-image":"","background-repeat":"repeat","background-position":"center center","background-size":"auto","background-attachment":"scroll","background-type":"","background-media":"","overlay-type":"","overlay-color":"","overlay-opacity":"","overlay-gradient":""},"tablet":{"background-color":"","background-image":"","background-repeat":"repeat","background-position":"center center","background-size":"auto","background-attachment":"scroll","background-type":"","background-media":"","overlay-type":"","overlay-color":"","overlay-opacity":"","overlay-gradient":""},"mobile":{"background-color":"","background-image":"","background-repeat":"repeat","background-position":"center center","background-size":"auto","background-attachment":"scroll","background-type":"","background-media":"","overlay-type":"","overlay-color":"","overlay-opacity":"","overlay-gradient":""}},"ast-content-background-meta":{"desktop":{"background-color":"var(--ast-global-color-5)","background-image":"","background-repeat":"repeat","background-position":"center center","background-size":"auto","background-attachment":"scroll","background-type":"","background-media":"","overlay-type":"","overlay-color":"","overlay-opacity":"","overlay-gradient":""},"tablet":{"background-color":"var(--ast-global-color-5)","background-image":"","background-repeat":"repeat","background-position":"center center","background-size":"auto","background-attachment":"scroll","background-type":"","background-media":"","overlay-type":"","overlay-color":"","overlay-opacity":"","overlay-gradient":""},"mobile":{"background-color":"var(--ast-global-color-5)","background-image":"","background-repeat":"repeat","background-position":"center center","background-size":"auto","background-attachment":"scroll","background-type":"","background-media":"","overlay-type":"","overlay-color":"","overlay-opacity":"","overlay-gradient":""}}},"product_brand":[],"product_cat":[3],"product_tag":[70,69,72,52,71,51,53],"class_list":{"0":"post-2845","1":"product","2":"type-product","3":"status-publish","4":"has-post-thumbnail","6":"product_cat-mini-dc-ups","7":"product_tag-12v-mini-ups","8":"product_tag-12v-ups","9":"product_tag-75wh-mini-ups","10":"product_tag-dc-ups","11":"product_tag-high-power-dc-ups","12":"product_tag-mini-ups","13":"product_tag-router-ups","14":"desktop-align-left","15":"tablet-align-left","16":"mobile-align-left","18":"first","19":"instock","20":"shipping-taxable","21":"product-type-simple"},"_links":{"self":[{"href":"https:\/\/ygspower.com\/de\/wp-json\/wp\/v2\/product\/2845","targetHints":{"allow":["GET"]}}],"collection":[{"href":"https:\/\/ygspower.com\/de\/wp-json\/wp\/v2\/product"}],"about":[{"href":"https:\/\/ygspower.com\/de\/wp-json\/wp\/v2\/types\/product"}],"version-history":[{"count":5,"href":"https:\/\/ygspower.com\/de\/wp-json\/wp\/v2\/product\/2845\/revisions"}],"predecessor-version":[{"id":11174,"href":"https:\/\/ygspower.com\/de\/wp-json\/wp\/v2\/product\/2845\/revisions\/11174"}],"wp:featuredmedia":[{"embeddable":true,"href":"https:\/\/ygspower.com\/de\/wp-json\/wp\/v2\/media\/2815"}],"wp:attachment":[{"href":"https:\/\/ygspower.com\/de\/wp-json\/wp\/v2\/media?parent=2845"}],"wp:term":[{"taxonomy":"product_brand","embeddable":true,"href":"https:\/\/ygspower.com\/de\/wp-json\/wp\/v2\/product_brand?post=2845"},{"taxonomy":"product_cat","embeddable":true,"href":"https:\/\/ygspower.com\/de\/wp-json\/wp\/v2\/product_cat?post=2845"},{"taxonomy":"product_tag","embeddable":true,"href":"https:\/\/ygspower.com\/de\/wp-json\/wp\/v2\/product_tag?post=2845"}],"curies":[{"name":"wp","href":"https:\/\/api.w.org\/{rel}","templated":true}]}}