{"id":2857,"date":"2021-09-02T15:34:12","date_gmt":"2021-09-02T07:34:12","guid":{"rendered":"https:\/\/darksalmon-dugong-512221.hostingersite.com\/?post_type=product&#038;p=2857"},"modified":"2025-10-11T14:00:09","modified_gmt":"2025-10-11T06:00:09","slug":"mylion-mini-ups-mu68b-battery-backup","status":"publish","type":"product","link":"https:\/\/ygspower.com\/de\/produkt\/mylion-mini-ups-mu68b-battery-backup\/","title":{"rendered":"Free Shipping Mylin 12V Mini UPS For Router MU68B 45Wh"},"content":{"rendered":"<p style=\"text-align: left;\">F\u00f6rderung:<\/p>\n<p style=\"text-align: left;\">Kostenloser Versand f\u00fcr folgende L\u00e4nder:<br \/>\nJapan, S\u00fcdkorea, Myanmar, Malaysia, Singapur, Thailand, Vietnam, Kanada, Vereinigte Staaten, Australien, Belgien, Frankreich, Polen, Vereinigtes K\u00f6nigreich, Andorra, Russland, Italien, Deutschland, Spanien, Niederlande, Ukraine, Schweden.<\/p>\n<p style=\"text-align: left;\">Wenn Sie aus anderen L\u00e4ndern kommen, wenden Sie sich bitte f\u00fcr ein detailliertes Angebot an den Vertriebsleiter von Mylion: sales@darksalmon-dugong-512221.hostingersite.com<\/p>\n<p style=\"text-align: left;\">Der beste Partner f\u00fcr die Arbeit von zu Hause. Sorgen Sie daf\u00fcr, dass Ihr WLAN auch bei Stromausf\u00e4llen nie ausf\u00e4llt.<\/p>\n<p style=\"text-align: left;\">Mylion Smart Mini UPS bietet eine unterbrechungsfreie Stromversorgung f\u00fcr Ihren Router. Verbinden Sie Mylion Mini UPS mit Wechselstrom und Ihrem Router. Wenn der Wechselstrom ausf\u00e4llt, versorgt Mylion Mini UPS Ihren Router automatisch innerhalb von 0 Sekunden mit Strom. Ihr WLAN wird nie unterbrochen.<\/p>\n<p style=\"text-align: left;\">Willkommen, H\u00e4ndler!<\/p>\n<table style=\"height: 1101px;\" width=\"1037\">\n<tbody>\n<tr>\n<td width=\"231\">Stilname<\/td>\n<td width=\"544\">MU68B Mylion Mini-USV 12\u00a0V f\u00fcr Router<\/td>\n<\/tr>\n<tr>\n<td>Produktname<\/td>\n<td>Mylin 12V Mini UPS for Router ADSL Modem WiFi Router CPE ONT\/Security Camera<\/td>\n<\/tr>\n<tr>\n<td>Ausgangsspannung<\/td>\n<td>12V<\/td>\n<\/tr>\n<tr>\n<td>Ausgangsstrom<\/td>\n<td>2A<\/td>\n<\/tr>\n<tr>\n<td>Ausgangsleistung<\/td>\n<td>45 Wh\/12 Ah<\/td>\n<\/tr>\n<tr>\n<td>Eingangsspannung<\/td>\n<td>Gleichstrom 12 V<\/td>\n<\/tr>\n<tr>\n<td>Eingangsstrom<\/td>\n<td>Gleichstrom 2,5 A<\/td>\n<\/tr>\n<tr>\n<td rowspan=\"2\">Arbeitszeit<\/td>\n<td>Ausgang 12 V 0,5 A (6 W): ca. 9 Stunden<\/td>\n<\/tr>\n<tr>\n<td>Ausgang 12 V 1,0 A (12 W): ca. 5 Stunden<\/td>\n<\/tr>\n<tr>\n<td>Ladeanschluss (IN) Schwarz<\/td>\n<td>DC5,5 \u00d7 2,1<\/td>\n<\/tr>\n<tr>\n<td>Auslass\u00f6ffnung (OUT) Gelb<\/td>\n<td>DC5,5 \u00d7 2,5<\/td>\n<\/tr>\n<tr>\n<td>Geh\u00e4usematerial<\/td>\n<td>FR-ABS feuerfest<\/td>\n<\/tr>\n<tr>\n<td>Geh\u00e4usefarbe<\/td>\n<td>Schwarz<\/td>\n<\/tr>\n<tr>\n<td>Geh\u00e4useabmessungen<\/td>\n<td>112x70x60mm<\/td>\n<\/tr>\n<tr>\n<td>Gewicht<\/td>\n<td>405 g<\/td>\n<\/tr>\n<tr>\n<td>Kostenloses \u00dcbertragungskabel<\/td>\n<td>AWG#20 50 cm L\u00e4nge, DC5,5 \u00d7 2,1 Schwarz und DC5,5 \u00d7 2,5 Gelb<\/td>\n<\/tr>\n<tr>\n<td>Lademethode<\/td>\n<td>12 V 2,5 A Adapter (Die Adapterkosten sind nicht im Preis enthalten)<\/td>\n<\/tr>\n<tr>\n<td>Batteriezellenmarke<\/td>\n<td>Zelle einer chinesischen Marke oder koreanisch-japanische Zelle<\/td>\n<\/tr>\n<tr>\n<td>UPS Zertifizierung<\/td>\n<td>CE, FCC, EMC, UL-Testbericht<\/td>\n<\/tr>\n<tr>\n<td>Batterieschutz<\/td>\n<td width=\"544\">Temperaturschutz, \u00dcberladung und Entladung, \u00dcberstrom, Kurzschluss<\/td>\n<\/tr>\n<tr>\n<td>Lebensdauer<\/td>\n<td>Standard-Lade- und Entladekapazit\u00e4t \u226580%, Zyklenlebensdauer \u2265600<\/td>\n<\/tr>\n<tr>\n<td>Anwendung<\/td>\n<td width=\"544\">WIFI, Router\/TP-Link\/IP-Kamera\/Sicherheitssystem\/T\u00fcrzugang\/Verkaufsautomat\/LED-Licht\/LED-Streifen\/ONT, CPE, OLT, ONU, ODN<\/td>\n<\/tr>\n<tr>\n<td>Paket<\/td>\n<td>20 St\u00fcck im Karton (35 x 21 x 30 cm), ca. 10,5 kg\/Karton<\/td>\n<\/tr>\n<tr>\n<td>Garantie<\/td>\n<td>12 Monate<\/td>\n<\/tr>\n<\/tbody>\n<\/table>\n<p style=\"text-align: left;\">\u00a0 <img fetchpriority=\"high\" decoding=\"async\" class=\"aligncenter size-full wp-image-11750\" src=\"http:\/\/ygspower.com\/wp-content\/uploads\/2020\/10\/MU68_01.jpg\" alt=\"\" width=\"1500\" height=\"709\" srcset=\"https:\/\/ygspower.com\/wp-content\/uploads\/2020\/10\/MU68_01.jpg 1500w, https:\/\/ygspower.com\/wp-content\/uploads\/2020\/10\/MU68_01-300x142.jpg 300w, https:\/\/ygspower.com\/wp-content\/uploads\/2020\/10\/MU68_01-1024x484.jpg 1024w, https:\/\/ygspower.com\/wp-content\/uploads\/2020\/10\/MU68_01-768x363.jpg 768w, https:\/\/ygspower.com\/wp-content\/uploads\/2020\/10\/MU68_01-18x9.jpg 18w, https:\/\/ygspower.com\/wp-content\/uploads\/2020\/10\/MU68_01-600x284.jpg 600w\" sizes=\"(max-width: 1500px) 100vw, 1500px\" \/> <img decoding=\"async\" class=\"aligncenter size-full wp-image-11751\" src=\"http:\/\/ygspower.com\/wp-content\/uploads\/2020\/10\/MU68_02.jpg\" alt=\"\" width=\"1500\" height=\"965\" srcset=\"https:\/\/ygspower.com\/wp-content\/uploads\/2020\/10\/MU68_02.jpg 1500w, https:\/\/ygspower.com\/wp-content\/uploads\/2020\/10\/MU68_02-300x193.jpg 300w, https:\/\/ygspower.com\/wp-content\/uploads\/2020\/10\/MU68_02-1024x659.jpg 1024w, https:\/\/ygspower.com\/wp-content\/uploads\/2020\/10\/MU68_02-768x494.jpg 768w, https:\/\/ygspower.com\/wp-content\/uploads\/2020\/10\/MU68_02-18x12.jpg 18w, https:\/\/ygspower.com\/wp-content\/uploads\/2020\/10\/MU68_02-600x386.jpg 600w\" sizes=\"(max-width: 1500px) 100vw, 1500px\" \/> <img decoding=\"async\" class=\"aligncenter size-full wp-image-11752\" src=\"http:\/\/ygspower.com\/wp-content\/uploads\/2020\/10\/MU68_03.jpg\" alt=\"\" width=\"1500\" height=\"1826\" srcset=\"https:\/\/ygspower.com\/wp-content\/uploads\/2020\/10\/MU68_03.jpg 1500w, https:\/\/ygspower.com\/wp-content\/uploads\/2020\/10\/MU68_03-246x300.jpg 246w, https:\/\/ygspower.com\/wp-content\/uploads\/2020\/10\/MU68_03-841x1024.jpg 841w, https:\/\/ygspower.com\/wp-content\/uploads\/2020\/10\/MU68_03-768x935.jpg 768w, https:\/\/ygspower.com\/wp-content\/uploads\/2020\/10\/MU68_03-1262x1536.jpg 1262w, https:\/\/ygspower.com\/wp-content\/uploads\/2020\/10\/MU68_03-10x12.jpg 10w, https:\/\/ygspower.com\/wp-content\/uploads\/2020\/10\/MU68_03-600x730.jpg 600w\" sizes=\"(max-width: 1500px) 100vw, 1500px\" \/> <img loading=\"lazy\" decoding=\"async\" class=\"aligncenter size-full wp-image-11753\" src=\"http:\/\/ygspower.com\/wp-content\/uploads\/2020\/10\/MU68_04.jpg\" alt=\"\" width=\"1500\" height=\"1536\" srcset=\"https:\/\/ygspower.com\/wp-content\/uploads\/2020\/10\/MU68_04.jpg 1500w, https:\/\/ygspower.com\/wp-content\/uploads\/2020\/10\/MU68_04-293x300.jpg 293w, https:\/\/ygspower.com\/wp-content\/uploads\/2020\/10\/MU68_04-1000x1024.jpg 1000w, https:\/\/ygspower.com\/wp-content\/uploads\/2020\/10\/MU68_04-768x786.jpg 768w, https:\/\/ygspower.com\/wp-content\/uploads\/2020\/10\/MU68_04-12x12.jpg 12w, https:\/\/ygspower.com\/wp-content\/uploads\/2020\/10\/MU68_04-600x614.jpg 600w\" sizes=\"(max-width: 1500px) 100vw, 1500px\" \/> <img loading=\"lazy\" decoding=\"async\" class=\"aligncenter size-full wp-image-11754\" src=\"http:\/\/ygspower.com\/wp-content\/uploads\/2020\/10\/MU68_05.jpg\" alt=\"\" width=\"1500\" height=\"1557\" srcset=\"https:\/\/ygspower.com\/wp-content\/uploads\/2020\/10\/MU68_05.jpg 1500w, https:\/\/ygspower.com\/wp-content\/uploads\/2020\/10\/MU68_05-289x300.jpg 289w, https:\/\/ygspower.com\/wp-content\/uploads\/2020\/10\/MU68_05-987x1024.jpg 987w, https:\/\/ygspower.com\/wp-content\/uploads\/2020\/10\/MU68_05-768x797.jpg 768w, https:\/\/ygspower.com\/wp-content\/uploads\/2020\/10\/MU68_05-1480x1536.jpg 1480w, https:\/\/ygspower.com\/wp-content\/uploads\/2020\/10\/MU68_05-12x12.jpg 12w, https:\/\/ygspower.com\/wp-content\/uploads\/2020\/10\/MU68_05-600x623.jpg 600w\" sizes=\"(max-width: 1500px) 100vw, 1500px\" \/> <img loading=\"lazy\" decoding=\"async\" class=\"aligncenter size-full wp-image-11755\" src=\"http:\/\/ygspower.com\/wp-content\/uploads\/2020\/10\/MU68_06.jpg\" alt=\"\" width=\"1500\" height=\"1597\" srcset=\"https:\/\/ygspower.com\/wp-content\/uploads\/2020\/10\/MU68_06.jpg 1500w, https:\/\/ygspower.com\/wp-content\/uploads\/2020\/10\/MU68_06-282x300.jpg 282w, https:\/\/ygspower.com\/wp-content\/uploads\/2020\/10\/MU68_06-962x1024.jpg 962w, https:\/\/ygspower.com\/wp-content\/uploads\/2020\/10\/MU68_06-768x818.jpg 768w, https:\/\/ygspower.com\/wp-content\/uploads\/2020\/10\/MU68_06-1443x1536.jpg 1443w, https:\/\/ygspower.com\/wp-content\/uploads\/2020\/10\/MU68_06-11x12.jpg 11w, https:\/\/ygspower.com\/wp-content\/uploads\/2020\/10\/MU68_06-600x639.jpg 600w\" sizes=\"(max-width: 1500px) 100vw, 1500px\" \/> <img loading=\"lazy\" decoding=\"async\" class=\"aligncenter size-full wp-image-11756\" src=\"http:\/\/ygspower.com\/wp-content\/uploads\/2020\/10\/MU68_07.jpg\" alt=\"\" width=\"1500\" height=\"1366\" srcset=\"https:\/\/ygspower.com\/wp-content\/uploads\/2020\/10\/MU68_07.jpg 1500w, https:\/\/ygspower.com\/wp-content\/uploads\/2020\/10\/MU68_07-300x273.jpg 300w, https:\/\/ygspower.com\/wp-content\/uploads\/2020\/10\/MU68_07-1024x933.jpg 1024w, https:\/\/ygspower.com\/wp-content\/uploads\/2020\/10\/MU68_07-768x699.jpg 768w, https:\/\/ygspower.com\/wp-content\/uploads\/2020\/10\/MU68_07-13x12.jpg 13w, https:\/\/ygspower.com\/wp-content\/uploads\/2020\/10\/MU68_07-600x546.jpg 600w\" sizes=\"(max-width: 1500px) 100vw, 1500px\" \/> <img loading=\"lazy\" decoding=\"async\" class=\"aligncenter size-full wp-image-11757\" src=\"http:\/\/ygspower.com\/wp-content\/uploads\/2020\/10\/MU68_08.jpg\" alt=\"\" width=\"1500\" height=\"1916\" srcset=\"https:\/\/ygspower.com\/wp-content\/uploads\/2020\/10\/MU68_08.jpg 1500w, https:\/\/ygspower.com\/wp-content\/uploads\/2020\/10\/MU68_08-235x300.jpg 235w, https:\/\/ygspower.com\/wp-content\/uploads\/2020\/10\/MU68_08-802x1024.jpg 802w, https:\/\/ygspower.com\/wp-content\/uploads\/2020\/10\/MU68_08-768x981.jpg 768w, https:\/\/ygspower.com\/wp-content\/uploads\/2020\/10\/MU68_08-1203x1536.jpg 1203w, https:\/\/ygspower.com\/wp-content\/uploads\/2020\/10\/MU68_08-9x12.jpg 9w, https:\/\/ygspower.com\/wp-content\/uploads\/2020\/10\/MU68_08-600x766.jpg 600w\" sizes=\"(max-width: 1500px) 100vw, 1500px\" \/> <img loading=\"lazy\" decoding=\"async\" class=\"aligncenter size-full wp-image-11758\" src=\"http:\/\/ygspower.com\/wp-content\/uploads\/2020\/10\/MU68_09.jpg\" alt=\"\" width=\"1500\" height=\"2498\" srcset=\"https:\/\/ygspower.com\/wp-content\/uploads\/2020\/10\/MU68_09.jpg 1500w, https:\/\/ygspower.com\/wp-content\/uploads\/2020\/10\/MU68_09-180x300.jpg 180w, https:\/\/ygspower.com\/wp-content\/uploads\/2020\/10\/MU68_09-615x1024.jpg 615w, https:\/\/ygspower.com\/wp-content\/uploads\/2020\/10\/MU68_09-768x1279.jpg 768w, https:\/\/ygspower.com\/wp-content\/uploads\/2020\/10\/MU68_09-922x1536.jpg 922w, https:\/\/ygspower.com\/wp-content\/uploads\/2020\/10\/MU68_09-1230x2048.jpg 1230w, https:\/\/ygspower.com\/wp-content\/uploads\/2020\/10\/MU68_09-7x12.jpg 7w, https:\/\/ygspower.com\/wp-content\/uploads\/2020\/10\/MU68_09-600x999.jpg 600w\" sizes=\"(max-width: 1500px) 100vw, 1500px\" \/> <img loading=\"lazy\" decoding=\"async\" class=\"aligncenter size-full wp-image-11759\" src=\"http:\/\/ygspower.com\/wp-content\/uploads\/2020\/10\/MU68_10-scaled.jpg\" alt=\"\" width=\"1326\" height=\"2560\" srcset=\"https:\/\/ygspower.com\/wp-content\/uploads\/2020\/10\/MU68_10-scaled.jpg 1326w, https:\/\/ygspower.com\/wp-content\/uploads\/2020\/10\/MU68_10-155x300.jpg 155w, https:\/\/ygspower.com\/wp-content\/uploads\/2020\/10\/MU68_10-530x1024.jpg 530w, https:\/\/ygspower.com\/wp-content\/uploads\/2020\/10\/MU68_10-768x1483.jpg 768w, https:\/\/ygspower.com\/wp-content\/uploads\/2020\/10\/MU68_10-796x1536.jpg 796w, https:\/\/ygspower.com\/wp-content\/uploads\/2020\/10\/MU68_10-1061x2048.jpg 1061w, https:\/\/ygspower.com\/wp-content\/uploads\/2020\/10\/MU68_10-6x12.jpg 6w, https:\/\/ygspower.com\/wp-content\/uploads\/2020\/10\/MU68_10-600x1158.jpg 600w\" sizes=\"(max-width: 1326px) 100vw, 1326px\" \/><\/p>\n<p style=\"text-align: left;\" align=\"left\" data-spm-anchor-id=\"a2700.wholesale.0.i27.aa498e710SqqCh\"><strong>H\u00e4ufig gestellte Fragen.<\/strong><\/p>\n<p style=\"text-align: left;\" align=\"left\"><strong>Sind Sie Hersteller?<\/strong><\/p>\n<p style=\"text-align: left;\" align=\"left\">Ja, Mylion ist ein Hersteller.<\/p>\n<p style=\"text-align: left;\" align=\"left\"><strong>Kann ich eine Musterbestellung erhalten?<\/strong><\/p>\n<p style=\"text-align: left;\" align=\"left\">Ja, wir freuen uns \u00fcber Musterbestellungen zum Testen und \u00dcberpr\u00fcfen der Qualit\u00e4t.<\/p>\n<p style=\"text-align: left;\" align=\"left\"><strong>Wie sieht es mit der Vorlaufzeit aus?<\/strong><\/p>\n<p style=\"text-align: left;\" align=\"left\">1. Probe ben\u00f6tigt 3-5 Tage<\/p>\n<p style=\"text-align: left;\" align=\"left\">2. Offizielle Bestellung, Massenproduktionszeit ben\u00f6tigt 2-4 Wochen<\/p>\n<p style=\"text-align: left;\" align=\"left\"><strong>Haben Sie ein MOQ-Limit?<\/strong><\/p>\n<p style=\"text-align: left;\" align=\"left\">1. F\u00fcr den Einzelhandel haben wir keine Mindestbestellmenge. Eine Bestellung kann 1 St\u00fcck umfassen.<\/p>\n<p style=\"text-align: left;\" align=\"left\">2. F\u00fcr den Gro\u00dfhandel haben wir eine Mindestbestellmenge f\u00fcr bessere Preise, normalerweise 100 St\u00fcck.<\/p>\n<p style=\"text-align: left;\" align=\"left\"><strong>Wie erfolgt der Versand der Ware und wie lange dauert es, bis diese bei Ihnen eintrifft?<\/strong><\/p>\n<p style=\"text-align: left;\" align=\"left\">1. Bei kleinen Mengen versenden wir oft per Express. Die Lieferzeit in verschiedene L\u00e4nder betr\u00e4gt ca. 3\u201310 Tage.<\/p>\n<p style=\"text-align: left;\" align=\"left\">2. F\u00fcr offizielle Bestellungen empfehlen wir, den Versand \u00fcber den Seeweg zu w\u00e4hlen, um Kosten zu sparen. In die USA betr\u00e4gt die Lieferzeit ca. 20\u201325 Tage, nach Europa ca. 25\u201330 Tage.<\/p>\n<p style=\"text-align: left;\" align=\"left\"><strong>Wie gehe ich bei einer Bestellung vor?<\/strong><\/p>\n<p style=\"text-align: left;\" align=\"left\">1. Teilen Sie uns Ihre Anforderungen oder Anwendung mit.<\/p>\n<p style=\"text-align: left;\" align=\"left\">2. Wir erstellen ein Angebot entsprechend Ihren Anforderungen oder unseren Vorschl\u00e4gen.<\/p>\n<p style=\"text-align: left;\" align=\"left\">3. Der Kunde best\u00e4tigt die Muster und leistet eine Anzahlung f\u00fcr die formelle Bestellung.<\/p>\n<p style=\"text-align: left;\" align=\"left\">4. Wir organisieren die Produktion.<\/p>\n<p style=\"text-align: left;\" align=\"left\"><strong>Darf ich mein Logo auf das Produkt drucken?<\/strong><\/p>\n<p style=\"text-align: left;\" align=\"left\">1. F\u00fcr Kleinmengenbestellungen oder den Einzelhandel kein individueller Service.<\/p>\n<p style=\"text-align: left;\" align=\"left\">2. F\u00fcr den Gro\u00dfhandel ist ein individueller Service willkommen. Bitte senden Sie uns Ihr Kunstwerk.<\/p>\n<p style=\"text-align: left;\" align=\"left\"><strong>Welche Zertifikate besitzen Sie?<\/strong><\/p>\n<p style=\"text-align: left;\" align=\"left\">Wir verf\u00fcgen \u00fcber CE\/FCC\/ROHS\/UN38.3\/MSDS \u2026 usw. Wir versprechen unseren Kunden gute Qualit\u00e4t.<\/p>\n<p style=\"text-align: left;\" align=\"left\"><strong>Wie steht es mit der Garantie?<\/strong><\/p>\n<p style=\"text-align: left;\">1 Jahr Garantie<\/p>\n<p style=\"text-align: left;\">Bei Fragen wenden Sie sich bitte an das Mylionsales-Team.<\/p>\n<p style=\"text-align: left;\">Skype: appleasia. WhatsApp: +86 15601782817<\/p>\n<p style=\"text-align: left;\">Sie k\u00f6nnen unsere Antwort innerhalb von 8 Stunden erhalten.<\/p>","protected":false},"excerpt":{"rendered":"<ul>\n<li>Typ: MU68B 12V 2A 45Wh<\/li>\n<li>Product name: mylin 12V mini ups 12v lithium ion battery backup power supplier<\/li>\n<li>Anwendung: Router, ONT, CPE, OLT, ONU, ODN, Telekommunikation, WLAN, Internet usw.<\/li>\n<li>Eigenschaften: Feuerfestes Geh\u00e4use, Temperaturschutz, cooles Design, klein, sicher, smart.<\/li>\n<li>Batterietyp: Lithium-Ionen-Akku<\/li>\n<li>Backup-Zeit: \u00fcber 9 Stunden f\u00fcr 12v0.5a Router<\/li>\n<li>Funktion: versorgt den Router automatisch mit Strom, wenn der Strom ausf\u00e4llt<\/li>\n<li>Zertifizierung: CE, FCC, UL-Testbericht<\/li>\n<\/ul>","protected":false},"featured_media":11741,"template":"","meta":{"_seopress_robots_primary_cat":"none","_seopress_titles_title":"Mylin Mini DC UPS MU68W 12V Lithium ion Battery Backup","_seopress_titles_desc":"Mylin 12V Mini UPS For Router MU68B 45Wh 12Ah Lithium ion Battery Backup","_seopress_robots_index":"","site-sidebar-layout":"default","site-content-layout":"default","ast-site-content-layout":"default","site-content-style":"default","site-sidebar-style":"default","ast-global-header-display":"","ast-banner-title-visibility":"","ast-main-header-display":"","ast-hfb-above-header-display":"","ast-hfb-below-header-display":"","ast-hfb-mobile-header-display":"","site-post-title":"","ast-breadcrumbs-content":"","ast-featured-img":"","footer-sml-layout":"","theme-transparent-header-meta":"default","adv-header-id-meta":"","stick-header-meta":"","header-above-stick-meta":"","header-main-stick-meta":"","header-below-stick-meta":"","astra-migrate-meta-layouts":"set","ast-page-background-enabled":"default","ast-page-background-meta":{"desktop":{"background-color":"","background-image":"","background-repeat":"repeat","background-position":"center center","background-size":"auto","background-attachment":"scroll","background-type":"","background-media":"","overlay-type":"","overlay-color":"","overlay-opacity":"","overlay-gradient":""},"tablet":{"background-color":"","background-image":"","background-repeat":"repeat","background-position":"center center","background-size":"auto","background-attachment":"scroll","background-type":"","background-media":"","overlay-type":"","overlay-color":"","overlay-opacity":"","overlay-gradient":""},"mobile":{"background-color":"","background-image":"","background-repeat":"repeat","background-position":"center center","background-size":"auto","background-attachment":"scroll","background-type":"","background-media":"","overlay-type":"","overlay-color":"","overlay-opacity":"","overlay-gradient":""}},"ast-content-background-meta":{"desktop":{"background-color":"var(--ast-global-color-5)","background-image":"","background-repeat":"repeat","background-position":"center center","background-size":"auto","background-attachment":"scroll","background-type":"","background-media":"","overlay-type":"","overlay-color":"","overlay-opacity":"","overlay-gradient":""},"tablet":{"background-color":"var(--ast-global-color-5)","background-image":"","background-repeat":"repeat","background-position":"center center","background-size":"auto","background-attachment":"scroll","background-type":"","background-media":"","overlay-type":"","overlay-color":"","overlay-opacity":"","overlay-gradient":""},"mobile":{"background-color":"var(--ast-global-color-5)","background-image":"","background-repeat":"repeat","background-position":"center center","background-size":"auto","background-attachment":"scroll","background-type":"","background-media":"","overlay-type":"","overlay-color":"","overlay-opacity":"","overlay-gradient":""}}},"product_brand":[],"product_cat":[3,21],"product_tag":[54,56,55,52,51,53],"class_list":{"0":"post-2857","1":"product","2":"type-product","3":"status-publish","4":"has-post-thumbnail","6":"product_cat-mini-dc-ups","7":"product_cat-promotion-wholesales-factory-price","8":"product_tag-12v-dc-ups","9":"product_tag-12v-lithium-battery","10":"product_tag-battery-backup","11":"product_tag-dc-ups","12":"product_tag-mini-ups","13":"product_tag-router-ups","14":"product_shipping_class-bulk","15":"desktop-align-left","16":"tablet-align-left","17":"mobile-align-left","19":"first","20":"instock","21":"shipping-taxable","22":"product-type-simple"},"_links":{"self":[{"href":"https:\/\/ygspower.com\/de\/wp-json\/wp\/v2\/product\/2857","targetHints":{"allow":["GET"]}}],"collection":[{"href":"https:\/\/ygspower.com\/de\/wp-json\/wp\/v2\/product"}],"about":[{"href":"https:\/\/ygspower.com\/de\/wp-json\/wp\/v2\/types\/product"}],"version-history":[{"count":7,"href":"https:\/\/ygspower.com\/de\/wp-json\/wp\/v2\/product\/2857\/revisions"}],"predecessor-version":[{"id":11768,"href":"https:\/\/ygspower.com\/de\/wp-json\/wp\/v2\/product\/2857\/revisions\/11768"}],"wp:featuredmedia":[{"embeddable":true,"href":"https:\/\/ygspower.com\/de\/wp-json\/wp\/v2\/media\/11741"}],"wp:attachment":[{"href":"https:\/\/ygspower.com\/de\/wp-json\/wp\/v2\/media?parent=2857"}],"wp:term":[{"taxonomy":"product_brand","embeddable":true,"href":"https:\/\/ygspower.com\/de\/wp-json\/wp\/v2\/product_brand?post=2857"},{"taxonomy":"product_cat","embeddable":true,"href":"https:\/\/ygspower.com\/de\/wp-json\/wp\/v2\/product_cat?post=2857"},{"taxonomy":"product_tag","embeddable":true,"href":"https:\/\/ygspower.com\/de\/wp-json\/wp\/v2\/product_tag?post=2857"}],"curies":[{"name":"wp","href":"https:\/\/api.w.org\/{rel}","templated":true}]}}