{"id":3372,"date":"2021-10-06T12:36:19","date_gmt":"2021-10-06T04:36:19","guid":{"rendered":"https:\/\/darksalmon-dugong-512221.hostingersite.com\/?post_type=product&#038;p=3372"},"modified":"2021-10-06T12:43:51","modified_gmt":"2021-10-06T04:43:51","slug":"mylion-mini-dc-ups-5v-2a-lithium-ion-battery-backup","status":"publish","type":"product","link":"https:\/\/ygspower.com\/de\/produkt\/mylion-mini-dc-ups-5v-2a-lithium-ion-battery-backup\/","title":{"rendered":"Mylion MU5-02 Mini-USV 5 V 2 A Lithium-Ionen-Akku-Netzteil"},"content":{"rendered":"<p><img fetchpriority=\"high\" decoding=\"async\" class=\"aligncenter size-full wp-image-3373\" src=\"http:\/\/ygspower.com\/wp-content\/uploads\/2021\/10\/5v-usb-W001.jpg\" alt=\"\" width=\"1000\" height=\"1000\" srcset=\"https:\/\/ygspower.com\/wp-content\/uploads\/2021\/10\/5v-usb-W001.jpg 1000w, https:\/\/ygspower.com\/wp-content\/uploads\/2021\/10\/5v-usb-W001-300x300.jpg 300w, https:\/\/ygspower.com\/wp-content\/uploads\/2021\/10\/5v-usb-W001-100x100.jpg 100w, https:\/\/ygspower.com\/wp-content\/uploads\/2021\/10\/5v-usb-W001-600x600.jpg 600w, https:\/\/ygspower.com\/wp-content\/uploads\/2021\/10\/5v-usb-W001-150x150.jpg 150w, https:\/\/ygspower.com\/wp-content\/uploads\/2021\/10\/5v-usb-W001-768x768.jpg 768w\" sizes=\"(max-width: 1000px) 100vw, 1000px\" \/> <img decoding=\"async\" class=\"aligncenter size-full wp-image-3374\" src=\"http:\/\/ygspower.com\/wp-content\/uploads\/2021\/10\/5v-usb-W002-2.jpg\" alt=\"\" width=\"1000\" height=\"1000\" srcset=\"https:\/\/ygspower.com\/wp-content\/uploads\/2021\/10\/5v-usb-W002-2.jpg 1000w, https:\/\/ygspower.com\/wp-content\/uploads\/2021\/10\/5v-usb-W002-2-300x300.jpg 300w, https:\/\/ygspower.com\/wp-content\/uploads\/2021\/10\/5v-usb-W002-2-100x100.jpg 100w, https:\/\/ygspower.com\/wp-content\/uploads\/2021\/10\/5v-usb-W002-2-600x600.jpg 600w, https:\/\/ygspower.com\/wp-content\/uploads\/2021\/10\/5v-usb-W002-2-150x150.jpg 150w, https:\/\/ygspower.com\/wp-content\/uploads\/2021\/10\/5v-usb-W002-2-768x768.jpg 768w\" sizes=\"(max-width: 1000px) 100vw, 1000px\" \/> <img decoding=\"async\" class=\"aligncenter size-full wp-image-3376\" src=\"http:\/\/ygspower.com\/wp-content\/uploads\/2021\/10\/5v-2a-two-002-1.jpg\" alt=\"\" width=\"1000\" height=\"1000\" srcset=\"https:\/\/ygspower.com\/wp-content\/uploads\/2021\/10\/5v-2a-two-002-1.jpg 1000w, https:\/\/ygspower.com\/wp-content\/uploads\/2021\/10\/5v-2a-two-002-1-300x300.jpg 300w, https:\/\/ygspower.com\/wp-content\/uploads\/2021\/10\/5v-2a-two-002-1-100x100.jpg 100w, https:\/\/ygspower.com\/wp-content\/uploads\/2021\/10\/5v-2a-two-002-1-600x600.jpg 600w, https:\/\/ygspower.com\/wp-content\/uploads\/2021\/10\/5v-2a-two-002-1-150x150.jpg 150w, https:\/\/ygspower.com\/wp-content\/uploads\/2021\/10\/5v-2a-two-002-1-768x768.jpg 768w\" sizes=\"(max-width: 1000px) 100vw, 1000px\" \/> <img decoding=\"async\" class=\"aligncenter size-full wp-image-3368\" src=\"http:\/\/ygspower.com\/wp-content\/uploads\/2021\/10\/5v-2a-two-inputoutput-1.jpg\" alt=\"\" \/><\/p>\n<table width=\"734\">\n<tbody>\n<tr>\n<td colspan=\"2\" width=\"734\">Alle der folgenden Informationen sind korrekt und ECHT.<\/td>\n<\/tr>\n<tr>\n<td>Produktname<\/td>\n<td>5-V-Mini-USV f\u00fcr \u00dcberwachungskameras, CCTV-Kameras, IP-Kameras usw.<\/td>\n<\/tr>\n<tr>\n<td>Ausgangsspannung<\/td>\n<td>5 V<\/td>\n<\/tr>\n<tr>\n<td>Ausgangsstrom<\/td>\n<td>2A<\/td>\n<\/tr>\n<tr>\n<td>Batteriekapazit\u00e4t<\/td>\n<td>3000mAh<\/td>\n<\/tr>\n<tr>\n<td>Eingangsspannung<\/td>\n<td>Wechselstrom 110\u2013240 V<\/td>\n<\/tr>\n<tr>\n<td>Eingangsstrom<\/td>\n<td>0,5 A max.<\/td>\n<\/tr>\n<tr>\n<td rowspan=\"2\">Backup-Zeit<\/td>\n<td>ca. 4 Stunden (Tag)<\/td>\n<\/tr>\n<tr>\n<td>ca. 2 Stunden (Nacht)<\/td>\n<\/tr>\n<tr>\n<td>Ladeanschluss (IN)<\/td>\n<td>5 V USB<\/td>\n<\/tr>\n<tr>\n<td>Auslass\u00f6ffnung (OUT)<\/td>\n<td>5 V USB (kann auf Micro-USB \u00fcbertragen)<\/td>\n<\/tr>\n<tr>\n<td>Geh\u00e4usematerial<\/td>\n<td>ABS-Kunststoff<\/td>\n<\/tr>\n<tr>\n<td>Geh\u00e4usefarbe<\/td>\n<td>Wei\u00df<\/td>\n<\/tr>\n<tr>\n<td>Geh\u00e4useabmessungen<\/td>\n<td>88x50x32mm<\/td>\n<\/tr>\n<tr>\n<td>Gewicht<\/td>\n<td>195 g<\/td>\n<\/tr>\n<tr>\n<td>Anwendung<\/td>\n<td width=\"533\">5-V-Ger\u00e4t: IP-Kamera\/Sicherheitssystem\/T\u00fcrzugang\/LED-Licht\/LED-Streifen\/Lautsprecher\/L\u00fcfter usw.<\/td>\n<\/tr>\n<tr>\n<td>Paket<\/td>\n<td>40 St\u00fcck im Karton (35 x 21 x 30 cm), ca. 8 kg\/Karton<\/td>\n<\/tr>\n<tr>\n<td>Garantie<\/td>\n<td>12 Monate<\/td>\n<\/tr>\n<\/tbody>\n<\/table>","protected":false},"excerpt":{"rendered":"<div class=\"woocommerce-product-details__short-description\">\n<ul class=\"ul1\">\n<li class=\"li1\">Typ: MU5-02 5V 2A Mini-USV<\/li>\n<li class=\"li1\">Produktname: Mylion 5V Mini DC USV Lithium-Batterie-Backup unterbrechungsfreie Stromversorgung<\/li>\n<li class=\"li1\">Anwendung: Router<span class=\"s2\">,<\/span>ADSL<span class=\"s2\">,<\/span>Modem<span class=\"s2\">,<\/span>\u00c2 Video\u00fcberwachung<span class=\"s2\">,<\/span>Telekommunikation<span class=\"s2\">,<\/span>W-lan<span class=\"s2\">,<\/span>Medizin<span class=\"s2\">,<\/span>kabellos<span class=\"s2\">,<\/span>gef\u00fchrt<span class=\"s2\">,<\/span>Netzwerk<span class=\"s2\">,<\/span>Internet<\/li>\n<li class=\"li1\">Eigenschaften: Kleine Gr\u00f6\u00dfe, hohe Kapazit\u00e4t, 5V USB-Ausgang, USB-Eingang<\/li>\n<li class=\"li1\">Batterietyp: Notstromversorgung mit Lithium-Ionen-Batterie<\/li>\n<li class=\"li1\">Funktion: klein<span class=\"s2\">,<\/span>schlau<span class=\"s2\">,<\/span>sicher<span class=\"s2\">,<\/span>bieten Strom f\u00fcr elektronische Ger\u00e4te bei einem Stromausfall<\/li>\n<li class=\"li1\">Backup-Zeit: versorgt ein 5V2A-Ger\u00e4t etwa 4 Stunden mit Strom<\/li>\n<\/ul>\n<\/div>","protected":false},"featured_media":3374,"template":"","meta":{"_seopress_robots_primary_cat":"none","_seopress_titles_title":"Mylion Mini DC UPS 5V 2A USB IN&amp;Output Lithium ion battery backup uninterrupted power supply","_seopress_titles_desc":"Mylion Mini DC UPS 5V 2A USB IN&amp;Output Lithium ion battery backup uninterrupted power supply","_seopress_robots_index":"","site-sidebar-layout":"default","site-content-layout":"default","ast-site-content-layout":"default","site-content-style":"default","site-sidebar-style":"default","ast-global-header-display":"","ast-banner-title-visibility":"","ast-main-header-display":"","ast-hfb-above-header-display":"","ast-hfb-below-header-display":"","ast-hfb-mobile-header-display":"","site-post-title":"","ast-breadcrumbs-content":"","ast-featured-img":"","footer-sml-layout":"","theme-transparent-header-meta":"default","adv-header-id-meta":"","stick-header-meta":"","header-above-stick-meta":"","header-main-stick-meta":"","header-below-stick-meta":"","astra-migrate-meta-layouts":"default","ast-page-background-enabled":"default","ast-page-background-meta":{"desktop":{"background-color":"","background-image":"","background-repeat":"repeat","background-position":"center center","background-size":"auto","background-attachment":"scroll","background-type":"","background-media":"","overlay-type":"","overlay-color":"","overlay-opacity":"","overlay-gradient":""},"tablet":{"background-color":"","background-image":"","background-repeat":"repeat","background-position":"center center","background-size":"auto","background-attachment":"scroll","background-type":"","background-media":"","overlay-type":"","overlay-color":"","overlay-opacity":"","overlay-gradient":""},"mobile":{"background-color":"","background-image":"","background-repeat":"repeat","background-position":"center center","background-size":"auto","background-attachment":"scroll","background-type":"","background-media":"","overlay-type":"","overlay-color":"","overlay-opacity":"","overlay-gradient":""}},"ast-content-background-meta":{"desktop":{"background-color":"var(--ast-global-color-5)","background-image":"","background-repeat":"repeat","background-position":"center center","background-size":"auto","background-attachment":"scroll","background-type":"","background-media":"","overlay-type":"","overlay-color":"","overlay-opacity":"","overlay-gradient":""},"tablet":{"background-color":"var(--ast-global-color-5)","background-image":"","background-repeat":"repeat","background-position":"center center","background-size":"auto","background-attachment":"scroll","background-type":"","background-media":"","overlay-type":"","overlay-color":"","overlay-opacity":"","overlay-gradient":""},"mobile":{"background-color":"var(--ast-global-color-5)","background-image":"","background-repeat":"repeat","background-position":"center center","background-size":"auto","background-attachment":"scroll","background-type":"","background-media":"","overlay-type":"","overlay-color":"","overlay-opacity":"","overlay-gradient":""}}},"product_brand":[],"product_cat":[3],"product_tag":[99,100,98,102,55,101,97,103],"class_list":{"0":"post-3372","1":"product","2":"type-product","3":"status-publish","4":"has-post-thumbnail","6":"product_cat-mini-dc-ups","7":"product_tag-5v-2a-ups","8":"product_tag-5v-dc-ups","9":"product_tag-5v-ups","10":"product_tag-5v-usb-ups","11":"product_tag-battery-backup","12":"product_tag-ip-camera-ups","13":"product_tag-power-supply","14":"product_tag-usb-ups","15":"desktop-align-left","16":"tablet-align-left","17":"mobile-align-left","19":"first","20":"instock","21":"shipping-taxable","22":"product-type-simple"},"_links":{"self":[{"href":"https:\/\/ygspower.com\/de\/wp-json\/wp\/v2\/product\/3372","targetHints":{"allow":["GET"]}}],"collection":[{"href":"https:\/\/ygspower.com\/de\/wp-json\/wp\/v2\/product"}],"about":[{"href":"https:\/\/ygspower.com\/de\/wp-json\/wp\/v2\/types\/product"}],"version-history":[{"count":0,"href":"https:\/\/ygspower.com\/de\/wp-json\/wp\/v2\/product\/3372\/revisions"}],"wp:featuredmedia":[{"embeddable":true,"href":"https:\/\/ygspower.com\/de\/wp-json\/wp\/v2\/media\/3374"}],"wp:attachment":[{"href":"https:\/\/ygspower.com\/de\/wp-json\/wp\/v2\/media?parent=3372"}],"wp:term":[{"taxonomy":"product_brand","embeddable":true,"href":"https:\/\/ygspower.com\/de\/wp-json\/wp\/v2\/product_brand?post=3372"},{"taxonomy":"product_cat","embeddable":true,"href":"https:\/\/ygspower.com\/de\/wp-json\/wp\/v2\/product_cat?post=3372"},{"taxonomy":"product_tag","embeddable":true,"href":"https:\/\/ygspower.com\/de\/wp-json\/wp\/v2\/product_tag?post=3372"}],"curies":[{"name":"wp","href":"https:\/\/api.w.org\/{rel}","templated":true}]}}