{"id":3558,"date":"2021-11-12T14:15:41","date_gmt":"2021-11-12T06:15:41","guid":{"rendered":"https:\/\/darksalmon-dugong-512221.hostingersite.com\/?post_type=product&#038;p=3558"},"modified":"2022-10-25T16:54:30","modified_gmt":"2022-10-25T08:54:30","slug":"mylion-mp300w-portable-12v-backup-lithium-ion-battery-power-supply-with-solar-power","status":"publish","type":"product","link":"https:\/\/ygspower.com\/de\/produkt\/mylion-mp300w-portable-12v-backup-lithium-ion-battery-power-supply-with-solar-power\/","title":{"rendered":"Mylion MU300W Tragbares 12-V-Backup-Lithium-Ionen-Akku-Netzteil mit Solarstrom"},"content":{"rendered":"<p>&nbsp;<\/p>\n<p><img fetchpriority=\"high\" decoding=\"async\" class=\"alignnone size-full wp-image-3571\" src=\"http:\/\/ygspower.com\/wp-content\/uploads\/2021\/11\/300W-5.jpg\" alt=\"\" width=\"750\" height=\"1390\" srcset=\"https:\/\/ygspower.com\/wp-content\/uploads\/2021\/11\/300W-5.jpg 750w, https:\/\/ygspower.com\/wp-content\/uploads\/2021\/11\/300W-5-600x1112.jpg 600w, https:\/\/ygspower.com\/wp-content\/uploads\/2021\/11\/300W-5-162x300.jpg 162w, https:\/\/ygspower.com\/wp-content\/uploads\/2021\/11\/300W-5-553x1024.jpg 553w\" sizes=\"(max-width: 750px) 100vw, 750px\" \/><\/p>\n<p><img decoding=\"async\" class=\"alignnone size-full wp-image-3570\" src=\"http:\/\/ygspower.com\/wp-content\/uploads\/2021\/11\/300W-4-1.jpg\" alt=\"\" width=\"750\" height=\"1067\" srcset=\"https:\/\/ygspower.com\/wp-content\/uploads\/2021\/11\/300W-4-1.jpg 750w, https:\/\/ygspower.com\/wp-content\/uploads\/2021\/11\/300W-4-1-600x854.jpg 600w, https:\/\/ygspower.com\/wp-content\/uploads\/2021\/11\/300W-4-1-211x300.jpg 211w, https:\/\/ygspower.com\/wp-content\/uploads\/2021\/11\/300W-4-1-720x1024.jpg 720w\" sizes=\"(max-width: 750px) 100vw, 750px\" \/> <img decoding=\"async\" class=\"alignnone size-full wp-image-3569\" src=\"http:\/\/ygspower.com\/wp-content\/uploads\/2021\/11\/300W-3-1.jpg\" alt=\"\" width=\"750\" height=\"2131\" srcset=\"https:\/\/ygspower.com\/wp-content\/uploads\/2021\/11\/300W-3-1.jpg 750w, https:\/\/ygspower.com\/wp-content\/uploads\/2021\/11\/300W-3-1-600x1705.jpg 600w, https:\/\/ygspower.com\/wp-content\/uploads\/2021\/11\/300W-3-1-106x300.jpg 106w, https:\/\/ygspower.com\/wp-content\/uploads\/2021\/11\/300W-3-1-360x1024.jpg 360w, https:\/\/ygspower.com\/wp-content\/uploads\/2021\/11\/300W-3-1-541x1536.jpg 541w, https:\/\/ygspower.com\/wp-content\/uploads\/2021\/11\/300W-3-1-721x2048.jpg 721w\" sizes=\"(max-width: 750px) 100vw, 750px\" \/> <img loading=\"lazy\" decoding=\"async\" class=\"alignnone size-full wp-image-3568\" src=\"http:\/\/ygspower.com\/wp-content\/uploads\/2021\/11\/300W-2-1.jpg\" alt=\"\" width=\"750\" height=\"851\" srcset=\"https:\/\/ygspower.com\/wp-content\/uploads\/2021\/11\/300W-2-1.jpg 750w, https:\/\/ygspower.com\/wp-content\/uploads\/2021\/11\/300W-2-1-600x681.jpg 600w, https:\/\/ygspower.com\/wp-content\/uploads\/2021\/11\/300W-2-1-264x300.jpg 264w\" sizes=\"(max-width: 750px) 100vw, 750px\" \/> <img loading=\"lazy\" decoding=\"async\" class=\"alignnone size-full wp-image-3567\" src=\"http:\/\/ygspower.com\/wp-content\/uploads\/2021\/11\/300W-1-1.jpg\" alt=\"\" width=\"750\" height=\"991\" srcset=\"https:\/\/ygspower.com\/wp-content\/uploads\/2021\/11\/300W-1-1.jpg 750w, https:\/\/ygspower.com\/wp-content\/uploads\/2021\/11\/300W-1-1-600x793.jpg 600w, https:\/\/ygspower.com\/wp-content\/uploads\/2021\/11\/300W-1-1-227x300.jpg 227w\" sizes=\"(max-width: 750px) 100vw, 750px\" \/><\/p>\n<table border=\"0\" cellspacing=\"0\" cellpadding=\"0\">\n<tbody>\n<tr>\n<td height=\"28\" data-spm-anchor-id=\"a2700.wholesale.0.i13.2cbb477bCmMe0D\">Stilname<\/td>\n<td>MP300W<\/td>\n<\/tr>\n<tr>\n<td height=\"28\">Produktname<\/td>\n<td>Tragbares Kraftwerk 12V Stromversorgung Lithium-Batterie-Backup<\/td>\n<\/tr>\n<tr>\n<td height=\"28\">Eingangs-DC<\/td>\n<td>Gleichstrom, 15 V\/3 A<\/td>\n<\/tr>\n<tr>\n<td height=\"28\">Eingang Solarstrom<\/td>\n<td>DC.18V\/3A \u00fcber Solarpanel<\/td>\n<\/tr>\n<tr>\n<td height=\"28\">Ladezeit<\/td>\n<td>9-11 Stunden<\/td>\n<\/tr>\n<tr>\n<td rowspan=\"4\" height=\"112\">Ausgang DC<\/td>\n<td>1 x USB 5 V\/2,4 A<\/td>\n<\/tr>\n<tr>\n<td height=\"28\">1 x USB 5 V 3 A\/9 V 2 A\/12 V 1,5 A (QC3.0)<\/td>\n<\/tr>\n<tr>\n<td height=\"28\">1 x Typ C 5 V 3 A\/9 V 2 A\/12 V 1,5 A (QC3.0)<\/td>\n<\/tr>\n<tr>\n<td height=\"28\">Gleichstrom, 12 V\/8 A<\/td>\n<\/tr>\n<tr>\n<td rowspan=\"2\" height=\"56\">Ausgang AC<\/td>\n<td>Wechselstrom 110 V, Sinuswelle, 57 \u2013 63 Hz<\/td>\n<\/tr>\n<tr>\n<td height=\"28\">Wechselstrom 220 V, Sinuswelle, 47 \u2013 53 Hz<\/td>\n<\/tr>\n<tr>\n<td height=\"28\">Autostecker-Ausgang<\/td>\n<td>12V10A<\/td>\n<\/tr>\n<tr>\n<td rowspan=\"2\" height=\"56\">AC-Ausgangsleistung<\/td>\n<td>300W Minimal<\/td>\n<\/tr>\n<tr>\n<td height=\"28\">400 W max.<\/td>\n<\/tr>\n<tr>\n<td height=\"28\">Beleuchtung<\/td>\n<td>3V\/1W LED\/ SOS \/ Blinklicht<\/td>\n<\/tr>\n<tr>\n<td height=\"28\">LCD<\/td>\n<td data-spm-anchor-id=\"a2700.wholesale.0.i14.2cbb477bCmMe0D\">Die digitale Anzeige zeigt den Batteriezustand an<\/td>\n<\/tr>\n<tr>\n<td height=\"28\">Entladungswellenform<\/td>\n<td>Sinuswelle<\/td>\n<\/tr>\n<tr>\n<td height=\"28\">Akku-Typ<\/td>\n<td>Lithium-Ionen-Akku<\/td>\n<\/tr>\n<tr>\n<td height=\"28\">Batteriekapazit\u00e4t<\/td>\n<td>11,1 V, 30 Ah\/33600 mAh\/326 Wh<\/td>\n<\/tr>\n<tr>\n<td height=\"28\">Schutz<\/td>\n<td>\u00dcberstrom\/\u00dcberlastung, \u00dcberladung\/\u00dcberentladung, Kurzschluss, Temperaturschutz<\/td>\n<\/tr>\n<tr>\n<td height=\"28\">Betriebstemperatur<\/td>\n<td>0\u2103~45\u2103<\/td>\n<\/tr>\n<tr>\n<td height=\"28\">Lagertemperatur<\/td>\n<td>-20\u2103~ +60\u2103<\/td>\n<\/tr>\n<tr>\n<td height=\"28\">Luftfeuchtigkeit im Betrieb<\/td>\n<td>25%-80%<\/td>\n<\/tr>\n<tr>\n<td height=\"28\">Luftfeuchtigkeit bei Lagerung<\/td>\n<td>10%-90%<\/td>\n<\/tr>\n<tr>\n<td height=\"28\">Anwendung<\/td>\n<td>breite Anwendung, von 5 V USB bis 12 V DC. Autostecker mit hoher Ausgangsleistung<\/td>\n<\/tr>\n<tr>\n<td height=\"28\">Besonderheit<\/td>\n<td>Tragbar, klein, leicht, hohe Leistung, Solarenergie, alle Ausg\u00e4nge k\u00f6nnen gleichzeitig arbeiten<\/td>\n<\/tr>\n<tr>\n<td height=\"28\">Geh\u00e4usematerialien<\/td>\n<td>Metallgeh\u00e4use<\/td>\n<\/tr>\n<tr>\n<td height=\"28\">Geh\u00e4useabmessungen<\/td>\n<td>L260xB140xH150mm<\/td>\n<\/tr>\n<tr>\n<td height=\"28\">Gewicht<\/td>\n<td>3,6 kg<\/td>\n<\/tr>\n<tr>\n<td height=\"28\">Kastenma\u00df<\/td>\n<td>L298xB218xH225mm<\/td>\n<\/tr>\n<tr>\n<td height=\"28\">Was ist im Paket enthalten<\/td>\n<td>1 St\u00fcck 300 W USV, 1 St\u00fcck Adapter, 1 St\u00fcck Benutzerhandbuch<\/td>\n<\/tr>\n<tr>\n<td height=\"28\">Paket<\/td>\n<td>2 Sets im Karton\/9,2 kg\/Kartonma\u00dfe L452 x B315 x H250 mm<\/td>\n<\/tr>\n<\/tbody>\n<\/table>\n<p>&nbsp;<\/p>","protected":false},"excerpt":{"rendered":"<p>Gleichstromeingang DC.15V\/3A<br \/>\nEingang Solarstrom DC.18V\/3A \u00fcber Solarpanel<br \/>\nLadezeit 9-11 Stunden<br \/>\nDC-Ausgang 1xUSB 5V\/2,4A<br \/>\n1 x USB 5 V 3 A\/9 V 2 A\/12 V 1,5 A (QC3.0)<br \/>\n1 x Typ C 5 V 3 A\/9 V 2 A\/12 V 1,5 A (QC3.0)<br \/>\nGleichstrom, 12 V\/8 A<br \/>\nAusgang AC AC 110 V Sinuswelle 57-63 Hz<br \/>\nWechselstrom 220 V, Sinuswelle, 47 \u2013 53 Hz<br \/>\nAutosteckerausgang 12V10A<br \/>\nAC-Ausgangsleistung 300 W minimal<br \/>\n400 W max.<br \/>\nBeleuchtung 3V\/1W LED\/ SOS \/ Blinklicht<br \/>\nBatteriekapazit\u00e4t 11,1V 30Ah\/33600mah\/326Wh<\/p>","protected":false},"featured_media":3561,"template":"","meta":{"_seopress_robots_primary_cat":"none","_seopress_titles_title":"Mylion mp300w Backup power supply, Portable Solar Power backup battery,12v Lithium Ion Battery Power Supply ","_seopress_titles_desc":"Mylion MU300W Backup Solar power supply lithium battery backup 220V 12V 5V\r\n","_seopress_robots_index":"","site-sidebar-layout":"default","site-content-layout":"default","ast-site-content-layout":"default","site-content-style":"default","site-sidebar-style":"default","ast-global-header-display":"","ast-banner-title-visibility":"","ast-main-header-display":"","ast-hfb-above-header-display":"","ast-hfb-below-header-display":"","ast-hfb-mobile-header-display":"","site-post-title":"","ast-breadcrumbs-content":"","ast-featured-img":"","footer-sml-layout":"","theme-transparent-header-meta":"default","adv-header-id-meta":"","stick-header-meta":"","header-above-stick-meta":"","header-main-stick-meta":"","header-below-stick-meta":"","astra-migrate-meta-layouts":"default","ast-page-background-enabled":"default","ast-page-background-meta":{"desktop":{"background-color":"","background-image":"","background-repeat":"repeat","background-position":"center center","background-size":"auto","background-attachment":"scroll","background-type":"","background-media":"","overlay-type":"","overlay-color":"","overlay-opacity":"","overlay-gradient":""},"tablet":{"background-color":"","background-image":"","background-repeat":"repeat","background-position":"center center","background-size":"auto","background-attachment":"scroll","background-type":"","background-media":"","overlay-type":"","overlay-color":"","overlay-opacity":"","overlay-gradient":""},"mobile":{"background-color":"","background-image":"","background-repeat":"repeat","background-position":"center center","background-size":"auto","background-attachment":"scroll","background-type":"","background-media":"","overlay-type":"","overlay-color":"","overlay-opacity":"","overlay-gradient":""}},"ast-content-background-meta":{"desktop":{"background-color":"var(--ast-global-color-5)","background-image":"","background-repeat":"repeat","background-position":"center center","background-size":"auto","background-attachment":"scroll","background-type":"","background-media":"","overlay-type":"","overlay-color":"","overlay-opacity":"","overlay-gradient":""},"tablet":{"background-color":"var(--ast-global-color-5)","background-image":"","background-repeat":"repeat","background-position":"center center","background-size":"auto","background-attachment":"scroll","background-type":"","background-media":"","overlay-type":"","overlay-color":"","overlay-opacity":"","overlay-gradient":""},"mobile":{"background-color":"var(--ast-global-color-5)","background-image":"","background-repeat":"repeat","background-position":"center center","background-size":"auto","background-attachment":"scroll","background-type":"","background-media":"","overlay-type":"","overlay-color":"","overlay-opacity":"","overlay-gradient":""}}},"product_brand":[],"product_cat":[5],"product_tag":[160,159,55,97],"class_list":{"0":"post-3558","1":"product","2":"type-product","3":"status-publish","4":"has-post-thumbnail","6":"product_cat-multi-function-powerbank-portable-battery-portable-power-supply-backup","7":"product_tag-12v-battery-backup","8":"product_tag-220v-battery-backup","9":"product_tag-battery-backup","10":"product_tag-power-supply","11":"desktop-align-left","12":"tablet-align-left","13":"mobile-align-left","15":"first","16":"instock","17":"shipping-taxable","18":"product-type-simple"},"_links":{"self":[{"href":"https:\/\/ygspower.com\/de\/wp-json\/wp\/v2\/product\/3558","targetHints":{"allow":["GET"]}}],"collection":[{"href":"https:\/\/ygspower.com\/de\/wp-json\/wp\/v2\/product"}],"about":[{"href":"https:\/\/ygspower.com\/de\/wp-json\/wp\/v2\/types\/product"}],"version-history":[{"count":0,"href":"https:\/\/ygspower.com\/de\/wp-json\/wp\/v2\/product\/3558\/revisions"}],"wp:featuredmedia":[{"embeddable":true,"href":"https:\/\/ygspower.com\/de\/wp-json\/wp\/v2\/media\/3561"}],"wp:attachment":[{"href":"https:\/\/ygspower.com\/de\/wp-json\/wp\/v2\/media?parent=3558"}],"wp:term":[{"taxonomy":"product_brand","embeddable":true,"href":"https:\/\/ygspower.com\/de\/wp-json\/wp\/v2\/product_brand?post=3558"},{"taxonomy":"product_cat","embeddable":true,"href":"https:\/\/ygspower.com\/de\/wp-json\/wp\/v2\/product_cat?post=3558"},{"taxonomy":"product_tag","embeddable":true,"href":"https:\/\/ygspower.com\/de\/wp-json\/wp\/v2\/product_tag?post=3558"}],"curies":[{"name":"wp","href":"https:\/\/api.w.org\/{rel}","templated":true}]}}