{"id":4835,"date":"2021-11-27T10:13:12","date_gmt":"2021-11-27T02:13:12","guid":{"rendered":"https:\/\/darksalmon-dugong-512221.hostingersite.com\/?post_type=product&#038;p=4835"},"modified":"2021-12-01T11:49:49","modified_gmt":"2021-12-01T03:49:49","slug":"mylion-5v-2a-portable-power-bank-mpw922-fast-wireless-charge","status":"publish","type":"product","link":"https:\/\/ygspower.com\/de\/produkt\/mylion-5v-2a-portable-power-bank-mpw922-fast-wireless-charge\/","title":{"rendered":"Mylion 12V 2A Tragbare Powerbank MPW922 Schnelles kabelloses Laden"},"content":{"rendered":"<p><img fetchpriority=\"high\" decoding=\"async\" class=\"size-full wp-image-4845 aligncenter\" src=\"http:\/\/ygspower.com\/wp-content\/uploads\/2021\/11\/wireless-power-bank-1-1.jpg\" alt=\"\" width=\"750\" height=\"328\" srcset=\"https:\/\/ygspower.com\/wp-content\/uploads\/2021\/11\/wireless-power-bank-1-1.jpg 750w, https:\/\/ygspower.com\/wp-content\/uploads\/2021\/11\/wireless-power-bank-1-1-600x262.jpg 600w, https:\/\/ygspower.com\/wp-content\/uploads\/2021\/11\/wireless-power-bank-1-1-300x131.jpg 300w\" sizes=\"(max-width: 750px) 100vw, 750px\" \/><\/p>\n<table width=\"848\">\n<tbody>\n<tr>\n<td width=\"184\">Stilname<\/td>\n<td width=\"664\">MPW922<\/td>\n<\/tr>\n<tr>\n<td>Funktion<\/td>\n<td>15 W schnelles kabelloses Laden, 5 V USB, 9 V und 12 V DC-Ausgang, tragbares Lithium-Batterie-Backup, Powerbank<\/td>\n<\/tr>\n<tr>\n<td>Ausgangsstrom<\/td>\n<td>2A<\/td>\n<\/tr>\n<tr>\n<td>Ausgangsleistung<\/td>\n<td>74 Wh\/20.000 mAh<\/td>\n<\/tr>\n<tr>\n<td>Stromversorgung des kabellosen Ladeger\u00e4ts<\/td>\n<td>15 W, das schnellste kabellose Ladeger\u00e4t auf dem Markt<\/td>\n<\/tr>\n<tr>\n<td>Schnelle kabellose Ladezeit<\/td>\n<td>Vollst\u00e4ndiges Aufladen des iPhone 12 innerhalb von 40 Minuten<\/td>\n<\/tr>\n<tr>\n<td rowspan=\"3\">Akkulaufzeit<\/td>\n<td>Ausgang 12 V 0,5 A (6 W): ca. 12,5 Stunden<\/td>\n<\/tr>\n<tr>\n<td>Ausgang 12 V 1,0 A (12 W): ca. 6 Stunden<\/td>\n<\/tr>\n<tr>\n<td>Ausgang 5 V USB: l\u00e4dt das iPhone 12 ca. 7\u20138 Mal, Huawei Pro 40 ca. 6\u20137 Mal<\/td>\n<\/tr>\n<tr>\n<td>12 V (Ein- und Ausgang) 1<\/td>\n<td>12V DC5.5\u00d72.1 Schwarz<\/td>\n<\/tr>\n<tr>\n<td>12 V (Ein- und Ausgang) 2<\/td>\n<td>12 V DC5,5 \u00d7 2,5 Gelb<\/td>\n<\/tr>\n<tr>\n<td>Auslass\u00f6ffnung (AUS)3<\/td>\n<td>5 V USB<\/td>\n<\/tr>\n<tr>\n<td>Eingangsspannung<\/td>\n<td>Gleichstrom 12,6 V<\/td>\n<\/tr>\n<tr>\n<td>Eingangsstrom<\/td>\n<td>DC1A<\/td>\n<\/tr>\n<tr>\n<td>Geh\u00e4usefarbe<\/td>\n<td>Schwarz<\/td>\n<\/tr>\n<tr>\n<td>Geh\u00e4useabmessungen<\/td>\n<td>138x84x42mm<\/td>\n<\/tr>\n<tr>\n<td>Gewicht<\/td>\n<td>580g<\/td>\n<\/tr>\n<tr>\n<td>\u00dcbertragungskabel<\/td>\n<td>AWG#20 50cm L\u00e4nge,DC5.5\u00d72.1schwarz und DC.5.5\u00d72.5gelb<\/td>\n<\/tr>\n<tr>\n<td>Kostenlos (Kostenloses Angebot)<\/td>\n<td>12,6 V 1 A Ladeger\u00e4t<\/td>\n<\/tr>\n<tr>\n<td>Batteriezellenmarke<\/td>\n<td>Zelle einer chinesischen Marke oder koreanisch-japanische Zelle<\/td>\n<\/tr>\n<tr>\n<td>Batteriezellenzertifizierung<\/td>\n<td>CB, UN38.3, BIS, KC, MSDS, ROHS, CQC, EMC<\/td>\n<\/tr>\n<tr>\n<td>Batterieschutz<\/td>\n<td width=\"664\">Temperaturschutz, \u00dcberladung und Entladung, \u00dcberstrom, Kurzschluss<\/td>\n<\/tr>\n<tr>\n<td>Lebensdauer<\/td>\n<td>Standard-Lade- und Entladekapazit\u00e4t \u226580%, Zyklenlebensdauer \u2265600<\/td>\n<\/tr>\n<tr>\n<td>Anwendung<\/td>\n<td width=\"664\">iPhone, Smartphone, Huawei Smartphone, LED-Licht\/LED-Streifen\/Sicherheit\/Kamera\/Smart Home\/Camping\/Lautsprecher\/12V Elektroprodukte<\/td>\n<\/tr>\n<tr>\n<td>Paket<\/td>\n<td>10 St\u00fcck im Karton (36 x 21 x 30 cm), ca. 9 kg\/Karton<\/td>\n<\/tr>\n<tr>\n<td>Garantie<\/td>\n<td>12 Monate<\/td>\n<\/tr>\n<\/tbody>\n<\/table>\n<p><img decoding=\"async\" class=\"size-full wp-image-4846 aligncenter\" src=\"http:\/\/ygspower.com\/wp-content\/uploads\/2021\/11\/wireless-power-bank-2-1.jpg\" alt=\"\" width=\"750\" height=\"939\" srcset=\"https:\/\/ygspower.com\/wp-content\/uploads\/2021\/11\/wireless-power-bank-2-1.jpg 750w, https:\/\/ygspower.com\/wp-content\/uploads\/2021\/11\/wireless-power-bank-2-1-600x751.jpg 600w, https:\/\/ygspower.com\/wp-content\/uploads\/2021\/11\/wireless-power-bank-2-1-240x300.jpg 240w\" sizes=\"(max-width: 750px) 100vw, 750px\" \/> <img decoding=\"async\" class=\"size-full wp-image-4847 aligncenter\" src=\"http:\/\/ygspower.com\/wp-content\/uploads\/2021\/11\/wireless-power-bank-3-1.jpg\" alt=\"\" width=\"750\" height=\"1769\" srcset=\"https:\/\/ygspower.com\/wp-content\/uploads\/2021\/11\/wireless-power-bank-3-1.jpg 750w, https:\/\/ygspower.com\/wp-content\/uploads\/2021\/11\/wireless-power-bank-3-1-600x1415.jpg 600w, https:\/\/ygspower.com\/wp-content\/uploads\/2021\/11\/wireless-power-bank-3-1-127x300.jpg 127w, https:\/\/ygspower.com\/wp-content\/uploads\/2021\/11\/wireless-power-bank-3-1-434x1024.jpg 434w, https:\/\/ygspower.com\/wp-content\/uploads\/2021\/11\/wireless-power-bank-3-1-651x1536.jpg 651w\" sizes=\"(max-width: 750px) 100vw, 750px\" \/> <img loading=\"lazy\" decoding=\"async\" class=\"size-full wp-image-4848 aligncenter\" src=\"http:\/\/ygspower.com\/wp-content\/uploads\/2021\/11\/wireless-power-bank-4-1.jpg\" alt=\"\" width=\"750\" height=\"2174\" srcset=\"https:\/\/ygspower.com\/wp-content\/uploads\/2021\/11\/wireless-power-bank-4-1.jpg 750w, https:\/\/ygspower.com\/wp-content\/uploads\/2021\/11\/wireless-power-bank-4-1-600x1739.jpg 600w, https:\/\/ygspower.com\/wp-content\/uploads\/2021\/11\/wireless-power-bank-4-1-103x300.jpg 103w, https:\/\/ygspower.com\/wp-content\/uploads\/2021\/11\/wireless-power-bank-4-1-353x1024.jpg 353w, https:\/\/ygspower.com\/wp-content\/uploads\/2021\/11\/wireless-power-bank-4-1-530x1536.jpg 530w, https:\/\/ygspower.com\/wp-content\/uploads\/2021\/11\/wireless-power-bank-4-1-707x2048.jpg 707w\" sizes=\"(max-width: 750px) 100vw, 750px\" \/> <img loading=\"lazy\" decoding=\"async\" class=\"size-full wp-image-4849 aligncenter\" src=\"http:\/\/ygspower.com\/wp-content\/uploads\/2021\/11\/wireless-power-bank-5-1.jpg\" alt=\"\" width=\"750\" height=\"1615\" srcset=\"https:\/\/ygspower.com\/wp-content\/uploads\/2021\/11\/wireless-power-bank-5-1.jpg 750w, https:\/\/ygspower.com\/wp-content\/uploads\/2021\/11\/wireless-power-bank-5-1-600x1292.jpg 600w, https:\/\/ygspower.com\/wp-content\/uploads\/2021\/11\/wireless-power-bank-5-1-139x300.jpg 139w, https:\/\/ygspower.com\/wp-content\/uploads\/2021\/11\/wireless-power-bank-5-1-476x1024.jpg 476w, https:\/\/ygspower.com\/wp-content\/uploads\/2021\/11\/wireless-power-bank-5-1-713x1536.jpg 713w\" sizes=\"(max-width: 750px) 100vw, 750px\" \/> <img loading=\"lazy\" decoding=\"async\" class=\"size-full wp-image-4850 aligncenter\" src=\"http:\/\/ygspower.com\/wp-content\/uploads\/2021\/11\/wireless-power-bank-6-1-scaled.jpg\" alt=\"\" width=\"675\" height=\"2560\" srcset=\"https:\/\/ygspower.com\/wp-content\/uploads\/2021\/11\/wireless-power-bank-6-1-scaled.jpg 675w, https:\/\/ygspower.com\/wp-content\/uploads\/2021\/11\/wireless-power-bank-6-1-600x2277.jpg 600w, https:\/\/ygspower.com\/wp-content\/uploads\/2021\/11\/wireless-power-bank-6-1-79x300.jpg 79w, https:\/\/ygspower.com\/wp-content\/uploads\/2021\/11\/wireless-power-bank-6-1-270x1024.jpg 270w, https:\/\/ygspower.com\/wp-content\/uploads\/2021\/11\/wireless-power-bank-6-1-405x1536.jpg 405w, https:\/\/ygspower.com\/wp-content\/uploads\/2021\/11\/wireless-power-bank-6-1-540x2048.jpg 540w\" sizes=\"(max-width: 675px) 100vw, 675px\" \/> <img loading=\"lazy\" decoding=\"async\" class=\"size-full wp-image-4851 aligncenter\" src=\"http:\/\/ygspower.com\/wp-content\/uploads\/2021\/11\/wireless-power-bank-7-1.jpg\" alt=\"\" width=\"750\" height=\"2298\" srcset=\"https:\/\/ygspower.com\/wp-content\/uploads\/2021\/11\/wireless-power-bank-7-1.jpg 750w, https:\/\/ygspower.com\/wp-content\/uploads\/2021\/11\/wireless-power-bank-7-1-600x1838.jpg 600w, https:\/\/ygspower.com\/wp-content\/uploads\/2021\/11\/wireless-power-bank-7-1-98x300.jpg 98w, https:\/\/ygspower.com\/wp-content\/uploads\/2021\/11\/wireless-power-bank-7-1-334x1024.jpg 334w, https:\/\/ygspower.com\/wp-content\/uploads\/2021\/11\/wireless-power-bank-7-1-501x1536.jpg 501w, https:\/\/ygspower.com\/wp-content\/uploads\/2021\/11\/wireless-power-bank-7-1-668x2048.jpg 668w\" sizes=\"(max-width: 750px) 100vw, 750px\" \/> <img loading=\"lazy\" decoding=\"async\" class=\"size-full wp-image-4852 aligncenter\" src=\"http:\/\/ygspower.com\/wp-content\/uploads\/2021\/11\/wireless-power-bank-8-1.jpg\" alt=\"\" width=\"750\" height=\"2055\" srcset=\"https:\/\/ygspower.com\/wp-content\/uploads\/2021\/11\/wireless-power-bank-8-1.jpg 750w, https:\/\/ygspower.com\/wp-content\/uploads\/2021\/11\/wireless-power-bank-8-1-600x1644.jpg 600w, https:\/\/ygspower.com\/wp-content\/uploads\/2021\/11\/wireless-power-bank-8-1-109x300.jpg 109w, https:\/\/ygspower.com\/wp-content\/uploads\/2021\/11\/wireless-power-bank-8-1-374x1024.jpg 374w, https:\/\/ygspower.com\/wp-content\/uploads\/2021\/11\/wireless-power-bank-8-1-561x1536.jpg 561w, https:\/\/ygspower.com\/wp-content\/uploads\/2021\/11\/wireless-power-bank-8-1-747x2048.jpg 747w\" sizes=\"(max-width: 750px) 100vw, 750px\" \/><\/p>","protected":false},"excerpt":{"rendered":"<ul class=\"ul1\">\n<li class=\"li2\">Typ: MPW922<\/li>\n<li class=\"li2\">Produktname: 12 V 15 W schnelle kabellose Powerbank<\/li>\n<li>Batteriekapazit\u00e4t: 12 V 6600 mAh\/5 V 20000 mAh<\/li>\n<li class=\"li2\">Zertifizierung: CB, UN38.3, BIS, KC, MSDS, ROHS, CQC, EMC<\/li>\n<li class=\"li2\">Anwendung: LED, Handy, Kamera, T\u00fcrzugang, Fingerabdruck, 12-V-Pumpe, Angeln, Campen.<\/li>\n<li>Funktion: klein, leistungsstark, schnelle kabellose 15-W-Powerbank mit 12-V-Gleichstromausgang<\/li>\n<li class=\"li2\">Vorteil: Multifunktion, kleine Gr\u00f6\u00dfe, gro\u00dfe Kapazit\u00e4t, tragbar, kabelloses Laden<\/li>\n<li>Funktion: LED-Anzeige, schnelles kabelloses Laden, multifunktionaler 5-V-USB- und 12-DC-Ausgang<\/li>\n<li>Zubeh\u00f6r: kostenloses Ladeger\u00e4t und \u00dcbertragungskabel<\/li>\n<\/ul>","protected":false},"featured_media":4838,"template":"","meta":{"_seopress_robots_primary_cat":"none","_seopress_titles_title":"Mylion 12V 2A Portable Power Bank MPW922 Fast Wireless Charge","_seopress_titles_desc":"Mylion 12V 2A Portable Power Bank MPW922 Fast Wireless Charge, power bank, fast wireless charge, portable power abnk, led lighting, camping","_seopress_robots_index":"","site-sidebar-layout":"default","site-content-layout":"default","ast-site-content-layout":"default","site-content-style":"default","site-sidebar-style":"default","ast-global-header-display":"","ast-banner-title-visibility":"","ast-main-header-display":"","ast-hfb-above-header-display":"","ast-hfb-below-header-display":"","ast-hfb-mobile-header-display":"","site-post-title":"","ast-breadcrumbs-content":"","ast-featured-img":"","footer-sml-layout":"","theme-transparent-header-meta":"default","adv-header-id-meta":"","stick-header-meta":"","header-above-stick-meta":"","header-main-stick-meta":"","header-below-stick-meta":"","astra-migrate-meta-layouts":"default","ast-page-background-enabled":"default","ast-page-background-meta":{"desktop":{"background-color":"","background-image":"","background-repeat":"repeat","background-position":"center center","background-size":"auto","background-attachment":"scroll","background-type":"","background-media":"","overlay-type":"","overlay-color":"","overlay-opacity":"","overlay-gradient":""},"tablet":{"background-color":"","background-image":"","background-repeat":"repeat","background-position":"center center","background-size":"auto","background-attachment":"scroll","background-type":"","background-media":"","overlay-type":"","overlay-color":"","overlay-opacity":"","overlay-gradient":""},"mobile":{"background-color":"","background-image":"","background-repeat":"repeat","background-position":"center center","background-size":"auto","background-attachment":"scroll","background-type":"","background-media":"","overlay-type":"","overlay-color":"","overlay-opacity":"","overlay-gradient":""}},"ast-content-background-meta":{"desktop":{"background-color":"var(--ast-global-color-5)","background-image":"","background-repeat":"repeat","background-position":"center center","background-size":"auto","background-attachment":"scroll","background-type":"","background-media":"","overlay-type":"","overlay-color":"","overlay-opacity":"","overlay-gradient":""},"tablet":{"background-color":"var(--ast-global-color-5)","background-image":"","background-repeat":"repeat","background-position":"center center","background-size":"auto","background-attachment":"scroll","background-type":"","background-media":"","overlay-type":"","overlay-color":"","overlay-opacity":"","overlay-gradient":""},"mobile":{"background-color":"var(--ast-global-color-5)","background-image":"","background-repeat":"repeat","background-position":"center center","background-size":"auto","background-attachment":"scroll","background-type":"","background-media":"","overlay-type":"","overlay-color":"","overlay-opacity":"","overlay-gradient":""}}},"product_brand":[],"product_cat":[5],"product_tag":[228,55,231,199,230,200,229,198],"class_list":{"0":"post-4835","1":"product","2":"type-product","3":"status-publish","4":"has-post-thumbnail","6":"product_cat-multi-function-powerbank-portable-battery-portable-power-supply-backup","7":"product_tag-12v-2a-power-bank","8":"product_tag-battery-backup","9":"product_tag-camping","10":"product_tag-fast-wireless-charge","11":"product_tag-led-lighting","12":"product_tag-mlion","13":"product_tag-portable-power-abnk","14":"product_tag-power-bank","15":"desktop-align-left","16":"tablet-align-left","17":"mobile-align-left","19":"first","20":"instock","21":"shipping-taxable","22":"product-type-simple"},"_links":{"self":[{"href":"https:\/\/ygspower.com\/de\/wp-json\/wp\/v2\/product\/4835","targetHints":{"allow":["GET"]}}],"collection":[{"href":"https:\/\/ygspower.com\/de\/wp-json\/wp\/v2\/product"}],"about":[{"href":"https:\/\/ygspower.com\/de\/wp-json\/wp\/v2\/types\/product"}],"version-history":[{"count":0,"href":"https:\/\/ygspower.com\/de\/wp-json\/wp\/v2\/product\/4835\/revisions"}],"wp:featuredmedia":[{"embeddable":true,"href":"https:\/\/ygspower.com\/de\/wp-json\/wp\/v2\/media\/4838"}],"wp:attachment":[{"href":"https:\/\/ygspower.com\/de\/wp-json\/wp\/v2\/media?parent=4835"}],"wp:term":[{"taxonomy":"product_brand","embeddable":true,"href":"https:\/\/ygspower.com\/de\/wp-json\/wp\/v2\/product_brand?post=4835"},{"taxonomy":"product_cat","embeddable":true,"href":"https:\/\/ygspower.com\/de\/wp-json\/wp\/v2\/product_cat?post=4835"},{"taxonomy":"product_tag","embeddable":true,"href":"https:\/\/ygspower.com\/de\/wp-json\/wp\/v2\/product_tag?post=4835"}],"curies":[{"name":"wp","href":"https:\/\/api.w.org\/{rel}","templated":true}]}}