{"id":5140,"date":"2021-11-27T16:49:00","date_gmt":"2021-11-27T08:49:00","guid":{"rendered":"https:\/\/darksalmon-dugong-512221.hostingersite.com\/?post_type=product&#038;p=5140"},"modified":"2021-12-01T11:12:07","modified_gmt":"2021-12-01T03:12:07","slug":"mylion-14-8v-2600mah-lithium-battery-pack","status":"publish","type":"product","link":"https:\/\/ygspower.com\/de\/produkt\/mylion-14-8v-2600mah-lithium-battery-pack\/","title":{"rendered":"Mylion 14,8 V 2600 mAh Lithium-Akkupack"},"content":{"rendered":"<p><img fetchpriority=\"high\" decoding=\"async\" class=\"wp-image-5142 aligncenter\" src=\"http:\/\/ygspower.com\/wp-content\/uploads\/2021\/11\/14.8v-2600mah-1.jpg\" alt=\"\" width=\"463\" height=\"463\" srcset=\"https:\/\/ygspower.com\/wp-content\/uploads\/2021\/11\/14.8v-2600mah-1.jpg 750w, https:\/\/ygspower.com\/wp-content\/uploads\/2021\/11\/14.8v-2600mah-1-300x300.jpg 300w, https:\/\/ygspower.com\/wp-content\/uploads\/2021\/11\/14.8v-2600mah-1-100x100.jpg 100w, https:\/\/ygspower.com\/wp-content\/uploads\/2021\/11\/14.8v-2600mah-1-600x600.jpg 600w, https:\/\/ygspower.com\/wp-content\/uploads\/2021\/11\/14.8v-2600mah-1-150x150.jpg 150w\" sizes=\"(max-width: 463px) 100vw, 463px\" \/><\/p>\n<table style=\"border-collapse: collapse;width: 1352px;height: 1080px\" border=\"0\" width=\"892\" cellspacing=\"0\" cellpadding=\"0\">\n<tbody>\n<tr style=\"height: 18.00pt\">\n<td class=\"et4\" style=\"height: 18.00pt;width: 230.00pt\" width=\"306\" height=\"24\">Produktname<\/td>\n<td class=\"et5\" style=\"width: 439.00pt\" width=\"585\">Lithium-Ionen-Akkupack<\/td>\n<\/tr>\n<tr style=\"height: 18.00pt\">\n<td class=\"et4\" style=\"height: 18.00pt\" height=\"24\">Stilname<\/td>\n<td class=\"et4\">14,8 V, 2600 mAh<\/td>\n<\/tr>\n<tr style=\"height: 18.00pt\">\n<td class=\"et4\" style=\"height: 18.00pt\" height=\"24\">Normale Kapazit\u00e4t<\/td>\n<td class=\"et8\">2600 mAh<\/td>\n<\/tr>\n<tr style=\"height: 18.00pt\">\n<td class=\"et4\" style=\"height: 18.00pt\" height=\"24\">Nennspannung<\/td>\n<td class=\"et8\">14,8 V<\/td>\n<\/tr>\n<tr style=\"height: 18.00pt\">\n<td class=\"et4\" style=\"height: 18.00pt\" height=\"24\">Maximale Ladespannung<\/td>\n<td class=\"et8\">16,8 V<\/td>\n<\/tr>\n<tr style=\"height: 18.00pt\">\n<td class=\"et4\" style=\"height: 18.00pt\" height=\"24\">Entladeschlussspannung<\/td>\n<td class=\"et8\">12V<\/td>\n<\/tr>\n<tr style=\"height: 18.00pt\">\n<td class=\"et4\" style=\"height: 18.00pt\" height=\"24\">Max. Dauerentladestrom<\/td>\n<td class=\"et8\">1-2A<\/td>\n<\/tr>\n<tr style=\"height: 18.00pt\">\n<td class=\"et4\" style=\"height: 18.00pt\" height=\"24\">Ladestrom<\/td>\n<td class=\"et8\">1-2A<\/td>\n<\/tr>\n<tr style=\"height: 18.00pt\">\n<td class=\"et4\" style=\"height: 18.00pt\" height=\"24\">Ausgangsleistung<\/td>\n<td class=\"et8\">38,48 W<\/td>\n<\/tr>\n<tr style=\"height: 18.00pt\">\n<td class=\"et9\" style=\"height: 36.00pt;border-bottom: .5pt solid #000000\" rowspan=\"2\" height=\"48\">Arbeitszeit<\/td>\n<td class=\"et10\">Ausgang 14,8 V 0,5 A (7,4 W): ca. 5,2 Stunden<\/td>\n<\/tr>\n<tr style=\"height: 18.00pt\">\n<td class=\"et10\">Ausgang 14,8 V 1,0 A (14,8 W): ca. 2,6 Stunden<\/td>\n<\/tr>\n<tr style=\"height: 18.00pt\">\n<td class=\"et4\" style=\"height: 18.00pt\" height=\"24\">Ladeanschluss (IN)<\/td>\n<td class=\"et12\" style=\"border-bottom: .5pt solid #000000\" rowspan=\"2\">T-Stecker &amp; DC.2,5 \u00d7 5,5 oder ausgew\u00e4hlter Stecker<\/td>\n<\/tr>\n<tr style=\"height: 18.00pt\">\n<td class=\"et4\" style=\"height: 18.00pt\" height=\"24\">Auslass\u00f6ffnung (OUT)<\/td>\n<\/tr>\n<tr style=\"height: 18.00pt\">\n<td class=\"et4\" style=\"height: 18.00pt\" height=\"24\">PVC-Farbe<\/td>\n<td class=\"et14\">Blau<\/td>\n<\/tr>\n<tr style=\"height: 18.00pt\">\n<td class=\"et4\" style=\"height: 18.00pt\" height=\"24\">Batterieabmessung (mm)<\/td>\n<td class=\"et15\">72x67x18<\/td>\n<\/tr>\n<tr style=\"height: 18.00pt\">\n<td class=\"et4\" style=\"height: 18.00pt\" height=\"24\">Gewicht<\/td>\n<td class=\"et8\">Ca. 180g<\/td>\n<\/tr>\n<tr style=\"height: 18.00pt\">\n<td class=\"et16\" style=\"height: 18.00pt\" height=\"24\">Batteriezellenmarke<\/td>\n<td class=\"et10\">Zelle einer chinesischen Marke (oder Samsung LG Sony Sanyo Panasonic Zelle)<\/td>\n<\/tr>\n<tr style=\"height: 18.00pt\">\n<td class=\"et16\" style=\"height: 18.00pt\" height=\"24\">Batteriezellenzertifizierung<\/td>\n<td class=\"et10\">CB, CE, UL, UN38.3, BIS, KC, MSDS, ROHS, CQC, SGS, EMC<\/td>\n<\/tr>\n<tr style=\"height: 18.00pt\">\n<td class=\"et16\" style=\"height: 18.00pt\" height=\"24\">Batterieschutz<\/td>\n<td class=\"et10\">\u00dcberladung\/-entladung, \u00dcberstrom, Kurzschluss<\/td>\n<\/tr>\n<tr style=\"height: 18.00pt\">\n<td class=\"et16\" style=\"height: 18.00pt\" height=\"24\">Lebensdauer<\/td>\n<td class=\"et10\">Standard-Lade- und Entladekapazit\u00e4t \u226580% C5mAh, Zyklenlebensdauer \u2265600<\/td>\n<\/tr>\n<tr style=\"height: 54.00pt\">\n<td class=\"et16\" style=\"height: 54.00pt\" height=\"72\">Anwendung<\/td>\n<td class=\"et17\" style=\"width: 439.00pt\" width=\"585\">Gartenspritze, medizinisches Instrument, intelligenter Staubsauger, Au\u00dfeninstrument, T\u00fcrsteuerung, Solar-LED, Ersatz f\u00fcr 12-V-Bleiakkumulator usw.<\/td>\n<\/tr>\n<tr style=\"height: 18.00pt\">\n<td class=\"et16\" style=\"height: 18.00pt\" height=\"24\">Paket<\/td>\n<td class=\"et10\">40 St\u00fcck im Karton (15 x 29 x 37 cm), ca. 8,2 kg\/Karton<\/td>\n<\/tr>\n<tr style=\"height: 18.00pt\">\n<td class=\"et16\" style=\"height: 18.00pt\" height=\"24\">Garantie<\/td>\n<td class=\"et10\">12 Monate<\/td>\n<\/tr>\n<\/tbody>\n<\/table>","protected":false},"excerpt":{"rendered":"<p>Produktname: Lithium-Ionen-Akku<\/p>\n<p>Stilname: 14,8 V, 2600 mAh<\/p>\n<p>Normale Kapazit\u00e4t: 2600 mAh<\/p>\n<p>Nennspannung: 14,8 V<\/p>\n<p>Maximaler kontinuierlicher Entladestrom: 1\u20132\u00a0A<\/p>\n<p>Ladestrom: 1-2A<\/p>\n<p>Ausgangsleistung: 38,48 W<\/p>\n<p>Gewicht: ca. 180g<\/p>\n<p>Batterieschutz: \u00dcberladung\/-entladung, \u00dcberstrom, Kurzschluss<\/p>\n<p>Anwendung: LED-Licht\/LED-Streifen\/Taschenlampe\/tragbare elektrische Produkte etc.<\/p>\n<p>Garantie: 12 Monate<\/p>","protected":false},"featured_media":5143,"template":"","meta":{"_seopress_robots_primary_cat":"","_seopress_titles_title":"Mylion 14.8v 2600mah lithium battery pack","_seopress_titles_desc":"Mylion 14.8v 2600mah lithium battery pack, Lithium battery pack, Mylion, 18650 14.8v 2600mah, Lithium battery ","_seopress_robots_index":"","site-sidebar-layout":"default","site-content-layout":"default","ast-site-content-layout":"default","site-content-style":"default","site-sidebar-style":"default","ast-global-header-display":"","ast-banner-title-visibility":"","ast-main-header-display":"","ast-hfb-above-header-display":"","ast-hfb-below-header-display":"","ast-hfb-mobile-header-display":"","site-post-title":"","ast-breadcrumbs-content":"","ast-featured-img":"","footer-sml-layout":"","theme-transparent-header-meta":"default","adv-header-id-meta":"","stick-header-meta":"","header-above-stick-meta":"","header-main-stick-meta":"","header-below-stick-meta":"","astra-migrate-meta-layouts":"default","ast-page-background-enabled":"default","ast-page-background-meta":{"desktop":{"background-color":"","background-image":"","background-repeat":"repeat","background-position":"center center","background-size":"auto","background-attachment":"scroll","background-type":"","background-media":"","overlay-type":"","overlay-color":"","overlay-opacity":"","overlay-gradient":""},"tablet":{"background-color":"","background-image":"","background-repeat":"repeat","background-position":"center center","background-size":"auto","background-attachment":"scroll","background-type":"","background-media":"","overlay-type":"","overlay-color":"","overlay-opacity":"","overlay-gradient":""},"mobile":{"background-color":"","background-image":"","background-repeat":"repeat","background-position":"center center","background-size":"auto","background-attachment":"scroll","background-type":"","background-media":"","overlay-type":"","overlay-color":"","overlay-opacity":"","overlay-gradient":""}},"ast-content-background-meta":{"desktop":{"background-color":"var(--ast-global-color-5)","background-image":"","background-repeat":"repeat","background-position":"center center","background-size":"auto","background-attachment":"scroll","background-type":"","background-media":"","overlay-type":"","overlay-color":"","overlay-opacity":"","overlay-gradient":""},"tablet":{"background-color":"var(--ast-global-color-5)","background-image":"","background-repeat":"repeat","background-position":"center center","background-size":"auto","background-attachment":"scroll","background-type":"","background-media":"","overlay-type":"","overlay-color":"","overlay-opacity":"","overlay-gradient":""},"mobile":{"background-color":"var(--ast-global-color-5)","background-image":"","background-repeat":"repeat","background-position":"center center","background-size":"auto","background-attachment":"scroll","background-type":"","background-media":"","overlay-type":"","overlay-color":"","overlay-opacity":"","overlay-gradient":""}}},"product_brand":[],"product_cat":[23],"product_tag":[221,181,202,74],"class_list":{"0":"post-5140","1":"product","2":"type-product","3":"status-publish","4":"has-post-thumbnail","6":"product_cat-customized-lithium-battery","7":"product_tag-18650-14-8v-2600mah","8":"product_tag-lithium-battery","9":"product_tag-lithium-battery-pack","10":"product_tag-mylion","11":"desktop-align-left","12":"tablet-align-left","13":"mobile-align-left","15":"first","16":"instock","17":"shipping-taxable","18":"product-type-simple"},"_links":{"self":[{"href":"https:\/\/ygspower.com\/de\/wp-json\/wp\/v2\/product\/5140","targetHints":{"allow":["GET"]}}],"collection":[{"href":"https:\/\/ygspower.com\/de\/wp-json\/wp\/v2\/product"}],"about":[{"href":"https:\/\/ygspower.com\/de\/wp-json\/wp\/v2\/types\/product"}],"version-history":[{"count":0,"href":"https:\/\/ygspower.com\/de\/wp-json\/wp\/v2\/product\/5140\/revisions"}],"wp:featuredmedia":[{"embeddable":true,"href":"https:\/\/ygspower.com\/de\/wp-json\/wp\/v2\/media\/5143"}],"wp:attachment":[{"href":"https:\/\/ygspower.com\/de\/wp-json\/wp\/v2\/media?parent=5140"}],"wp:term":[{"taxonomy":"product_brand","embeddable":true,"href":"https:\/\/ygspower.com\/de\/wp-json\/wp\/v2\/product_brand?post=5140"},{"taxonomy":"product_cat","embeddable":true,"href":"https:\/\/ygspower.com\/de\/wp-json\/wp\/v2\/product_cat?post=5140"},{"taxonomy":"product_tag","embeddable":true,"href":"https:\/\/ygspower.com\/de\/wp-json\/wp\/v2\/product_tag?post=5140"}],"curies":[{"name":"wp","href":"https:\/\/api.w.org\/{rel}","templated":true}]}}