{"id":5147,"date":"2021-11-27T17:35:11","date_gmt":"2021-11-27T09:35:11","guid":{"rendered":"https:\/\/darksalmon-dugong-512221.hostingersite.com\/?post_type=product&#038;p=5147"},"modified":"2024-08-21T16:08:35","modified_gmt":"2024-08-21T08:08:35","slug":"mylion-12v-7ah-18ah-30ah-lifepo4-battery","status":"publish","type":"product","link":"https:\/\/ygspower.com\/de\/produkt\/mylion-12v-7ah-18ah-30ah-lifepo4-battery\/","title":{"rendered":"Mylion 12 V 7 Ah\/18 Ah\/30 Ah LifePo4-Batterie"},"content":{"rendered":"<p><img fetchpriority=\"high\" decoding=\"async\" class=\"size-full wp-image-5149 aligncenter\" src=\"http:\/\/ygspower.com\/wp-content\/uploads\/2021\/11\/lifepo4-12v-7-18-30ah-1.jpg\" alt=\"\" width=\"750\" height=\"326\" srcset=\"https:\/\/ygspower.com\/wp-content\/uploads\/2021\/11\/lifepo4-12v-7-18-30ah-1.jpg 750w, https:\/\/ygspower.com\/wp-content\/uploads\/2021\/11\/lifepo4-12v-7-18-30ah-1-600x261.jpg 600w, https:\/\/ygspower.com\/wp-content\/uploads\/2021\/11\/lifepo4-12v-7-18-30ah-1-300x130.jpg 300w\" sizes=\"(max-width: 750px) 100vw, 750px\" \/><\/p>\n<table width=\"925\">\n<tbody>\n<tr>\n<td width=\"341\">Produktname<\/td>\n<td width=\"584\">Lithium-Eisenphosphat-Akkupack<\/td>\n<\/tr>\n<tr>\n<td>Stilname<\/td>\n<td>LiFe PO4 Akku 12V7000mAh<\/td>\n<\/tr>\n<tr>\n<td>Normale Kapazit\u00e4t<\/td>\n<td>7000 mAh<\/td>\n<\/tr>\n<tr>\n<td>Nennspannung<\/td>\n<td>12V<\/td>\n<\/tr>\n<tr>\n<td>Maximale Ladespannung<\/td>\n<td>14,6 V<\/td>\n<\/tr>\n<tr>\n<td>Entladeschlussspannung<\/td>\n<td>10 V<\/td>\n<\/tr>\n<tr>\n<td>Max. Dauerentladestrom<\/td>\n<td>10A<\/td>\n<\/tr>\n<tr>\n<td>Ladestrom<\/td>\n<td>3A<\/td>\n<\/tr>\n<tr>\n<td>Ausgangsleistung<\/td>\n<td>84W<\/td>\n<\/tr>\n<tr>\n<td rowspan=\"2\">Arbeitszeit<\/td>\n<td>Ausgang 12 V 0,5 A (6 W): ca. 14 Stunden<\/td>\n<\/tr>\n<tr>\n<td>Ausgang 12 V 1,0 A (12 W): ca. 7 Stunden<\/td>\n<\/tr>\n<tr>\n<td>Ladeanschluss (IN)<\/td>\n<td>DC.5.5\u00d72.1<\/td>\n<\/tr>\n<tr>\n<td>Auslass\u00f6ffnung (OUT)<\/td>\n<td>Metallloch (Rot + Schwarz-)<\/td>\n<\/tr>\n<tr>\n<td>Kunststoffgeh\u00e4use ABS<\/td>\n<td>Graues wasserdichtes Geh\u00e4use<\/td>\n<\/tr>\n<tr>\n<td>Batterieabmessung (mm)<\/td>\n<td>L158xB90xH64<\/td>\n<\/tr>\n<tr>\n<td>Gewicht<\/td>\n<td>Ca. 1 kg<\/td>\n<\/tr>\n<tr>\n<td>Batteriezellenmarke<\/td>\n<td>Chinesische Markenzelle<\/td>\n<\/tr>\n<tr>\n<td>Batterieschutz<\/td>\n<td>\u00dcberladung\/-entladung, \u00dcberstrom, Kurzschluss<\/td>\n<\/tr>\n<tr>\n<td>Lebensdauer<\/td>\n<td>Standard-Lade- und Entladekapazit\u00e4t \u226580% C5mAh, Zyklenlebensdauer \u22651500<\/td>\n<\/tr>\n<tr>\n<td>Anwendung<\/td>\n<td width=\"584\">Beleuchtung, Gartenspritze, Au\u00dfeninstrument, T\u00fcrsteuerung, Solar-LED, Ersatz f\u00fcr 12-V-Bleibatterien usw.<\/td>\n<\/tr>\n<tr>\n<td>Paket<\/td>\n<td>6 St\u00fcck im Karton (36 x 21 x 30 cm), ca. 8 kg\/Karton<\/td>\n<\/tr>\n<tr>\n<td>Garantie<\/td>\n<td>24 Monate<\/td>\n<\/tr>\n<\/tbody>\n<\/table>\n<p style=\"text-align: center\"><img decoding=\"async\" class=\"alignnone size-full wp-image-5150\" src=\"http:\/\/ygspower.com\/wp-content\/uploads\/2021\/11\/lifepo4-12v-7-18-30ah-2.jpg\" alt=\"\" width=\"750\" height=\"1896\" srcset=\"https:\/\/ygspower.com\/wp-content\/uploads\/2021\/11\/lifepo4-12v-7-18-30ah-2.jpg 750w, https:\/\/ygspower.com\/wp-content\/uploads\/2021\/11\/lifepo4-12v-7-18-30ah-2-600x1517.jpg 600w, https:\/\/ygspower.com\/wp-content\/uploads\/2021\/11\/lifepo4-12v-7-18-30ah-2-119x300.jpg 119w, https:\/\/ygspower.com\/wp-content\/uploads\/2021\/11\/lifepo4-12v-7-18-30ah-2-405x1024.jpg 405w, https:\/\/ygspower.com\/wp-content\/uploads\/2021\/11\/lifepo4-12v-7-18-30ah-2-608x1536.jpg 608w\" sizes=\"(max-width: 750px) 100vw, 750px\" \/> <img decoding=\"async\" class=\"alignnone size-full wp-image-5151\" src=\"http:\/\/ygspower.com\/wp-content\/uploads\/2021\/11\/lifepo4-12v-7-18-30ah-3.jpg\" alt=\"\" width=\"750\" height=\"2070\" srcset=\"https:\/\/ygspower.com\/wp-content\/uploads\/2021\/11\/lifepo4-12v-7-18-30ah-3.jpg 750w, https:\/\/ygspower.com\/wp-content\/uploads\/2021\/11\/lifepo4-12v-7-18-30ah-3-600x1656.jpg 600w, https:\/\/ygspower.com\/wp-content\/uploads\/2021\/11\/lifepo4-12v-7-18-30ah-3-109x300.jpg 109w, https:\/\/ygspower.com\/wp-content\/uploads\/2021\/11\/lifepo4-12v-7-18-30ah-3-371x1024.jpg 371w, https:\/\/ygspower.com\/wp-content\/uploads\/2021\/11\/lifepo4-12v-7-18-30ah-3-557x1536.jpg 557w, https:\/\/ygspower.com\/wp-content\/uploads\/2021\/11\/lifepo4-12v-7-18-30ah-3-742x2048.jpg 742w\" sizes=\"(max-width: 750px) 100vw, 750px\" \/> <img loading=\"lazy\" decoding=\"async\" class=\"alignnone size-full wp-image-5152\" src=\"http:\/\/ygspower.com\/wp-content\/uploads\/2021\/11\/lifepo4-12v-7-18-30ah-4.jpg\" alt=\"\" width=\"750\" height=\"2242\" srcset=\"https:\/\/ygspower.com\/wp-content\/uploads\/2021\/11\/lifepo4-12v-7-18-30ah-4.jpg 750w, https:\/\/ygspower.com\/wp-content\/uploads\/2021\/11\/lifepo4-12v-7-18-30ah-4-600x1794.jpg 600w, https:\/\/ygspower.com\/wp-content\/uploads\/2021\/11\/lifepo4-12v-7-18-30ah-4-100x300.jpg 100w, https:\/\/ygspower.com\/wp-content\/uploads\/2021\/11\/lifepo4-12v-7-18-30ah-4-343x1024.jpg 343w, https:\/\/ygspower.com\/wp-content\/uploads\/2021\/11\/lifepo4-12v-7-18-30ah-4-514x1536.jpg 514w, https:\/\/ygspower.com\/wp-content\/uploads\/2021\/11\/lifepo4-12v-7-18-30ah-4-685x2048.jpg 685w\" sizes=\"(max-width: 750px) 100vw, 750px\" \/> <img loading=\"lazy\" decoding=\"async\" class=\"alignnone size-full wp-image-5153\" src=\"http:\/\/ygspower.com\/wp-content\/uploads\/2021\/11\/lifepo4-12v-7-18-30ah-5-scaled.jpg\" alt=\"\" width=\"608\" height=\"2560\" srcset=\"https:\/\/ygspower.com\/wp-content\/uploads\/2021\/11\/lifepo4-12v-7-18-30ah-5-scaled.jpg 608w, https:\/\/ygspower.com\/wp-content\/uploads\/2021\/11\/lifepo4-12v-7-18-30ah-5-600x2526.jpg 600w, https:\/\/ygspower.com\/wp-content\/uploads\/2021\/11\/lifepo4-12v-7-18-30ah-5-71x300.jpg 71w, https:\/\/ygspower.com\/wp-content\/uploads\/2021\/11\/lifepo4-12v-7-18-30ah-5-243x1024.jpg 243w, https:\/\/ygspower.com\/wp-content\/uploads\/2021\/11\/lifepo4-12v-7-18-30ah-5-365x1536.jpg 365w\" sizes=\"(max-width: 608px) 100vw, 608px\" \/> <img loading=\"lazy\" decoding=\"async\" class=\"alignnone size-full wp-image-5154\" src=\"http:\/\/ygspower.com\/wp-content\/uploads\/2021\/11\/lifepo4-12v-7-18-30ah-6.jpg\" alt=\"\" width=\"750\" height=\"1983\" srcset=\"https:\/\/ygspower.com\/wp-content\/uploads\/2021\/11\/lifepo4-12v-7-18-30ah-6.jpg 750w, https:\/\/ygspower.com\/wp-content\/uploads\/2021\/11\/lifepo4-12v-7-18-30ah-6-600x1586.jpg 600w, https:\/\/ygspower.com\/wp-content\/uploads\/2021\/11\/lifepo4-12v-7-18-30ah-6-113x300.jpg 113w, https:\/\/ygspower.com\/wp-content\/uploads\/2021\/11\/lifepo4-12v-7-18-30ah-6-387x1024.jpg 387w, https:\/\/ygspower.com\/wp-content\/uploads\/2021\/11\/lifepo4-12v-7-18-30ah-6-581x1536.jpg 581w\" sizes=\"(max-width: 750px) 100vw, 750px\" \/><\/p>","protected":false},"excerpt":{"rendered":"<p>Produktname: Lithium-Eisenphosphat-Akkupack<\/p>\n<p>Stilbezeichnung: LiFe PO4 Akku 12V7000mAh\/18000mAh\/30000mAh<\/p>\n<p>Normale Kapazit\u00e4t: 7000 mAh\/18000 mAh\/30000 mAh<\/p>\n<p>Nennspannung: 12V<\/p>\n<p>Maximale Ladespannung: 14,6 V<\/p>\n<p>Entladeschlussspannung: 10V<\/p>\n<p>Maximaler kontinuierlicher Entladestrom: 10 A.<\/p>\n<p>Ladestrom: 3A<\/p>\n<p>Anwendung: Beleuchtung, Gartenspritze, Au\u00dfeninstrument, T\u00fcrsteuerung, Solar-LED, Ersatz f\u00fcr 12-V-Bleibatterien usw.<\/p>\n<p>Garantie: 24 Monate<\/p>","protected":false},"featured_media":5155,"template":"","meta":{"_seopress_robots_primary_cat":"","_seopress_titles_title":"Mylion 12v 7ah\/18ah\/30ah LifePo4 battery","_seopress_titles_desc":"Mylion 12v 7ah\/18ah\/30ah LifePo4 battery, Lithium battery pack, Mylion, 12v 7000mah, Lithium battery","_seopress_robots_index":"","site-sidebar-layout":"default","site-content-layout":"default","ast-site-content-layout":"default","site-content-style":"default","site-sidebar-style":"default","ast-global-header-display":"","ast-banner-title-visibility":"","ast-main-header-display":"","ast-hfb-above-header-display":"","ast-hfb-below-header-display":"","ast-hfb-mobile-header-display":"","site-post-title":"","ast-breadcrumbs-content":"","ast-featured-img":"","footer-sml-layout":"","theme-transparent-header-meta":"default","adv-header-id-meta":"","stick-header-meta":"","header-above-stick-meta":"","header-main-stick-meta":"","header-below-stick-meta":"","astra-migrate-meta-layouts":"default","ast-page-background-enabled":"default","ast-page-background-meta":{"desktop":{"background-color":"","background-image":"","background-repeat":"repeat","background-position":"center center","background-size":"auto","background-attachment":"scroll","background-type":"","background-media":"","overlay-type":"","overlay-color":"","overlay-opacity":"","overlay-gradient":""},"tablet":{"background-color":"","background-image":"","background-repeat":"repeat","background-position":"center center","background-size":"auto","background-attachment":"scroll","background-type":"","background-media":"","overlay-type":"","overlay-color":"","overlay-opacity":"","overlay-gradient":""},"mobile":{"background-color":"","background-image":"","background-repeat":"repeat","background-position":"center center","background-size":"auto","background-attachment":"scroll","background-type":"","background-media":"","overlay-type":"","overlay-color":"","overlay-opacity":"","overlay-gradient":""}},"ast-content-background-meta":{"desktop":{"background-color":"var(--ast-global-color-5)","background-image":"","background-repeat":"repeat","background-position":"center center","background-size":"auto","background-attachment":"scroll","background-type":"","background-media":"","overlay-type":"","overlay-color":"","overlay-opacity":"","overlay-gradient":""},"tablet":{"background-color":"var(--ast-global-color-5)","background-image":"","background-repeat":"repeat","background-position":"center center","background-size":"auto","background-attachment":"scroll","background-type":"","background-media":"","overlay-type":"","overlay-color":"","overlay-opacity":"","overlay-gradient":""},"mobile":{"background-color":"var(--ast-global-color-5)","background-image":"","background-repeat":"repeat","background-position":"center center","background-size":"auto","background-attachment":"scroll","background-type":"","background-media":"","overlay-type":"","overlay-color":"","overlay-opacity":"","overlay-gradient":""}}},"product_brand":[],"product_cat":[28],"product_tag":[222,181,202,74],"class_list":{"0":"post-5147","1":"product","2":"type-product","3":"status-publish","4":"has-post-thumbnail","6":"product_cat-life-po4-battery","7":"product_tag-12v-7000mah","8":"product_tag-lithium-battery","9":"product_tag-lithium-battery-pack","10":"product_tag-mylion","11":"desktop-align-left","12":"tablet-align-left","13":"mobile-align-left","15":"first","16":"instock","17":"shipping-taxable","18":"product-type-simple"},"_links":{"self":[{"href":"https:\/\/ygspower.com\/de\/wp-json\/wp\/v2\/product\/5147","targetHints":{"allow":["GET"]}}],"collection":[{"href":"https:\/\/ygspower.com\/de\/wp-json\/wp\/v2\/product"}],"about":[{"href":"https:\/\/ygspower.com\/de\/wp-json\/wp\/v2\/types\/product"}],"version-history":[{"count":0,"href":"https:\/\/ygspower.com\/de\/wp-json\/wp\/v2\/product\/5147\/revisions"}],"wp:featuredmedia":[{"embeddable":true,"href":"https:\/\/ygspower.com\/de\/wp-json\/wp\/v2\/media\/5155"}],"wp:attachment":[{"href":"https:\/\/ygspower.com\/de\/wp-json\/wp\/v2\/media?parent=5147"}],"wp:term":[{"taxonomy":"product_brand","embeddable":true,"href":"https:\/\/ygspower.com\/de\/wp-json\/wp\/v2\/product_brand?post=5147"},{"taxonomy":"product_cat","embeddable":true,"href":"https:\/\/ygspower.com\/de\/wp-json\/wp\/v2\/product_cat?post=5147"},{"taxonomy":"product_tag","embeddable":true,"href":"https:\/\/ygspower.com\/de\/wp-json\/wp\/v2\/product_tag?post=5147"}],"curies":[{"name":"wp","href":"https:\/\/api.w.org\/{rel}","templated":true}]}}