{"id":5770,"date":"2022-02-17T14:40:00","date_gmt":"2022-02-17T06:40:00","guid":{"rendered":"https:\/\/darksalmon-dugong-512221.hostingersite.com\/?post_type=product&#038;p=5770"},"modified":"2022-02-17T14:40:03","modified_gmt":"2022-02-17T06:40:03","slug":"mylion-china-charging-pile-30kw-60kw-120kw-180kw-solar-carport-charging-pile-ev-charging-pile-for-electric-vehicles","status":"publish","type":"product","link":"https:\/\/ygspower.com\/de\/produkt\/mylion-china-charging-pile-30kw-60kw-120kw-180kw-solar-carport-charging-pile-ev-charging-pile-for-electric-vehicles\/","title":{"rendered":"Mylion China Lades\u00e4ule 30 kW\/60 kW\/120 kW\/180 kW Solar-Carport-Lades\u00e4ule EV-Lades\u00e4ule f\u00fcr Elektrofahrzeuge"},"content":{"rendered":"<p>&nbsp;<\/p>\n<p><img fetchpriority=\"high\" decoding=\"async\" class=\"size-full wp-image-5772 aligncenter\" src=\"http:\/\/ygspower.com\/wp-content\/uploads\/2022\/02\/charging-pile-4.jpg\" alt=\"\" width=\"800\" height=\"797\" srcset=\"https:\/\/ygspower.com\/wp-content\/uploads\/2022\/02\/charging-pile-4.jpg 800w, https:\/\/ygspower.com\/wp-content\/uploads\/2022\/02\/charging-pile-4-300x300.jpg 300w, https:\/\/ygspower.com\/wp-content\/uploads\/2022\/02\/charging-pile-4-100x100.jpg 100w, https:\/\/ygspower.com\/wp-content\/uploads\/2022\/02\/charging-pile-4-600x598.jpg 600w, https:\/\/ygspower.com\/wp-content\/uploads\/2022\/02\/charging-pile-4-150x150.jpg 150w, https:\/\/ygspower.com\/wp-content\/uploads\/2022\/02\/charging-pile-4-768x765.jpg 768w\" sizes=\"(max-width: 800px) 100vw, 800px\" \/><\/p>\n<table style=\"border-collapse: collapse;width: 1376px;height: 1819px\" border=\"0\" width=\"712\" cellspacing=\"0\" cellpadding=\"0\">\n<tbody>\n<tr style=\"height: 14.25pt\">\n<td class=\"et2\" style=\"height: 14.25pt;width: 159.00pt\" width=\"212\" height=\"19\">Ausgangsleistung<\/td>\n<td class=\"et2\" style=\"width: 93.75pt\" width=\"125\">Gleichstrom 30 kW<\/td>\n<td class=\"et2\" style=\"width: 93.75pt\" width=\"125\">Gleichstrom 60 kW<\/td>\n<td class=\"et2\" style=\"width: 93.75pt\" width=\"125\">Gleichstrom 120 kW<\/td>\n<td class=\"et2\" style=\"width: 93.75pt\" width=\"125\">Gleichstrom 180 kW<\/td>\n<\/tr>\n<tr style=\"height: 14.25pt\">\n<td class=\"et2\" style=\"height: 14.25pt\" height=\"19\">Anzahl der Ports<\/td>\n<td class=\"et3\" style=\"border-right: .5pt solid #000000\" colspan=\"4\">Einzelport \/ Doppelport<\/td>\n<\/tr>\n<tr style=\"height: 14.25pt\">\n<td class=\"et2\" style=\"height: 14.25pt\" height=\"19\">Produktmodell<\/td>\n<td class=\"et2\">MY30002P2<\/td>\n<td class=\"et2\">MY60002P2<\/td>\n<td class=\"et2\">MY120002P2<\/td>\n<td class=\"et2\">MY180002P2<\/td>\n<\/tr>\n<tr style=\"height: 14.25pt\">\n<td class=\"et2\" style=\"height: 14.25pt\" height=\"19\">AC-Eingangsspannung<\/td>\n<td class=\"et3\" style=\"border-right: .5pt solid #000000\" colspan=\"4\">380 V Wechselstrom \u00b1 151 TP3T<\/td>\n<\/tr>\n<tr style=\"height: 14.25pt\">\n<td class=\"et2\" style=\"height: 14.25pt\" height=\"19\">AC-Eingangsstrom<\/td>\n<td class=\"et2\">\u226445A<\/td>\n<td class=\"et2\">\u226491A<\/td>\n<td class=\"et6\">\u2264182A<\/td>\n<td class=\"et2\">\u2264273A<\/td>\n<\/tr>\n<tr style=\"height: 14.25pt\">\n<td class=\"et2\" style=\"height: 14.25pt\" height=\"19\">Wechselstromfrequenz<\/td>\n<td class=\"et3\" style=\"border-right: .5pt solid #000000\" colspan=\"4\">50 \u00b1 5 Hz<\/td>\n<\/tr>\n<tr style=\"height: 14.25pt\">\n<td class=\"et2\" style=\"height: 14.25pt\" height=\"19\">Eingangsleistungsfaktor<\/td>\n<td class=\"et3\" style=\"border-right: .5pt solid #000000\" colspan=\"4\">\uff1e0,99<\/td>\n<\/tr>\n<tr style=\"height: 14.25pt\">\n<td class=\"et2\" style=\"height: 14.25pt\" height=\"19\">DC-Ausgangsspannung<\/td>\n<td class=\"et3\" style=\"border-right: .5pt solid #000000\" colspan=\"4\">200\uff5e750V<\/td>\n<\/tr>\n<tr style=\"height: 14.25pt\">\n<td class=\"et2\" style=\"height: 14.25pt\" height=\"19\">DC-Ausgangsstrom<\/td>\n<td class=\"et2\">Maximal 75A<\/td>\n<td class=\"et2\">Maximal 150A<\/td>\n<td class=\"et2\">Maximal 300A<\/td>\n<td class=\"et2\">Maximal 450A<\/td>\n<\/tr>\n<tr style=\"height: 14.25pt\">\n<td class=\"et2\" style=\"height: 14.25pt\" height=\"19\">Umwandlungseffizienz bei voller Last<\/td>\n<td class=\"et3\" style=\"border-right: .5pt solid #000000\" colspan=\"4\">\u226595,51 TP3T<\/td>\n<\/tr>\n<tr style=\"height: 14.25pt\">\n<td class=\"et2\" style=\"height: 14.25pt\" height=\"19\">Netzwerktyp<\/td>\n<td class=\"et3\" style=\"border-right: .5pt solid #000000\" colspan=\"4\">4G \/ WLAN \/ Ethernet \/ Einzelger\u00e4t<\/td>\n<\/tr>\n<tr style=\"height: 14.25pt\">\n<td class=\"et2\" style=\"height: 14.25pt\" height=\"19\">Bildschirm<\/td>\n<td class=\"et3\" style=\"border-right: .5pt solid #000000\" colspan=\"4\">7,0-Zoll-Touchscreen mit hoher Helligkeit<\/td>\n<\/tr>\n<tr style=\"height: 14.25pt\">\n<td class=\"et2\" style=\"height: 14.25pt\" height=\"19\">Lademodus<\/td>\n<td class=\"et3\" style=\"border-right: .5pt solid #000000\" colspan=\"4\">Passwort-Boot \/ Karten-Boot \/ QR-Code-Boot \/ VIN-Code-Boot<\/td>\n<\/tr>\n<tr style=\"height: 14.25pt\">\n<td class=\"et2\" style=\"height: 14.25pt\" height=\"19\">Zul\u00e4ssige Betriebstemperatur<\/td>\n<td class=\"et3\" style=\"border-right: .5pt solid #000000\" colspan=\"4\">&#039;-20\u2103~+50\u2103<\/td>\n<\/tr>\n<tr style=\"height: 14.25pt\">\n<td class=\"et2\" style=\"height: 14.25pt\" height=\"19\">Zul\u00e4ssige relative Luftfeuchtigkeit<\/td>\n<td class=\"et3\" style=\"border-right: .5pt solid #000000\" colspan=\"4\">0\uff5e95% (keine Kondensation)<\/td>\n<\/tr>\n<tr style=\"height: 14.25pt\">\n<td class=\"et2\" style=\"height: 14.25pt\" height=\"19\">K\u00fchlungsart<\/td>\n<td class=\"et3\" style=\"border-right: .5pt solid #000000\" colspan=\"4\">Zwangsluftk\u00fchlung<\/td>\n<\/tr>\n<tr style=\"height: 14.25pt\">\n<td class=\"et2\" style=\"height: 14.25pt\" height=\"19\">Ger\u00e4uschpegel<\/td>\n<td class=\"et3\" style=\"border-right: .5pt solid #000000\" colspan=\"4\">\u226465 dB<\/td>\n<\/tr>\n<tr style=\"height: 14.25pt\">\n<td class=\"et2\" style=\"height: 14.25pt\" height=\"19\">Hilfsenergie<\/td>\n<td class=\"et3\" style=\"border-right: .5pt solid #000000\" colspan=\"4\">12V\/24V umschaltbar<\/td>\n<\/tr>\n<tr style=\"height: 14.25pt\">\n<td class=\"et2\" style=\"height: 14.25pt\" height=\"19\">Schutzniveau<\/td>\n<td class=\"et3\" style=\"border-right: .5pt solid #000000\" colspan=\"4\">IP54<\/td>\n<\/tr>\n<tr style=\"height: 14.25pt\">\n<td class=\"et2\" style=\"height: 14.25pt\" height=\"19\">Standby-Stromverbrauch<\/td>\n<td class=\"et2\">\u226425 W<\/td>\n<td class=\"et2\">\u226450W<\/td>\n<td class=\"et2\">\u2264100W<\/td>\n<td class=\"et2\">\u2264100W<\/td>\n<\/tr>\n<tr style=\"height: 14.25pt\">\n<td class=\"et2\" style=\"height: 14.25pt\" height=\"19\">MTBF<\/td>\n<td class=\"et3\" style=\"border-right: .5pt solid #000000\" colspan=\"4\">\u22658796 Stunden<\/td>\n<\/tr>\n<tr style=\"height: 14.25pt\">\n<td class=\"et2\" style=\"height: 14.25pt\" height=\"19\">Strukturgr\u00f6\u00dfe<\/td>\n<td class=\"et2\">1622 x 700 x 360 mm<\/td>\n<td class=\"et2\">1622 x 700 x 360 mm<\/td>\n<td class=\"et2\">1680 x 700 x 530 mm<\/td>\n<td class=\"et2\">1821*800*550 mm<\/td>\n<\/tr>\n<tr style=\"height: 14.25pt\">\n<td class=\"et2\" style=\"height: 14.25pt\" height=\"19\">Gewicht<\/td>\n<td class=\"et2\">\u2264166kg<\/td>\n<td class=\"et2\">\u2264166kg<\/td>\n<td class=\"et2\">\u2264252kg<\/td>\n<td class=\"et2\">\u2264300kg<\/td>\n<\/tr>\n<\/tbody>\n<\/table>\n<p><img decoding=\"async\" class=\"size-full wp-image-5774 aligncenter\" src=\"http:\/\/ygspower.com\/wp-content\/uploads\/2022\/02\/charging-pile-5.jpg\" alt=\"\" width=\"800\" height=\"800\" srcset=\"https:\/\/ygspower.com\/wp-content\/uploads\/2022\/02\/charging-pile-5.jpg 800w, https:\/\/ygspower.com\/wp-content\/uploads\/2022\/02\/charging-pile-5-300x300.jpg 300w, https:\/\/ygspower.com\/wp-content\/uploads\/2022\/02\/charging-pile-5-100x100.jpg 100w, https:\/\/ygspower.com\/wp-content\/uploads\/2022\/02\/charging-pile-5-600x600.jpg 600w, https:\/\/ygspower.com\/wp-content\/uploads\/2022\/02\/charging-pile-5-150x150.jpg 150w, https:\/\/ygspower.com\/wp-content\/uploads\/2022\/02\/charging-pile-5-768x768.jpg 768w\" sizes=\"(max-width: 800px) 100vw, 800px\" \/> <img decoding=\"async\" class=\"size-full wp-image-5776 aligncenter\" src=\"http:\/\/ygspower.com\/wp-content\/uploads\/2022\/02\/charging-pile-1.jpg\" alt=\"\" width=\"800\" height=\"800\" srcset=\"https:\/\/ygspower.com\/wp-content\/uploads\/2022\/02\/charging-pile-1.jpg 800w, https:\/\/ygspower.com\/wp-content\/uploads\/2022\/02\/charging-pile-1-300x300.jpg 300w, https:\/\/ygspower.com\/wp-content\/uploads\/2022\/02\/charging-pile-1-100x100.jpg 100w, https:\/\/ygspower.com\/wp-content\/uploads\/2022\/02\/charging-pile-1-600x600.jpg 600w, https:\/\/ygspower.com\/wp-content\/uploads\/2022\/02\/charging-pile-1-150x150.jpg 150w, https:\/\/ygspower.com\/wp-content\/uploads\/2022\/02\/charging-pile-1-768x768.jpg 768w\" sizes=\"(max-width: 800px) 100vw, 800px\" \/> <img loading=\"lazy\" decoding=\"async\" class=\"size-full wp-image-5777 aligncenter\" src=\"http:\/\/ygspower.com\/wp-content\/uploads\/2022\/02\/charging-pile-2.jpg\" alt=\"\" width=\"800\" height=\"800\" srcset=\"https:\/\/ygspower.com\/wp-content\/uploads\/2022\/02\/charging-pile-2.jpg 800w, https:\/\/ygspower.com\/wp-content\/uploads\/2022\/02\/charging-pile-2-300x300.jpg 300w, https:\/\/ygspower.com\/wp-content\/uploads\/2022\/02\/charging-pile-2-100x100.jpg 100w, https:\/\/ygspower.com\/wp-content\/uploads\/2022\/02\/charging-pile-2-600x600.jpg 600w, https:\/\/ygspower.com\/wp-content\/uploads\/2022\/02\/charging-pile-2-150x150.jpg 150w, https:\/\/ygspower.com\/wp-content\/uploads\/2022\/02\/charging-pile-2-768x768.jpg 768w\" sizes=\"(max-width: 800px) 100vw, 800px\" \/> <img loading=\"lazy\" decoding=\"async\" class=\"size-full wp-image-5778 aligncenter\" src=\"http:\/\/ygspower.com\/wp-content\/uploads\/2022\/02\/charging-pile-3.jpg\" alt=\"\" width=\"800\" height=\"800\" srcset=\"https:\/\/ygspower.com\/wp-content\/uploads\/2022\/02\/charging-pile-3.jpg 800w, https:\/\/ygspower.com\/wp-content\/uploads\/2022\/02\/charging-pile-3-300x300.jpg 300w, https:\/\/ygspower.com\/wp-content\/uploads\/2022\/02\/charging-pile-3-100x100.jpg 100w, https:\/\/ygspower.com\/wp-content\/uploads\/2022\/02\/charging-pile-3-600x600.jpg 600w, https:\/\/ygspower.com\/wp-content\/uploads\/2022\/02\/charging-pile-3-150x150.jpg 150w, https:\/\/ygspower.com\/wp-content\/uploads\/2022\/02\/charging-pile-3-768x768.jpg 768w\" sizes=\"(max-width: 800px) 100vw, 800px\" \/> <img loading=\"lazy\" decoding=\"async\" class=\"size-full wp-image-5779 aligncenter\" src=\"http:\/\/ygspower.com\/wp-content\/uploads\/2022\/02\/QQ\u622a\u56fe20220214163958.jpg\" alt=\"\" width=\"750\" height=\"851\" srcset=\"https:\/\/ygspower.com\/wp-content\/uploads\/2022\/02\/QQ\u622a\u56fe20220214163958.jpg 750w, https:\/\/ygspower.com\/wp-content\/uploads\/2022\/02\/QQ\u622a\u56fe20220214163958-600x681.jpg 600w, https:\/\/ygspower.com\/wp-content\/uploads\/2022\/02\/QQ\u622a\u56fe20220214163958-264x300.jpg 264w\" sizes=\"(max-width: 750px) 100vw, 750px\" \/><img loading=\"lazy\" decoding=\"async\" class=\"size-full wp-image-5775 aligncenter\" src=\"http:\/\/ygspower.com\/wp-content\/uploads\/2022\/02\/charging-pile-6.jpg\" alt=\"\" width=\"800\" height=\"800\" srcset=\"https:\/\/ygspower.com\/wp-content\/uploads\/2022\/02\/charging-pile-6.jpg 800w, https:\/\/ygspower.com\/wp-content\/uploads\/2022\/02\/charging-pile-6-300x300.jpg 300w, https:\/\/ygspower.com\/wp-content\/uploads\/2022\/02\/charging-pile-6-100x100.jpg 100w, https:\/\/ygspower.com\/wp-content\/uploads\/2022\/02\/charging-pile-6-600x600.jpg 600w, https:\/\/ygspower.com\/wp-content\/uploads\/2022\/02\/charging-pile-6-150x150.jpg 150w, https:\/\/ygspower.com\/wp-content\/uploads\/2022\/02\/charging-pile-6-768x768.jpg 768w\" sizes=\"(max-width: 800px) 100vw, 800px\" \/><\/p>","protected":false},"excerpt":{"rendered":"<p>Produktmodell: MY30002P2, MY60002P2, MY120002P2, MY180002P2<br \/>\nHilfsstromversorgung: 12 V\/24 V umschaltbar<br \/>\nSchutzart: IP54<br \/>\nStandby-Stromverbrauch: \u226425W \u226450W \u2264100W \u2264100W<br \/>\nMTBF: \u22658796h<br \/>\nStrukturgr\u00f6\u00dfe: 1622 * 700 * 360 mm 1622 * 700 * 360 mm 1680 * 700 * 530 mm 1821 * 800 * 550 mm<br \/>\nGewicht: \u2264166kg \u2264166kg \u2264252kg \u2264300kg<br \/>\nDC-Ausgangsstrom Maximal: 75 A Maximal 150 A Maximal 300 A Maximal 450 A<br \/>\nUmwandlungseffizienz bei Volllast: \u226595,5%<br \/>\nNetzwerktyp: 4G \/ WiFi \/ Ethernet \/ Einzelmaschine<br \/>\nAnzeigebildschirm: 7,0-Zoll-Touchscreen mit hoher Helligkeit<\/p>","protected":false},"featured_media":5780,"template":"","meta":{"_seopress_robots_primary_cat":"","_seopress_titles_title":"Mylion china charging pile 30kw\/60kw\/120kw\/180kw solar carport charging pile ev charging pile for electric vehicles","_seopress_titles_desc":"Mylion china charging pile 30kw\/60kw\/120kw\/180kw solar carport charging pile ev charging pile for electric vehicles, mylion, solar carport charging pile, solar carport charging pile, electric vehicles, solar power, power supply","_seopress_robots_index":"","site-sidebar-layout":"default","site-content-layout":"default","ast-site-content-layout":"default","site-content-style":"default","site-sidebar-style":"default","ast-global-header-display":"","ast-banner-title-visibility":"","ast-main-header-display":"","ast-hfb-above-header-display":"","ast-hfb-below-header-display":"","ast-hfb-mobile-header-display":"","site-post-title":"","ast-breadcrumbs-content":"","ast-featured-img":"","footer-sml-layout":"","theme-transparent-header-meta":"default","adv-header-id-meta":"","stick-header-meta":"","header-above-stick-meta":"","header-main-stick-meta":"","header-below-stick-meta":"","astra-migrate-meta-layouts":"default","ast-page-background-enabled":"default","ast-page-background-meta":{"desktop":{"background-color":"","background-image":"","background-repeat":"repeat","background-position":"center center","background-size":"auto","background-attachment":"scroll","background-type":"","background-media":"","overlay-type":"","overlay-color":"","overlay-opacity":"","overlay-gradient":""},"tablet":{"background-color":"","background-image":"","background-repeat":"repeat","background-position":"center center","background-size":"auto","background-attachment":"scroll","background-type":"","background-media":"","overlay-type":"","overlay-color":"","overlay-opacity":"","overlay-gradient":""},"mobile":{"background-color":"","background-image":"","background-repeat":"repeat","background-position":"center center","background-size":"auto","background-attachment":"scroll","background-type":"","background-media":"","overlay-type":"","overlay-color":"","overlay-opacity":"","overlay-gradient":""}},"ast-content-background-meta":{"desktop":{"background-color":"var(--ast-global-color-5)","background-image":"","background-repeat":"repeat","background-position":"center center","background-size":"auto","background-attachment":"scroll","background-type":"","background-media":"","overlay-type":"","overlay-color":"","overlay-opacity":"","overlay-gradient":""},"tablet":{"background-color":"var(--ast-global-color-5)","background-image":"","background-repeat":"repeat","background-position":"center center","background-size":"auto","background-attachment":"scroll","background-type":"","background-media":"","overlay-type":"","overlay-color":"","overlay-opacity":"","overlay-gradient":""},"mobile":{"background-color":"var(--ast-global-color-5)","background-image":"","background-repeat":"repeat","background-position":"center center","background-size":"auto","background-attachment":"scroll","background-type":"","background-media":"","overlay-type":"","overlay-color":"","overlay-opacity":"","overlay-gradient":""}}},"product_brand":[],"product_cat":[24],"product_tag":[376,377,379,74,97,378,380],"class_list":{"0":"post-5770","1":"product","2":"type-product","3":"status-publish","4":"has-post-thumbnail","6":"product_cat-other-products","7":"product_tag-ac-charging-pile","8":"product_tag-china-charging-pile","9":"product_tag-electric-vehicles","10":"product_tag-mylion","11":"product_tag-power-supply","12":"product_tag-solar-carport-charging-pile","13":"product_tag-solar-power","14":"desktop-align-left","15":"tablet-align-left","16":"mobile-align-left","18":"first","19":"instock","20":"shipping-taxable","21":"product-type-simple"},"_links":{"self":[{"href":"https:\/\/ygspower.com\/de\/wp-json\/wp\/v2\/product\/5770","targetHints":{"allow":["GET"]}}],"collection":[{"href":"https:\/\/ygspower.com\/de\/wp-json\/wp\/v2\/product"}],"about":[{"href":"https:\/\/ygspower.com\/de\/wp-json\/wp\/v2\/types\/product"}],"version-history":[{"count":0,"href":"https:\/\/ygspower.com\/de\/wp-json\/wp\/v2\/product\/5770\/revisions"}],"wp:featuredmedia":[{"embeddable":true,"href":"https:\/\/ygspower.com\/de\/wp-json\/wp\/v2\/media\/5780"}],"wp:attachment":[{"href":"https:\/\/ygspower.com\/de\/wp-json\/wp\/v2\/media?parent=5770"}],"wp:term":[{"taxonomy":"product_brand","embeddable":true,"href":"https:\/\/ygspower.com\/de\/wp-json\/wp\/v2\/product_brand?post=5770"},{"taxonomy":"product_cat","embeddable":true,"href":"https:\/\/ygspower.com\/de\/wp-json\/wp\/v2\/product_cat?post=5770"},{"taxonomy":"product_tag","embeddable":true,"href":"https:\/\/ygspower.com\/de\/wp-json\/wp\/v2\/product_tag?post=5770"}],"curies":[{"name":"wp","href":"https:\/\/api.w.org\/{rel}","templated":true}]}}