{"id":7238,"date":"2022-05-30T14:57:09","date_gmt":"2022-05-30T06:57:09","guid":{"rendered":"https:\/\/darksalmon-dugong-512221.hostingersite.com\/?post_type=product&#038;p=7238"},"modified":"2022-10-25T17:05:24","modified_gmt":"2022-10-25T09:05:24","slug":"mylion-ml1000va-600w-12v9ah-lead-acid-battery-backup-simulated-sine-wave-offline-1kva-ups-for-computer-all-in-one-device","status":"publish","type":"product","link":"https:\/\/ygspower.com\/de\/produkt\/mylion-ml1000va-600w-12v9ah-lead-acid-battery-backup-simulated-sine-wave-offline-1kva-ups-for-computer-all-in-one-device\/","title":{"rendered":"Mylion 1000VA USV 12V9AH Blei-S\u00e4ure-Batterie-Backup 1KVA USV f\u00fcr Computer, Alles-in-Einem-Ger\u00e4t"},"content":{"rendered":"<p>Mylion ML1000VA 600 W 12 V 9 Ah Blei-S\u00e4ure-Batterie-Backup, simulierte Sinuswelle, Offline-USV, 1 KVA f\u00fcr Computer, All-in-One-Ger\u00e4t<\/p>\n<p><img fetchpriority=\"high\" decoding=\"async\" class=\"aligncenter size-full wp-image-7226\" src=\"http:\/\/ygspower.com\/wp-content\/uploads\/2022\/03\/offline-ups1.png\" alt=\"\" width=\"750\" height=\"750\" srcset=\"https:\/\/ygspower.com\/wp-content\/uploads\/2022\/03\/offline-ups1.png 750w, https:\/\/ygspower.com\/wp-content\/uploads\/2022\/03\/offline-ups1-300x300.png 300w, https:\/\/ygspower.com\/wp-content\/uploads\/2022\/03\/offline-ups1-100x100.png 100w, https:\/\/ygspower.com\/wp-content\/uploads\/2022\/03\/offline-ups1-600x600.png 600w, https:\/\/ygspower.com\/wp-content\/uploads\/2022\/03\/offline-ups1-150x150.png 150w\" sizes=\"(max-width: 750px) 100vw, 750px\" \/><\/p>\n<table border=\"0\" cellspacing=\"0\" cellpadding=\"0\">\n<tbody>\n<tr>\n<td>\n<p align=\"center\" data-spm-anchor-id=\"a2700.wholesale.0.i15.2b9e2064JeA4vA\"><strong>Modell<\/strong><\/p>\n<\/td>\n<td>\n<p align=\"center\"><strong>500 VA<\/strong><\/p>\n<\/td>\n<td>\n<p align=\"center\"><span style=\"color: #000000\"><strong>650VA<\/strong><\/span><\/p>\n<\/td>\n<td>\n<p align=\"center\"><span style=\"color: #ff0000\"><strong>1000VA<\/strong><\/span><\/p>\n<\/td>\n<td>\n<p align=\"center\"><strong>1500 VA<\/strong><\/p>\n<\/td>\n<td>\n<p align=\"center\"><strong>2000 VA<\/strong><\/p>\n<\/td>\n<td>\n<p align=\"center\"><strong>3000 VA<\/strong><\/p>\n<\/td>\n<\/tr>\n<tr>\n<td>\n<p align=\"center\"><strong>Nennleistung<\/strong><\/p>\n<\/td>\n<td>\n<p align=\"center\">300 W<\/p>\n<\/td>\n<td>\n<p align=\"center\"><span style=\"color: #000000\">360 Watt<\/span><\/p>\n<\/td>\n<td>\n<p align=\"center\"><span style=\"color: #ff0000\">600 W<\/span><\/p>\n<\/td>\n<td>\n<p align=\"center\">900 W<\/p>\n<\/td>\n<td>\n<p align=\"center\">1200 W<\/p>\n<\/td>\n<td>\n<p align=\"center\">1800 W<\/p>\n<\/td>\n<\/tr>\n<tr>\n<td>\n<p align=\"center\"><strong>Eingangsspannungsbereich<\/strong><\/p>\n<\/td>\n<td>\n<p align=\"center\">165-265 V Wechselspannung<\/p>\n<\/td>\n<td colspan=\"2\">\n<p align=\"center\">140-290 V Wechselspannung<\/p>\n<\/td>\n<td colspan=\"3\">\n<p align=\"center\">162-268 V Wechselspannung<\/p>\n<\/td>\n<\/tr>\n<tr>\n<td>\n<p align=\"center\"><strong>Die Ausgangsspannung<\/strong><\/p>\n<\/td>\n<td colspan=\"6\">\n<p align=\"center\">220 V \u00b1 10 % (Batteriebetrieb)<\/p>\n<\/td>\n<\/tr>\n<tr>\n<td>\n<p align=\"center\"><strong>Konvertierungszeit<\/strong><\/p>\n<\/td>\n<td colspan=\"6\">\n<p align=\"center\">4-8 ms<\/p>\n<\/td>\n<\/tr>\n<tr>\n<td>\n<p align=\"center\"><strong>Ausgangswellenform<\/strong><\/p>\n<\/td>\n<td colspan=\"6\">\n<p align=\"center\">Sinuswelle simulieren<\/p>\n<\/td>\n<\/tr>\n<tr>\n<td>\n<p align=\"center\"><strong>Batteriemodell und -anzahl<\/strong><\/p>\n<\/td>\n<td>\n<p align=\"center\">12V\/4,5Ah*1<\/p>\n<\/td>\n<td>\n<p align=\"center\">12V\/7,5Ah*1<\/p>\n<\/td>\n<td>\n<p align=\"center\">12V\/9Ah*1<\/p>\n<\/td>\n<td>\n<p align=\"center\">12V\/7Ahx2<\/p>\n<\/td>\n<td>\n<p align=\"center\">12V\/9Ahx2<\/p>\n<\/td>\n<td>\n<p align=\"center\">12V\/9Ahx4<\/p>\n<\/td>\n<\/tr>\n<tr>\n<td>\n<p align=\"center\"><strong>Ladezeit<\/strong><\/p>\n<\/td>\n<td colspan=\"6\">\n<p align=\"center\">Aufladbar auf 90%-Kapazit\u00e4t in 6 Stunden<\/p>\n<\/td>\n<\/tr>\n<tr>\n<td>\n<p align=\"center\"><strong>Anzeigemethode<\/strong><\/p>\n<\/td>\n<td colspan=\"6\">\n<p align=\"center\">LCD f\u00fcr Typ \u00fcber 1000VA<\/p>\n<\/td>\n<\/tr>\n<tr>\n<td>\n<p align=\"center\"><strong>Gr\u00f6\u00dfe (TxBxH)mm<\/strong><\/p>\n<\/td>\n<td colspan=\"2\">\n<p align=\"center\">380*145*205<\/p>\n<\/td>\n<td>\n<p align=\"center\">400*170*230<\/p>\n<\/td>\n<td colspan=\"2\">\n<p align=\"center\">440*210*290<\/p>\n<\/td>\n<td>\n<p align=\"center\">485*230*300<\/p>\n<\/td>\n<\/tr>\n<tr>\n<td>\n<p align=\"center\"><strong>Gewicht (kg)<\/strong><\/p>\n<\/td>\n<td>\n<p align=\"center\">3.7<\/p>\n<\/td>\n<td>\n<p align=\"center\">4.5<\/p>\n<\/td>\n<td>\n<p align=\"center\">5.6<\/p>\n<\/td>\n<td>\n<p align=\"center\">10.5<\/p>\n<\/td>\n<td>\n<p align=\"center\">12<\/p>\n<\/td>\n<td>\n<p align=\"center\">20<\/p>\n<\/td>\n<\/tr>\n<tr>\n<td>\n<p align=\"center\"><strong>Kapazit\u00e4t<\/strong><\/p>\n<\/td>\n<td>\n<p align=\"center\">500 VA<\/p>\n<\/td>\n<td>\n<p align=\"center\">650VA<\/p>\n<\/td>\n<td>\n<p align=\"center\">1000VA<\/p>\n<\/td>\n<td>\n<p align=\"center\">1500 VA<\/p>\n<\/td>\n<td>\n<p align=\"center\">2000 VA<\/p>\n<\/td>\n<td>\n<p align=\"center\">3000 VA<\/p>\n<\/td>\n<\/tr>\n<tr>\n<td>\n<p align=\"center\"><strong>Temperatur und Luftfeuchtigkeit<\/strong><\/p>\n<\/td>\n<td colspan=\"6\">\n<p align=\"center\">0-90% Luftfeuchtigkeit und 0-40\u00b0C Temperatur<\/p>\n<\/td>\n<\/tr>\n<tr>\n<td>\n<p align=\"center\"><strong>L\u00e4rm<\/strong><\/p>\n<\/td>\n<td colspan=\"6\">\n<p align=\"center\">Weniger als 40 dB<\/p>\n<\/td>\n<\/tr>\n<\/tbody>\n<\/table>\n<p><img decoding=\"async\" class=\"aligncenter size-full wp-image-7239\" src=\"http:\/\/ygspower.com\/wp-content\/uploads\/2022\/05\/Online-type-UPS-1.jpg\" alt=\"\" width=\"790\" height=\"700\" srcset=\"https:\/\/ygspower.com\/wp-content\/uploads\/2022\/05\/Online-type-UPS-1.jpg 790w, https:\/\/ygspower.com\/wp-content\/uploads\/2022\/05\/Online-type-UPS-1-600x532.jpg 600w, https:\/\/ygspower.com\/wp-content\/uploads\/2022\/05\/Online-type-UPS-1-300x266.jpg 300w, https:\/\/ygspower.com\/wp-content\/uploads\/2022\/05\/Online-type-UPS-1-768x681.jpg 768w\" sizes=\"(max-width: 790px) 100vw, 790px\" \/> <img decoding=\"async\" class=\"aligncenter size-full wp-image-7240\" src=\"http:\/\/ygspower.com\/wp-content\/uploads\/2022\/05\/Online-type-UPS-2.jpg\" alt=\"\" width=\"790\" height=\"794\" srcset=\"https:\/\/ygspower.com\/wp-content\/uploads\/2022\/05\/Online-type-UPS-2.jpg 790w, https:\/\/ygspower.com\/wp-content\/uploads\/2022\/05\/Online-type-UPS-2-100x100.jpg 100w, https:\/\/ygspower.com\/wp-content\/uploads\/2022\/05\/Online-type-UPS-2-600x603.jpg 600w, https:\/\/ygspower.com\/wp-content\/uploads\/2022\/05\/Online-type-UPS-2-298x300.jpg 298w, https:\/\/ygspower.com\/wp-content\/uploads\/2022\/05\/Online-type-UPS-2-150x150.jpg 150w, https:\/\/ygspower.com\/wp-content\/uploads\/2022\/05\/Online-type-UPS-2-768x772.jpg 768w\" sizes=\"(max-width: 790px) 100vw, 790px\" \/> <img loading=\"lazy\" decoding=\"async\" class=\"aligncenter size-full wp-image-7241\" src=\"http:\/\/ygspower.com\/wp-content\/uploads\/2022\/05\/Online-type-UPS-3.jpg\" alt=\"\" width=\"790\" height=\"952\" srcset=\"https:\/\/ygspower.com\/wp-content\/uploads\/2022\/05\/Online-type-UPS-3.jpg 790w, https:\/\/ygspower.com\/wp-content\/uploads\/2022\/05\/Online-type-UPS-3-600x723.jpg 600w, https:\/\/ygspower.com\/wp-content\/uploads\/2022\/05\/Online-type-UPS-3-249x300.jpg 249w, https:\/\/ygspower.com\/wp-content\/uploads\/2022\/05\/Online-type-UPS-3-768x925.jpg 768w\" sizes=\"(max-width: 790px) 100vw, 790px\" \/> <img loading=\"lazy\" decoding=\"async\" class=\"aligncenter size-full wp-image-7242\" src=\"http:\/\/ygspower.com\/wp-content\/uploads\/2022\/05\/Online-type-UPS-4.jpg\" alt=\"\" width=\"790\" height=\"1339\" srcset=\"https:\/\/ygspower.com\/wp-content\/uploads\/2022\/05\/Online-type-UPS-4.jpg 790w, https:\/\/ygspower.com\/wp-content\/uploads\/2022\/05\/Online-type-UPS-4-600x1017.jpg 600w, https:\/\/ygspower.com\/wp-content\/uploads\/2022\/05\/Online-type-UPS-4-177x300.jpg 177w, https:\/\/ygspower.com\/wp-content\/uploads\/2022\/05\/Online-type-UPS-4-604x1024.jpg 604w, https:\/\/ygspower.com\/wp-content\/uploads\/2022\/05\/Online-type-UPS-4-768x1302.jpg 768w\" sizes=\"(max-width: 790px) 100vw, 790px\" \/> <img loading=\"lazy\" decoding=\"async\" class=\"aligncenter size-full wp-image-7243\" src=\"http:\/\/ygspower.com\/wp-content\/uploads\/2022\/05\/Online-type-UPS-5.jpg\" alt=\"\" width=\"790\" height=\"834\" srcset=\"https:\/\/ygspower.com\/wp-content\/uploads\/2022\/05\/Online-type-UPS-5.jpg 790w, https:\/\/ygspower.com\/wp-content\/uploads\/2022\/05\/Online-type-UPS-5-600x633.jpg 600w, https:\/\/ygspower.com\/wp-content\/uploads\/2022\/05\/Online-type-UPS-5-284x300.jpg 284w, https:\/\/ygspower.com\/wp-content\/uploads\/2022\/05\/Online-type-UPS-5-768x811.jpg 768w\" sizes=\"(max-width: 790px) 100vw, 790px\" \/> <img loading=\"lazy\" decoding=\"async\" class=\"aligncenter size-full wp-image-7244\" src=\"http:\/\/ygspower.com\/wp-content\/uploads\/2022\/05\/Online-type-UPS-6.jpg\" alt=\"\" width=\"790\" height=\"1288\" srcset=\"https:\/\/ygspower.com\/wp-content\/uploads\/2022\/05\/Online-type-UPS-6.jpg 790w, https:\/\/ygspower.com\/wp-content\/uploads\/2022\/05\/Online-type-UPS-6-600x978.jpg 600w, https:\/\/ygspower.com\/wp-content\/uploads\/2022\/05\/Online-type-UPS-6-184x300.jpg 184w, https:\/\/ygspower.com\/wp-content\/uploads\/2022\/05\/Online-type-UPS-6-628x1024.jpg 628w, https:\/\/ygspower.com\/wp-content\/uploads\/2022\/05\/Online-type-UPS-6-768x1252.jpg 768w\" sizes=\"(max-width: 790px) 100vw, 790px\" \/><\/p>\n<p><img loading=\"lazy\" decoding=\"async\" class=\"aligncenter size-full wp-image-6838\" src=\"http:\/\/ygspower.com\/wp-content\/uploads\/2022\/03\/ups-7.jpg\" alt=\"\" width=\"750\" height=\"790\" srcset=\"https:\/\/ygspower.com\/wp-content\/uploads\/2022\/03\/ups-7.jpg 750w, https:\/\/ygspower.com\/wp-content\/uploads\/2022\/03\/ups-7-600x632.jpg 600w, https:\/\/ygspower.com\/wp-content\/uploads\/2022\/03\/ups-7-285x300.jpg 285w\" sizes=\"(max-width: 750px) 100vw, 750px\" \/><\/p>\n<p><img loading=\"lazy\" decoding=\"async\" class=\"aligncenter size-full wp-image-7235\" src=\"http:\/\/ygspower.com\/wp-content\/uploads\/2022\/03\/ups-8-2.jpg\" alt=\"\" width=\"750\" height=\"1332\" srcset=\"https:\/\/ygspower.com\/wp-content\/uploads\/2022\/03\/ups-8-2.jpg 750w, https:\/\/ygspower.com\/wp-content\/uploads\/2022\/03\/ups-8-2-600x1066.jpg 600w, https:\/\/ygspower.com\/wp-content\/uploads\/2022\/03\/ups-8-2-169x300.jpg 169w, https:\/\/ygspower.com\/wp-content\/uploads\/2022\/03\/ups-8-2-577x1024.jpg 577w\" sizes=\"(max-width: 750px) 100vw, 750px\" \/><\/p>","protected":false},"excerpt":{"rendered":"<p>Modell: MBK1000<\/p>\n<p>Leistung: 1000VA<\/p>\n<p>Nennleistung: 600W<\/p>\n<p>Eingangsspannungsbereich: 140-290 VAC<\/p>\n<p>Batteriemodell und -anzahl: 12 V\/9 Ah * 1<\/p>\n<p>Anzeigemethode: LCD<\/p>\n<p>Software-Support: NEIN<\/p>\n<p>Gr\u00f6\u00dfe (TxBxH)mm: L400xB170xH230<\/p>\n<p>Gewicht (kg): 5,6<\/p>","protected":false},"featured_media":7354,"template":"","meta":{"_seopress_robots_primary_cat":"none","_seopress_titles_title":"Mylion China Manufacturer Single Phase online Ups Battery ML650VA 360W Simulated Sine Wave online Ups for computer","_seopress_titles_desc":"Mylion China Manufacturer Single Phase online Ups Battery ML650VA 360W Simulated Sine Wave online Ups for computer, mylion, china, manufacturer, Single Phase, Ups Battery, Simulated Sine Wave, computer","_seopress_robots_index":"","site-sidebar-layout":"default","site-content-layout":"default","ast-site-content-layout":"default","site-content-style":"default","site-sidebar-style":"default","ast-global-header-display":"","ast-banner-title-visibility":"","ast-main-header-display":"","ast-hfb-above-header-display":"","ast-hfb-below-header-display":"","ast-hfb-mobile-header-display":"","site-post-title":"","ast-breadcrumbs-content":"","ast-featured-img":"","footer-sml-layout":"","theme-transparent-header-meta":"","adv-header-id-meta":"","stick-header-meta":"","header-above-stick-meta":"","header-main-stick-meta":"","header-below-stick-meta":"","astra-migrate-meta-layouts":"default","ast-page-background-enabled":"default","ast-page-background-meta":{"desktop":{"background-color":"","background-image":"","background-repeat":"repeat","background-position":"center center","background-size":"auto","background-attachment":"scroll","background-type":"","background-media":"","overlay-type":"","overlay-color":"","overlay-opacity":"","overlay-gradient":""},"tablet":{"background-color":"","background-image":"","background-repeat":"repeat","background-position":"center center","background-size":"auto","background-attachment":"scroll","background-type":"","background-media":"","overlay-type":"","overlay-color":"","overlay-opacity":"","overlay-gradient":""},"mobile":{"background-color":"","background-image":"","background-repeat":"repeat","background-position":"center center","background-size":"auto","background-attachment":"scroll","background-type":"","background-media":"","overlay-type":"","overlay-color":"","overlay-opacity":"","overlay-gradient":""}},"ast-content-background-meta":{"desktop":{"background-color":"var(--ast-global-color-5)","background-image":"","background-repeat":"repeat","background-position":"center center","background-size":"auto","background-attachment":"scroll","background-type":"","background-media":"","overlay-type":"","overlay-color":"","overlay-opacity":"","overlay-gradient":""},"tablet":{"background-color":"var(--ast-global-color-5)","background-image":"","background-repeat":"repeat","background-position":"center center","background-size":"auto","background-attachment":"scroll","background-type":"","background-media":"","overlay-type":"","overlay-color":"","overlay-opacity":"","overlay-gradient":""},"mobile":{"background-color":"var(--ast-global-color-5)","background-image":"","background-repeat":"repeat","background-position":"center center","background-size":"auto","background-attachment":"scroll","background-type":"","background-media":"","overlay-type":"","overlay-color":"","overlay-opacity":"","overlay-gradient":""}}},"product_brand":[],"product_cat":[469],"product_tag":[703,704,697,476,495,494,496,74,498,471,161,497,698],"class_list":{"0":"post-7238","1":"product","2":"type-product","3":"status-publish","4":"has-post-thumbnail","6":"product_cat-ups","7":"product_tag-1000va-ups","8":"product_tag-1kw-ups","9":"product_tag-650va-ups","10":"product_tag-backup-ups","11":"product_tag-china","12":"product_tag-computer","13":"product_tag-manufacturer","14":"product_tag-mylion","15":"product_tag-simulated-sine-wave","16":"product_tag-single-phase","17":"product_tag-ups","18":"product_tag-ups-battery","19":"product_tag-ups-for-computer","20":"desktop-align-left","21":"tablet-align-left","22":"mobile-align-left","24":"first","25":"instock","26":"shipping-taxable","27":"product-type-simple"},"_links":{"self":[{"href":"https:\/\/ygspower.com\/de\/wp-json\/wp\/v2\/product\/7238","targetHints":{"allow":["GET"]}}],"collection":[{"href":"https:\/\/ygspower.com\/de\/wp-json\/wp\/v2\/product"}],"about":[{"href":"https:\/\/ygspower.com\/de\/wp-json\/wp\/v2\/types\/product"}],"version-history":[{"count":0,"href":"https:\/\/ygspower.com\/de\/wp-json\/wp\/v2\/product\/7238\/revisions"}],"wp:featuredmedia":[{"embeddable":true,"href":"https:\/\/ygspower.com\/de\/wp-json\/wp\/v2\/media\/7354"}],"wp:attachment":[{"href":"https:\/\/ygspower.com\/de\/wp-json\/wp\/v2\/media?parent=7238"}],"wp:term":[{"taxonomy":"product_brand","embeddable":true,"href":"https:\/\/ygspower.com\/de\/wp-json\/wp\/v2\/product_brand?post=7238"},{"taxonomy":"product_cat","embeddable":true,"href":"https:\/\/ygspower.com\/de\/wp-json\/wp\/v2\/product_cat?post=7238"},{"taxonomy":"product_tag","embeddable":true,"href":"https:\/\/ygspower.com\/de\/wp-json\/wp\/v2\/product_tag?post=7238"}],"curies":[{"name":"wp","href":"https:\/\/api.w.org\/{rel}","templated":true}]}}