{"id":740,"date":"2020-11-07T09:51:15","date_gmt":"2020-11-07T01:51:15","guid":{"rendered":"https:\/\/darksalmon-dugong-512221.hostingersite.com\/?post_type=product&#038;p=740"},"modified":"2022-10-25T17:04:22","modified_gmt":"2022-10-25T09:04:22","slug":"mini-dc-ups-battery-backup-mu1625","status":"publish","type":"product","link":"https:\/\/ygspower.com\/de\/produkt\/mini-dc-ups-battery-backup-mu1625\/","title":{"rendered":"Solarstrom-wasserdichtes Mini-DC-USV-Batterie-Backup MU1625S 148W 40000mAh Lithium-Batterie-Backup"},"content":{"rendered":"<div class=\"ast-oembed-container\" style=\"height: 100%;\"><iframe title=\"Mylion Solarstrom-wasserdichtes Mini-DC-USV-Batterie-Backup-Kit\" width=\"500\" height=\"281\" src=\"https:\/\/www.youtube.com\/embed\/qQ5vkAZZDVk?feature=oembed\" frameborder=\"0\" allow=\"accelerometer; autoplay; clipboard-write; encrypted-media; gyroscope; picture-in-picture; web-share\" referrerpolicy=\"strict-origin-when-cross-origin\" allowfullscreen><\/iframe><\/div>\n<p><img fetchpriority=\"high\" decoding=\"async\" class=\"aligncenter size-full wp-image-681\" src=\"http:\/\/ygspower.com\/wp-content\/uploads\/2020\/11\/220v2a-mini-dc-ups-details_01.jpg\" alt=\"\" width=\"750\" height=\"329\" srcset=\"https:\/\/ygspower.com\/wp-content\/uploads\/2020\/11\/220v2a-mini-dc-ups-details_01.jpg 750w, https:\/\/ygspower.com\/wp-content\/uploads\/2020\/11\/220v2a-mini-dc-ups-details_01-600x263.jpg 600w, https:\/\/ygspower.com\/wp-content\/uploads\/2020\/11\/220v2a-mini-dc-ups-details_01-300x132.jpg 300w\" sizes=\"(max-width: 750px) 100vw, 750px\" \/> <img decoding=\"async\" class=\"aligncenter size-full wp-image-682\" src=\"http:\/\/ygspower.com\/wp-content\/uploads\/2020\/11\/220v2a-mini-dc-ups-details_02.jpg\" alt=\"\" width=\"750\" height=\"830\" srcset=\"https:\/\/ygspower.com\/wp-content\/uploads\/2020\/11\/220v2a-mini-dc-ups-details_02.jpg 750w, https:\/\/ygspower.com\/wp-content\/uploads\/2020\/11\/220v2a-mini-dc-ups-details_02-600x664.jpg 600w, https:\/\/ygspower.com\/wp-content\/uploads\/2020\/11\/220v2a-mini-dc-ups-details_02-271x300.jpg 271w\" sizes=\"(max-width: 750px) 100vw, 750px\" \/> <img decoding=\"async\" class=\"aligncenter size-full wp-image-683\" src=\"http:\/\/ygspower.com\/wp-content\/uploads\/2020\/11\/220v2a-mini-dc-ups-details_03.jpg\" alt=\"\" width=\"750\" height=\"1261\" srcset=\"https:\/\/ygspower.com\/wp-content\/uploads\/2020\/11\/220v2a-mini-dc-ups-details_03.jpg 750w, https:\/\/ygspower.com\/wp-content\/uploads\/2020\/11\/220v2a-mini-dc-ups-details_03-600x1009.jpg 600w, https:\/\/ygspower.com\/wp-content\/uploads\/2020\/11\/220v2a-mini-dc-ups-details_03-178x300.jpg 178w, https:\/\/ygspower.com\/wp-content\/uploads\/2020\/11\/220v2a-mini-dc-ups-details_03-609x1024.jpg 609w\" sizes=\"(max-width: 750px) 100vw, 750px\" \/> <img loading=\"lazy\" decoding=\"async\" class=\"aligncenter size-full wp-image-684\" src=\"http:\/\/ygspower.com\/wp-content\/uploads\/2020\/11\/220v2a-mini-dc-ups-details_04.jpg\" alt=\"\" width=\"750\" height=\"1682\" srcset=\"https:\/\/ygspower.com\/wp-content\/uploads\/2020\/11\/220v2a-mini-dc-ups-details_04.jpg 750w, https:\/\/ygspower.com\/wp-content\/uploads\/2020\/11\/220v2a-mini-dc-ups-details_04-600x1346.jpg 600w, https:\/\/ygspower.com\/wp-content\/uploads\/2020\/11\/220v2a-mini-dc-ups-details_04-134x300.jpg 134w, https:\/\/ygspower.com\/wp-content\/uploads\/2020\/11\/220v2a-mini-dc-ups-details_04-457x1024.jpg 457w, https:\/\/ygspower.com\/wp-content\/uploads\/2020\/11\/220v2a-mini-dc-ups-details_04-685x1536.jpg 685w\" sizes=\"(max-width: 750px) 100vw, 750px\" \/> <img loading=\"lazy\" decoding=\"async\" class=\"aligncenter size-full wp-image-685\" src=\"http:\/\/ygspower.com\/wp-content\/uploads\/2020\/11\/220v2a-mini-dc-ups-details_05.jpg\" alt=\"\" width=\"750\" height=\"1957\" srcset=\"https:\/\/ygspower.com\/wp-content\/uploads\/2020\/11\/220v2a-mini-dc-ups-details_05.jpg 750w, https:\/\/ygspower.com\/wp-content\/uploads\/2020\/11\/220v2a-mini-dc-ups-details_05-600x1566.jpg 600w, https:\/\/ygspower.com\/wp-content\/uploads\/2020\/11\/220v2a-mini-dc-ups-details_05-115x300.jpg 115w, https:\/\/ygspower.com\/wp-content\/uploads\/2020\/11\/220v2a-mini-dc-ups-details_05-392x1024.jpg 392w, https:\/\/ygspower.com\/wp-content\/uploads\/2020\/11\/220v2a-mini-dc-ups-details_05-589x1536.jpg 589w\" sizes=\"(max-width: 750px) 100vw, 750px\" \/> <img loading=\"lazy\" decoding=\"async\" class=\"aligncenter size-full wp-image-686\" src=\"http:\/\/ygspower.com\/wp-content\/uploads\/2020\/11\/220v2a-mini-dc-ups-details_06.jpg\" alt=\"\" width=\"750\" height=\"1142\" srcset=\"https:\/\/ygspower.com\/wp-content\/uploads\/2020\/11\/220v2a-mini-dc-ups-details_06.jpg 750w, https:\/\/ygspower.com\/wp-content\/uploads\/2020\/11\/220v2a-mini-dc-ups-details_06-600x914.jpg 600w, https:\/\/ygspower.com\/wp-content\/uploads\/2020\/11\/220v2a-mini-dc-ups-details_06-197x300.jpg 197w, https:\/\/ygspower.com\/wp-content\/uploads\/2020\/11\/220v2a-mini-dc-ups-details_06-673x1024.jpg 673w\" sizes=\"(max-width: 750px) 100vw, 750px\" \/> <img loading=\"lazy\" decoding=\"async\" class=\"aligncenter size-full wp-image-687\" src=\"http:\/\/ygspower.com\/wp-content\/uploads\/2020\/11\/220v2a-mini-dc-ups-details_07.jpg\" alt=\"\" width=\"750\" height=\"1000\" srcset=\"https:\/\/ygspower.com\/wp-content\/uploads\/2020\/11\/220v2a-mini-dc-ups-details_07.jpg 750w, https:\/\/ygspower.com\/wp-content\/uploads\/2020\/11\/220v2a-mini-dc-ups-details_07-600x800.jpg 600w, https:\/\/ygspower.com\/wp-content\/uploads\/2020\/11\/220v2a-mini-dc-ups-details_07-225x300.jpg 225w\" sizes=\"(max-width: 750px) 100vw, 750px\" \/> <img loading=\"lazy\" decoding=\"async\" class=\"aligncenter size-full wp-image-688\" src=\"http:\/\/ygspower.com\/wp-content\/uploads\/2020\/11\/220v2a-mini-dc-ups-details_08.jpg\" alt=\"\" width=\"750\" height=\"1225\" srcset=\"https:\/\/ygspower.com\/wp-content\/uploads\/2020\/11\/220v2a-mini-dc-ups-details_08.jpg 750w, https:\/\/ygspower.com\/wp-content\/uploads\/2020\/11\/220v2a-mini-dc-ups-details_08-600x980.jpg 600w, https:\/\/ygspower.com\/wp-content\/uploads\/2020\/11\/220v2a-mini-dc-ups-details_08-184x300.jpg 184w, https:\/\/ygspower.com\/wp-content\/uploads\/2020\/11\/220v2a-mini-dc-ups-details_08-627x1024.jpg 627w\" sizes=\"(max-width: 750px) 100vw, 750px\" \/> <img loading=\"lazy\" decoding=\"async\" class=\"aligncenter size-full wp-image-689\" src=\"http:\/\/ygspower.com\/wp-content\/uploads\/2020\/11\/220v2a-mini-dc-ups-details_09.jpg\" alt=\"\" width=\"750\" height=\"708\" srcset=\"https:\/\/ygspower.com\/wp-content\/uploads\/2020\/11\/220v2a-mini-dc-ups-details_09.jpg 750w, https:\/\/ygspower.com\/wp-content\/uploads\/2020\/11\/220v2a-mini-dc-ups-details_09-600x566.jpg 600w, https:\/\/ygspower.com\/wp-content\/uploads\/2020\/11\/220v2a-mini-dc-ups-details_09-300x283.jpg 300w\" sizes=\"(max-width: 750px) 100vw, 750px\" \/><\/p>\n<table width=\"805\">\n<tbody>\n<tr>\n<td colspan=\"2\" width=\"805\">Alle der folgenden Informationen sind korrekt und ECHT.<\/td>\n<\/tr>\n<tr>\n<td>Stilname<\/td>\n<td>MU1625S Solarstrom-USV<\/td>\n<\/tr>\n<tr>\n<td>Produktname<\/td>\n<td width=\"553\">Solarbetriebene Mini-USV f\u00fcr ADSL-Router, WiFi-Router, CCTV\/Sicherheitskamera f\u00fcr den Au\u00dfenbereich, Stra\u00dfenlaterne, Solarlampe usw.<\/td>\n<\/tr>\n<tr>\n<td>Ausgangsspannung<\/td>\n<td>12V<\/td>\n<\/tr>\n<tr>\n<td>Ausgangsstrom<\/td>\n<td>2A<\/td>\n<\/tr>\n<tr>\n<td>Ausgangsleistung<\/td>\n<td>148 Wh\/40000 mAh<\/td>\n<\/tr>\n<tr>\n<td>Eingangsspannung<\/td>\n<td>15 V \u2013 24 V \u00fcber Solarpanel oder benutzerdefinierte Eingangsspannung<\/td>\n<\/tr>\n<tr>\n<td>Eingangsstrom<\/td>\n<td>Max. 2A<\/td>\n<\/tr>\n<tr>\n<td rowspan=\"2\">Arbeitszeit<\/td>\n<td>Ausgang 12 V 0,5 A (6 W): ca. 25 Stunden<\/td>\n<\/tr>\n<tr>\n<td>Ausgang 12 V 1 A (12 W): ca. 13 Stunden<\/td>\n<\/tr>\n<tr>\n<td>Ladeanschluss (IN)<\/td>\n<td>DC.5.5\u00d72.1 wasserdicht<\/td>\n<\/tr>\n<tr>\n<td>Auslass\u00f6ffnung (OUT)<\/td>\n<td>DC.5.5\u00d72.5 wasserdicht<\/td>\n<\/tr>\n<tr>\n<td>Geh\u00e4usematerial<\/td>\n<td>Wasserdichtes ABS<\/td>\n<\/tr>\n<tr>\n<td>Schalten<\/td>\n<td>Wasserdicht<\/td>\n<\/tr>\n<tr>\n<td>LED-Anzeige<\/td>\n<td>Arbeiten&amp;Laden<\/td>\n<\/tr>\n<tr>\n<td>Geh\u00e4usefarbe<\/td>\n<td>Grau<\/td>\n<\/tr>\n<tr>\n<td>Geh\u00e4useabmessungen<\/td>\n<td>L200xB120xH75mm<\/td>\n<\/tr>\n<tr>\n<td>Gewicht<\/td>\n<td>Schweinefleisch-Schinken ca. 1200g<\/td>\n<\/tr>\n<tr>\n<td>Batteriezellenmarke<\/td>\n<td>Chinesische Markenzelle<\/td>\n<\/tr>\n<tr>\n<td>Batteriezellenzertifizierung<\/td>\n<td>CB, UN38.3, BIS, KC, MSDS, ROHS, CQC, EMC<\/td>\n<\/tr>\n<tr>\n<td>Batterieschutz<\/td>\n<td width=\"553\">Temperaturschutz, \u00dcberladung und Entladung, \u00dcberstrom, Kurzschluss<\/td>\n<\/tr>\n<tr>\n<td>Lebensdauer<\/td>\n<td>Standard-Lade- und Entladekapazit\u00e4t \u226580% C5mAh, Zyklenlebensdauer \u2265600<\/td>\n<\/tr>\n<tr>\n<td>Anwendung<\/td>\n<td>LED-Licht \/ LED-Streifen \/ \u00dcberwachungskamera \/ IP, WLAN, Router<\/td>\n<\/tr>\n<tr>\n<td>Paket<\/td>\n<td>7 St\u00fcck im Karton (L46 x B31 x H32 cm), ca. 9,5 kg\/Karton<\/td>\n<\/tr>\n<tr>\n<td>Garantie<\/td>\n<td>12 Monate<\/td>\n<\/tr>\n<\/tbody>\n<\/table>","protected":false},"excerpt":{"rendered":"<p>Mylion MU1625S 15 \u2013 24 V Solarstrom-Mini-USV, Eingang 12 V, konstant 2 A Ausgang, Mini-DC-USV f\u00fcr LED-Stra\u00dfenlaterne, Sicherheits-\/CCTV-\/IP-Kamera, T\u00fcrzugang, ADSL-Modem, WiFi-Router, drahtloser AP-Verkaufsautomat, Fingerabdruck usw.<\/p>\n<ul>\n<li>Produktname: MU1625S 148Wh 15-24V Solarstrom IN 12V 2A OUT MINI DC USV<\/li>\n<li>Anwendung: LED-Licht\/Sicherheit\/IP\/CCTV-Kamera\/WLAN\/Router\/Medizinisches CPAP<\/li>\n<li>Funktion: Bietet eine unterbrechungsfreie Stromversorgung f\u00fcr elektronische Ger\u00e4te.<\/li>\n<li>Anschluss: DC5.5\u00d72.1 und AC-Stecker<\/li>\n<li>Eigenschaften: Solarenergie, wasserdicht<\/li>\n<li>Batterietyp: Lithium-Ionen-Batterie<\/li>\n<li>Schutz: Temperatur, \u00dcberladung und Entladung, \u00dcberstrom, Kurzschluss<\/li>\n<\/ul>","protected":false},"featured_media":7405,"template":"","meta":{"_seopress_robots_primary_cat":"none","_seopress_titles_title":"Solar Power Waterproof Mini DC UPS Battery Backup MU1625S","_seopress_titles_desc":"Solar Power Waterproof Mini DC UPS Battery Backup MU1625S","_seopress_robots_index":"","site-sidebar-layout":"default","site-content-layout":"default","ast-site-content-layout":"default","site-content-style":"default","site-sidebar-style":"default","ast-global-header-display":"","ast-banner-title-visibility":"","ast-main-header-display":"","ast-hfb-above-header-display":"","ast-hfb-below-header-display":"","ast-hfb-mobile-header-display":"","site-post-title":"","ast-breadcrumbs-content":"","ast-featured-img":"","footer-sml-layout":"","theme-transparent-header-meta":"default","adv-header-id-meta":"","stick-header-meta":"","header-above-stick-meta":"","header-main-stick-meta":"","header-below-stick-meta":"","astra-migrate-meta-layouts":"default","ast-page-background-enabled":"default","ast-page-background-meta":{"desktop":{"background-color":"","background-image":"","background-repeat":"repeat","background-position":"center center","background-size":"auto","background-attachment":"scroll","background-type":"","background-media":"","overlay-type":"","overlay-color":"","overlay-opacity":"","overlay-gradient":""},"tablet":{"background-color":"","background-image":"","background-repeat":"repeat","background-position":"center center","background-size":"auto","background-attachment":"scroll","background-type":"","background-media":"","overlay-type":"","overlay-color":"","overlay-opacity":"","overlay-gradient":""},"mobile":{"background-color":"","background-image":"","background-repeat":"repeat","background-position":"center center","background-size":"auto","background-attachment":"scroll","background-type":"","background-media":"","overlay-type":"","overlay-color":"","overlay-opacity":"","overlay-gradient":""}},"ast-content-background-meta":{"desktop":{"background-color":"var(--ast-global-color-5)","background-image":"","background-repeat":"repeat","background-position":"center center","background-size":"auto","background-attachment":"scroll","background-type":"","background-media":"","overlay-type":"","overlay-color":"","overlay-opacity":"","overlay-gradient":""},"tablet":{"background-color":"var(--ast-global-color-5)","background-image":"","background-repeat":"repeat","background-position":"center center","background-size":"auto","background-attachment":"scroll","background-type":"","background-media":"","overlay-type":"","overlay-color":"","overlay-opacity":"","overlay-gradient":""},"mobile":{"background-color":"var(--ast-global-color-5)","background-image":"","background-repeat":"repeat","background-position":"center center","background-size":"auto","background-attachment":"scroll","background-type":"","background-media":"","overlay-type":"","overlay-color":"","overlay-opacity":"","overlay-gradient":""}}},"product_brand":[],"product_cat":[3],"product_tag":[708,709,52,706,705,707],"class_list":{"0":"post-740","1":"product","2":"type-product","3":"status-publish","4":"has-post-thumbnail","6":"product_cat-mini-dc-ups","7":"product_tag-148w-dc-ups","8":"product_tag-40000mah-dc-ups","9":"product_tag-dc-ups","10":"product_tag-solar-dc-ups","11":"product_tag-solar-ups","12":"product_tag-waterproof-ups","13":"desktop-align-left","14":"tablet-align-left","15":"mobile-align-left","17":"first","18":"instock","19":"shipping-taxable","20":"product-type-simple"},"_links":{"self":[{"href":"https:\/\/ygspower.com\/de\/wp-json\/wp\/v2\/product\/740","targetHints":{"allow":["GET"]}}],"collection":[{"href":"https:\/\/ygspower.com\/de\/wp-json\/wp\/v2\/product"}],"about":[{"href":"https:\/\/ygspower.com\/de\/wp-json\/wp\/v2\/types\/product"}],"version-history":[{"count":0,"href":"https:\/\/ygspower.com\/de\/wp-json\/wp\/v2\/product\/740\/revisions"}],"wp:featuredmedia":[{"embeddable":true,"href":"https:\/\/ygspower.com\/de\/wp-json\/wp\/v2\/media\/7405"}],"wp:attachment":[{"href":"https:\/\/ygspower.com\/de\/wp-json\/wp\/v2\/media?parent=740"}],"wp:term":[{"taxonomy":"product_brand","embeddable":true,"href":"https:\/\/ygspower.com\/de\/wp-json\/wp\/v2\/product_brand?post=740"},{"taxonomy":"product_cat","embeddable":true,"href":"https:\/\/ygspower.com\/de\/wp-json\/wp\/v2\/product_cat?post=740"},{"taxonomy":"product_tag","embeddable":true,"href":"https:\/\/ygspower.com\/de\/wp-json\/wp\/v2\/product_tag?post=740"}],"curies":[{"name":"wp","href":"https:\/\/api.w.org\/{rel}","templated":true}]}}