{"id":10550,"date":"2025-01-15T13:28:30","date_gmt":"2025-01-15T05:28:30","guid":{"rendered":"https:\/\/darksalmon-dugong-512221.hostingersite.com\/?post_type=product&#038;p=10550"},"modified":"2025-06-04T13:07:17","modified_gmt":"2025-06-04T05:07:17","slug":"mylion-muc66-mini-ups-type-c-pd-65w-in-out-lithium-battery-pack-backup-uninterruptible-power-supply-for-wifi-router","status":"publish","type":"product","link":"https:\/\/ygspower.com\/es\/producto\/mylion-muc66-mini-ups-type-c-pd-65w-in-out-lithium-battery-pack-backup-uninterruptible-power-supply-for-wifi-router\/","title":{"rendered":"Mini UPS Mylion MUC66 tipo C PD de 65 W con bater\u00eda de litio de entrada\/salida, sistema de alimentaci\u00f3n ininterrumpida para enrutador wifi"},"content":{"rendered":"<table style=\"height: 1328px;\" width=\"1334\">\n<tbody>\n<tr>\n<td width=\"517\">\n<h5>Nombre del estilo<\/h5>\n<\/td>\n<td width=\"1645\">\n<h5>MUC66<\/h5>\n<\/td>\n<\/tr>\n<tr>\n<td>\n<h5>Tipo de bater\u00eda<\/h5>\n<\/td>\n<td>\n<h5>Bater\u00eda de litio<\/h5>\n<\/td>\n<\/tr>\n<tr>\n<td>\n<h5>Voltaje de salida\u00a4t<\/h5>\n<\/td>\n<td>\n<h5>20 V 3,25 A 65 W<\/h5>\n<\/td>\n<\/tr>\n<tr>\n<td>\n<h5>Capacidad de la bater\u00eda<\/h5>\n<\/td>\n<td>\n<h5>56,16 Wh<\/h5>\n<\/td>\n<\/tr>\n<tr>\n<td>\n<h5>Voltaje de entrada\u00a4t<\/h5>\n<\/td>\n<td>\n<h5>5V3A\/9V3A\/12V3A\/15V3A\/20V3.25A<\/h5>\n<\/td>\n<\/tr>\n<tr>\n<td>\n<h5>Tiempo de carga completa de la bater\u00eda<\/h5>\n<\/td>\n<td>\n<h5>Aproximadamente 2-3 horas con adaptador tipo C PD 36W<\/h5>\n<\/td>\n<\/tr>\n<tr>\n<td rowspan=\"2\">\n<h5>Tiempo de trabajo<\/h5>\n<\/td>\n<td>\n<h5>5-6 horas de autonom\u00eda para dispositivo 12V1A<\/h5>\n<\/td>\n<\/tr>\n<tr>\n<td>\n<h5>3-4 horas de autonom\u00eda para dispositivo 12V2A<\/h5>\n<\/td>\n<\/tr>\n<tr>\n<td>\n<h5>Puerto de carga (IN)<\/h5>\n<\/td>\n<td>\n<h5>Tipo C PD -65W Bidireccional<\/h5>\n<\/td>\n<\/tr>\n<tr>\n<td>\n<h5>Puerto de descarga (OUT)1<\/h5>\n<\/td>\n<td>\n<h5>Tipo C PD -65W Bidireccional<\/h5>\n<\/td>\n<\/tr>\n<tr>\n<td>\n<h5>Puerto de descarga (OUT)2<\/h5>\n<\/td>\n<td>\n<h5>PD tipo C -30 W unidireccional<\/h5>\n<\/td>\n<\/tr>\n<tr>\n<td>\n<h5>Pantalla LCD<\/h5>\n<\/td>\n<td>\n<h5>Pantalla LCD que muestra el estado de la bater\u00eda<\/h5>\n<\/td>\n<\/tr>\n<tr>\n<td>\n<h5>Cambiar<\/h5>\n<\/td>\n<td>\n<h5>Coloque el interruptor en ON antes de usarlo<\/h5>\n<\/td>\n<\/tr>\n<tr>\n<td>\n<h5>Material de la caja<\/h5>\n<\/td>\n<td>\n<h5>Pl\u00e1stico ABS antiincendios<\/h5>\n<\/td>\n<\/tr>\n<tr>\n<td>\n<h5>Color de la caja<\/h5>\n<\/td>\n<td>\n<h5>Blanco<\/h5>\n<\/td>\n<\/tr>\n<tr>\n<td>\n<h5>Material de la caja<\/h5>\n<\/td>\n<td>\n<h5>ABS antiincendios<\/h5>\n<\/td>\n<\/tr>\n<tr>\n<td>\n<h5>Dimensiones de la caja<\/h5>\n<\/td>\n<td>\n<h5>Largo 155 x Ancho 87 x Alto 47,5 mm<\/h5>\n<\/td>\n<\/tr>\n<tr>\n<td>\n<h5>Peso<\/h5>\n<\/td>\n<td>\n<h5>660 gramos<\/h5>\n<\/td>\n<\/tr>\n<tr>\n<td rowspan=\"3\">\n<h5>Caracter\u00edstica<\/h5>\n<\/td>\n<td>\n<h5>Control inteligente de IC, carga, descarga y temperatura.<\/h5>\n<\/td>\n<\/tr>\n<tr>\n<td>\n<h5>Entrada y salida m\u00e1ximas de 65 W tipo C PD<\/h5>\n<\/td>\n<\/tr>\n<tr>\n<td>\n<h5>2 salidas PD tipo C que pueden proporcionar diferentes voltajes y corrientes.<\/h5>\n<\/td>\n<\/tr>\n<tr>\n<td>\n<h5>Solicitud<\/h5>\n<\/td>\n<td width=\"1645\">\n<h5>Enrutador\/CPE\/ONT\/ONU\/HUB\/Tel\u00e9fono VoIP\/C\u00e1mara IP\/Sistema de seguridad\/Acceso a puerta<\/h5>\n<\/td>\n<\/tr>\n<tr>\n<td>\n<h5>Dimensiones de la caja de regalo<\/h5>\n<\/td>\n<td width=\"1645\">\n<h5>Largo 160 x Ancho 95 x Profundidad 55 mm<\/h5>\n<\/td>\n<\/tr>\n<tr>\n<td>\n<h5>Proceso de dar un t\u00edtulo<\/h5>\n<\/td>\n<td width=\"1645\">\n<h5>Certificaci\u00f3n CE, IEC62368, ROHS, LVD, FCC, REACH, UN38.3<\/h5>\n<\/td>\n<\/tr>\n<tr>\n<td>\n<h5>Adaptador de CA opcional<\/h5>\n<\/td>\n<td width=\"1645\">\n<h5>El adaptador de CA compatible de 12 V 6 A es opcional. Si lo necesita, comun\u00edquese con el vendedor de Mylion.<\/h5>\n<\/td>\n<\/tr>\n<tr>\n<td>\n<h5>Paquete<\/h5>\n<\/td>\n<td>\n<h5>12 piezas en una caja (35 x 21 x 30 cm), aproximadamente 8,5 kg\/caja<\/h5>\n<\/td>\n<\/tr>\n<\/tbody>\n<\/table>\n<p><img fetchpriority=\"high\" decoding=\"async\" class=\"alignleft wp-image-10530\" src=\"http:\/\/ygspower.com\/wp-content\/uploads\/2025\/01\/1.jpg\" alt=\"\" width=\"630\" height=\"378\" srcset=\"https:\/\/ygspower.com\/wp-content\/uploads\/2025\/01\/1.jpg 1000w, https:\/\/ygspower.com\/wp-content\/uploads\/2025\/01\/1-300x180.jpg 300w, https:\/\/ygspower.com\/wp-content\/uploads\/2025\/01\/1-768x461.jpg 768w, https:\/\/ygspower.com\/wp-content\/uploads\/2025\/01\/1-18x12.jpg 18w, https:\/\/ygspower.com\/wp-content\/uploads\/2025\/01\/1-600x360.jpg 600w\" sizes=\"(max-width: 630px) 100vw, 630px\" \/><\/p>\n<p><strong>Ventajas de la entrada y salida del mini SAI MUC66 tipo C<\/strong><\/p>\n<p>El mini SAI MUC66 cuenta con entrada y salida PD tipo C avanzadas, lo que proporciona una comodidad y eficiencia incomparables. La compatibilidad con m\u00faltiples niveles de voltaje (5 V, 9 V, 12 V, 15 V, 20 V) y un puerto PD tipo C de 65 W garantizan una carga r\u00e1pida y eficiente para una variedad de dispositivos, como enrutadores, computadoras port\u00e1tiles y tel\u00e9fonos inteligentes.<\/p>\n<p>El flujo de energ\u00eda bidireccional permite que el puerto Tipo-C se use como entrada y salida, lo que simplifica la gesti\u00f3n de cables y reduce la necesidad de adaptadores adicionales. Adem\u00e1s, el dise\u00f1o compacto y reversible de la interfaz Tipo-C garantiza una conexi\u00f3n sencilla.<\/p>\n<p>El MUC66 tambi\u00e9n admite salida para m\u00faltiples dispositivos con su puerto adicional de 30 W, perfecto para usuarios con m\u00faltiples dispositivos cr\u00edticos. En resumen, la tecnolog\u00eda Type-C del MUC66 mejora la velocidad, la versatilidad y la comodidad del usuario, lo que lo convierte en una importante soluci\u00f3n de energ\u00eda de respaldo para dispositivos modernos.<\/p>\n<p>&nbsp;<\/p>\n<p><img decoding=\"async\" class=\"wp-image-10531 alignright\" src=\"http:\/\/ygspower.com\/wp-content\/uploads\/2025\/01\/2.jpg\" alt=\"\" width=\"634\" height=\"381\" srcset=\"https:\/\/ygspower.com\/wp-content\/uploads\/2025\/01\/2.jpg 1000w, https:\/\/ygspower.com\/wp-content\/uploads\/2025\/01\/2-300x180.jpg 300w, https:\/\/ygspower.com\/wp-content\/uploads\/2025\/01\/2-768x461.jpg 768w, https:\/\/ygspower.com\/wp-content\/uploads\/2025\/01\/2-18x12.jpg 18w, https:\/\/ygspower.com\/wp-content\/uploads\/2025\/01\/2-600x360.jpg 600w\" sizes=\"(max-width: 634px) 100vw, 634px\" \/><\/p>\n<p><strong>Ventajas de la protecci\u00f3n inteligente del chip del mini SAI MUC66<\/strong><\/p>\n<p>El mini SAI MUC66 utiliza un chip de protecci\u00f3n inteligente avanzado para garantizar la seguridad y la eficiencia de los dispositivos conectados y las bater\u00edas internas. El chip IC inteligente integrado proporciona protecci\u00f3n integral, que incluye protecci\u00f3n contra sobrecarga, sobredescarga, sobrecarga, cortocircuito y temperatura, lo que extiende la vida \u00fatil de la bater\u00eda y evita posibles da\u00f1os al equipo.<br \/>\nEl sistema de gesti\u00f3n inteligente garantiza una salida de corriente y voltaje estable, lo que protege los dispositivos electr\u00f3nicos sensibles, como enrutadores, c\u00e1maras IP y tel\u00e9fonos VoIP, contra sobretensiones y fluctuaciones. El chip inteligente tambi\u00e9n optimiza la eficiencia energ\u00e9tica y mejora el rendimiento de carga y descarga para un funcionamiento sin problemas durante cortes de energ\u00eda.<\/p>\n<p>&nbsp;<\/p>\n<p><img decoding=\"async\" class=\"wp-image-10563 alignleft\" src=\"http:\/\/ygspower.com\/wp-content\/uploads\/2025\/01\/4.jpg\" alt=\"\" width=\"675\" height=\"405\" srcset=\"https:\/\/ygspower.com\/wp-content\/uploads\/2025\/01\/4.jpg 1000w, https:\/\/ygspower.com\/wp-content\/uploads\/2025\/01\/4-300x180.jpg 300w, https:\/\/ygspower.com\/wp-content\/uploads\/2025\/01\/4-768x461.jpg 768w, https:\/\/ygspower.com\/wp-content\/uploads\/2025\/01\/4-18x12.jpg 18w, https:\/\/ygspower.com\/wp-content\/uploads\/2025\/01\/4-600x360.jpg 600w\" sizes=\"(max-width: 675px) 100vw, 675px\" \/><\/p>\n<p><strong>M\u00faltiples ventajas de certificaci\u00f3n del mini SAI MUC66<\/strong><\/p>\n<p>El mini SAI MUC66 cuenta con m\u00faltiples certificaciones internacionales, entre ellas CE, ROHS, FCC, LVD, REACH y UN38.3, que garantizan su seguridad, calidad y cumplimiento de las normas mundiales. Estas certificaciones demuestran que el producto cumple con estrictas normas de seguridad electr\u00f3nica, protecci\u00f3n medioambiental y rendimiento fiable. Con la certificaci\u00f3n UN38.3, el MUC66 garantiza el transporte seguro de bater\u00edas de litio, mientras que las certificaciones CE y FCC confirman que cumple con los requisitos b\u00e1sicos de seguridad y compatibilidad electromagn\u00e9tica. La certificaci\u00f3n ROHS destaca su dise\u00f1o respetuoso con el medio ambiente y garantiza la ausencia de sustancias nocivas, mientras que la certificaci\u00f3n REACH demuestra el cumplimiento de las normas de seguridad qu\u00edmica. Estas certificaciones proporcionan tranquilidad a los usuarios y permiten al MUC66 satisfacer las necesidades de diferentes mercados de todo el mundo.<\/p>\n<p>&nbsp;<\/p>\n<p><img loading=\"lazy\" decoding=\"async\" class=\"wp-image-10532 alignright\" src=\"http:\/\/ygspower.com\/wp-content\/uploads\/2025\/01\/3-2.jpg\" alt=\"\" width=\"627\" height=\"376\" srcset=\"https:\/\/ygspower.com\/wp-content\/uploads\/2025\/01\/3-2.jpg 1000w, https:\/\/ygspower.com\/wp-content\/uploads\/2025\/01\/3-2-300x180.jpg 300w, https:\/\/ygspower.com\/wp-content\/uploads\/2025\/01\/3-2-768x461.jpg 768w, https:\/\/ygspower.com\/wp-content\/uploads\/2025\/01\/3-2-18x12.jpg 18w, https:\/\/ygspower.com\/wp-content\/uploads\/2025\/01\/3-2-600x360.jpg 600w\" sizes=\"(max-width: 627px) 100vw, 627px\" \/><\/p>\n<p><strong>Escenarios de aplicaci\u00f3n del mini SAI MUC66<\/strong><\/p>\n<p>Dise\u00f1ado para m\u00faltiples aplicaciones, el mini SAI MUC66 proporciona respaldo de energ\u00eda ininterrumpida para una amplia gama de dispositivos. Su entrada\/salida PD tipo C y su compatibilidad con m\u00faltiples voltajes lo convierten en una soluci\u00f3n ideal para enrutadores, CPE, ONT, tel\u00e9fonos VoIP, c\u00e1maras IP y sistemas de seguridad, lo que garantiza un funcionamiento sin interrupciones durante cortes de energ\u00eda.<\/p>\n<p>En los hogares inteligentes, el MUC66 alimenta los enrutadores Wi-Fi para una conectividad a Internet ininterrumpida y es compatible con dispositivos inteligentes como los sistemas de acceso biom\u00e9trico. En las oficinas, mantiene los tel\u00e9fonos VoIP, los concentradores y los sistemas de control de acceso funcionando de manera estable, lo que mejora la eficiencia y la seguridad del trabajo.<\/p>\n<p>Su dise\u00f1o liviano y compacto lo hace adecuado para aplicaciones port\u00e1tiles, mientras que su protecci\u00f3n IC inteligente garantiza un rendimiento seguro y confiable.<\/p>","protected":false},"excerpt":{"rendered":"<p>Nombre del estilo MUC66 Tipo de bater\u00eda Bater\u00eda de litio Voltaje de salida\u00a4t 20V3.25A 65W Capacidad de la bater\u00eda 56.16Wh Voltaje de entrada\u00a4t 5V3A\/9V3A\/12V3A\/15V3A\/20V3.25A Tiempo de carga completa de la bater\u00eda Aproximadamente 2-3 horas con adaptador con tipo C PD 36W Tiempo de funcionamiento 5-6 horas de tiempo de respaldo para dispositivo 12V1A 3-4 horas de tiempo de respaldo para dispositivo 12V2A Puerto de carga (IN) Tipo C PD -65W Bidireccional Puerto de descarga (OUT)1 [\u2026]<\/p>","protected":false},"featured_media":10565,"template":"","meta":{"_seopress_robots_primary_cat":"none","_seopress_titles_title":"Mylion MUC66 20V 3.25A Mini UPS Type C 65W IN\/OUT Mini UPS","_seopress_titles_desc":"The solution for power outages at home and office, Type C IN\/OUT MUC66 Mini UPS. Keep your network connected, multiple output ports support multi-device output.","_seopress_robots_index":"","site-sidebar-layout":"default","site-content-layout":"","ast-site-content-layout":"default","site-content-style":"default","site-sidebar-style":"default","ast-global-header-display":"","ast-banner-title-visibility":"","ast-main-header-display":"","ast-hfb-above-header-display":"","ast-hfb-below-header-display":"","ast-hfb-mobile-header-display":"","site-post-title":"","ast-breadcrumbs-content":"","ast-featured-img":"","footer-sml-layout":"","theme-transparent-header-meta":"default","adv-header-id-meta":"","stick-header-meta":"","header-above-stick-meta":"","header-main-stick-meta":"","header-below-stick-meta":"","astra-migrate-meta-layouts":"set","ast-page-background-enabled":"default","ast-page-background-meta":{"desktop":{"background-color":"","background-image":"","background-repeat":"repeat","background-position":"center center","background-size":"auto","background-attachment":"scroll","background-type":"","background-media":"","overlay-type":"","overlay-color":"","overlay-opacity":"","overlay-gradient":""},"tablet":{"background-color":"","background-image":"","background-repeat":"repeat","background-position":"center center","background-size":"auto","background-attachment":"scroll","background-type":"","background-media":"","overlay-type":"","overlay-color":"","overlay-opacity":"","overlay-gradient":""},"mobile":{"background-color":"","background-image":"","background-repeat":"repeat","background-position":"center center","background-size":"auto","background-attachment":"scroll","background-type":"","background-media":"","overlay-type":"","overlay-color":"","overlay-opacity":"","overlay-gradient":""}},"ast-content-background-meta":{"desktop":{"background-color":"var(--ast-global-color-5)","background-image":"","background-repeat":"repeat","background-position":"center center","background-size":"auto","background-attachment":"scroll","background-type":"","background-media":"","overlay-type":"","overlay-color":"","overlay-opacity":"","overlay-gradient":""},"tablet":{"background-color":"var(--ast-global-color-5)","background-image":"","background-repeat":"repeat","background-position":"center center","background-size":"auto","background-attachment":"scroll","background-type":"","background-media":"","overlay-type":"","overlay-color":"","overlay-opacity":"","overlay-gradient":""},"mobile":{"background-color":"var(--ast-global-color-5)","background-image":"","background-repeat":"repeat","background-position":"center center","background-size":"auto","background-attachment":"scroll","background-type":"","background-media":"","overlay-type":"","overlay-color":"","overlay-opacity":"","overlay-gradient":""}}},"product_brand":[],"product_cat":[80,3],"product_tag":[],"class_list":{"0":"post-10550","1":"product","2":"type-product","3":"status-publish","4":"has-post-thumbnail","6":"product_cat-4-main-products-mini-ups-battery-backup-life-po4-battery-gel-battery-lithium-battery","7":"product_cat-mini-dc-ups","8":"desktop-align-left","9":"tablet-align-left","10":"mobile-align-left","12":"first","13":"instock","14":"shipping-taxable","15":"product-type-simple"},"_links":{"self":[{"href":"https:\/\/ygspower.com\/es\/wp-json\/wp\/v2\/product\/10550","targetHints":{"allow":["GET"]}}],"collection":[{"href":"https:\/\/ygspower.com\/es\/wp-json\/wp\/v2\/product"}],"about":[{"href":"https:\/\/ygspower.com\/es\/wp-json\/wp\/v2\/types\/product"}],"version-history":[{"count":5,"href":"https:\/\/ygspower.com\/es\/wp-json\/wp\/v2\/product\/10550\/revisions"}],"predecessor-version":[{"id":11170,"href":"https:\/\/ygspower.com\/es\/wp-json\/wp\/v2\/product\/10550\/revisions\/11170"}],"wp:featuredmedia":[{"embeddable":true,"href":"https:\/\/ygspower.com\/es\/wp-json\/wp\/v2\/media\/10565"}],"wp:attachment":[{"href":"https:\/\/ygspower.com\/es\/wp-json\/wp\/v2\/media?parent=10550"}],"wp:term":[{"taxonomy":"product_brand","embeddable":true,"href":"https:\/\/ygspower.com\/es\/wp-json\/wp\/v2\/product_brand?post=10550"},{"taxonomy":"product_cat","embeddable":true,"href":"https:\/\/ygspower.com\/es\/wp-json\/wp\/v2\/product_cat?post=10550"},{"taxonomy":"product_tag","embeddable":true,"href":"https:\/\/ygspower.com\/es\/wp-json\/wp\/v2\/product_tag?post=10550"}],"curies":[{"name":"wp","href":"https:\/\/api.w.org\/{rel}","templated":true}]}}