{"id":10789,"date":"2025-02-20T16:17:40","date_gmt":"2025-02-20T08:17:40","guid":{"rendered":"https:\/\/darksalmon-dugong-512221.hostingersite.com\/?post_type=product&#038;p=10789"},"modified":"2025-02-20T16:17:42","modified_gmt":"2025-02-20T08:17:42","slug":"mylion-3-7v-1000mah-402780-lithium-polymer-battery","status":"publish","type":"product","link":"https:\/\/ygspower.com\/es\/producto\/mylion-3-7v-1000mah-402780-lithium-polymer-battery\/","title":{"rendered":"Bater\u00eda de pol\u00edmero de litio Mylion 3,7 V 1000 mAh 402780"},"content":{"rendered":"<p><img fetchpriority=\"high\" decoding=\"async\" class=\"alignleft size-full wp-image-10798\" src=\"http:\/\/ygspower.com\/wp-content\/uploads\/2025\/02\/Lipo-Battery-2.png\" alt=\"\" width=\"1920\" height=\"1080\" srcset=\"https:\/\/ygspower.com\/wp-content\/uploads\/2025\/02\/Lipo-Battery-2.png 1920w, https:\/\/ygspower.com\/wp-content\/uploads\/2025\/02\/Lipo-Battery-2-300x169.png 300w, https:\/\/ygspower.com\/wp-content\/uploads\/2025\/02\/Lipo-Battery-2-1024x576.png 1024w, https:\/\/ygspower.com\/wp-content\/uploads\/2025\/02\/Lipo-Battery-2-768x432.png 768w, https:\/\/ygspower.com\/wp-content\/uploads\/2025\/02\/Lipo-Battery-2-1536x864.png 1536w, https:\/\/ygspower.com\/wp-content\/uploads\/2025\/02\/Lipo-Battery-2-18x10.png 18w, https:\/\/ygspower.com\/wp-content\/uploads\/2025\/02\/Lipo-Battery-2-600x338.png 600w\" sizes=\"(max-width: 1920px) 100vw, 1920px\" \/><\/p>\n<p>Las bater\u00edas de pol\u00edmero de litio (LiPo) se utilizan en una amplia variedad de aplicaciones debido a su peso ligero, alta densidad energ\u00e9tica y factores de forma flexibles. Estas bater\u00edas son populares en m\u00faltiples industrias, incluidas la electr\u00f3nica de consumo, los drones, los autos de control remoto (RC) e incluso en \u00e1reas m\u00e1s especializadas, como dispositivos m\u00e9dicos y veh\u00edculos el\u00e9ctricos. A continuaci\u00f3n, se presenta una breve descripci\u00f3n general de algunas aplicaciones clave de las bater\u00edas LiPo:<\/p>\n<p><strong><b>Veh\u00edculos a\u00e9reos no tripulados y drones: <\/b><\/strong>Las bater\u00edas de pol\u00edmero de litio son esenciales para alimentar drones tanto en el sector de consumo como en el industrial. Su alta densidad energ\u00e9tica garantiza tiempos de vuelo m\u00e1s prolongados y admite cargas \u00fatiles m\u00e1s pesadas, lo que las hace ideales para la fotograf\u00eda a\u00e9rea, la topograf\u00eda y los servicios de entrega. El dise\u00f1o compacto permite que los drones sean m\u00e1s ligeros y \u00e1giles, lo que mejora la estabilidad del vuelo.<\/p>\n<p><strong><b>Veh\u00edculos RC:<\/b><\/strong>\u00a0Las bater\u00edas de pol\u00edmero de litio se utilizan habitualmente en coches, barcos y aviones de radiocontrol, y proporcionan la energ\u00eda necesaria para operaciones duraderas y de alto rendimiento. Sus altas tasas de descarga permiten una aceleraci\u00f3n y una respuesta r\u00e1pidas, lo que resulta esencial para las carreras competitivas o las actividades de aficionados.<\/p>\n<p><strong><b>Electr\u00f3nica de consumo: <\/b><\/strong>Las bater\u00edas de pol\u00edmero de litio se utilizan en tel\u00e9fonos inteligentes, tabletas, computadoras port\u00e1tiles y dispositivos port\u00e1tiles debido a su dise\u00f1o delgado y flexible. Proporcionan una fuente de energ\u00eda liviana y eficiente que ayuda a prolongar la vida \u00fatil de la bater\u00eda del dispositivo, lo que las hace ideales para dispositivos electr\u00f3nicos port\u00e1tiles.<\/p>\n<p><strong><b>Veh\u00edculos el\u00e9ctricos:<\/b><\/strong>\u00a0Las bater\u00edas de pol\u00edmero de litio tambi\u00e9n se utilizan en veh\u00edculos el\u00e9ctricos (VE), especialmente en aplicaciones peque\u00f1as como bicicletas el\u00e9ctricas, patinetes y monopatines. Proporcionan energ\u00eda eficiente y duradera a la vez que mantienen un tama\u00f1o compacto, lo cual es fundamental para el rendimiento del veh\u00edculo.<\/p>\n<p><strong><b>Dispositivos m\u00e9dicos: <\/b><\/strong>En el campo m\u00e9dico, las bater\u00edas de pol\u00edmero de litio alimentan dispositivos como aud\u00edfonos, dispositivos m\u00e9dicos port\u00e1tiles e incluso algunas pr\u00f3tesis avanzadas. Su confiabilidad, larga vida \u00fatil y propiedades livianas las hacen ideales para aplicaciones tan sensibles y port\u00e1tiles.<\/p>\n<p><img decoding=\"async\" class=\"alignleft size-full wp-image-10800\" src=\"http:\/\/ygspower.com\/wp-content\/uploads\/2025\/02\/Lipo-Battery.png\" alt=\"\" width=\"1920\" height=\"1080\" srcset=\"https:\/\/ygspower.com\/wp-content\/uploads\/2025\/02\/Lipo-Battery.png 1920w, https:\/\/ygspower.com\/wp-content\/uploads\/2025\/02\/Lipo-Battery-300x169.png 300w, https:\/\/ygspower.com\/wp-content\/uploads\/2025\/02\/Lipo-Battery-1024x576.png 1024w, https:\/\/ygspower.com\/wp-content\/uploads\/2025\/02\/Lipo-Battery-768x432.png 768w, https:\/\/ygspower.com\/wp-content\/uploads\/2025\/02\/Lipo-Battery-1536x864.png 1536w, https:\/\/ygspower.com\/wp-content\/uploads\/2025\/02\/Lipo-Battery-18x10.png 18w, https:\/\/ygspower.com\/wp-content\/uploads\/2025\/02\/Lipo-Battery-600x338.png 600w\" sizes=\"(max-width: 1920px) 100vw, 1920px\" \/><\/p>\n<p>Las bater\u00edas de pol\u00edmero de litio (LiPo) constan de varios componentes clave que funcionan en conjunto para proporcionar una fuente de energ\u00eda eficiente, liviana y de alto consumo. A continuaci\u00f3n, se detallan sus partes principales:<\/p>\n<p><strong><b>\u00c1nodo (electrodo negativo): <\/b><\/strong>El \u00e1nodo suele estar hecho de grafito y almacena iones de litio durante el proceso de descarga de la bater\u00eda. Desempe\u00f1a un papel fundamental en el rendimiento general y la capacidad de la bater\u00eda.<\/p>\n<p><strong><b>C\u00e1todo (electrodo positivo):<\/b><\/strong>\u00a0El c\u00e1todo suele estar hecho de \u00f3xido de litio o de fosfato de hierro y litio. Libera iones de litio durante la descarga y es un factor clave para determinar el voltaje y la capacidad de la bater\u00eda.<\/p>\n<p><strong><b>Electr\u00f3lito: <\/b><\/strong>Las bater\u00edas de LiPo utilizan un electrolito de pol\u00edmero en forma de gel que permite que los iones de litio se desplacen entre el \u00e1nodo y el c\u00e1todo. El formato de gel hace que la bater\u00eda sea m\u00e1s flexible y segura que las bater\u00edas de iones de litio tradicionales.<\/p>\n<p><strong><b>Separador: <\/b><\/strong>El separador es un material delgado y poroso que evita que el \u00e1nodo y el c\u00e1todo entren en contacto y permite el paso de los iones de litio. Ayuda a prevenir cortocircuitos y garantiza el funcionamiento seguro de la bater\u00eda.<\/p>\n<p><strong><b>Caja: <\/b><\/strong>Las bater\u00edas de pol\u00edmero de litio suelen estar envueltas en una funda blanda y flexible hecha de aluminio o pl\u00e1stico. La carcasa permite un dise\u00f1o liviano y su flexibilidad permite que la bater\u00eda se adapte a diferentes aplicaciones.<\/p>\n<p><strong><b>Sistema de gesti\u00f3n de bater\u00eda (BMS): <\/b><\/strong>Aunque no forma parte de la bater\u00eda en s\u00ed, el BMS suele estar integrado en las bater\u00edas de pol\u00edmero de litio. Controla el voltaje, la temperatura y los ciclos de carga de la bater\u00eda para garantizar la seguridad y evitar la sobrecarga o la descarga total.<\/p>\n<p><img decoding=\"async\" class=\"alignleft size-full wp-image-10799\" src=\"http:\/\/ygspower.com\/wp-content\/uploads\/2025\/02\/Lipo-Battery-3.png\" alt=\"\" width=\"1920\" height=\"1080\" srcset=\"https:\/\/ygspower.com\/wp-content\/uploads\/2025\/02\/Lipo-Battery-3.png 1920w, https:\/\/ygspower.com\/wp-content\/uploads\/2025\/02\/Lipo-Battery-3-300x169.png 300w, https:\/\/ygspower.com\/wp-content\/uploads\/2025\/02\/Lipo-Battery-3-1024x576.png 1024w, https:\/\/ygspower.com\/wp-content\/uploads\/2025\/02\/Lipo-Battery-3-768x432.png 768w, https:\/\/ygspower.com\/wp-content\/uploads\/2025\/02\/Lipo-Battery-3-1536x864.png 1536w, https:\/\/ygspower.com\/wp-content\/uploads\/2025\/02\/Lipo-Battery-3-18x10.png 18w, https:\/\/ygspower.com\/wp-content\/uploads\/2025\/02\/Lipo-Battery-3-600x338.png 600w\" sizes=\"(max-width: 1920px) 100vw, 1920px\" \/><\/p>\n<p>El sistema de gesti\u00f3n de bater\u00edas (BMS) de las bater\u00edas de pol\u00edmero de litio (LiPo) desempe\u00f1a un papel fundamental para garantizar la seguridad, la vida \u00fatil y el rendimiento de la bater\u00eda. Supervisa y protege la bater\u00eda realizando varias funciones clave:<\/p>\n<p><strong><b>Protecci\u00f3n contra sobrecarga:<\/b><\/strong>\u00a0El BMS impide que la bater\u00eda se cargue m\u00e1s all\u00e1 de su l\u00edmite de voltaje seguro. La sobrecarga puede provocar la degradaci\u00f3n de la bater\u00eda, el sobrecalentamiento e incluso un incendio, por lo que el BMS detiene la carga cuando el voltaje alcanza un umbral preestablecido.<\/p>\n<p><strong><b>Protecci\u00f3n contra sobredescarga: <\/b><\/strong>Tambi\u00e9n evita que la bater\u00eda se descargue en exceso, lo que puede da\u00f1arla y acortar su vida \u00fatil. El BMS corta la carga cuando el voltaje cae por debajo de un nivel determinado.<\/p>\n<p><strong><b>Protecci\u00f3n contra sobrecorriente: <\/b><\/strong>El BMS controla la corriente y evita que se produzca una corriente excesiva que pueda provocar un sobrecalentamiento o da\u00f1os internos. Garantiza que la bater\u00eda funcione \u00fanicamente dentro de l\u00edmites de corriente seguros.<\/p>\n<p><strong><b>Monitoreo de temperatura:<\/b><\/strong>\u00a0El BMS controla la temperatura de la bater\u00eda durante la carga y la descarga. Si la temperatura es superior o inferior al l\u00edmite seguro, detiene la carga o la descarga para proteger la bater\u00eda de da\u00f1os t\u00e9rmicos.<\/p>\n<p><strong><b>Equilibrio: <\/b><\/strong>En una bater\u00eda de LiPo de varias celdas, el BMS garantiza que todas las celdas permanezcan equilibradas mediante el control de los niveles de voltaje. Garantiza que ninguna celda se sobrecargue o descargue en exceso en relaci\u00f3n con las dem\u00e1s, lo que mejora el rendimiento y extiende la vida \u00fatil de la bater\u00eda.<\/p>\n<p><strong><b>Protecci\u00f3n contra cortocircuitos: <\/b><\/strong>El BMS detecta un cortocircuito dentro de la bater\u00eda y corta inmediatamente la energ\u00eda para evitar da\u00f1os o riesgo de incendio.<\/p>","protected":false},"excerpt":{"rendered":"<p>Nombre del producto: Bater\u00eda de pol\u00edmero de litio 3,7 V 1000 mAh<\/p>\n<p>Nombre del estilo: 3,7 V 1000 mAh<\/p>\n<p>Capacidad normal: 1000mAh<\/p>\n<p>Corriente m\u00e1xima de descarga continua: 1 A<\/p>\n<p>Peso: aproximadamente 19 g<\/p>\n<p>Protecci\u00f3n de la bater\u00eda: sobrecarga y descarga, sobrecorriente, cortocircuito.<\/p>\n<p>Aplicaci\u00f3n: Bluetooth y electr\u00f3nica de consumo.<\/p>\n<p>Garant\u00eda: 12 meses<\/p>","protected":false},"featured_media":10793,"template":"","meta":{"_seopress_robots_primary_cat":"","_seopress_titles_title":"Mylion 3.7v 1000mah 402780 lithium polymer battery 3.7V Lipo","_seopress_titles_desc":"Mylion 3.7v 1000mah 402780 lithium polymer battery,Lithium polymer battery, 3.7v  Lipo battery, Mylion,Custom Lipo Battery,Custom PCB","_seopress_robots_index":"","site-sidebar-layout":"default","site-content-layout":"","ast-site-content-layout":"default","site-content-style":"default","site-sidebar-style":"default","ast-global-header-display":"","ast-banner-title-visibility":"","ast-main-header-display":"","ast-hfb-above-header-display":"","ast-hfb-below-header-display":"","ast-hfb-mobile-header-display":"","site-post-title":"","ast-breadcrumbs-content":"","ast-featured-img":"","footer-sml-layout":"","theme-transparent-header-meta":"default","adv-header-id-meta":"","stick-header-meta":"","header-above-stick-meta":"","header-main-stick-meta":"","header-below-stick-meta":"","astra-migrate-meta-layouts":"set","ast-page-background-enabled":"default","ast-page-background-meta":{"desktop":{"background-color":"","background-image":"","background-repeat":"repeat","background-position":"center center","background-size":"auto","background-attachment":"scroll","background-type":"","background-media":"","overlay-type":"","overlay-color":"","overlay-opacity":"","overlay-gradient":""},"tablet":{"background-color":"","background-image":"","background-repeat":"repeat","background-position":"center center","background-size":"auto","background-attachment":"scroll","background-type":"","background-media":"","overlay-type":"","overlay-color":"","overlay-opacity":"","overlay-gradient":""},"mobile":{"background-color":"","background-image":"","background-repeat":"repeat","background-position":"center center","background-size":"auto","background-attachment":"scroll","background-type":"","background-media":"","overlay-type":"","overlay-color":"","overlay-opacity":"","overlay-gradient":""}},"ast-content-background-meta":{"desktop":{"background-color":"var(--ast-global-color-5)","background-image":"","background-repeat":"repeat","background-position":"center center","background-size":"auto","background-attachment":"scroll","background-type":"","background-media":"","overlay-type":"","overlay-color":"","overlay-opacity":"","overlay-gradient":""},"tablet":{"background-color":"var(--ast-global-color-5)","background-image":"","background-repeat":"repeat","background-position":"center center","background-size":"auto","background-attachment":"scroll","background-type":"","background-media":"","overlay-type":"","overlay-color":"","overlay-opacity":"","overlay-gradient":""},"mobile":{"background-color":"var(--ast-global-color-5)","background-image":"","background-repeat":"repeat","background-position":"center center","background-size":"auto","background-attachment":"scroll","background-type":"","background-media":"","overlay-type":"","overlay-color":"","overlay-opacity":"","overlay-gradient":""}}},"product_brand":[],"product_cat":[30],"product_tag":[],"class_list":{"0":"post-10789","1":"product","2":"type-product","3":"status-publish","4":"has-post-thumbnail","6":"product_cat-lithium-plymer-battery","7":"desktop-align-left","8":"tablet-align-left","9":"mobile-align-left","11":"first","12":"instock","13":"shipping-taxable","14":"product-type-simple"},"_links":{"self":[{"href":"https:\/\/ygspower.com\/es\/wp-json\/wp\/v2\/product\/10789","targetHints":{"allow":["GET"]}}],"collection":[{"href":"https:\/\/ygspower.com\/es\/wp-json\/wp\/v2\/product"}],"about":[{"href":"https:\/\/ygspower.com\/es\/wp-json\/wp\/v2\/types\/product"}],"version-history":[{"count":1,"href":"https:\/\/ygspower.com\/es\/wp-json\/wp\/v2\/product\/10789\/revisions"}],"predecessor-version":[{"id":10801,"href":"https:\/\/ygspower.com\/es\/wp-json\/wp\/v2\/product\/10789\/revisions\/10801"}],"wp:featuredmedia":[{"embeddable":true,"href":"https:\/\/ygspower.com\/es\/wp-json\/wp\/v2\/media\/10793"}],"wp:attachment":[{"href":"https:\/\/ygspower.com\/es\/wp-json\/wp\/v2\/media?parent=10789"}],"wp:term":[{"taxonomy":"product_brand","embeddable":true,"href":"https:\/\/ygspower.com\/es\/wp-json\/wp\/v2\/product_brand?post=10789"},{"taxonomy":"product_cat","embeddable":true,"href":"https:\/\/ygspower.com\/es\/wp-json\/wp\/v2\/product_cat?post=10789"},{"taxonomy":"product_tag","embeddable":true,"href":"https:\/\/ygspower.com\/es\/wp-json\/wp\/v2\/product_tag?post=10789"}],"curies":[{"name":"wp","href":"https:\/\/api.w.org\/{rel}","templated":true}]}}