{"id":10839,"date":"2025-03-04T17:19:22","date_gmt":"2025-03-04T09:19:22","guid":{"rendered":"https:\/\/darksalmon-dugong-512221.hostingersite.com\/?post_type=product&#038;p=10839"},"modified":"2025-03-04T17:19:24","modified_gmt":"2025-03-04T09:19:24","slug":"12v-lifepo4-lithium-battery-high-performance-lead-acid-replacement-for-solar-panels","status":"publish","type":"product","link":"https:\/\/ygspower.com\/es\/producto\/12v-lifepo4-lithium-battery-high-performance-lead-acid-replacement-for-solar-panels\/","title":{"rendered":"Bater\u00eda de litio LiFePO4 de 12 V: reemplazo de plomo-\u00e1cido de alto rendimiento para paneles solares"},"content":{"rendered":"<table width=\"885\">\n<tbody>\n<tr>\n<td width=\"254\">Nombre del estilo<\/td>\n<td width=\"196\">Bater\u00eda de litio PO4 de 12 V y 7 Ah<\/td>\n<td width=\"214\">Bater\u00eda de litio PO4 de 12 V y 7 Ah<\/td>\n<td width=\"220\">Bater\u00eda de litio PO4 de 12 V y 12 Ah<\/td>\n<\/tr>\n<tr>\n<td>Capacidad normal<\/td>\n<td>7 Ah<\/td>\n<td>7 Ah<\/td>\n<td>12 Ah<\/td>\n<\/tr>\n<tr>\n<td>Voltaje nominal<\/td>\n<td>12 V<\/td>\n<td>12 V<\/td>\n<td>12 V<\/td>\n<\/tr>\n<tr>\n<td>Voltaje m\u00e1ximo de carga<\/td>\n<td>14,6 V<\/td>\n<td>14,6 V<\/td>\n<td>14,6 V<\/td>\n<\/tr>\n<tr>\n<td>Corriente m\u00e1xima de descarga continua<\/td>\n<td>10A<\/td>\n<td>10A<\/td>\n<td>10A<\/td>\n<\/tr>\n<tr>\n<td>Corriente de carga<\/td>\n<td>3A<\/td>\n<td>3A<\/td>\n<td>3A<\/td>\n<\/tr>\n<tr>\n<td>Potencia de salida<\/td>\n<td>84W<\/td>\n<td>84W<\/td>\n<td>144 W<\/td>\n<\/tr>\n<tr>\n<td>Puerto de carga\/descarga<\/td>\n<td>CC.5.5\u00d72.1\/CC.5.5\u00d72.5<\/td>\n<td colspan=\"2\">placa de metal (rojo+negro-)<\/td>\n<\/tr>\n<tr>\n<td>Caja de pl\u00e1stico ABS<\/td>\n<td>Estuche impermeable gris<\/td>\n<td colspan=\"2\">Amarillo o negro<\/td>\n<\/tr>\n<tr>\n<td>Dimensiones de la bater\u00eda (mm)<\/td>\n<td>Largo 158 x Ancho 90 x Alto 64<\/td>\n<td>Largo 150 x Ancho 65 x Alto 95 mm<\/td>\n<td>Largo 150 x Ancho 95 x Alto 98 mm<\/td>\n<\/tr>\n<tr>\n<td>Peso<\/td>\n<td>Aprox.1 kg<\/td>\n<td>Aprox.0,7 kg<\/td>\n<td>Aprox.1,2 kg<\/td>\n<\/tr>\n<tr>\n<td>Protecci\u00f3n de la bater\u00eda<\/td>\n<td colspan=\"3\">Sobrecarga y descarga, sobrecorriente, cortocircuito.<\/td>\n<\/tr>\n<tr>\n<td>Ciclo de vida<\/td>\n<td colspan=\"3\">Capacidad est\u00e1ndar de carga y descarga \u226580% C5mAh, ciclo de vida \u22651500<\/td>\n<\/tr>\n<tr>\n<td>Solicitud<\/td>\n<td colspan=\"3\">UPS, energ\u00eda Solara, iluminaci\u00f3n, rociador de jard\u00edn, instrumento para exteriores, control de puertas, energ\u00eda solar<\/td>\n<\/tr>\n<tr>\n<td>Garant\u00eda<\/td>\n<td colspan=\"3\">12 meses<\/td>\n<\/tr>\n<\/tbody>\n<\/table>\n<p><img fetchpriority=\"high\" decoding=\"async\" class=\"alignleft size-full wp-image-10853\" src=\"http:\/\/ygspower.com\/wp-content\/uploads\/2025\/03\/12V-LiFePO4-Battery-4-1.jpg\" alt=\"\" width=\"1920\" height=\"1080\" srcset=\"https:\/\/ygspower.com\/wp-content\/uploads\/2025\/03\/12V-LiFePO4-Battery-4-1.jpg 1920w, https:\/\/ygspower.com\/wp-content\/uploads\/2025\/03\/12V-LiFePO4-Battery-4-1-300x169.jpg 300w, https:\/\/ygspower.com\/wp-content\/uploads\/2025\/03\/12V-LiFePO4-Battery-4-1-1024x576.jpg 1024w, https:\/\/ygspower.com\/wp-content\/uploads\/2025\/03\/12V-LiFePO4-Battery-4-1-768x432.jpg 768w, https:\/\/ygspower.com\/wp-content\/uploads\/2025\/03\/12V-LiFePO4-Battery-4-1-1536x864.jpg 1536w, https:\/\/ygspower.com\/wp-content\/uploads\/2025\/03\/12V-LiFePO4-Battery-4-1-18x10.jpg 18w, https:\/\/ygspower.com\/wp-content\/uploads\/2025\/03\/12V-LiFePO4-Battery-4-1-600x338.jpg 600w\" sizes=\"(max-width: 1920px) 100vw, 1920px\" \/><\/p>\n<p><a href=\"https:\/\/darksalmon-dugong-512221.hostingersite.com\/en\/category\/life-po4-battery\/\">Bater\u00eda LiFePO4 de 12 V<\/a> Es una excelente alternativa a las bater\u00edas de plomo-\u00e1cido tradicionales, con mayor eficiencia, mayor vida \u00fatil y mayor seguridad. Se utiliza ampliamente en diversas aplicaciones, lo que la convierte en la primera opci\u00f3n para soluciones de almacenamiento de energ\u00eda y energ\u00eda de respaldo.<\/p>\n<p><strong><b>Beneficios clave<\/b><\/strong><\/p>\n<p><strong><b>Mayor vida \u00fatil<\/b><\/strong>\u00a0\u2013 ciclo de vida de 2000 a 5000 veces, 4 a 10 veces m\u00e1s que las bater\u00edas de plomo-\u00e1cido.<\/p>\n<p><strong><b>Ligero y compacto<\/b><\/strong>\u00a0\u2013 pesa s\u00f3lo un tercio de las bater\u00edas de plomo-\u00e1cido, lo que mejora la portabilidad y facilita la instalaci\u00f3n.<\/p>\n<p><strong><b>Alta seguridad y estabilidad <\/b><\/strong>\u2013 La qu\u00edmica de LiFePO4 es t\u00e9rmicamente estable, resistente al sobrecalentamiento y tiene protecci\u00f3n incorporada contra sobrecarga, sobredescarga y cortocircuito.<\/p>\n<p><strong><b>Carga r\u00e1pida y alta eficiencia.<\/b><\/strong>\u00a0\u2013 la velocidad de carga es 3-5 veces m\u00e1s r\u00e1pida que la de las bater\u00edas de plomo-\u00e1cido, lo que reduce el tiempo de inactividad y mejora la eficiencia energ\u00e9tica.<\/p>\n<p><strong><b>Amplia adaptabilidad a la temperatura.<\/b><\/strong>\u00a0\u2013 funcionamiento confiable en temperaturas extremas de -20 \u00b0C a 60 \u00b0C, adecuado para una variedad de aplicaciones al aire libre y fuera de la red.<\/p>\n<p><strong><b>Respetuoso con el medio ambiente y sin necesidad de mantenimiento.<\/b><\/strong>\u00a0\u2013 no contiene metales pesados nocivos, no es t\u00f3xico y no requiere mantenimiento regular.<\/p>\n<p><img decoding=\"async\" class=\"alignleft size-full wp-image-10850\" src=\"http:\/\/ygspower.com\/wp-content\/uploads\/2025\/03\/12V-LiFePO4-Battery-1-1.jpg\" alt=\"\" width=\"1920\" height=\"1080\" srcset=\"https:\/\/ygspower.com\/wp-content\/uploads\/2025\/03\/12V-LiFePO4-Battery-1-1.jpg 1920w, https:\/\/ygspower.com\/wp-content\/uploads\/2025\/03\/12V-LiFePO4-Battery-1-1-300x169.jpg 300w, https:\/\/ygspower.com\/wp-content\/uploads\/2025\/03\/12V-LiFePO4-Battery-1-1-1024x576.jpg 1024w, https:\/\/ygspower.com\/wp-content\/uploads\/2025\/03\/12V-LiFePO4-Battery-1-1-768x432.jpg 768w, https:\/\/ygspower.com\/wp-content\/uploads\/2025\/03\/12V-LiFePO4-Battery-1-1-1536x864.jpg 1536w, https:\/\/ygspower.com\/wp-content\/uploads\/2025\/03\/12V-LiFePO4-Battery-1-1-18x10.jpg 18w, https:\/\/ygspower.com\/wp-content\/uploads\/2025\/03\/12V-LiFePO4-Battery-1-1-600x338.jpg 600w\" sizes=\"(max-width: 1920px) 100vw, 1920px\" \/><\/p>\n<p><strong><b>Aplicaciones comunes de <a href=\"https:\/\/darksalmon-dugong-512221.hostingersite.com\/en\/category\/life-po4-battery\/\">Bater\u00edas LiFePO4 de 12 V<\/a><\/b><\/strong><\/p>\n<p><strong><b>Almacenamiento de energ\u00eda solar<\/b><\/strong><\/p>\n<p>Las bater\u00edas LiFePO4 se utilizan en sistemas solares h\u00edbridos y fuera de la red para almacenar el exceso de energ\u00eda solar para uso nocturno o de emergencia, lo que garantiza un suministro de energ\u00eda constante y duradero.<\/p>\n<p><strong><b>Autocaravanas, autocaravanas y autocaravanas<\/b><\/strong><\/p>\n<p>Sus capacidades livianas y de ciclo profundo hacen que las bater\u00edas LiFePO4 sean ideales para acampar fuera de la red y alimentar dispositivos como refrigeradores, luces e inversores en veh\u00edculos recreativos y furgonetas.<\/p>\n<p><strong><b>Sistemas de alimentaci\u00f3n ininterrumpida (UPS) y energ\u00eda de respaldo<\/b><\/strong><\/p>\n<p>Las bater\u00edas LiFePO4 brindan energ\u00eda de respaldo confiable para equipos dom\u00e9sticos, de oficina e industriales, garantizando un funcionamiento continuo durante cortes de energ\u00eda.<\/p>\n<p><strong><b>Marina y navegaci\u00f3n<\/b><\/strong><\/p>\n<p>Debido a su construcci\u00f3n liviana, dise\u00f1o impermeable y largo tiempo de funcionamiento, son ampliamente utilizados en barcos de pesca, yates y motores de pesca de arrastre el\u00e9ctricos.<\/p>\n<p><strong><b>Veh\u00edculos el\u00e9ctricos<\/b><\/strong><\/p>\n<p>Las bater\u00edas LiFePO4 alimentan sillas de ruedas el\u00e9ctricas, carros de golf y bicicletas el\u00e9ctricas, proporcionando una salida de potencia constante y una mayor distancia de conducci\u00f3n.<\/p>\n<p><strong><b>Sistemas de Seguridad y Vigilancia<\/b><\/strong><\/p>\n<p>Las c\u00e1maras CCTV remotas, las estaciones de monitoreo y la iluminaci\u00f3n de emergencia dependen de las bater\u00edas LiFePO4 para proporcionar una fuente de energ\u00eda confiable, especialmente en \u00e1reas fuera de la red.<\/p>\n<p><img decoding=\"async\" class=\"alignleft size-full wp-image-10852\" src=\"http:\/\/ygspower.com\/wp-content\/uploads\/2025\/03\/12V-LiFePO4-Battery-3-1.jpg\" alt=\"\" width=\"1920\" height=\"1080\" srcset=\"https:\/\/ygspower.com\/wp-content\/uploads\/2025\/03\/12V-LiFePO4-Battery-3-1.jpg 1920w, https:\/\/ygspower.com\/wp-content\/uploads\/2025\/03\/12V-LiFePO4-Battery-3-1-300x169.jpg 300w, https:\/\/ygspower.com\/wp-content\/uploads\/2025\/03\/12V-LiFePO4-Battery-3-1-1024x576.jpg 1024w, https:\/\/ygspower.com\/wp-content\/uploads\/2025\/03\/12V-LiFePO4-Battery-3-1-768x432.jpg 768w, https:\/\/ygspower.com\/wp-content\/uploads\/2025\/03\/12V-LiFePO4-Battery-3-1-1536x864.jpg 1536w, https:\/\/ygspower.com\/wp-content\/uploads\/2025\/03\/12V-LiFePO4-Battery-3-1-18x10.jpg 18w, https:\/\/ygspower.com\/wp-content\/uploads\/2025\/03\/12V-LiFePO4-Battery-3-1-600x338.jpg 600w\" sizes=\"(max-width: 1920px) 100vw, 1920px\" \/><\/p>\n<p><strong><b>Conclusi\u00f3n<\/b><\/strong><\/p>\n<p>La bater\u00eda de fosfato de hierro y litio de 12 V es una mejora revolucionaria de la bater\u00eda de plomo-\u00e1cido tradicional, con una vida \u00fatil m\u00e1s prolongada, mayor seguridad, mayor velocidad de carga y mayor eficiencia energ\u00e9tica. Ya sea para almacenamiento de energ\u00eda solar, veh\u00edculos recreativos, aplicaciones marinas o energ\u00eda de respaldo, puede proporcionar una soluci\u00f3n sostenible y rentable para las necesidades energ\u00e9ticas modernas.<\/p>\n<p>Con el avance continuo de la energ\u00eda renovable y la tecnolog\u00eda de bater\u00edas, las bater\u00edas de fosfato de hierro y litio est\u00e1n dando forma al futuro del almacenamiento de energ\u00eda y proporcionando soluciones energ\u00e9ticas m\u00e1s limpias, seguras y eficientes para el mundo.<\/p>\n<p>&nbsp;<\/p>\n<p>&nbsp;<\/p>\n<p>&nbsp;<\/p>\n<p>&nbsp;<\/p>","protected":false},"excerpt":{"rendered":"<p>Ventajas de la bater\u00eda LiFePO4 de 12 V:<br \/>\n1. Larga vida \u00fatil: 2000 a 5000 ciclos, mucho m\u00e1s que las bater\u00edas de plomo-\u00e1cido.<br \/>\n2. Peso ligero y alta densidad energ\u00e9tica: solo 1\/3 del peso del plomo-\u00e1cido con mayor eficiencia.<br \/>\n3. Alta seguridad: estable, no explosivo y con protecci\u00f3n incorporada contra sobrecarga, sobredescarga y cortocircuitos.<br \/>\n4. Carga r\u00e1pida: se carga en 1 a 3 horas, mucho m\u00e1s r\u00e1pido que el plomo-\u00e1cido.<br \/>\n5. Ecol\u00f3gico: sin metales t\u00f3xicos, energ\u00e9ticamente eficiente y sostenible.<br \/>\n6. Amplia adaptabilidad a la temperatura: funciona desde -20 \u00b0C a 60 \u00b0C, ideal para diversos entornos.<br \/>\n7. F\u00e1cil reemplazo: instalaci\u00f3n directa para bater\u00edas de plomo-\u00e1cido de 12 V.<\/p>","protected":false},"featured_media":10846,"template":"","meta":{"_seopress_robots_primary_cat":"","_seopress_titles_title":"Applications and advantages of 12V LiFePO4 battery","_seopress_titles_desc":"Need a safer, longer-lasting battery? 12V LiFePO4 offers high efficiency, fast charging, and reliable power for solar, RV, and more - Upgrade now!","_seopress_robots_index":"","site-sidebar-layout":"default","site-content-layout":"","ast-site-content-layout":"default","site-content-style":"default","site-sidebar-style":"default","ast-global-header-display":"","ast-banner-title-visibility":"","ast-main-header-display":"","ast-hfb-above-header-display":"","ast-hfb-below-header-display":"","ast-hfb-mobile-header-display":"","site-post-title":"","ast-breadcrumbs-content":"","ast-featured-img":"","footer-sml-layout":"","theme-transparent-header-meta":"default","adv-header-id-meta":"","stick-header-meta":"","header-above-stick-meta":"","header-main-stick-meta":"","header-below-stick-meta":"","astra-migrate-meta-layouts":"set","ast-page-background-enabled":"default","ast-page-background-meta":{"desktop":{"background-color":"","background-image":"","background-repeat":"repeat","background-position":"center center","background-size":"auto","background-attachment":"scroll","background-type":"","background-media":"","overlay-type":"","overlay-color":"","overlay-opacity":"","overlay-gradient":""},"tablet":{"background-color":"","background-image":"","background-repeat":"repeat","background-position":"center center","background-size":"auto","background-attachment":"scroll","background-type":"","background-media":"","overlay-type":"","overlay-color":"","overlay-opacity":"","overlay-gradient":""},"mobile":{"background-color":"","background-image":"","background-repeat":"repeat","background-position":"center center","background-size":"auto","background-attachment":"scroll","background-type":"","background-media":"","overlay-type":"","overlay-color":"","overlay-opacity":"","overlay-gradient":""}},"ast-content-background-meta":{"desktop":{"background-color":"var(--ast-global-color-5)","background-image":"","background-repeat":"repeat","background-position":"center center","background-size":"auto","background-attachment":"scroll","background-type":"","background-media":"","overlay-type":"","overlay-color":"","overlay-opacity":"","overlay-gradient":""},"tablet":{"background-color":"var(--ast-global-color-5)","background-image":"","background-repeat":"repeat","background-position":"center center","background-size":"auto","background-attachment":"scroll","background-type":"","background-media":"","overlay-type":"","overlay-color":"","overlay-opacity":"","overlay-gradient":""},"mobile":{"background-color":"var(--ast-global-color-5)","background-image":"","background-repeat":"repeat","background-position":"center center","background-size":"auto","background-attachment":"scroll","background-type":"","background-media":"","overlay-type":"","overlay-color":"","overlay-opacity":"","overlay-gradient":""}}},"product_brand":[],"product_cat":[28],"product_tag":[],"class_list":{"0":"post-10839","1":"product","2":"type-product","3":"status-publish","4":"has-post-thumbnail","6":"product_cat-life-po4-battery","7":"desktop-align-left","8":"tablet-align-left","9":"mobile-align-left","11":"first","12":"instock","13":"shipping-taxable","14":"product-type-simple"},"_links":{"self":[{"href":"https:\/\/ygspower.com\/es\/wp-json\/wp\/v2\/product\/10839","targetHints":{"allow":["GET"]}}],"collection":[{"href":"https:\/\/ygspower.com\/es\/wp-json\/wp\/v2\/product"}],"about":[{"href":"https:\/\/ygspower.com\/es\/wp-json\/wp\/v2\/types\/product"}],"version-history":[{"count":1,"href":"https:\/\/ygspower.com\/es\/wp-json\/wp\/v2\/product\/10839\/revisions"}],"predecessor-version":[{"id":10860,"href":"https:\/\/ygspower.com\/es\/wp-json\/wp\/v2\/product\/10839\/revisions\/10860"}],"wp:featuredmedia":[{"embeddable":true,"href":"https:\/\/ygspower.com\/es\/wp-json\/wp\/v2\/media\/10846"}],"wp:attachment":[{"href":"https:\/\/ygspower.com\/es\/wp-json\/wp\/v2\/media?parent=10839"}],"wp:term":[{"taxonomy":"product_brand","embeddable":true,"href":"https:\/\/ygspower.com\/es\/wp-json\/wp\/v2\/product_brand?post=10839"},{"taxonomy":"product_cat","embeddable":true,"href":"https:\/\/ygspower.com\/es\/wp-json\/wp\/v2\/product_cat?post=10839"},{"taxonomy":"product_tag","embeddable":true,"href":"https:\/\/ygspower.com\/es\/wp-json\/wp\/v2\/product_tag?post=10839"}],"curies":[{"name":"wp","href":"https:\/\/api.w.org\/{rel}","templated":true}]}}