{"id":19,"date":"2020-10-16T07:44:25","date_gmt":"2020-10-15T23:44:25","guid":{"rendered":"http:\/\/zhangs1.sg-host.com\/?post_type=product&#038;p=19"},"modified":"2025-10-11T13:32:44","modified_gmt":"2025-10-11T05:32:44","slug":"mini-dc-ups-mu68w-12v-lithium-ion-battery-backup","status":"publish","type":"product","link":"https:\/\/ygspower.com\/es\/producto\/mini-dc-ups-mu68w-12v-lithium-ion-battery-backup\/","title":{"rendered":"Best seller Mylin Newest MU68W 45W 12V 3A Mini UPS Lithium Battery Backup Mini UPS For WiFi Router"},"content":{"rendered":"<p><span style=\"color: #ff0000;\">Promoci\u00f3n:<\/span><\/p>\n<p>-Free Shipping Mylin Newest MU68W 45W 12V 3A Mini UPS Lithium Battery Backup Mini UPS For WiFi Router<\/p>\n<p><span style=\"color: #000000;\">Env\u00edo gratuito a los siguientes pa\u00edses:<\/span><br \/>\nJap\u00f3n, Corea del Sur, Myanmar, Malasia, Singapur, Tailandia, Vietnam, Canad\u00e1, Estados Unidos, Australia, B\u00e9lgica, Francia, Polonia, Reino Unido, Andorra, Rusia, Italia, Alemania, Espa\u00f1a, Pa\u00edses Bajos, Ucrania, Suecia.<\/p>\n<p>Si es de otros pa\u00edses, comun\u00edquese con el gerente de ventas de Mylion para obtener una cotizaci\u00f3n detallada: sales@darksalmon-dugong-512221.hostingersite.com<\/p>\n<table style=\"height: 1091px;\" width=\"802\">\n<tbody>\n<tr>\n<td width=\"231\">Nombre del estilo<\/td>\n<td width=\"544\">MU68W<\/td>\n<\/tr>\n<tr>\n<td>Nombre del producto<\/td>\n<td>Mini UPS de CC para m\u00f3dem ADSL, enrutador WiFi, c\u00e1mara de seguridad\/CCTV<\/td>\n<\/tr>\n<tr>\n<td>Voltaje de salida<\/td>\n<td>12 V<\/td>\n<\/tr>\n<tr>\n<td>Corriente de salida<\/td>\n<td>2A<\/td>\n<\/tr>\n<tr>\n<td>Potencia de salida<\/td>\n<td>45 Wh\/12 000 mAh<\/td>\n<\/tr>\n<tr>\n<td>Voltaje de entrada<\/td>\n<td>12 V CC<\/td>\n<\/tr>\n<tr>\n<td>Corriente de entrada<\/td>\n<td>2,5 A CC<\/td>\n<\/tr>\n<tr>\n<td rowspan=\"2\">Tiempo de trabajo<\/td>\n<td>Salida 12 V 0,5 A (6 W): aprox. 8 horas<\/td>\n<\/tr>\n<tr>\n<td>Salida 12 V 1,0 A (12 W): aproximadamente 4 horas<\/td>\n<\/tr>\n<tr>\n<td>Puerto de carga (IN) Negro<\/td>\n<td>CC 5,5 \u00d7 2,1<\/td>\n<\/tr>\n<tr>\n<td>Puerto de descarga (OUT)Amarillo<\/td>\n<td>DC5.5\u00d72.5<\/td>\n<\/tr>\n<tr>\n<td>Material de la caja<\/td>\n<td>FR-ABS antiincendios<\/td>\n<\/tr>\n<tr>\n<td>Color de la caja<\/td>\n<td>Blanco<\/td>\n<\/tr>\n<tr>\n<td>Dimensiones de la caja<\/td>\n<td>112 x 70 x 60 mm<\/td>\n<\/tr>\n<tr>\n<td>Peso<\/td>\n<td>405 gramos<\/td>\n<\/tr>\n<tr>\n<td>Cable de transferencia gratuito<\/td>\n<td>AWG#20 50 cm de longitud, DC5.5\u00d72.1 negro y DC.5.5\u00d72.5 amarillo<\/td>\n<\/tr>\n<tr>\n<td>M\u00e9todo de cobro<\/td>\n<td>Adaptador 12V2.5A (el precio no incluye el costo del adaptador)<\/td>\n<\/tr>\n<tr>\n<td>Marca de celda de bater\u00eda<\/td>\n<td>Celular de marca china o celular japon\u00e9s de Corea<\/td>\n<\/tr>\n<tr>\n<td>Certificaci\u00f3n UPS<\/td>\n<td>Informe de pruebas CE, FCC, EMC y UL<\/td>\n<\/tr>\n<tr>\n<td>Protecci\u00f3n de la bater\u00eda<\/td>\n<td width=\"544\">Protecci\u00f3n de temperatura, sobrecarga y descarga, sobrecorriente, cortocircuito.<\/td>\n<\/tr>\n<tr>\n<td>Ciclo de vida<\/td>\n<td>Capacidad est\u00e1ndar de carga y descarga \u226580%, ciclo de vida \u2265600 veces<\/td>\n<\/tr>\n<tr>\n<td>Solicitud<\/td>\n<td width=\"544\">WIFI, enrutador\/TP-Link\/c\u00e1mara IP\/sistema de seguridad\/acceso a la puerta\/m\u00e1quina expendedora\/luz LED\/banda LED\/ONT, CPE, OLT, ONU, ODN<\/td>\n<\/tr>\n<tr>\n<td>Paquete<\/td>\n<td>18 piezas en una caja (35 x 21 x 30 cm), aproximadamente 9,5 kg\/caja<\/td>\n<\/tr>\n<tr>\n<td>Garant\u00eda<\/td>\n<td>12 meses<\/td>\n<\/tr>\n<\/tbody>\n<\/table>\n<p><img fetchpriority=\"high\" decoding=\"async\" class=\"aligncenter size-full wp-image-11750\" src=\"http:\/\/ygspower.com\/wp-content\/uploads\/2020\/10\/MU68_01.jpg\" alt=\"\" width=\"1500\" height=\"709\" srcset=\"https:\/\/ygspower.com\/wp-content\/uploads\/2020\/10\/MU68_01.jpg 1500w, https:\/\/ygspower.com\/wp-content\/uploads\/2020\/10\/MU68_01-300x142.jpg 300w, https:\/\/ygspower.com\/wp-content\/uploads\/2020\/10\/MU68_01-1024x484.jpg 1024w, https:\/\/ygspower.com\/wp-content\/uploads\/2020\/10\/MU68_01-768x363.jpg 768w, https:\/\/ygspower.com\/wp-content\/uploads\/2020\/10\/MU68_01-18x9.jpg 18w, https:\/\/ygspower.com\/wp-content\/uploads\/2020\/10\/MU68_01-600x284.jpg 600w\" sizes=\"(max-width: 1500px) 100vw, 1500px\" \/> <img decoding=\"async\" class=\"aligncenter size-full wp-image-11751\" src=\"http:\/\/ygspower.com\/wp-content\/uploads\/2020\/10\/MU68_02.jpg\" alt=\"\" width=\"1500\" height=\"965\" srcset=\"https:\/\/ygspower.com\/wp-content\/uploads\/2020\/10\/MU68_02.jpg 1500w, https:\/\/ygspower.com\/wp-content\/uploads\/2020\/10\/MU68_02-300x193.jpg 300w, https:\/\/ygspower.com\/wp-content\/uploads\/2020\/10\/MU68_02-1024x659.jpg 1024w, https:\/\/ygspower.com\/wp-content\/uploads\/2020\/10\/MU68_02-768x494.jpg 768w, https:\/\/ygspower.com\/wp-content\/uploads\/2020\/10\/MU68_02-18x12.jpg 18w, https:\/\/ygspower.com\/wp-content\/uploads\/2020\/10\/MU68_02-600x386.jpg 600w\" sizes=\"(max-width: 1500px) 100vw, 1500px\" \/> <img decoding=\"async\" class=\"aligncenter size-full wp-image-11752\" src=\"http:\/\/ygspower.com\/wp-content\/uploads\/2020\/10\/MU68_03.jpg\" alt=\"\" width=\"1500\" height=\"1826\" srcset=\"https:\/\/ygspower.com\/wp-content\/uploads\/2020\/10\/MU68_03.jpg 1500w, https:\/\/ygspower.com\/wp-content\/uploads\/2020\/10\/MU68_03-246x300.jpg 246w, https:\/\/ygspower.com\/wp-content\/uploads\/2020\/10\/MU68_03-841x1024.jpg 841w, https:\/\/ygspower.com\/wp-content\/uploads\/2020\/10\/MU68_03-768x935.jpg 768w, https:\/\/ygspower.com\/wp-content\/uploads\/2020\/10\/MU68_03-1262x1536.jpg 1262w, https:\/\/ygspower.com\/wp-content\/uploads\/2020\/10\/MU68_03-10x12.jpg 10w, https:\/\/ygspower.com\/wp-content\/uploads\/2020\/10\/MU68_03-600x730.jpg 600w\" sizes=\"(max-width: 1500px) 100vw, 1500px\" \/> <img loading=\"lazy\" decoding=\"async\" class=\"aligncenter size-full wp-image-11753\" src=\"http:\/\/ygspower.com\/wp-content\/uploads\/2020\/10\/MU68_04.jpg\" alt=\"\" width=\"1500\" height=\"1536\" srcset=\"https:\/\/ygspower.com\/wp-content\/uploads\/2020\/10\/MU68_04.jpg 1500w, https:\/\/ygspower.com\/wp-content\/uploads\/2020\/10\/MU68_04-293x300.jpg 293w, https:\/\/ygspower.com\/wp-content\/uploads\/2020\/10\/MU68_04-1000x1024.jpg 1000w, https:\/\/ygspower.com\/wp-content\/uploads\/2020\/10\/MU68_04-768x786.jpg 768w, https:\/\/ygspower.com\/wp-content\/uploads\/2020\/10\/MU68_04-12x12.jpg 12w, https:\/\/ygspower.com\/wp-content\/uploads\/2020\/10\/MU68_04-600x614.jpg 600w\" sizes=\"(max-width: 1500px) 100vw, 1500px\" \/> <img loading=\"lazy\" decoding=\"async\" class=\"aligncenter size-full wp-image-11754\" src=\"http:\/\/ygspower.com\/wp-content\/uploads\/2020\/10\/MU68_05.jpg\" alt=\"\" width=\"1500\" height=\"1557\" srcset=\"https:\/\/ygspower.com\/wp-content\/uploads\/2020\/10\/MU68_05.jpg 1500w, https:\/\/ygspower.com\/wp-content\/uploads\/2020\/10\/MU68_05-289x300.jpg 289w, https:\/\/ygspower.com\/wp-content\/uploads\/2020\/10\/MU68_05-987x1024.jpg 987w, https:\/\/ygspower.com\/wp-content\/uploads\/2020\/10\/MU68_05-768x797.jpg 768w, https:\/\/ygspower.com\/wp-content\/uploads\/2020\/10\/MU68_05-1480x1536.jpg 1480w, https:\/\/ygspower.com\/wp-content\/uploads\/2020\/10\/MU68_05-12x12.jpg 12w, https:\/\/ygspower.com\/wp-content\/uploads\/2020\/10\/MU68_05-600x623.jpg 600w\" sizes=\"(max-width: 1500px) 100vw, 1500px\" \/> <img loading=\"lazy\" decoding=\"async\" class=\"aligncenter size-full wp-image-11755\" src=\"http:\/\/ygspower.com\/wp-content\/uploads\/2020\/10\/MU68_06.jpg\" alt=\"\" width=\"1500\" height=\"1597\" srcset=\"https:\/\/ygspower.com\/wp-content\/uploads\/2020\/10\/MU68_06.jpg 1500w, https:\/\/ygspower.com\/wp-content\/uploads\/2020\/10\/MU68_06-282x300.jpg 282w, https:\/\/ygspower.com\/wp-content\/uploads\/2020\/10\/MU68_06-962x1024.jpg 962w, https:\/\/ygspower.com\/wp-content\/uploads\/2020\/10\/MU68_06-768x818.jpg 768w, https:\/\/ygspower.com\/wp-content\/uploads\/2020\/10\/MU68_06-1443x1536.jpg 1443w, https:\/\/ygspower.com\/wp-content\/uploads\/2020\/10\/MU68_06-11x12.jpg 11w, https:\/\/ygspower.com\/wp-content\/uploads\/2020\/10\/MU68_06-600x639.jpg 600w\" sizes=\"(max-width: 1500px) 100vw, 1500px\" \/> <img loading=\"lazy\" decoding=\"async\" class=\"aligncenter size-full wp-image-11756\" src=\"http:\/\/ygspower.com\/wp-content\/uploads\/2020\/10\/MU68_07.jpg\" alt=\"\" width=\"1500\" height=\"1366\" srcset=\"https:\/\/ygspower.com\/wp-content\/uploads\/2020\/10\/MU68_07.jpg 1500w, https:\/\/ygspower.com\/wp-content\/uploads\/2020\/10\/MU68_07-300x273.jpg 300w, https:\/\/ygspower.com\/wp-content\/uploads\/2020\/10\/MU68_07-1024x933.jpg 1024w, https:\/\/ygspower.com\/wp-content\/uploads\/2020\/10\/MU68_07-768x699.jpg 768w, https:\/\/ygspower.com\/wp-content\/uploads\/2020\/10\/MU68_07-13x12.jpg 13w, https:\/\/ygspower.com\/wp-content\/uploads\/2020\/10\/MU68_07-600x546.jpg 600w\" sizes=\"(max-width: 1500px) 100vw, 1500px\" \/> <img loading=\"lazy\" decoding=\"async\" class=\"aligncenter size-full wp-image-11757\" src=\"http:\/\/ygspower.com\/wp-content\/uploads\/2020\/10\/MU68_08.jpg\" alt=\"\" width=\"1500\" height=\"1916\" srcset=\"https:\/\/ygspower.com\/wp-content\/uploads\/2020\/10\/MU68_08.jpg 1500w, https:\/\/ygspower.com\/wp-content\/uploads\/2020\/10\/MU68_08-235x300.jpg 235w, https:\/\/ygspower.com\/wp-content\/uploads\/2020\/10\/MU68_08-802x1024.jpg 802w, https:\/\/ygspower.com\/wp-content\/uploads\/2020\/10\/MU68_08-768x981.jpg 768w, https:\/\/ygspower.com\/wp-content\/uploads\/2020\/10\/MU68_08-1203x1536.jpg 1203w, https:\/\/ygspower.com\/wp-content\/uploads\/2020\/10\/MU68_08-9x12.jpg 9w, https:\/\/ygspower.com\/wp-content\/uploads\/2020\/10\/MU68_08-600x766.jpg 600w\" sizes=\"(max-width: 1500px) 100vw, 1500px\" \/> <img loading=\"lazy\" decoding=\"async\" class=\"aligncenter size-full wp-image-11758\" src=\"http:\/\/ygspower.com\/wp-content\/uploads\/2020\/10\/MU68_09.jpg\" alt=\"\" width=\"1500\" height=\"2498\" srcset=\"https:\/\/ygspower.com\/wp-content\/uploads\/2020\/10\/MU68_09.jpg 1500w, https:\/\/ygspower.com\/wp-content\/uploads\/2020\/10\/MU68_09-180x300.jpg 180w, https:\/\/ygspower.com\/wp-content\/uploads\/2020\/10\/MU68_09-615x1024.jpg 615w, https:\/\/ygspower.com\/wp-content\/uploads\/2020\/10\/MU68_09-768x1279.jpg 768w, https:\/\/ygspower.com\/wp-content\/uploads\/2020\/10\/MU68_09-922x1536.jpg 922w, https:\/\/ygspower.com\/wp-content\/uploads\/2020\/10\/MU68_09-1230x2048.jpg 1230w, https:\/\/ygspower.com\/wp-content\/uploads\/2020\/10\/MU68_09-7x12.jpg 7w, https:\/\/ygspower.com\/wp-content\/uploads\/2020\/10\/MU68_09-600x999.jpg 600w\" sizes=\"(max-width: 1500px) 100vw, 1500px\" \/> <img loading=\"lazy\" decoding=\"async\" class=\"aligncenter size-full wp-image-11759\" src=\"http:\/\/ygspower.com\/wp-content\/uploads\/2020\/10\/MU68_10-scaled.jpg\" alt=\"\" width=\"1326\" height=\"2560\" srcset=\"https:\/\/ygspower.com\/wp-content\/uploads\/2020\/10\/MU68_10-scaled.jpg 1326w, https:\/\/ygspower.com\/wp-content\/uploads\/2020\/10\/MU68_10-155x300.jpg 155w, https:\/\/ygspower.com\/wp-content\/uploads\/2020\/10\/MU68_10-530x1024.jpg 530w, https:\/\/ygspower.com\/wp-content\/uploads\/2020\/10\/MU68_10-768x1483.jpg 768w, https:\/\/ygspower.com\/wp-content\/uploads\/2020\/10\/MU68_10-796x1536.jpg 796w, https:\/\/ygspower.com\/wp-content\/uploads\/2020\/10\/MU68_10-1061x2048.jpg 1061w, https:\/\/ygspower.com\/wp-content\/uploads\/2020\/10\/MU68_10-6x12.jpg 6w, https:\/\/ygspower.com\/wp-content\/uploads\/2020\/10\/MU68_10-600x1158.jpg 600w\" sizes=\"(max-width: 1326px) 100vw, 1326px\" \/><\/p>\n<p>&nbsp;<\/p>\n<p align=\"left\" data-spm-anchor-id=\"a2700.wholesale.0.i27.aa498e710SqqCh\"><strong><span data-spm-anchor-id=\"a2700.wholesale.0.i28.aa498e710SqqCh\">Preguntas frecuentes.<\/span><\/strong><\/p>\n<p align=\"left\"><strong>\u00bfEs usted un fabricante?<\/strong><\/p>\n<p align=\"left\">S\u00ed, Mylion es un fabricante.<\/p>\n<p align=\"left\"><strong>\u00bfPuedo tener un pedido de muestra?<\/strong><\/p>\n<p align=\"left\">S\u00ed, aceptamos pedidos de muestra para probar y verificar la calidad.<\/p>\n<p align=\"left\"><strong>\u00bfQu\u00e9 pasa con el plazo de entrega?<\/strong><\/p>\n<p align=\"left\">1. La muestra necesita de 3 a 5 d\u00edas.<\/p>\n<p align=\"left\">2. Pedido oficial, el tiempo de producci\u00f3n en masa necesita de 2 a 4 semanas.<\/p>\n<p align=\"left\"><strong>\u00bfTiene alg\u00fan l\u00edmite de MOQ?<\/strong><\/p>\n<p align=\"left\">1. Para ventas al por menor, no tenemos MOQ. Se puede pedir 1 pieza.<\/p>\n<p align=\"left\">2. Para ventas al por mayor, tenemos MOQ para un mejor precio, normalmente 100 piezas.<\/p>\n<p align=\"left\"><strong>\u00bfC\u00f3mo se env\u00eda la mercanc\u00eda y cu\u00e1nto tiempo tarda en llegar?<\/strong><\/p>\n<p align=\"left\">1. Para cantidades peque\u00f1as, a menudo enviamos por expreso, el tiempo de llegada es de aproximadamente 3 a 10 d\u00edas a diferentes pa\u00edses.<\/p>\n<p align=\"left\">2. Para pedidos oficiales, se recomienda enviar por mar para ahorrar costos. El tiempo de llegada a EE. UU. es de aproximadamente 20 a 25 d\u00edas; el tiempo de llegada a Europa es de aproximadamente 25 a 30 d\u00edas.<\/p>\n<p align=\"left\"><strong>\u00bfC\u00f3mo proceder con un pedido?<\/strong><\/p>\n<p align=\"left\">1. H\u00e1ganos saber sus requisitos o aplicaci\u00f3n.<\/p>\n<p align=\"left\">2. Cotizamos seg\u00fan sus requerimientos o nuestras sugerencias.<\/p>\n<p align=\"left\">3. El cliente confirma las muestras y realiza un dep\u00f3sito para el pedido formal.<\/p>\n<p align=\"left\">4. Organizamos la producci\u00f3n.<\/p>\n<p align=\"left\"><strong>\u00bfEst\u00e1 bien imprimir mi logotipo en el producto?<\/strong><\/p>\n<p align=\"left\">1.\u00a0\u00a0\u00a0\u00a0\u00a0\u00a0<span data-spm-anchor-id=\"a2700.wholesale.0.i29.aa498e710SqqCh\">Para pedidos de peque\u00f1as cantidades o ventas al por menor.<\/span>, sin servicio personalizado.<\/p>\n<p align=\"left\">2. Para ventas al por mayor, el servicio personalizado es bienvenido, por favor env\u00edenos su obra de arte.<\/p>\n<p align=\"left\"><strong>\u00bfQu\u00e9 certificados tienes?<\/strong><\/p>\n<p align=\"left\">Contamos con certificaciones CE\/FCC\/ROHS\/UN38.3\/MSDS, etc. Prometemos una buena calidad a nuestros clientes.<\/p>\n<p align=\"left\"><strong>\u00bfQu\u00e9 pasa con la garant\u00eda?<\/strong><\/p>\n<p>1 a\u00f1o de garant\u00eda<\/p>\n<p>Si tiene alguna pregunta, comun\u00edquese con el equipo de Mylionsales.<\/p>\n<p>Skype: appleasia. WhatsApp: +86 15601782817<\/p>\n<p>Puede obtener nuestra respuesta en 8 horas.<\/p>","protected":false},"excerpt":{"rendered":"<ul>\n<li>Tipo: MU68W 12 V 2 A 45 Wh<\/li>\n<li>Nombre del producto: Mylion Mini DC UPS 12v Bater\u00eda de litio Fuente de alimentaci\u00f3n de respaldo<\/li>\n<li>Aplicaci\u00f3n: enrutador, ONT, CPE, OLT, ONU, ODN, telecomunicaciones, wifi, internet, etc.<\/li>\n<li>Caracter\u00edsticas: carcasa antiincendios, protecci\u00f3n de temperatura, dise\u00f1o atractivo, peque\u00f1o, seguro, inteligente.<\/li>\n<li>Tipo de bater\u00eda: bater\u00eda de iones de litio<\/li>\n<li>Tiempo de respaldo: m\u00e1s de 9 horas para enrutador 12v0.5a<\/li>\n<li>Funci\u00f3n: ofrece energ\u00eda a los dispositivos electr\u00f3nicos autom\u00e1ticamente cuando se produce un corte de energ\u00eda de CA.<\/li>\n<li>Certificaci\u00f3n: prueba CE, FCC, UL<\/li>\n<\/ul>","protected":false},"featured_media":11741,"template":"","meta":{"_seopress_robots_primary_cat":"none","_seopress_titles_title":"Mylin Mini DC UPS MU68W 12V Lithium ion Battery Backup","_seopress_titles_desc":"#Mylin Mini DC UPS MU68W 12V #Lithium ion #Battery Backup","_seopress_robots_index":"","site-sidebar-layout":"default","site-content-layout":"default","ast-site-content-layout":"default","site-content-style":"default","site-sidebar-style":"default","ast-global-header-display":"","ast-banner-title-visibility":"","ast-main-header-display":"","ast-hfb-above-header-display":"","ast-hfb-below-header-display":"","ast-hfb-mobile-header-display":"","site-post-title":"","ast-breadcrumbs-content":"","ast-featured-img":"","footer-sml-layout":"","theme-transparent-header-meta":"default","adv-header-id-meta":"","stick-header-meta":"","header-above-stick-meta":"","header-main-stick-meta":"","header-below-stick-meta":"","astra-migrate-meta-layouts":"set","ast-page-background-enabled":"default","ast-page-background-meta":{"desktop":{"background-color":"","background-image":"","background-repeat":"repeat","background-position":"center center","background-size":"auto","background-attachment":"scroll","background-type":"","background-media":"","overlay-type":"","overlay-color":"","overlay-opacity":"","overlay-gradient":""},"tablet":{"background-color":"","background-image":"","background-repeat":"repeat","background-position":"center center","background-size":"auto","background-attachment":"scroll","background-type":"","background-media":"","overlay-type":"","overlay-color":"","overlay-opacity":"","overlay-gradient":""},"mobile":{"background-color":"","background-image":"","background-repeat":"repeat","background-position":"center center","background-size":"auto","background-attachment":"scroll","background-type":"","background-media":"","overlay-type":"","overlay-color":"","overlay-opacity":"","overlay-gradient":""}},"ast-content-background-meta":{"desktop":{"background-color":"var(--ast-global-color-5)","background-image":"","background-repeat":"repeat","background-position":"center center","background-size":"auto","background-attachment":"scroll","background-type":"","background-media":"","overlay-type":"","overlay-color":"","overlay-opacity":"","overlay-gradient":""},"tablet":{"background-color":"var(--ast-global-color-5)","background-image":"","background-repeat":"repeat","background-position":"center center","background-size":"auto","background-attachment":"scroll","background-type":"","background-media":"","overlay-type":"","overlay-color":"","overlay-opacity":"","overlay-gradient":""},"mobile":{"background-color":"var(--ast-global-color-5)","background-image":"","background-repeat":"repeat","background-position":"center center","background-size":"auto","background-attachment":"scroll","background-type":"","background-media":"","overlay-type":"","overlay-color":"","overlay-opacity":"","overlay-gradient":""}}},"product_brand":[],"product_cat":[80,3,21],"product_tag":[54,56,70,55,173,52,51,74,183,53],"class_list":{"0":"post-19","1":"product","2":"type-product","3":"status-publish","4":"has-post-thumbnail","6":"product_cat-4-main-products-mini-ups-battery-backup-life-po4-battery-gel-battery-lithium-battery","7":"product_cat-mini-dc-ups","8":"product_cat-promotion-wholesales-factory-price","9":"product_tag-12v-dc-ups","10":"product_tag-12v-lithium-battery","11":"product_tag-12v-mini-ups","12":"product_tag-battery-backup","13":"product_tag-blackfriday","14":"product_tag-dc-ups","15":"product_tag-mini-ups","16":"product_tag-mylion","17":"product_tag-mylion-mini-ups","18":"product_tag-router-ups","19":"product_shipping_class-bulk","20":"desktop-align-left","21":"tablet-align-left","22":"mobile-align-left","24":"first","25":"instock","26":"shipping-taxable","27":"product-type-simple"},"_links":{"self":[{"href":"https:\/\/ygspower.com\/es\/wp-json\/wp\/v2\/product\/19","targetHints":{"allow":["GET"]}}],"collection":[{"href":"https:\/\/ygspower.com\/es\/wp-json\/wp\/v2\/product"}],"about":[{"href":"https:\/\/ygspower.com\/es\/wp-json\/wp\/v2\/types\/product"}],"version-history":[{"count":7,"href":"https:\/\/ygspower.com\/es\/wp-json\/wp\/v2\/product\/19\/revisions"}],"predecessor-version":[{"id":11760,"href":"https:\/\/ygspower.com\/es\/wp-json\/wp\/v2\/product\/19\/revisions\/11760"}],"wp:featuredmedia":[{"embeddable":true,"href":"https:\/\/ygspower.com\/es\/wp-json\/wp\/v2\/media\/11741"}],"wp:attachment":[{"href":"https:\/\/ygspower.com\/es\/wp-json\/wp\/v2\/media?parent=19"}],"wp:term":[{"taxonomy":"product_brand","embeddable":true,"href":"https:\/\/ygspower.com\/es\/wp-json\/wp\/v2\/product_brand?post=19"},{"taxonomy":"product_cat","embeddable":true,"href":"https:\/\/ygspower.com\/es\/wp-json\/wp\/v2\/product_cat?post=19"},{"taxonomy":"product_tag","embeddable":true,"href":"https:\/\/ygspower.com\/es\/wp-json\/wp\/v2\/product_tag?post=19"}],"curies":[{"name":"wp","href":"https:\/\/api.w.org\/{rel}","templated":true}]}}