{"id":211,"date":"2020-10-26T07:42:36","date_gmt":"2020-10-25T23:42:36","guid":{"rendered":"http:\/\/zhangs1.sg-host.com\/?post_type=product&#038;p=211"},"modified":"2022-03-23T13:50:01","modified_gmt":"2022-03-23T05:50:01","slug":"wireless-charge-15w-multi-function-power-bank-mpw922","status":"publish","type":"product","link":"https:\/\/ygspower.com\/es\/producto\/wireless-charge-15w-multi-function-power-bank-mpw922\/","title":{"rendered":"Banco de energ\u00eda multifunci\u00f3n MPW922 de 15 W con carga inal\u00e1mbrica y env\u00edo gratuito"},"content":{"rendered":"<div class=\"ast-oembed-container\" style=\"height: 100%;\"><iframe title=\"Banco de energ\u00eda multifunci\u00f3n Mylion, bater\u00eda de iones de litio, respaldo de energ\u00eda port\u00e1til\" width=\"500\" height=\"281\" src=\"https:\/\/www.youtube.com\/embed\/tstY5IEiU8g?feature=oembed\" frameborder=\"0\" allow=\"accelerometer; autoplay; clipboard-write; encrypted-media; gyroscope; picture-in-picture; web-share\" referrerpolicy=\"strict-origin-when-cross-origin\" allowfullscreen><\/iframe><\/div>\n<p><img fetchpriority=\"high\" decoding=\"async\" class=\"aligncenter size-full wp-image-79\" src=\"http:\/\/zhangs1.sg-host.com\/wp-content\/uploads\/2020\/10\/powerbank_01.jpg\" alt=\"\" width=\"750\" height=\"328\" srcset=\"https:\/\/ygspower.com\/wp-content\/uploads\/2020\/10\/powerbank_01.jpg 750w, https:\/\/ygspower.com\/wp-content\/uploads\/2020\/10\/powerbank_01-600x262.jpg 600w, https:\/\/ygspower.com\/wp-content\/uploads\/2020\/10\/powerbank_01-300x131.jpg 300w\" sizes=\"(max-width: 750px) 100vw, 750px\" \/> <img decoding=\"async\" class=\"aligncenter size-full wp-image-80\" src=\"http:\/\/zhangs1.sg-host.com\/wp-content\/uploads\/2020\/10\/powerbank_02.jpg\" alt=\"\" width=\"750\" height=\"935\" srcset=\"https:\/\/ygspower.com\/wp-content\/uploads\/2020\/10\/powerbank_02.jpg 750w, https:\/\/ygspower.com\/wp-content\/uploads\/2020\/10\/powerbank_02-600x748.jpg 600w, https:\/\/ygspower.com\/wp-content\/uploads\/2020\/10\/powerbank_02-241x300.jpg 241w\" sizes=\"(max-width: 750px) 100vw, 750px\" \/> <img decoding=\"async\" class=\"aligncenter size-full wp-image-188\" src=\"http:\/\/zhangs1.sg-host.com\/wp-content\/uploads\/2020\/10\/powerbank_3.jpg\" alt=\"\" width=\"750\" height=\"904\" srcset=\"https:\/\/ygspower.com\/wp-content\/uploads\/2020\/10\/powerbank_3.jpg 750w, https:\/\/ygspower.com\/wp-content\/uploads\/2020\/10\/powerbank_3-600x723.jpg 600w, https:\/\/ygspower.com\/wp-content\/uploads\/2020\/10\/powerbank_3-249x300.jpg 249w\" sizes=\"(max-width: 750px) 100vw, 750px\" \/> <img loading=\"lazy\" decoding=\"async\" class=\"aligncenter size-full wp-image-81\" src=\"http:\/\/zhangs1.sg-host.com\/wp-content\/uploads\/2020\/10\/powerbank_03.jpg\" alt=\"\" width=\"750\" height=\"1669\" srcset=\"https:\/\/ygspower.com\/wp-content\/uploads\/2020\/10\/powerbank_03.jpg 750w, https:\/\/ygspower.com\/wp-content\/uploads\/2020\/10\/powerbank_03-600x1335.jpg 600w, https:\/\/ygspower.com\/wp-content\/uploads\/2020\/10\/powerbank_03-135x300.jpg 135w, https:\/\/ygspower.com\/wp-content\/uploads\/2020\/10\/powerbank_03-460x1024.jpg 460w, https:\/\/ygspower.com\/wp-content\/uploads\/2020\/10\/powerbank_03-690x1536.jpg 690w\" sizes=\"(max-width: 750px) 100vw, 750px\" \/> <img loading=\"lazy\" decoding=\"async\" class=\"aligncenter size-full wp-image-82\" src=\"http:\/\/zhangs1.sg-host.com\/wp-content\/uploads\/2020\/10\/powerbank_04.jpg\" alt=\"\" width=\"750\" height=\"1308\" srcset=\"https:\/\/ygspower.com\/wp-content\/uploads\/2020\/10\/powerbank_04.jpg 750w, https:\/\/ygspower.com\/wp-content\/uploads\/2020\/10\/powerbank_04-600x1046.jpg 600w, https:\/\/ygspower.com\/wp-content\/uploads\/2020\/10\/powerbank_04-172x300.jpg 172w, https:\/\/ygspower.com\/wp-content\/uploads\/2020\/10\/powerbank_04-587x1024.jpg 587w\" sizes=\"(max-width: 750px) 100vw, 750px\" \/> <img loading=\"lazy\" decoding=\"async\" class=\"aligncenter size-full wp-image-83\" src=\"http:\/\/zhangs1.sg-host.com\/wp-content\/uploads\/2020\/10\/powerbank_05.jpg\" alt=\"\" width=\"750\" height=\"1251\" srcset=\"https:\/\/ygspower.com\/wp-content\/uploads\/2020\/10\/powerbank_05.jpg 750w, https:\/\/ygspower.com\/wp-content\/uploads\/2020\/10\/powerbank_05-600x1001.jpg 600w, https:\/\/ygspower.com\/wp-content\/uploads\/2020\/10\/powerbank_05-180x300.jpg 180w, https:\/\/ygspower.com\/wp-content\/uploads\/2020\/10\/powerbank_05-614x1024.jpg 614w\" sizes=\"(max-width: 750px) 100vw, 750px\" \/> <img loading=\"lazy\" decoding=\"async\" class=\"aligncenter size-full wp-image-84\" src=\"http:\/\/zhangs1.sg-host.com\/wp-content\/uploads\/2020\/10\/powerbank_06.jpg\" alt=\"\" width=\"750\" height=\"1238\" srcset=\"https:\/\/ygspower.com\/wp-content\/uploads\/2020\/10\/powerbank_06.jpg 750w, https:\/\/ygspower.com\/wp-content\/uploads\/2020\/10\/powerbank_06-600x990.jpg 600w, https:\/\/ygspower.com\/wp-content\/uploads\/2020\/10\/powerbank_06-182x300.jpg 182w, https:\/\/ygspower.com\/wp-content\/uploads\/2020\/10\/powerbank_06-620x1024.jpg 620w\" sizes=\"(max-width: 750px) 100vw, 750px\" \/> <img loading=\"lazy\" decoding=\"async\" class=\"aligncenter size-full wp-image-85\" src=\"http:\/\/zhangs1.sg-host.com\/wp-content\/uploads\/2020\/10\/powerbank_07.jpg\" alt=\"\" width=\"750\" height=\"1314\" srcset=\"https:\/\/ygspower.com\/wp-content\/uploads\/2020\/10\/powerbank_07.jpg 750w, https:\/\/ygspower.com\/wp-content\/uploads\/2020\/10\/powerbank_07-600x1051.jpg 600w, https:\/\/ygspower.com\/wp-content\/uploads\/2020\/10\/powerbank_07-171x300.jpg 171w, https:\/\/ygspower.com\/wp-content\/uploads\/2020\/10\/powerbank_07-584x1024.jpg 584w\" sizes=\"(max-width: 750px) 100vw, 750px\" \/> <img loading=\"lazy\" decoding=\"async\" class=\"aligncenter size-full wp-image-86\" src=\"http:\/\/zhangs1.sg-host.com\/wp-content\/uploads\/2020\/10\/powerbank_08.jpg\" alt=\"\" width=\"750\" height=\"1478\" srcset=\"https:\/\/ygspower.com\/wp-content\/uploads\/2020\/10\/powerbank_08.jpg 750w, https:\/\/ygspower.com\/wp-content\/uploads\/2020\/10\/powerbank_08-600x1182.jpg 600w, https:\/\/ygspower.com\/wp-content\/uploads\/2020\/10\/powerbank_08-152x300.jpg 152w, https:\/\/ygspower.com\/wp-content\/uploads\/2020\/10\/powerbank_08-520x1024.jpg 520w\" sizes=\"(max-width: 750px) 100vw, 750px\" \/> <img loading=\"lazy\" decoding=\"async\" class=\"aligncenter size-full wp-image-87\" src=\"http:\/\/zhangs1.sg-host.com\/wp-content\/uploads\/2020\/10\/powerbank_09.jpg\" alt=\"\" width=\"750\" height=\"1511\" srcset=\"https:\/\/ygspower.com\/wp-content\/uploads\/2020\/10\/powerbank_09.jpg 750w, https:\/\/ygspower.com\/wp-content\/uploads\/2020\/10\/powerbank_09-600x1209.jpg 600w, https:\/\/ygspower.com\/wp-content\/uploads\/2020\/10\/powerbank_09-149x300.jpg 149w, https:\/\/ygspower.com\/wp-content\/uploads\/2020\/10\/powerbank_09-508x1024.jpg 508w\" sizes=\"(max-width: 750px) 100vw, 750px\" \/> <img loading=\"lazy\" decoding=\"async\" class=\"aligncenter size-full wp-image-88\" src=\"http:\/\/zhangs1.sg-host.com\/wp-content\/uploads\/2020\/10\/powerbank_10.jpg\" alt=\"\" width=\"750\" height=\"1047\" srcset=\"https:\/\/ygspower.com\/wp-content\/uploads\/2020\/10\/powerbank_10.jpg 750w, https:\/\/ygspower.com\/wp-content\/uploads\/2020\/10\/powerbank_10-600x838.jpg 600w, https:\/\/ygspower.com\/wp-content\/uploads\/2020\/10\/powerbank_10-215x300.jpg 215w, https:\/\/ygspower.com\/wp-content\/uploads\/2020\/10\/powerbank_10-734x1024.jpg 734w\" sizes=\"(max-width: 750px) 100vw, 750px\" \/><\/p>","protected":false},"excerpt":{"rendered":"<ul class=\"ul1\">\n<li class=\"li1\">Tipo: MPW922<\/li>\n<li class=\"li1\">Nombre del producto: bater\u00eda de iones de litio de respaldo de 12 V, banco de energ\u00eda de carga inal\u00e1mbrica<\/li>\n<li class=\"li1\">Certificaci\u00f3n: CE<span class=\"s2\">,<\/span>Comisi\u00f3n Federal de Comunicaciones (FCC)<span class=\"s2\">,<\/span>Compatibilidad electromagn\u00e9tica<\/li>\n<li class=\"li1\">Funci\u00f3n: Carga inal\u00e1mbrica<span class=\"s2\">,<\/span> Carga r\u00e1pida de 15 W<span class=\"s2\">,<\/span>Salida USB multifunci\u00f3n de 5 V\/12 V CC<\/li>\n<li class=\"li1\">Capacidad de la bater\u00eda: 12 V 2 A 74 Wh\/12 V 6600 mAh\/5 V 20 000 mAh<\/li>\n<li class=\"li1\">Tipo de bater\u00eda: Bater\u00eda de iones de litio<\/li>\n<li class=\"li1\">Aplicaci\u00f3n: cpap<span class=\"s2\">,<\/span>c\u00e1mara<span class=\"s2\">,<\/span>condujo<span class=\"s2\">,<\/span>Tel\u00e9fono inteligente<span class=\"s2\">,<\/span>pesca<span class=\"s2\">,<\/span>acampar<span class=\"s2\">,<\/span>zumbido<span class=\"s2\">,<\/span>enrutador<span class=\"s2\">,<\/span>ventilador etc.<\/li>\n<li class=\"li1\">Caracter\u00edstica: carga inal\u00e1mbrica<span class=\"s2\">,<\/span> Carga r\u00e1pida de 15 W<span class=\"s2\">,<\/span>multifunci\u00f3n<span class=\"s2\">,<\/span> Peque\u00f1o tama\u00f1o, gran capacidad<span class=\"s2\">,<\/span> Carga la aplicaci\u00f3n del iPhone 12 entre 8 y 9 veces<span class=\"s2\">,<\/span> port\u00e1til<\/li>\n<li class=\"li1\">Accesorios gratuitos: cargador de 12 V y cable de transferencia<\/li>\n<\/ul>","protected":false},"featured_media":188,"template":"","meta":{"_seopress_robots_primary_cat":"none","_seopress_titles_title":"#blackfriday free shipping Wireless Charge 15W Multi-function Power Bank MPW922","_seopress_titles_desc":"#blackfriday free shipping Wireless Charge 15W Multi-function Power Bank MPW922","_seopress_robots_index":"","site-sidebar-layout":"default","site-content-layout":"default","ast-site-content-layout":"default","site-content-style":"default","site-sidebar-style":"default","ast-global-header-display":"","ast-banner-title-visibility":"","ast-main-header-display":"","ast-hfb-above-header-display":"","ast-hfb-below-header-display":"","ast-hfb-mobile-header-display":"","site-post-title":"","ast-breadcrumbs-content":"","ast-featured-img":"","footer-sml-layout":"","theme-transparent-header-meta":"default","adv-header-id-meta":"","stick-header-meta":"","header-above-stick-meta":"","header-main-stick-meta":"","header-below-stick-meta":"","astra-migrate-meta-layouts":"default","ast-page-background-enabled":"default","ast-page-background-meta":{"desktop":{"background-color":"","background-image":"","background-repeat":"repeat","background-position":"center center","background-size":"auto","background-attachment":"scroll","background-type":"","background-media":"","overlay-type":"","overlay-color":"","overlay-opacity":"","overlay-gradient":""},"tablet":{"background-color":"","background-image":"","background-repeat":"repeat","background-position":"center center","background-size":"auto","background-attachment":"scroll","background-type":"","background-media":"","overlay-type":"","overlay-color":"","overlay-opacity":"","overlay-gradient":""},"mobile":{"background-color":"","background-image":"","background-repeat":"repeat","background-position":"center center","background-size":"auto","background-attachment":"scroll","background-type":"","background-media":"","overlay-type":"","overlay-color":"","overlay-opacity":"","overlay-gradient":""}},"ast-content-background-meta":{"desktop":{"background-color":"var(--ast-global-color-5)","background-image":"","background-repeat":"repeat","background-position":"center center","background-size":"auto","background-attachment":"scroll","background-type":"","background-media":"","overlay-type":"","overlay-color":"","overlay-opacity":"","overlay-gradient":""},"tablet":{"background-color":"var(--ast-global-color-5)","background-image":"","background-repeat":"repeat","background-position":"center center","background-size":"auto","background-attachment":"scroll","background-type":"","background-media":"","overlay-type":"","overlay-color":"","overlay-opacity":"","overlay-gradient":""},"mobile":{"background-color":"var(--ast-global-color-5)","background-image":"","background-repeat":"repeat","background-position":"center center","background-size":"auto","background-attachment":"scroll","background-type":"","background-media":"","overlay-type":"","overlay-color":"","overlay-opacity":"","overlay-gradient":""}}},"product_brand":[],"product_cat":[5],"product_tag":[56,187,185,186,173,175,180,189,188,184,174,190],"class_list":{"0":"post-211","1":"product","2":"type-product","3":"status-publish","4":"has-post-thumbnail","6":"product_cat-multi-function-powerbank-portable-battery-portable-power-supply-backup","7":"product_tag-12v-lithium-battery","8":"product_tag-12v-portable-battery","9":"product_tag-12v-power-bank","10":"product_tag-12v-power-supply","11":"product_tag-blackfriday","12":"product_tag-discount","13":"product_tag-electronics","14":"product_tag-free-shipping","15":"product_tag-portable-battery","16":"product_tag-powerbank","17":"product_tag-promotion","18":"product_tag-wireless","19":"product_shipping_class-bulk","20":"desktop-align-left","21":"tablet-align-left","22":"mobile-align-left","24":"first","25":"instock","26":"shipping-taxable","27":"product-type-simple"},"_links":{"self":[{"href":"https:\/\/ygspower.com\/es\/wp-json\/wp\/v2\/product\/211","targetHints":{"allow":["GET"]}}],"collection":[{"href":"https:\/\/ygspower.com\/es\/wp-json\/wp\/v2\/product"}],"about":[{"href":"https:\/\/ygspower.com\/es\/wp-json\/wp\/v2\/types\/product"}],"version-history":[{"count":0,"href":"https:\/\/ygspower.com\/es\/wp-json\/wp\/v2\/product\/211\/revisions"}],"wp:featuredmedia":[{"embeddable":true,"href":"https:\/\/ygspower.com\/es\/wp-json\/wp\/v2\/media\/188"}],"wp:attachment":[{"href":"https:\/\/ygspower.com\/es\/wp-json\/wp\/v2\/media?parent=211"}],"wp:term":[{"taxonomy":"product_brand","embeddable":true,"href":"https:\/\/ygspower.com\/es\/wp-json\/wp\/v2\/product_brand?post=211"},{"taxonomy":"product_cat","embeddable":true,"href":"https:\/\/ygspower.com\/es\/wp-json\/wp\/v2\/product_cat?post=211"},{"taxonomy":"product_tag","embeddable":true,"href":"https:\/\/ygspower.com\/es\/wp-json\/wp\/v2\/product_tag?post=211"}],"curies":[{"name":"wp","href":"https:\/\/api.w.org\/{rel}","templated":true}]}}