{"id":215,"date":"2020-10-26T08:21:53","date_gmt":"2020-10-26T00:21:53","guid":{"rendered":"http:\/\/zhangs1.sg-host.com\/?post_type=product&#038;p=215"},"modified":"2022-10-25T16:45:58","modified_gmt":"2022-10-25T08:45:58","slug":"mini-ups-battery-backup-mu26","status":"publish","type":"product","link":"https:\/\/ygspower.com\/es\/producto\/mini-ups-battery-backup-mu26\/","title":{"rendered":"Env\u00edo gratuito de mini UPS Mylion 12 V MU26 5200 mAh para enrutador"},"content":{"rendered":"<div class=\"ast-oembed-container\" style=\"height: 100%;\"><iframe title=\"Mylion - Mini fuente de alimentaci\u00f3n ininterrumpida de CC con salida de 12 V, 2 A y 3 A, inteligente y segura, que nunca deje de funcionar.\" width=\"500\" height=\"281\" src=\"https:\/\/www.youtube.com\/embed\/oj755cYmdXI?feature=oembed\" frameborder=\"0\" allow=\"accelerometer; autoplay; clipboard-write; encrypted-media; gyroscope; picture-in-picture; web-share\" referrerpolicy=\"strict-origin-when-cross-origin\" allowfullscreen><\/iframe><\/div>\n<table width=\"781\">\n<tbody>\n<tr>\n<td colspan=\"2\" width=\"781\">Toda la informaci\u00f3n a continuaci\u00f3n es correcta y REAL.<\/td>\n<\/tr>\n<tr>\n<td>Nombre del estilo<\/td>\n<td>MU26W<\/td>\n<\/tr>\n<tr>\n<td>Nombre del producto<\/td>\n<td>Mini UPS de CC para m\u00f3dem ADSL, enrutador WiFi, c\u00e1mara de seguridad\/CCTV<\/td>\n<\/tr>\n<tr>\n<td>Voltaje de salida<\/td>\n<td>12 V<\/td>\n<\/tr>\n<tr>\n<td>Corriente de salida<\/td>\n<td>2A m\u00e1x.<\/td>\n<\/tr>\n<tr>\n<td>Potencia de salida<\/td>\n<td>19,24 Wh\/5200 mAh<\/td>\n<\/tr>\n<tr>\n<td>Voltaje de entrada<\/td>\n<td>12 V CC<\/td>\n<\/tr>\n<tr>\n<td>Corriente de entrada<\/td>\n<td>2,5 A CC<\/td>\n<\/tr>\n<tr>\n<td rowspan=\"2\">Tiempo de trabajo<\/td>\n<td>Salida 12 V 0,5 A (6 W): aprox. 3,5 horas<\/td>\n<\/tr>\n<tr>\n<td>Salida 12 V 1,0 A (12 W): aprox. 2 horas<\/td>\n<\/tr>\n<tr>\n<td>Puerto de carga (IN) Negro<\/td>\n<td>CC 5,5 \u00d7 2,1<\/td>\n<\/tr>\n<tr>\n<td>Puerto de descarga (OUT)Amarillo<\/td>\n<td>DC5.5\u00d72.5<\/td>\n<\/tr>\n<tr>\n<td>Material de la caja<\/td>\n<td>FR-ABS antiincendios<\/td>\n<\/tr>\n<tr>\n<td>Color de la caja<\/td>\n<td>Blanco<\/td>\n<\/tr>\n<tr>\n<td>Dimensiones de la caja<\/td>\n<td>112 x 70 x 60 mm<\/td>\n<\/tr>\n<tr>\n<td>Peso<\/td>\n<td>235 gramos<\/td>\n<\/tr>\n<tr>\n<td>Cable de transferencia gratuito<\/td>\n<td>AWG#20 50 cm de longitud, DC5.5\u00d72.1 negro y DC.5.5\u00d72.5 amarillo<\/td>\n<\/tr>\n<tr>\n<td>M\u00e9todo de cobro<\/td>\n<td>Adaptador 12V2.5A (el precio no incluye el costo del adaptador)<\/td>\n<\/tr>\n<tr>\n<td>Marca de celda de bater\u00eda<\/td>\n<td>Celular de marca china o celular japon\u00e9s de Corea<\/td>\n<\/tr>\n<tr>\n<td>Certificaci\u00f3n UPS<\/td>\n<td>CE, FCC, EMC, Informe<\/td>\n<\/tr>\n<tr>\n<td>Protecci\u00f3n de la bater\u00eda<\/td>\n<td width=\"553\">Protecci\u00f3n de temperatura, sobrecarga y descarga, sobrecorriente, cortocircuito.<\/td>\n<\/tr>\n<tr>\n<td>Ciclo de vida<\/td>\n<td>Capacidad est\u00e1ndar de carga y descarga \u226580%, ciclo de vida \u2265600 veces<\/td>\n<\/tr>\n<tr>\n<td>Solicitud<\/td>\n<td width=\"553\">WIFI, enrutador\/tp link\/c\u00e1mara ip\/sistema de seguridad\/acceso a la puerta\/m\u00e1quina expendedora\/luz LED\/tira de LED<\/td>\n<\/tr>\n<tr>\n<td>Paquete<\/td>\n<td>20 piezas en una caja (35 x 21 x 30 cm), aproximadamente 7 kg\/caja<\/td>\n<\/tr>\n<tr>\n<td>Garant\u00eda<\/td>\n<td>12 meses<\/td>\n<\/tr>\n<\/tbody>\n<\/table>\n<p class=\"p1\">El mejor aliado para trabajar desde casa. Haz que tu WiFi nunca se interrumpa ni siquiera en caso de corte de corriente.<span class=\"Apple-converted-space\">\u00a0<\/span><\/p>\n<p class=\"p1\">El mini SAI inteligente Mylion ofrece suministro de energ\u00eda ininterrumpido a su enrutador. Conecte el mini SAI Mylion a la fuente de alimentaci\u00f3n de CA y a su enrutador juntos. Cuando se produzca un corte de energ\u00eda de CA, el mini SAI Mylion ofrecer\u00e1 energ\u00eda a su enrutador autom\u00e1ticamente en menos de 0 segundos. Que su conexi\u00f3n WiFi nunca se interrumpa.<\/p>\n<p class=\"p1\">\u00a1Bienvenido distribuidor!<\/p>\n<p><img fetchpriority=\"high\" decoding=\"async\" class=\"aligncenter size-full wp-image-2800\" src=\"http:\/\/ygspower.com\/wp-content\/uploads\/2020\/10\/mylion-mini-ups-1-2.jpg\" alt=\"\" width=\"750\" height=\"325\" srcset=\"https:\/\/ygspower.com\/wp-content\/uploads\/2020\/10\/mylion-mini-ups-1-2.jpg 750w, https:\/\/ygspower.com\/wp-content\/uploads\/2020\/10\/mylion-mini-ups-1-2-600x260.jpg 600w, https:\/\/ygspower.com\/wp-content\/uploads\/2020\/10\/mylion-mini-ups-1-2-300x130.jpg 300w\" sizes=\"(max-width: 750px) 100vw, 750px\" \/> <img decoding=\"async\" class=\"aligncenter size-full wp-image-2801\" src=\"http:\/\/ygspower.com\/wp-content\/uploads\/2020\/10\/mylion-mini-ups-2-2.jpg\" alt=\"\" width=\"750\" height=\"947\" srcset=\"https:\/\/ygspower.com\/wp-content\/uploads\/2020\/10\/mylion-mini-ups-2-2.jpg 750w, https:\/\/ygspower.com\/wp-content\/uploads\/2020\/10\/mylion-mini-ups-2-2-600x758.jpg 600w, https:\/\/ygspower.com\/wp-content\/uploads\/2020\/10\/mylion-mini-ups-2-2-238x300.jpg 238w\" sizes=\"(max-width: 750px) 100vw, 750px\" \/> <img decoding=\"async\" class=\"aligncenter size-full wp-image-2802\" src=\"http:\/\/ygspower.com\/wp-content\/uploads\/2020\/10\/mylion-mini-ups-3-2.jpg\" alt=\"\" width=\"750\" height=\"2095\" srcset=\"https:\/\/ygspower.com\/wp-content\/uploads\/2020\/10\/mylion-mini-ups-3-2.jpg 750w, https:\/\/ygspower.com\/wp-content\/uploads\/2020\/10\/mylion-mini-ups-3-2-600x1676.jpg 600w, https:\/\/ygspower.com\/wp-content\/uploads\/2020\/10\/mylion-mini-ups-3-2-107x300.jpg 107w, https:\/\/ygspower.com\/wp-content\/uploads\/2020\/10\/mylion-mini-ups-3-2-367x1024.jpg 367w, https:\/\/ygspower.com\/wp-content\/uploads\/2020\/10\/mylion-mini-ups-3-2-550x1536.jpg 550w, https:\/\/ygspower.com\/wp-content\/uploads\/2020\/10\/mylion-mini-ups-3-2-733x2048.jpg 733w\" sizes=\"(max-width: 750px) 100vw, 750px\" \/> <img loading=\"lazy\" decoding=\"async\" class=\"aligncenter size-full wp-image-2803\" src=\"http:\/\/ygspower.com\/wp-content\/uploads\/2020\/10\/mylion-mini-ups-4-2.jpg\" alt=\"\" width=\"750\" height=\"1475\" srcset=\"https:\/\/ygspower.com\/wp-content\/uploads\/2020\/10\/mylion-mini-ups-4-2.jpg 750w, https:\/\/ygspower.com\/wp-content\/uploads\/2020\/10\/mylion-mini-ups-4-2-600x1180.jpg 600w, https:\/\/ygspower.com\/wp-content\/uploads\/2020\/10\/mylion-mini-ups-4-2-153x300.jpg 153w, https:\/\/ygspower.com\/wp-content\/uploads\/2020\/10\/mylion-mini-ups-4-2-521x1024.jpg 521w\" sizes=\"(max-width: 750px) 100vw, 750px\" \/> <img loading=\"lazy\" decoding=\"async\" class=\"aligncenter size-full wp-image-2804\" src=\"http:\/\/ygspower.com\/wp-content\/uploads\/2020\/10\/mylion-mini-ups-5-2.jpg\" alt=\"\" width=\"750\" height=\"1346\" srcset=\"https:\/\/ygspower.com\/wp-content\/uploads\/2020\/10\/mylion-mini-ups-5-2.jpg 750w, https:\/\/ygspower.com\/wp-content\/uploads\/2020\/10\/mylion-mini-ups-5-2-600x1077.jpg 600w, https:\/\/ygspower.com\/wp-content\/uploads\/2020\/10\/mylion-mini-ups-5-2-167x300.jpg 167w, https:\/\/ygspower.com\/wp-content\/uploads\/2020\/10\/mylion-mini-ups-5-2-571x1024.jpg 571w\" sizes=\"(max-width: 750px) 100vw, 750px\" \/> <img loading=\"lazy\" decoding=\"async\" class=\"aligncenter size-full wp-image-2805\" src=\"http:\/\/ygspower.com\/wp-content\/uploads\/2020\/10\/mylion-mini-ups-6-2.jpg\" alt=\"\" width=\"750\" height=\"1854\" srcset=\"https:\/\/ygspower.com\/wp-content\/uploads\/2020\/10\/mylion-mini-ups-6-2.jpg 750w, https:\/\/ygspower.com\/wp-content\/uploads\/2020\/10\/mylion-mini-ups-6-2-600x1483.jpg 600w, https:\/\/ygspower.com\/wp-content\/uploads\/2020\/10\/mylion-mini-ups-6-2-121x300.jpg 121w, https:\/\/ygspower.com\/wp-content\/uploads\/2020\/10\/mylion-mini-ups-6-2-414x1024.jpg 414w, https:\/\/ygspower.com\/wp-content\/uploads\/2020\/10\/mylion-mini-ups-6-2-621x1536.jpg 621w\" sizes=\"(max-width: 750px) 100vw, 750px\" \/> <img loading=\"lazy\" decoding=\"async\" class=\"aligncenter size-full wp-image-2806\" src=\"http:\/\/ygspower.com\/wp-content\/uploads\/2020\/10\/mylion-mini-ups-7-2-scaled.jpg\" alt=\"\" width=\"679\" height=\"2560\" srcset=\"https:\/\/ygspower.com\/wp-content\/uploads\/2020\/10\/mylion-mini-ups-7-2-scaled.jpg 679w, https:\/\/ygspower.com\/wp-content\/uploads\/2020\/10\/mylion-mini-ups-7-2-600x2261.jpg 600w\" sizes=\"(max-width: 679px) 100vw, 679px\" \/> <img loading=\"lazy\" decoding=\"async\" class=\"aligncenter size-full wp-image-2807\" src=\"http:\/\/ygspower.com\/wp-content\/uploads\/2020\/10\/mylion-mini-ups-8-2.jpg\" alt=\"\" width=\"750\" height=\"2402\" srcset=\"https:\/\/ygspower.com\/wp-content\/uploads\/2020\/10\/mylion-mini-ups-8-2.jpg 750w, https:\/\/ygspower.com\/wp-content\/uploads\/2020\/10\/mylion-mini-ups-8-2-600x1922.jpg 600w, https:\/\/ygspower.com\/wp-content\/uploads\/2020\/10\/mylion-mini-ups-8-2-94x300.jpg 94w, https:\/\/ygspower.com\/wp-content\/uploads\/2020\/10\/mylion-mini-ups-8-2-320x1024.jpg 320w, https:\/\/ygspower.com\/wp-content\/uploads\/2020\/10\/mylion-mini-ups-8-2-480x1536.jpg 480w, https:\/\/ygspower.com\/wp-content\/uploads\/2020\/10\/mylion-mini-ups-8-2-639x2048.jpg 639w\" sizes=\"(max-width: 750px) 100vw, 750px\" \/> <img loading=\"lazy\" decoding=\"async\" class=\"aligncenter size-full wp-image-2808\" src=\"http:\/\/ygspower.com\/wp-content\/uploads\/2020\/10\/mylion-mini-ups-9-2.jpg\" alt=\"\" width=\"750\" height=\"2402\" srcset=\"https:\/\/ygspower.com\/wp-content\/uploads\/2020\/10\/mylion-mini-ups-9-2.jpg 750w, https:\/\/ygspower.com\/wp-content\/uploads\/2020\/10\/mylion-mini-ups-9-2-600x1922.jpg 600w, https:\/\/ygspower.com\/wp-content\/uploads\/2020\/10\/mylion-mini-ups-9-2-94x300.jpg 94w, https:\/\/ygspower.com\/wp-content\/uploads\/2020\/10\/mylion-mini-ups-9-2-320x1024.jpg 320w, https:\/\/ygspower.com\/wp-content\/uploads\/2020\/10\/mylion-mini-ups-9-2-480x1536.jpg 480w, https:\/\/ygspower.com\/wp-content\/uploads\/2020\/10\/mylion-mini-ups-9-2-639x2048.jpg 639w\" sizes=\"(max-width: 750px) 100vw, 750px\" \/> <img loading=\"lazy\" decoding=\"async\" class=\"aligncenter size-full wp-image-2809\" src=\"http:\/\/ygspower.com\/wp-content\/uploads\/2020\/10\/mylion-mini-ups-10-2.jpg\" alt=\"\" width=\"750\" height=\"1037\" srcset=\"https:\/\/ygspower.com\/wp-content\/uploads\/2020\/10\/mylion-mini-ups-10-2.jpg 750w, https:\/\/ygspower.com\/wp-content\/uploads\/2020\/10\/mylion-mini-ups-10-2-600x830.jpg 600w, https:\/\/ygspower.com\/wp-content\/uploads\/2020\/10\/mylion-mini-ups-10-2-217x300.jpg 217w, https:\/\/ygspower.com\/wp-content\/uploads\/2020\/10\/mylion-mini-ups-10-2-741x1024.jpg 741w\" sizes=\"(max-width: 750px) 100vw, 750px\" \/><\/p>\n<p>&nbsp;<\/p>","protected":false},"excerpt":{"rendered":"<ul class=\"ul1\">\n<li class=\"li2\">Tipo: MU26W 12V 2A 19.24Wh 5800mah<\/li>\n<li class=\"li2\">Nombre del producto: Bater\u00eda de respaldo de litio mini DC UPS de Mylion<\/li>\n<li class=\"li2\">Certificaci\u00f3n: CE<span class=\"s2\">,<\/span>Comisi\u00f3n Federal de Comunicaciones (FCC)<span class=\"s2\">,<\/span>Compatibilidad electromagn\u00e9tica<\/li>\n<li class=\"li2\">Aplicaci\u00f3n: enrutador<span class=\"s2\">,<\/span>Adsl<span class=\"s2\">,<\/span>m\u00f3dem<span class=\"s2\">,<\/span>CCTV<span class=\"s2\">,<\/span>telecomunicaciones<span class=\"s2\">,<\/span>Wifi<span class=\"s2\">,<\/span>m\u00e9dico<span class=\"s2\">,<\/span>inal\u00e1mbrico<span class=\"s2\">,<\/span>condujo<span class=\"s2\">,<\/span>red<span class=\"s2\">,<\/span>Internet<\/li>\n<li class=\"li2\">Caracter\u00edsticas: funda antiincendios<span class=\"s2\">,<\/span> protecci\u00f3n de temperatura<span class=\"s2\">,<\/span> Puede funcionar con energ\u00eda solar<span class=\"s2\">,<\/span> Dise\u00f1o de perspectiva elegante<\/li>\n<li class=\"li2\">Tipo de bater\u00eda: bater\u00eda de iones de litio<\/li>\n<li class=\"li2\">Funci\u00f3n: peque\u00f1a<span class=\"s2\">,<\/span>elegante<span class=\"s2\">,<\/span>seguro<span class=\"s2\">,<\/span>Ofrecer energ\u00eda a los dispositivos electr\u00f3nicos cuando se produce un corte de energ\u00eda de CA<\/li>\n<li class=\"li2\">Protecci\u00f3n: ofrece energ\u00eda al enrutador 12v0.5A durante aproximadamente 3 a 4 horas<\/li>\n<\/ul>","protected":false},"featured_media":2817,"template":"","meta":{"_seopress_robots_primary_cat":"none","_seopress_titles_title":"Mylion Mini UPS Lithium Battery Backup MU26 19.24Wh 5200mAh For Router","_seopress_titles_desc":"Mylion Mini UPS Lithium Battery Backup MU26 19.24Wh 5200mAh For Router","_seopress_robots_index":"","site-sidebar-layout":"default","site-content-layout":"default","ast-site-content-layout":"default","site-content-style":"default","site-sidebar-style":"default","ast-global-header-display":"","ast-banner-title-visibility":"","ast-main-header-display":"","ast-hfb-above-header-display":"","ast-hfb-below-header-display":"","ast-hfb-mobile-header-display":"","site-post-title":"","ast-breadcrumbs-content":"","ast-featured-img":"","footer-sml-layout":"","theme-transparent-header-meta":"default","adv-header-id-meta":"","stick-header-meta":"","header-above-stick-meta":"","header-main-stick-meta":"","header-below-stick-meta":"","astra-migrate-meta-layouts":"default","ast-page-background-enabled":"default","ast-page-background-meta":{"desktop":{"background-color":"","background-image":"","background-repeat":"repeat","background-position":"center center","background-size":"auto","background-attachment":"scroll","background-type":"","background-media":"","overlay-type":"","overlay-color":"","overlay-opacity":"","overlay-gradient":""},"tablet":{"background-color":"","background-image":"","background-repeat":"repeat","background-position":"center center","background-size":"auto","background-attachment":"scroll","background-type":"","background-media":"","overlay-type":"","overlay-color":"","overlay-opacity":"","overlay-gradient":""},"mobile":{"background-color":"","background-image":"","background-repeat":"repeat","background-position":"center center","background-size":"auto","background-attachment":"scroll","background-type":"","background-media":"","overlay-type":"","overlay-color":"","overlay-opacity":"","overlay-gradient":""}},"ast-content-background-meta":{"desktop":{"background-color":"var(--ast-global-color-5)","background-image":"","background-repeat":"repeat","background-position":"center center","background-size":"auto","background-attachment":"scroll","background-type":"","background-media":"","overlay-type":"","overlay-color":"","overlay-opacity":"","overlay-gradient":""},"tablet":{"background-color":"var(--ast-global-color-5)","background-image":"","background-repeat":"repeat","background-position":"center center","background-size":"auto","background-attachment":"scroll","background-type":"","background-media":"","overlay-type":"","overlay-color":"","overlay-opacity":"","overlay-gradient":""},"mobile":{"background-color":"var(--ast-global-color-5)","background-image":"","background-repeat":"repeat","background-position":"center center","background-size":"auto","background-attachment":"scroll","background-type":"","background-media":"","overlay-type":"","overlay-color":"","overlay-opacity":"","overlay-gradient":""}}},"product_brand":[],"product_cat":[21],"product_tag":[54,70,52,51,74,75,53,73],"class_list":{"0":"post-215","1":"product","2":"type-product","3":"status-publish","4":"has-post-thumbnail","6":"product_cat-promotion-wholesales-factory-price","7":"product_tag-12v-dc-ups","8":"product_tag-12v-mini-ups","9":"product_tag-dc-ups","10":"product_tag-mini-ups","11":"product_tag-mylion","12":"product_tag-mylion-ups","13":"product_tag-router-ups","14":"product_tag-small-ups","15":"desktop-align-left","16":"tablet-align-left","17":"mobile-align-left","19":"first","20":"instock","21":"shipping-taxable","22":"product-type-simple"},"_links":{"self":[{"href":"https:\/\/ygspower.com\/es\/wp-json\/wp\/v2\/product\/215","targetHints":{"allow":["GET"]}}],"collection":[{"href":"https:\/\/ygspower.com\/es\/wp-json\/wp\/v2\/product"}],"about":[{"href":"https:\/\/ygspower.com\/es\/wp-json\/wp\/v2\/types\/product"}],"version-history":[{"count":0,"href":"https:\/\/ygspower.com\/es\/wp-json\/wp\/v2\/product\/215\/revisions"}],"wp:featuredmedia":[{"embeddable":true,"href":"https:\/\/ygspower.com\/es\/wp-json\/wp\/v2\/media\/2817"}],"wp:attachment":[{"href":"https:\/\/ygspower.com\/es\/wp-json\/wp\/v2\/media?parent=215"}],"wp:term":[{"taxonomy":"product_brand","embeddable":true,"href":"https:\/\/ygspower.com\/es\/wp-json\/wp\/v2\/product_brand?post=215"},{"taxonomy":"product_cat","embeddable":true,"href":"https:\/\/ygspower.com\/es\/wp-json\/wp\/v2\/product_cat?post=215"},{"taxonomy":"product_tag","embeddable":true,"href":"https:\/\/ygspower.com\/es\/wp-json\/wp\/v2\/product_tag?post=215"}],"curies":[{"name":"wp","href":"https:\/\/api.w.org\/{rel}","templated":true}]}}