{"id":220,"date":"2020-10-26T08:40:53","date_gmt":"2020-10-26T00:40:53","guid":{"rendered":"http:\/\/zhangs1.sg-host.com\/?post_type=product&#038;p=220"},"modified":"2025-06-04T13:15:11","modified_gmt":"2025-06-04T05:15:11","slug":"mylion-mini-dc-ups-lithium-ion-battery-backup-mu626","status":"publish","type":"product","link":"https:\/\/ygspower.com\/es\/producto\/mylion-mini-dc-ups-lithium-ion-battery-backup-mu626\/","title":{"rendered":"Bater\u00eda de respaldo de iones de litio Mylion Mini DC UPS MU626 58Wh"},"content":{"rendered":"<div class=\"ast-oembed-container\" style=\"height: 100%;\"><iframe title=\"Mylion - Mini fuente de alimentaci\u00f3n ininterrumpida de CC con salida de 12 V, 2 A y 3 A, inteligente y segura, que nunca deje de funcionar.\" width=\"500\" height=\"281\" src=\"https:\/\/www.youtube.com\/embed\/oj755cYmdXI?feature=oembed\" frameborder=\"0\" allow=\"accelerometer; autoplay; clipboard-write; encrypted-media; gyroscope; picture-in-picture; web-share\" referrerpolicy=\"strict-origin-when-cross-origin\" allowfullscreen><\/iframe><\/div>\n<table width=\"781\">\n<tbody>\n<tr>\n<td colspan=\"2\" width=\"781\">Toda la informaci\u00f3n a continuaci\u00f3n es correcta y REAL.<\/td>\n<\/tr>\n<tr>\n<td>Nombre del estilo<\/td>\n<td>MU626W<\/td>\n<\/tr>\n<tr>\n<td>Nombre del producto<\/td>\n<td>Mini UPS de CC para m\u00f3dem ADSL, enrutador WiFi, c\u00e1mara de seguridad\/CCTV<\/td>\n<\/tr>\n<tr>\n<td>Voltaje de salida<\/td>\n<td>12 V<\/td>\n<\/tr>\n<tr>\n<td>Corriente de salida<\/td>\n<td>2A<\/td>\n<\/tr>\n<tr>\n<td>Potencia de salida<\/td>\n<td>58 Wh\/15 600 mAh<\/td>\n<\/tr>\n<tr>\n<td>Voltaje de entrada<\/td>\n<td>12 V CC<\/td>\n<\/tr>\n<tr>\n<td>Corriente de entrada<\/td>\n<td>2,5 A CC<\/td>\n<\/tr>\n<tr>\n<td rowspan=\"2\">Tiempo de trabajo<\/td>\n<td>Salida 12 V 0,5 A (6 W): aprox. 9,5 horas<\/td>\n<\/tr>\n<tr>\n<td>Salida 12 V 1,0 A (12 W): aproximadamente 4,5 horas<\/td>\n<\/tr>\n<tr>\n<td>Puerto de carga (IN) Negro<\/td>\n<td>CC 5,5 \u00d7 2,1<\/td>\n<\/tr>\n<tr>\n<td>Puerto de descarga (OUT)Amarillo<\/td>\n<td>DC5.5\u00d72.5<\/td>\n<\/tr>\n<tr>\n<td>Material de la caja<\/td>\n<td>ABS FR<\/td>\n<\/tr>\n<tr>\n<td>Color de la caja<\/td>\n<td>Blanco<\/td>\n<\/tr>\n<tr>\n<td>Dimensiones de la caja<\/td>\n<td>112 x 70 x 60 mm<\/td>\n<\/tr>\n<tr>\n<td>Peso<\/td>\n<td>405 gramos<\/td>\n<\/tr>\n<tr>\n<td>Cable de transferencia gratuito<\/td>\n<td>AWG#20 50 cm de longitud, DC5.5\u00d72.1 negro y DC.5.5\u00d72.5 amarillo<\/td>\n<\/tr>\n<tr>\n<td>M\u00e9todo de cobro<\/td>\n<td>Adaptador 12V2.5A (el precio no incluye el costo del adaptador)<\/td>\n<\/tr>\n<tr>\n<td>Marca de celda de bater\u00eda<\/td>\n<td>Celular de marca china o celular japon\u00e9s de Corea<\/td>\n<\/tr>\n<tr>\n<td>Certificaci\u00f3n UPS<\/td>\n<td>CE, FCC, EMC, Informe<\/td>\n<\/tr>\n<tr>\n<td>Protecci\u00f3n de la bater\u00eda<\/td>\n<td width=\"553\">Protecci\u00f3n de temperatura, sobrecarga y descarga, sobrecorriente, cortocircuito.<\/td>\n<\/tr>\n<tr>\n<td>Ciclo de vida<\/td>\n<td>Capacidad est\u00e1ndar de carga y descarga \u226580%, ciclo de vida \u2265600 veces<\/td>\n<\/tr>\n<tr>\n<td>Solicitud<\/td>\n<td width=\"553\">WIFI, enrutador\/tp link\/c\u00e1mara ip\/sistema de seguridad\/acceso a la puerta\/m\u00e1quina expendedora\/luz LED\/tira de LED<\/td>\n<\/tr>\n<tr>\n<td>Paquete<\/td>\n<td>18 piezas en una caja (35 x 21 x 30 cm), aproximadamente 9,5 kg\/caja<\/td>\n<\/tr>\n<tr>\n<td>Garant\u00eda<\/td>\n<td>12 meses<\/td>\n<\/tr>\n<\/tbody>\n<\/table>\n<p style=\"text-align: center;\"><img fetchpriority=\"high\" decoding=\"async\" class=\"alignnone size-full wp-image-8953\" src=\"http:\/\/ygspower.com\/wp-content\/uploads\/2021\/11\/Mini-UPS-01.jpg\" alt=\"\" width=\"750\" height=\"352\" srcset=\"https:\/\/ygspower.com\/wp-content\/uploads\/2021\/11\/Mini-UPS-01.jpg 750w, https:\/\/ygspower.com\/wp-content\/uploads\/2021\/11\/Mini-UPS-01-300x141.jpg 300w, https:\/\/ygspower.com\/wp-content\/uploads\/2021\/11\/Mini-UPS-01-600x282.jpg 600w\" sizes=\"(max-width: 750px) 100vw, 750px\" \/>\u00a0<img decoding=\"async\" class=\"alignnone size-full wp-image-8867\" src=\"http:\/\/ygspower.com\/wp-content\/uploads\/2021\/11\/mini_02.jpg\" alt=\"\" width=\"750\" height=\"798\" srcset=\"https:\/\/ygspower.com\/wp-content\/uploads\/2021\/11\/mini_02.jpg 750w, https:\/\/ygspower.com\/wp-content\/uploads\/2021\/11\/mini_02-282x300.jpg 282w, https:\/\/ygspower.com\/wp-content\/uploads\/2021\/11\/mini_02-600x638.jpg 600w\" sizes=\"(max-width: 750px) 100vw, 750px\" \/><\/p>\n<p style=\"text-align: center;\"><img decoding=\"async\" class=\"wp-image-11071 aligncenter\" src=\"http:\/\/ygspower.com\/wp-content\/uploads\/2021\/11\/MU68.jpg\" alt=\"\" width=\"746\" height=\"1242\" srcset=\"https:\/\/ygspower.com\/wp-content\/uploads\/2021\/11\/MU68.jpg 1500w, https:\/\/ygspower.com\/wp-content\/uploads\/2021\/11\/MU68-180x300.jpg 180w, https:\/\/ygspower.com\/wp-content\/uploads\/2021\/11\/MU68-615x1024.jpg 615w, https:\/\/ygspower.com\/wp-content\/uploads\/2021\/11\/MU68-768x1279.jpg 768w, https:\/\/ygspower.com\/wp-content\/uploads\/2021\/11\/MU68-922x1536.jpg 922w, https:\/\/ygspower.com\/wp-content\/uploads\/2021\/11\/MU68-1230x2048.jpg 1230w, https:\/\/ygspower.com\/wp-content\/uploads\/2021\/11\/MU68-7x12.jpg 7w, https:\/\/ygspower.com\/wp-content\/uploads\/2021\/11\/MU68-600x999.jpg 600w\" sizes=\"(max-width: 746px) 100vw, 746px\" \/> <img loading=\"lazy\" decoding=\"async\" class=\"alignnone size-full wp-image-8868\" src=\"http:\/\/ygspower.com\/wp-content\/uploads\/2021\/11\/mini_03.jpg\" alt=\"\" width=\"750\" height=\"898\" srcset=\"https:\/\/ygspower.com\/wp-content\/uploads\/2021\/11\/mini_03.jpg 750w, https:\/\/ygspower.com\/wp-content\/uploads\/2021\/11\/mini_03-251x300.jpg 251w, https:\/\/ygspower.com\/wp-content\/uploads\/2021\/11\/mini_03-600x718.jpg 600w\" sizes=\"(max-width: 750px) 100vw, 750px\" \/> <img loading=\"lazy\" decoding=\"async\" class=\"alignnone size-full wp-image-8869\" src=\"http:\/\/ygspower.com\/wp-content\/uploads\/2021\/11\/mini_04.jpg\" alt=\"\" width=\"750\" height=\"1252\" srcset=\"https:\/\/ygspower.com\/wp-content\/uploads\/2021\/11\/mini_04.jpg 750w, https:\/\/ygspower.com\/wp-content\/uploads\/2021\/11\/mini_04-180x300.jpg 180w, https:\/\/ygspower.com\/wp-content\/uploads\/2021\/11\/mini_04-613x1024.jpg 613w, https:\/\/ygspower.com\/wp-content\/uploads\/2021\/11\/mini_04-600x1002.jpg 600w\" sizes=\"(max-width: 750px) 100vw, 750px\" \/> <img loading=\"lazy\" decoding=\"async\" class=\"alignnone size-full wp-image-8870\" src=\"http:\/\/ygspower.com\/wp-content\/uploads\/2021\/11\/mini_05.jpg\" alt=\"\" width=\"750\" height=\"891\" srcset=\"https:\/\/ygspower.com\/wp-content\/uploads\/2021\/11\/mini_05.jpg 750w, https:\/\/ygspower.com\/wp-content\/uploads\/2021\/11\/mini_05-253x300.jpg 253w, https:\/\/ygspower.com\/wp-content\/uploads\/2021\/11\/mini_05-600x713.jpg 600w\" sizes=\"(max-width: 750px) 100vw, 750px\" \/> <img loading=\"lazy\" decoding=\"async\" class=\"alignnone size-full wp-image-8871\" src=\"http:\/\/ygspower.com\/wp-content\/uploads\/2021\/11\/mini_06.jpg\" alt=\"\" width=\"750\" height=\"1757\" srcset=\"https:\/\/ygspower.com\/wp-content\/uploads\/2021\/11\/mini_06.jpg 750w, https:\/\/ygspower.com\/wp-content\/uploads\/2021\/11\/mini_06-128x300.jpg 128w, https:\/\/ygspower.com\/wp-content\/uploads\/2021\/11\/mini_06-437x1024.jpg 437w, https:\/\/ygspower.com\/wp-content\/uploads\/2021\/11\/mini_06-656x1536.jpg 656w, https:\/\/ygspower.com\/wp-content\/uploads\/2021\/11\/mini_06-600x1406.jpg 600w\" sizes=\"(max-width: 750px) 100vw, 750px\" \/> <img loading=\"lazy\" decoding=\"async\" class=\"alignnone size-full wp-image-8872\" src=\"http:\/\/ygspower.com\/wp-content\/uploads\/2021\/11\/mini_07.jpg\" alt=\"\" width=\"750\" height=\"884\" srcset=\"https:\/\/ygspower.com\/wp-content\/uploads\/2021\/11\/mini_07.jpg 750w, https:\/\/ygspower.com\/wp-content\/uploads\/2021\/11\/mini_07-255x300.jpg 255w, https:\/\/ygspower.com\/wp-content\/uploads\/2021\/11\/mini_07-600x707.jpg 600w\" sizes=\"(max-width: 750px) 100vw, 750px\" \/> <img loading=\"lazy\" decoding=\"async\" class=\"alignnone size-full wp-image-8873\" src=\"http:\/\/ygspower.com\/wp-content\/uploads\/2021\/11\/mini_08.jpg\" alt=\"\" width=\"750\" height=\"1211\" srcset=\"https:\/\/ygspower.com\/wp-content\/uploads\/2021\/11\/mini_08.jpg 750w, https:\/\/ygspower.com\/wp-content\/uploads\/2021\/11\/mini_08-186x300.jpg 186w, https:\/\/ygspower.com\/wp-content\/uploads\/2021\/11\/mini_08-634x1024.jpg 634w, https:\/\/ygspower.com\/wp-content\/uploads\/2021\/11\/mini_08-600x969.jpg 600w\" sizes=\"(max-width: 750px) 100vw, 750px\" \/> <img loading=\"lazy\" decoding=\"async\" class=\"alignnone size-full wp-image-8874\" src=\"http:\/\/ygspower.com\/wp-content\/uploads\/2021\/11\/mini_09.jpg\" alt=\"\" width=\"750\" height=\"1032\" srcset=\"https:\/\/ygspower.com\/wp-content\/uploads\/2021\/11\/mini_09.jpg 750w, https:\/\/ygspower.com\/wp-content\/uploads\/2021\/11\/mini_09-218x300.jpg 218w, https:\/\/ygspower.com\/wp-content\/uploads\/2021\/11\/mini_09-744x1024.jpg 744w, https:\/\/ygspower.com\/wp-content\/uploads\/2021\/11\/mini_09-600x826.jpg 600w\" sizes=\"(max-width: 750px) 100vw, 750px\" \/> <img loading=\"lazy\" decoding=\"async\" class=\"alignnone size-full wp-image-8875\" src=\"http:\/\/ygspower.com\/wp-content\/uploads\/2021\/11\/mini_10.jpg\" alt=\"\" width=\"750\" height=\"1335\" srcset=\"https:\/\/ygspower.com\/wp-content\/uploads\/2021\/11\/mini_10.jpg 750w, https:\/\/ygspower.com\/wp-content\/uploads\/2021\/11\/mini_10-169x300.jpg 169w, https:\/\/ygspower.com\/wp-content\/uploads\/2021\/11\/mini_10-575x1024.jpg 575w, https:\/\/ygspower.com\/wp-content\/uploads\/2021\/11\/mini_10-600x1068.jpg 600w\" sizes=\"(max-width: 750px) 100vw, 750px\" \/> <img loading=\"lazy\" decoding=\"async\" class=\"alignnone size-full wp-image-8876\" src=\"http:\/\/ygspower.com\/wp-content\/uploads\/2021\/11\/mini_11.jpg\" alt=\"\" width=\"750\" height=\"1841\" srcset=\"https:\/\/ygspower.com\/wp-content\/uploads\/2021\/11\/mini_11.jpg 750w, https:\/\/ygspower.com\/wp-content\/uploads\/2021\/11\/mini_11-122x300.jpg 122w, https:\/\/ygspower.com\/wp-content\/uploads\/2021\/11\/mini_11-417x1024.jpg 417w, https:\/\/ygspower.com\/wp-content\/uploads\/2021\/11\/mini_11-626x1536.jpg 626w, https:\/\/ygspower.com\/wp-content\/uploads\/2021\/11\/mini_11-600x1473.jpg 600w\" sizes=\"(max-width: 750px) 100vw, 750px\" \/> <img loading=\"lazy\" decoding=\"async\" class=\"alignnone size-full wp-image-8877\" src=\"http:\/\/ygspower.com\/wp-content\/uploads\/2021\/11\/mini_12.jpg\" alt=\"\" width=\"750\" height=\"2014\" srcset=\"https:\/\/ygspower.com\/wp-content\/uploads\/2021\/11\/mini_12.jpg 750w, https:\/\/ygspower.com\/wp-content\/uploads\/2021\/11\/mini_12-112x300.jpg 112w, https:\/\/ygspower.com\/wp-content\/uploads\/2021\/11\/mini_12-381x1024.jpg 381w, https:\/\/ygspower.com\/wp-content\/uploads\/2021\/11\/mini_12-572x1536.jpg 572w, https:\/\/ygspower.com\/wp-content\/uploads\/2021\/11\/mini_12-600x1611.jpg 600w\" sizes=\"(max-width: 750px) 100vw, 750px\" \/> <img loading=\"lazy\" decoding=\"async\" class=\"alignnone size-full wp-image-8878\" src=\"http:\/\/ygspower.com\/wp-content\/uploads\/2021\/11\/mini_13.jpg\" alt=\"\" width=\"750\" height=\"1228\" srcset=\"https:\/\/ygspower.com\/wp-content\/uploads\/2021\/11\/mini_13.jpg 750w, https:\/\/ygspower.com\/wp-content\/uploads\/2021\/11\/mini_13-183x300.jpg 183w, https:\/\/ygspower.com\/wp-content\/uploads\/2021\/11\/mini_13-625x1024.jpg 625w, https:\/\/ygspower.com\/wp-content\/uploads\/2021\/11\/mini_13-600x982.jpg 600w\" sizes=\"(max-width: 750px) 100vw, 750px\" \/> <img loading=\"lazy\" decoding=\"async\" class=\"alignnone size-full wp-image-8879\" src=\"http:\/\/ygspower.com\/wp-content\/uploads\/2021\/11\/mini_14.jpg\" alt=\"\" width=\"750\" height=\"1022\" srcset=\"https:\/\/ygspower.com\/wp-content\/uploads\/2021\/11\/mini_14.jpg 750w, https:\/\/ygspower.com\/wp-content\/uploads\/2021\/11\/mini_14-220x300.jpg 220w, https:\/\/ygspower.com\/wp-content\/uploads\/2021\/11\/mini_14-600x818.jpg 600w\" sizes=\"(max-width: 750px) 100vw, 750px\" \/><\/p>","protected":false},"excerpt":{"rendered":"<ul class=\"ul1\">\n<li class=\"li2\"><i>Tipo: <\/i>MU626W 12 V 2 A 58 Wh<\/li>\n<li class=\"li2\"><i>Nombre del producto:\u00a0<\/i>Bater\u00eda de respaldo de litio mini SAI de CC Mylion<\/li>\n<li class=\"li2\">Certificaci\u00f3n: CE<span class=\"s2\">,<\/span>Comisi\u00f3n Federal de Comunicaciones (FCC)<span class=\"s2\">,<\/span>Compatibilidad electromagn\u00e9tica<\/li>\n<li class=\"li2\"><i>Aplicaci\u00f3n: enrutador<\/i><span class=\"s2\">,<\/span><i>Adsl<\/i><span class=\"s2\">,<\/span><i>m\u00f3dem<\/i><span class=\"s2\">,<\/span><i>A\u00a0<\/i>circuito cerrado de televisi\u00f3n<span class=\"s2\">,<\/span>telecomunicaciones<span class=\"s2\">,<\/span>Wifi<span class=\"s2\">,<\/span>m\u00e9dico<span class=\"s2\">,<\/span>inal\u00e1mbrico<span class=\"s2\">,<\/span>condujo<span class=\"s2\">,<\/span>red<span class=\"s2\">,<\/span>Internet<\/li>\n<li class=\"li2\"><i>Caracter\u00edsticas:\u00a0<\/i>Estuche antiincendios<span class=\"s2\">,<\/span> protecci\u00f3n de temperatura<span class=\"s2\">,<\/span> Puede funcionar con energ\u00eda solar<span class=\"s2\">,<\/span> Dise\u00f1o de perspectiva elegante<\/li>\n<li class=\"li2\"><i>Tipo de bater\u00eda:\u00a0<\/i>bater\u00eda de iones de litio<\/li>\n<li class=\"li2\"><i>Funci\u00f3n:\u00a0<\/i>peque\u00f1o<span class=\"s2\">,<\/span>elegante<span class=\"s2\">,<\/span>seguro<span class=\"s2\">,<\/span>Ofrecer energ\u00eda a los dispositivos electr\u00f3nicos cuando se produce un corte de energ\u00eda de CA<\/li>\n<li class=\"li2\"><i>Protecci\u00f3n: ofrece energ\u00eda al enrutador 12v0.5A durante aproximadamente 9 a 10 horas<\/i><\/li>\n<\/ul>","protected":false},"featured_media":11111,"template":"","meta":{"_seopress_robots_primary_cat":"none","_seopress_titles_title":"Mylion Mini DC UPS Lithium ion battery backup MU626 58Wh","_seopress_titles_desc":"Mylion Mini DC UPS Lithium ion battery backup MU626 58Wh","_seopress_robots_index":"","site-sidebar-layout":"default","site-content-layout":"default","ast-site-content-layout":"default","site-content-style":"default","site-sidebar-style":"default","ast-global-header-display":"","ast-banner-title-visibility":"","ast-main-header-display":"","ast-hfb-above-header-display":"","ast-hfb-below-header-display":"","ast-hfb-mobile-header-display":"","site-post-title":"","ast-breadcrumbs-content":"","ast-featured-img":"","footer-sml-layout":"","theme-transparent-header-meta":"default","adv-header-id-meta":"","stick-header-meta":"","header-above-stick-meta":"","header-main-stick-meta":"","header-below-stick-meta":"","astra-migrate-meta-layouts":"set","ast-page-background-enabled":"default","ast-page-background-meta":{"desktop":{"background-color":"","background-image":"","background-repeat":"repeat","background-position":"center center","background-size":"auto","background-attachment":"scroll","background-type":"","background-media":"","overlay-type":"","overlay-color":"","overlay-opacity":"","overlay-gradient":""},"tablet":{"background-color":"","background-image":"","background-repeat":"repeat","background-position":"center center","background-size":"auto","background-attachment":"scroll","background-type":"","background-media":"","overlay-type":"","overlay-color":"","overlay-opacity":"","overlay-gradient":""},"mobile":{"background-color":"","background-image":"","background-repeat":"repeat","background-position":"center center","background-size":"auto","background-attachment":"scroll","background-type":"","background-media":"","overlay-type":"","overlay-color":"","overlay-opacity":"","overlay-gradient":""}},"ast-content-background-meta":{"desktop":{"background-color":"var(--ast-global-color-5)","background-image":"","background-repeat":"repeat","background-position":"center center","background-size":"auto","background-attachment":"scroll","background-type":"","background-media":"","overlay-type":"","overlay-color":"","overlay-opacity":"","overlay-gradient":""},"tablet":{"background-color":"var(--ast-global-color-5)","background-image":"","background-repeat":"repeat","background-position":"center center","background-size":"auto","background-attachment":"scroll","background-type":"","background-media":"","overlay-type":"","overlay-color":"","overlay-opacity":"","overlay-gradient":""},"mobile":{"background-color":"var(--ast-global-color-5)","background-image":"","background-repeat":"repeat","background-position":"center center","background-size":"auto","background-attachment":"scroll","background-type":"","background-media":"","overlay-type":"","overlay-color":"","overlay-opacity":"","overlay-gradient":""}}},"product_brand":[],"product_cat":[3],"product_tag":[],"class_list":{"0":"post-220","1":"product","2":"type-product","3":"status-publish","4":"has-post-thumbnail","6":"product_cat-mini-dc-ups","7":"desktop-align-left","8":"tablet-align-left","9":"mobile-align-left","11":"first","12":"instock","13":"shipping-taxable","14":"product-type-simple"},"_links":{"self":[{"href":"https:\/\/ygspower.com\/es\/wp-json\/wp\/v2\/product\/220","targetHints":{"allow":["GET"]}}],"collection":[{"href":"https:\/\/ygspower.com\/es\/wp-json\/wp\/v2\/product"}],"about":[{"href":"https:\/\/ygspower.com\/es\/wp-json\/wp\/v2\/types\/product"}],"version-history":[{"count":4,"href":"https:\/\/ygspower.com\/es\/wp-json\/wp\/v2\/product\/220\/revisions"}],"predecessor-version":[{"id":11175,"href":"https:\/\/ygspower.com\/es\/wp-json\/wp\/v2\/product\/220\/revisions\/11175"}],"wp:featuredmedia":[{"embeddable":true,"href":"https:\/\/ygspower.com\/es\/wp-json\/wp\/v2\/media\/11111"}],"wp:attachment":[{"href":"https:\/\/ygspower.com\/es\/wp-json\/wp\/v2\/media?parent=220"}],"wp:term":[{"taxonomy":"product_brand","embeddable":true,"href":"https:\/\/ygspower.com\/es\/wp-json\/wp\/v2\/product_brand?post=220"},{"taxonomy":"product_cat","embeddable":true,"href":"https:\/\/ygspower.com\/es\/wp-json\/wp\/v2\/product_cat?post=220"},{"taxonomy":"product_tag","embeddable":true,"href":"https:\/\/ygspower.com\/es\/wp-json\/wp\/v2\/product_tag?post=220"}],"curies":[{"name":"wp","href":"https:\/\/api.w.org\/{rel}","templated":true}]}}