{"id":2246,"date":"2021-07-13T08:59:57","date_gmt":"2021-07-13T00:59:57","guid":{"rendered":"https:\/\/darksalmon-dugong-512221.hostingersite.com\/?post_type=product&#038;p=2246"},"modified":"2021-09-03T16:33:27","modified_gmt":"2021-09-03T08:33:27","slug":"11-1v12v-10ah-lithium-ion-battery-pack","status":"publish","type":"product","link":"https:\/\/ygspower.com\/es\/producto\/11-1v12v-10ah-lithium-ion-battery-pack\/","title":{"rendered":"Paquete de bater\u00eda de iones de litio de 11,1 V y 12 V y 10 Ah"},"content":{"rendered":"<div class=\"ast-oembed-container\" style=\"height: 100%;\"><iframe title=\"Serie de bater\u00edas de litio de 11 1v\" width=\"500\" height=\"281\" src=\"https:\/\/www.youtube.com\/embed\/or6Kgnjjzwc?feature=oembed\" frameborder=\"0\" allow=\"accelerometer; autoplay; clipboard-write; encrypted-media; gyroscope; picture-in-picture; web-share\" referrerpolicy=\"strict-origin-when-cross-origin\" allowfullscreen><\/iframe><\/div>\n<p><img fetchpriority=\"high\" decoding=\"async\" src=\"https:\/\/sc04.alicdn.com\/kf\/H9214b827ad6b493dab60a63b305c0387w\/202118431\/H9214b827ad6b493dab60a63b305c0387w.jpg\" alt=\"11.1v 12v 10ah lithium ion battery pack\" width=\"750\" height=\"935\" data-src=\"\/\/sc04.alicdn.com\/kf\/H9214b827ad6b493dab60a63b305c0387w\/202118431\/H9214b827ad6b493dab60a63b305c0387w.jpg\" data-alt=\"11.1v 12v 10ah lithium ion battery pack\" \/><img decoding=\"async\" src=\"https:\/\/sc04.alicdn.com\/kf\/H25146ea48e1346ddbce788339c04a1a0I\/202118431\/H25146ea48e1346ddbce788339c04a1a0I.jpg\" alt=\"11.1v 12v 10ah lithium ion battery pack\" width=\"750\" height=\"1235\" data-src=\"\/\/sc04.alicdn.com\/kf\/H25146ea48e1346ddbce788339c04a1a0I\/202118431\/H25146ea48e1346ddbce788339c04a1a0I.jpg\" data-alt=\"11.1v 12v 10ah lithium ion battery pack\" \/><img decoding=\"async\" src=\"https:\/\/sc04.alicdn.com\/kf\/H867f7f7cacfd4a0db32e36613e2cafbf4\/202118431\/H867f7f7cacfd4a0db32e36613e2cafbf4.jpg\" alt=\"11.1v 12v 10ah lithium ion battery pack\" width=\"750\" height=\"1433\" data-src=\"\/\/sc04.alicdn.com\/kf\/H867f7f7cacfd4a0db32e36613e2cafbf4\/202118431\/H867f7f7cacfd4a0db32e36613e2cafbf4.jpg\" data-alt=\"11.1v 12v 10ah lithium ion battery pack\" \/><img loading=\"lazy\" decoding=\"async\" src=\"https:\/\/sc04.alicdn.com\/kf\/Hce4bffb9a8f1415d9bd2ef0e95952d57M\/202118431\/Hce4bffb9a8f1415d9bd2ef0e95952d57M.jpg\" alt=\"11.1v 12v 10ah lithium ion battery pack\" width=\"750\" height=\"2382\" data-src=\"\/\/sc04.alicdn.com\/kf\/Hce4bffb9a8f1415d9bd2ef0e95952d57M\/202118431\/Hce4bffb9a8f1415d9bd2ef0e95952d57M.jpg\" data-alt=\"11.1v 12v 10ah lithium ion battery pack\" \/><img loading=\"lazy\" decoding=\"async\" src=\"https:\/\/sc04.alicdn.com\/kf\/Hf5b0302d56c24e5c9fb66fbcb5470c136\/202118431\/Hf5b0302d56c24e5c9fb66fbcb5470c136.jpg\" alt=\"11.1v 12v 10ah lithium ion battery pack\" width=\"750\" height=\"2423\" data-src=\"\/\/sc04.alicdn.com\/kf\/Hf5b0302d56c24e5c9fb66fbcb5470c136\/202118431\/Hf5b0302d56c24e5c9fb66fbcb5470c136.jpg\" data-alt=\"11.1v 12v 10ah lithium ion battery pack\" \/><img loading=\"lazy\" decoding=\"async\" src=\"https:\/\/sc04.alicdn.com\/kf\/H1301d0c632d0433582a7633ef08f95b7P\/202118431\/H1301d0c632d0433582a7633ef08f95b7P.jpg\" alt=\"11.1v 12v 10ah lithium ion battery pack\" width=\"750\" height=\"1825\" data-src=\"\/\/sc04.alicdn.com\/kf\/H1301d0c632d0433582a7633ef08f95b7P\/202118431\/H1301d0c632d0433582a7633ef08f95b7P.jpg\" data-alt=\"11.1v 12v 10ah lithium ion battery pack\" \/><img loading=\"lazy\" decoding=\"async\" src=\"https:\/\/sc04.alicdn.com\/kf\/H7e951d86d50b4126b3933c220840b73f3\/202118431\/H7e951d86d50b4126b3933c220840b73f3.jpg\" alt=\"11.1v 12v 10ah lithium ion battery pack\" width=\"750\" height=\"886\" data-src=\"\/\/sc04.alicdn.com\/kf\/H7e951d86d50b4126b3933c220840b73f3\/202118431\/H7e951d86d50b4126b3933c220840b73f3.jpg\" data-alt=\"11.1v 12v 10ah lithium ion battery pack\" \/><\/p>\n<table border=\"1\" width=\"986\" cellspacing=\"0\" cellpadding=\"0\">\n<tbody>\n<tr>\n<td colspan=\"2\" width=\"986\" height=\"28\">Toda la informaci\u00f3n a continuaci\u00f3n es correcta y REAL.<\/td>\n<\/tr>\n<tr>\n<td height=\"28\">Nombre del producto<\/td>\n<td>Paquete de bater\u00eda de iones de litio<\/td>\n<\/tr>\n<tr>\n<td height=\"28\">Nombre del estilo<\/td>\n<td>11,1 V 10 Ah<\/td>\n<\/tr>\n<tr>\n<td height=\"28\">Capacidad normal<\/td>\n<td>10 Ah<\/td>\n<\/tr>\n<tr>\n<td height=\"28\">Voltaje nominal<\/td>\n<td>11,1 V<\/td>\n<\/tr>\n<tr>\n<td height=\"28\">Voltaje m\u00e1ximo de carga<\/td>\n<td>12,6 V<\/td>\n<\/tr>\n<tr>\n<td height=\"28\">Tensi\u00f3n de descarga de corte<\/td>\n<td>9,0 V<\/td>\n<\/tr>\n<tr>\n<td height=\"28\">Corriente m\u00e1xima de descarga continua<\/td>\n<td>1-2A<\/td>\n<\/tr>\n<tr>\n<td height=\"28\">Corriente de carga<\/td>\n<td>1-2A<\/td>\n<\/tr>\n<tr>\n<td height=\"28\">Potencia de salida<\/td>\n<td>111W<\/td>\n<\/tr>\n<tr>\n<td rowspan=\"2\" height=\"56\">Tiempo de trabajo<\/td>\n<td>Salida 11,1 V 0,5 A (5,55 W): aprox. 20 horas<\/td>\n<\/tr>\n<tr>\n<td height=\"28\">Salida 11,1 V 1,0 A (11,1 W): aproximadamente 10 horas<\/td>\n<\/tr>\n<tr>\n<td height=\"28\">Puerto de carga (IN)<\/td>\n<td rowspan=\"2\">cable conductor o enchufe seleccionado<\/td>\n<\/tr>\n<tr>\n<td height=\"28\">Puerto de descarga (OUT)<\/td>\n<\/tr>\n<tr>\n<td height=\"28\">Color de PVC<\/td>\n<td>Azul<\/td>\n<\/tr>\n<tr>\n<td height=\"28\">Dimensiones de la bater\u00eda (mm)<\/td>\n<td>130x54x42<\/td>\n<\/tr>\n<tr>\n<td height=\"28\">Peso<\/td>\n<td>Aprox.540g<\/td>\n<\/tr>\n<tr>\n<td height=\"28\">Marca de celda de bater\u00eda<\/td>\n<td>Celular de marca china (o celular Samsung LG Sony Sanyo Panasonic)<\/td>\n<\/tr>\n<tr>\n<td height=\"28\">Certificaci\u00f3n de celdas de bater\u00eda<\/td>\n<td>Certificados CB, CE, UL, UN38.3, BIS, KC, MSDS, ROHS, CQC, SGS, EMC<\/td>\n<\/tr>\n<tr>\n<td height=\"28\">Protecci\u00f3n de la bater\u00eda<\/td>\n<td>Sobrecarga y descarga, sobrecorriente, cortocircuito.<\/td>\n<\/tr>\n<tr>\n<td height=\"28\">Ciclo de vida<\/td>\n<td>Capacidad est\u00e1ndar de carga y descarga \u226580% C5mAh, ciclo de vida \u2265600<\/td>\n<\/tr>\n<tr>\n<td height=\"28\">Solicitud<\/td>\n<td width=\"632\">Pulverizador de jard\u00edn, instrumento m\u00e9dico, instrumento para exteriores, control de puertas, LED solar, reemplazo de bater\u00eda de plomo \u00e1cido de 12 V, etc.<\/td>\n<\/tr>\n<tr>\n<td height=\"28\">Paquete<\/td>\n<td>15 piezas en una caja (15 x 29 x 37 cm), aproximadamente 9,2 kg\/caja<\/td>\n<\/tr>\n<tr>\n<td height=\"28\">Garant\u00eda<\/td>\n<td>12 meses<\/td>\n<\/tr>\n<\/tbody>\n<\/table>\n<p style=\"text-align: left;\" align=\"left\"><strong><span style=\"font-size: 12.0pt;\">Preguntas frecuentes.<\/span><\/strong><\/p>\n<p style=\"text-align: left;\" align=\"left\"><strong><span style=\"font-size: 12.0pt;\">\u00bfEs usted un fabricante?<\/span><\/strong><\/p>\n<p style=\"text-align: left;\" align=\"left\"><span style=\"font-size: 12.0pt;\">S\u00ed<\/span><span style=\"font-size: 12.0pt;\">,<\/span><span style=\"font-size: 12.0pt;\">\u00a0Mylion es un fabricante.<\/span><\/p>\n<p style=\"text-align: left;\" align=\"left\"><strong><span style=\"font-size: 12.0pt;\">\u00bfPuedo tener un pedido de muestra?<\/span><\/strong><\/p>\n<p style=\"text-align: left;\" align=\"left\"><span style=\"font-size: 12.0pt;\">S\u00ed<\/span><span style=\"font-size: 12.0pt;\">,<\/span><span style=\"font-size: 12.0pt;\">\u00a0Aceptamos pedidos de muestra para probar y verificar la calidad.<\/span><\/p>\n<p style=\"text-align: left;\" align=\"left\"><strong><span style=\"font-size: 12.0pt;\">\u00bfQu\u00e9 pasa con el plazo de entrega?<\/span><\/strong><\/p>\n<p style=\"margin-left: 0cm; text-align: left;\" align=\"left\"><span style=\"font-size: 12.0pt;\">1.\u00a0\u00a0\u00a0\u00a0\u00a0\u00a0<\/span><span style=\"font-size: 12.0pt;\">La muestra necesita de 3 a 5 d\u00edas.<\/span><\/p>\n<p style=\"margin-left: 0cm; text-align: left;\" align=\"left\"><span style=\"font-size: 12.0pt;\">2.\u00a0\u00a0\u00a0\u00a0\u00a0\u00a0<\/span><span style=\"font-size: 12.0pt;\">Orden oficial<\/span><span style=\"font-size: 12.0pt;\">,<\/span><span style=\"font-size: 12.0pt;\">El tiempo de producci\u00f3n en masa necesita de 2 a 4 semanas.<\/span><\/p>\n<p style=\"text-align: left;\" align=\"left\"><strong><span style=\"font-size: 12.0pt;\">\u00bfTiene alg\u00fan l\u00edmite de MOQ?<\/span><\/strong><\/p>\n<p style=\"margin-left: 0cm; text-align: left;\" align=\"left\"><span style=\"font-size: 12.0pt;\">1.\u00a0\u00a0\u00a0\u00a0\u00a0\u00a0<\/span><span style=\"font-size: 12.0pt;\">Para minoristas<\/span><span style=\"font-size: 12.0pt;\">,<\/span><span style=\"font-size: 12.0pt;\">No tenemos MOQ.<\/span><span style=\"font-size: 12.0pt;\">,<\/span><span style=\"font-size: 12.0pt;\">Se puede pedir 1 pieza.<\/span><\/p>\n<p style=\"margin-left: 0cm; text-align: left;\" align=\"left\"><span style=\"font-size: 12.0pt;\">2.\u00a0\u00a0\u00a0\u00a0\u00a0\u00a0<\/span><span style=\"font-size: 12.0pt;\">Para mayoristas<\/span><span style=\"font-size: 12.0pt;\">,<\/span><span style=\"font-size: 12.0pt;\">Tenemos MOQ para un mejor precio.<\/span><span style=\"font-size: 12.0pt;\">,<\/span><span style=\"font-size: 12.0pt;\">\u00a0Normalmente 100 piezas.<\/span><\/p>\n<p style=\"text-align: left;\" align=\"left\"><strong><span style=\"font-size: 12.0pt;\">\u00bfC\u00f3mo se env\u00eda la mercanc\u00eda y cu\u00e1nto tiempo tarda en llegar?<\/span><\/strong><\/p>\n<p style=\"margin-left: 0cm; text-align: left;\" align=\"left\"><span style=\"font-size: 12.0pt;\">1.\u00a0\u00a0\u00a0\u00a0\u00a0\u00a0<\/span><span style=\"font-size: 12.0pt;\">Para peque\u00f1as cantidades<\/span><span style=\"font-size: 12.0pt;\">,<\/span><span style=\"font-size: 12.0pt;\">A menudo enviamos por expreso.<\/span><span style=\"font-size: 12.0pt;\">,<\/span><span style=\"font-size: 12.0pt;\">\u00a0El tiempo de llegada es de aproximadamente 3 a 10 d\u00edas a diferentes pa\u00edses.<\/span><\/p>\n<p style=\"margin-left: 0cm; text-align: left;\" align=\"left\"><span style=\"font-size: 12.0pt;\">2.\u00a0\u00a0\u00a0\u00a0\u00a0\u00a0<\/span><span style=\"font-size: 12.0pt;\">Para orden oficial<\/span><span style=\"font-size: 12.0pt;\">,<\/span><span style=\"font-size: 12.0pt;\">Sugerimos enviar por v\u00eda mar\u00edtima para ahorrar costos. A EE. UU.<\/span><span style=\"font-size: 12.0pt;\">,<\/span><span style=\"font-size: 12.0pt;\">\u00a0El tiempo de llegada es de unos 20-25 d\u00edas.<\/span><span style=\"font-size: 12.0pt;\">,<\/span><span style=\"font-size: 12.0pt;\">A Europa<\/span><span style=\"font-size: 12.0pt;\">,<\/span><span style=\"font-size: 12.0pt;\">El tiempo de llegada es de unos 25-30 d\u00edas.<\/span><\/p>\n<p style=\"text-align: left;\" align=\"left\"><strong><span style=\"font-size: 12.0pt;\">\u00bfC\u00f3mo proceder con un pedido?<\/span><\/strong><\/p>\n<p style=\"margin-left: 0cm; text-align: left;\" align=\"left\"><span style=\"font-size: 12.0pt;\">1.\u00a0\u00a0\u00a0\u00a0\u00a0\u00a0<\/span><span style=\"font-size: 12.0pt;\">H\u00e1ganos saber sus requisitos o aplicaci\u00f3n.<\/span><\/p>\n<p style=\"margin-left: 0cm; text-align: left;\" align=\"left\"><span style=\"font-size: 12.0pt;\">2.\u00a0\u00a0\u00a0\u00a0\u00a0\u00a0<\/span><span style=\"font-size: 12.0pt;\">Cotizamos seg\u00fan sus requerimientos o nuestras sugerencias.<\/span><\/p>\n<p style=\"margin-left: 0cm; text-align: left;\" align=\"left\"><span style=\"font-size: 12.0pt;\">3.\u00a0\u00a0\u00a0\u00a0\u00a0\u00a0<\/span><span style=\"font-size: 12.0pt;\">El cliente confirma las muestras y realiza un dep\u00f3sito para el pedido formal.<\/span><\/p>\n<p style=\"margin-left: 0cm; text-align: left;\" align=\"left\"><span style=\"font-size: 12.0pt;\">4.\u00a0\u00a0\u00a0\u00a0\u00a0\u00a0<\/span><span style=\"font-size: 12.0pt;\">Nosotros organizamos la producci\u00f3n.<\/span><\/p>\n<p style=\"text-align: left;\" align=\"left\"><strong><span style=\"font-size: 12.0pt;\">\u00bfEst\u00e1 bien imprimir mi logotipo en el producto?<\/span><\/strong><\/p>\n<p style=\"margin-left: 0cm; text-align: left;\" align=\"left\"><span style=\"font-size: 12.0pt;\">1.\u00a0\u00a0\u00a0\u00a0\u00a0\u00a0<\/span><span style=\"font-size: 12.0pt;\">Para pedidos de peque\u00f1as cantidades o ventas al por menor.<\/span><span style=\"font-size: 12.0pt;\">,<\/span><span style=\"font-size: 12.0pt;\">\u00a0Sin servicio personalizado.<\/span><\/p>\n<p style=\"margin-left: 0cm; text-align: left;\" align=\"left\"><span style=\"font-size: 12.0pt;\">2.\u00a0\u00a0\u00a0\u00a0\u00a0\u00a0<\/span><span style=\"font-size: 12.0pt;\">Para mayoristas<\/span><span style=\"font-size: 12.0pt;\">,<\/span><span style=\"font-size: 12.0pt;\">El servicio personalizado es bienvenido<\/span><span style=\"font-size: 12.0pt;\">,<\/span><span style=\"font-size: 12.0pt;\">\u00a0Por favor env\u00edenos su obra de arte.<\/span><\/p>\n<p style=\"text-align: left;\" align=\"left\"><strong><span style=\"font-size: 12.0pt;\">\u00bfQu\u00e9 certificados tienes?<\/span><\/strong><\/p>\n<p style=\"text-align: left;\" align=\"left\"><span style=\"font-size: 12.0pt;\">Contamos con certificaciones CE\/FCC\/ROHS\/UN38.3\/MSDS, etc. Prometemos una buena calidad a nuestros clientes.<\/span><\/p>\n<p style=\"text-align: left;\" align=\"left\"><strong><span style=\"font-size: 12.0pt;\">\u00bfQu\u00e9 pasa con la garant\u00eda?<\/span><\/strong><\/p>\n<p><span style=\"font-size: 12.0pt;\">2 a\u00f1os de garant\u00eda<\/span><\/p>","protected":false},"excerpt":{"rendered":"<ul>\n<li>Voltaje de la bater\u00eda: 11,1 V 12 V<\/li>\n<li>Capacidad de la bater\u00eda: 10000mah<\/li>\n<li>Tipo de bater\u00eda: bater\u00eda de iones de litio<\/li>\n<li>Celda \u00fanica: 18650<\/li>\n<li>El conector est\u00e1 seleccionado<\/li>\n<li>La bater\u00eda se puede personalizar<\/li>\n<li>Puerto de carga (IN)\/Puerto de descarga (OUT): cable conductor o enchufe seleccionado<\/li>\n<li>Dimensiones de la bater\u00eda (mm): 130x54x42<\/li>\n<li>Peso: Aprox.540g<\/li>\n<li>Protecci\u00f3n de la bater\u00eda: sobrecarga y descarga, sobrecorriente, cortocircuito.<\/li>\n<\/ul>","protected":false},"featured_media":2248,"template":"","meta":{"_seopress_robots_primary_cat":"","_seopress_titles_title":"11.1V12V 10Ah Lithium Ion Battery Pack","_seopress_titles_desc":"11.1V12V 10Ah Lithium Ion Battery Pack","_seopress_robots_index":"","site-sidebar-layout":"default","site-content-layout":"default","ast-site-content-layout":"default","site-content-style":"default","site-sidebar-style":"default","ast-global-header-display":"","ast-banner-title-visibility":"","ast-main-header-display":"","ast-hfb-above-header-display":"","ast-hfb-below-header-display":"","ast-hfb-mobile-header-display":"","site-post-title":"","ast-breadcrumbs-content":"","ast-featured-img":"","footer-sml-layout":"","theme-transparent-header-meta":"default","adv-header-id-meta":"","stick-header-meta":"","header-above-stick-meta":"","header-main-stick-meta":"","header-below-stick-meta":"","astra-migrate-meta-layouts":"default","ast-page-background-enabled":"default","ast-page-background-meta":{"desktop":{"background-color":"","background-image":"","background-repeat":"repeat","background-position":"center center","background-size":"auto","background-attachment":"scroll","background-type":"","background-media":"","overlay-type":"","overlay-color":"","overlay-opacity":"","overlay-gradient":""},"tablet":{"background-color":"","background-image":"","background-repeat":"repeat","background-position":"center center","background-size":"auto","background-attachment":"scroll","background-type":"","background-media":"","overlay-type":"","overlay-color":"","overlay-opacity":"","overlay-gradient":""},"mobile":{"background-color":"","background-image":"","background-repeat":"repeat","background-position":"center center","background-size":"auto","background-attachment":"scroll","background-type":"","background-media":"","overlay-type":"","overlay-color":"","overlay-opacity":"","overlay-gradient":""}},"ast-content-background-meta":{"desktop":{"background-color":"var(--ast-global-color-5)","background-image":"","background-repeat":"repeat","background-position":"center center","background-size":"auto","background-attachment":"scroll","background-type":"","background-media":"","overlay-type":"","overlay-color":"","overlay-opacity":"","overlay-gradient":""},"tablet":{"background-color":"var(--ast-global-color-5)","background-image":"","background-repeat":"repeat","background-position":"center center","background-size":"auto","background-attachment":"scroll","background-type":"","background-media":"","overlay-type":"","overlay-color":"","overlay-opacity":"","overlay-gradient":""},"mobile":{"background-color":"var(--ast-global-color-5)","background-image":"","background-repeat":"repeat","background-position":"center center","background-size":"auto","background-attachment":"scroll","background-type":"","background-media":"","overlay-type":"","overlay-color":"","overlay-opacity":"","overlay-gradient":""}}},"product_brand":[],"product_cat":[23],"product_tag":[],"class_list":{"0":"post-2246","1":"product","2":"type-product","3":"status-publish","4":"has-post-thumbnail","6":"product_cat-customized-lithium-battery","7":"desktop-align-left","8":"tablet-align-left","9":"mobile-align-left","11":"first","12":"instock","13":"shipping-taxable","14":"product-type-simple"},"_links":{"self":[{"href":"https:\/\/ygspower.com\/es\/wp-json\/wp\/v2\/product\/2246","targetHints":{"allow":["GET"]}}],"collection":[{"href":"https:\/\/ygspower.com\/es\/wp-json\/wp\/v2\/product"}],"about":[{"href":"https:\/\/ygspower.com\/es\/wp-json\/wp\/v2\/types\/product"}],"version-history":[{"count":0,"href":"https:\/\/ygspower.com\/es\/wp-json\/wp\/v2\/product\/2246\/revisions"}],"wp:featuredmedia":[{"embeddable":true,"href":"https:\/\/ygspower.com\/es\/wp-json\/wp\/v2\/media\/2248"}],"wp:attachment":[{"href":"https:\/\/ygspower.com\/es\/wp-json\/wp\/v2\/media?parent=2246"}],"wp:term":[{"taxonomy":"product_brand","embeddable":true,"href":"https:\/\/ygspower.com\/es\/wp-json\/wp\/v2\/product_brand?post=2246"},{"taxonomy":"product_cat","embeddable":true,"href":"https:\/\/ygspower.com\/es\/wp-json\/wp\/v2\/product_cat?post=2246"},{"taxonomy":"product_tag","embeddable":true,"href":"https:\/\/ygspower.com\/es\/wp-json\/wp\/v2\/product_tag?post=2246"}],"curies":[{"name":"wp","href":"https:\/\/api.w.org\/{rel}","templated":true}]}}