{"id":2290,"date":"2021-07-20T09:24:21","date_gmt":"2021-07-20T01:24:21","guid":{"rendered":"https:\/\/darksalmon-dugong-512221.hostingersite.com\/?post_type=product&#038;p=2290"},"modified":"2021-09-03T16:31:27","modified_gmt":"2021-09-03T08:31:27","slug":"mylion-14-8v-18650-5200mah-lithium-battery-pack-copy","status":"publish","type":"product","link":"https:\/\/ygspower.com\/es\/producto\/mylion-14-8v-18650-5200mah-lithium-battery-pack-copy\/","title":{"rendered":"Bater\u00eda de litio Mylion 14,8 V 18650 5200 mAh"},"content":{"rendered":"<div class=\"ast-oembed-container\" style=\"height: 100%;\"><iframe title=\"Serie de bater\u00edas de litio de 14 8 V\" width=\"500\" height=\"281\" src=\"https:\/\/www.youtube.com\/embed\/XyIazoRRUAQ?feature=oembed\" frameborder=\"0\" allow=\"accelerometer; autoplay; clipboard-write; encrypted-media; gyroscope; picture-in-picture; web-share\" referrerpolicy=\"strict-origin-when-cross-origin\" allowfullscreen><\/iframe><\/div>\n<p><img fetchpriority=\"high\" decoding=\"async\" src=\"http:\/\/sc04.alicdn.com\/kf\/Hedba7609c1ed4210b15fb8894f72f29fD\/248515790\/Hedba7609c1ed4210b15fb8894f72f29fD.jpg\" alt=\"mylion 14.8v battery 18650 5000mah,batterie ion lithium,lithium ion batteries for car\" width=\"750\" height=\"329\" data-src=\"http:\/\/sc04.alicdn.com\/kf\/Hedba7609c1ed4210b15fb8894f72f29fD\/248515790\/Hedba7609c1ed4210b15fb8894f72f29fD.jpg\" data-alt=\"mylion 14.8v battery 18650 5000mah,batterie ion lithium,lithium ion batteries for car\" data-spm-anchor-id=\"a2700.details.0.i15.16dc9107P8Tea7\" \/><img decoding=\"async\" src=\"http:\/\/sc04.alicdn.com\/kf\/Hc0be1dfb2e154fd682757bd44cc63959D\/248515790\/Hc0be1dfb2e154fd682757bd44cc63959D.jpg\" alt=\"mylion 14.8v battery 18650 5000mah,batterie ion lithium,lithium ion batteries for car\" width=\"750\" height=\"933\" data-src=\"http:\/\/sc04.alicdn.com\/kf\/Hc0be1dfb2e154fd682757bd44cc63959D\/248515790\/Hc0be1dfb2e154fd682757bd44cc63959D.jpg\" data-alt=\"mylion 14.8v battery 18650 5000mah,batterie ion lithium,lithium ion batteries for car\" \/><img decoding=\"async\" src=\"http:\/\/sc04.alicdn.com\/kf\/H59cf215b129d49f6865a1684a26fd4b4Y\/248515790\/H59cf215b129d49f6865a1684a26fd4b4Y.jpg\" alt=\"mylion 14.8v battery 18650 5000mah,batterie ion lithium,lithium ion batteries for car\" width=\"750\" height=\"1233\" data-src=\"http:\/\/sc04.alicdn.com\/kf\/H59cf215b129d49f6865a1684a26fd4b4Y\/248515790\/H59cf215b129d49f6865a1684a26fd4b4Y.jpg\" data-alt=\"mylion 14.8v battery 18650 5000mah,batterie ion lithium,lithium ion batteries for car\" \/><img loading=\"lazy\" decoding=\"async\" src=\"http:\/\/sc04.alicdn.com\/kf\/He111c0cddba44c85b0c8c67272103de8s\/248515790\/He111c0cddba44c85b0c8c67272103de8s.jpg\" alt=\"mylion 14.8v battery 18650 5000mah,batterie ion lithium,lithium ion batteries for car\" width=\"750\" height=\"1236\" data-src=\"http:\/\/sc04.alicdn.com\/kf\/He111c0cddba44c85b0c8c67272103de8s\/248515790\/He111c0cddba44c85b0c8c67272103de8s.jpg\" data-alt=\"mylion 14.8v battery 18650 5000mah,batterie ion lithium,lithium ion batteries for car\" \/><img loading=\"lazy\" decoding=\"async\" src=\"http:\/\/sc04.alicdn.com\/kf\/H28bb00bd971d4ec2b22c14bb218a00a1I\/248515790\/H28bb00bd971d4ec2b22c14bb218a00a1I.jpg\" alt=\"mylion 14.8v battery 18650 5000mah,batterie ion lithium,lithium ion batteries for car\" width=\"750\" height=\"1421\" data-src=\"http:\/\/sc04.alicdn.com\/kf\/H28bb00bd971d4ec2b22c14bb218a00a1I\/248515790\/H28bb00bd971d4ec2b22c14bb218a00a1I.jpg\" data-alt=\"mylion 14.8v battery 18650 5000mah,batterie ion lithium,lithium ion batteries for car\" \/><img loading=\"lazy\" decoding=\"async\" src=\"http:\/\/sc04.alicdn.com\/kf\/Heb98a02fef774f6f94759a3a71fbf07fG\/248515790\/Heb98a02fef774f6f94759a3a71fbf07fG.jpg\" alt=\"mylion 14.8v battery 18650 5000mah,batterie ion lithium,lithium ion batteries for car\" width=\"750\" height=\"2773\" data-src=\"http:\/\/sc04.alicdn.com\/kf\/Heb98a02fef774f6f94759a3a71fbf07fG\/248515790\/Heb98a02fef774f6f94759a3a71fbf07fG.jpg\" data-alt=\"mylion 14.8v battery 18650 5000mah,batterie ion lithium,lithium ion batteries for car\" \/><img loading=\"lazy\" decoding=\"async\" src=\"http:\/\/sc04.alicdn.com\/kf\/H837330eb7a8b46b6a55652da9a85aa0cE\/248515790\/H837330eb7a8b46b6a55652da9a85aa0cE.jpg\" alt=\"mylion 14.8v battery 18650 5000mah,batterie ion lithium,lithium ion batteries for car\" width=\"750\" height=\"1868\" data-src=\"http:\/\/sc04.alicdn.com\/kf\/H837330eb7a8b46b6a55652da9a85aa0cE\/248515790\/H837330eb7a8b46b6a55652da9a85aa0cE.jpg\" data-alt=\"mylion 14.8v battery 18650 5000mah,batterie ion lithium,lithium ion batteries for car\" data-spm-anchor-id=\"a2700.details.0.i21.16dc9107P8Tea7\" \/><img loading=\"lazy\" decoding=\"async\" src=\"http:\/\/sc04.alicdn.com\/kf\/H36d741b832cd47cbbf7f013fe00b6ed9B\/248515790\/H36d741b832cd47cbbf7f013fe00b6ed9B.jpg\" alt=\"mylion 14.8v battery 18650 5000mah,batterie ion lithium,lithium ion batteries for car\" width=\"750\" height=\"1816\" data-src=\"http:\/\/sc04.alicdn.com\/kf\/H36d741b832cd47cbbf7f013fe00b6ed9B\/248515790\/H36d741b832cd47cbbf7f013fe00b6ed9B.jpg\" data-alt=\"mylion 14.8v battery 18650 5000mah,batterie ion lithium,lithium ion batteries for car\" data-spm-anchor-id=\"a2700.details.0.i20.16dc9107P8Tea7\" \/><img loading=\"lazy\" decoding=\"async\" src=\"http:\/\/sc04.alicdn.com\/kf\/H453be81215ca4229addddd257be2accf3\/248515790\/H453be81215ca4229addddd257be2accf3.jpg\" alt=\"mylion 14.8v battery 18650 5000mah,batterie ion lithium,lithium ion batteries for car\" width=\"750\" height=\"898\" data-src=\"http:\/\/sc04.alicdn.com\/kf\/H453be81215ca4229addddd257be2accf3\/248515790\/H453be81215ca4229addddd257be2accf3.jpg\" data-alt=\"mylion 14.8v battery 18650 5000mah,batterie ion lithium,lithium ion batteries for car\" \/><\/p>\n<table border=\"1\" cellspacing=\"0\" cellpadding=\"0\">\n<tbody>\n<tr>\n<td colspan=\"2\" height=\"20\" data-spm-anchor-id=\"a2700.details.0.i17.1f799e46Kdug6q\">Toda la informaci\u00f3n a continuaci\u00f3n es correcta y REAL.<\/td>\n<\/tr>\n<tr>\n<td height=\"20\">Nombre del producto<\/td>\n<td>Paquete de bater\u00eda de iones de litio<\/td>\n<\/tr>\n<tr>\n<td height=\"20\">Nombre del estilo<\/td>\n<td>14,8 V 5200 mAh<\/td>\n<\/tr>\n<tr>\n<td height=\"20\">Capacidad normal<\/td>\n<td>5200 mAh<\/td>\n<\/tr>\n<tr>\n<td height=\"20\">Voltaje nominal<\/td>\n<td>14,8 V<\/td>\n<\/tr>\n<tr>\n<td height=\"20\">Voltaje m\u00e1ximo de carga<\/td>\n<td>16,8 V<\/td>\n<\/tr>\n<tr>\n<td height=\"20\">Tensi\u00f3n de descarga de corte<\/td>\n<td>12 V<\/td>\n<\/tr>\n<tr>\n<td height=\"20\">Corriente m\u00e1xima de descarga continua<\/td>\n<td>1-2A<\/td>\n<\/tr>\n<tr>\n<td height=\"20\">Corriente de carga<\/td>\n<td>1-2A<\/td>\n<\/tr>\n<tr>\n<td height=\"20\">Potencia de salida<\/td>\n<td>76,96 W<\/td>\n<\/tr>\n<tr>\n<td rowspan=\"2\" height=\"40\">Tiempo de trabajo<\/td>\n<td>Salida 14,8 V 0,5 A (7,4 W): aprox. 10,4 horas<\/td>\n<\/tr>\n<tr>\n<td>Salida 14,8 V 1,0 A (14,8 W): aproximadamente 5,8 horas<\/td>\n<\/tr>\n<tr>\n<td height=\"20\">Puerto de carga (IN)<\/td>\n<td rowspan=\"2\">DC.2.5\u00d75.5 o enchufe seleccionado<\/td>\n<\/tr>\n<tr>\n<td height=\"20\">Puerto de descarga (OUT)<\/td>\n<\/tr>\n<tr>\n<td height=\"20\">Color de PVC<\/td>\n<td>Azul<\/td>\n<\/tr>\n<tr>\n<td height=\"20\">Dimensiones de la bater\u00eda (mm)<\/td>\n<td>130x72x22<\/td>\n<\/tr>\n<tr>\n<td height=\"20\">Peso<\/td>\n<td>Aplicaci\u00f3n 360g<\/td>\n<\/tr>\n<tr>\n<td height=\"20\">Marca de celda de bater\u00eda<\/td>\n<td>Celular de marca china (o celular Samsung LG Sony Sanyo Panasonic)<\/td>\n<\/tr>\n<tr>\n<td height=\"20\">Certificaci\u00f3n de celdas de bater\u00eda<\/td>\n<td>Certificados CB, CE, UL, UN38.3, BIS, KC, MSDS, ROHS, CQC, SGS, EMC<\/td>\n<\/tr>\n<tr>\n<td height=\"20\">Protecci\u00f3n de la bater\u00eda<\/td>\n<td>Sobrecarga y descarga, sobrecorriente, cortocircuito.<\/td>\n<\/tr>\n<tr>\n<td height=\"20\">Ciclo de vida<\/td>\n<td>Capacidad est\u00e1ndar de carga y descarga \u226580% C5mAh, ciclo de vida \u2265600<\/td>\n<\/tr>\n<tr>\n<td height=\"20\">Solicitud<\/td>\n<td>Pulverizador de jard\u00edn, instrumento m\u00e9dico, aspiradora inteligente, instrumento para exteriores, control de puertas, LED solar, reemplazo de bater\u00eda de plomo \u00e1cido de 12 V, etc.<\/td>\n<\/tr>\n<tr>\n<td height=\"20\">Paquete<\/td>\n<td>20 piezas en una caja (15 x 29 x 37 cm), aproximadamente 8,2 kg\/caja<\/td>\n<\/tr>\n<tr>\n<td height=\"20\">Garant\u00eda<\/td>\n<td data-spm-anchor-id=\"a2700.details.0.i16.1f799e46Kdug6q\">12 meses<\/td>\n<\/tr>\n<\/tbody>\n<\/table>","protected":false},"excerpt":{"rendered":"<ul>\n<li>Voltaje de la bater\u00eda: 14,8 V<\/li>\n<li>Capacidad de la bater\u00eda: 5200mah<\/li>\n<li>Tipo de bater\u00eda: bater\u00eda de iones de litio<\/li>\n<li>Celda \u00fanica: 18650<\/li>\n<li>El conector est\u00e1 seleccionado<\/li>\n<li>La bater\u00eda se puede personalizar<\/li>\n<li>Puerto de carga (IN)\/Puerto de descarga (OUT): cable conductor o enchufe seleccionado<\/li>\n<li>Dimensiones de la bater\u00eda (mm): 130x72x22<\/li>\n<li>Peso: 360g<\/li>\n<li>Protecci\u00f3n de la bater\u00eda: sobrecarga y descarga, sobrecorriente, cortocircuito.<\/li>\n<\/ul>","protected":false},"featured_media":2291,"template":"","meta":{"_seopress_robots_primary_cat":"none","_seopress_titles_title":"batteries plus near me","_seopress_titles_desc":"batteries plus near me","_seopress_robots_index":"","site-sidebar-layout":"default","site-content-layout":"default","ast-site-content-layout":"default","site-content-style":"default","site-sidebar-style":"default","ast-global-header-display":"","ast-banner-title-visibility":"","ast-main-header-display":"","ast-hfb-above-header-display":"","ast-hfb-below-header-display":"","ast-hfb-mobile-header-display":"","site-post-title":"","ast-breadcrumbs-content":"","ast-featured-img":"","footer-sml-layout":"","theme-transparent-header-meta":"default","adv-header-id-meta":"","stick-header-meta":"","header-above-stick-meta":"","header-main-stick-meta":"","header-below-stick-meta":"","astra-migrate-meta-layouts":"default","ast-page-background-enabled":"default","ast-page-background-meta":{"desktop":{"background-color":"","background-image":"","background-repeat":"repeat","background-position":"center center","background-size":"auto","background-attachment":"scroll","background-type":"","background-media":"","overlay-type":"","overlay-color":"","overlay-opacity":"","overlay-gradient":""},"tablet":{"background-color":"","background-image":"","background-repeat":"repeat","background-position":"center center","background-size":"auto","background-attachment":"scroll","background-type":"","background-media":"","overlay-type":"","overlay-color":"","overlay-opacity":"","overlay-gradient":""},"mobile":{"background-color":"","background-image":"","background-repeat":"repeat","background-position":"center center","background-size":"auto","background-attachment":"scroll","background-type":"","background-media":"","overlay-type":"","overlay-color":"","overlay-opacity":"","overlay-gradient":""}},"ast-content-background-meta":{"desktop":{"background-color":"var(--ast-global-color-5)","background-image":"","background-repeat":"repeat","background-position":"center center","background-size":"auto","background-attachment":"scroll","background-type":"","background-media":"","overlay-type":"","overlay-color":"","overlay-opacity":"","overlay-gradient":""},"tablet":{"background-color":"var(--ast-global-color-5)","background-image":"","background-repeat":"repeat","background-position":"center center","background-size":"auto","background-attachment":"scroll","background-type":"","background-media":"","overlay-type":"","overlay-color":"","overlay-opacity":"","overlay-gradient":""},"mobile":{"background-color":"var(--ast-global-color-5)","background-image":"","background-repeat":"repeat","background-position":"center center","background-size":"auto","background-attachment":"scroll","background-type":"","background-media":"","overlay-type":"","overlay-color":"","overlay-opacity":"","overlay-gradient":""}}},"product_brand":[],"product_cat":[23],"product_tag":[],"class_list":{"0":"post-2290","1":"product","2":"type-product","3":"status-publish","4":"has-post-thumbnail","6":"product_cat-customized-lithium-battery","7":"desktop-align-left","8":"tablet-align-left","9":"mobile-align-left","11":"first","12":"instock","13":"shipping-taxable","14":"product-type-simple"},"_links":{"self":[{"href":"https:\/\/ygspower.com\/es\/wp-json\/wp\/v2\/product\/2290","targetHints":{"allow":["GET"]}}],"collection":[{"href":"https:\/\/ygspower.com\/es\/wp-json\/wp\/v2\/product"}],"about":[{"href":"https:\/\/ygspower.com\/es\/wp-json\/wp\/v2\/types\/product"}],"version-history":[{"count":0,"href":"https:\/\/ygspower.com\/es\/wp-json\/wp\/v2\/product\/2290\/revisions"}],"wp:featuredmedia":[{"embeddable":true,"href":"https:\/\/ygspower.com\/es\/wp-json\/wp\/v2\/media\/2291"}],"wp:attachment":[{"href":"https:\/\/ygspower.com\/es\/wp-json\/wp\/v2\/media?parent=2290"}],"wp:term":[{"taxonomy":"product_brand","embeddable":true,"href":"https:\/\/ygspower.com\/es\/wp-json\/wp\/v2\/product_brand?post=2290"},{"taxonomy":"product_cat","embeddable":true,"href":"https:\/\/ygspower.com\/es\/wp-json\/wp\/v2\/product_cat?post=2290"},{"taxonomy":"product_tag","embeddable":true,"href":"https:\/\/ygspower.com\/es\/wp-json\/wp\/v2\/product_tag?post=2290"}],"curies":[{"name":"wp","href":"https:\/\/api.w.org\/{rel}","templated":true}]}}