{"id":2479,"date":"2021-08-02T07:56:16","date_gmt":"2021-08-01T23:56:16","guid":{"rendered":"https:\/\/darksalmon-dugong-512221.hostingersite.com\/?post_type=product&#038;p=2479"},"modified":"2024-08-21T16:09:14","modified_gmt":"2024-08-21T08:09:14","slug":"waterproof-life-po4-lithium-ion-battery-12v-30ah","status":"publish","type":"product","link":"https:\/\/ygspower.com\/es\/producto\/waterproof-life-po4-lithium-ion-battery-12v-30ah\/","title":{"rendered":"Bater\u00eda de iones de litio LiFe PO4 resistente al agua de 12 V y 30 Ah"},"content":{"rendered":"<p><strong><span data-spm-anchor-id=\"a2700.wholesale.0.i15.130c3c35yhNgvv\">Bater\u00eda de iones de litio Lifepo4 Mylion Lfp1218w de 12 V y 30 Ah, bater\u00eda de plomo y \u00e1cido de repuesto con estuche impermeable<\/span><\/strong><\/p>\n<p><img fetchpriority=\"high\" decoding=\"async\" src=\"https:\/\/sc04.alicdn.com\/kf\/H560c457633f149f5a62bbf283dbb169au\/202118431\/H560c457633f149f5a62bbf283dbb169au.jpg\" alt=\"mylion lfp127w 12v 7ah lifepo4 battery lithium ion battery backup lead acid battery replacement with waterproof case\" width=\"750\" height=\"326\" data-src=\"\/\/sc04.alicdn.com\/kf\/H560c457633f149f5a62bbf283dbb169au\/202118431\/H560c457633f149f5a62bbf283dbb169au.jpg\" data-alt=\"mylion lfp127w 12v 7ah lifepo4 battery lithium ion battery backup lead acid battery replacement with waterproof case\" \/><img decoding=\"async\" src=\"https:\/\/sc04.alicdn.com\/kf\/Ha6ed4b05758040f4948b6b256b5de6dbk\/202118431\/Ha6ed4b05758040f4948b6b256b5de6dbk.jpg\" alt=\"mylion lfp127w 12v 7ah lifepo4 battery lithium ion battery backup lead acid battery replacement with waterproof case\" width=\"750\" height=\"1896\" data-src=\"\/\/sc04.alicdn.com\/kf\/Ha6ed4b05758040f4948b6b256b5de6dbk\/202118431\/Ha6ed4b05758040f4948b6b256b5de6dbk.jpg\" data-alt=\"mylion lfp127w 12v 7ah lifepo4 battery lithium ion battery backup lead acid battery replacement with waterproof case\" \/><img decoding=\"async\" src=\"https:\/\/sc04.alicdn.com\/kf\/H2870154a10014b84991d17984f12c60ev\/202118431\/H2870154a10014b84991d17984f12c60ev.jpg\" alt=\"mylion lfp127w 12v 7ah lifepo4 battery lithium ion battery backup lead acid battery replacement with waterproof case\" width=\"750\" height=\"2070\" data-src=\"\/\/sc04.alicdn.com\/kf\/H2870154a10014b84991d17984f12c60ev\/202118431\/H2870154a10014b84991d17984f12c60ev.jpg\" data-alt=\"mylion lfp127w 12v 7ah lifepo4 battery lithium ion battery backup lead acid battery replacement with waterproof case\" \/><img loading=\"lazy\" decoding=\"async\" src=\"https:\/\/sc04.alicdn.com\/kf\/Hfbd0b221b76847ee98b473c9b9383a44q\/202118431\/Hfbd0b221b76847ee98b473c9b9383a44q.jpg\" alt=\"mylion lfp127w 12v 7ah lifepo4 battery lithium ion battery backup lead acid battery replacement with waterproof case\" width=\"750\" height=\"2242\" data-src=\"\/\/sc04.alicdn.com\/kf\/Hfbd0b221b76847ee98b473c9b9383a44q\/202118431\/Hfbd0b221b76847ee98b473c9b9383a44q.jpg\" data-alt=\"mylion lfp127w 12v 7ah lifepo4 battery lithium ion battery backup lead acid battery replacement with waterproof case\" \/><img loading=\"lazy\" decoding=\"async\" src=\"https:\/\/sc04.alicdn.com\/kf\/H511346b074ac4feb90c97d5547ce9dc7c\/202118431\/H511346b074ac4feb90c97d5547ce9dc7c.jpg\" alt=\"mylion lfp127w 12v 7ah lifepo4 battery lithium ion battery backup lead acid battery replacement with waterproof case\" width=\"750\" height=\"3158\" data-src=\"\/\/sc04.alicdn.com\/kf\/H511346b074ac4feb90c97d5547ce9dc7c\/202118431\/H511346b074ac4feb90c97d5547ce9dc7c.jpg\" data-alt=\"mylion lfp127w 12v 7ah lifepo4 battery lithium ion battery backup lead acid battery replacement with waterproof case\" \/><img loading=\"lazy\" decoding=\"async\" src=\"https:\/\/sc04.alicdn.com\/kf\/H8b82506384e541e0aeb15bdfe968a937o\/202118431\/H8b82506384e541e0aeb15bdfe968a937o.jpg\" alt=\"mylion lfp127w 12v 7ah lifepo4 battery lithium ion battery backup lead acid battery replacement with waterproof case\" width=\"750\" height=\"1983\" data-src=\"\/\/sc04.alicdn.com\/kf\/H8b82506384e541e0aeb15bdfe968a937o\/202118431\/H8b82506384e541e0aeb15bdfe968a937o.jpg\" data-alt=\"mylion lfp127w 12v 7ah lifepo4 battery lithium ion battery backup lead acid battery replacement with waterproof case\" \/><\/p>\n<table width=\"925\">\n<tbody>\n<tr>\n<td width=\"341\">Nombre del producto<\/td>\n<td width=\"584\">Paquete de bater\u00eda de fosfato de hierro y litio<\/td>\n<\/tr>\n<tr>\n<td>Nombre del estilo<\/td>\n<td>Bater\u00eda de litio PO4 de 12 V y 30 Ah<\/td>\n<\/tr>\n<tr>\n<td>Capacidad normal<\/td>\n<td>30 Ah<\/td>\n<\/tr>\n<tr>\n<td>Voltaje nominal<\/td>\n<td>12 V<\/td>\n<\/tr>\n<tr>\n<td>Voltaje m\u00e1ximo de carga<\/td>\n<td>14,6 V<\/td>\n<\/tr>\n<tr>\n<td>Tensi\u00f3n de descarga de corte<\/td>\n<td>10 V<\/td>\n<\/tr>\n<tr>\n<td>Corriente m\u00e1xima de descarga continua<\/td>\n<td>20A<\/td>\n<\/tr>\n<tr>\n<td>Corriente de carga<\/td>\n<td>10 A m\u00e1x.<\/td>\n<\/tr>\n<tr>\n<td>Potencia de salida<\/td>\n<td>360 W<\/td>\n<\/tr>\n<tr>\n<td rowspan=\"2\">Tiempo de trabajo<\/td>\n<td>Salida 12 V 0,5 A (6 W): aprox. 60 horas<\/td>\n<\/tr>\n<tr>\n<td>Salida 12 V 1,0 A (12 W): aprox. 30 horas<\/td>\n<\/tr>\n<tr>\n<td>Puerto de carga (IN)<\/td>\n<td>CC.5.5\u00d72.5<\/td>\n<\/tr>\n<tr>\n<td>Puerto de descarga (OUT)<\/td>\n<td>Agujero de metal (rojo + negro-)<\/td>\n<\/tr>\n<tr>\n<td>Caja de pl\u00e1stico ABS<\/td>\n<td>Estuche impermeable gris<\/td>\n<\/tr>\n<tr>\n<td>Dimensiones de la caja de la bater\u00eda (mm)<\/td>\n<td>Largo 274 x Ancho 150 x Alto 85 mm<\/td>\n<\/tr>\n<tr>\n<td>Peso<\/td>\n<td>Aprox.3,7 kg<\/td>\n<\/tr>\n<tr>\n<td>Marca de celda de bater\u00eda<\/td>\n<td>Celular de marca china<\/td>\n<\/tr>\n<tr>\n<td>Protecci\u00f3n de la bater\u00eda<\/td>\n<td>Sobrecarga y descarga, sobrecorriente, cortocircuito.<\/td>\n<\/tr>\n<tr>\n<td>Ciclo de vida<\/td>\n<td>Capacidad est\u00e1ndar de carga y descarga \u226580% C5mAh, ciclo de vida \u22651500<\/td>\n<\/tr>\n<tr>\n<td>Solicitud<\/td>\n<td width=\"584\">Iluminaci\u00f3n, pulverizador de jard\u00edn, instrumento para exteriores, control de puertas, LED solar, reemplazo de bater\u00eda de plomo \u00e1cido de 12 V, etc.<\/td>\n<\/tr>\n<tr>\n<td>Paquete<\/td>\n<td>3 piezas en una caja (36 x 21 x 30 cm), aproximadamente 9 kg\/caja<\/td>\n<\/tr>\n<tr>\n<td>Garant\u00eda<\/td>\n<td>12 meses<\/td>\n<\/tr>\n<\/tbody>\n<\/table>\n<p align=\"left\"><strong>Preguntas frecuentes.<\/strong><\/p>\n<p align=\"left\"><strong style=\"font-size: 16px\">\u00bfEs usted un fabricante?<\/strong><\/p>\n<p align=\"left\">S\u00ed, Mylion es un fabricante.<\/p>\n<p align=\"left\"><strong>\u00bfPuedo tener un pedido de muestra?<\/strong><\/p>\n<p align=\"left\">S\u00ed, aceptamos pedidos de muestra para probar y verificar la calidad.<\/p>\n<p align=\"left\"><strong>\u00bfQu\u00e9 pasa con el plazo de entrega?<\/strong><\/p>\n<p align=\"left\">1. La muestra necesita de 3 a 5 d\u00edas.<\/p>\n<p align=\"left\">2. Pedido oficial, el tiempo de producci\u00f3n en masa necesita de 2 a 4 semanas.<\/p>\n<p align=\"left\"><strong>\u00bfTiene alg\u00fan l\u00edmite de MOQ?<\/strong><\/p>\n<p align=\"left\">1. Para ventas al por menor, no tenemos MOQ. Se puede pedir 1 pieza.<\/p>\n<p align=\"left\">2. Para ventas al por mayor, tenemos MOQ para un mejor precio, normalmente 100 piezas.<\/p>\n<p align=\"left\"><strong>\u00bfC\u00f3mo se env\u00eda la mercanc\u00eda y cu\u00e1nto tiempo tarda en llegar?<\/strong><\/p>\n<p align=\"left\">1. Para cantidades peque\u00f1as, a menudo enviamos por expreso, el tiempo de llegada es de aproximadamente 3 a 10 d\u00edas a diferentes pa\u00edses.<\/p>\n<p align=\"left\">2. Para pedidos oficiales, se recomienda enviar por mar para ahorrar costos. El tiempo de llegada a EE. UU. es de aproximadamente 20 a 25 d\u00edas; el tiempo de llegada a Europa es de aproximadamente 25 a 30 d\u00edas.<\/p>\n<p align=\"left\"><strong>\u00bfC\u00f3mo proceder con un pedido?<\/strong><\/p>\n<p align=\"left\">1. H\u00e1ganos saber sus requisitos o aplicaci\u00f3n.<\/p>\n<p align=\"left\">2. Cotizamos seg\u00fan sus requerimientos o nuestras sugerencias.<\/p>\n<p align=\"left\">3. El cliente confirma las muestras y realiza un dep\u00f3sito para el pedido formal.<\/p>\n<p align=\"left\">4. Organizamos la producci\u00f3n.<\/p>\n<p align=\"left\"><strong>\u00bfEst\u00e1 bien imprimir mi logotipo en el producto?<\/strong><\/p>\n<p align=\"left\">1. Para pedidos de peque\u00f1as cantidades o ventas minoristas, no hay servicio personalizado.<\/p>\n<p align=\"left\">2. Para ventas al por mayor, el servicio personalizado es bienvenido, por favor env\u00edenos su obra de arte.<\/p>\n<p align=\"left\"><strong>\u00bfQu\u00e9 certificados tienes?<\/strong><\/p>\n<p align=\"left\">Contamos con certificaciones CE\/FCC\/ROHS\/UN38.3\/MSDS, etc. Prometemos una buena calidad a nuestros clientes.<\/p>\n<p align=\"left\"><strong>\u00bfQu\u00e9 pasa con la garant\u00eda?<\/strong><\/p>\n<p>2 a\u00f1os de garant\u00eda<\/p>","protected":false},"excerpt":{"rendered":"<p>Bater\u00eda Mylion LiFe PO4 de 12 V y 30 Ah, bater\u00eda de iones de litio, bater\u00eda de respaldo<\/p>\n<ul>\n<li>Tipo de bater\u00eda: bater\u00eda lifepo4<\/li>\n<li>Voltaje de la bater\u00eda: 12v<\/li>\n<li>Capacidad de la bater\u00eda: 30000mah<\/li>\n<li>Tama\u00f1o: L274xW150xH85mmmm<\/li>\n<li>Peso: 3,7 kg<\/li>\n<li>Puerto de carga (IN): DC.5.5\u00d72.5<\/li>\n<li>Tiempo de funcionamiento: Salida 12 V 0,5 A (6 W): aprox. 60 horas<\/li>\n<li>Puerto de descarga (SALIDA): Orificio de metal (rojo + negro -)<\/li>\n<li>La bater\u00eda se puede personalizar<\/li>\n<li>Aplicaci\u00f3n: Juguetes, herramientas el\u00e9ctricas, electrodom\u00e9sticos, productos electr\u00f3nicos de consumo.<\/li>\n<li>Caracter\u00edstica: verde, ciclo de vida largo, peque\u00f1o, ligero, seguro.<\/li>\n<li>Protecci\u00f3n: protecci\u00f3n de temperatura, sobrecarga y descarga, sobrecorriente, cortocircuito.<\/li>\n<\/ul>","protected":false},"featured_media":2480,"template":"","meta":{"_seopress_robots_primary_cat":"none","_seopress_titles_title":"Waterproof LiFe PO4 Lithium Ion Battery 12V 30Ah","_seopress_titles_desc":"Waterproof LiFe PO4 Lithium Ion Battery 12V 30Ah","_seopress_robots_index":"","site-sidebar-layout":"default","site-content-layout":"default","ast-site-content-layout":"default","site-content-style":"default","site-sidebar-style":"default","ast-global-header-display":"","ast-banner-title-visibility":"","ast-main-header-display":"","ast-hfb-above-header-display":"","ast-hfb-below-header-display":"","ast-hfb-mobile-header-display":"","site-post-title":"","ast-breadcrumbs-content":"","ast-featured-img":"","footer-sml-layout":"","theme-transparent-header-meta":"default","adv-header-id-meta":"","stick-header-meta":"","header-above-stick-meta":"","header-main-stick-meta":"","header-below-stick-meta":"","astra-migrate-meta-layouts":"default","ast-page-background-enabled":"default","ast-page-background-meta":{"desktop":{"background-color":"","background-image":"","background-repeat":"repeat","background-position":"center center","background-size":"auto","background-attachment":"scroll","background-type":"","background-media":"","overlay-type":"","overlay-color":"","overlay-opacity":"","overlay-gradient":""},"tablet":{"background-color":"","background-image":"","background-repeat":"repeat","background-position":"center center","background-size":"auto","background-attachment":"scroll","background-type":"","background-media":"","overlay-type":"","overlay-color":"","overlay-opacity":"","overlay-gradient":""},"mobile":{"background-color":"","background-image":"","background-repeat":"repeat","background-position":"center center","background-size":"auto","background-attachment":"scroll","background-type":"","background-media":"","overlay-type":"","overlay-color":"","overlay-opacity":"","overlay-gradient":""}},"ast-content-background-meta":{"desktop":{"background-color":"var(--ast-global-color-5)","background-image":"","background-repeat":"repeat","background-position":"center center","background-size":"auto","background-attachment":"scroll","background-type":"","background-media":"","overlay-type":"","overlay-color":"","overlay-opacity":"","overlay-gradient":""},"tablet":{"background-color":"var(--ast-global-color-5)","background-image":"","background-repeat":"repeat","background-position":"center center","background-size":"auto","background-attachment":"scroll","background-type":"","background-media":"","overlay-type":"","overlay-color":"","overlay-opacity":"","overlay-gradient":""},"mobile":{"background-color":"var(--ast-global-color-5)","background-image":"","background-repeat":"repeat","background-position":"center center","background-size":"auto","background-attachment":"scroll","background-type":"","background-media":"","overlay-type":"","overlay-color":"","overlay-opacity":"","overlay-gradient":""}}},"product_brand":[],"product_cat":[28],"product_tag":[],"class_list":{"0":"post-2479","1":"product","2":"type-product","3":"status-publish","4":"has-post-thumbnail","6":"product_cat-life-po4-battery","7":"desktop-align-left","8":"tablet-align-left","9":"mobile-align-left","11":"first","12":"instock","13":"shipping-taxable","14":"product-type-simple"},"_links":{"self":[{"href":"https:\/\/ygspower.com\/es\/wp-json\/wp\/v2\/product\/2479","targetHints":{"allow":["GET"]}}],"collection":[{"href":"https:\/\/ygspower.com\/es\/wp-json\/wp\/v2\/product"}],"about":[{"href":"https:\/\/ygspower.com\/es\/wp-json\/wp\/v2\/types\/product"}],"version-history":[{"count":0,"href":"https:\/\/ygspower.com\/es\/wp-json\/wp\/v2\/product\/2479\/revisions"}],"wp:featuredmedia":[{"embeddable":true,"href":"https:\/\/ygspower.com\/es\/wp-json\/wp\/v2\/media\/2480"}],"wp:attachment":[{"href":"https:\/\/ygspower.com\/es\/wp-json\/wp\/v2\/media?parent=2479"}],"wp:term":[{"taxonomy":"product_brand","embeddable":true,"href":"https:\/\/ygspower.com\/es\/wp-json\/wp\/v2\/product_brand?post=2479"},{"taxonomy":"product_cat","embeddable":true,"href":"https:\/\/ygspower.com\/es\/wp-json\/wp\/v2\/product_cat?post=2479"},{"taxonomy":"product_tag","embeddable":true,"href":"https:\/\/ygspower.com\/es\/wp-json\/wp\/v2\/product_tag?post=2479"}],"curies":[{"name":"wp","href":"https:\/\/api.w.org\/{rel}","templated":true}]}}