{"id":2485,"date":"2021-08-02T09:40:15","date_gmt":"2021-08-02T01:40:15","guid":{"rendered":"https:\/\/darksalmon-dugong-512221.hostingersite.com\/?post_type=product&#038;p=2485"},"modified":"2022-04-20T18:07:45","modified_gmt":"2022-04-20T10:07:45","slug":"life-po4-lithium-iron-phosphate-battery-pack-12v-18ah","status":"publish","type":"product","link":"https:\/\/ygspower.com\/es\/producto\/life-po4-lithium-iron-phosphate-battery-pack-12v-18ah\/","title":{"rendered":"Bater\u00eda de fosfato de hierro y litio LiFe PO4 de 12 V y 18 Ah"},"content":{"rendered":"<p><strong>Bater\u00eda de iones de litio Lifepo4 Mylion LFP 1218U, 12 V, 18 Ah, bater\u00eda de plomo y \u00e1cido de respaldo, con puerto USB, salida de CC e indicador de bater\u00eda LCD<\/strong><\/p>\n<p><img fetchpriority=\"high\" decoding=\"async\" src=\"https:\/\/sc04.alicdn.com\/kf\/H29c29884ee284ea49152bcf0e4ba5c83c\/202118431\/H29c29884ee284ea49152bcf0e4ba5c83c.jpg\" alt=\"mylion lfp1218u 12v 18ah lifepo4 battery lithium ion battery backup lead acid battery replacement with usb dc output\" width=\"750\" height=\"326\" data-src=\"\/\/sc04.alicdn.com\/kf\/H29c29884ee284ea49152bcf0e4ba5c83c\/202118431\/H29c29884ee284ea49152bcf0e4ba5c83c.jpg\" data-alt=\"mylion lfp1218u 12v 18ah lifepo4 battery lithium ion battery backup lead acid battery replacement with usb dc output\" \/><img decoding=\"async\" src=\"https:\/\/sc04.alicdn.com\/kf\/H7f913399b9ec4689aea6f0f59b8348e1Q\/202118431\/H7f913399b9ec4689aea6f0f59b8348e1Q.jpg\" alt=\"mylion lfp1218u 12v 18ah lifepo4 battery lithium ion battery backup lead acid battery replacement with usb dc output\" width=\"750\" height=\"1894\" data-src=\"\/\/sc04.alicdn.com\/kf\/H7f913399b9ec4689aea6f0f59b8348e1Q\/202118431\/H7f913399b9ec4689aea6f0f59b8348e1Q.jpg\" data-alt=\"mylion lfp1218u 12v 18ah lifepo4 battery lithium ion battery backup lead acid battery replacement with usb dc output\" \/><img decoding=\"async\" src=\"https:\/\/sc04.alicdn.com\/kf\/Hb305ac6c7e0c42038397286700417159w\/202118431\/Hb305ac6c7e0c42038397286700417159w.jpg\" alt=\"mylion lfp1218u 12v 18ah lifepo4 battery lithium ion battery backup lead acid battery replacement with usb dc output\" width=\"750\" height=\"2037\" data-src=\"\/\/sc04.alicdn.com\/kf\/Hb305ac6c7e0c42038397286700417159w\/202118431\/Hb305ac6c7e0c42038397286700417159w.jpg\" data-alt=\"mylion lfp1218u 12v 18ah lifepo4 battery lithium ion battery backup lead acid battery replacement with usb dc output\" \/><img loading=\"lazy\" decoding=\"async\" src=\"https:\/\/sc04.alicdn.com\/kf\/Hc90910afd7e34750bc17dfdc3b963dfem\/202118431\/Hc90910afd7e34750bc17dfdc3b963dfem.jpg\" alt=\"mylion lfp1218u 12v 18ah lifepo4 battery lithium ion battery backup lead acid battery replacement with usb dc output\" width=\"750\" height=\"3101\" data-src=\"\/\/sc04.alicdn.com\/kf\/Hc90910afd7e34750bc17dfdc3b963dfem\/202118431\/Hc90910afd7e34750bc17dfdc3b963dfem.jpg\" data-alt=\"mylion lfp1218u 12v 18ah lifepo4 battery lithium ion battery backup lead acid battery replacement with usb dc output\" \/><img loading=\"lazy\" decoding=\"async\" src=\"https:\/\/sc04.alicdn.com\/kf\/H81e4b59b93e34874a9175e87fe45cea70\/202118431\/H81e4b59b93e34874a9175e87fe45cea70.jpg\" alt=\"mylion lfp1218u 12v 18ah lifepo4 battery lithium ion battery backup lead acid battery replacement with usb dc output\" width=\"750\" height=\"1951\" data-src=\"\/\/sc04.alicdn.com\/kf\/H81e4b59b93e34874a9175e87fe45cea70\/202118431\/H81e4b59b93e34874a9175e87fe45cea70.jpg\" data-alt=\"mylion lfp1218u 12v 18ah lifepo4 battery lithium ion battery backup lead acid battery replacement with usb dc output\" \/><img loading=\"lazy\" decoding=\"async\" src=\"https:\/\/sc04.alicdn.com\/kf\/H1c09d3dbe1234860a3e042a88ce0b22bL\/202118431\/H1c09d3dbe1234860a3e042a88ce0b22bL.jpg\" alt=\"mylion lfp1218u 12v 18ah lifepo4 battery lithium ion battery backup lead acid battery replacement with usb dc output\" width=\"750\" height=\"2031\" data-src=\"\/\/sc04.alicdn.com\/kf\/H1c09d3dbe1234860a3e042a88ce0b22bL\/202118431\/H1c09d3dbe1234860a3e042a88ce0b22bL.jpg\" data-alt=\"mylion lfp1218u 12v 18ah lifepo4 battery lithium ion battery backup lead acid battery replacement with usb dc output\" \/><\/p>\n<p>&nbsp;<\/p>\n<table border=\"1\" width=\"925\" cellspacing=\"0\" cellpadding=\"0\">\n<tbody>\n<tr>\n<td height=\"24\">Toda la informaci\u00f3n a continuaci\u00f3n es correcta y REAL.<\/td>\n<td><\/td>\n<\/tr>\n<tr>\n<td height=\"24\">Nombre del producto<\/td>\n<td>Paquete de bater\u00eda de fosfato de hierro y litio<\/td>\n<\/tr>\n<tr>\n<td height=\"24\">Nombre del estilo<\/td>\n<td>Bater\u00eda de litio PO4 de 12 V y 18 Ah<\/td>\n<\/tr>\n<tr>\n<td height=\"24\">Capacidad normal<\/td>\n<td>18 Ah<\/td>\n<\/tr>\n<tr>\n<td height=\"24\">Voltaje nominal<\/td>\n<td>12 V<\/td>\n<\/tr>\n<tr>\n<td height=\"24\">Voltaje m\u00e1ximo de carga<\/td>\n<td>14,6 V<\/td>\n<\/tr>\n<tr>\n<td height=\"24\">Tensi\u00f3n de descarga de corte<\/td>\n<td>10 V<\/td>\n<\/tr>\n<tr>\n<td height=\"24\">Corriente m\u00e1xima de descarga continua<\/td>\n<td>20A<\/td>\n<\/tr>\n<tr>\n<td height=\"24\">Corriente de carga<\/td>\n<td>3A<\/td>\n<\/tr>\n<tr>\n<td height=\"24\">Potencia de salida<\/td>\n<td>230 W<\/td>\n<\/tr>\n<tr>\n<td rowspan=\"2\" height=\"48\">Tiempo de trabajo<\/td>\n<td>Salida 12 V 0,5 A (6 W): aprox. 38 horas<\/td>\n<\/tr>\n<tr>\n<td height=\"24\">Salida 12 V 1,0 A (12 W): aproximadamente 19 horas<\/td>\n<\/tr>\n<tr>\n<td height=\"24\">Puerto de carga (IN)<\/td>\n<td>CC.5.5\u00d72.1<\/td>\n<\/tr>\n<tr>\n<td height=\"24\">Puerto de descarga 1 (OUT)<\/td>\n<td>Agujero de metal (rojo + negro-)<\/td>\n<\/tr>\n<tr>\n<td height=\"24\">Puerto de descarga 2 (OUT)<\/td>\n<td>2 unidades USB de 5 V 2 A<\/td>\n<\/tr>\n<tr>\n<td height=\"24\">Pantalla LCD<\/td>\n<td data-spm-anchor-id=\"a2700.wholesale.0.i16.69c4143c82TSaT\">Pantalla LCD que muestra el balance de voltaje<\/td>\n<\/tr>\n<tr>\n<td height=\"24\">Encender\/apagar<\/td>\n<td>interruptor de visualizaci\u00f3n de equilibrio de voltaje<\/td>\n<\/tr>\n<tr>\n<td height=\"24\">Caja de pl\u00e1stico ABS<\/td>\n<td data-spm-anchor-id=\"a2700.wholesale.0.i15.69c4143c82TSaT\">Estuche de pl\u00e1stico azul con asa<\/td>\n<\/tr>\n<tr>\n<td height=\"24\">Dimensiones de la caja de la bater\u00eda (mm)<\/td>\n<td>Largo 300 x Ancho 230 x Profundidad 52 mm<\/td>\n<\/tr>\n<tr>\n<td height=\"24\">Peso<\/td>\n<td>Aprox.2,5 kg<\/td>\n<\/tr>\n<tr>\n<td height=\"24\">Marca de celda de bater\u00eda<\/td>\n<td>Celular de marca china<\/td>\n<\/tr>\n<tr>\n<td height=\"24\">Protecci\u00f3n de la bater\u00eda<\/td>\n<td>Sobrecarga y descarga, sobrecorriente, cortocircuito.<\/td>\n<\/tr>\n<tr>\n<td height=\"24\">Ciclo de vida<\/td>\n<td>Capacidad est\u00e1ndar de carga y descarga \u226580% C5mAh, ciclo de vida \u22651500<\/td>\n<\/tr>\n<tr>\n<td height=\"51\">Solicitud<\/td>\n<td>Iluminaci\u00f3n, pulverizador de jard\u00edn, instrumento para exteriores, control de puertas, LED solar, reemplazo de bater\u00eda de plomo \u00e1cido de 12 V, etc.<\/td>\n<\/tr>\n<tr>\n<td height=\"24\">Paquete<\/td>\n<td>3 piezas en una caja (36 x 21 x 30 cm), aproximadamente 9 kg\/caja<\/td>\n<\/tr>\n<tr>\n<td height=\"24\">Garant\u00eda<\/td>\n<td>24 meses<\/td>\n<\/tr>\n<\/tbody>\n<\/table>\n<p><strong style=\"font-size: 16px;\">Preguntas frecuentes.<\/strong><\/p>\n<p align=\"left\"><strong style=\"font-size: 16px;\">\u00bfEs usted un fabricante?<\/strong><\/p>\n<p align=\"left\">S\u00ed, Mylion es un fabricante.<\/p>\n<p align=\"left\"><strong>\u00bfPuedo tener un pedido de muestra?<\/strong><\/p>\n<p align=\"left\">S\u00ed, aceptamos pedidos de muestra para probar y verificar la calidad.<\/p>\n<p align=\"left\"><strong>\u00bfQu\u00e9 pasa con el plazo de entrega?<\/strong><\/p>\n<p align=\"left\">1. La muestra necesita de 3 a 5 d\u00edas.<\/p>\n<p align=\"left\">2. Pedido oficial, el tiempo de producci\u00f3n en masa necesita de 2 a 4 semanas.<\/p>\n<p align=\"left\"><strong>\u00bfTiene alg\u00fan l\u00edmite de MOQ?<\/strong><\/p>\n<p align=\"left\">1. Para ventas al por menor, no tenemos MOQ. Se puede pedir 1 pieza.<\/p>\n<p align=\"left\">2. Para ventas al por mayor, tenemos MOQ para un mejor precio, normalmente 100 piezas.<\/p>\n<p align=\"left\"><strong>\u00bfC\u00f3mo se env\u00eda la mercanc\u00eda y cu\u00e1nto tiempo tarda en llegar?<\/strong><\/p>\n<p align=\"left\">1. Para cantidades peque\u00f1as, a menudo enviamos por expreso, el tiempo de llegada es de aproximadamente 3 a 10 d\u00edas a diferentes pa\u00edses.<\/p>\n<p align=\"left\">2. Para pedidos oficiales, se recomienda enviar por mar para ahorrar costos. El tiempo de llegada a EE. UU. es de aproximadamente 20 a 25 d\u00edas; el tiempo de llegada a Europa es de aproximadamente 25 a 30 d\u00edas.<\/p>\n<p align=\"left\"><strong>\u00bfC\u00f3mo proceder con un pedido?<\/strong><\/p>\n<p align=\"left\">1. H\u00e1ganos saber sus requisitos o aplicaci\u00f3n.<\/p>\n<p align=\"left\">2. Cotizamos seg\u00fan sus requerimientos o nuestras sugerencias.<\/p>\n<p align=\"left\">3. El cliente confirma las muestras y realiza un dep\u00f3sito para el pedido formal.<\/p>\n<p align=\"left\">4. Organizamos la producci\u00f3n.<\/p>\n<p align=\"left\"><strong>\u00bfEst\u00e1 bien imprimir mi logotipo en el producto?<\/strong><\/p>\n<p align=\"left\">1. Para pedidos de peque\u00f1as cantidades o ventas minoristas, no hay servicio personalizado.<\/p>\n<p align=\"left\">2. Para ventas al por mayor, el servicio personalizado es bienvenido, por favor env\u00edenos su obra de arte.<\/p>\n<p align=\"left\"><strong>\u00bfQu\u00e9 certificados tienes?<\/strong><\/p>\n<p align=\"left\">Contamos con certificaciones CE\/FCC\/ROHS\/UN38.3\/MSDS, etc. Prometemos una buena calidad a nuestros clientes.<\/p>\n<p align=\"left\"><strong>\u00bfQu\u00e9 pasa con la garant\u00eda?<\/strong><\/p>\n<p>2 a\u00f1os de garant\u00eda<\/p>","protected":false},"excerpt":{"rendered":"<p>Bater\u00eda Mylion LiFe PO4 12V 18Ah Bater\u00eda de iones de litio Bater\u00eda de respaldo<\/p>\n<ul>\n<li>Tipo de bater\u00eda: bater\u00eda lifepo4<\/li>\n<li>Voltaje de la bater\u00eda: 12v<\/li>\n<li>Capacidad de la bater\u00eda: 18000mah<\/li>\n<li>Tama\u00f1o: L300xW230xT52mm<\/li>\n<li>Peso: 2,5 kg<\/li>\n<li>Puerto de carga (IN): DC.5.5\u00d72.1<\/li>\n<li>Tiempo de funcionamiento: Salida 12 V 0,5 A (6 W): aprox. 38 horas<\/li>\n<li>Puerto de descarga (SALIDA): Orificio de metal (rojo + negro -)<\/li>\n<li>La bater\u00eda se puede personalizar<\/li>\n<li>Aplicaci\u00f3n: Iluminaci\u00f3n, pulverizador de jard\u00edn, instrumento para exteriores, control de puertas, LED solar, reemplazo de bater\u00eda de plomo \u00e1cido de 12 V, etc.<\/li>\n<li>Garant\u00eda: 2 a\u00f1os<\/li>\n<li>Protecci\u00f3n: protecci\u00f3n de temperatura, sobrecarga y descarga, sobrecorriente, cortocircuito.<\/li>\n<\/ul>","protected":false},"featured_media":2486,"template":"","meta":{"_seopress_robots_primary_cat":"none","_seopress_titles_title":"LiFe PO4 Lithium Iron Phosphate Battery Pack 12V 18Ah","_seopress_titles_desc":"LiFe PO4 Lithium Iron Phosphate Battery Pack 12V 18Ah","_seopress_robots_index":"","site-sidebar-layout":"default","site-content-layout":"default","ast-site-content-layout":"default","site-content-style":"default","site-sidebar-style":"default","ast-global-header-display":"","ast-banner-title-visibility":"","ast-main-header-display":"","ast-hfb-above-header-display":"","ast-hfb-below-header-display":"","ast-hfb-mobile-header-display":"","site-post-title":"","ast-breadcrumbs-content":"","ast-featured-img":"","footer-sml-layout":"","theme-transparent-header-meta":"default","adv-header-id-meta":"","stick-header-meta":"","header-above-stick-meta":"","header-main-stick-meta":"","header-below-stick-meta":"","astra-migrate-meta-layouts":"default","ast-page-background-enabled":"default","ast-page-background-meta":{"desktop":{"background-color":"","background-image":"","background-repeat":"repeat","background-position":"center center","background-size":"auto","background-attachment":"scroll","background-type":"","background-media":"","overlay-type":"","overlay-color":"","overlay-opacity":"","overlay-gradient":""},"tablet":{"background-color":"","background-image":"","background-repeat":"repeat","background-position":"center center","background-size":"auto","background-attachment":"scroll","background-type":"","background-media":"","overlay-type":"","overlay-color":"","overlay-opacity":"","overlay-gradient":""},"mobile":{"background-color":"","background-image":"","background-repeat":"repeat","background-position":"center center","background-size":"auto","background-attachment":"scroll","background-type":"","background-media":"","overlay-type":"","overlay-color":"","overlay-opacity":"","overlay-gradient":""}},"ast-content-background-meta":{"desktop":{"background-color":"var(--ast-global-color-5)","background-image":"","background-repeat":"repeat","background-position":"center center","background-size":"auto","background-attachment":"scroll","background-type":"","background-media":"","overlay-type":"","overlay-color":"","overlay-opacity":"","overlay-gradient":""},"tablet":{"background-color":"var(--ast-global-color-5)","background-image":"","background-repeat":"repeat","background-position":"center center","background-size":"auto","background-attachment":"scroll","background-type":"","background-media":"","overlay-type":"","overlay-color":"","overlay-opacity":"","overlay-gradient":""},"mobile":{"background-color":"var(--ast-global-color-5)","background-image":"","background-repeat":"repeat","background-position":"center center","background-size":"auto","background-attachment":"scroll","background-type":"","background-media":"","overlay-type":"","overlay-color":"","overlay-opacity":"","overlay-gradient":""}}},"product_brand":[],"product_cat":[28],"product_tag":[],"class_list":{"0":"post-2485","1":"product","2":"type-product","3":"status-publish","4":"has-post-thumbnail","6":"product_cat-life-po4-battery","7":"desktop-align-left","8":"tablet-align-left","9":"mobile-align-left","11":"first","12":"instock","13":"shipping-taxable","14":"product-type-simple"},"_links":{"self":[{"href":"https:\/\/ygspower.com\/es\/wp-json\/wp\/v2\/product\/2485","targetHints":{"allow":["GET"]}}],"collection":[{"href":"https:\/\/ygspower.com\/es\/wp-json\/wp\/v2\/product"}],"about":[{"href":"https:\/\/ygspower.com\/es\/wp-json\/wp\/v2\/types\/product"}],"version-history":[{"count":0,"href":"https:\/\/ygspower.com\/es\/wp-json\/wp\/v2\/product\/2485\/revisions"}],"wp:featuredmedia":[{"embeddable":true,"href":"https:\/\/ygspower.com\/es\/wp-json\/wp\/v2\/media\/2486"}],"wp:attachment":[{"href":"https:\/\/ygspower.com\/es\/wp-json\/wp\/v2\/media?parent=2485"}],"wp:term":[{"taxonomy":"product_brand","embeddable":true,"href":"https:\/\/ygspower.com\/es\/wp-json\/wp\/v2\/product_brand?post=2485"},{"taxonomy":"product_cat","embeddable":true,"href":"https:\/\/ygspower.com\/es\/wp-json\/wp\/v2\/product_cat?post=2485"},{"taxonomy":"product_tag","embeddable":true,"href":"https:\/\/ygspower.com\/es\/wp-json\/wp\/v2\/product_tag?post=2485"}],"curies":[{"name":"wp","href":"https:\/\/api.w.org\/{rel}","templated":true}]}}