{"id":2500,"date":"2021-08-04T09:36:54","date_gmt":"2021-08-04T01:36:54","guid":{"rendered":"https:\/\/darksalmon-dugong-512221.hostingersite.com\/?post_type=product&#038;p=2500"},"modified":"2021-09-03T16:30:02","modified_gmt":"2021-09-03T08:30:02","slug":"mylion-3-7v-1300mah-902360-lithium-polymer-battery","status":"publish","type":"product","link":"https:\/\/ygspower.com\/es\/producto\/mylion-3-7v-1300mah-902360-lithium-polymer-battery\/","title":{"rendered":"Bater\u00eda de pol\u00edmero de litio Mylion 3,7 V 1300 mAh 902360"},"content":{"rendered":"<p><img fetchpriority=\"high\" decoding=\"async\" src=\"http:\/\/sc04.alicdn.com\/kf\/Hcc3aa2919498471285a450a43b53d6e47\/202118431\/Hcc3aa2919498471285a450a43b53d6e47.jpg\" alt=\"mylion 3.7v 1300mah 902360 lithium polymer battery\" width=\"750\" height=\"334\" data-src=\"http:\/\/sc04.alicdn.com\/kf\/Hcc3aa2919498471285a450a43b53d6e47\/202118431\/Hcc3aa2919498471285a450a43b53d6e47.jpg\" data-alt=\"mylion 3.7v 1300mah 902360 lithium polymer battery\" data-spm-anchor-id=\"a2700.wholesale.0.i25.6d4162e2OR3dhW\" \/><img decoding=\"async\" src=\"http:\/\/sc04.alicdn.com\/kf\/Hb99598c5835a4b51bcb72dfe7d329f45A\/202118431\/Hb99598c5835a4b51bcb72dfe7d329f45A.jpg\" alt=\"mylion 3.7v 1300mah 902360 lithium polymer battery\" width=\"750\" height=\"933\" data-src=\"http:\/\/sc04.alicdn.com\/kf\/Hb99598c5835a4b51bcb72dfe7d329f45A\/202118431\/Hb99598c5835a4b51bcb72dfe7d329f45A.jpg\" data-alt=\"mylion 3.7v 1300mah 902360 lithium polymer battery\" \/><img decoding=\"async\" src=\"http:\/\/sc04.alicdn.com\/kf\/Hc97530ad3d2549bd9d2525b7affae59d0\/202118431\/Hc97530ad3d2549bd9d2525b7affae59d0.jpg\" alt=\"mylion 3.7v 1300mah 902360 lithium polymer battery\" width=\"750\" height=\"1233\" data-src=\"http:\/\/sc04.alicdn.com\/kf\/Hc97530ad3d2549bd9d2525b7affae59d0\/202118431\/Hc97530ad3d2549bd9d2525b7affae59d0.jpg\" data-alt=\"mylion 3.7v 1300mah 902360 lithium polymer battery\" \/><img loading=\"lazy\" decoding=\"async\" src=\"http:\/\/sc04.alicdn.com\/kf\/H29804ee010584885ac1b703b33af54d4t\/202118431\/H29804ee010584885ac1b703b33af54d4t.jpg\" alt=\"mylion 3.7v 1300mah 902360 lithium polymer battery\" width=\"750\" height=\"1424\" data-src=\"http:\/\/sc04.alicdn.com\/kf\/H29804ee010584885ac1b703b33af54d4t\/202118431\/H29804ee010584885ac1b703b33af54d4t.jpg\" data-alt=\"mylion 3.7v 1300mah 902360 lithium polymer battery\" \/><img loading=\"lazy\" decoding=\"async\" src=\"http:\/\/sc04.alicdn.com\/kf\/Hdf390a1228d2429b89a63a00ddaf5b95D\/202118431\/Hdf390a1228d2429b89a63a00ddaf5b95D.jpg\" alt=\"mylion 3.7v 1300mah 902360 lithium polymer battery\" width=\"750\" height=\"2413\" data-src=\"http:\/\/sc04.alicdn.com\/kf\/Hdf390a1228d2429b89a63a00ddaf5b95D\/202118431\/Hdf390a1228d2429b89a63a00ddaf5b95D.jpg\" data-alt=\"mylion 3.7v 1300mah 902360 lithium polymer battery\" \/><img loading=\"lazy\" decoding=\"async\" src=\"http:\/\/sc04.alicdn.com\/kf\/H27bc57ef5b1c4ffb8a8129fe775381bfS\/202118431\/H27bc57ef5b1c4ffb8a8129fe775381bfS.jpg\" alt=\"mylion 3.7v 1300mah 902360 lithium polymer battery\" width=\"750\" height=\"2043\" data-src=\"http:\/\/sc04.alicdn.com\/kf\/H27bc57ef5b1c4ffb8a8129fe775381bfS\/202118431\/H27bc57ef5b1c4ffb8a8129fe775381bfS.jpg\" data-alt=\"mylion 3.7v 1300mah 902360 lithium polymer battery\" \/><img loading=\"lazy\" decoding=\"async\" src=\"http:\/\/sc04.alicdn.com\/kf\/Hf15dce827c3846d2975db3d65b3ed73bf\/202118431\/Hf15dce827c3846d2975db3d65b3ed73bf.jpg\" alt=\"mylion 3.7v 1300mah 902360 lithium polymer battery\" width=\"750\" height=\"1818\" data-src=\"http:\/\/sc04.alicdn.com\/kf\/Hf15dce827c3846d2975db3d65b3ed73bf\/202118431\/Hf15dce827c3846d2975db3d65b3ed73bf.jpg\" data-alt=\"mylion 3.7v 1300mah 902360 lithium polymer battery\" \/><img loading=\"lazy\" decoding=\"async\" src=\"http:\/\/sc04.alicdn.com\/kf\/H8d6f60a500194f64a40eeff94aed9a52U\/202118431\/H8d6f60a500194f64a40eeff94aed9a52U.jpg\" alt=\"mylion 3.7v 1300mah 902360 lithium polymer battery\" width=\"750\" height=\"906\" data-src=\"http:\/\/sc04.alicdn.com\/kf\/H8d6f60a500194f64a40eeff94aed9a52U\/202118431\/H8d6f60a500194f64a40eeff94aed9a52U.jpg\" data-alt=\"mylion 3.7v 1300mah 902360 lithium polymer battery\" \/><\/p>\n<table border=\"1\" width=\"792\" cellspacing=\"0\" cellpadding=\"0\">\n<tbody>\n<tr>\n<td colspan=\"2\" width=\"792\" height=\"21\">Toda la informaci\u00f3n a continuaci\u00f3n es correcta y REAL.<\/td>\n<\/tr>\n<tr>\n<td height=\"21\">Nombre del producto<\/td>\n<td>Bater\u00eda de pol\u00edmero de litio 3,7 V 1300 mAh<\/td>\n<\/tr>\n<tr>\n<td height=\"21\">Nombre del estilo<\/td>\n<td>3,7 V 1300 mAh<\/td>\n<\/tr>\n<tr>\n<td height=\"21\">Capacidad normal<\/td>\n<td>1300 mAh<\/td>\n<\/tr>\n<tr>\n<td height=\"21\">Voltaje nominal<\/td>\n<td>3,6 V<\/td>\n<\/tr>\n<tr>\n<td height=\"21\">Voltaje m\u00e1ximo de carga<\/td>\n<td>4,2 V<\/td>\n<\/tr>\n<tr>\n<td height=\"21\">Tensi\u00f3n de descarga de corte<\/td>\n<td>3,0 V<\/td>\n<\/tr>\n<tr>\n<td height=\"21\">Corriente m\u00e1xima de descarga continua<\/td>\n<td>1A<\/td>\n<\/tr>\n<tr>\n<td height=\"21\">Corriente de carga<\/td>\n<td>500 mA<\/td>\n<\/tr>\n<tr>\n<td height=\"21\">Potencia de salida<\/td>\n<td>4,81 Wh<\/td>\n<\/tr>\n<tr>\n<td rowspan=\"2\" height=\"42\">Tiempo de trabajo<\/td>\n<td>Salida 3,7 V 0,1 A (0,37 W): aprox. 13 horas<\/td>\n<\/tr>\n<tr>\n<td height=\"21\">Salida 3,7 V 0,5 A (1,85 W): aproximadamente 2,6 horas<\/td>\n<\/tr>\n<tr>\n<td height=\"21\">Puerto de carga (IN)<\/td>\n<td rowspan=\"2\" data-spm-anchor-id=\"a2700.wholesale.0.i23.6d4162e2OR3dhW\">JST de 2 pines o Molex o seleccionado<\/td>\n<\/tr>\n<tr>\n<td height=\"21\">Puerto de descarga (OUT)<\/td>\n<\/tr>\n<tr>\n<td height=\"21\">Color de PVC<\/td>\n<td>Plata<\/td>\n<\/tr>\n<tr>\n<td height=\"21\">Dimensiones de la bater\u00eda<\/td>\n<td>Largo 50 x Ancho 18 x Alto 7 mm<\/td>\n<\/tr>\n<tr>\n<td height=\"21\">Peso<\/td>\n<td>aprox.22g<\/td>\n<\/tr>\n<tr>\n<td height=\"21\">Marca de celda de bater\u00eda<\/td>\n<td>Celular de marca china<\/td>\n<\/tr>\n<tr>\n<td height=\"21\">Protecci\u00f3n de la bater\u00eda<\/td>\n<td>Sobrecarga y descarga, sobrecorriente, cortocircuito.<\/td>\n<\/tr>\n<tr>\n<td height=\"21\">Ciclo de vida<\/td>\n<td>Capacidad est\u00e1ndar de carga y descarga \u226580% C5mAh, ciclo de vida \u2265600<\/td>\n<\/tr>\n<tr>\n<td height=\"21\">Solicitud<\/td>\n<td>Bluetooth y electr\u00f3nica de consumo<\/td>\n<\/tr>\n<tr>\n<td height=\"21\">Paquete<\/td>\n<td>200 piezas en una caja (15 x 29 x 37 cm), aproximadamente 5,8 kg\/caja<\/td>\n<\/tr>\n<tr>\n<td height=\"21\">Garant\u00eda<\/td>\n<td>12 meses<\/td>\n<\/tr>\n<\/tbody>\n<\/table>\n<p data-spm-anchor-id=\"a2700.wholesale.0.i24.6d4162e2OR3dhW\">","protected":false},"excerpt":{"rendered":"<p class=\"price\">Bater\u00eda de pol\u00edmero de litio de 3,7 V y 1300 mAh<\/p>\n<div class=\"woocommerce-product-details__short-description\">\n<ul>\n<li>Voltaje de la bater\u00eda: 3,7 V\/3,6 V<\/li>\n<li>Capacidad de la bater\u00eda: 1300mah<\/li>\n<li>Tipo de bater\u00eda: bater\u00eda de pol\u00edmero de litio<\/li>\n<li>Celda \u00fanica: 902360<\/li>\n<li>Tama\u00f1o de la bater\u00eda: L50xW18xH7mm<\/li>\n<li>Aplicaci\u00f3n: Electr\u00f3nica de consumo, productos el\u00e9ctricos con Bluetooth, GPS.<\/li>\n<li>El conector est\u00e1 seleccionado<\/li>\n<li>La bater\u00eda se puede personalizar<\/li>\n<li>Protecci\u00f3n: sobrecarga\/descarga, sobrecorriente, cortocircuito.<\/li>\n<\/ul>\n<\/div>","protected":false},"featured_media":2502,"template":"","meta":{"_seopress_robots_primary_cat":"","_seopress_titles_title":"Mylion 3.7V 1300mAh 902360 Lithium Polymer Battery","_seopress_titles_desc":"Mylion 3.7V 1300mAh 902360 Lithium Polymer Battery","_seopress_robots_index":"","site-sidebar-layout":"default","site-content-layout":"default","ast-site-content-layout":"default","site-content-style":"default","site-sidebar-style":"default","ast-global-header-display":"","ast-banner-title-visibility":"","ast-main-header-display":"","ast-hfb-above-header-display":"","ast-hfb-below-header-display":"","ast-hfb-mobile-header-display":"","site-post-title":"","ast-breadcrumbs-content":"","ast-featured-img":"","footer-sml-layout":"","theme-transparent-header-meta":"default","adv-header-id-meta":"","stick-header-meta":"","header-above-stick-meta":"","header-main-stick-meta":"","header-below-stick-meta":"","astra-migrate-meta-layouts":"default","ast-page-background-enabled":"default","ast-page-background-meta":{"desktop":{"background-color":"","background-image":"","background-repeat":"repeat","background-position":"center center","background-size":"auto","background-attachment":"scroll","background-type":"","background-media":"","overlay-type":"","overlay-color":"","overlay-opacity":"","overlay-gradient":""},"tablet":{"background-color":"","background-image":"","background-repeat":"repeat","background-position":"center center","background-size":"auto","background-attachment":"scroll","background-type":"","background-media":"","overlay-type":"","overlay-color":"","overlay-opacity":"","overlay-gradient":""},"mobile":{"background-color":"","background-image":"","background-repeat":"repeat","background-position":"center center","background-size":"auto","background-attachment":"scroll","background-type":"","background-media":"","overlay-type":"","overlay-color":"","overlay-opacity":"","overlay-gradient":""}},"ast-content-background-meta":{"desktop":{"background-color":"var(--ast-global-color-5)","background-image":"","background-repeat":"repeat","background-position":"center center","background-size":"auto","background-attachment":"scroll","background-type":"","background-media":"","overlay-type":"","overlay-color":"","overlay-opacity":"","overlay-gradient":""},"tablet":{"background-color":"var(--ast-global-color-5)","background-image":"","background-repeat":"repeat","background-position":"center center","background-size":"auto","background-attachment":"scroll","background-type":"","background-media":"","overlay-type":"","overlay-color":"","overlay-opacity":"","overlay-gradient":""},"mobile":{"background-color":"var(--ast-global-color-5)","background-image":"","background-repeat":"repeat","background-position":"center center","background-size":"auto","background-attachment":"scroll","background-type":"","background-media":"","overlay-type":"","overlay-color":"","overlay-opacity":"","overlay-gradient":""}}},"product_brand":[],"product_cat":[30],"product_tag":[],"class_list":{"0":"post-2500","1":"product","2":"type-product","3":"status-publish","4":"has-post-thumbnail","6":"product_cat-lithium-plymer-battery","7":"desktop-align-left","8":"tablet-align-left","9":"mobile-align-left","11":"first","12":"instock","13":"shipping-taxable","14":"product-type-simple"},"_links":{"self":[{"href":"https:\/\/ygspower.com\/es\/wp-json\/wp\/v2\/product\/2500","targetHints":{"allow":["GET"]}}],"collection":[{"href":"https:\/\/ygspower.com\/es\/wp-json\/wp\/v2\/product"}],"about":[{"href":"https:\/\/ygspower.com\/es\/wp-json\/wp\/v2\/types\/product"}],"version-history":[{"count":0,"href":"https:\/\/ygspower.com\/es\/wp-json\/wp\/v2\/product\/2500\/revisions"}],"wp:featuredmedia":[{"embeddable":true,"href":"https:\/\/ygspower.com\/es\/wp-json\/wp\/v2\/media\/2502"}],"wp:attachment":[{"href":"https:\/\/ygspower.com\/es\/wp-json\/wp\/v2\/media?parent=2500"}],"wp:term":[{"taxonomy":"product_brand","embeddable":true,"href":"https:\/\/ygspower.com\/es\/wp-json\/wp\/v2\/product_brand?post=2500"},{"taxonomy":"product_cat","embeddable":true,"href":"https:\/\/ygspower.com\/es\/wp-json\/wp\/v2\/product_cat?post=2500"},{"taxonomy":"product_tag","embeddable":true,"href":"https:\/\/ygspower.com\/es\/wp-json\/wp\/v2\/product_tag?post=2500"}],"curies":[{"name":"wp","href":"https:\/\/api.w.org\/{rel}","templated":true}]}}