{"id":2753,"date":"2021-08-31T20:50:27","date_gmt":"2021-08-31T12:50:27","guid":{"rendered":"https:\/\/darksalmon-dugong-512221.hostingersite.com\/?post_type=product&#038;p=2753"},"modified":"2023-11-24T15:16:52","modified_gmt":"2023-11-24T07:16:52","slug":"life-po4-12v50ah-lithium-battery-backup","status":"publish","type":"product","link":"https:\/\/ygspower.com\/es\/producto\/life-po4-12v50ah-lithium-battery-backup\/","title":{"rendered":"Bater\u00eda de respaldo de iones de litio recargable de 12 V y 50 Ah LiFe PO4"},"content":{"rendered":"<p><img fetchpriority=\"high\" decoding=\"async\" class=\"aligncenter size-full wp-image-2754\" src=\"http:\/\/ygspower.com\/wp-content\/uploads\/2021\/08\/lifepo4-battery-12v100ah_01.jpg\" alt=\"\" width=\"750\" height=\"326\" srcset=\"https:\/\/ygspower.com\/wp-content\/uploads\/2021\/08\/lifepo4-battery-12v100ah_01.jpg 750w, https:\/\/ygspower.com\/wp-content\/uploads\/2021\/08\/lifepo4-battery-12v100ah_01-600x261.jpg 600w, https:\/\/ygspower.com\/wp-content\/uploads\/2021\/08\/lifepo4-battery-12v100ah_01-300x130.jpg 300w\" sizes=\"(max-width: 750px) 100vw, 750px\" \/><\/p>\n<table width=\"925\">\n<tbody>\n<tr>\n<td colspan=\"2\" width=\"925\">Toda la informaci\u00f3n a continuaci\u00f3n es correcta y REAL.<\/td>\n<\/tr>\n<tr>\n<td>Nombre del producto<\/td>\n<td>Bater\u00edas de almacenamiento Lifepo4 de bater\u00edas de fosfato de hierro y litio<\/td>\n<\/tr>\n<tr>\n<td>Nombre del estilo<\/td>\n<td>Bater\u00eda solar LiFe PO4 de 12 V y 50 Ah<\/td>\n<\/tr>\n<tr>\n<td>Capacidad normal<\/td>\n<td>50 Ah<\/td>\n<\/tr>\n<tr>\n<td>Voltaje nominal<\/td>\n<td>12 V<\/td>\n<\/tr>\n<tr>\n<td>Voltaje m\u00e1ximo de carga<\/td>\n<td>14,6 V<\/td>\n<\/tr>\n<tr>\n<td>Tensi\u00f3n de descarga de corte<\/td>\n<td>10 V<\/td>\n<\/tr>\n<tr>\n<td>Corriente m\u00e1xima de descarga continua<\/td>\n<td>20A<\/td>\n<\/tr>\n<tr>\n<td>Corriente de carga<\/td>\n<td>10 A m\u00e1x.<\/td>\n<\/tr>\n<tr>\n<td>Potencia de salida<\/td>\n<td>600 W<\/td>\n<\/tr>\n<tr>\n<td rowspan=\"2\">Tiempo de trabajo<\/td>\n<td>Salida 12 V 0,5 A (6 W): aprox. 100 horas<\/td>\n<\/tr>\n<tr>\n<td>Salida 12 V 1,0 A (12 W): aproximadamente 50 horas<\/td>\n<\/tr>\n<tr>\n<td>Puerto de carga (IN)<\/td>\n<td rowspan=\"2\">placa de metal (rojo+negro-)<\/td>\n<\/tr>\n<tr>\n<td>Puerto de descarga (OUT)<\/td>\n<\/tr>\n<tr>\n<td>Dimensiones de la caja de la bater\u00eda (mm)<\/td>\n<td>Largo 229 x Ancho 138 x Alto 208 mm<\/td>\n<\/tr>\n<tr>\n<td>Peso<\/td>\n<td>Aprox.5 kg<\/td>\n<\/tr>\n<tr>\n<td>Marca de celda de bater\u00eda<\/td>\n<td>Celular de marca china<\/td>\n<\/tr>\n<tr>\n<td>Protecci\u00f3n de la bater\u00eda<\/td>\n<td>Sobrecarga y descarga, sobrecorriente, cortocircuito.<\/td>\n<\/tr>\n<tr>\n<td>Ciclo de vida<\/td>\n<td>Capacidad est\u00e1ndar de carga y descarga \u226580% C5mAh, ciclo de vida \u22651500<\/td>\n<\/tr>\n<tr>\n<td>Solicitud<\/td>\n<td width=\"584\">Iluminaci\u00f3n, pulverizador de jard\u00edn, instrumento para exteriores, control de puertas, LED solar, reemplazo de bater\u00eda de plomo \u00e1cido de 12 V, etc.<\/td>\n<\/tr>\n<tr>\n<td>Paquete<\/td>\n<td>1 unidad en una caja (15 x 29 x 37 cm), aproximadamente 6,5 kg\/caja<\/td>\n<\/tr>\n<tr>\n<td>Garant\u00eda<\/td>\n<td>12 meses<\/td>\n<\/tr>\n<\/tbody>\n<\/table>\n<p><img decoding=\"async\" class=\"aligncenter size-full wp-image-2755\" src=\"http:\/\/ygspower.com\/wp-content\/uploads\/2021\/08\/lifepo4-battery-12v100ah_02.jpg\" alt=\"\" width=\"750\" height=\"948\" srcset=\"https:\/\/ygspower.com\/wp-content\/uploads\/2021\/08\/lifepo4-battery-12v100ah_02.jpg 750w, https:\/\/ygspower.com\/wp-content\/uploads\/2021\/08\/lifepo4-battery-12v100ah_02-600x758.jpg 600w, https:\/\/ygspower.com\/wp-content\/uploads\/2021\/08\/lifepo4-battery-12v100ah_02-237x300.jpg 237w\" sizes=\"(max-width: 750px) 100vw, 750px\" \/> <img decoding=\"async\" class=\"aligncenter size-full wp-image-2756\" src=\"http:\/\/ygspower.com\/wp-content\/uploads\/2021\/08\/lifepo4-battery-12v100ah_03.jpg\" alt=\"\" width=\"750\" height=\"948\" srcset=\"https:\/\/ygspower.com\/wp-content\/uploads\/2021\/08\/lifepo4-battery-12v100ah_03.jpg 750w, https:\/\/ygspower.com\/wp-content\/uploads\/2021\/08\/lifepo4-battery-12v100ah_03-600x758.jpg 600w, https:\/\/ygspower.com\/wp-content\/uploads\/2021\/08\/lifepo4-battery-12v100ah_03-237x300.jpg 237w\" sizes=\"(max-width: 750px) 100vw, 750px\" \/> <img loading=\"lazy\" decoding=\"async\" class=\"aligncenter size-full wp-image-2757\" src=\"http:\/\/ygspower.com\/wp-content\/uploads\/2021\/08\/lifepo4-battery-12v100ah_04.jpg\" alt=\"\" width=\"750\" height=\"1228\" srcset=\"https:\/\/ygspower.com\/wp-content\/uploads\/2021\/08\/lifepo4-battery-12v100ah_04.jpg 750w, https:\/\/ygspower.com\/wp-content\/uploads\/2021\/08\/lifepo4-battery-12v100ah_04-600x982.jpg 600w, https:\/\/ygspower.com\/wp-content\/uploads\/2021\/08\/lifepo4-battery-12v100ah_04-183x300.jpg 183w, https:\/\/ygspower.com\/wp-content\/uploads\/2021\/08\/lifepo4-battery-12v100ah_04-625x1024.jpg 625w\" sizes=\"(max-width: 750px) 100vw, 750px\" \/> <img loading=\"lazy\" decoding=\"async\" class=\"aligncenter size-full wp-image-2758\" src=\"http:\/\/ygspower.com\/wp-content\/uploads\/2021\/08\/lifepo4-battery-12v100ah_05.jpg\" alt=\"\" width=\"750\" height=\"847\" srcset=\"https:\/\/ygspower.com\/wp-content\/uploads\/2021\/08\/lifepo4-battery-12v100ah_05.jpg 750w, https:\/\/ygspower.com\/wp-content\/uploads\/2021\/08\/lifepo4-battery-12v100ah_05-600x678.jpg 600w, https:\/\/ygspower.com\/wp-content\/uploads\/2021\/08\/lifepo4-battery-12v100ah_05-266x300.jpg 266w\" sizes=\"(max-width: 750px) 100vw, 750px\" \/> <img loading=\"lazy\" decoding=\"async\" class=\"aligncenter size-full wp-image-2759\" src=\"http:\/\/ygspower.com\/wp-content\/uploads\/2021\/08\/lifepo4-battery-12v100ah_06.jpg\" alt=\"\" width=\"750\" height=\"655\" srcset=\"https:\/\/ygspower.com\/wp-content\/uploads\/2021\/08\/lifepo4-battery-12v100ah_06.jpg 750w, https:\/\/ygspower.com\/wp-content\/uploads\/2021\/08\/lifepo4-battery-12v100ah_06-600x524.jpg 600w, https:\/\/ygspower.com\/wp-content\/uploads\/2021\/08\/lifepo4-battery-12v100ah_06-300x262.jpg 300w\" sizes=\"(max-width: 750px) 100vw, 750px\" \/> <img loading=\"lazy\" decoding=\"async\" class=\"aligncenter size-full wp-image-2760\" src=\"http:\/\/ygspower.com\/wp-content\/uploads\/2021\/08\/lifepo4-battery-12v100ah_07.jpg\" alt=\"\" width=\"750\" height=\"684\" srcset=\"https:\/\/ygspower.com\/wp-content\/uploads\/2021\/08\/lifepo4-battery-12v100ah_07.jpg 750w, https:\/\/ygspower.com\/wp-content\/uploads\/2021\/08\/lifepo4-battery-12v100ah_07-600x547.jpg 600w, https:\/\/ygspower.com\/wp-content\/uploads\/2021\/08\/lifepo4-battery-12v100ah_07-300x274.jpg 300w\" sizes=\"(max-width: 750px) 100vw, 750px\" \/> <img loading=\"lazy\" decoding=\"async\" class=\"aligncenter size-full wp-image-2761\" src=\"http:\/\/ygspower.com\/wp-content\/uploads\/2021\/08\/lifepo4-battery-12v100ah_08.jpg\" alt=\"\" width=\"750\" height=\"867\" srcset=\"https:\/\/ygspower.com\/wp-content\/uploads\/2021\/08\/lifepo4-battery-12v100ah_08.jpg 750w, https:\/\/ygspower.com\/wp-content\/uploads\/2021\/08\/lifepo4-battery-12v100ah_08-600x694.jpg 600w, https:\/\/ygspower.com\/wp-content\/uploads\/2021\/08\/lifepo4-battery-12v100ah_08-260x300.jpg 260w\" sizes=\"(max-width: 750px) 100vw, 750px\" \/> <img loading=\"lazy\" decoding=\"async\" class=\"aligncenter size-full wp-image-2762\" src=\"http:\/\/ygspower.com\/wp-content\/uploads\/2021\/08\/lifepo4-battery-12v100ah_09.jpg\" alt=\"\" width=\"750\" height=\"1519\" srcset=\"https:\/\/ygspower.com\/wp-content\/uploads\/2021\/08\/lifepo4-battery-12v100ah_09.jpg 750w, https:\/\/ygspower.com\/wp-content\/uploads\/2021\/08\/lifepo4-battery-12v100ah_09-600x1215.jpg 600w, https:\/\/ygspower.com\/wp-content\/uploads\/2021\/08\/lifepo4-battery-12v100ah_09-148x300.jpg 148w, https:\/\/ygspower.com\/wp-content\/uploads\/2021\/08\/lifepo4-battery-12v100ah_09-506x1024.jpg 506w\" sizes=\"(max-width: 750px) 100vw, 750px\" \/> <img loading=\"lazy\" decoding=\"async\" class=\"aligncenter size-full wp-image-2763\" src=\"http:\/\/ygspower.com\/wp-content\/uploads\/2021\/08\/lifepo4-battery-12v100ah_10.jpg\" alt=\"\" width=\"750\" height=\"1172\" srcset=\"https:\/\/ygspower.com\/wp-content\/uploads\/2021\/08\/lifepo4-battery-12v100ah_10.jpg 750w, https:\/\/ygspower.com\/wp-content\/uploads\/2021\/08\/lifepo4-battery-12v100ah_10-600x938.jpg 600w, https:\/\/ygspower.com\/wp-content\/uploads\/2021\/08\/lifepo4-battery-12v100ah_10-192x300.jpg 192w, https:\/\/ygspower.com\/wp-content\/uploads\/2021\/08\/lifepo4-battery-12v100ah_10-655x1024.jpg 655w\" sizes=\"(max-width: 750px) 100vw, 750px\" \/> <img loading=\"lazy\" decoding=\"async\" class=\"aligncenter size-full wp-image-2764\" src=\"http:\/\/ygspower.com\/wp-content\/uploads\/2021\/08\/lifepo4-battery-12v100ah_11.jpg\" alt=\"\" width=\"750\" height=\"1228\" srcset=\"https:\/\/ygspower.com\/wp-content\/uploads\/2021\/08\/lifepo4-battery-12v100ah_11.jpg 750w, https:\/\/ygspower.com\/wp-content\/uploads\/2021\/08\/lifepo4-battery-12v100ah_11-600x982.jpg 600w, https:\/\/ygspower.com\/wp-content\/uploads\/2021\/08\/lifepo4-battery-12v100ah_11-183x300.jpg 183w, https:\/\/ygspower.com\/wp-content\/uploads\/2021\/08\/lifepo4-battery-12v100ah_11-625x1024.jpg 625w\" sizes=\"(max-width: 750px) 100vw, 750px\" \/><\/p>","protected":false},"excerpt":{"rendered":"<ul class=\"ul1\">\n<li class=\"li1\">Tipo: Reemplazo de bater\u00eda de plomo-\u00e1cido LFP1250<\/li>\n<li class=\"li1\">Nombre del producto: Bater\u00eda de respaldo de almacenamiento solar de bater\u00eda de iones de litio LiFe PO4 de 12 V 50 Ah<\/li>\n<li class=\"li1\">Dimensiones de la caja negra: 229 x 138 x 208 mm<\/li>\n<li class=\"li1\">Peso: alrededor de 5 kg.<\/li>\n<li>Voltaje de la bater\u00eda: bater\u00eda de iones de litio de 12 V<\/li>\n<li class=\"li1\">Capacidad de la bater\u00eda: bater\u00eda po4 de 50 Ah de duraci\u00f3n<\/li>\n<li class=\"li1\">Ciclo de vida: m\u00e1s de 2000 veces 70%DOD<\/li>\n<li class=\"li1\">Aplicaci\u00f3n: almacenamiento de energ\u00eda solar.<span class=\"s2\">,<\/span> veh\u00edculo el\u00e9ctrico<span class=\"s2\">,<\/span> Uni\u00f3n Postal Universal<span class=\"s2\">,<\/span>central el\u00e9ctrica<\/li>\n<li class=\"li1\">Caracter\u00edstica: alta potencia y capacidad.<span class=\"s2\">,<\/span> seguro<span class=\"s2\">,<\/span> ciclo de vida largo<span class=\"s2\">,<\/span> verde<span class=\"s2\">,<\/span> Respetuoso del medio ambiente<span class=\"s2\">,<\/span> Buen rendimiento en altas temperaturas.<\/li>\n<\/ul>","protected":false},"featured_media":348,"template":"","meta":{"_seopress_robots_primary_cat":"none","_seopress_titles_title":"12V50Ah LiFe PO4 Rechargeable Storage Lithium ion Battery Backup","_seopress_titles_desc":"12V 50ah LiFe PO4 lithium ion battery backup storage solar battery","_seopress_robots_index":"","site-sidebar-layout":"default","site-content-layout":"default","ast-site-content-layout":"default","site-content-style":"default","site-sidebar-style":"default","ast-global-header-display":"","ast-banner-title-visibility":"","ast-main-header-display":"","ast-hfb-above-header-display":"","ast-hfb-below-header-display":"","ast-hfb-mobile-header-display":"","site-post-title":"","ast-breadcrumbs-content":"","ast-featured-img":"","footer-sml-layout":"","theme-transparent-header-meta":"default","adv-header-id-meta":"","stick-header-meta":"","header-above-stick-meta":"","header-main-stick-meta":"","header-below-stick-meta":"","astra-migrate-meta-layouts":"default","ast-page-background-enabled":"default","ast-page-background-meta":{"desktop":{"background-color":"","background-image":"","background-repeat":"repeat","background-position":"center center","background-size":"auto","background-attachment":"scroll","background-type":"","background-media":"","overlay-type":"","overlay-color":"","overlay-opacity":"","overlay-gradient":""},"tablet":{"background-color":"","background-image":"","background-repeat":"repeat","background-position":"center center","background-size":"auto","background-attachment":"scroll","background-type":"","background-media":"","overlay-type":"","overlay-color":"","overlay-opacity":"","overlay-gradient":""},"mobile":{"background-color":"","background-image":"","background-repeat":"repeat","background-position":"center center","background-size":"auto","background-attachment":"scroll","background-type":"","background-media":"","overlay-type":"","overlay-color":"","overlay-opacity":"","overlay-gradient":""}},"ast-content-background-meta":{"desktop":{"background-color":"var(--ast-global-color-5)","background-image":"","background-repeat":"repeat","background-position":"center center","background-size":"auto","background-attachment":"scroll","background-type":"","background-media":"","overlay-type":"","overlay-color":"","overlay-opacity":"","overlay-gradient":""},"tablet":{"background-color":"var(--ast-global-color-5)","background-image":"","background-repeat":"repeat","background-position":"center center","background-size":"auto","background-attachment":"scroll","background-type":"","background-media":"","overlay-type":"","overlay-color":"","overlay-opacity":"","overlay-gradient":""},"mobile":{"background-color":"var(--ast-global-color-5)","background-image":"","background-repeat":"repeat","background-position":"center center","background-size":"auto","background-attachment":"scroll","background-type":"","background-media":"","overlay-type":"","overlay-color":"","overlay-opacity":"","overlay-gradient":""}}},"product_brand":[],"product_cat":[28],"product_tag":[],"class_list":{"0":"post-2753","1":"product","2":"type-product","3":"status-publish","4":"has-post-thumbnail","6":"product_cat-life-po4-battery","7":"desktop-align-left","8":"tablet-align-left","9":"mobile-align-left","11":"first","12":"instock","13":"shipping-taxable","14":"product-type-simple"},"_links":{"self":[{"href":"https:\/\/ygspower.com\/es\/wp-json\/wp\/v2\/product\/2753","targetHints":{"allow":["GET"]}}],"collection":[{"href":"https:\/\/ygspower.com\/es\/wp-json\/wp\/v2\/product"}],"about":[{"href":"https:\/\/ygspower.com\/es\/wp-json\/wp\/v2\/types\/product"}],"version-history":[{"count":0,"href":"https:\/\/ygspower.com\/es\/wp-json\/wp\/v2\/product\/2753\/revisions"}],"wp:featuredmedia":[{"embeddable":true,"href":"https:\/\/ygspower.com\/es\/wp-json\/wp\/v2\/media\/348"}],"wp:attachment":[{"href":"https:\/\/ygspower.com\/es\/wp-json\/wp\/v2\/media?parent=2753"}],"wp:term":[{"taxonomy":"product_brand","embeddable":true,"href":"https:\/\/ygspower.com\/es\/wp-json\/wp\/v2\/product_brand?post=2753"},{"taxonomy":"product_cat","embeddable":true,"href":"https:\/\/ygspower.com\/es\/wp-json\/wp\/v2\/product_cat?post=2753"},{"taxonomy":"product_tag","embeddable":true,"href":"https:\/\/ygspower.com\/es\/wp-json\/wp\/v2\/product_tag?post=2753"}],"curies":[{"name":"wp","href":"https:\/\/api.w.org\/{rel}","templated":true}]}}