{"id":2872,"date":"2021-09-02T16:08:01","date_gmt":"2021-09-02T08:08:01","guid":{"rendered":"https:\/\/darksalmon-dugong-512221.hostingersite.com\/?post_type=product&#038;p=2872"},"modified":"2025-10-11T13:52:11","modified_gmt":"2025-10-11T05:52:11","slug":"mylion-mini-ups-battery-backup-mu48","status":"publish","type":"product","link":"https:\/\/ygspower.com\/es\/producto\/mylion-mini-ups-battery-backup-mu48\/","title":{"rendered":"Free Shipping Mylin CE FCC Certified 12V Mini UPS 8000mAh MU48B"},"content":{"rendered":"<p><img fetchpriority=\"high\" decoding=\"async\" class=\"aligncenter size-full wp-image-11750\" src=\"http:\/\/ygspower.com\/wp-content\/uploads\/2020\/10\/MU68_01.jpg\" alt=\"\" width=\"1500\" height=\"709\" srcset=\"https:\/\/ygspower.com\/wp-content\/uploads\/2020\/10\/MU68_01.jpg 1500w, https:\/\/ygspower.com\/wp-content\/uploads\/2020\/10\/MU68_01-300x142.jpg 300w, https:\/\/ygspower.com\/wp-content\/uploads\/2020\/10\/MU68_01-1024x484.jpg 1024w, https:\/\/ygspower.com\/wp-content\/uploads\/2020\/10\/MU68_01-768x363.jpg 768w, https:\/\/ygspower.com\/wp-content\/uploads\/2020\/10\/MU68_01-18x9.jpg 18w, https:\/\/ygspower.com\/wp-content\/uploads\/2020\/10\/MU68_01-600x284.jpg 600w\" sizes=\"(max-width: 1500px) 100vw, 1500px\" \/><\/p>\n<table width=\"775\">\n<tbody>\n<tr>\n<td width=\"231\">Nombre del estilo<\/td>\n<td width=\"544\">MU48B<\/td>\n<\/tr>\n<tr>\n<td>Nombre del producto<\/td>\n<td>Mylin 12V Mini DC UPS battery backup for ADSL Modem ,WiFi Router , CPE,ONT and Security Camera etc.<\/td>\n<\/tr>\n<tr>\n<td>Voltaje de salida<\/td>\n<td>12 V<\/td>\n<\/tr>\n<tr>\n<td>Corriente de salida<\/td>\n<td>2A<\/td>\n<\/tr>\n<tr>\n<td>Potencia de salida<\/td>\n<td>30 Wh\/8000 mAh<\/td>\n<\/tr>\n<tr>\n<td>Voltaje de entrada<\/td>\n<td>12 V CC<\/td>\n<\/tr>\n<tr>\n<td>Corriente de entrada<\/td>\n<td>2,5 A CC<\/td>\n<\/tr>\n<tr>\n<td rowspan=\"2\">Tiempo de trabajo<\/td>\n<td>Salida 12 V 0,5 A (6 W): aprox. 6 horas<\/td>\n<\/tr>\n<tr>\n<td>Salida 12 V 1,0 A (12 W): aproximadamente 3 horas<\/td>\n<\/tr>\n<tr>\n<td>Puerto de carga (IN) Negro<\/td>\n<td>CC 5,5 \u00d7 2,1<\/td>\n<\/tr>\n<tr>\n<td>Puerto de descarga (OUT)Amarillo<\/td>\n<td>DC5.5\u00d72.5<\/td>\n<\/tr>\n<tr>\n<td>Material de la caja<\/td>\n<td>FR-ABS antiincendios<\/td>\n<\/tr>\n<tr>\n<td>Color de la caja<\/td>\n<td>Negro<\/td>\n<\/tr>\n<tr>\n<td>Dimensiones de la caja<\/td>\n<td>112 x 70 x 60 mm<\/td>\n<\/tr>\n<tr>\n<td>Peso<\/td>\n<td>320 gramos<\/td>\n<\/tr>\n<tr>\n<td>Cable de transferencia gratuito<\/td>\n<td>AWG#20 50 cm de longitud, DC5.5\u00d72.1 negro y DC.5.5\u00d72.5 amarillo<\/td>\n<\/tr>\n<tr>\n<td>M\u00e9todo de cobro<\/td>\n<td>Adaptador 12V2.5A (el precio no incluye el costo del adaptador)<\/td>\n<\/tr>\n<tr>\n<td>Marca de celda de bater\u00eda<\/td>\n<td>Celular de marca china o celular japon\u00e9s de Corea<\/td>\n<\/tr>\n<tr>\n<td>Certificaci\u00f3n UPS<\/td>\n<td>Informe de pruebas CE, FCC, EMC y UL<\/td>\n<\/tr>\n<tr>\n<td>Protecci\u00f3n de la bater\u00eda<\/td>\n<td width=\"544\">Protecci\u00f3n de temperatura, sobrecarga y descarga, sobrecorriente, cortocircuito.<\/td>\n<\/tr>\n<tr>\n<td>Ciclo de vida<\/td>\n<td>Capacidad est\u00e1ndar de carga y descarga \u226580%, ciclo de vida \u2265600 veces<\/td>\n<\/tr>\n<tr>\n<td>Solicitud<\/td>\n<td width=\"544\">WIFI, enrutador\/tp link\/c\u00e1mara ip\/sistema de seguridad\/acceso a la puerta\/m\u00e1quina expendedora\/luz LED\/tira de LED<\/td>\n<\/tr>\n<tr>\n<td>Paquete<\/td>\n<td>20 piezas en una caja (35 x 21 x 30 cm), aproximadamente 8,5 kg\/caja<\/td>\n<\/tr>\n<tr>\n<td>Garant\u00eda<\/td>\n<td>12 meses<\/td>\n<\/tr>\n<\/tbody>\n<\/table>\n<p>&nbsp;<\/p>\n<p><img decoding=\"async\" class=\"aligncenter size-full wp-image-11751\" src=\"http:\/\/ygspower.com\/wp-content\/uploads\/2020\/10\/MU68_02.jpg\" alt=\"\" width=\"1500\" height=\"965\" srcset=\"https:\/\/ygspower.com\/wp-content\/uploads\/2020\/10\/MU68_02.jpg 1500w, https:\/\/ygspower.com\/wp-content\/uploads\/2020\/10\/MU68_02-300x193.jpg 300w, https:\/\/ygspower.com\/wp-content\/uploads\/2020\/10\/MU68_02-1024x659.jpg 1024w, https:\/\/ygspower.com\/wp-content\/uploads\/2020\/10\/MU68_02-768x494.jpg 768w, https:\/\/ygspower.com\/wp-content\/uploads\/2020\/10\/MU68_02-18x12.jpg 18w, https:\/\/ygspower.com\/wp-content\/uploads\/2020\/10\/MU68_02-600x386.jpg 600w\" sizes=\"(max-width: 1500px) 100vw, 1500px\" \/> <img decoding=\"async\" class=\"aligncenter size-full wp-image-11752\" src=\"http:\/\/ygspower.com\/wp-content\/uploads\/2020\/10\/MU68_03.jpg\" alt=\"\" width=\"1500\" height=\"1826\" srcset=\"https:\/\/ygspower.com\/wp-content\/uploads\/2020\/10\/MU68_03.jpg 1500w, https:\/\/ygspower.com\/wp-content\/uploads\/2020\/10\/MU68_03-246x300.jpg 246w, https:\/\/ygspower.com\/wp-content\/uploads\/2020\/10\/MU68_03-841x1024.jpg 841w, https:\/\/ygspower.com\/wp-content\/uploads\/2020\/10\/MU68_03-768x935.jpg 768w, https:\/\/ygspower.com\/wp-content\/uploads\/2020\/10\/MU68_03-1262x1536.jpg 1262w, https:\/\/ygspower.com\/wp-content\/uploads\/2020\/10\/MU68_03-10x12.jpg 10w, https:\/\/ygspower.com\/wp-content\/uploads\/2020\/10\/MU68_03-600x730.jpg 600w\" sizes=\"(max-width: 1500px) 100vw, 1500px\" \/> <img loading=\"lazy\" decoding=\"async\" class=\"aligncenter size-full wp-image-11753\" src=\"http:\/\/ygspower.com\/wp-content\/uploads\/2020\/10\/MU68_04.jpg\" alt=\"\" width=\"1500\" height=\"1536\" srcset=\"https:\/\/ygspower.com\/wp-content\/uploads\/2020\/10\/MU68_04.jpg 1500w, https:\/\/ygspower.com\/wp-content\/uploads\/2020\/10\/MU68_04-293x300.jpg 293w, https:\/\/ygspower.com\/wp-content\/uploads\/2020\/10\/MU68_04-1000x1024.jpg 1000w, https:\/\/ygspower.com\/wp-content\/uploads\/2020\/10\/MU68_04-768x786.jpg 768w, https:\/\/ygspower.com\/wp-content\/uploads\/2020\/10\/MU68_04-12x12.jpg 12w, https:\/\/ygspower.com\/wp-content\/uploads\/2020\/10\/MU68_04-600x614.jpg 600w\" sizes=\"(max-width: 1500px) 100vw, 1500px\" \/> <img loading=\"lazy\" decoding=\"async\" class=\"aligncenter size-full wp-image-11754\" src=\"http:\/\/ygspower.com\/wp-content\/uploads\/2020\/10\/MU68_05.jpg\" alt=\"\" width=\"1500\" height=\"1557\" srcset=\"https:\/\/ygspower.com\/wp-content\/uploads\/2020\/10\/MU68_05.jpg 1500w, https:\/\/ygspower.com\/wp-content\/uploads\/2020\/10\/MU68_05-289x300.jpg 289w, https:\/\/ygspower.com\/wp-content\/uploads\/2020\/10\/MU68_05-987x1024.jpg 987w, https:\/\/ygspower.com\/wp-content\/uploads\/2020\/10\/MU68_05-768x797.jpg 768w, https:\/\/ygspower.com\/wp-content\/uploads\/2020\/10\/MU68_05-1480x1536.jpg 1480w, https:\/\/ygspower.com\/wp-content\/uploads\/2020\/10\/MU68_05-12x12.jpg 12w, https:\/\/ygspower.com\/wp-content\/uploads\/2020\/10\/MU68_05-600x623.jpg 600w\" sizes=\"(max-width: 1500px) 100vw, 1500px\" \/> <img loading=\"lazy\" decoding=\"async\" class=\"aligncenter size-full wp-image-11755\" src=\"http:\/\/ygspower.com\/wp-content\/uploads\/2020\/10\/MU68_06.jpg\" alt=\"\" width=\"1500\" height=\"1597\" srcset=\"https:\/\/ygspower.com\/wp-content\/uploads\/2020\/10\/MU68_06.jpg 1500w, https:\/\/ygspower.com\/wp-content\/uploads\/2020\/10\/MU68_06-282x300.jpg 282w, https:\/\/ygspower.com\/wp-content\/uploads\/2020\/10\/MU68_06-962x1024.jpg 962w, https:\/\/ygspower.com\/wp-content\/uploads\/2020\/10\/MU68_06-768x818.jpg 768w, https:\/\/ygspower.com\/wp-content\/uploads\/2020\/10\/MU68_06-1443x1536.jpg 1443w, https:\/\/ygspower.com\/wp-content\/uploads\/2020\/10\/MU68_06-11x12.jpg 11w, https:\/\/ygspower.com\/wp-content\/uploads\/2020\/10\/MU68_06-600x639.jpg 600w\" sizes=\"(max-width: 1500px) 100vw, 1500px\" \/> <img loading=\"lazy\" decoding=\"async\" class=\"aligncenter size-full wp-image-11756\" src=\"http:\/\/ygspower.com\/wp-content\/uploads\/2020\/10\/MU68_07.jpg\" alt=\"\" width=\"1500\" height=\"1366\" srcset=\"https:\/\/ygspower.com\/wp-content\/uploads\/2020\/10\/MU68_07.jpg 1500w, https:\/\/ygspower.com\/wp-content\/uploads\/2020\/10\/MU68_07-300x273.jpg 300w, https:\/\/ygspower.com\/wp-content\/uploads\/2020\/10\/MU68_07-1024x933.jpg 1024w, https:\/\/ygspower.com\/wp-content\/uploads\/2020\/10\/MU68_07-768x699.jpg 768w, https:\/\/ygspower.com\/wp-content\/uploads\/2020\/10\/MU68_07-13x12.jpg 13w, https:\/\/ygspower.com\/wp-content\/uploads\/2020\/10\/MU68_07-600x546.jpg 600w\" sizes=\"(max-width: 1500px) 100vw, 1500px\" \/> <img loading=\"lazy\" decoding=\"async\" class=\"aligncenter size-full wp-image-11757\" src=\"http:\/\/ygspower.com\/wp-content\/uploads\/2020\/10\/MU68_08.jpg\" alt=\"\" width=\"1500\" height=\"1916\" srcset=\"https:\/\/ygspower.com\/wp-content\/uploads\/2020\/10\/MU68_08.jpg 1500w, https:\/\/ygspower.com\/wp-content\/uploads\/2020\/10\/MU68_08-235x300.jpg 235w, https:\/\/ygspower.com\/wp-content\/uploads\/2020\/10\/MU68_08-802x1024.jpg 802w, https:\/\/ygspower.com\/wp-content\/uploads\/2020\/10\/MU68_08-768x981.jpg 768w, https:\/\/ygspower.com\/wp-content\/uploads\/2020\/10\/MU68_08-1203x1536.jpg 1203w, https:\/\/ygspower.com\/wp-content\/uploads\/2020\/10\/MU68_08-9x12.jpg 9w, https:\/\/ygspower.com\/wp-content\/uploads\/2020\/10\/MU68_08-600x766.jpg 600w\" sizes=\"(max-width: 1500px) 100vw, 1500px\" \/> <img loading=\"lazy\" decoding=\"async\" class=\"aligncenter size-full wp-image-11758\" src=\"http:\/\/ygspower.com\/wp-content\/uploads\/2020\/10\/MU68_09.jpg\" alt=\"\" width=\"1500\" height=\"2498\" srcset=\"https:\/\/ygspower.com\/wp-content\/uploads\/2020\/10\/MU68_09.jpg 1500w, https:\/\/ygspower.com\/wp-content\/uploads\/2020\/10\/MU68_09-180x300.jpg 180w, https:\/\/ygspower.com\/wp-content\/uploads\/2020\/10\/MU68_09-615x1024.jpg 615w, https:\/\/ygspower.com\/wp-content\/uploads\/2020\/10\/MU68_09-768x1279.jpg 768w, https:\/\/ygspower.com\/wp-content\/uploads\/2020\/10\/MU68_09-922x1536.jpg 922w, https:\/\/ygspower.com\/wp-content\/uploads\/2020\/10\/MU68_09-1230x2048.jpg 1230w, https:\/\/ygspower.com\/wp-content\/uploads\/2020\/10\/MU68_09-7x12.jpg 7w, https:\/\/ygspower.com\/wp-content\/uploads\/2020\/10\/MU68_09-600x999.jpg 600w\" sizes=\"(max-width: 1500px) 100vw, 1500px\" \/> <img loading=\"lazy\" decoding=\"async\" class=\"aligncenter size-full wp-image-11759\" src=\"http:\/\/ygspower.com\/wp-content\/uploads\/2020\/10\/MU68_10-scaled.jpg\" alt=\"\" width=\"1326\" height=\"2560\" srcset=\"https:\/\/ygspower.com\/wp-content\/uploads\/2020\/10\/MU68_10-scaled.jpg 1326w, https:\/\/ygspower.com\/wp-content\/uploads\/2020\/10\/MU68_10-155x300.jpg 155w, https:\/\/ygspower.com\/wp-content\/uploads\/2020\/10\/MU68_10-530x1024.jpg 530w, https:\/\/ygspower.com\/wp-content\/uploads\/2020\/10\/MU68_10-768x1483.jpg 768w, https:\/\/ygspower.com\/wp-content\/uploads\/2020\/10\/MU68_10-796x1536.jpg 796w, https:\/\/ygspower.com\/wp-content\/uploads\/2020\/10\/MU68_10-1061x2048.jpg 1061w, https:\/\/ygspower.com\/wp-content\/uploads\/2020\/10\/MU68_10-6x12.jpg 6w, https:\/\/ygspower.com\/wp-content\/uploads\/2020\/10\/MU68_10-600x1158.jpg 600w\" sizes=\"(max-width: 1326px) 100vw, 1326px\" \/><\/p>","protected":false},"excerpt":{"rendered":"<ul class=\"ul1\">\n<li class=\"li1\">Tipo: MU48B 12V 2A 30Wh 8000mah<\/li>\n<li class=\"li1\">Nombre del producto: Fuente de alimentaci\u00f3n de respaldo con bater\u00eda de litio mini ups mylion<\/li>\n<li class=\"li1\">Certificaci\u00f3n: CE<span class=\"s2\">,<\/span>Comisi\u00f3n Federal de Comunicaciones (FCC)<span class=\"s2\">,<\/span>Compatibilidad electromagn\u00e9tica<\/li>\n<li class=\"li1\">Aplicaci\u00f3n: enrutador<span class=\"s2\">,<\/span>Adsl<span class=\"s2\">,<\/span>m\u00f3dem<span class=\"s2\">,<\/span>CCTV<span class=\"s2\">,<\/span>telecomunicaciones<span class=\"s2\">,<\/span>Wifi<span class=\"s2\">,<\/span>m\u00e9dico<span class=\"s2\">,<\/span>inal\u00e1mbrico<span class=\"s2\">,<\/span>condujo<span class=\"s2\">,<\/span>red<span class=\"s2\">,<\/span>Internet<\/li>\n<li class=\"li1\">Caracter\u00edsticas: funda antiincendios<span class=\"s2\">,<\/span> protecci\u00f3n de temperatura<span class=\"s2\">,<\/span> Puede funcionar con energ\u00eda solar<span class=\"s2\">,<\/span> Dise\u00f1o de perspectiva elegante<\/li>\n<li class=\"li1\">Tipo de bater\u00eda: bater\u00eda de iones de litio<\/li>\n<li class=\"li1\">Funci\u00f3n: peque\u00f1a<span class=\"s2\">,<\/span>elegante<span class=\"s2\">,<\/span>seguro<span class=\"s2\">,<\/span>Ofrecer energ\u00eda a los dispositivos electr\u00f3nicos cuando se produce un corte de energ\u00eda de CA<\/li>\n<li class=\"li1\">Protecci\u00f3n: ofrece energ\u00eda al enrutador 12v0.5A durante 6 horas<\/li>\n<\/ul>","protected":false},"featured_media":11741,"template":"","meta":{"_seopress_robots_primary_cat":"none","_seopress_titles_title":"Mylin CE FCC Certified 12V Mini UPS 8000mAh 30Wh MU48B Smart Battery Backup","_seopress_titles_desc":"Mylin CE FCC Certified 12V Mini UPS 8000mAh 30Wh MU48B Smart Battery Backup","_seopress_robots_index":"","site-sidebar-layout":"default","site-content-layout":"default","ast-site-content-layout":"default","site-content-style":"default","site-sidebar-style":"default","ast-global-header-display":"","ast-banner-title-visibility":"","ast-main-header-display":"","ast-hfb-above-header-display":"","ast-hfb-below-header-display":"","ast-hfb-mobile-header-display":"","site-post-title":"","ast-breadcrumbs-content":"","ast-featured-img":"","footer-sml-layout":"","theme-transparent-header-meta":"default","adv-header-id-meta":"","stick-header-meta":"","header-above-stick-meta":"","header-main-stick-meta":"","header-below-stick-meta":"","astra-migrate-meta-layouts":"set","ast-page-background-enabled":"default","ast-page-background-meta":{"desktop":{"background-color":"","background-image":"","background-repeat":"repeat","background-position":"center center","background-size":"auto","background-attachment":"scroll","background-type":"","background-media":"","overlay-type":"","overlay-color":"","overlay-opacity":"","overlay-gradient":""},"tablet":{"background-color":"","background-image":"","background-repeat":"repeat","background-position":"center center","background-size":"auto","background-attachment":"scroll","background-type":"","background-media":"","overlay-type":"","overlay-color":"","overlay-opacity":"","overlay-gradient":""},"mobile":{"background-color":"","background-image":"","background-repeat":"repeat","background-position":"center center","background-size":"auto","background-attachment":"scroll","background-type":"","background-media":"","overlay-type":"","overlay-color":"","overlay-opacity":"","overlay-gradient":""}},"ast-content-background-meta":{"desktop":{"background-color":"var(--ast-global-color-5)","background-image":"","background-repeat":"repeat","background-position":"center center","background-size":"auto","background-attachment":"scroll","background-type":"","background-media":"","overlay-type":"","overlay-color":"","overlay-opacity":"","overlay-gradient":""},"tablet":{"background-color":"var(--ast-global-color-5)","background-image":"","background-repeat":"repeat","background-position":"center center","background-size":"auto","background-attachment":"scroll","background-type":"","background-media":"","overlay-type":"","overlay-color":"","overlay-opacity":"","overlay-gradient":""},"mobile":{"background-color":"var(--ast-global-color-5)","background-image":"","background-repeat":"repeat","background-position":"center center","background-size":"auto","background-attachment":"scroll","background-type":"","background-media":"","overlay-type":"","overlay-color":"","overlay-opacity":"","overlay-gradient":""}}},"product_brand":[],"product_cat":[624,3],"product_tag":[],"class_list":{"0":"post-2872","1":"product","2":"type-product","3":"status-publish","4":"has-post-thumbnail","6":"product_cat-hero-products","7":"product_cat-mini-dc-ups","8":"desktop-align-left","9":"tablet-align-left","10":"mobile-align-left","12":"first","13":"instock","14":"shipping-taxable","15":"product-type-simple"},"_links":{"self":[{"href":"https:\/\/ygspower.com\/es\/wp-json\/wp\/v2\/product\/2872","targetHints":{"allow":["GET"]}}],"collection":[{"href":"https:\/\/ygspower.com\/es\/wp-json\/wp\/v2\/product"}],"about":[{"href":"https:\/\/ygspower.com\/es\/wp-json\/wp\/v2\/types\/product"}],"version-history":[{"count":6,"href":"https:\/\/ygspower.com\/es\/wp-json\/wp\/v2\/product\/2872\/revisions"}],"predecessor-version":[{"id":11765,"href":"https:\/\/ygspower.com\/es\/wp-json\/wp\/v2\/product\/2872\/revisions\/11765"}],"wp:featuredmedia":[{"embeddable":true,"href":"https:\/\/ygspower.com\/es\/wp-json\/wp\/v2\/media\/11741"}],"wp:attachment":[{"href":"https:\/\/ygspower.com\/es\/wp-json\/wp\/v2\/media?parent=2872"}],"wp:term":[{"taxonomy":"product_brand","embeddable":true,"href":"https:\/\/ygspower.com\/es\/wp-json\/wp\/v2\/product_brand?post=2872"},{"taxonomy":"product_cat","embeddable":true,"href":"https:\/\/ygspower.com\/es\/wp-json\/wp\/v2\/product_cat?post=2872"},{"taxonomy":"product_tag","embeddable":true,"href":"https:\/\/ygspower.com\/es\/wp-json\/wp\/v2\/product_tag?post=2872"}],"curies":[{"name":"wp","href":"https:\/\/api.w.org\/{rel}","templated":true}]}}