{"id":3361,"date":"2021-10-06T12:20:06","date_gmt":"2021-10-06T04:20:06","guid":{"rendered":"https:\/\/darksalmon-dugong-512221.hostingersite.com\/?post_type=product&#038;p=3361"},"modified":"2021-10-06T12:33:12","modified_gmt":"2021-10-06T04:33:12","slug":"mylion-mu5-01-mini-dc-ups-5v-2a-lithium-ion-battery-backup","status":"publish","type":"product","link":"https:\/\/ygspower.com\/es\/producto\/mylion-mu5-01-mini-dc-ups-5v-2a-lithium-ion-battery-backup\/","title":{"rendered":"Mylion MU5-01 Mini DC UPS 5V 2A Bater\u00eda de respaldo de iones de litio"},"content":{"rendered":"<p><img fetchpriority=\"high\" decoding=\"async\" class=\"aligncenter size-full wp-image-3362\" src=\"http:\/\/ygspower.com\/wp-content\/uploads\/2021\/10\/5v-usb-02.jpg\" alt=\"\" width=\"750\" height=\"478\" srcset=\"https:\/\/ygspower.com\/wp-content\/uploads\/2021\/10\/5v-usb-02.jpg 750w, https:\/\/ygspower.com\/wp-content\/uploads\/2021\/10\/5v-usb-02-600x382.jpg 600w, https:\/\/ygspower.com\/wp-content\/uploads\/2021\/10\/5v-usb-02-300x191.jpg 300w\" sizes=\"(max-width: 750px) 100vw, 750px\" \/> <img decoding=\"async\" class=\"aligncenter size-full wp-image-3363\" src=\"http:\/\/ygspower.com\/wp-content\/uploads\/2021\/10\/5v-usb005-B001.jpg\" alt=\"\" width=\"750\" height=\"375\" srcset=\"https:\/\/ygspower.com\/wp-content\/uploads\/2021\/10\/5v-usb005-B001.jpg 750w, https:\/\/ygspower.com\/wp-content\/uploads\/2021\/10\/5v-usb005-B001-600x300.jpg 600w, https:\/\/ygspower.com\/wp-content\/uploads\/2021\/10\/5v-usb005-B001-300x150.jpg 300w\" sizes=\"(max-width: 750px) 100vw, 750px\" \/><\/p>\n<table width=\"734\">\n<tbody>\n<tr>\n<td colspan=\"2\" width=\"734\">Toda la informaci\u00f3n a continuaci\u00f3n es correcta y REAL.<\/td>\n<\/tr>\n<tr>\n<td>Nombre del producto<\/td>\n<td>Mini UPS de 5 V para c\u00e1maras de seguridad, c\u00e1maras CCTV, c\u00e1maras IP, etc.<\/td>\n<\/tr>\n<tr>\n<td>Voltaje de salida<\/td>\n<td>5 V<\/td>\n<\/tr>\n<tr>\n<td>Corriente de salida<\/td>\n<td>1,5 A<\/td>\n<\/tr>\n<tr>\n<td>Capacidad de la bater\u00eda<\/td>\n<td>3000 mAh<\/td>\n<\/tr>\n<tr>\n<td>Voltaje de entrada<\/td>\n<td>CA 110-240 V<\/td>\n<\/tr>\n<tr>\n<td>Corriente de entrada<\/td>\n<td>0,5 A m\u00e1x.<\/td>\n<\/tr>\n<tr>\n<td rowspan=\"2\">Tiempo de respaldo<\/td>\n<td>Aproximadamente 4 horas (d\u00eda)<\/td>\n<\/tr>\n<tr>\n<td>Aproximadamente 2 horas (Noche)<\/td>\n<\/tr>\n<tr>\n<td>Puerto de carga (IN)<\/td>\n<td>Enchufe de CA<\/td>\n<\/tr>\n<tr>\n<td>Puerto de descarga (OUT)<\/td>\n<td>Micro-USB<\/td>\n<\/tr>\n<tr>\n<td>Material de la caja<\/td>\n<td>Pl\u00e1stico ABS<\/td>\n<\/tr>\n<tr>\n<td>Color de la caja<\/td>\n<td>Negro<\/td>\n<\/tr>\n<tr>\n<td>Dimensiones de la caja<\/td>\n<td>100x52x57mm<\/td>\n<\/tr>\n<tr>\n<td>Peso<\/td>\n<td>170 gramos<\/td>\n<\/tr>\n<tr>\n<td>Solicitud<\/td>\n<td width=\"533\">Dispositivo de 5 V: c\u00e1mara IP\/sistema de seguridad\/acceso a puerta\/luz LED\/tira de LED\/altavoz\/ventiladores, etc.<\/td>\n<\/tr>\n<tr>\n<td>Paquete<\/td>\n<td>40 piezas en una caja (35 x 21 x 30 cm), aproximadamente 8 kg\/caja<\/td>\n<\/tr>\n<tr>\n<td>Garant\u00eda<\/td>\n<td>12 meses<\/td>\n<\/tr>\n<\/tbody>\n<\/table>","protected":false},"excerpt":{"rendered":"<div class=\"woocommerce-product-details__short-description\">\n<ul class=\"ul1\">\n<li class=\"li1\">Tipo: MU5-01 Mini UPS de 5 V y 2 A<\/li>\n<li class=\"li1\">Nombre del producto: mini fuente de alimentaci\u00f3n ininterrumpida con bater\u00eda de litio de 5 V y CC de Mylion<\/li>\n<li class=\"li1\">Aplicaci\u00f3n: enrutador<span class=\"s2\">,<\/span>Adsl<span class=\"s2\">,<\/span>m\u00f3dem<span class=\"s2\">,<\/span>CCTV<span class=\"s2\">,<\/span>telecomunicaciones<span class=\"s2\">,<\/span>Wifi<span class=\"s2\">,<\/span>m\u00e9dico<span class=\"s2\">,<\/span>inal\u00e1mbrico<span class=\"s2\">,<\/span>condujo<span class=\"s2\">,<\/span>red<span class=\"s2\">,<\/span>Internet<\/li>\n<li class=\"li1\">Caracter\u00edsticas: Tama\u00f1o peque\u00f1o, alta capacidad, salida CC de 5 V 2 A, entrada CA<\/li>\n<li class=\"li1\">Tipo de bater\u00eda: fuente de alimentaci\u00f3n de respaldo de bater\u00eda de iones de litio<\/li>\n<li class=\"li1\">Funci\u00f3n: peque\u00f1a<span class=\"s2\">,<\/span>elegante<span class=\"s2\">,<\/span>seguro<span class=\"s2\">,<\/span>Ofrecer energ\u00eda a los dispositivos electr\u00f3nicos cuando se produce un corte de energ\u00eda de CA<\/li>\n<li class=\"li1\">Tiempo de respaldo: ofrece energ\u00eda a un dispositivo de 5 V 2 A durante aproximadamente 4 horas<\/li>\n<\/ul>\n<\/div>","protected":false},"featured_media":3367,"template":"","meta":{"_seopress_robots_primary_cat":"none","_seopress_titles_title":"Mylion Mini DC UPS 5V 2A Lithium ion battery backup uninterrupted power supply","_seopress_titles_desc":"Mylion Mini DC UPS 5V 2A Lithium ion battery backup uninterrupted power supply","_seopress_robots_index":"","site-sidebar-layout":"default","site-content-layout":"default","ast-site-content-layout":"default","site-content-style":"default","site-sidebar-style":"default","ast-global-header-display":"","ast-banner-title-visibility":"","ast-main-header-display":"","ast-hfb-above-header-display":"","ast-hfb-below-header-display":"","ast-hfb-mobile-header-display":"","site-post-title":"","ast-breadcrumbs-content":"","ast-featured-img":"","footer-sml-layout":"","theme-transparent-header-meta":"default","adv-header-id-meta":"","stick-header-meta":"","header-above-stick-meta":"","header-main-stick-meta":"","header-below-stick-meta":"","astra-migrate-meta-layouts":"default","ast-page-background-enabled":"default","ast-page-background-meta":{"desktop":{"background-color":"","background-image":"","background-repeat":"repeat","background-position":"center center","background-size":"auto","background-attachment":"scroll","background-type":"","background-media":"","overlay-type":"","overlay-color":"","overlay-opacity":"","overlay-gradient":""},"tablet":{"background-color":"","background-image":"","background-repeat":"repeat","background-position":"center center","background-size":"auto","background-attachment":"scroll","background-type":"","background-media":"","overlay-type":"","overlay-color":"","overlay-opacity":"","overlay-gradient":""},"mobile":{"background-color":"","background-image":"","background-repeat":"repeat","background-position":"center center","background-size":"auto","background-attachment":"scroll","background-type":"","background-media":"","overlay-type":"","overlay-color":"","overlay-opacity":"","overlay-gradient":""}},"ast-content-background-meta":{"desktop":{"background-color":"var(--ast-global-color-5)","background-image":"","background-repeat":"repeat","background-position":"center center","background-size":"auto","background-attachment":"scroll","background-type":"","background-media":"","overlay-type":"","overlay-color":"","overlay-opacity":"","overlay-gradient":""},"tablet":{"background-color":"var(--ast-global-color-5)","background-image":"","background-repeat":"repeat","background-position":"center center","background-size":"auto","background-attachment":"scroll","background-type":"","background-media":"","overlay-type":"","overlay-color":"","overlay-opacity":"","overlay-gradient":""},"mobile":{"background-color":"var(--ast-global-color-5)","background-image":"","background-repeat":"repeat","background-position":"center center","background-size":"auto","background-attachment":"scroll","background-type":"","background-media":"","overlay-type":"","overlay-color":"","overlay-opacity":"","overlay-gradient":""}}},"product_brand":[],"product_cat":[3],"product_tag":[99,100,98,55,101,97],"class_list":{"0":"post-3361","1":"product","2":"type-product","3":"status-publish","4":"has-post-thumbnail","6":"product_cat-mini-dc-ups","7":"product_tag-5v-2a-ups","8":"product_tag-5v-dc-ups","9":"product_tag-5v-ups","10":"product_tag-battery-backup","11":"product_tag-ip-camera-ups","12":"product_tag-power-supply","13":"desktop-align-left","14":"tablet-align-left","15":"mobile-align-left","17":"first","18":"instock","19":"shipping-taxable","20":"product-type-simple"},"_links":{"self":[{"href":"https:\/\/ygspower.com\/es\/wp-json\/wp\/v2\/product\/3361","targetHints":{"allow":["GET"]}}],"collection":[{"href":"https:\/\/ygspower.com\/es\/wp-json\/wp\/v2\/product"}],"about":[{"href":"https:\/\/ygspower.com\/es\/wp-json\/wp\/v2\/types\/product"}],"version-history":[{"count":0,"href":"https:\/\/ygspower.com\/es\/wp-json\/wp\/v2\/product\/3361\/revisions"}],"wp:featuredmedia":[{"embeddable":true,"href":"https:\/\/ygspower.com\/es\/wp-json\/wp\/v2\/media\/3367"}],"wp:attachment":[{"href":"https:\/\/ygspower.com\/es\/wp-json\/wp\/v2\/media?parent=3361"}],"wp:term":[{"taxonomy":"product_brand","embeddable":true,"href":"https:\/\/ygspower.com\/es\/wp-json\/wp\/v2\/product_brand?post=3361"},{"taxonomy":"product_cat","embeddable":true,"href":"https:\/\/ygspower.com\/es\/wp-json\/wp\/v2\/product_cat?post=3361"},{"taxonomy":"product_tag","embeddable":true,"href":"https:\/\/ygspower.com\/es\/wp-json\/wp\/v2\/product_tag?post=3361"}],"curies":[{"name":"wp","href":"https:\/\/api.w.org\/{rel}","templated":true}]}}