{"id":343,"date":"2020-10-29T12:51:40","date_gmt":"2020-10-29T04:51:40","guid":{"rendered":"https:\/\/zhangs1.sg-host.com\/?post_type=product&#038;p=343"},"modified":"2022-06-20T21:43:51","modified_gmt":"2022-06-20T13:43:51","slug":"life-po4-12v100ah-lithium-battery-backup","status":"publish","type":"product","link":"https:\/\/ygspower.com\/es\/producto\/life-po4-12v100ah-lithium-battery-backup\/","title":{"rendered":"Bater\u00eda de iones de litio LiFe PO4 12V100Ah de repuesto para bater\u00edas de plomo y \u00e1cido para energ\u00eda solar residencial y dom\u00e9stica"},"content":{"rendered":"<p><img fetchpriority=\"high\" decoding=\"async\" class=\"aligncenter size-full wp-image-2741\" src=\"http:\/\/ygspower.com\/wp-content\/uploads\/2020\/10\/lifepo4-battery-12v100ah_01.jpg\" alt=\"\" width=\"750\" height=\"326\" srcset=\"https:\/\/ygspower.com\/wp-content\/uploads\/2020\/10\/lifepo4-battery-12v100ah_01.jpg 750w, https:\/\/ygspower.com\/wp-content\/uploads\/2020\/10\/lifepo4-battery-12v100ah_01-600x261.jpg 600w, https:\/\/ygspower.com\/wp-content\/uploads\/2020\/10\/lifepo4-battery-12v100ah_01-300x130.jpg 300w\" sizes=\"(max-width: 750px) 100vw, 750px\" \/><\/p>\n<p>60%OFF GRAN PROMOCI\u00d3N DE BATER\u00cdA LIFE PO4 12V 100AH PARA SISTEMA SOLAR<\/p>\n<table style=\"height: 1758px;\" width=\"879\">\n<tbody>\n<tr>\n<td colspan=\"2\" width=\"925\">Toda la informaci\u00f3n a continuaci\u00f3n es correcta y REAL.<\/td>\n<\/tr>\n<tr>\n<td>Nombre del producto<\/td>\n<td>Bater\u00eda de fosfato de hierro y litio LFP12V 100Ah lifepo4<\/p>\n<p>Bater\u00eda de plomo-\u00e1cido de repuesto, bater\u00eda solar, bater\u00eda de almacenamiento de respaldo de 12 V y 100 Ah<\/td>\n<\/tr>\n<tr>\n<td>Nombre del estilo<\/td>\n<td>MLFP12-100<\/td>\n<\/tr>\n<tr>\n<td>Tipo de bater\u00eda<\/td>\n<td>Bater\u00eda solar LiFe PO4 de 12 V y 100 Ah<\/td>\n<\/tr>\n<tr>\n<td>Capacidad normal<\/td>\n<td>100 Ah<\/td>\n<\/tr>\n<tr>\n<td>Energ\u00eda espec\u00edfica gravim\u00e9trica<\/td>\n<td>115 Wh\/kg<\/td>\n<\/tr>\n<tr>\n<td>Energ\u00eda espec\u00edfica volum\u00e9trica<\/td>\n<td>103 Wh\/l<\/td>\n<\/tr>\n<tr>\n<td>Dimensiones de la caja de pl\u00e1stico mm<\/td>\n<td>Largo 327 x Ancho 172 x Alto 220 mm<\/td>\n<\/tr>\n<tr>\n<td>Pantalla LCD<\/td>\n<td>Capacidad de la bater\u00eda de la pantalla LCD<\/td>\n<\/tr>\n<tr>\n<td>Peso<\/td>\n<td>11,06 kg<\/td>\n<\/tr>\n<tr>\n<td colspan=\"2\">Voltaje<\/td>\n<\/tr>\n<tr>\n<td>Tensi\u00f3n nominal<\/td>\n<td>12,8 V<\/td>\n<\/tr>\n<tr>\n<td>Tensi\u00f3n de corte de carga<\/td>\n<td>14,6 V<\/td>\n<\/tr>\n<tr>\n<td>Tensi\u00f3n de corte de descarga<\/td>\n<td>11,2 V<\/td>\n<\/tr>\n<tr>\n<td colspan=\"2\">Actual<\/td>\n<\/tr>\n<tr>\n<td>Corriente de carga m\u00e1xima<\/td>\n<td>0,5 \u00b0C<\/td>\n<\/tr>\n<tr>\n<td>Corriente m\u00e1xima de descarga<\/td>\n<td>1C<\/td>\n<\/tr>\n<tr>\n<td>Corriente m\u00e1xima de descarga de impulso<\/td>\n<td>2C 2S<\/td>\n<\/tr>\n<tr>\n<td>Corriente de carga y descarga est\u00e1ndar<\/td>\n<td>0,3 \u00b0C<\/td>\n<\/tr>\n<tr>\n<td colspan=\"2\">Temperatura de funcionamiento<\/td>\n<\/tr>\n<tr>\n<td>Temperatura de carga<\/td>\n<td>0 \u2103-45 \u2103<\/td>\n<\/tr>\n<tr>\n<td>Temperatura de descarga<\/td>\n<td>-20\u2103-60\u2103<\/td>\n<\/tr>\n<tr>\n<td>Temperatura de almacenamiento<\/td>\n<td>-10\u2103-45\u2103<\/td>\n<\/tr>\n<tr>\n<td colspan=\"2\">Ciclo de vida<\/td>\n<\/tr>\n<tr>\n<td>80%DOD<\/td>\n<td>\u22651500 veces<\/td>\n<\/tr>\n<tr>\n<td>70%DOD(20%-90%SOC)<\/td>\n<td>\u22652000 veces<\/td>\n<\/tr>\n<tr>\n<td>-20\u2103 Velocidad de descarga a baja temperatura<\/td>\n<td>\u226570%<\/td>\n<\/tr>\n<tr>\n<td>Tasa de autodescarga (por mes)<\/td>\n<td>\u22643%\/mes<\/td>\n<\/tr>\n<tr>\n<td rowspan=\"4\">Caracter\u00edstica<\/td>\n<td>Seguro, de larga vida \u00fatil y respetuoso con el medio ambiente.<\/td>\n<\/tr>\n<tr>\n<td>Buen rendimiento a altas temperaturas.<\/td>\n<\/tr>\n<tr>\n<td>Baja resistencia interna, baja autodescarga.<\/td>\n<\/tr>\n<tr>\n<td>Alta densidad energ\u00e9tica, sin efecto memoria.<\/td>\n<\/tr>\n<tr>\n<td rowspan=\"5\">Solicitud<\/td>\n<td width=\"584\">Telecomunicaciones, sistemas de energ\u00eda solar y e\u00f3lica.<\/td>\n<\/tr>\n<tr>\n<td>Equipos de comunicaciones y el\u00e9ctricos<\/td>\n<\/tr>\n<tr>\n<td>Centrales el\u00e9ctricas, Equipos de control, Sistemas solares<\/td>\n<\/tr>\n<tr>\n<td>UPS de alta potencia\/sistema de respaldo de energ\u00eda en espera<\/td>\n<\/tr>\n<tr>\n<td>Servicios ferroviarios, equipos de iluminaci\u00f3n<\/td>\n<\/tr>\n<\/tbody>\n<\/table>\n<p>Bater\u00eda Lifepo4 de 12 V y 100 Ah con pantalla LCD<\/p>\n<p><img decoding=\"async\" class=\"aligncenter size-full wp-image-5446\" src=\"http:\/\/ygspower.com\/wp-content\/uploads\/2020\/10\/12v-100ah-003.jpg\" alt=\"\" width=\"1000\" height=\"1000\" srcset=\"https:\/\/ygspower.com\/wp-content\/uploads\/2020\/10\/12v-100ah-003.jpg 1000w, https:\/\/ygspower.com\/wp-content\/uploads\/2020\/10\/12v-100ah-003-300x300.jpg 300w, https:\/\/ygspower.com\/wp-content\/uploads\/2020\/10\/12v-100ah-003-100x100.jpg 100w, https:\/\/ygspower.com\/wp-content\/uploads\/2020\/10\/12v-100ah-003-600x600.jpg 600w, https:\/\/ygspower.com\/wp-content\/uploads\/2020\/10\/12v-100ah-003-150x150.jpg 150w, https:\/\/ygspower.com\/wp-content\/uploads\/2020\/10\/12v-100ah-003-768x768.jpg 768w\" sizes=\"(max-width: 1000px) 100vw, 1000px\" \/> <img decoding=\"async\" class=\"aligncenter size-full wp-image-5447\" src=\"http:\/\/ygspower.com\/wp-content\/uploads\/2020\/10\/12V-100ah-007-001.jpg\" alt=\"\" width=\"1000\" height=\"1000\" srcset=\"https:\/\/ygspower.com\/wp-content\/uploads\/2020\/10\/12V-100ah-007-001.jpg 1000w, https:\/\/ygspower.com\/wp-content\/uploads\/2020\/10\/12V-100ah-007-001-300x300.jpg 300w, https:\/\/ygspower.com\/wp-content\/uploads\/2020\/10\/12V-100ah-007-001-100x100.jpg 100w, https:\/\/ygspower.com\/wp-content\/uploads\/2020\/10\/12V-100ah-007-001-600x600.jpg 600w, https:\/\/ygspower.com\/wp-content\/uploads\/2020\/10\/12V-100ah-007-001-150x150.jpg 150w, https:\/\/ygspower.com\/wp-content\/uploads\/2020\/10\/12V-100ah-007-001-768x768.jpg 768w\" sizes=\"(max-width: 1000px) 100vw, 1000px\" \/><\/p>\n<p><img loading=\"lazy\" decoding=\"async\" class=\"aligncenter size-full wp-image-2742\" src=\"http:\/\/ygspower.com\/wp-content\/uploads\/2020\/10\/lifepo4-battery-12v100ah_02.jpg\" alt=\"\" width=\"750\" height=\"948\" srcset=\"https:\/\/ygspower.com\/wp-content\/uploads\/2020\/10\/lifepo4-battery-12v100ah_02.jpg 750w, https:\/\/ygspower.com\/wp-content\/uploads\/2020\/10\/lifepo4-battery-12v100ah_02-600x758.jpg 600w, https:\/\/ygspower.com\/wp-content\/uploads\/2020\/10\/lifepo4-battery-12v100ah_02-237x300.jpg 237w\" sizes=\"(max-width: 750px) 100vw, 750px\" \/> <img loading=\"lazy\" decoding=\"async\" class=\"aligncenter size-full wp-image-2743\" src=\"http:\/\/ygspower.com\/wp-content\/uploads\/2020\/10\/lifepo4-battery-12v100ah_03.jpg\" alt=\"\" width=\"750\" height=\"948\" srcset=\"https:\/\/ygspower.com\/wp-content\/uploads\/2020\/10\/lifepo4-battery-12v100ah_03.jpg 750w, https:\/\/ygspower.com\/wp-content\/uploads\/2020\/10\/lifepo4-battery-12v100ah_03-600x758.jpg 600w, https:\/\/ygspower.com\/wp-content\/uploads\/2020\/10\/lifepo4-battery-12v100ah_03-237x300.jpg 237w\" sizes=\"(max-width: 750px) 100vw, 750px\" \/> <img loading=\"lazy\" decoding=\"async\" class=\"aligncenter size-full wp-image-2744\" src=\"http:\/\/ygspower.com\/wp-content\/uploads\/2020\/10\/lifepo4-battery-12v100ah_04.jpg\" alt=\"\" width=\"750\" height=\"1228\" srcset=\"https:\/\/ygspower.com\/wp-content\/uploads\/2020\/10\/lifepo4-battery-12v100ah_04.jpg 750w, https:\/\/ygspower.com\/wp-content\/uploads\/2020\/10\/lifepo4-battery-12v100ah_04-600x982.jpg 600w, https:\/\/ygspower.com\/wp-content\/uploads\/2020\/10\/lifepo4-battery-12v100ah_04-183x300.jpg 183w, https:\/\/ygspower.com\/wp-content\/uploads\/2020\/10\/lifepo4-battery-12v100ah_04-625x1024.jpg 625w\" sizes=\"(max-width: 750px) 100vw, 750px\" \/> <img loading=\"lazy\" decoding=\"async\" class=\"aligncenter size-full wp-image-2745\" src=\"http:\/\/ygspower.com\/wp-content\/uploads\/2020\/10\/lifepo4-battery-12v100ah_05.jpg\" alt=\"\" width=\"750\" height=\"847\" srcset=\"https:\/\/ygspower.com\/wp-content\/uploads\/2020\/10\/lifepo4-battery-12v100ah_05.jpg 750w, https:\/\/ygspower.com\/wp-content\/uploads\/2020\/10\/lifepo4-battery-12v100ah_05-600x678.jpg 600w, https:\/\/ygspower.com\/wp-content\/uploads\/2020\/10\/lifepo4-battery-12v100ah_05-266x300.jpg 266w\" sizes=\"(max-width: 750px) 100vw, 750px\" \/> <img loading=\"lazy\" decoding=\"async\" class=\"aligncenter size-full wp-image-2746\" src=\"http:\/\/ygspower.com\/wp-content\/uploads\/2020\/10\/lifepo4-battery-12v100ah_06.jpg\" alt=\"\" width=\"750\" height=\"655\" srcset=\"https:\/\/ygspower.com\/wp-content\/uploads\/2020\/10\/lifepo4-battery-12v100ah_06.jpg 750w, https:\/\/ygspower.com\/wp-content\/uploads\/2020\/10\/lifepo4-battery-12v100ah_06-600x524.jpg 600w, https:\/\/ygspower.com\/wp-content\/uploads\/2020\/10\/lifepo4-battery-12v100ah_06-300x262.jpg 300w\" sizes=\"(max-width: 750px) 100vw, 750px\" \/> <img loading=\"lazy\" decoding=\"async\" class=\"aligncenter size-full wp-image-2747\" src=\"http:\/\/ygspower.com\/wp-content\/uploads\/2020\/10\/lifepo4-battery-12v100ah_07.jpg\" alt=\"\" width=\"750\" height=\"684\" srcset=\"https:\/\/ygspower.com\/wp-content\/uploads\/2020\/10\/lifepo4-battery-12v100ah_07.jpg 750w, https:\/\/ygspower.com\/wp-content\/uploads\/2020\/10\/lifepo4-battery-12v100ah_07-600x547.jpg 600w, https:\/\/ygspower.com\/wp-content\/uploads\/2020\/10\/lifepo4-battery-12v100ah_07-300x274.jpg 300w\" sizes=\"(max-width: 750px) 100vw, 750px\" \/> <img loading=\"lazy\" decoding=\"async\" class=\"aligncenter size-full wp-image-2748\" src=\"http:\/\/ygspower.com\/wp-content\/uploads\/2020\/10\/lifepo4-battery-12v100ah_08.jpg\" alt=\"\" width=\"750\" height=\"867\" srcset=\"https:\/\/ygspower.com\/wp-content\/uploads\/2020\/10\/lifepo4-battery-12v100ah_08.jpg 750w, https:\/\/ygspower.com\/wp-content\/uploads\/2020\/10\/lifepo4-battery-12v100ah_08-600x694.jpg 600w, https:\/\/ygspower.com\/wp-content\/uploads\/2020\/10\/lifepo4-battery-12v100ah_08-260x300.jpg 260w\" sizes=\"(max-width: 750px) 100vw, 750px\" \/> <img loading=\"lazy\" decoding=\"async\" class=\"aligncenter size-full wp-image-2749\" src=\"http:\/\/ygspower.com\/wp-content\/uploads\/2020\/10\/lifepo4-battery-12v100ah_09.jpg\" alt=\"\" width=\"750\" height=\"1519\" srcset=\"https:\/\/ygspower.com\/wp-content\/uploads\/2020\/10\/lifepo4-battery-12v100ah_09.jpg 750w, https:\/\/ygspower.com\/wp-content\/uploads\/2020\/10\/lifepo4-battery-12v100ah_09-600x1215.jpg 600w, https:\/\/ygspower.com\/wp-content\/uploads\/2020\/10\/lifepo4-battery-12v100ah_09-148x300.jpg 148w, https:\/\/ygspower.com\/wp-content\/uploads\/2020\/10\/lifepo4-battery-12v100ah_09-506x1024.jpg 506w\" sizes=\"(max-width: 750px) 100vw, 750px\" \/> <img loading=\"lazy\" decoding=\"async\" class=\"aligncenter size-full wp-image-2750\" src=\"http:\/\/ygspower.com\/wp-content\/uploads\/2020\/10\/lifepo4-battery-12v100ah_10.jpg\" alt=\"\" width=\"750\" height=\"1172\" srcset=\"https:\/\/ygspower.com\/wp-content\/uploads\/2020\/10\/lifepo4-battery-12v100ah_10.jpg 750w, https:\/\/ygspower.com\/wp-content\/uploads\/2020\/10\/lifepo4-battery-12v100ah_10-600x938.jpg 600w, https:\/\/ygspower.com\/wp-content\/uploads\/2020\/10\/lifepo4-battery-12v100ah_10-192x300.jpg 192w, https:\/\/ygspower.com\/wp-content\/uploads\/2020\/10\/lifepo4-battery-12v100ah_10-655x1024.jpg 655w\" sizes=\"(max-width: 750px) 100vw, 750px\" \/> <img loading=\"lazy\" decoding=\"async\" class=\"aligncenter size-full wp-image-2751\" src=\"http:\/\/ygspower.com\/wp-content\/uploads\/2020\/10\/lifepo4-battery-12v100ah_11.jpg\" alt=\"\" width=\"750\" height=\"1228\" srcset=\"https:\/\/ygspower.com\/wp-content\/uploads\/2020\/10\/lifepo4-battery-12v100ah_11.jpg 750w, https:\/\/ygspower.com\/wp-content\/uploads\/2020\/10\/lifepo4-battery-12v100ah_11-600x982.jpg 600w, https:\/\/ygspower.com\/wp-content\/uploads\/2020\/10\/lifepo4-battery-12v100ah_11-183x300.jpg 183w, https:\/\/ygspower.com\/wp-content\/uploads\/2020\/10\/lifepo4-battery-12v100ah_11-625x1024.jpg 625w\" sizes=\"(max-width: 750px) 100vw, 750px\" \/><\/p>","protected":false},"excerpt":{"rendered":"<ul class=\"ul1\">\n<li class=\"li1\">Tipo: Reemplazo de bater\u00eda de plomo-\u00e1cido LFP12100<\/li>\n<li class=\"li1\">Nombre del producto: Bater\u00eda de respaldo de almacenamiento de bater\u00eda de iones de litio LiFe PO4 de 12 V<\/li>\n<li class=\"li1\">Dimensiones de la caja negra: 172 x 327 x 320 mm<\/li>\n<li class=\"li1\">Peso: alrededor de 11 kg.<\/li>\n<li>Voltaje de la bater\u00eda: bater\u00eda de iones de litio de 12 V<\/li>\n<li class=\"li1\">Capacidad de la bater\u00eda: bater\u00eda de 100 Ah<\/li>\n<li class=\"li1\">Ciclo de vida: m\u00e1s de 2000 veces 70%DOD<\/li>\n<li class=\"li1\">Aplicaci\u00f3n: almacenamiento de energ\u00eda solar.<span class=\"s2\">,<\/span> veh\u00edculo el\u00e9ctrico<span class=\"s2\">,<\/span> Uni\u00f3n Postal Universal<span class=\"s2\">,<\/span>central el\u00e9ctrica<\/li>\n<li class=\"li1\">Caracter\u00edstica: alta potencia y capacidad.<span class=\"s2\">,<\/span> seguro<span class=\"s2\">,<\/span> ciclo de vida largo<span class=\"s2\">,<\/span> verde<span class=\"s2\">,<\/span> Respetuoso del medio ambiente<span class=\"s2\">,<\/span> Buen rendimiento en altas temperaturas.<\/li>\n<\/ul>","protected":false},"featured_media":348,"template":"","meta":{"_seopress_robots_primary_cat":"none","_seopress_titles_title":"LiFe PO4 12V100Ah Lithium Battery Backup","_seopress_titles_desc":"LiFe PO4 12V100Ah Lithium Battery Backup","_seopress_robots_index":"","site-sidebar-layout":"default","site-content-layout":"default","ast-site-content-layout":"default","site-content-style":"default","site-sidebar-style":"default","ast-global-header-display":"","ast-banner-title-visibility":"","ast-main-header-display":"","ast-hfb-above-header-display":"","ast-hfb-below-header-display":"","ast-hfb-mobile-header-display":"","site-post-title":"","ast-breadcrumbs-content":"","ast-featured-img":"","footer-sml-layout":"","theme-transparent-header-meta":"default","adv-header-id-meta":"","stick-header-meta":"","header-above-stick-meta":"","header-main-stick-meta":"","header-below-stick-meta":"","astra-migrate-meta-layouts":"default","ast-page-background-enabled":"default","ast-page-background-meta":{"desktop":{"background-color":"","background-image":"","background-repeat":"repeat","background-position":"center center","background-size":"auto","background-attachment":"scroll","background-type":"","background-media":"","overlay-type":"","overlay-color":"","overlay-opacity":"","overlay-gradient":""},"tablet":{"background-color":"","background-image":"","background-repeat":"repeat","background-position":"center center","background-size":"auto","background-attachment":"scroll","background-type":"","background-media":"","overlay-type":"","overlay-color":"","overlay-opacity":"","overlay-gradient":""},"mobile":{"background-color":"","background-image":"","background-repeat":"repeat","background-position":"center center","background-size":"auto","background-attachment":"scroll","background-type":"","background-media":"","overlay-type":"","overlay-color":"","overlay-opacity":"","overlay-gradient":""}},"ast-content-background-meta":{"desktop":{"background-color":"var(--ast-global-color-5)","background-image":"","background-repeat":"repeat","background-position":"center center","background-size":"auto","background-attachment":"scroll","background-type":"","background-media":"","overlay-type":"","overlay-color":"","overlay-opacity":"","overlay-gradient":""},"tablet":{"background-color":"var(--ast-global-color-5)","background-image":"","background-repeat":"repeat","background-position":"center center","background-size":"auto","background-attachment":"scroll","background-type":"","background-media":"","overlay-type":"","overlay-color":"","overlay-opacity":"","overlay-gradient":""},"mobile":{"background-color":"var(--ast-global-color-5)","background-image":"","background-repeat":"repeat","background-position":"center center","background-size":"auto","background-attachment":"scroll","background-type":"","background-media":"","overlay-type":"","overlay-color":"","overlay-opacity":"","overlay-gradient":""}}},"product_brand":[],"product_cat":[28],"product_tag":[],"class_list":{"0":"post-343","1":"product","2":"type-product","3":"status-publish","4":"has-post-thumbnail","6":"product_cat-life-po4-battery","7":"desktop-align-left","8":"tablet-align-left","9":"mobile-align-left","11":"first","12":"instock","13":"shipping-taxable","14":"product-type-simple"},"_links":{"self":[{"href":"https:\/\/ygspower.com\/es\/wp-json\/wp\/v2\/product\/343","targetHints":{"allow":["GET"]}}],"collection":[{"href":"https:\/\/ygspower.com\/es\/wp-json\/wp\/v2\/product"}],"about":[{"href":"https:\/\/ygspower.com\/es\/wp-json\/wp\/v2\/types\/product"}],"version-history":[{"count":0,"href":"https:\/\/ygspower.com\/es\/wp-json\/wp\/v2\/product\/343\/revisions"}],"wp:featuredmedia":[{"embeddable":true,"href":"https:\/\/ygspower.com\/es\/wp-json\/wp\/v2\/media\/348"}],"wp:attachment":[{"href":"https:\/\/ygspower.com\/es\/wp-json\/wp\/v2\/media?parent=343"}],"wp:term":[{"taxonomy":"product_brand","embeddable":true,"href":"https:\/\/ygspower.com\/es\/wp-json\/wp\/v2\/product_brand?post=343"},{"taxonomy":"product_cat","embeddable":true,"href":"https:\/\/ygspower.com\/es\/wp-json\/wp\/v2\/product_cat?post=343"},{"taxonomy":"product_tag","embeddable":true,"href":"https:\/\/ygspower.com\/es\/wp-json\/wp\/v2\/product_tag?post=343"}],"curies":[{"name":"wp","href":"https:\/\/api.w.org\/{rel}","templated":true}]}}