{"id":3503,"date":"2021-11-11T16:54:12","date_gmt":"2021-11-11T08:54:12","guid":{"rendered":"https:\/\/darksalmon-dugong-512221.hostingersite.com\/?post_type=product&#038;p=3503"},"modified":"2021-11-12T13:36:36","modified_gmt":"2021-11-12T05:36:36","slug":"mylion-factory-li-ion-battery-2-2ah-18650-cell-3-7v-2200mah-18650-lithium-rechargeable-battery-cell-for-flashlight","status":"publish","type":"product","link":"https:\/\/ygspower.com\/es\/producto\/mylion-factory-li-ion-battery-2-2ah-18650-cell-3-7v-2200mah-18650-lithium-rechargeable-battery-cell-for-flashlight\/","title":{"rendered":"Bater\u00eda de iones de litio de f\u00e1brica Mylion, 2,2 Ah, 18650 celdas, 3,7 V, 2200 mAh, 18650, bater\u00eda recargable de litio para linterna"},"content":{"rendered":"<p><img fetchpriority=\"high\" decoding=\"async\" class=\"alignnone size-medium wp-image-3505\" src=\"http:\/\/ygspower.com\/wp-content\/uploads\/2021\/11\/3.7V-2200mah-18650-1-300x300.jpg\" alt=\"\" width=\"300\" height=\"300\" srcset=\"https:\/\/ygspower.com\/wp-content\/uploads\/2021\/11\/3.7V-2200mah-18650-1-300x300.jpg 300w, https:\/\/ygspower.com\/wp-content\/uploads\/2021\/11\/3.7V-2200mah-18650-1-100x100.jpg 100w, https:\/\/ygspower.com\/wp-content\/uploads\/2021\/11\/3.7V-2200mah-18650-1-600x600.jpg 600w, https:\/\/ygspower.com\/wp-content\/uploads\/2021\/11\/3.7V-2200mah-18650-1-150x150.jpg 150w, https:\/\/ygspower.com\/wp-content\/uploads\/2021\/11\/3.7V-2200mah-18650-1-768x768.jpg 768w, https:\/\/ygspower.com\/wp-content\/uploads\/2021\/11\/3.7V-2200mah-18650-1.jpg 1000w\" sizes=\"(max-width: 300px) 100vw, 300px\" \/> <img decoding=\"async\" class=\"alignnone size-medium wp-image-3506\" src=\"http:\/\/ygspower.com\/wp-content\/uploads\/2021\/11\/3.7V-2200mah-18650-2-300x300.jpg\" alt=\"\" width=\"300\" height=\"300\" srcset=\"https:\/\/ygspower.com\/wp-content\/uploads\/2021\/11\/3.7V-2200mah-18650-2-300x300.jpg 300w, https:\/\/ygspower.com\/wp-content\/uploads\/2021\/11\/3.7V-2200mah-18650-2-100x100.jpg 100w, https:\/\/ygspower.com\/wp-content\/uploads\/2021\/11\/3.7V-2200mah-18650-2-600x600.jpg 600w, https:\/\/ygspower.com\/wp-content\/uploads\/2021\/11\/3.7V-2200mah-18650-2-150x150.jpg 150w, https:\/\/ygspower.com\/wp-content\/uploads\/2021\/11\/3.7V-2200mah-18650-2-768x768.jpg 768w, https:\/\/ygspower.com\/wp-content\/uploads\/2021\/11\/3.7V-2200mah-18650-2.jpg 1000w\" sizes=\"(max-width: 300px) 100vw, 300px\" \/> <img decoding=\"async\" class=\"alignnone size-medium wp-image-3507\" src=\"http:\/\/ygspower.com\/wp-content\/uploads\/2021\/11\/3.7V-2200mah-18650-3-300x300.jpg\" alt=\"\" width=\"300\" height=\"300\" srcset=\"https:\/\/ygspower.com\/wp-content\/uploads\/2021\/11\/3.7V-2200mah-18650-3-300x300.jpg 300w, https:\/\/ygspower.com\/wp-content\/uploads\/2021\/11\/3.7V-2200mah-18650-3-100x100.jpg 100w, https:\/\/ygspower.com\/wp-content\/uploads\/2021\/11\/3.7V-2200mah-18650-3-600x600.jpg 600w, https:\/\/ygspower.com\/wp-content\/uploads\/2021\/11\/3.7V-2200mah-18650-3-150x150.jpg 150w, https:\/\/ygspower.com\/wp-content\/uploads\/2021\/11\/3.7V-2200mah-18650-3-768x768.jpg 768w, https:\/\/ygspower.com\/wp-content\/uploads\/2021\/11\/3.7V-2200mah-18650-3.jpg 1000w\" sizes=\"(max-width: 300px) 100vw, 300px\" \/> <img loading=\"lazy\" decoding=\"async\" class=\"alignnone size-medium wp-image-3508\" src=\"http:\/\/ygspower.com\/wp-content\/uploads\/2021\/11\/3.7V-2200mah-18650-4-300x300.jpg\" alt=\"\" width=\"300\" height=\"300\" srcset=\"https:\/\/ygspower.com\/wp-content\/uploads\/2021\/11\/3.7V-2200mah-18650-4-300x300.jpg 300w, https:\/\/ygspower.com\/wp-content\/uploads\/2021\/11\/3.7V-2200mah-18650-4-100x100.jpg 100w, https:\/\/ygspower.com\/wp-content\/uploads\/2021\/11\/3.7V-2200mah-18650-4-600x600.jpg 600w, https:\/\/ygspower.com\/wp-content\/uploads\/2021\/11\/3.7V-2200mah-18650-4-150x150.jpg 150w, https:\/\/ygspower.com\/wp-content\/uploads\/2021\/11\/3.7V-2200mah-18650-4-768x768.jpg 768w, https:\/\/ygspower.com\/wp-content\/uploads\/2021\/11\/3.7V-2200mah-18650-4.jpg 1000w\" sizes=\"(max-width: 300px) 100vw, 300px\" \/> <img loading=\"lazy\" decoding=\"async\" class=\"alignnone size-medium wp-image-3509\" src=\"http:\/\/ygspower.com\/wp-content\/uploads\/2021\/11\/3.7V-2200mah-18650-5-300x300.jpg\" alt=\"\" width=\"300\" height=\"300\" srcset=\"https:\/\/ygspower.com\/wp-content\/uploads\/2021\/11\/3.7V-2200mah-18650-5-300x300.jpg 300w, https:\/\/ygspower.com\/wp-content\/uploads\/2021\/11\/3.7V-2200mah-18650-5-100x100.jpg 100w, https:\/\/ygspower.com\/wp-content\/uploads\/2021\/11\/3.7V-2200mah-18650-5-600x600.jpg 600w, https:\/\/ygspower.com\/wp-content\/uploads\/2021\/11\/3.7V-2200mah-18650-5-150x150.jpg 150w, https:\/\/ygspower.com\/wp-content\/uploads\/2021\/11\/3.7V-2200mah-18650-5-768x768.jpg 768w, https:\/\/ygspower.com\/wp-content\/uploads\/2021\/11\/3.7V-2200mah-18650-5.jpg 1000w\" sizes=\"(max-width: 300px) 100vw, 300px\" \/> <img loading=\"lazy\" decoding=\"async\" class=\"alignnone size-medium wp-image-3510\" src=\"http:\/\/ygspower.com\/wp-content\/uploads\/2021\/11\/3.7V-2200mah-18650-6-300x300.jpg\" alt=\"\" width=\"300\" height=\"300\" srcset=\"https:\/\/ygspower.com\/wp-content\/uploads\/2021\/11\/3.7V-2200mah-18650-6-300x300.jpg 300w, https:\/\/ygspower.com\/wp-content\/uploads\/2021\/11\/3.7V-2200mah-18650-6-100x100.jpg 100w, https:\/\/ygspower.com\/wp-content\/uploads\/2021\/11\/3.7V-2200mah-18650-6-600x600.jpg 600w, https:\/\/ygspower.com\/wp-content\/uploads\/2021\/11\/3.7V-2200mah-18650-6-150x150.jpg 150w, https:\/\/ygspower.com\/wp-content\/uploads\/2021\/11\/3.7V-2200mah-18650-6-768x768.jpg 768w, https:\/\/ygspower.com\/wp-content\/uploads\/2021\/11\/3.7V-2200mah-18650-6.jpg 1000w\" sizes=\"(max-width: 300px) 100vw, 300px\" \/><\/p>","protected":false},"excerpt":{"rendered":"<table style=\"color: #000000;font-family: Arial;font-size: 12px;font-style: normal;font-weight: 400;border-collapse: collapse;width: 750px;border: 1px solid #cccccc\" border=\"1\" width=\"978\" cellspacing=\"0\" cellpadding=\"0\">\n<tbody>\n<tr style=\"height: 18pt\">\n<td style=\"font-family: Verdana, Arial, Helvetica, sans-serif;font-size: 12px;color: #000000;margin: 8px;height: 18pt;width: 232pt;border: 1px solid #cccccc;padding: 0px\" width=\"309\" height=\"24\">Nombre del producto<\/td>\n<td style=\"font-family: Verdana, Arial, Helvetica, sans-serif;font-size: 12px;color: #000000;margin: 8px;border: 1px solid #cccccc;width: 502pt;padding: 0px\" width=\"669\">Bater\u00eda de iones de litio de celda 18650<\/td>\n<\/tr>\n<tr style=\"height: 18pt\">\n<td style=\"font-family: Verdana, Arial, Helvetica, sans-serif;font-size: 12px;color: #000000;margin: 8px;height: 18pt;border: 1px solid #cccccc;padding: 0px\" height=\"24\">Nombre del estilo<\/td>\n<td style=\"font-family: Verdana, Arial, Helvetica, sans-serif;font-size: 12px;color: #000000;margin: 8px;border: 1px solid #cccccc;padding: 0px\">3,7 V 2200 mAh<\/td>\n<\/tr>\n<tr style=\"height: 18pt\">\n<td style=\"font-family: Verdana, Arial, Helvetica, sans-serif;font-size: 12px;color: #000000;margin: 8px;height: 18pt;border: 1px solid #cccccc;padding: 0px\" height=\"24\">Capacidad normal<\/td>\n<td style=\"font-family: Verdana, Arial, Helvetica, sans-serif;font-size: 12px;color: #000000;margin: 8px;border: 1px solid #cccccc;padding: 0px\">2200 mAh<\/td>\n<\/tr>\n<tr style=\"height: 18pt\">\n<td style=\"font-family: Verdana, Arial, Helvetica, sans-serif;font-size: 12px;color: #000000;margin: 8px;height: 18pt;border: 1px solid #cccccc;padding: 0px\" height=\"24\">Voltaje nominal<\/td>\n<td style=\"font-family: Verdana, Arial, Helvetica, sans-serif;font-size: 12px;color: #000000;margin: 8px;border: 1px solid #cccccc;padding: 0px\">3,6 V<\/td>\n<\/tr>\n<tr style=\"height: 18pt\">\n<td style=\"font-family: Verdana, Arial, Helvetica, sans-serif;font-size: 12px;color: #000000;margin: 8px;height: 18pt;border: 1px solid #cccccc;padding: 0px\" height=\"24\">Voltaje m\u00e1ximo de carga<\/td>\n<td style=\"font-family: Verdana, Arial, Helvetica, sans-serif;font-size: 12px;color: #000000;margin: 8px;border: 1px solid #cccccc;padding: 0px\">4,2 V<\/td>\n<\/tr>\n<tr style=\"height: 18pt\">\n<td style=\"font-family: Verdana, Arial, Helvetica, sans-serif;font-size: 12px;color: #000000;margin: 8px;height: 18pt;border: 1px solid #cccccc;padding: 0px\" height=\"24\">Tensi\u00f3n de descarga de corte<\/td>\n<td style=\"font-family: Verdana, Arial, Helvetica, sans-serif;font-size: 12px;color: #000000;margin: 8px;border: 1px solid #cccccc;padding: 0px\">3,0 V<\/td>\n<\/tr>\n<tr style=\"height: 18pt\">\n<td style=\"font-family: Verdana, Arial, Helvetica, sans-serif;font-size: 12px;color: #000000;margin: 8px;height: 18pt;border: 1px solid #cccccc;padding: 0px\" height=\"24\">Corriente m\u00e1xima de descarga continua<\/td>\n<td style=\"font-family: Verdana, Arial, Helvetica, sans-serif;font-size: 12px;color: #000000;margin: 8px;border: 1px solid #cccccc;padding: 0px\">1-2A<\/td>\n<\/tr>\n<tr style=\"height: 18pt\">\n<td style=\"font-family: Verdana, Arial, Helvetica, sans-serif;font-size: 12px;color: #000000;margin: 8px;height: 18pt;border: 1px solid #cccccc;padding: 0px\" height=\"24\">Corriente de carga<\/td>\n<td style=\"font-family: Verdana, Arial, Helvetica, sans-serif;font-size: 12px;color: #000000;margin: 8px;border: 1px solid #cccccc;padding: 0px\">1-2A<\/td>\n<\/tr>\n<tr style=\"height: 18pt\">\n<td style=\"font-family: Verdana, Arial, Helvetica, sans-serif;font-size: 12px;color: #000000;margin: 8px;height: 18pt;border: 1px solid #cccccc;padding: 0px\" height=\"24\">Potencia de salida<\/td>\n<td style=\"font-family: Verdana, Arial, Helvetica, sans-serif;font-size: 12px;color: #000000;margin: 8px;border: 1px solid #cccccc;padding: 0px\">8,14 Wh<\/td>\n<\/tr>\n<tr style=\"height: 18pt\">\n<td style=\"font-family: Verdana, Arial, Helvetica, sans-serif;font-size: 12px;color: #000000;margin: 8px;height: 18pt;border: 1px solid #cccccc;padding: 0px\" height=\"24\">Color de PVC<\/td>\n<td style=\"font-family: Verdana, Arial, Helvetica, sans-serif;font-size: 12px;color: #000000;margin: 8px;border: 1px solid #cccccc;padding: 0px\">Azul<\/td>\n<\/tr>\n<tr style=\"height: 18pt\">\n<td style=\"font-family: Verdana, Arial, Helvetica, sans-serif;font-size: 12px;color: #000000;margin: 8px;height: 18pt;border: 1px solid #cccccc;padding: 0px\" height=\"24\">Dimensiones de la bater\u00eda<\/td>\n<td style=\"font-family: Verdana, Arial, Helvetica, sans-serif;font-size: 12px;color: #000000;margin: 8px;border: 1px solid #cccccc;padding: 0px\">Di\u00e1metro 18 x alto 65 mm<\/td>\n<\/tr>\n<tr style=\"height: 18pt\">\n<td style=\"font-family: Verdana, Arial, Helvetica, sans-serif;font-size: 12px;color: #000000;margin: 8px;height: 18pt;border: 1px solid #cccccc;padding: 0px\" height=\"24\">Peso<\/td>\n<td style=\"font-family: Verdana, Arial, Helvetica, sans-serif;font-size: 12px;color: #000000;margin: 8px;border: 1px solid #cccccc;padding: 0px\">aprox.48g<\/td>\n<\/tr>\n<tr style=\"height: 18pt\">\n<td style=\"font-family: Verdana, Arial, Helvetica, sans-serif;font-size: 12px;color: #000000;margin: 8px;height: 18pt;border: 1px solid #cccccc;padding: 0px\" height=\"24\">Marca de celda de bater\u00eda<\/td>\n<td style=\"font-family: Verdana, Arial, Helvetica, sans-serif;font-size: 12px;color: #000000;margin: 8px;border: 1px solid #cccccc;padding: 0px\">Celular de marca china o celular de Jap\u00f3n y Corea del Sur<\/td>\n<\/tr>\n<tr style=\"height: 18pt\">\n<td style=\"font-family: Verdana, Arial, Helvetica, sans-serif;font-size: 12px;color: #000000;margin: 8px;height: 18pt;border: 1px solid #cccccc;padding: 0px\" height=\"24\">Paquete<\/td>\n<td style=\"font-family: Verdana, Arial, Helvetica, sans-serif;font-size: 12px;color: #000000;margin: 8px;border: 1px solid #cccccc;padding: 0px\">100 piezas en una caja, aproximadamente 6 kg\/caja<\/td>\n<\/tr>\n<tr style=\"height: 18pt\">\n<td style=\"font-family: Verdana, Arial, Helvetica, sans-serif;font-size: 12px;color: #000000;margin: 8px;height: 18pt;border: 1px solid #cccccc;padding: 0px\" height=\"24\">Garant\u00eda<\/td>\n<td style=\"font-family: Verdana, Arial, Helvetica, sans-serif;font-size: 12px;color: #000000;margin: 8px;border: 1px solid #cccccc;padding: 0px\">12 meses<\/td>\n<\/tr>\n<\/tbody>\n<\/table>","protected":false},"featured_media":3509,"template":"","meta":{"_seopress_robots_primary_cat":"none","_seopress_titles_title":"Mylion factory li-ion battery 2.2ah 18650 cell 3.7V 2200mah 18650 lithium rechargeable battery cell for flashlight","_seopress_titles_desc":"18650 3.7v 2200mah lithium battery,3.7V 2200mah 18650 lithium rechargeable battery cell,3.7v 2200mAh 8.14Wh 18650 cell,li-ion battery 2.2ah 18650 cell","_seopress_robots_index":"","site-sidebar-layout":"default","site-content-layout":"default","ast-site-content-layout":"default","site-content-style":"default","site-sidebar-style":"default","ast-global-header-display":"","ast-banner-title-visibility":"","ast-main-header-display":"","ast-hfb-above-header-display":"","ast-hfb-below-header-display":"","ast-hfb-mobile-header-display":"","site-post-title":"","ast-breadcrumbs-content":"","ast-featured-img":"","footer-sml-layout":"","theme-transparent-header-meta":"default","adv-header-id-meta":"","stick-header-meta":"","header-above-stick-meta":"","header-main-stick-meta":"","header-below-stick-meta":"","astra-migrate-meta-layouts":"default","ast-page-background-enabled":"default","ast-page-background-meta":{"desktop":{"background-color":"","background-image":"","background-repeat":"repeat","background-position":"center center","background-size":"auto","background-attachment":"scroll","background-type":"","background-media":"","overlay-type":"","overlay-color":"","overlay-opacity":"","overlay-gradient":""},"tablet":{"background-color":"","background-image":"","background-repeat":"repeat","background-position":"center center","background-size":"auto","background-attachment":"scroll","background-type":"","background-media":"","overlay-type":"","overlay-color":"","overlay-opacity":"","overlay-gradient":""},"mobile":{"background-color":"","background-image":"","background-repeat":"repeat","background-position":"center center","background-size":"auto","background-attachment":"scroll","background-type":"","background-media":"","overlay-type":"","overlay-color":"","overlay-opacity":"","overlay-gradient":""}},"ast-content-background-meta":{"desktop":{"background-color":"var(--ast-global-color-5)","background-image":"","background-repeat":"repeat","background-position":"center center","background-size":"auto","background-attachment":"scroll","background-type":"","background-media":"","overlay-type":"","overlay-color":"","overlay-opacity":"","overlay-gradient":""},"tablet":{"background-color":"var(--ast-global-color-5)","background-image":"","background-repeat":"repeat","background-position":"center center","background-size":"auto","background-attachment":"scroll","background-type":"","background-media":"","overlay-type":"","overlay-color":"","overlay-opacity":"","overlay-gradient":""},"mobile":{"background-color":"var(--ast-global-color-5)","background-image":"","background-repeat":"repeat","background-position":"center center","background-size":"auto","background-attachment":"scroll","background-type":"","background-media":"","overlay-type":"","overlay-color":"","overlay-opacity":"","overlay-gradient":""}}},"product_brand":[],"product_cat":[126],"product_tag":[146,143,144,145],"class_list":{"0":"post-3503","1":"product","2":"type-product","3":"status-publish","4":"has-post-thumbnail","6":"product_cat-18650-cell","7":"product_tag-18650-3-7v-2200mah-lithium-battery","8":"product_tag-3-7v-2200mah-18650-lithium-rechargeable-battery-cell","9":"product_tag-3-7v-2200mah-8-14wh-18650-cell","10":"product_tag-li-ion-battery-2-2ah-18650-cell","11":"desktop-align-left","12":"tablet-align-left","13":"mobile-align-left","15":"first","16":"instock","17":"shipping-taxable","18":"product-type-simple"},"_links":{"self":[{"href":"https:\/\/ygspower.com\/es\/wp-json\/wp\/v2\/product\/3503","targetHints":{"allow":["GET"]}}],"collection":[{"href":"https:\/\/ygspower.com\/es\/wp-json\/wp\/v2\/product"}],"about":[{"href":"https:\/\/ygspower.com\/es\/wp-json\/wp\/v2\/types\/product"}],"version-history":[{"count":0,"href":"https:\/\/ygspower.com\/es\/wp-json\/wp\/v2\/product\/3503\/revisions"}],"wp:featuredmedia":[{"embeddable":true,"href":"https:\/\/ygspower.com\/es\/wp-json\/wp\/v2\/media\/3509"}],"wp:attachment":[{"href":"https:\/\/ygspower.com\/es\/wp-json\/wp\/v2\/media?parent=3503"}],"wp:term":[{"taxonomy":"product_brand","embeddable":true,"href":"https:\/\/ygspower.com\/es\/wp-json\/wp\/v2\/product_brand?post=3503"},{"taxonomy":"product_cat","embeddable":true,"href":"https:\/\/ygspower.com\/es\/wp-json\/wp\/v2\/product_cat?post=3503"},{"taxonomy":"product_tag","embeddable":true,"href":"https:\/\/ygspower.com\/es\/wp-json\/wp\/v2\/product_tag?post=3503"}],"curies":[{"name":"wp","href":"https:\/\/api.w.org\/{rel}","templated":true}]}}