{"id":3558,"date":"2021-11-12T14:15:41","date_gmt":"2021-11-12T06:15:41","guid":{"rendered":"https:\/\/darksalmon-dugong-512221.hostingersite.com\/?post_type=product&#038;p=3558"},"modified":"2022-10-25T16:54:30","modified_gmt":"2022-10-25T08:54:30","slug":"mylion-mp300w-portable-12v-backup-lithium-ion-battery-power-supply-with-solar-power","status":"publish","type":"product","link":"https:\/\/ygspower.com\/es\/producto\/mylion-mp300w-portable-12v-backup-lithium-ion-battery-power-supply-with-solar-power\/","title":{"rendered":"Fuente de alimentaci\u00f3n de bater\u00eda de iones de litio port\u00e1til de 12 V con energ\u00eda solar Mylion MU300W"},"content":{"rendered":"<p>&nbsp;<\/p>\n<p><img fetchpriority=\"high\" decoding=\"async\" class=\"alignnone size-full wp-image-3571\" src=\"http:\/\/ygspower.com\/wp-content\/uploads\/2021\/11\/300W-5.jpg\" alt=\"\" width=\"750\" height=\"1390\" srcset=\"https:\/\/ygspower.com\/wp-content\/uploads\/2021\/11\/300W-5.jpg 750w, https:\/\/ygspower.com\/wp-content\/uploads\/2021\/11\/300W-5-600x1112.jpg 600w, https:\/\/ygspower.com\/wp-content\/uploads\/2021\/11\/300W-5-162x300.jpg 162w, https:\/\/ygspower.com\/wp-content\/uploads\/2021\/11\/300W-5-553x1024.jpg 553w\" sizes=\"(max-width: 750px) 100vw, 750px\" \/><\/p>\n<p><img decoding=\"async\" class=\"alignnone size-full wp-image-3570\" src=\"http:\/\/ygspower.com\/wp-content\/uploads\/2021\/11\/300W-4-1.jpg\" alt=\"\" width=\"750\" height=\"1067\" srcset=\"https:\/\/ygspower.com\/wp-content\/uploads\/2021\/11\/300W-4-1.jpg 750w, https:\/\/ygspower.com\/wp-content\/uploads\/2021\/11\/300W-4-1-600x854.jpg 600w, https:\/\/ygspower.com\/wp-content\/uploads\/2021\/11\/300W-4-1-211x300.jpg 211w, https:\/\/ygspower.com\/wp-content\/uploads\/2021\/11\/300W-4-1-720x1024.jpg 720w\" sizes=\"(max-width: 750px) 100vw, 750px\" \/> <img decoding=\"async\" class=\"alignnone size-full wp-image-3569\" src=\"http:\/\/ygspower.com\/wp-content\/uploads\/2021\/11\/300W-3-1.jpg\" alt=\"\" width=\"750\" height=\"2131\" srcset=\"https:\/\/ygspower.com\/wp-content\/uploads\/2021\/11\/300W-3-1.jpg 750w, https:\/\/ygspower.com\/wp-content\/uploads\/2021\/11\/300W-3-1-600x1705.jpg 600w, https:\/\/ygspower.com\/wp-content\/uploads\/2021\/11\/300W-3-1-106x300.jpg 106w, https:\/\/ygspower.com\/wp-content\/uploads\/2021\/11\/300W-3-1-360x1024.jpg 360w, https:\/\/ygspower.com\/wp-content\/uploads\/2021\/11\/300W-3-1-541x1536.jpg 541w, https:\/\/ygspower.com\/wp-content\/uploads\/2021\/11\/300W-3-1-721x2048.jpg 721w\" sizes=\"(max-width: 750px) 100vw, 750px\" \/> <img loading=\"lazy\" decoding=\"async\" class=\"alignnone size-full wp-image-3568\" src=\"http:\/\/ygspower.com\/wp-content\/uploads\/2021\/11\/300W-2-1.jpg\" alt=\"\" width=\"750\" height=\"851\" srcset=\"https:\/\/ygspower.com\/wp-content\/uploads\/2021\/11\/300W-2-1.jpg 750w, https:\/\/ygspower.com\/wp-content\/uploads\/2021\/11\/300W-2-1-600x681.jpg 600w, https:\/\/ygspower.com\/wp-content\/uploads\/2021\/11\/300W-2-1-264x300.jpg 264w\" sizes=\"(max-width: 750px) 100vw, 750px\" \/> <img loading=\"lazy\" decoding=\"async\" class=\"alignnone size-full wp-image-3567\" src=\"http:\/\/ygspower.com\/wp-content\/uploads\/2021\/11\/300W-1-1.jpg\" alt=\"\" width=\"750\" height=\"991\" srcset=\"https:\/\/ygspower.com\/wp-content\/uploads\/2021\/11\/300W-1-1.jpg 750w, https:\/\/ygspower.com\/wp-content\/uploads\/2021\/11\/300W-1-1-600x793.jpg 600w, https:\/\/ygspower.com\/wp-content\/uploads\/2021\/11\/300W-1-1-227x300.jpg 227w\" sizes=\"(max-width: 750px) 100vw, 750px\" \/><\/p>\n<table border=\"0\" cellspacing=\"0\" cellpadding=\"0\">\n<tbody>\n<tr>\n<td height=\"28\" data-spm-anchor-id=\"a2700.wholesale.0.i13.2cbb477bCmMe0D\">Nombre del estilo<\/td>\n<td>MP300W<\/td>\n<\/tr>\n<tr>\n<td height=\"28\">Nombre del producto<\/td>\n<td>Estaci\u00f3n de energ\u00eda port\u00e1til Fuente de alimentaci\u00f3n de 12 V Bater\u00eda de litio de respaldo<\/td>\n<\/tr>\n<tr>\n<td height=\"28\">Entrada CC<\/td>\n<td>CC 15 V\/3 A<\/td>\n<\/tr>\n<tr>\n<td height=\"28\">Entrada de energ\u00eda solar<\/td>\n<td>DC.18V\/3A por panel solar<\/td>\n<\/tr>\n<tr>\n<td height=\"28\">Tiempo de carga<\/td>\n<td>9-11 horas<\/td>\n<\/tr>\n<tr>\n<td rowspan=\"4\" height=\"112\">Salida DC<\/td>\n<td>1xUSB 5V\/2.4A<\/td>\n<\/tr>\n<tr>\n<td height=\"28\">1xUSB 5V3A\/9V2A\/12V1.5A (QC3.0)<\/td>\n<\/tr>\n<tr>\n<td height=\"28\">1xTipo C 5 V 3 A\/9 V 2 A\/12 V 1,5 A (QC3.0)<\/td>\n<\/tr>\n<tr>\n<td height=\"28\">CC 12 V\/8 A<\/td>\n<\/tr>\n<tr>\n<td rowspan=\"2\" height=\"56\">Salida CA<\/td>\n<td>Onda sinusoidal CA 110 V 57-63 Hz<\/td>\n<\/tr>\n<tr>\n<td height=\"28\">Onda sinusoidal CA 220 V 47-53 Hz<\/td>\n<\/tr>\n<tr>\n<td height=\"28\">Salida de enchufe del coche<\/td>\n<td>12 V 10 A<\/td>\n<\/tr>\n<tr>\n<td rowspan=\"2\" height=\"56\">Potencia de salida de CA<\/td>\n<td>300 W m\u00ednimo<\/td>\n<\/tr>\n<tr>\n<td height=\"28\">400 W m\u00e1x.<\/td>\n<\/tr>\n<tr>\n<td height=\"28\">Iluminaci\u00f3n<\/td>\n<td>LED de 3 V\/1 W\/SOS\/luz intermitente<\/td>\n<\/tr>\n<tr>\n<td height=\"28\">Pantalla LCD<\/td>\n<td data-spm-anchor-id=\"a2700.wholesale.0.i14.2cbb477bCmMe0D\">La pantalla digital muestra el estado de la bater\u00eda.<\/td>\n<\/tr>\n<tr>\n<td height=\"28\">Forma de onda de descarga<\/td>\n<td>Onda sinusoidal<\/td>\n<\/tr>\n<tr>\n<td height=\"28\">Tipo de bater\u00eda<\/td>\n<td>Bater\u00eda de iones de litio<\/td>\n<\/tr>\n<tr>\n<td height=\"28\">Capacidad de la bater\u00eda<\/td>\n<td>11,1 V 30 Ah\/33 600 mAh\/326 Wh<\/td>\n<\/tr>\n<tr>\n<td height=\"28\">Protecci\u00f3n<\/td>\n<td>Sobrecorriente\/carga, sobrecarga\/descarga, cortocircuito, protecci\u00f3n de temperatura.<\/td>\n<\/tr>\n<tr>\n<td height=\"28\">Temperatura de funcionamiento<\/td>\n<td>0\u2103~45\u2103<\/td>\n<\/tr>\n<tr>\n<td height=\"28\">Temperatura de almacenamiento<\/td>\n<td>-20\u2103~+60\u2103<\/td>\n<\/tr>\n<tr>\n<td height=\"28\">Operar humedad<\/td>\n<td>25%-80%<\/td>\n<\/tr>\n<tr>\n<td height=\"28\">Humedad de almacenamiento<\/td>\n<td>10%-90%<\/td>\n<\/tr>\n<tr>\n<td height=\"28\">Solicitud<\/td>\n<td>Amplia aplicaci\u00f3n, desde USB de 5 V hasta CC de 12 V. Salida de alta potencia con enchufe para autom\u00f3vil.<\/td>\n<\/tr>\n<tr>\n<td height=\"28\">Caracter\u00edstica<\/td>\n<td>Port\u00e1til, peque\u00f1o, ligero, de alta potencia, energ\u00eda solar, todas las salidas pueden funcionar al mismo tiempo.<\/td>\n<\/tr>\n<tr>\n<td height=\"28\">Materiales del caso<\/td>\n<td>Caja de metal<\/td>\n<\/tr>\n<tr>\n<td height=\"28\">Dimensiones de la caja<\/td>\n<td>Largo 260 x Ancho 140 x Alto 150 mm<\/td>\n<\/tr>\n<tr>\n<td height=\"28\">Peso<\/td>\n<td>3,6 kg<\/td>\n<\/tr>\n<tr>\n<td height=\"28\">Dimensi\u00f3n de la caja<\/td>\n<td>Largo 298 x Ancho 218 x Alto 225 mm<\/td>\n<\/tr>\n<tr>\n<td height=\"28\">\u00bfQu\u00e9 hay en el paquete?<\/td>\n<td>1 unidad UPS de 300 W, 1 adaptador, 1 manual de usuario<\/td>\n<\/tr>\n<tr>\n<td height=\"28\">Paquete<\/td>\n<td>2 juegos en una caja\/9,2 kg\/dimensiones de la caja: L452 x W315 x H250 mm<\/td>\n<\/tr>\n<\/tbody>\n<\/table>\n<p>&nbsp;<\/p>","protected":false},"excerpt":{"rendered":"<p>Entrada CC CC.15 V\/3 A<br \/>\nEntrada de energ\u00eda solar DC.18V\/3A mediante panel solar<br \/>\nTiempo de carga 9-11 horas<br \/>\nSalida CC 1xUSB 5V\/2.4A<br \/>\n1xUSB 5V3A\/9V2A\/12V1.5A (QC3.0)<br \/>\n1xTipo C 5 V 3 A\/9 V 2 A\/12 V 1,5 A (QC3.0)<br \/>\nCC 12 V\/8 A<br \/>\nSalida CA CA 110 V Onda sinusoidal 57-63 Hz<br \/>\nOnda sinusoidal CA 220 V 47-53 Hz<br \/>\nSalida de enchufe de coche 12V10A<br \/>\nPotencia de salida de CA 300 W M\u00ednimo<br \/>\n400 W m\u00e1x.<br \/>\nIluminaci\u00f3n LED 3V\/1W\/SOS\/luz intermitente<br \/>\nCapacidad de la bater\u00eda 11,1 V 30 Ah\/33600 mAh\/326 Wh<\/p>","protected":false},"featured_media":3561,"template":"","meta":{"_seopress_robots_primary_cat":"none","_seopress_titles_title":"Mylion mp300w Backup power supply, Portable Solar Power backup battery,12v Lithium Ion Battery Power Supply ","_seopress_titles_desc":"Mylion MU300W Backup Solar power supply lithium battery backup 220V 12V 5V\r\n","_seopress_robots_index":"","site-sidebar-layout":"default","site-content-layout":"default","ast-site-content-layout":"default","site-content-style":"default","site-sidebar-style":"default","ast-global-header-display":"","ast-banner-title-visibility":"","ast-main-header-display":"","ast-hfb-above-header-display":"","ast-hfb-below-header-display":"","ast-hfb-mobile-header-display":"","site-post-title":"","ast-breadcrumbs-content":"","ast-featured-img":"","footer-sml-layout":"","theme-transparent-header-meta":"default","adv-header-id-meta":"","stick-header-meta":"","header-above-stick-meta":"","header-main-stick-meta":"","header-below-stick-meta":"","astra-migrate-meta-layouts":"default","ast-page-background-enabled":"default","ast-page-background-meta":{"desktop":{"background-color":"","background-image":"","background-repeat":"repeat","background-position":"center center","background-size":"auto","background-attachment":"scroll","background-type":"","background-media":"","overlay-type":"","overlay-color":"","overlay-opacity":"","overlay-gradient":""},"tablet":{"background-color":"","background-image":"","background-repeat":"repeat","background-position":"center center","background-size":"auto","background-attachment":"scroll","background-type":"","background-media":"","overlay-type":"","overlay-color":"","overlay-opacity":"","overlay-gradient":""},"mobile":{"background-color":"","background-image":"","background-repeat":"repeat","background-position":"center center","background-size":"auto","background-attachment":"scroll","background-type":"","background-media":"","overlay-type":"","overlay-color":"","overlay-opacity":"","overlay-gradient":""}},"ast-content-background-meta":{"desktop":{"background-color":"var(--ast-global-color-5)","background-image":"","background-repeat":"repeat","background-position":"center center","background-size":"auto","background-attachment":"scroll","background-type":"","background-media":"","overlay-type":"","overlay-color":"","overlay-opacity":"","overlay-gradient":""},"tablet":{"background-color":"var(--ast-global-color-5)","background-image":"","background-repeat":"repeat","background-position":"center center","background-size":"auto","background-attachment":"scroll","background-type":"","background-media":"","overlay-type":"","overlay-color":"","overlay-opacity":"","overlay-gradient":""},"mobile":{"background-color":"var(--ast-global-color-5)","background-image":"","background-repeat":"repeat","background-position":"center center","background-size":"auto","background-attachment":"scroll","background-type":"","background-media":"","overlay-type":"","overlay-color":"","overlay-opacity":"","overlay-gradient":""}}},"product_brand":[],"product_cat":[5],"product_tag":[160,159,55,97],"class_list":{"0":"post-3558","1":"product","2":"type-product","3":"status-publish","4":"has-post-thumbnail","6":"product_cat-multi-function-powerbank-portable-battery-portable-power-supply-backup","7":"product_tag-12v-battery-backup","8":"product_tag-220v-battery-backup","9":"product_tag-battery-backup","10":"product_tag-power-supply","11":"desktop-align-left","12":"tablet-align-left","13":"mobile-align-left","15":"first","16":"instock","17":"shipping-taxable","18":"product-type-simple"},"_links":{"self":[{"href":"https:\/\/ygspower.com\/es\/wp-json\/wp\/v2\/product\/3558","targetHints":{"allow":["GET"]}}],"collection":[{"href":"https:\/\/ygspower.com\/es\/wp-json\/wp\/v2\/product"}],"about":[{"href":"https:\/\/ygspower.com\/es\/wp-json\/wp\/v2\/types\/product"}],"version-history":[{"count":0,"href":"https:\/\/ygspower.com\/es\/wp-json\/wp\/v2\/product\/3558\/revisions"}],"wp:featuredmedia":[{"embeddable":true,"href":"https:\/\/ygspower.com\/es\/wp-json\/wp\/v2\/media\/3561"}],"wp:attachment":[{"href":"https:\/\/ygspower.com\/es\/wp-json\/wp\/v2\/media?parent=3558"}],"wp:term":[{"taxonomy":"product_brand","embeddable":true,"href":"https:\/\/ygspower.com\/es\/wp-json\/wp\/v2\/product_brand?post=3558"},{"taxonomy":"product_cat","embeddable":true,"href":"https:\/\/ygspower.com\/es\/wp-json\/wp\/v2\/product_cat?post=3558"},{"taxonomy":"product_tag","embeddable":true,"href":"https:\/\/ygspower.com\/es\/wp-json\/wp\/v2\/product_tag?post=3558"}],"curies":[{"name":"wp","href":"https:\/\/api.w.org\/{rel}","templated":true}]}}