{"id":4835,"date":"2021-11-27T10:13:12","date_gmt":"2021-11-27T02:13:12","guid":{"rendered":"https:\/\/darksalmon-dugong-512221.hostingersite.com\/?post_type=product&#038;p=4835"},"modified":"2021-12-01T11:49:49","modified_gmt":"2021-12-01T03:49:49","slug":"mylion-5v-2a-portable-power-bank-mpw922-fast-wireless-charge","status":"publish","type":"product","link":"https:\/\/ygspower.com\/es\/producto\/mylion-5v-2a-portable-power-bank-mpw922-fast-wireless-charge\/","title":{"rendered":"Banco de energ\u00eda port\u00e1til Mylion 12V 2A MPW922 Carga inal\u00e1mbrica r\u00e1pida"},"content":{"rendered":"<p><img fetchpriority=\"high\" decoding=\"async\" class=\"size-full wp-image-4845 aligncenter\" src=\"http:\/\/ygspower.com\/wp-content\/uploads\/2021\/11\/wireless-power-bank-1-1.jpg\" alt=\"\" width=\"750\" height=\"328\" srcset=\"https:\/\/ygspower.com\/wp-content\/uploads\/2021\/11\/wireless-power-bank-1-1.jpg 750w, https:\/\/ygspower.com\/wp-content\/uploads\/2021\/11\/wireless-power-bank-1-1-600x262.jpg 600w, https:\/\/ygspower.com\/wp-content\/uploads\/2021\/11\/wireless-power-bank-1-1-300x131.jpg 300w\" sizes=\"(max-width: 750px) 100vw, 750px\" \/><\/p>\n<table width=\"848\">\n<tbody>\n<tr>\n<td width=\"184\">Nombre del estilo<\/td>\n<td width=\"664\">MPW922<\/td>\n<\/tr>\n<tr>\n<td>Funci\u00f3n<\/td>\n<td>Carga inal\u00e1mbrica r\u00e1pida de 15 W, USB de 5 V, salida de CC de 9 V y 12 V, bater\u00eda de litio port\u00e1til de respaldo, banco de energ\u00eda<\/td>\n<\/tr>\n<tr>\n<td>Corriente de salida<\/td>\n<td>2A<\/td>\n<\/tr>\n<tr>\n<td>Potencia de salida<\/td>\n<td>74 Wh\/20 000 mAh<\/td>\n<\/tr>\n<tr>\n<td>Cargador inal\u00e1mbrico de energ\u00eda<\/td>\n<td>15W el cargador inal\u00e1mbrico m\u00e1s r\u00e1pido del mercado actual<\/td>\n<\/tr>\n<tr>\n<td>Tiempo de carga inal\u00e1mbrica r\u00e1pido<\/td>\n<td>Carga completamente el iPhone 12 en 40 minutos.<\/td>\n<\/tr>\n<tr>\n<td rowspan=\"3\">Tiempo de funcionamiento de la bater\u00eda<\/td>\n<td>Salida 12 V 0,5 A (6 W): aprox. 12,5 horas<\/td>\n<\/tr>\n<tr>\n<td>Salida 12 V 1,0 A (12 W): aproximadamente 6 horas<\/td>\n<\/tr>\n<tr>\n<td>Salida USB de 5 V: carga la aplicaci\u00f3n iPhone 12 de 7 a 8 veces, la aplicaci\u00f3n Huawei Pro 40 de 6 a 7 veces<\/td>\n<\/tr>\n<tr>\n<td>12 V (ENTRADA Y SALIDA) 1<\/td>\n<td>12 V CC 5,5 \u00d7 2,1 Negro<\/td>\n<\/tr>\n<tr>\n<td>12 V (ENTRADA Y SALIDA) 2<\/td>\n<td>12 V CC 5,5 \u00d7 2,5 Amarillo<\/td>\n<\/tr>\n<tr>\n<td>Puerto de descarga (OUT)3<\/td>\n<td>USB de 5 V<\/td>\n<\/tr>\n<tr>\n<td>Voltaje de entrada<\/td>\n<td>12,6 V CC<\/td>\n<\/tr>\n<tr>\n<td>Corriente de entrada<\/td>\n<td>DC1A<\/td>\n<\/tr>\n<tr>\n<td>Color de la caja<\/td>\n<td>Negro<\/td>\n<\/tr>\n<tr>\n<td>Dimensiones de la caja<\/td>\n<td>138 x 84 x 42 mm<\/td>\n<\/tr>\n<tr>\n<td>Peso<\/td>\n<td>580 gramos<\/td>\n<\/tr>\n<tr>\n<td>Cable de transferencia<\/td>\n<td>AWG#20 50 cm de longitud, DC5.5\u00d72.1 negro y DC.5.5\u00d72.5 amarillo<\/td>\n<\/tr>\n<tr>\n<td>Cargo (oferta gratuita)<\/td>\n<td>Cargador 12,6 V 1 A<\/td>\n<\/tr>\n<tr>\n<td>Marca de celda de bater\u00eda<\/td>\n<td>Celular de marca china o celular japon\u00e9s de Corea<\/td>\n<\/tr>\n<tr>\n<td>Certificaci\u00f3n de celdas de bater\u00eda<\/td>\n<td>CB, UN38.3, BIS, KC, MSDS, ROHS, CQC, CEM<\/td>\n<\/tr>\n<tr>\n<td>Protecci\u00f3n de la bater\u00eda<\/td>\n<td width=\"664\">Protecci\u00f3n de temperatura, sobrecarga y descarga, sobrecorriente, cortocircuito.<\/td>\n<\/tr>\n<tr>\n<td>Ciclo de vida<\/td>\n<td>Capacidad est\u00e1ndar de carga y descarga \u226580%, ciclo de vida \u2265600 veces<\/td>\n<\/tr>\n<tr>\n<td>Solicitud<\/td>\n<td width=\"664\">iPhone, tel\u00e9fono inteligente, tel\u00e9fono inteligente Huawei, luz LED, tira de LED, seguridad, c\u00e1mara, hogar inteligente, camping, altavoz, productos el\u00e9ctricos de 12 V<\/td>\n<\/tr>\n<tr>\n<td>Paquete<\/td>\n<td>10 piezas en una caja (36 x 21 x 30 cm), aproximadamente 9 kg\/caja<\/td>\n<\/tr>\n<tr>\n<td>Garant\u00eda<\/td>\n<td>12 meses<\/td>\n<\/tr>\n<\/tbody>\n<\/table>\n<p><img decoding=\"async\" class=\"size-full wp-image-4846 aligncenter\" src=\"http:\/\/ygspower.com\/wp-content\/uploads\/2021\/11\/wireless-power-bank-2-1.jpg\" alt=\"\" width=\"750\" height=\"939\" srcset=\"https:\/\/ygspower.com\/wp-content\/uploads\/2021\/11\/wireless-power-bank-2-1.jpg 750w, https:\/\/ygspower.com\/wp-content\/uploads\/2021\/11\/wireless-power-bank-2-1-600x751.jpg 600w, https:\/\/ygspower.com\/wp-content\/uploads\/2021\/11\/wireless-power-bank-2-1-240x300.jpg 240w\" sizes=\"(max-width: 750px) 100vw, 750px\" \/> <img decoding=\"async\" class=\"size-full wp-image-4847 aligncenter\" src=\"http:\/\/ygspower.com\/wp-content\/uploads\/2021\/11\/wireless-power-bank-3-1.jpg\" alt=\"\" width=\"750\" height=\"1769\" srcset=\"https:\/\/ygspower.com\/wp-content\/uploads\/2021\/11\/wireless-power-bank-3-1.jpg 750w, https:\/\/ygspower.com\/wp-content\/uploads\/2021\/11\/wireless-power-bank-3-1-600x1415.jpg 600w, https:\/\/ygspower.com\/wp-content\/uploads\/2021\/11\/wireless-power-bank-3-1-127x300.jpg 127w, https:\/\/ygspower.com\/wp-content\/uploads\/2021\/11\/wireless-power-bank-3-1-434x1024.jpg 434w, https:\/\/ygspower.com\/wp-content\/uploads\/2021\/11\/wireless-power-bank-3-1-651x1536.jpg 651w\" sizes=\"(max-width: 750px) 100vw, 750px\" \/> <img loading=\"lazy\" decoding=\"async\" class=\"size-full wp-image-4848 aligncenter\" src=\"http:\/\/ygspower.com\/wp-content\/uploads\/2021\/11\/wireless-power-bank-4-1.jpg\" alt=\"\" width=\"750\" height=\"2174\" srcset=\"https:\/\/ygspower.com\/wp-content\/uploads\/2021\/11\/wireless-power-bank-4-1.jpg 750w, https:\/\/ygspower.com\/wp-content\/uploads\/2021\/11\/wireless-power-bank-4-1-600x1739.jpg 600w, https:\/\/ygspower.com\/wp-content\/uploads\/2021\/11\/wireless-power-bank-4-1-103x300.jpg 103w, https:\/\/ygspower.com\/wp-content\/uploads\/2021\/11\/wireless-power-bank-4-1-353x1024.jpg 353w, https:\/\/ygspower.com\/wp-content\/uploads\/2021\/11\/wireless-power-bank-4-1-530x1536.jpg 530w, https:\/\/ygspower.com\/wp-content\/uploads\/2021\/11\/wireless-power-bank-4-1-707x2048.jpg 707w\" sizes=\"(max-width: 750px) 100vw, 750px\" \/> <img loading=\"lazy\" decoding=\"async\" class=\"size-full wp-image-4849 aligncenter\" src=\"http:\/\/ygspower.com\/wp-content\/uploads\/2021\/11\/wireless-power-bank-5-1.jpg\" alt=\"\" width=\"750\" height=\"1615\" srcset=\"https:\/\/ygspower.com\/wp-content\/uploads\/2021\/11\/wireless-power-bank-5-1.jpg 750w, https:\/\/ygspower.com\/wp-content\/uploads\/2021\/11\/wireless-power-bank-5-1-600x1292.jpg 600w, https:\/\/ygspower.com\/wp-content\/uploads\/2021\/11\/wireless-power-bank-5-1-139x300.jpg 139w, https:\/\/ygspower.com\/wp-content\/uploads\/2021\/11\/wireless-power-bank-5-1-476x1024.jpg 476w, https:\/\/ygspower.com\/wp-content\/uploads\/2021\/11\/wireless-power-bank-5-1-713x1536.jpg 713w\" sizes=\"(max-width: 750px) 100vw, 750px\" \/> <img loading=\"lazy\" decoding=\"async\" class=\"size-full wp-image-4850 aligncenter\" src=\"http:\/\/ygspower.com\/wp-content\/uploads\/2021\/11\/wireless-power-bank-6-1-scaled.jpg\" alt=\"\" width=\"675\" height=\"2560\" srcset=\"https:\/\/ygspower.com\/wp-content\/uploads\/2021\/11\/wireless-power-bank-6-1-scaled.jpg 675w, https:\/\/ygspower.com\/wp-content\/uploads\/2021\/11\/wireless-power-bank-6-1-600x2277.jpg 600w, https:\/\/ygspower.com\/wp-content\/uploads\/2021\/11\/wireless-power-bank-6-1-79x300.jpg 79w, https:\/\/ygspower.com\/wp-content\/uploads\/2021\/11\/wireless-power-bank-6-1-270x1024.jpg 270w, https:\/\/ygspower.com\/wp-content\/uploads\/2021\/11\/wireless-power-bank-6-1-405x1536.jpg 405w, https:\/\/ygspower.com\/wp-content\/uploads\/2021\/11\/wireless-power-bank-6-1-540x2048.jpg 540w\" sizes=\"(max-width: 675px) 100vw, 675px\" \/> <img loading=\"lazy\" decoding=\"async\" class=\"size-full wp-image-4851 aligncenter\" src=\"http:\/\/ygspower.com\/wp-content\/uploads\/2021\/11\/wireless-power-bank-7-1.jpg\" alt=\"\" width=\"750\" height=\"2298\" srcset=\"https:\/\/ygspower.com\/wp-content\/uploads\/2021\/11\/wireless-power-bank-7-1.jpg 750w, https:\/\/ygspower.com\/wp-content\/uploads\/2021\/11\/wireless-power-bank-7-1-600x1838.jpg 600w, https:\/\/ygspower.com\/wp-content\/uploads\/2021\/11\/wireless-power-bank-7-1-98x300.jpg 98w, https:\/\/ygspower.com\/wp-content\/uploads\/2021\/11\/wireless-power-bank-7-1-334x1024.jpg 334w, https:\/\/ygspower.com\/wp-content\/uploads\/2021\/11\/wireless-power-bank-7-1-501x1536.jpg 501w, https:\/\/ygspower.com\/wp-content\/uploads\/2021\/11\/wireless-power-bank-7-1-668x2048.jpg 668w\" sizes=\"(max-width: 750px) 100vw, 750px\" \/> <img loading=\"lazy\" decoding=\"async\" class=\"size-full wp-image-4852 aligncenter\" src=\"http:\/\/ygspower.com\/wp-content\/uploads\/2021\/11\/wireless-power-bank-8-1.jpg\" alt=\"\" width=\"750\" height=\"2055\" srcset=\"https:\/\/ygspower.com\/wp-content\/uploads\/2021\/11\/wireless-power-bank-8-1.jpg 750w, https:\/\/ygspower.com\/wp-content\/uploads\/2021\/11\/wireless-power-bank-8-1-600x1644.jpg 600w, https:\/\/ygspower.com\/wp-content\/uploads\/2021\/11\/wireless-power-bank-8-1-109x300.jpg 109w, https:\/\/ygspower.com\/wp-content\/uploads\/2021\/11\/wireless-power-bank-8-1-374x1024.jpg 374w, https:\/\/ygspower.com\/wp-content\/uploads\/2021\/11\/wireless-power-bank-8-1-561x1536.jpg 561w, https:\/\/ygspower.com\/wp-content\/uploads\/2021\/11\/wireless-power-bank-8-1-747x2048.jpg 747w\" sizes=\"(max-width: 750px) 100vw, 750px\" \/><\/p>","protected":false},"excerpt":{"rendered":"<ul class=\"ul1\">\n<li class=\"li2\">Tipo: MPW922<\/li>\n<li class=\"li2\">Nombre del producto: Banco de energ\u00eda inal\u00e1mbrico r\u00e1pido de 12 V y 15 W<\/li>\n<li>Capacidad de la bater\u00eda: 12 V 6600 mAh\/5 V 20 000 mAh<\/li>\n<li class=\"li2\">Certificaci\u00f3n: CB, UN38.3, BIS, KC, MSDS, ROHS, CQC, EMC<\/li>\n<li class=\"li2\">Aplicaci\u00f3n: LED, tel\u00e9fono celular, c\u00e1mara, acceso a puertas, huella dactilar, bomba de 12 V, pesca, campamento<\/li>\n<li>Caracter\u00edstica: banco de energ\u00eda inal\u00e1mbrico peque\u00f1o, de alta potencia, 15 W, salida de 12 V CC<\/li>\n<li class=\"li2\">Ventaja: multifunci\u00f3n, tama\u00f1o peque\u00f1o, gran capacidad, port\u00e1til, carga inal\u00e1mbrica.<\/li>\n<li>Funci\u00f3n: Pantalla LED, carga inal\u00e1mbrica r\u00e1pida, salida USB multifunci\u00f3n de 5 V y 12 CC.<\/li>\n<li>Accesorios: cargador gratuito y cable de transferencia<\/li>\n<\/ul>","protected":false},"featured_media":4838,"template":"","meta":{"_seopress_robots_primary_cat":"none","_seopress_titles_title":"Mylion 12V 2A Portable Power Bank MPW922 Fast Wireless Charge","_seopress_titles_desc":"Mylion 12V 2A Portable Power Bank MPW922 Fast Wireless Charge, power bank, fast wireless charge, portable power abnk, led lighting, camping","_seopress_robots_index":"","site-sidebar-layout":"default","site-content-layout":"default","ast-site-content-layout":"default","site-content-style":"default","site-sidebar-style":"default","ast-global-header-display":"","ast-banner-title-visibility":"","ast-main-header-display":"","ast-hfb-above-header-display":"","ast-hfb-below-header-display":"","ast-hfb-mobile-header-display":"","site-post-title":"","ast-breadcrumbs-content":"","ast-featured-img":"","footer-sml-layout":"","theme-transparent-header-meta":"default","adv-header-id-meta":"","stick-header-meta":"","header-above-stick-meta":"","header-main-stick-meta":"","header-below-stick-meta":"","astra-migrate-meta-layouts":"default","ast-page-background-enabled":"default","ast-page-background-meta":{"desktop":{"background-color":"","background-image":"","background-repeat":"repeat","background-position":"center center","background-size":"auto","background-attachment":"scroll","background-type":"","background-media":"","overlay-type":"","overlay-color":"","overlay-opacity":"","overlay-gradient":""},"tablet":{"background-color":"","background-image":"","background-repeat":"repeat","background-position":"center center","background-size":"auto","background-attachment":"scroll","background-type":"","background-media":"","overlay-type":"","overlay-color":"","overlay-opacity":"","overlay-gradient":""},"mobile":{"background-color":"","background-image":"","background-repeat":"repeat","background-position":"center center","background-size":"auto","background-attachment":"scroll","background-type":"","background-media":"","overlay-type":"","overlay-color":"","overlay-opacity":"","overlay-gradient":""}},"ast-content-background-meta":{"desktop":{"background-color":"var(--ast-global-color-5)","background-image":"","background-repeat":"repeat","background-position":"center center","background-size":"auto","background-attachment":"scroll","background-type":"","background-media":"","overlay-type":"","overlay-color":"","overlay-opacity":"","overlay-gradient":""},"tablet":{"background-color":"var(--ast-global-color-5)","background-image":"","background-repeat":"repeat","background-position":"center center","background-size":"auto","background-attachment":"scroll","background-type":"","background-media":"","overlay-type":"","overlay-color":"","overlay-opacity":"","overlay-gradient":""},"mobile":{"background-color":"var(--ast-global-color-5)","background-image":"","background-repeat":"repeat","background-position":"center center","background-size":"auto","background-attachment":"scroll","background-type":"","background-media":"","overlay-type":"","overlay-color":"","overlay-opacity":"","overlay-gradient":""}}},"product_brand":[],"product_cat":[5],"product_tag":[228,55,231,199,230,200,229,198],"class_list":{"0":"post-4835","1":"product","2":"type-product","3":"status-publish","4":"has-post-thumbnail","6":"product_cat-multi-function-powerbank-portable-battery-portable-power-supply-backup","7":"product_tag-12v-2a-power-bank","8":"product_tag-battery-backup","9":"product_tag-camping","10":"product_tag-fast-wireless-charge","11":"product_tag-led-lighting","12":"product_tag-mlion","13":"product_tag-portable-power-abnk","14":"product_tag-power-bank","15":"desktop-align-left","16":"tablet-align-left","17":"mobile-align-left","19":"first","20":"instock","21":"shipping-taxable","22":"product-type-simple"},"_links":{"self":[{"href":"https:\/\/ygspower.com\/es\/wp-json\/wp\/v2\/product\/4835","targetHints":{"allow":["GET"]}}],"collection":[{"href":"https:\/\/ygspower.com\/es\/wp-json\/wp\/v2\/product"}],"about":[{"href":"https:\/\/ygspower.com\/es\/wp-json\/wp\/v2\/types\/product"}],"version-history":[{"count":0,"href":"https:\/\/ygspower.com\/es\/wp-json\/wp\/v2\/product\/4835\/revisions"}],"wp:featuredmedia":[{"embeddable":true,"href":"https:\/\/ygspower.com\/es\/wp-json\/wp\/v2\/media\/4838"}],"wp:attachment":[{"href":"https:\/\/ygspower.com\/es\/wp-json\/wp\/v2\/media?parent=4835"}],"wp:term":[{"taxonomy":"product_brand","embeddable":true,"href":"https:\/\/ygspower.com\/es\/wp-json\/wp\/v2\/product_brand?post=4835"},{"taxonomy":"product_cat","embeddable":true,"href":"https:\/\/ygspower.com\/es\/wp-json\/wp\/v2\/product_cat?post=4835"},{"taxonomy":"product_tag","embeddable":true,"href":"https:\/\/ygspower.com\/es\/wp-json\/wp\/v2\/product_tag?post=4835"}],"curies":[{"name":"wp","href":"https:\/\/api.w.org\/{rel}","templated":true}]}}