{"id":5140,"date":"2021-11-27T16:49:00","date_gmt":"2021-11-27T08:49:00","guid":{"rendered":"https:\/\/darksalmon-dugong-512221.hostingersite.com\/?post_type=product&#038;p=5140"},"modified":"2021-12-01T11:12:07","modified_gmt":"2021-12-01T03:12:07","slug":"mylion-14-8v-2600mah-lithium-battery-pack","status":"publish","type":"product","link":"https:\/\/ygspower.com\/es\/producto\/mylion-14-8v-2600mah-lithium-battery-pack\/","title":{"rendered":"Bater\u00eda de litio Mylion de 14,8 V y 2600 mAh"},"content":{"rendered":"<p><img fetchpriority=\"high\" decoding=\"async\" class=\"wp-image-5142 aligncenter\" src=\"http:\/\/ygspower.com\/wp-content\/uploads\/2021\/11\/14.8v-2600mah-1.jpg\" alt=\"\" width=\"463\" height=\"463\" srcset=\"https:\/\/ygspower.com\/wp-content\/uploads\/2021\/11\/14.8v-2600mah-1.jpg 750w, https:\/\/ygspower.com\/wp-content\/uploads\/2021\/11\/14.8v-2600mah-1-300x300.jpg 300w, https:\/\/ygspower.com\/wp-content\/uploads\/2021\/11\/14.8v-2600mah-1-100x100.jpg 100w, https:\/\/ygspower.com\/wp-content\/uploads\/2021\/11\/14.8v-2600mah-1-600x600.jpg 600w, https:\/\/ygspower.com\/wp-content\/uploads\/2021\/11\/14.8v-2600mah-1-150x150.jpg 150w\" sizes=\"(max-width: 463px) 100vw, 463px\" \/><\/p>\n<table style=\"border-collapse: collapse;width: 1352px;height: 1080px\" border=\"0\" width=\"892\" cellspacing=\"0\" cellpadding=\"0\">\n<tbody>\n<tr style=\"height: 18.00pt\">\n<td class=\"et4\" style=\"height: 18.00pt;width: 230.00pt\" width=\"306\" height=\"24\">Nombre del producto<\/td>\n<td class=\"et5\" style=\"width: 439.00pt\" width=\"585\">Paquete de bater\u00eda de iones de litio<\/td>\n<\/tr>\n<tr style=\"height: 18.00pt\">\n<td class=\"et4\" style=\"height: 18.00pt\" height=\"24\">Nombre del estilo<\/td>\n<td class=\"et4\">14,8 V 2600 mAh<\/td>\n<\/tr>\n<tr style=\"height: 18.00pt\">\n<td class=\"et4\" style=\"height: 18.00pt\" height=\"24\">Capacidad normal<\/td>\n<td class=\"et8\">2600 mAh<\/td>\n<\/tr>\n<tr style=\"height: 18.00pt\">\n<td class=\"et4\" style=\"height: 18.00pt\" height=\"24\">Voltaje nominal<\/td>\n<td class=\"et8\">14,8 V<\/td>\n<\/tr>\n<tr style=\"height: 18.00pt\">\n<td class=\"et4\" style=\"height: 18.00pt\" height=\"24\">Voltaje m\u00e1ximo de carga<\/td>\n<td class=\"et8\">16,8 V<\/td>\n<\/tr>\n<tr style=\"height: 18.00pt\">\n<td class=\"et4\" style=\"height: 18.00pt\" height=\"24\">Tensi\u00f3n de descarga de corte<\/td>\n<td class=\"et8\">12 V<\/td>\n<\/tr>\n<tr style=\"height: 18.00pt\">\n<td class=\"et4\" style=\"height: 18.00pt\" height=\"24\">Corriente m\u00e1xima de descarga continua<\/td>\n<td class=\"et8\">1-2A<\/td>\n<\/tr>\n<tr style=\"height: 18.00pt\">\n<td class=\"et4\" style=\"height: 18.00pt\" height=\"24\">Corriente de carga<\/td>\n<td class=\"et8\">1-2A<\/td>\n<\/tr>\n<tr style=\"height: 18.00pt\">\n<td class=\"et4\" style=\"height: 18.00pt\" height=\"24\">Potencia de salida<\/td>\n<td class=\"et8\">38,48 W<\/td>\n<\/tr>\n<tr style=\"height: 18.00pt\">\n<td class=\"et9\" style=\"height: 36.00pt;border-bottom: .5pt solid #000000\" rowspan=\"2\" height=\"48\">Tiempo de trabajo<\/td>\n<td class=\"et10\">Salida 14,8 V 0,5 A (7,4 W): aprox. 5,2 horas<\/td>\n<\/tr>\n<tr style=\"height: 18.00pt\">\n<td class=\"et10\">Salida 14,8 V 1,0 A (14,8 W): aprox. 2,6 horas<\/td>\n<\/tr>\n<tr style=\"height: 18.00pt\">\n<td class=\"et4\" style=\"height: 18.00pt\" height=\"24\">Puerto de carga (IN)<\/td>\n<td class=\"et12\" style=\"border-bottom: .5pt solid #000000\" rowspan=\"2\">Enchufe en T y DC.2,5\u00d75,5 o enchufe seleccionado<\/td>\n<\/tr>\n<tr style=\"height: 18.00pt\">\n<td class=\"et4\" style=\"height: 18.00pt\" height=\"24\">Puerto de descarga (OUT)<\/td>\n<\/tr>\n<tr style=\"height: 18.00pt\">\n<td class=\"et4\" style=\"height: 18.00pt\" height=\"24\">Color de PVC<\/td>\n<td class=\"et14\">Azul<\/td>\n<\/tr>\n<tr style=\"height: 18.00pt\">\n<td class=\"et4\" style=\"height: 18.00pt\" height=\"24\">Dimensiones de la bater\u00eda (mm)<\/td>\n<td class=\"et15\">72x67x18<\/td>\n<\/tr>\n<tr style=\"height: 18.00pt\">\n<td class=\"et4\" style=\"height: 18.00pt\" height=\"24\">Peso<\/td>\n<td class=\"et8\">Aprox.180g<\/td>\n<\/tr>\n<tr style=\"height: 18.00pt\">\n<td class=\"et16\" style=\"height: 18.00pt\" height=\"24\">Marca de celda de bater\u00eda<\/td>\n<td class=\"et10\">Celular de marca china (o celular Samsung LG Sony Sanyo Panasonic)<\/td>\n<\/tr>\n<tr style=\"height: 18.00pt\">\n<td class=\"et16\" style=\"height: 18.00pt\" height=\"24\">Certificaci\u00f3n de celdas de bater\u00eda<\/td>\n<td class=\"et10\">Certificados CB, CE, UL, UN38.3, BIS, KC, MSDS, ROHS, CQC, SGS, EMC<\/td>\n<\/tr>\n<tr style=\"height: 18.00pt\">\n<td class=\"et16\" style=\"height: 18.00pt\" height=\"24\">Protecci\u00f3n de la bater\u00eda<\/td>\n<td class=\"et10\">Sobrecarga y descarga, sobrecorriente, cortocircuito.<\/td>\n<\/tr>\n<tr style=\"height: 18.00pt\">\n<td class=\"et16\" style=\"height: 18.00pt\" height=\"24\">Ciclo de vida<\/td>\n<td class=\"et10\">Capacidad est\u00e1ndar de carga y descarga \u226580% C5mAh, ciclo de vida \u2265600<\/td>\n<\/tr>\n<tr style=\"height: 54.00pt\">\n<td class=\"et16\" style=\"height: 54.00pt\" height=\"72\">Solicitud<\/td>\n<td class=\"et17\" style=\"width: 439.00pt\" width=\"585\">Pulverizador de jard\u00edn, instrumento m\u00e9dico, aspiradora inteligente, instrumento para exteriores, control de puertas, LED solar, reemplazo de bater\u00eda de plomo \u00e1cido de 12 V, etc.<\/td>\n<\/tr>\n<tr style=\"height: 18.00pt\">\n<td class=\"et16\" style=\"height: 18.00pt\" height=\"24\">Paquete<\/td>\n<td class=\"et10\">40 piezas en una caja (15 x 29 x 37 cm), aproximadamente 8,2 kg\/caja<\/td>\n<\/tr>\n<tr style=\"height: 18.00pt\">\n<td class=\"et16\" style=\"height: 18.00pt\" height=\"24\">Garant\u00eda<\/td>\n<td class=\"et10\">12 meses<\/td>\n<\/tr>\n<\/tbody>\n<\/table>","protected":false},"excerpt":{"rendered":"<p>Nombre del producto: Paquete de bater\u00eda de iones de litio<\/p>\n<p>Nombre del estilo: 14,8 V 2600 mAh<\/p>\n<p>Capacidad normal: 2600mAh<\/p>\n<p>Voltaje nominal: 14,8 V<\/p>\n<p>Corriente m\u00e1xima de descarga continua: 1-2 A<\/p>\n<p>Corriente de carga: 1-2A<\/p>\n<p>Potencia de salida: 38,48 W<\/p>\n<p>Peso: aprox.: 180 g<\/p>\n<p>Protecci\u00f3n de la bater\u00eda: sobrecarga y descarga, sobrecorriente, cortocircuito.<\/p>\n<p>Aplicaci\u00f3n: luz LED\/tira de LED\/linterna\/productos el\u00e9ctricos port\u00e1tiles, etc.<\/p>\n<p>Garant\u00eda: 12 meses<\/p>","protected":false},"featured_media":5143,"template":"","meta":{"_seopress_robots_primary_cat":"","_seopress_titles_title":"Mylion 14.8v 2600mah lithium battery pack","_seopress_titles_desc":"Mylion 14.8v 2600mah lithium battery pack, Lithium battery pack, Mylion, 18650 14.8v 2600mah, Lithium battery ","_seopress_robots_index":"","site-sidebar-layout":"default","site-content-layout":"default","ast-site-content-layout":"default","site-content-style":"default","site-sidebar-style":"default","ast-global-header-display":"","ast-banner-title-visibility":"","ast-main-header-display":"","ast-hfb-above-header-display":"","ast-hfb-below-header-display":"","ast-hfb-mobile-header-display":"","site-post-title":"","ast-breadcrumbs-content":"","ast-featured-img":"","footer-sml-layout":"","theme-transparent-header-meta":"default","adv-header-id-meta":"","stick-header-meta":"","header-above-stick-meta":"","header-main-stick-meta":"","header-below-stick-meta":"","astra-migrate-meta-layouts":"default","ast-page-background-enabled":"default","ast-page-background-meta":{"desktop":{"background-color":"","background-image":"","background-repeat":"repeat","background-position":"center center","background-size":"auto","background-attachment":"scroll","background-type":"","background-media":"","overlay-type":"","overlay-color":"","overlay-opacity":"","overlay-gradient":""},"tablet":{"background-color":"","background-image":"","background-repeat":"repeat","background-position":"center center","background-size":"auto","background-attachment":"scroll","background-type":"","background-media":"","overlay-type":"","overlay-color":"","overlay-opacity":"","overlay-gradient":""},"mobile":{"background-color":"","background-image":"","background-repeat":"repeat","background-position":"center center","background-size":"auto","background-attachment":"scroll","background-type":"","background-media":"","overlay-type":"","overlay-color":"","overlay-opacity":"","overlay-gradient":""}},"ast-content-background-meta":{"desktop":{"background-color":"var(--ast-global-color-5)","background-image":"","background-repeat":"repeat","background-position":"center center","background-size":"auto","background-attachment":"scroll","background-type":"","background-media":"","overlay-type":"","overlay-color":"","overlay-opacity":"","overlay-gradient":""},"tablet":{"background-color":"var(--ast-global-color-5)","background-image":"","background-repeat":"repeat","background-position":"center center","background-size":"auto","background-attachment":"scroll","background-type":"","background-media":"","overlay-type":"","overlay-color":"","overlay-opacity":"","overlay-gradient":""},"mobile":{"background-color":"var(--ast-global-color-5)","background-image":"","background-repeat":"repeat","background-position":"center center","background-size":"auto","background-attachment":"scroll","background-type":"","background-media":"","overlay-type":"","overlay-color":"","overlay-opacity":"","overlay-gradient":""}}},"product_brand":[],"product_cat":[23],"product_tag":[221,181,202,74],"class_list":{"0":"post-5140","1":"product","2":"type-product","3":"status-publish","4":"has-post-thumbnail","6":"product_cat-customized-lithium-battery","7":"product_tag-18650-14-8v-2600mah","8":"product_tag-lithium-battery","9":"product_tag-lithium-battery-pack","10":"product_tag-mylion","11":"desktop-align-left","12":"tablet-align-left","13":"mobile-align-left","15":"first","16":"instock","17":"shipping-taxable","18":"product-type-simple"},"_links":{"self":[{"href":"https:\/\/ygspower.com\/es\/wp-json\/wp\/v2\/product\/5140","targetHints":{"allow":["GET"]}}],"collection":[{"href":"https:\/\/ygspower.com\/es\/wp-json\/wp\/v2\/product"}],"about":[{"href":"https:\/\/ygspower.com\/es\/wp-json\/wp\/v2\/types\/product"}],"version-history":[{"count":0,"href":"https:\/\/ygspower.com\/es\/wp-json\/wp\/v2\/product\/5140\/revisions"}],"wp:featuredmedia":[{"embeddable":true,"href":"https:\/\/ygspower.com\/es\/wp-json\/wp\/v2\/media\/5143"}],"wp:attachment":[{"href":"https:\/\/ygspower.com\/es\/wp-json\/wp\/v2\/media?parent=5140"}],"wp:term":[{"taxonomy":"product_brand","embeddable":true,"href":"https:\/\/ygspower.com\/es\/wp-json\/wp\/v2\/product_brand?post=5140"},{"taxonomy":"product_cat","embeddable":true,"href":"https:\/\/ygspower.com\/es\/wp-json\/wp\/v2\/product_cat?post=5140"},{"taxonomy":"product_tag","embeddable":true,"href":"https:\/\/ygspower.com\/es\/wp-json\/wp\/v2\/product_tag?post=5140"}],"curies":[{"name":"wp","href":"https:\/\/api.w.org\/{rel}","templated":true}]}}