{"id":5602,"date":"2022-01-10T15:36:25","date_gmt":"2022-01-10T07:36:25","guid":{"rendered":"https:\/\/darksalmon-dugong-512221.hostingersite.com\/?post_type=product&#038;p=5602"},"modified":"2023-02-09T10:27:06","modified_gmt":"2023-02-09T02:27:06","slug":"mylion-12v-12a-life-po4-battery-for-garden-sprayer","status":"publish","type":"product","link":"https:\/\/ygspower.com\/es\/producto\/mylion-12v-12a-life-po4-battery-for-garden-sprayer\/","title":{"rendered":"Bater\u00eda Mylion 12V 12A LiFe PO4 para pulverizador de jard\u00edn"},"content":{"rendered":"<p>Bater\u00eda Mylion 12V 12A LiFe PO4 para pulverizador de jard\u00edn<\/p>\n<p><img fetchpriority=\"high\" decoding=\"async\" class=\"alignnone size-full wp-image-5605 aligncenter\" src=\"http:\/\/ygspower.com\/wp-content\/uploads\/2022\/01\/12v-battery-10-1.jpg\" alt=\"\" width=\"1000\" height=\"1000\" srcset=\"https:\/\/ygspower.com\/wp-content\/uploads\/2022\/01\/12v-battery-10-1.jpg 1000w, https:\/\/ygspower.com\/wp-content\/uploads\/2022\/01\/12v-battery-10-1-300x300.jpg 300w, https:\/\/ygspower.com\/wp-content\/uploads\/2022\/01\/12v-battery-10-1-100x100.jpg 100w, https:\/\/ygspower.com\/wp-content\/uploads\/2022\/01\/12v-battery-10-1-600x600.jpg 600w, https:\/\/ygspower.com\/wp-content\/uploads\/2022\/01\/12v-battery-10-1-150x150.jpg 150w, https:\/\/ygspower.com\/wp-content\/uploads\/2022\/01\/12v-battery-10-1-768x768.jpg 768w\" sizes=\"(max-width: 1000px) 100vw, 1000px\" \/><\/p>\n<table width=\"914\">\n<tbody>\n<tr>\n<td width=\"379\">Toda la informaci\u00f3n a continuaci\u00f3n es correcta y REAL.<\/td>\n<td width=\"535\"><\/td>\n<\/tr>\n<tr>\n<td>Nombre del producto<\/td>\n<td>Paquete de bater\u00eda de fosfato de hierro y litio<\/td>\n<\/tr>\n<tr>\n<td>Nombre del estilo<\/td>\n<td>MLFP12-12<\/td>\n<\/tr>\n<tr>\n<td>Tipo de bater\u00eda<\/td>\n<td>Bater\u00eda de litio PO4 de 12 V y 12 Ah<\/td>\n<\/tr>\n<tr>\n<td>Capacidad normal<\/td>\n<td>7 Ah<\/td>\n<\/tr>\n<tr>\n<td>Energ\u00eda espec\u00edfica gravim\u00e9trica<\/td>\n<td><\/td>\n<\/tr>\n<tr>\n<td>Energ\u00eda espec\u00edfica volum\u00e9trica<\/td>\n<td><\/td>\n<\/tr>\n<tr>\n<td>Dimensiones de la caja de pl\u00e1stico mm<\/td>\n<td>Largo 151 x Ancho 98 x Alto 100 mm<\/td>\n<\/tr>\n<tr>\n<td>Color<\/td>\n<td>negro<\/td>\n<\/tr>\n<tr>\n<td>Peso<\/td>\n<td>3 kilos<\/td>\n<\/tr>\n<tr>\n<td colspan=\"2\">Voltaje<\/td>\n<\/tr>\n<tr>\n<td>Tensi\u00f3n nominal<\/td>\n<td>12,8 V<\/td>\n<\/tr>\n<tr>\n<td>Tensi\u00f3n de corte de carga<\/td>\n<td>14,2 V<\/td>\n<\/tr>\n<tr>\n<td>Tensi\u00f3n de corte de descarga<\/td>\n<td>11,2 V<\/td>\n<\/tr>\n<tr>\n<td colspan=\"2\">Actual<\/td>\n<\/tr>\n<tr>\n<td>Corriente de carga m\u00e1xima<\/td>\n<td>0,5 \u00b0C 6 A<\/td>\n<\/tr>\n<tr>\n<td>Corriente m\u00e1xima de descarga<\/td>\n<td>1C 12A<\/td>\n<\/tr>\n<tr>\n<td>Corriente m\u00e1xima de descarga de impulso<\/td>\n<td>15A<\/td>\n<\/tr>\n<tr>\n<td>Corriente de carga y descarga est\u00e1ndar<\/td>\n<td>0,2 C 2,4 A<\/td>\n<\/tr>\n<tr>\n<td colspan=\"2\">Temperatura de funcionamiento<\/td>\n<\/tr>\n<tr>\n<td>Temperatura de carga<\/td>\n<td>0 \u2103-45 \u2103<\/td>\n<\/tr>\n<tr>\n<td>Temperatura de descarga<\/td>\n<td>-20\u2103-60\u2103<\/td>\n<\/tr>\n<tr>\n<td>Temperatura de almacenamiento<\/td>\n<td>-10\u2103-45\u2103<\/td>\n<\/tr>\n<tr>\n<td colspan=\"2\">Ciclo de vida<\/td>\n<\/tr>\n<tr>\n<td>80%DOD<\/td>\n<td>\u22651500 veces<\/td>\n<\/tr>\n<tr>\n<td>70%DOD(20%-90%SOC)<\/td>\n<td>\u22652000 veces<\/td>\n<\/tr>\n<tr>\n<td>-20\u2103 Velocidad de descarga a baja temperatura<\/td>\n<td>\u226570%<\/td>\n<\/tr>\n<tr>\n<td>Tasa de autodescarga (por mes)<\/td>\n<td>\u22643%\/mes<\/td>\n<\/tr>\n<tr>\n<td rowspan=\"4\">Caracter\u00edstica<\/td>\n<td>Seguro, de larga vida \u00fatil y respetuoso con el medio ambiente.<\/td>\n<\/tr>\n<tr>\n<td>Buen rendimiento a altas temperaturas.<\/td>\n<\/tr>\n<tr>\n<td>Baja resistencia interna, baja autodescarga.<\/td>\n<\/tr>\n<tr>\n<td>Alta densidad energ\u00e9tica, sin efecto memoria.<\/td>\n<\/tr>\n<tr>\n<td rowspan=\"5\">Solicitud<\/td>\n<td width=\"535\">Telecomunicaciones, sistemas de energ\u00eda solar y e\u00f3lica.<\/td>\n<\/tr>\n<tr>\n<td>Equipos de comunicaciones y el\u00e9ctricos<\/td>\n<\/tr>\n<tr>\n<td>Centrales el\u00e9ctricas, Equipos de control<\/td>\n<\/tr>\n<tr>\n<td>UPS de alta potencia\/sistema de respaldo de energ\u00eda en espera<\/td>\n<\/tr>\n<tr>\n<td>Servicios ferroviarios, equipos de iluminaci\u00f3n<\/td>\n<\/tr>\n<\/tbody>\n<\/table>\n<p><img decoding=\"async\" class=\"alignnone size-full wp-image-5606\" src=\"http:\/\/ygspower.com\/wp-content\/uploads\/2022\/01\/12v-battery-2.jpg\" alt=\"\" width=\"1000\" height=\"1000\" srcset=\"https:\/\/ygspower.com\/wp-content\/uploads\/2022\/01\/12v-battery-2.jpg 1000w, https:\/\/ygspower.com\/wp-content\/uploads\/2022\/01\/12v-battery-2-300x300.jpg 300w, https:\/\/ygspower.com\/wp-content\/uploads\/2022\/01\/12v-battery-2-100x100.jpg 100w, https:\/\/ygspower.com\/wp-content\/uploads\/2022\/01\/12v-battery-2-600x600.jpg 600w, https:\/\/ygspower.com\/wp-content\/uploads\/2022\/01\/12v-battery-2-150x150.jpg 150w, https:\/\/ygspower.com\/wp-content\/uploads\/2022\/01\/12v-battery-2-768x768.jpg 768w\" sizes=\"(max-width: 1000px) 100vw, 1000px\" \/> <img decoding=\"async\" class=\"alignnone size-full wp-image-5607\" src=\"http:\/\/ygspower.com\/wp-content\/uploads\/2022\/01\/12v-battery-3.jpg\" alt=\"\" width=\"1000\" height=\"1000\" srcset=\"https:\/\/ygspower.com\/wp-content\/uploads\/2022\/01\/12v-battery-3.jpg 1000w, https:\/\/ygspower.com\/wp-content\/uploads\/2022\/01\/12v-battery-3-300x300.jpg 300w, https:\/\/ygspower.com\/wp-content\/uploads\/2022\/01\/12v-battery-3-100x100.jpg 100w, https:\/\/ygspower.com\/wp-content\/uploads\/2022\/01\/12v-battery-3-600x600.jpg 600w, https:\/\/ygspower.com\/wp-content\/uploads\/2022\/01\/12v-battery-3-150x150.jpg 150w, https:\/\/ygspower.com\/wp-content\/uploads\/2022\/01\/12v-battery-3-768x768.jpg 768w\" sizes=\"(max-width: 1000px) 100vw, 1000px\" \/> <img loading=\"lazy\" decoding=\"async\" class=\"alignnone size-full wp-image-5608\" src=\"http:\/\/ygspower.com\/wp-content\/uploads\/2022\/01\/12v-battery-4.jpg\" alt=\"\" width=\"1000\" height=\"1000\" srcset=\"https:\/\/ygspower.com\/wp-content\/uploads\/2022\/01\/12v-battery-4.jpg 1000w, https:\/\/ygspower.com\/wp-content\/uploads\/2022\/01\/12v-battery-4-300x300.jpg 300w, https:\/\/ygspower.com\/wp-content\/uploads\/2022\/01\/12v-battery-4-100x100.jpg 100w, https:\/\/ygspower.com\/wp-content\/uploads\/2022\/01\/12v-battery-4-600x600.jpg 600w, https:\/\/ygspower.com\/wp-content\/uploads\/2022\/01\/12v-battery-4-150x150.jpg 150w, https:\/\/ygspower.com\/wp-content\/uploads\/2022\/01\/12v-battery-4-768x768.jpg 768w\" sizes=\"(max-width: 1000px) 100vw, 1000px\" \/> <img loading=\"lazy\" decoding=\"async\" class=\"alignnone size-full wp-image-5609\" src=\"http:\/\/ygspower.com\/wp-content\/uploads\/2022\/01\/12v-battery-5.jpg\" alt=\"\" width=\"1000\" height=\"1000\" srcset=\"https:\/\/ygspower.com\/wp-content\/uploads\/2022\/01\/12v-battery-5.jpg 1000w, https:\/\/ygspower.com\/wp-content\/uploads\/2022\/01\/12v-battery-5-300x300.jpg 300w, https:\/\/ygspower.com\/wp-content\/uploads\/2022\/01\/12v-battery-5-100x100.jpg 100w, https:\/\/ygspower.com\/wp-content\/uploads\/2022\/01\/12v-battery-5-600x600.jpg 600w, https:\/\/ygspower.com\/wp-content\/uploads\/2022\/01\/12v-battery-5-150x150.jpg 150w, https:\/\/ygspower.com\/wp-content\/uploads\/2022\/01\/12v-battery-5-768x768.jpg 768w\" sizes=\"(max-width: 1000px) 100vw, 1000px\" \/> <img loading=\"lazy\" decoding=\"async\" class=\"alignnone size-full wp-image-5610\" src=\"http:\/\/ygspower.com\/wp-content\/uploads\/2022\/01\/12v-battery-6.jpg\" alt=\"\" width=\"1000\" height=\"1000\" srcset=\"https:\/\/ygspower.com\/wp-content\/uploads\/2022\/01\/12v-battery-6.jpg 1000w, https:\/\/ygspower.com\/wp-content\/uploads\/2022\/01\/12v-battery-6-300x300.jpg 300w, https:\/\/ygspower.com\/wp-content\/uploads\/2022\/01\/12v-battery-6-100x100.jpg 100w, https:\/\/ygspower.com\/wp-content\/uploads\/2022\/01\/12v-battery-6-600x600.jpg 600w, https:\/\/ygspower.com\/wp-content\/uploads\/2022\/01\/12v-battery-6-150x150.jpg 150w, https:\/\/ygspower.com\/wp-content\/uploads\/2022\/01\/12v-battery-6-768x768.jpg 768w\" sizes=\"(max-width: 1000px) 100vw, 1000px\" \/> <img loading=\"lazy\" decoding=\"async\" class=\"alignnone size-full wp-image-5611\" src=\"http:\/\/ygspower.com\/wp-content\/uploads\/2022\/01\/12v-battery-7.jpg\" alt=\"\" width=\"1000\" height=\"1000\" srcset=\"https:\/\/ygspower.com\/wp-content\/uploads\/2022\/01\/12v-battery-7.jpg 1000w, https:\/\/ygspower.com\/wp-content\/uploads\/2022\/01\/12v-battery-7-300x300.jpg 300w, https:\/\/ygspower.com\/wp-content\/uploads\/2022\/01\/12v-battery-7-100x100.jpg 100w, https:\/\/ygspower.com\/wp-content\/uploads\/2022\/01\/12v-battery-7-600x600.jpg 600w, https:\/\/ygspower.com\/wp-content\/uploads\/2022\/01\/12v-battery-7-150x150.jpg 150w, https:\/\/ygspower.com\/wp-content\/uploads\/2022\/01\/12v-battery-7-768x768.jpg 768w\" sizes=\"(max-width: 1000px) 100vw, 1000px\" \/><\/p>","protected":false},"excerpt":{"rendered":"<p>Nombre del producto: Bater\u00eda de fosfato de hierro y litio<br \/>\nNombre del estilo: MLFP12-12<br \/>\nTipo de bater\u00eda: Bater\u00eda LiFe PO4 12V12Ah<br \/>\nCapacidad nominal: 12 Ah<br \/>\nGarant\u00eda: 1 a\u00f1o<br \/>\nColor: negro<br \/>\nPeso: 3kg<br \/>\nDimensiones de la caja de pl\u00e1stico en mm: L151xW98xH100mm<br \/>\nCaracter\u00edstica: seguro, ciclo de vida largo, respetuoso con el medio ambiente,<br \/>\nBuen rendimiento a altas temperaturas.<br \/>\nBaja resistencia interna, baja autodescarga.<br \/>\nAlta densidad energ\u00e9tica, sin efecto memoria.<br \/>\nAplicaci\u00f3n: Telecomunicaciones, sistemas de energ\u00eda solar y e\u00f3lica.<br \/>\nEquipos de comunicaciones y el\u00e9ctricos<br \/>\nCentrales el\u00e9ctricas, Equipos de control<br \/>\nUPS de alta potencia\/sistema de respaldo de energ\u00eda en espera<br \/>\nServicios ferroviarios, equipos de iluminaci\u00f3n<\/p>","protected":false},"featured_media":5614,"template":"","meta":{"_seopress_robots_primary_cat":"none","_seopress_titles_title":"12v 12a LiFe PO4 battery","_seopress_titles_desc":"12v 12a LiFe PO4 battery, Mylion, LifePo4, Lithium iron phosphate battery pack, lithium battery, Telecommunication, solar&amp;wind power system, communications, electric equipment, Power stations, Control equipment, High power UPS\/Stand-by power backup\r\nrailway utilities, lighting equipment\r\n","_seopress_robots_index":"","site-sidebar-layout":"default","site-content-layout":"default","ast-site-content-layout":"default","site-content-style":"default","site-sidebar-style":"default","ast-global-header-display":"","ast-banner-title-visibility":"","ast-main-header-display":"","ast-hfb-above-header-display":"","ast-hfb-below-header-display":"","ast-hfb-mobile-header-display":"","site-post-title":"","ast-breadcrumbs-content":"","ast-featured-img":"","footer-sml-layout":"","theme-transparent-header-meta":"default","adv-header-id-meta":"","stick-header-meta":"","header-above-stick-meta":"","header-main-stick-meta":"","header-below-stick-meta":"","astra-migrate-meta-layouts":"default","ast-page-background-enabled":"default","ast-page-background-meta":{"desktop":{"background-color":"","background-image":"","background-repeat":"repeat","background-position":"center center","background-size":"auto","background-attachment":"scroll","background-type":"","background-media":"","overlay-type":"","overlay-color":"","overlay-opacity":"","overlay-gradient":""},"tablet":{"background-color":"","background-image":"","background-repeat":"repeat","background-position":"center center","background-size":"auto","background-attachment":"scroll","background-type":"","background-media":"","overlay-type":"","overlay-color":"","overlay-opacity":"","overlay-gradient":""},"mobile":{"background-color":"","background-image":"","background-repeat":"repeat","background-position":"center center","background-size":"auto","background-attachment":"scroll","background-type":"","background-media":"","overlay-type":"","overlay-color":"","overlay-opacity":"","overlay-gradient":""}},"ast-content-background-meta":{"desktop":{"background-color":"var(--ast-global-color-5)","background-image":"","background-repeat":"repeat","background-position":"center center","background-size":"auto","background-attachment":"scroll","background-type":"","background-media":"","overlay-type":"","overlay-color":"","overlay-opacity":"","overlay-gradient":""},"tablet":{"background-color":"var(--ast-global-color-5)","background-image":"","background-repeat":"repeat","background-position":"center center","background-size":"auto","background-attachment":"scroll","background-type":"","background-media":"","overlay-type":"","overlay-color":"","overlay-opacity":"","overlay-gradient":""},"mobile":{"background-color":"var(--ast-global-color-5)","background-image":"","background-repeat":"repeat","background-position":"center center","background-size":"auto","background-attachment":"scroll","background-type":"","background-media":"","overlay-type":"","overlay-color":"","overlay-opacity":"","overlay-gradient":""}}},"product_brand":[],"product_cat":[28],"product_tag":[319,322,320,323,315,324,181,316,74,321,318,317],"class_list":{"0":"post-5602","1":"product","2":"type-product","3":"status-publish","4":"has-post-thumbnail","6":"product_cat-life-po4-battery","7":"product_tag-communications","8":"product_tag-control-equipment","9":"product_tag-electric-equipment","10":"product_tag-high-power-ups-stand-by-power-backup-railway-utilities","11":"product_tag-lifepo4","12":"product_tag-lighting-equipment","13":"product_tag-lithium-battery","14":"product_tag-lithium-iron-phosphate-battery-pack","15":"product_tag-mylion","16":"product_tag-power-stations","17":"product_tag-solarwind-power-system","18":"product_tag-telecommunication","19":"desktop-align-left","20":"tablet-align-left","21":"mobile-align-left","23":"first","24":"instock","25":"shipping-taxable","26":"product-type-simple"},"_links":{"self":[{"href":"https:\/\/ygspower.com\/es\/wp-json\/wp\/v2\/product\/5602","targetHints":{"allow":["GET"]}}],"collection":[{"href":"https:\/\/ygspower.com\/es\/wp-json\/wp\/v2\/product"}],"about":[{"href":"https:\/\/ygspower.com\/es\/wp-json\/wp\/v2\/types\/product"}],"version-history":[{"count":0,"href":"https:\/\/ygspower.com\/es\/wp-json\/wp\/v2\/product\/5602\/revisions"}],"wp:featuredmedia":[{"embeddable":true,"href":"https:\/\/ygspower.com\/es\/wp-json\/wp\/v2\/media\/5614"}],"wp:attachment":[{"href":"https:\/\/ygspower.com\/es\/wp-json\/wp\/v2\/media?parent=5602"}],"wp:term":[{"taxonomy":"product_brand","embeddable":true,"href":"https:\/\/ygspower.com\/es\/wp-json\/wp\/v2\/product_brand?post=5602"},{"taxonomy":"product_cat","embeddable":true,"href":"https:\/\/ygspower.com\/es\/wp-json\/wp\/v2\/product_cat?post=5602"},{"taxonomy":"product_tag","embeddable":true,"href":"https:\/\/ygspower.com\/es\/wp-json\/wp\/v2\/product_tag?post=5602"}],"curies":[{"name":"wp","href":"https:\/\/api.w.org\/{rel}","templated":true}]}}