{"id":5858,"date":"2022-03-01T15:48:12","date_gmt":"2022-03-01T07:48:12","guid":{"rendered":"https:\/\/darksalmon-dugong-512221.hostingersite.com\/?post_type=product&#038;p=5858"},"modified":"2024-08-21T15:52:27","modified_gmt":"2024-08-21T07:52:27","slug":"mylion-12v-100ah-lifepo4-battery-for-solar-power-system-rechargeable-battery-solar-power-bank-lead-acid-replacement-lithium-battery","status":"publish","type":"product","link":"https:\/\/ygspower.com\/es\/producto\/mylion-12v-100ah-lifepo4-battery-for-solar-power-system-rechargeable-battery-solar-power-bank-lead-acid-replacement-lithium-battery\/","title":{"rendered":"Bater\u00eda de plomo-\u00e1cido Mylion LiFePO4 de 12 V y 100 Ah para veh\u00edculos de turismo y embarcaciones al aire libre"},"content":{"rendered":"<p><img fetchpriority=\"high\" decoding=\"async\" class=\"wp-image-5860 aligncenter\" src=\"http:\/\/ygspower.com\/wp-content\/uploads\/2022\/03\/12v-100ah-battery-1.jpg\" alt=\"\" width=\"592\" height=\"592\" srcset=\"https:\/\/ygspower.com\/wp-content\/uploads\/2022\/03\/12v-100ah-battery-1.jpg 1000w, https:\/\/ygspower.com\/wp-content\/uploads\/2022\/03\/12v-100ah-battery-1-300x300.jpg 300w, https:\/\/ygspower.com\/wp-content\/uploads\/2022\/03\/12v-100ah-battery-1-100x100.jpg 100w, https:\/\/ygspower.com\/wp-content\/uploads\/2022\/03\/12v-100ah-battery-1-600x600.jpg 600w, https:\/\/ygspower.com\/wp-content\/uploads\/2022\/03\/12v-100ah-battery-1-150x150.jpg 150w, https:\/\/ygspower.com\/wp-content\/uploads\/2022\/03\/12v-100ah-battery-1-768x768.jpg 768w\" sizes=\"(max-width: 592px) 100vw, 592px\" \/><\/p>\n<p>Bater\u00eda Lifepo4 de 12 V y 100 Ah de Mylion para sistema de energ\u00eda solar, bater\u00eda recargable, banco de energ\u00eda solar, bater\u00eda de litio de repuesto de plomo-\u00e1cido<\/p>\n<table width=\"925\">\n<tbody>\n<tr>\n<td width=\"341\">Nombre del producto<\/td>\n<td width=\"584\">Paquete de bater\u00eda de fosfato de hierro y litio<\/td>\n<\/tr>\n<tr>\n<td>Nombre del estilo<\/td>\n<td>MLFP12-100<\/td>\n<\/tr>\n<tr>\n<td>Tipo de bater\u00eda<\/td>\n<td>Bater\u00eda de litio PO4 de 12 V y 100 Ah<\/td>\n<\/tr>\n<tr>\n<td>Capacidad normal<\/td>\n<td>100 Ah<\/td>\n<\/tr>\n<tr>\n<td>Energ\u00eda espec\u00edfica gravim\u00e9trica<\/td>\n<td>115 Wh\/kg<\/td>\n<\/tr>\n<tr>\n<td>Energ\u00eda espec\u00edfica volum\u00e9trica<\/td>\n<td>103 Wh\/l<\/td>\n<\/tr>\n<tr>\n<td>Dimensiones de la caja de pl\u00e1stico mm<\/td>\n<td>Largo 327 x Ancho 172 x Alto 220 mm<\/td>\n<\/tr>\n<tr>\n<td>Color<\/td>\n<td>negro<\/td>\n<\/tr>\n<tr>\n<td>Peso<\/td>\n<td>11,06 kg<\/td>\n<\/tr>\n<tr>\n<td colspan=\"2\">Voltaje<\/td>\n<\/tr>\n<tr>\n<td>Tensi\u00f3n nominal<\/td>\n<td>12,8 V<\/td>\n<\/tr>\n<tr>\n<td>Tensi\u00f3n de corte de carga<\/td>\n<td>14,2 V<\/td>\n<\/tr>\n<tr>\n<td>Tensi\u00f3n de corte de descarga<\/td>\n<td>11,2 V<\/td>\n<\/tr>\n<tr>\n<td colspan=\"2\">Actual<\/td>\n<\/tr>\n<tr>\n<td>Corriente de carga m\u00e1xima<\/td>\n<td>0,5 \u00b0C<\/td>\n<\/tr>\n<tr>\n<td>Corriente m\u00e1xima de descarga<\/td>\n<td>1C<\/td>\n<\/tr>\n<tr>\n<td>Corriente m\u00e1xima de descarga de impulso<\/td>\n<td>2C 2S<\/td>\n<\/tr>\n<tr>\n<td>Corriente de carga y descarga est\u00e1ndar<\/td>\n<td>0,3 \u00b0C<\/td>\n<\/tr>\n<tr>\n<td colspan=\"2\">Temperatura de funcionamiento<\/td>\n<\/tr>\n<tr>\n<td>Temperatura de carga<\/td>\n<td>0 \u2103-45 \u2103<\/td>\n<\/tr>\n<tr>\n<td>Temperatura de descarga<\/td>\n<td>-20\u2103-60\u2103<\/td>\n<\/tr>\n<tr>\n<td>Temperatura de almacenamiento<\/td>\n<td>-10\u2103-45\u2103<\/td>\n<\/tr>\n<tr>\n<td colspan=\"2\">Ciclo de vida<\/td>\n<\/tr>\n<tr>\n<td>80%DOD<\/td>\n<td>\u22651500 veces<\/td>\n<\/tr>\n<tr>\n<td>70%DOD(20%-90%SOC)<\/td>\n<td>\u22652000 veces<\/td>\n<\/tr>\n<tr>\n<td>-20\u2103 Velocidad de descarga a baja temperatura<\/td>\n<td>\u226570%<\/td>\n<\/tr>\n<tr>\n<td>Tasa de autodescarga (por mes)<\/td>\n<td>\u22643%\/mes<\/td>\n<\/tr>\n<tr>\n<td rowspan=\"4\">Caracter\u00edstica<\/td>\n<td>Seguro, de larga vida \u00fatil y respetuoso con el medio ambiente.<\/td>\n<\/tr>\n<tr>\n<td>Buen rendimiento a altas temperaturas.<\/td>\n<\/tr>\n<tr>\n<td>Baja resistencia interna, baja autodescarga.<\/td>\n<\/tr>\n<tr>\n<td>Alta densidad energ\u00e9tica, sin efecto memoria.<\/td>\n<\/tr>\n<tr>\n<td rowspan=\"5\">Solicitud<\/td>\n<td width=\"584\">Telecomunicaciones, sistemas de energ\u00eda solar y e\u00f3lica.<\/td>\n<\/tr>\n<tr>\n<td>Equipos de comunicaciones y el\u00e9ctricos<\/td>\n<\/tr>\n<tr>\n<td>Centrales el\u00e9ctricas, Equipos de control<\/td>\n<\/tr>\n<tr>\n<td>UPS de alta potencia\/sistema de respaldo de energ\u00eda en espera<\/td>\n<\/tr>\n<tr>\n<td>Servicios ferroviarios, equipos de iluminaci\u00f3n<\/td>\n<\/tr>\n<\/tbody>\n<\/table>\n<p style=\"text-align: center\">\u00a0\u00a0 <span style=\"font-size: 16px\"> <img decoding=\"async\" class=\"alignnone size-full wp-image-5861\" src=\"http:\/\/ygspower.com\/wp-content\/uploads\/2022\/03\/lifepo4-12v100ah-7.jpg\" alt=\"\" width=\"750\" height=\"684\" srcset=\"https:\/\/ygspower.com\/wp-content\/uploads\/2022\/03\/lifepo4-12v100ah-7.jpg 750w, https:\/\/ygspower.com\/wp-content\/uploads\/2022\/03\/lifepo4-12v100ah-7-600x547.jpg 600w, https:\/\/ygspower.com\/wp-content\/uploads\/2022\/03\/lifepo4-12v100ah-7-300x274.jpg 300w\" sizes=\"(max-width: 750px) 100vw, 750px\" \/><\/span><span style=\"font-size: 16px\">\u00a0<\/span><span style=\"font-size: 16px\"><br \/>\n<img decoding=\"async\" class=\"alignnone size-full wp-image-5862\" src=\"http:\/\/ygspower.com\/wp-content\/uploads\/2022\/03\/lifepo4-12v100ah-1.jpg\" alt=\"\" width=\"750\" height=\"326\" srcset=\"https:\/\/ygspower.com\/wp-content\/uploads\/2022\/03\/lifepo4-12v100ah-1.jpg 750w, https:\/\/ygspower.com\/wp-content\/uploads\/2022\/03\/lifepo4-12v100ah-1-600x261.jpg 600w, https:\/\/ygspower.com\/wp-content\/uploads\/2022\/03\/lifepo4-12v100ah-1-300x130.jpg 300w\" sizes=\"(max-width: 750px) 100vw, 750px\" \/><br \/>\n<img loading=\"lazy\" decoding=\"async\" class=\"alignnone size-full wp-image-5863\" src=\"http:\/\/ygspower.com\/wp-content\/uploads\/2022\/03\/lifepo4-12v100ah-2.jpg\" alt=\"\" width=\"750\" height=\"948\" srcset=\"https:\/\/ygspower.com\/wp-content\/uploads\/2022\/03\/lifepo4-12v100ah-2.jpg 750w, https:\/\/ygspower.com\/wp-content\/uploads\/2022\/03\/lifepo4-12v100ah-2-600x758.jpg 600w, https:\/\/ygspower.com\/wp-content\/uploads\/2022\/03\/lifepo4-12v100ah-2-237x300.jpg 237w\" sizes=\"(max-width: 750px) 100vw, 750px\" \/><br \/>\n<img loading=\"lazy\" decoding=\"async\" class=\"size-full wp-image-5864 aligncenter\" src=\"http:\/\/ygspower.com\/wp-content\/uploads\/2022\/03\/lifepo4-12v100ah-3.jpg\" alt=\"\" width=\"750\" height=\"948\" srcset=\"https:\/\/ygspower.com\/wp-content\/uploads\/2022\/03\/lifepo4-12v100ah-3.jpg 750w, https:\/\/ygspower.com\/wp-content\/uploads\/2022\/03\/lifepo4-12v100ah-3-600x758.jpg 600w, https:\/\/ygspower.com\/wp-content\/uploads\/2022\/03\/lifepo4-12v100ah-3-237x300.jpg 237w\" sizes=\"(max-width: 750px) 100vw, 750px\" \/><img loading=\"lazy\" decoding=\"async\" class=\"size-full wp-image-5865 aligncenter\" src=\"http:\/\/ygspower.com\/wp-content\/uploads\/2022\/03\/lifepo4-12v100ah-4.jpg\" alt=\"\" width=\"750\" height=\"1228\" srcset=\"https:\/\/ygspower.com\/wp-content\/uploads\/2022\/03\/lifepo4-12v100ah-4.jpg 750w, https:\/\/ygspower.com\/wp-content\/uploads\/2022\/03\/lifepo4-12v100ah-4-600x982.jpg 600w, https:\/\/ygspower.com\/wp-content\/uploads\/2022\/03\/lifepo4-12v100ah-4-183x300.jpg 183w, https:\/\/ygspower.com\/wp-content\/uploads\/2022\/03\/lifepo4-12v100ah-4-625x1024.jpg 625w\" sizes=\"(max-width: 750px) 100vw, 750px\" \/> <img loading=\"lazy\" decoding=\"async\" class=\"size-full wp-image-5867 aligncenter\" src=\"http:\/\/ygspower.com\/wp-content\/uploads\/2022\/03\/lifepo4-12v100ah-6.jpg\" alt=\"\" width=\"750\" height=\"655\" srcset=\"https:\/\/ygspower.com\/wp-content\/uploads\/2022\/03\/lifepo4-12v100ah-6.jpg 750w, https:\/\/ygspower.com\/wp-content\/uploads\/2022\/03\/lifepo4-12v100ah-6-600x524.jpg 600w, https:\/\/ygspower.com\/wp-content\/uploads\/2022\/03\/lifepo4-12v100ah-6-300x262.jpg 300w\" sizes=\"(max-width: 750px) 100vw, 750px\" \/><br \/>\n<img loading=\"lazy\" decoding=\"async\" class=\"alignnone size-full wp-image-5866\" src=\"http:\/\/ygspower.com\/wp-content\/uploads\/2022\/03\/lifepo4-12v100ah-5.jpg\" alt=\"\" width=\"750\" height=\"847\" srcset=\"https:\/\/ygspower.com\/wp-content\/uploads\/2022\/03\/lifepo4-12v100ah-5.jpg 750w, https:\/\/ygspower.com\/wp-content\/uploads\/2022\/03\/lifepo4-12v100ah-5-600x678.jpg 600w, https:\/\/ygspower.com\/wp-content\/uploads\/2022\/03\/lifepo4-12v100ah-5-266x300.jpg 266w\" sizes=\"(max-width: 750px) 100vw, 750px\" \/><br \/>\n<img loading=\"lazy\" decoding=\"async\" class=\"alignnone size-full wp-image-5868\" src=\"http:\/\/ygspower.com\/wp-content\/uploads\/2022\/03\/lifepo4-12v100ah-8.jpg\" alt=\"\" width=\"750\" height=\"867\" srcset=\"https:\/\/ygspower.com\/wp-content\/uploads\/2022\/03\/lifepo4-12v100ah-8.jpg 750w, https:\/\/ygspower.com\/wp-content\/uploads\/2022\/03\/lifepo4-12v100ah-8-600x694.jpg 600w, https:\/\/ygspower.com\/wp-content\/uploads\/2022\/03\/lifepo4-12v100ah-8-260x300.jpg 260w\" sizes=\"(max-width: 750px) 100vw, 750px\" \/> <img loading=\"lazy\" decoding=\"async\" class=\"size-full wp-image-5869 aligncenter\" src=\"http:\/\/ygspower.com\/wp-content\/uploads\/2022\/03\/lifepo4-12v100ah-9.jpg\" alt=\"\" width=\"750\" height=\"1519\" srcset=\"https:\/\/ygspower.com\/wp-content\/uploads\/2022\/03\/lifepo4-12v100ah-9.jpg 750w, https:\/\/ygspower.com\/wp-content\/uploads\/2022\/03\/lifepo4-12v100ah-9-600x1215.jpg 600w, https:\/\/ygspower.com\/wp-content\/uploads\/2022\/03\/lifepo4-12v100ah-9-148x300.jpg 148w, https:\/\/ygspower.com\/wp-content\/uploads\/2022\/03\/lifepo4-12v100ah-9-506x1024.jpg 506w\" sizes=\"(max-width: 750px) 100vw, 750px\" \/> <img loading=\"lazy\" decoding=\"async\" class=\"size-full wp-image-5870 aligncenter\" src=\"http:\/\/ygspower.com\/wp-content\/uploads\/2022\/03\/lifepo4-12v100ah-10.jpg\" alt=\"\" width=\"750\" height=\"1172\" srcset=\"https:\/\/ygspower.com\/wp-content\/uploads\/2022\/03\/lifepo4-12v100ah-10.jpg 750w, https:\/\/ygspower.com\/wp-content\/uploads\/2022\/03\/lifepo4-12v100ah-10-600x938.jpg 600w, https:\/\/ygspower.com\/wp-content\/uploads\/2022\/03\/lifepo4-12v100ah-10-192x300.jpg 192w, https:\/\/ygspower.com\/wp-content\/uploads\/2022\/03\/lifepo4-12v100ah-10-655x1024.jpg 655w\" sizes=\"(max-width: 750px) 100vw, 750px\" \/> <img loading=\"lazy\" decoding=\"async\" class=\"alignnone size-full wp-image-5871\" src=\"http:\/\/ygspower.com\/wp-content\/uploads\/2022\/03\/lifepo4-12v100ah-11.jpg\" alt=\"\" width=\"750\" height=\"1228\" srcset=\"https:\/\/ygspower.com\/wp-content\/uploads\/2022\/03\/lifepo4-12v100ah-11.jpg 750w, https:\/\/ygspower.com\/wp-content\/uploads\/2022\/03\/lifepo4-12v100ah-11-600x982.jpg 600w, https:\/\/ygspower.com\/wp-content\/uploads\/2022\/03\/lifepo4-12v100ah-11-183x300.jpg 183w, https:\/\/ygspower.com\/wp-content\/uploads\/2022\/03\/lifepo4-12v100ah-11-625x1024.jpg 625w\" sizes=\"(max-width: 750px) 100vw, 750px\" \/><br \/>\n<\/span><\/p>","protected":false},"excerpt":{"rendered":"<ul class=\"ul1\">\n<li class=\"li1\">Tipo: Reemplazo de bater\u00eda de plomo-\u00e1cido LFP12100<\/li>\n<li class=\"li1\">Nombre del producto: Bater\u00eda de respaldo de almacenamiento de bater\u00eda de iones de litio LiFe PO4 de 12 V<\/li>\n<li class=\"li1\">Dimensiones de la caja negra: 172 x 327 x 320 mm<\/li>\n<li class=\"li1\">Peso: alrededor de 11 kg.<\/li>\n<li>Voltaje de la bater\u00eda: bater\u00eda de iones de litio de 12 V<\/li>\n<li class=\"li1\">Capacidad de la bater\u00eda: bater\u00eda de 100 Ah<\/li>\n<li class=\"li1\">Ciclo de vida: m\u00e1s de 2000 veces 70%DOD<\/li>\n<li class=\"li1\">Aplicaci\u00f3n: almacenamiento de energ\u00eda solar.<span class=\"s2\">,<\/span> veh\u00edculo el\u00e9ctrico<span class=\"s2\">,<\/span> Uni\u00f3n Postal Universal<span class=\"s2\">,<\/span>central el\u00e9ctrica<\/li>\n<li class=\"li1\">Caracter\u00edstica: alta potencia y capacidad.<span class=\"s2\">,<\/span> seguro<span class=\"s2\">,<\/span> ciclo de vida largo<span class=\"s2\">,<\/span> verde<span class=\"s2\">,<\/span> Respetuoso del medio ambiente<span class=\"s2\">,<\/span> Buen rendimiento en altas temperaturas.<\/li>\n<\/ul>","protected":false},"featured_media":5873,"template":"","meta":{"_seopress_robots_primary_cat":"","_seopress_titles_title":"mylion 12v 100Ah Lifepo4 battery for solar power system rechargeable battery solar power bank lead-acid replacement lithium battery","_seopress_titles_desc":"mylion 12v 100Ah Lifepo4 battery for solar power system rechargeable battery solar power bank lead-acid replacement lithium battery, mylion, lifepo4 battery, 12v battery, solar power, solar panel, power, rechargeable battery, lithium battery","_seopress_robots_index":"","site-sidebar-layout":"default","site-content-layout":"default","ast-site-content-layout":"default","site-content-style":"default","site-sidebar-style":"default","ast-global-header-display":"","ast-banner-title-visibility":"","ast-main-header-display":"","ast-hfb-above-header-display":"","ast-hfb-below-header-display":"","ast-hfb-mobile-header-display":"","site-post-title":"","ast-breadcrumbs-content":"","ast-featured-img":"","footer-sml-layout":"","theme-transparent-header-meta":"","adv-header-id-meta":"","stick-header-meta":"","header-above-stick-meta":"","header-main-stick-meta":"","header-below-stick-meta":"","astra-migrate-meta-layouts":"default","ast-page-background-enabled":"default","ast-page-background-meta":{"desktop":{"background-color":"","background-image":"","background-repeat":"repeat","background-position":"center center","background-size":"auto","background-attachment":"scroll","background-type":"","background-media":"","overlay-type":"","overlay-color":"","overlay-opacity":"","overlay-gradient":""},"tablet":{"background-color":"","background-image":"","background-repeat":"repeat","background-position":"center center","background-size":"auto","background-attachment":"scroll","background-type":"","background-media":"","overlay-type":"","overlay-color":"","overlay-opacity":"","overlay-gradient":""},"mobile":{"background-color":"","background-image":"","background-repeat":"repeat","background-position":"center center","background-size":"auto","background-attachment":"scroll","background-type":"","background-media":"","overlay-type":"","overlay-color":"","overlay-opacity":"","overlay-gradient":""}},"ast-content-background-meta":{"desktop":{"background-color":"var(--ast-global-color-5)","background-image":"","background-repeat":"repeat","background-position":"center center","background-size":"auto","background-attachment":"scroll","background-type":"","background-media":"","overlay-type":"","overlay-color":"","overlay-opacity":"","overlay-gradient":""},"tablet":{"background-color":"var(--ast-global-color-5)","background-image":"","background-repeat":"repeat","background-position":"center center","background-size":"auto","background-attachment":"scroll","background-type":"","background-media":"","overlay-type":"","overlay-color":"","overlay-opacity":"","overlay-gradient":""},"mobile":{"background-color":"var(--ast-global-color-5)","background-image":"","background-repeat":"repeat","background-position":"center center","background-size":"auto","background-attachment":"scroll","background-type":"","background-media":"","overlay-type":"","overlay-color":"","overlay-opacity":"","overlay-gradient":""}}},"product_brand":[],"product_cat":[28],"product_tag":[403,726,402,181,74,405,406,725,591,404,380,724,727],"class_list":{"0":"post-5858","1":"product","2":"type-product","3":"status-publish","4":"has-post-thumbnail","6":"product_cat-life-po4-battery","7":"product_tag-12v-battery","8":"product_tag-houseboat","9":"product_tag-lifepo4-battery","10":"product_tag-lithium-battery","11":"product_tag-mylion","12":"product_tag-power","13":"product_tag-rechargeable-battery","14":"product_tag-recreational-vehicle","15":"product_tag-rv","16":"product_tag-solar-panel","17":"product_tag-solar-power","18":"product_tag-touring-car","19":"product_tag-yacht","20":"desktop-align-left","21":"tablet-align-left","22":"mobile-align-left","24":"first","25":"instock","26":"shipping-taxable","27":"product-type-simple"},"_links":{"self":[{"href":"https:\/\/ygspower.com\/es\/wp-json\/wp\/v2\/product\/5858","targetHints":{"allow":["GET"]}}],"collection":[{"href":"https:\/\/ygspower.com\/es\/wp-json\/wp\/v2\/product"}],"about":[{"href":"https:\/\/ygspower.com\/es\/wp-json\/wp\/v2\/types\/product"}],"version-history":[{"count":0,"href":"https:\/\/ygspower.com\/es\/wp-json\/wp\/v2\/product\/5858\/revisions"}],"wp:featuredmedia":[{"embeddable":true,"href":"https:\/\/ygspower.com\/es\/wp-json\/wp\/v2\/media\/5873"}],"wp:attachment":[{"href":"https:\/\/ygspower.com\/es\/wp-json\/wp\/v2\/media?parent=5858"}],"wp:term":[{"taxonomy":"product_brand","embeddable":true,"href":"https:\/\/ygspower.com\/es\/wp-json\/wp\/v2\/product_brand?post=5858"},{"taxonomy":"product_cat","embeddable":true,"href":"https:\/\/ygspower.com\/es\/wp-json\/wp\/v2\/product_cat?post=5858"},{"taxonomy":"product_tag","embeddable":true,"href":"https:\/\/ygspower.com\/es\/wp-json\/wp\/v2\/product_tag?post=5858"}],"curies":[{"name":"wp","href":"https:\/\/api.w.org\/{rel}","templated":true}]}}