{"id":5898,"date":"2022-03-02T14:12:09","date_gmt":"2022-03-02T06:12:09","guid":{"rendered":"https:\/\/darksalmon-dugong-512221.hostingersite.com\/?post_type=product&#038;p=5898"},"modified":"2022-10-25T17:07:11","modified_gmt":"2022-10-25T09:07:11","slug":"12v-100ah-solar-battery","status":"publish","type":"product","link":"https:\/\/ygspower.com\/es\/producto\/12v-100ah-solar-battery\/","title":{"rendered":"Bater\u00eda de plomo y \u00e1cido Mylion de 12 V, 100 Ah y 1200 Wh, bater\u00eda AGM, bater\u00edas solares de gel para sistemas de energ\u00eda solar"},"content":{"rendered":"<p><img fetchpriority=\"high\" decoding=\"async\" class=\"aligncenter size-full wp-image-7121\" src=\"http:\/\/ygspower.com\/wp-content\/uploads\/2022\/03\/Detail-leadacid-12V-100ah.jpg\" alt=\"\" width=\"1280\" height=\"720\" srcset=\"https:\/\/ygspower.com\/wp-content\/uploads\/2022\/03\/Detail-leadacid-12V-100ah.jpg 1280w, https:\/\/ygspower.com\/wp-content\/uploads\/2022\/03\/Detail-leadacid-12V-100ah-600x338.jpg 600w, https:\/\/ygspower.com\/wp-content\/uploads\/2022\/03\/Detail-leadacid-12V-100ah-300x169.jpg 300w, https:\/\/ygspower.com\/wp-content\/uploads\/2022\/03\/Detail-leadacid-12V-100ah-1024x576.jpg 1024w, https:\/\/ygspower.com\/wp-content\/uploads\/2022\/03\/Detail-leadacid-12V-100ah-768x432.jpg 768w\" sizes=\"(max-width: 1280px) 100vw, 1280px\" \/><\/p>\n<p>Bater\u00eda de plomo \u00e1cido AGM de 12 V, 100 Ah y 1200 Wh de Mylion, bater\u00edas solares de gel para sistemas de energ\u00eda solar<\/p>\n<table style=\"height: 954px\" width=\"795\">\n<tbody>\n<tr>\n<td colspan=\"5\" width=\"940\">Bater\u00eda de almacenamiento solar sellada con gel de plomo y \u00e1cido AGM de Mylion, sin mantenimiento, de 100 Ah a 250 Ah<\/td>\n<\/tr>\n<tr>\n<td>Nombre del producto<\/td>\n<td><span style=\"color: #ff0000\">ML6-FM-100<\/span><\/td>\n<td>ML-6-FM-150<\/td>\n<td>ML-6-FM-200<\/td>\n<td>ML6-FM-250<\/td>\n<\/tr>\n<tr>\n<td>Nombre del estilo<\/td>\n<td><span style=\"color: #ff0000\">Bater\u00eda de 12 V 100 Ah<\/span><\/td>\n<td>Bater\u00eda de 12 V 150 Ah<\/td>\n<td>Bater\u00eda de 12 V 200 Ah<\/td>\n<td>Bater\u00eda de 12 V 250 Ah<\/td>\n<\/tr>\n<tr>\n<td>Capacidad normal<\/td>\n<td>100 Ah\/10 horas<\/td>\n<td>150 Ah\/10 horas<\/td>\n<td>200 Ah\/10 horas<\/td>\n<td>250 Ah\/10 horas<\/td>\n<\/tr>\n<tr>\n<td>Voltaje nominal<\/td>\n<td>12 V<\/td>\n<td>12 V<\/td>\n<td>12 V<\/td>\n<td>12 V<\/td>\n<\/tr>\n<tr>\n<td>Voltaje m\u00e1ximo de carga<\/td>\n<td>14,8 V<\/td>\n<td>14,8 V<\/td>\n<td>14,8 V<\/td>\n<td>14,8 V<\/td>\n<\/tr>\n<tr>\n<td>Corriente de carga m\u00e1xima<\/td>\n<td>0,2 \u00b0C 20 A<\/td>\n<td>0,2 \u00b0C 30 A<\/td>\n<td>0,2 \u00b0C 40 A<\/td>\n<td>0,2 \u00b0C 50 A<\/td>\n<\/tr>\n<tr>\n<td>Corriente m\u00e1xima de descarga<\/td>\n<td>30A<\/td>\n<td>45A<\/td>\n<td>60A<\/td>\n<td>75A<\/td>\n<\/tr>\n<tr>\n<td>Potencia de salida<\/td>\n<td>1200 W<\/td>\n<td>1800 W<\/td>\n<td>2400 W<\/td>\n<td>3000W<\/td>\n<\/tr>\n<tr>\n<td>Terminal<\/td>\n<td>M8x18, T8<\/td>\n<td>M8x20, T8<\/td>\n<td>M8x20, T8<\/td>\n<td>M8x20, T8<\/td>\n<\/tr>\n<tr>\n<td>color<\/td>\n<td>Gris<\/td>\n<td>Gris<\/td>\n<td>Gris<\/td>\n<td>Gris<\/td>\n<\/tr>\n<tr>\n<td>Dimensiones de la bater\u00eda (mm)<\/td>\n<td>330 x 171 x 220 mm<\/td>\n<td>482 x 171 x 240 mm<\/td>\n<td>525 x 240 x 224 mm<\/td>\n<td>520 x 268 x 225 mm<\/td>\n<\/tr>\n<tr>\n<td>Peso<\/td>\n<td>Aprox. 21,5 kg<\/td>\n<td>Aprox. 32 kg<\/td>\n<td>Aplicaci\u00f3n 46 kg<\/td>\n<td>Aplicaci\u00f3n 51 kg<\/td>\n<\/tr>\n<tr>\n<td>Solicitud<\/td>\n<td colspan=\"4\" width=\"752\">Sistema solar, bater\u00eda de almacenamiento, bater\u00eda de iluminaci\u00f3n, bater\u00eda UPS, etc.<\/td>\n<\/tr>\n<tr>\n<td>Paquete<\/td>\n<td width=\"188\">1 pieza\/caja de 25 kg\/caja<\/td>\n<td width=\"188\">1 pieza\/caja 37 kg\/caja<\/td>\n<td width=\"188\">1 pieza\/caja de 50 kg\/caja<\/td>\n<td width=\"188\">1 pieza\/caja de 55 kg\/caja<\/td>\n<\/tr>\n<tr>\n<td>Garant\u00eda<\/td>\n<td>12 meses<\/td>\n<td>12 meses<\/td>\n<td>12 meses<\/td>\n<td>12 meses<\/td>\n<\/tr>\n<\/tbody>\n<\/table>\n<p style=\"text-align: center\"><img decoding=\"async\" class=\"size-full wp-image-5901 aligncenter\" src=\"http:\/\/ygspower.com\/wp-content\/uploads\/2022\/03\/16462008291.png\" alt=\"\" width=\"750\" height=\"1500\" srcset=\"https:\/\/ygspower.com\/wp-content\/uploads\/2022\/03\/16462008291.png 750w, https:\/\/ygspower.com\/wp-content\/uploads\/2022\/03\/16462008291-600x1200.png 600w, https:\/\/ygspower.com\/wp-content\/uploads\/2022\/03\/16462008291-150x300.png 150w, https:\/\/ygspower.com\/wp-content\/uploads\/2022\/03\/16462008291-512x1024.png 512w\" sizes=\"(max-width: 750px) 100vw, 750px\" \/> <img decoding=\"async\" class=\"alignnone size-full wp-image-5902\" src=\"http:\/\/ygspower.com\/wp-content\/uploads\/2022\/03\/16462008381.png\" alt=\"\" width=\"750\" height=\"375\" srcset=\"https:\/\/ygspower.com\/wp-content\/uploads\/2022\/03\/16462008381.png 750w, https:\/\/ygspower.com\/wp-content\/uploads\/2022\/03\/16462008381-600x300.png 600w, https:\/\/ygspower.com\/wp-content\/uploads\/2022\/03\/16462008381-300x150.png 300w\" sizes=\"(max-width: 750px) 100vw, 750px\" \/> <img loading=\"lazy\" decoding=\"async\" class=\"size-full wp-image-5903 aligncenter\" src=\"http:\/\/ygspower.com\/wp-content\/uploads\/2022\/03\/16462008461.png\" alt=\"\" width=\"750\" height=\"1504\" srcset=\"https:\/\/ygspower.com\/wp-content\/uploads\/2022\/03\/16462008461.png 750w, https:\/\/ygspower.com\/wp-content\/uploads\/2022\/03\/16462008461-600x1203.png 600w, https:\/\/ygspower.com\/wp-content\/uploads\/2022\/03\/16462008461-150x300.png 150w, https:\/\/ygspower.com\/wp-content\/uploads\/2022\/03\/16462008461-511x1024.png 511w\" sizes=\"(max-width: 750px) 100vw, 750px\" \/><\/p>","protected":false},"excerpt":{"rendered":"<dl class=\"do-entry-item\"><\/dl>\n<dl class=\"do-entry-item\">\n<dt class=\"do-entry-item\"><span class=\"attr-name J-attr-name\" style=\"font-size: 16px;font-weight: bold\" title=\"Tama\u00f1o de la bater\u00eda\">* Voltaje y capacidad de la bater\u00eda: <\/span><span style=\"font-size: 16px\">12 V 100 Ah<\/span><\/dt>\n<\/dl>\n<dl class=\"do-entry-item\">\n<dt class=\"do-entry-item\"><span class=\"attr-name J-attr-name\" title=\"Tipo de bater\u00eda\">*Tipo de bater\u00eda: <\/span><span style=\"font-size: 16px\">Bater\u00eda de plomo-\u00e1cido sellada y sin mantenimiento<\/span><\/dt>\n<\/dl>\n<dl class=\"do-entry-item\">\n<dt class=\"do-entry-item\"><span class=\"attr-name J-attr-name\" title=\"N\u00famero de modelo\">* N\u00famero de modelo: <\/span><span style=\"font-size: 16px\">6-FM-100<\/span><\/dt>\n<dt>* Dimensiones: L330xAn171xAl225mm<\/dt>\n<\/dl>\n<dl class=\"do-entry-item\">\n<dt class=\"do-entry-item\"><span class=\"attr-name J-attr-name\" title=\"Peso\">* Peso: <\/span><span style=\"font-size: 16px\">21,5 kg<\/span><\/dt>\n<dt>\n<dl class=\"do-entry-item\">\n<dt class=\"do-entry-item\"><span class=\"attr-name J-attr-name\" style=\"font-size: 16px;font-weight: bold\" title=\"Solicitud\">* Aplicaci\u00f3n: Residencial, <\/span><span style=\"font-size: 16px\">Electrodom\u00e9sticos, Sistemas de Energ\u00eda El\u00e9ctrica, Sistemas de Energ\u00eda Solar, Sistemas de Alimentaci\u00f3n Ininterrumpida UPS, Sistema solar, iluminaci\u00f3n, etc.<\/span><\/dt>\n<\/dl>\n<\/dt>\n<\/dl>","protected":false},"featured_media":7126,"template":"","meta":{"_seopress_robots_primary_cat":"none","_seopress_titles_title":"Mylion 12V 100ah 1200wh battery for solar power system sri lanka solar gel batteries 12v 100ah solar panel battery charger","_seopress_titles_desc":"Mylion 12V 100ah 1200wh battery for solar power system sri lanka solar gel batteries 12v 100ah solar panel battery charger, mylion, battery, solar gel batteries, solar panel, battery charger, 12v 100ah battery, Lead acid battery","_seopress_robots_index":"","site-sidebar-layout":"default","site-content-layout":"default","ast-site-content-layout":"default","site-content-style":"default","site-sidebar-style":"default","ast-global-header-display":"","ast-banner-title-visibility":"","ast-main-header-display":"","ast-hfb-above-header-display":"","ast-hfb-below-header-display":"","ast-hfb-mobile-header-display":"","site-post-title":"","ast-breadcrumbs-content":"","ast-featured-img":"","footer-sml-layout":"","theme-transparent-header-meta":"","adv-header-id-meta":"","stick-header-meta":"","header-above-stick-meta":"","header-main-stick-meta":"","header-below-stick-meta":"","astra-migrate-meta-layouts":"default","ast-page-background-enabled":"default","ast-page-background-meta":{"desktop":{"background-color":"","background-image":"","background-repeat":"repeat","background-position":"center center","background-size":"auto","background-attachment":"scroll","background-type":"","background-media":"","overlay-type":"","overlay-color":"","overlay-opacity":"","overlay-gradient":""},"tablet":{"background-color":"","background-image":"","background-repeat":"repeat","background-position":"center center","background-size":"auto","background-attachment":"scroll","background-type":"","background-media":"","overlay-type":"","overlay-color":"","overlay-opacity":"","overlay-gradient":""},"mobile":{"background-color":"","background-image":"","background-repeat":"repeat","background-position":"center center","background-size":"auto","background-attachment":"scroll","background-type":"","background-media":"","overlay-type":"","overlay-color":"","overlay-opacity":"","overlay-gradient":""}},"ast-content-background-meta":{"desktop":{"background-color":"var(--ast-global-color-5)","background-image":"","background-repeat":"repeat","background-position":"center center","background-size":"auto","background-attachment":"scroll","background-type":"","background-media":"","overlay-type":"","overlay-color":"","overlay-opacity":"","overlay-gradient":""},"tablet":{"background-color":"var(--ast-global-color-5)","background-image":"","background-repeat":"repeat","background-position":"center center","background-size":"auto","background-attachment":"scroll","background-type":"","background-media":"","overlay-type":"","overlay-color":"","overlay-opacity":"","overlay-gradient":""},"mobile":{"background-color":"var(--ast-global-color-5)","background-image":"","background-repeat":"repeat","background-position":"center center","background-size":"auto","background-attachment":"scroll","background-type":"","background-media":"","overlay-type":"","overlay-color":"","overlay-opacity":"","overlay-gradient":""}}},"product_brand":[],"product_cat":[411],"product_tag":[414,674,178,413,415,74,418,412,404],"class_list":{"0":"post-5898","1":"product","2":"type-product","3":"status-publish","4":"has-post-thumbnail","6":"product_cat-lead-acid-battery","7":"product_tag-12v-100ah-battery","8":"product_tag-12v-100ah-solar-battery","9":"product_tag-battery","10":"product_tag-battery-charger","11":"product_tag-lead-acid-battery","12":"product_tag-mylion","13":"product_tag-solar-battery","14":"product_tag-solar-gel-batteries","15":"product_tag-solar-panel","16":"desktop-align-left","17":"tablet-align-left","18":"mobile-align-left","20":"first","21":"instock","22":"shipping-taxable","23":"product-type-simple"},"_links":{"self":[{"href":"https:\/\/ygspower.com\/es\/wp-json\/wp\/v2\/product\/5898","targetHints":{"allow":["GET"]}}],"collection":[{"href":"https:\/\/ygspower.com\/es\/wp-json\/wp\/v2\/product"}],"about":[{"href":"https:\/\/ygspower.com\/es\/wp-json\/wp\/v2\/types\/product"}],"version-history":[{"count":0,"href":"https:\/\/ygspower.com\/es\/wp-json\/wp\/v2\/product\/5898\/revisions"}],"wp:featuredmedia":[{"embeddable":true,"href":"https:\/\/ygspower.com\/es\/wp-json\/wp\/v2\/media\/7126"}],"wp:attachment":[{"href":"https:\/\/ygspower.com\/es\/wp-json\/wp\/v2\/media?parent=5898"}],"wp:term":[{"taxonomy":"product_brand","embeddable":true,"href":"https:\/\/ygspower.com\/es\/wp-json\/wp\/v2\/product_brand?post=5898"},{"taxonomy":"product_cat","embeddable":true,"href":"https:\/\/ygspower.com\/es\/wp-json\/wp\/v2\/product_cat?post=5898"},{"taxonomy":"product_tag","embeddable":true,"href":"https:\/\/ygspower.com\/es\/wp-json\/wp\/v2\/product_tag?post=5898"}],"curies":[{"name":"wp","href":"https:\/\/api.w.org\/{rel}","templated":true}]}}