{"id":5918,"date":"2022-03-02T17:07:19","date_gmt":"2022-03-02T09:07:19","guid":{"rendered":"https:\/\/darksalmon-dugong-512221.hostingersite.com\/?post_type=product&#038;p=5918"},"modified":"2023-08-17T18:21:02","modified_gmt":"2023-08-17T10:21:02","slug":"mylion-12v-200ah-best-batteries-for-solar-power-deep-cycle-battery-12v-200ah-solar-battery-rechargeable-battery-solar-power-bank","status":"publish","type":"product","link":"https:\/\/ygspower.com\/es\/producto\/mylion-12v-200ah-best-batteries-for-solar-power-deep-cycle-battery-12v-200ah-solar-battery-rechargeable-battery-solar-power-bank\/","title":{"rendered":"Bater\u00eda de almacenamiento de ciclo profundo Mylion 12V200Ah La mejor bater\u00eda solar sellada con gel recargable de 12 V 200 Ah"},"content":{"rendered":"<p><img fetchpriority=\"high\" decoding=\"async\" class=\"size-full wp-image-5920 aligncenter\" src=\"http:\/\/ygspower.com\/wp-content\/uploads\/2022\/03\/12v-200ah-battery-2.jpg\" alt=\"\" width=\"750\" height=\"750\" srcset=\"https:\/\/ygspower.com\/wp-content\/uploads\/2022\/03\/12v-200ah-battery-2.jpg 750w, https:\/\/ygspower.com\/wp-content\/uploads\/2022\/03\/12v-200ah-battery-2-300x300.jpg 300w, https:\/\/ygspower.com\/wp-content\/uploads\/2022\/03\/12v-200ah-battery-2-100x100.jpg 100w, https:\/\/ygspower.com\/wp-content\/uploads\/2022\/03\/12v-200ah-battery-2-600x600.jpg 600w, https:\/\/ygspower.com\/wp-content\/uploads\/2022\/03\/12v-200ah-battery-2-150x150.jpg 150w\" sizes=\"(max-width: 750px) 100vw, 750px\" \/><\/p>\n<p>Bater\u00eda de almacenamiento de ciclo profundo Mylion 12V200Ah La mejor bater\u00eda sellada de gel recargable para energ\u00eda solar Banco de energ\u00eda solar<\/p>\n<table style=\"border-collapse: collapse;width: 835px;height: 762px\" border=\"0\" width=\"758\" cellspacing=\"0\" cellpadding=\"0\">\n<tbody>\n<tr style=\"height: 20.50pt\">\n<td class=\"et6\" style=\"height: 20.50pt;width: 122.30pt\" width=\"163\" height=\"27\">Nombre del producto<\/td>\n<td class=\"et7\" style=\"width: 111.70pt\" width=\"148\">ML6-FM-100<\/td>\n<td class=\"et7\" style=\"width: 111.70pt\" width=\"148\">ML-6-FM-150<\/td>\n<td class=\"et7\" style=\"width: 111.70pt\" width=\"148\"><span style=\"color: #ff0000\">ML-6-FM-200<\/span><\/td>\n<td class=\"et7\" style=\"width: 111.70pt\" width=\"148\">ML6-FM-250<\/td>\n<\/tr>\n<tr style=\"height: 20.50pt\">\n<td class=\"et6\" style=\"height: 20.50pt\" height=\"27\">Nombre del estilo<\/td>\n<td class=\"et8\">12 V 100 Ah<\/td>\n<td class=\"et8\">12 V 150 Ah<\/td>\n<td class=\"et8\"><span style=\"color: #ff0000\">12 V 200 Ah<\/span><\/td>\n<td class=\"et8\">12 V 250 Ah<\/td>\n<\/tr>\n<tr style=\"height: 20.50pt\">\n<td class=\"et6\" style=\"height: 20.50pt\" height=\"27\">Capacidad normal<\/td>\n<td class=\"et8\">100 Ah\/10 horas<\/td>\n<td class=\"et8\">150 Ah\/10 horas<\/td>\n<td class=\"et8\">200 Ah\/10 horas<\/td>\n<td class=\"et8\">250 Ah\/10 horas<\/td>\n<\/tr>\n<tr style=\"height: 20.50pt\">\n<td class=\"et6\" style=\"height: 20.50pt\" height=\"27\">Voltaje nominal<\/td>\n<td class=\"et8\">12 V<\/td>\n<td class=\"et8\">12 V<\/td>\n<td class=\"et8\">12 V<\/td>\n<td class=\"et8\">12 V<\/td>\n<\/tr>\n<tr style=\"height: 20.50pt\">\n<td class=\"et6\" style=\"height: 20.50pt\" height=\"27\">Voltaje m\u00e1ximo de carga<\/td>\n<td class=\"et8\">14,8 V<\/td>\n<td class=\"et8\">14,8 V<\/td>\n<td class=\"et8\">14,8 V<\/td>\n<td class=\"et8\">14,8 V<\/td>\n<\/tr>\n<tr style=\"height: 20.50pt\">\n<td class=\"et6\" style=\"height: 20.50pt\" height=\"27\">Corriente de carga m\u00e1xima<\/td>\n<td class=\"et8\">0,2 \u00b0C 20 A<\/td>\n<td class=\"et8\">0,2 \u00b0C 30 A<\/td>\n<td class=\"et8\">0,2 \u00b0C 40 A<\/td>\n<td class=\"et8\">0,2 \u00b0C 50 A<\/td>\n<\/tr>\n<tr style=\"height: 20.50pt\">\n<td class=\"et6\" style=\"height: 20.50pt\" height=\"27\">Corriente m\u00e1xima de descarga<\/td>\n<td class=\"et8\">30A<\/td>\n<td class=\"et8\">45A<\/td>\n<td class=\"et8\">60A<\/td>\n<td class=\"et8\">75A<\/td>\n<\/tr>\n<tr style=\"height: 20.50pt\">\n<td class=\"et6\" style=\"height: 20.50pt\" height=\"27\">Potencia de salida<\/td>\n<td class=\"et8\">1200 W<\/td>\n<td class=\"et8\">1800 W<\/td>\n<td class=\"et8\">2400 W<\/td>\n<td class=\"et8\">3000W<\/td>\n<\/tr>\n<tr style=\"height: 20.50pt\">\n<td class=\"et6\" style=\"height: 20.50pt\" height=\"27\">Terminal<\/td>\n<td class=\"et9\">M8x18, T8<\/td>\n<td class=\"et9\">M8x20, T8<\/td>\n<td class=\"et9\">M8x20, T8<\/td>\n<td class=\"et9\">M8x20, T8<\/td>\n<\/tr>\n<tr style=\"height: 20.50pt\">\n<td class=\"et6\" style=\"height: 20.50pt\" height=\"27\">color<\/td>\n<td class=\"et10\">Gris<\/td>\n<td class=\"et10\">Gris<\/td>\n<td class=\"et10\">Gris<\/td>\n<td class=\"et10\">Gris<\/td>\n<\/tr>\n<tr style=\"height: 20.50pt\">\n<td class=\"et6\" style=\"height: 20.50pt\" height=\"27\">Dimensiones de la bater\u00eda (mm)<\/td>\n<td class=\"et10\">330x171x220 mil\u00edmetros<\/td>\n<td class=\"et10\">482x171x240 mil\u00edmetros<\/td>\n<td class=\"et10\">525x240x224 mil\u00edmetros<\/td>\n<td class=\"et10\">520 x 268 x 225 mm<\/td>\n<\/tr>\n<tr style=\"height: 20.50pt\">\n<td class=\"et6\" style=\"height: 20.50pt\" height=\"27\">Peso<\/td>\n<td class=\"et8\">Aprox. 21,5 kg<\/td>\n<td class=\"et8\">Aprox. 32,5 kg<\/td>\n<td class=\"et8\">Aplicaci\u00f3n 46 kg<\/td>\n<td class=\"et8\">Aplicaci\u00f3n 51 kg<\/td>\n<\/tr>\n<tr style=\"height: 20.50pt\">\n<td class=\"et11\" style=\"height: 20.50pt\" height=\"27\">Solicitud<\/td>\n<td class=\"et12\" style=\"width: 446.80pt;border-right: .5pt solid #000000\" colspan=\"4\" width=\"595\">Sistema solar, bater\u00eda de almacenamiento, bater\u00eda de iluminaci\u00f3n, bater\u00eda UPS, etc.<\/td>\n<\/tr>\n<tr style=\"height: 30.50pt\">\n<td class=\"et11\" style=\"height: 30.50pt\" height=\"40\">Paquete<\/td>\n<td class=\"et15\" style=\"width: 111.70pt\" width=\"148\">1 unidad en una caja de aproximadamente 25 kg\/caja<\/td>\n<td class=\"et15\" style=\"width: 111.70pt\" width=\"148\">1 unidad en una caja de aproximadamente 37 kg\/caja<\/td>\n<td class=\"et15\" style=\"width: 111.70pt\" width=\"148\">1 unidad en una caja de aproximadamente 50 kg\/caja<\/td>\n<td class=\"et15\" style=\"width: 111.70pt\" width=\"148\">1 unidad en una caja de aproximadamente 55 kg\/caja<\/td>\n<\/tr>\n<tr style=\"height: 20.50pt\">\n<td class=\"et11\" style=\"height: 20.50pt\" height=\"27\">Garant\u00eda<\/td>\n<td class=\"et16\">12 meses<\/td>\n<td class=\"et16\">12 meses<\/td>\n<td class=\"et16\">12 meses<\/td>\n<td class=\"et16\">12 meses<\/td>\n<\/tr>\n<\/tbody>\n<\/table>\n<p><img decoding=\"async\" class=\"size-full wp-image-5922 aligncenter\" src=\"http:\/\/ygspower.com\/wp-content\/uploads\/2022\/03\/12v-200ah-battery-3.jpg\" alt=\"\" width=\"750\" height=\"750\" srcset=\"https:\/\/ygspower.com\/wp-content\/uploads\/2022\/03\/12v-200ah-battery-3.jpg 750w, https:\/\/ygspower.com\/wp-content\/uploads\/2022\/03\/12v-200ah-battery-3-300x300.jpg 300w, https:\/\/ygspower.com\/wp-content\/uploads\/2022\/03\/12v-200ah-battery-3-100x100.jpg 100w, https:\/\/ygspower.com\/wp-content\/uploads\/2022\/03\/12v-200ah-battery-3-600x600.jpg 600w, https:\/\/ygspower.com\/wp-content\/uploads\/2022\/03\/12v-200ah-battery-3-150x150.jpg 150w\" sizes=\"(max-width: 750px) 100vw, 750px\" \/> <img decoding=\"async\" class=\"size-full wp-image-5923 aligncenter\" src=\"http:\/\/ygspower.com\/wp-content\/uploads\/2022\/03\/12v-200ah-battery-4.jpg\" alt=\"\" width=\"750\" height=\"750\" srcset=\"https:\/\/ygspower.com\/wp-content\/uploads\/2022\/03\/12v-200ah-battery-4.jpg 750w, https:\/\/ygspower.com\/wp-content\/uploads\/2022\/03\/12v-200ah-battery-4-300x300.jpg 300w, https:\/\/ygspower.com\/wp-content\/uploads\/2022\/03\/12v-200ah-battery-4-100x100.jpg 100w, https:\/\/ygspower.com\/wp-content\/uploads\/2022\/03\/12v-200ah-battery-4-600x600.jpg 600w, https:\/\/ygspower.com\/wp-content\/uploads\/2022\/03\/12v-200ah-battery-4-150x150.jpg 150w\" sizes=\"(max-width: 750px) 100vw, 750px\" \/> <img loading=\"lazy\" decoding=\"async\" class=\"size-full wp-image-5924 aligncenter\" src=\"http:\/\/ygspower.com\/wp-content\/uploads\/2022\/03\/12v-200ah-battery-5.jpg\" alt=\"\" width=\"750\" height=\"750\" srcset=\"https:\/\/ygspower.com\/wp-content\/uploads\/2022\/03\/12v-200ah-battery-5.jpg 750w, https:\/\/ygspower.com\/wp-content\/uploads\/2022\/03\/12v-200ah-battery-5-300x300.jpg 300w, https:\/\/ygspower.com\/wp-content\/uploads\/2022\/03\/12v-200ah-battery-5-100x100.jpg 100w, https:\/\/ygspower.com\/wp-content\/uploads\/2022\/03\/12v-200ah-battery-5-600x600.jpg 600w, https:\/\/ygspower.com\/wp-content\/uploads\/2022\/03\/12v-200ah-battery-5-150x150.jpg 150w\" sizes=\"(max-width: 750px) 100vw, 750px\" \/> <img loading=\"lazy\" decoding=\"async\" class=\"size-full wp-image-5925 aligncenter\" src=\"http:\/\/ygspower.com\/wp-content\/uploads\/2022\/03\/12v-200ah-battery-6.jpg\" alt=\"\" width=\"750\" height=\"750\" srcset=\"https:\/\/ygspower.com\/wp-content\/uploads\/2022\/03\/12v-200ah-battery-6.jpg 750w, https:\/\/ygspower.com\/wp-content\/uploads\/2022\/03\/12v-200ah-battery-6-300x300.jpg 300w, https:\/\/ygspower.com\/wp-content\/uploads\/2022\/03\/12v-200ah-battery-6-100x100.jpg 100w, https:\/\/ygspower.com\/wp-content\/uploads\/2022\/03\/12v-200ah-battery-6-600x600.jpg 600w, https:\/\/ygspower.com\/wp-content\/uploads\/2022\/03\/12v-200ah-battery-6-150x150.jpg 150w\" sizes=\"(max-width: 750px) 100vw, 750px\" \/><\/p>\n<p style=\"text-align: center\"><img loading=\"lazy\" decoding=\"async\" class=\"size-full wp-image-5926 aligncenter\" src=\"http:\/\/ygspower.com\/wp-content\/uploads\/2022\/03\/16462008291-1.png\" alt=\"\" width=\"750\" height=\"1500\" srcset=\"https:\/\/ygspower.com\/wp-content\/uploads\/2022\/03\/16462008291-1.png 750w, https:\/\/ygspower.com\/wp-content\/uploads\/2022\/03\/16462008291-1-600x1200.png 600w, https:\/\/ygspower.com\/wp-content\/uploads\/2022\/03\/16462008291-1-150x300.png 150w, https:\/\/ygspower.com\/wp-content\/uploads\/2022\/03\/16462008291-1-512x1024.png 512w\" sizes=\"(max-width: 750px) 100vw, 750px\" \/> <img loading=\"lazy\" decoding=\"async\" class=\"alignnone size-full wp-image-5927\" src=\"http:\/\/ygspower.com\/wp-content\/uploads\/2022\/03\/16462008381-1.png\" alt=\"\" width=\"750\" height=\"375\" srcset=\"https:\/\/ygspower.com\/wp-content\/uploads\/2022\/03\/16462008381-1.png 750w, https:\/\/ygspower.com\/wp-content\/uploads\/2022\/03\/16462008381-1-600x300.png 600w, https:\/\/ygspower.com\/wp-content\/uploads\/2022\/03\/16462008381-1-300x150.png 300w\" sizes=\"(max-width: 750px) 100vw, 750px\" \/> <img loading=\"lazy\" decoding=\"async\" class=\"size-full wp-image-5928 aligncenter\" src=\"http:\/\/ygspower.com\/wp-content\/uploads\/2022\/03\/16462008461-1.png\" alt=\"\" width=\"750\" height=\"1504\" srcset=\"https:\/\/ygspower.com\/wp-content\/uploads\/2022\/03\/16462008461-1.png 750w, https:\/\/ygspower.com\/wp-content\/uploads\/2022\/03\/16462008461-1-600x1203.png 600w, https:\/\/ygspower.com\/wp-content\/uploads\/2022\/03\/16462008461-1-150x300.png 150w, https:\/\/ygspower.com\/wp-content\/uploads\/2022\/03\/16462008461-1-511x1024.png 511w\" sizes=\"(max-width: 750px) 100vw, 750px\" \/><\/p>","protected":false},"excerpt":{"rendered":"<p>* Voltaje y capacidad de la bater\u00eda: bater\u00eda de almacenamiento de 12 V 200 Ah<\/p>\n<p>* Tipo de bater\u00eda: Bater\u00eda de plomo-\u00e1cido sellada y sin mantenimiento<\/p>\n<p>* N\u00famero de modelo: 6-FM-200<\/p>\n<p>* Dimensiones: L525xW240xH224mm<\/p>\n<p>* Peso: 46 kg<\/p>\n<p>* Aplicaci\u00f3n: Residencial, Electrodom\u00e9sticos, Sistemas de Energ\u00eda El\u00e9ctrica, Sistemas de Energ\u00eda Solar, Sistemas de Alimentaci\u00f3n Ininterrumpida UPS, Sistema solar, iluminaci\u00f3n, etc.<\/p>","protected":false},"featured_media":5929,"template":"","meta":{"_seopress_robots_primary_cat":"none","_seopress_titles_title":"mylion 12V 200Ah best batteries for solar power deep cycle battery 12v 200ah solar battery rechargeable battery solar power bank","_seopress_titles_desc":"mylion 12V 200Ah best batteries for solar power deep cycle battery 12v 200ah solar battery rechargeable battery solar power bank, mylion, 12v 200ah battery, solar power, solar battery, battery, rechargeable battery, power bank, deep cycle","_seopress_robots_index":"","site-sidebar-layout":"default","site-content-layout":"default","ast-site-content-layout":"default","site-content-style":"default","site-sidebar-style":"default","ast-global-header-display":"","ast-banner-title-visibility":"","ast-main-header-display":"","ast-hfb-above-header-display":"","ast-hfb-below-header-display":"","ast-hfb-mobile-header-display":"","site-post-title":"","ast-breadcrumbs-content":"","ast-featured-img":"","footer-sml-layout":"","theme-transparent-header-meta":"","adv-header-id-meta":"","stick-header-meta":"","header-above-stick-meta":"","header-main-stick-meta":"","header-below-stick-meta":"","astra-migrate-meta-layouts":"default","ast-page-background-enabled":"default","ast-page-background-meta":{"desktop":{"background-color":"","background-image":"","background-repeat":"repeat","background-position":"center center","background-size":"auto","background-attachment":"scroll","background-type":"","background-media":"","overlay-type":"","overlay-color":"","overlay-opacity":"","overlay-gradient":""},"tablet":{"background-color":"","background-image":"","background-repeat":"repeat","background-position":"center center","background-size":"auto","background-attachment":"scroll","background-type":"","background-media":"","overlay-type":"","overlay-color":"","overlay-opacity":"","overlay-gradient":""},"mobile":{"background-color":"","background-image":"","background-repeat":"repeat","background-position":"center center","background-size":"auto","background-attachment":"scroll","background-type":"","background-media":"","overlay-type":"","overlay-color":"","overlay-opacity":"","overlay-gradient":""}},"ast-content-background-meta":{"desktop":{"background-color":"var(--ast-global-color-5)","background-image":"","background-repeat":"repeat","background-position":"center center","background-size":"auto","background-attachment":"scroll","background-type":"","background-media":"","overlay-type":"","overlay-color":"","overlay-opacity":"","overlay-gradient":""},"tablet":{"background-color":"var(--ast-global-color-5)","background-image":"","background-repeat":"repeat","background-position":"center center","background-size":"auto","background-attachment":"scroll","background-type":"","background-media":"","overlay-type":"","overlay-color":"","overlay-opacity":"","overlay-gradient":""},"mobile":{"background-color":"var(--ast-global-color-5)","background-image":"","background-repeat":"repeat","background-position":"center center","background-size":"auto","background-attachment":"scroll","background-type":"","background-media":"","overlay-type":"","overlay-color":"","overlay-opacity":"","overlay-gradient":""}}},"product_brand":[],"product_cat":[411],"product_tag":[247,178,419,74,198,406,418,380,675],"class_list":{"0":"post-5918","1":"product","2":"type-product","3":"status-publish","4":"has-post-thumbnail","6":"product_cat-lead-acid-battery","7":"product_tag-12v-200ah-battery","8":"product_tag-battery","9":"product_tag-deep-cycle","10":"product_tag-mylion","11":"product_tag-power-bank","12":"product_tag-rechargeable-battery","13":"product_tag-solar-battery","14":"product_tag-solar-power","15":"product_tag-storage-battery","16":"desktop-align-left","17":"tablet-align-left","18":"mobile-align-left","20":"first","21":"instock","22":"shipping-taxable","23":"product-type-simple"},"_links":{"self":[{"href":"https:\/\/ygspower.com\/es\/wp-json\/wp\/v2\/product\/5918","targetHints":{"allow":["GET"]}}],"collection":[{"href":"https:\/\/ygspower.com\/es\/wp-json\/wp\/v2\/product"}],"about":[{"href":"https:\/\/ygspower.com\/es\/wp-json\/wp\/v2\/types\/product"}],"version-history":[{"count":0,"href":"https:\/\/ygspower.com\/es\/wp-json\/wp\/v2\/product\/5918\/revisions"}],"wp:featuredmedia":[{"embeddable":true,"href":"https:\/\/ygspower.com\/es\/wp-json\/wp\/v2\/media\/5929"}],"wp:attachment":[{"href":"https:\/\/ygspower.com\/es\/wp-json\/wp\/v2\/media?parent=5918"}],"wp:term":[{"taxonomy":"product_brand","embeddable":true,"href":"https:\/\/ygspower.com\/es\/wp-json\/wp\/v2\/product_brand?post=5918"},{"taxonomy":"product_cat","embeddable":true,"href":"https:\/\/ygspower.com\/es\/wp-json\/wp\/v2\/product_cat?post=5918"},{"taxonomy":"product_tag","embeddable":true,"href":"https:\/\/ygspower.com\/es\/wp-json\/wp\/v2\/product_tag?post=5918"}],"curies":[{"name":"wp","href":"https:\/\/api.w.org\/{rel}","templated":true}]}}