{"id":6018,"date":"2022-03-16T17:52:14","date_gmt":"2022-03-16T09:52:14","guid":{"rendered":"https:\/\/darksalmon-dugong-512221.hostingersite.com\/?post_type=product&#038;p=6018"},"modified":"2024-08-21T16:25:34","modified_gmt":"2024-08-21T08:25:34","slug":"600va-360w-online-ups-pure-sine-wave-battery-backup-for-computer","status":"publish","type":"product","link":"https:\/\/ygspower.com\/es\/producto\/600va-360w-online-ups-pure-sine-wave-battery-backup-for-computer\/","title":{"rendered":"UPS sin conexi\u00f3n de 600 VA y 360 W con respaldo de bater\u00eda de onda sinusoidal pura de 600 VA para computadora"},"content":{"rendered":"<p><span data-spm-anchor-id=\"a2700.wholesale.0.i21.a6f7665eXfo6yG\">MYLION ONLINE UPS es una bater\u00eda de respaldo que ofrece suministro de energ\u00eda ininterrumpida a los dispositivos electr\u00f3nicos, una gran ayuda para la vida moderna actual.<\/span><\/p>\n<p data-spm-anchor-id=\"a2700.wholesale.0.i20.a6f7665eXfo6yG\">Los UPS en l\u00ednea de onda sinusoidal pura Mylion 600VA, 650VA, 1000VA, 2KVA, 3KVA, 4KVA, 5KVA, 6KVA, 8KVA, 10KVA se utilizan ampliamente para telecomunicaciones, medicina, edificios inteligentes, emergencias, seguridad, etc.<\/p>\n<table width=\"726\">\n<tbody>\n<tr>\n<td width=\"179\">Nombre del producto<\/td>\n<td style=\"text-align: center\" colspan=\"6\" width=\"547\">BATER\u00cdA DE RESPALDO UPS<\/td>\n<\/tr>\n<tr>\n<td width=\"179\">Modelo<\/td>\n<td width=\"87\"><span style=\"color: #ff0000\">ML600VA<\/span><\/td>\n<td width=\"87\">MW1KS<\/td>\n<td width=\"87\">MW2KS<\/td>\n<td width=\"87\">MW3KS<\/td>\n<td width=\"87\">MW6KS<\/td>\n<td width=\"112\">MW10KL<\/td>\n<\/tr>\n<tr>\n<td width=\"179\">Capacidad<\/td>\n<td><span style=\"color: #ff0000\">600 VA<\/span><\/td>\n<td width=\"87\">1 kVA<\/td>\n<td width=\"87\">2 kVA<\/td>\n<td width=\"87\">3 kVA<\/td>\n<td width=\"87\">6 kVA<\/td>\n<td width=\"112\">10 kVA<\/td>\n<\/tr>\n<tr>\n<td width=\"179\">Potencia nominal<\/td>\n<td><span style=\"color: #ff0000\">360 W<\/span><\/td>\n<td>900 W<\/td>\n<td>1800 W<\/td>\n<td>2700 W<\/td>\n<td>5400 W<\/td>\n<td>9000W<\/td>\n<\/tr>\n<tr>\n<td width=\"179\">Fase<\/td>\n<td style=\"text-align: center\" colspan=\"6\">Soltero<\/td>\n<\/tr>\n<tr>\n<td width=\"179\">Modo<\/td>\n<td style=\"text-align: center\" colspan=\"6\">En l\u00ednea<\/td>\n<\/tr>\n<tr>\n<td width=\"179\">Rango de voltaje de entrada<\/td>\n<td width=\"87\">145-290 V CA<\/td>\n<td width=\"87\">120-295 V CA<\/td>\n<td width=\"87\">120-295 V CA<\/td>\n<td width=\"87\">120-295 V CA<\/td>\n<td width=\"87\">80-275 V CA<\/td>\n<td width=\"112\">80-275 V CA<\/td>\n<\/tr>\n<tr>\n<td width=\"179\">Rango de voltaje de salida<\/td>\n<td width=\"87\">195-255 V CA \u00b111 TP3T<\/td>\n<td width=\"87\">208-240 V CA \u00b111 TP3T<\/td>\n<td width=\"87\">208-240 V CA \u00b111 TP3T<\/td>\n<td width=\"87\">208-240 V CA \u00b111 TP3T<\/td>\n<td width=\"87\">208-240 V CA \u00b111 TP3T<\/td>\n<td width=\"112\">208-240 V CA \u00b111 TP3T<\/td>\n<\/tr>\n<tr>\n<td width=\"179\">Forma de onda de salida<\/td>\n<td style=\"text-align: center\" colspan=\"6\">Onda sinusoidal pura<\/td>\n<\/tr>\n<tr>\n<td width=\"179\">Modelo y cantidad de bater\u00eda<\/td>\n<td width=\"87\">12 V 7 Ah*1<\/td>\n<td width=\"87\">12 V 7 Ah*2<\/td>\n<td width=\"87\">12 V 7 Ah*3<\/td>\n<td width=\"87\">12 V 7 Ah * 6<\/td>\n<td width=\"87\">12 V 7 Ah * 16<\/td>\n<td width=\"112\">Bater\u00eda externa 12V18Ah*16<\/td>\n<\/tr>\n<tr>\n<td width=\"179\">Tiempo de carga<\/td>\n<td width=\"87\">12-15 horas<\/td>\n<td width=\"87\">7-8 horas<\/td>\n<td width=\"87\">7-8 horas<\/td>\n<td width=\"87\">7-8 horas<\/td>\n<td width=\"87\">12-15 horas<\/td>\n<td width=\"112\">12-15 horas<\/td>\n<\/tr>\n<tr>\n<td width=\"179\">M\u00e9todo de visualizaci\u00f3n<\/td>\n<td style=\"text-align: center\" colspan=\"6\">Pantalla LCD<\/td>\n<\/tr>\n<tr>\n<td width=\"179\">Tama\u00f1o (DxAnxAl)mm<\/td>\n<td width=\"87\">Largo 380 x Ancho 145 x Alto 205<\/td>\n<td width=\"87\">Largo 360 x Ancho 145 x Alto 225<\/td>\n<td width=\"87\">Largo 400 x Ancho 190 x Alto 330<\/td>\n<td width=\"87\">Largo 400 x Ancho 190 x Alto 330<\/td>\n<td width=\"87\">Largo 502 x Ancho 230 x Alto 553<\/td>\n<td width=\"112\">Largo 422 x Ancho 190 x Alto 337<\/td>\n<\/tr>\n<tr>\n<td width=\"179\">Peso (kg)<\/td>\n<td width=\"87\">4.5<\/td>\n<td width=\"87\">9.2<\/td>\n<td width=\"87\">17.7<\/td>\n<td width=\"87\">22.9<\/td>\n<td width=\"87\">54.5<\/td>\n<td width=\"112\">12.5 No incluye bater\u00eda<\/td>\n<\/tr>\n<\/tbody>\n<\/table>\n<p data-spm-anchor-id=\"a2700.wholesale.0.i20.a6f7665eXfo6yG\"><img fetchpriority=\"high\" decoding=\"async\" class=\"aligncenter size-full wp-image-7227\" src=\"http:\/\/ygspower.com\/wp-content\/uploads\/2022\/03\/600va-ups-2.jpeg\" alt=\"\" width=\"750\" height=\"417\" srcset=\"https:\/\/ygspower.com\/wp-content\/uploads\/2022\/03\/600va-ups-2.jpeg 750w, https:\/\/ygspower.com\/wp-content\/uploads\/2022\/03\/600va-ups-2-600x334.jpeg 600w, https:\/\/ygspower.com\/wp-content\/uploads\/2022\/03\/600va-ups-2-300x167.jpeg 300w\" sizes=\"(max-width: 750px) 100vw, 750px\" \/> <img decoding=\"async\" class=\"aligncenter size-full wp-image-7228\" src=\"http:\/\/ygspower.com\/wp-content\/uploads\/2022\/03\/ups-1-2.jpg\" alt=\"\" width=\"750\" height=\"1584\" srcset=\"https:\/\/ygspower.com\/wp-content\/uploads\/2022\/03\/ups-1-2.jpg 750w, https:\/\/ygspower.com\/wp-content\/uploads\/2022\/03\/ups-1-2-600x1267.jpg 600w, https:\/\/ygspower.com\/wp-content\/uploads\/2022\/03\/ups-1-2-142x300.jpg 142w, https:\/\/ygspower.com\/wp-content\/uploads\/2022\/03\/ups-1-2-485x1024.jpg 485w, https:\/\/ygspower.com\/wp-content\/uploads\/2022\/03\/ups-1-2-727x1536.jpg 727w\" sizes=\"(max-width: 750px) 100vw, 750px\" \/> <img decoding=\"async\" class=\"aligncenter size-full wp-image-7229\" src=\"http:\/\/ygspower.com\/wp-content\/uploads\/2022\/03\/ups-2-2.jpg\" alt=\"\" width=\"750\" height=\"1008\" srcset=\"https:\/\/ygspower.com\/wp-content\/uploads\/2022\/03\/ups-2-2.jpg 750w, https:\/\/ygspower.com\/wp-content\/uploads\/2022\/03\/ups-2-2-600x806.jpg 600w, https:\/\/ygspower.com\/wp-content\/uploads\/2022\/03\/ups-2-2-223x300.jpg 223w\" sizes=\"(max-width: 750px) 100vw, 750px\" \/> <img loading=\"lazy\" decoding=\"async\" class=\"aligncenter size-full wp-image-7230\" src=\"http:\/\/ygspower.com\/wp-content\/uploads\/2022\/03\/ups-3-2.jpg\" alt=\"\" width=\"750\" height=\"703\" srcset=\"https:\/\/ygspower.com\/wp-content\/uploads\/2022\/03\/ups-3-2.jpg 750w, https:\/\/ygspower.com\/wp-content\/uploads\/2022\/03\/ups-3-2-600x562.jpg 600w, https:\/\/ygspower.com\/wp-content\/uploads\/2022\/03\/ups-3-2-300x281.jpg 300w\" sizes=\"(max-width: 750px) 100vw, 750px\" \/> <img loading=\"lazy\" decoding=\"async\" class=\"aligncenter size-full wp-image-7231\" src=\"http:\/\/ygspower.com\/wp-content\/uploads\/2022\/03\/ups-4-2.jpg\" alt=\"\" width=\"750\" height=\"1044\" srcset=\"https:\/\/ygspower.com\/wp-content\/uploads\/2022\/03\/ups-4-2.jpg 750w, https:\/\/ygspower.com\/wp-content\/uploads\/2022\/03\/ups-4-2-600x835.jpg 600w, https:\/\/ygspower.com\/wp-content\/uploads\/2022\/03\/ups-4-2-216x300.jpg 216w, https:\/\/ygspower.com\/wp-content\/uploads\/2022\/03\/ups-4-2-736x1024.jpg 736w\" sizes=\"(max-width: 750px) 100vw, 750px\" \/> <img loading=\"lazy\" decoding=\"async\" class=\"aligncenter size-full wp-image-7232\" src=\"http:\/\/ygspower.com\/wp-content\/uploads\/2022\/03\/ups-5-2.jpg\" alt=\"\" width=\"750\" height=\"977\" srcset=\"https:\/\/ygspower.com\/wp-content\/uploads\/2022\/03\/ups-5-2.jpg 750w, https:\/\/ygspower.com\/wp-content\/uploads\/2022\/03\/ups-5-2-600x782.jpg 600w, https:\/\/ygspower.com\/wp-content\/uploads\/2022\/03\/ups-5-2-230x300.jpg 230w\" sizes=\"(max-width: 750px) 100vw, 750px\" \/> <img loading=\"lazy\" decoding=\"async\" class=\"aligncenter size-full wp-image-7233\" src=\"http:\/\/ygspower.com\/wp-content\/uploads\/2022\/03\/ups-6-2.jpg\" alt=\"\" width=\"750\" height=\"983\" srcset=\"https:\/\/ygspower.com\/wp-content\/uploads\/2022\/03\/ups-6-2.jpg 750w, https:\/\/ygspower.com\/wp-content\/uploads\/2022\/03\/ups-6-2-600x786.jpg 600w, https:\/\/ygspower.com\/wp-content\/uploads\/2022\/03\/ups-6-2-229x300.jpg 229w\" sizes=\"(max-width: 750px) 100vw, 750px\" \/> <img loading=\"lazy\" decoding=\"async\" class=\"aligncenter size-full wp-image-7234\" src=\"http:\/\/ygspower.com\/wp-content\/uploads\/2022\/03\/ups-7-2.jpg\" alt=\"\" width=\"750\" height=\"790\" srcset=\"https:\/\/ygspower.com\/wp-content\/uploads\/2022\/03\/ups-7-2.jpg 750w, https:\/\/ygspower.com\/wp-content\/uploads\/2022\/03\/ups-7-2-600x632.jpg 600w, https:\/\/ygspower.com\/wp-content\/uploads\/2022\/03\/ups-7-2-285x300.jpg 285w\" sizes=\"(max-width: 750px) 100vw, 750px\" \/><\/p>","protected":false},"excerpt":{"rendered":"<ul>\n<li>Tipo: ML600VA<\/li>\n<li>Nombre del producto: Bater\u00eda de respaldo para SAI Mylion 600VA 360W<\/li>\n<li>Modo: UPS fuera de l\u00ednea<\/li>\n<li>Aplicaci\u00f3n: Computadora, dispositivo todo en uno, acceso a puertas, seguridad, etc.<\/li>\n<li>Capacidad: 600VA 360W<\/li>\n<li>Bater\u00eda: Bater\u00eda de plomo-\u00e1cido 12V7Ah<\/li>\n<li>LCD: No<\/li>\n<li>Forma de onda de salida: onda sinusoidal pura<\/li>\n<li>Voltaje de entrada: 145-290 V CA<\/li>\n<li>Voltaje de salida: 195-255 V CA \u00b111 TP3T<\/li>\n<li>Dimensiones: L380xAn145xAl205mm<\/li>\n<li>Peso: alrededor de 4,5 kg.<\/li>\n<\/ul>","protected":false},"featured_media":7223,"template":"","meta":{"_seopress_robots_primary_cat":"none","_seopress_titles_title":"","_seopress_titles_desc":"","_seopress_robots_index":"","site-sidebar-layout":"default","site-content-layout":"default","ast-site-content-layout":"default","site-content-style":"default","site-sidebar-style":"default","ast-global-header-display":"","ast-banner-title-visibility":"","ast-main-header-display":"","ast-hfb-above-header-display":"","ast-hfb-below-header-display":"","ast-hfb-mobile-header-display":"","site-post-title":"","ast-breadcrumbs-content":"","ast-featured-img":"","footer-sml-layout":"","theme-transparent-header-meta":"","adv-header-id-meta":"","stick-header-meta":"","header-above-stick-meta":"","header-main-stick-meta":"","header-below-stick-meta":"","astra-migrate-meta-layouts":"default","ast-page-background-enabled":"default","ast-page-background-meta":{"desktop":{"background-color":"","background-image":"","background-repeat":"repeat","background-position":"center center","background-size":"auto","background-attachment":"scroll","background-type":"","background-media":"","overlay-type":"","overlay-color":"","overlay-opacity":"","overlay-gradient":""},"tablet":{"background-color":"","background-image":"","background-repeat":"repeat","background-position":"center center","background-size":"auto","background-attachment":"scroll","background-type":"","background-media":"","overlay-type":"","overlay-color":"","overlay-opacity":"","overlay-gradient":""},"mobile":{"background-color":"","background-image":"","background-repeat":"repeat","background-position":"center center","background-size":"auto","background-attachment":"scroll","background-type":"","background-media":"","overlay-type":"","overlay-color":"","overlay-opacity":"","overlay-gradient":""}},"ast-content-background-meta":{"desktop":{"background-color":"var(--ast-global-color-5)","background-image":"","background-repeat":"repeat","background-position":"center center","background-size":"auto","background-attachment":"scroll","background-type":"","background-media":"","overlay-type":"","overlay-color":"","overlay-opacity":"","overlay-gradient":""},"tablet":{"background-color":"var(--ast-global-color-5)","background-image":"","background-repeat":"repeat","background-position":"center center","background-size":"auto","background-attachment":"scroll","background-type":"","background-media":"","overlay-type":"","overlay-color":"","overlay-opacity":"","overlay-gradient":""},"mobile":{"background-color":"var(--ast-global-color-5)","background-image":"","background-repeat":"repeat","background-position":"center center","background-size":"auto","background-attachment":"scroll","background-type":"","background-media":"","overlay-type":"","overlay-color":"","overlay-opacity":"","overlay-gradient":""}}},"product_brand":[],"product_cat":[469],"product_tag":[451,702,476,701,449,450,161,698],"class_list":{"0":"post-6018","1":"product","2":"type-product","3":"status-publish","4":"has-post-thumbnail","6":"product_cat-ups","7":"product_tag-600va-ups","8":"product_tag-600va-ups-for-computer","9":"product_tag-backup-ups","10":"product_tag-offline-ups","11":"product_tag-online-ups","12":"product_tag-pure-sine-wave-ups","13":"product_tag-ups","14":"product_tag-ups-for-computer","15":"desktop-align-left","16":"tablet-align-left","17":"mobile-align-left","19":"first","20":"instock","21":"shipping-taxable","22":"product-type-simple"},"_links":{"self":[{"href":"https:\/\/ygspower.com\/es\/wp-json\/wp\/v2\/product\/6018","targetHints":{"allow":["GET"]}}],"collection":[{"href":"https:\/\/ygspower.com\/es\/wp-json\/wp\/v2\/product"}],"about":[{"href":"https:\/\/ygspower.com\/es\/wp-json\/wp\/v2\/types\/product"}],"version-history":[{"count":0,"href":"https:\/\/ygspower.com\/es\/wp-json\/wp\/v2\/product\/6018\/revisions"}],"wp:featuredmedia":[{"embeddable":true,"href":"https:\/\/ygspower.com\/es\/wp-json\/wp\/v2\/media\/7223"}],"wp:attachment":[{"href":"https:\/\/ygspower.com\/es\/wp-json\/wp\/v2\/media?parent=6018"}],"wp:term":[{"taxonomy":"product_brand","embeddable":true,"href":"https:\/\/ygspower.com\/es\/wp-json\/wp\/v2\/product_brand?post=6018"},{"taxonomy":"product_cat","embeddable":true,"href":"https:\/\/ygspower.com\/es\/wp-json\/wp\/v2\/product_cat?post=6018"},{"taxonomy":"product_tag","embeddable":true,"href":"https:\/\/ygspower.com\/es\/wp-json\/wp\/v2\/product_tag?post=6018"}],"curies":[{"name":"wp","href":"https:\/\/api.w.org\/{rel}","templated":true}]}}