{"id":6198,"date":"2022-03-23T14:46:40","date_gmt":"2022-03-23T06:46:40","guid":{"rendered":"https:\/\/darksalmon-dugong-512221.hostingersite.com\/?post_type=product&#038;p=6198"},"modified":"2022-10-25T17:07:00","modified_gmt":"2022-10-25T09:07:00","slug":"mylion-online-ups-mw6ks-6kva-5400w-lcd-ups-battery-backup-for-medical-equipment-ups-power-supply","status":"publish","type":"product","link":"https:\/\/ygspower.com\/es\/producto\/mylion-online-ups-mw6ks-6kva-5400w-lcd-ups-battery-backup-for-medical-equipment-ups-power-supply\/","title":{"rendered":"Fuente de alimentaci\u00f3n UPS Mylion Online UPS MW6KS 6KVA 5400W LCD con respaldo de bater\u00eda para equipos m\u00e9dicos"},"content":{"rendered":"<p>Fuente de alimentaci\u00f3n UPS Mylion Online UPS MW6KS 6KVA 5400W LCD con respaldo de bater\u00eda para equipos m\u00e9dicos<img fetchpriority=\"high\" decoding=\"async\" class=\"size-full wp-image-6200 aligncenter\" src=\"http:\/\/ygspower.com\/wp-content\/uploads\/2022\/03\/6kva-ups-1.jpg\" alt=\"\" width=\"750\" height=\"750\" srcset=\"https:\/\/ygspower.com\/wp-content\/uploads\/2022\/03\/6kva-ups-1.jpg 750w, https:\/\/ygspower.com\/wp-content\/uploads\/2022\/03\/6kva-ups-1-300x300.jpg 300w, https:\/\/ygspower.com\/wp-content\/uploads\/2022\/03\/6kva-ups-1-100x100.jpg 100w, https:\/\/ygspower.com\/wp-content\/uploads\/2022\/03\/6kva-ups-1-600x600.jpg 600w, https:\/\/ygspower.com\/wp-content\/uploads\/2022\/03\/6kva-ups-1-150x150.jpg 150w\" sizes=\"(max-width: 750px) 100vw, 750px\" \/><\/p>\n<table border=\"1\" cellspacing=\"0\" cellpadding=\"0\">\n<tbody>\n<tr>\n<td height=\"40\" data-spm-anchor-id=\"a2700.wholesale.0.i21.75f149d9tUhD9Y\">Nombre del producto<\/td>\n<td colspan=\"6\">BATER\u00cdA DE RESPALDO UPS<\/td>\n<\/tr>\n<tr>\n<td height=\"40\">Modelo<\/td>\n<td>MPT-1K<\/td>\n<td>MPT-2K<\/td>\n<td>MPT-3K<\/td>\n<td>MPT-6K<\/td>\n<td>MPT-10K<\/td>\n<td>MPT-10KL<\/td>\n<\/tr>\n<tr>\n<td height=\"40\">Capacidad<\/td>\n<td>1 kVA<\/td>\n<td>1 kVA<\/td>\n<td>3 kVA<\/td>\n<td>6 kVA<\/td>\n<td>10 kVA<\/td>\n<td>10 kVA<\/td>\n<\/tr>\n<tr>\n<td height=\"40\">Potencia nominal<\/td>\n<td>1000W<\/td>\n<td>2000 W<\/td>\n<td>3000W<\/td>\n<td>6000W<\/td>\n<td>10KW<\/td>\n<td>10KW<\/td>\n<\/tr>\n<tr>\n<td height=\"40\">Fase<\/td>\n<td colspan=\"6\">Soltero<\/td>\n<\/tr>\n<tr>\n<td height=\"40\">Modo<\/td>\n<td colspan=\"6\">En l\u00ednea<\/td>\n<\/tr>\n<tr>\n<td height=\"40\">Rango de voltaje de entrada<\/td>\n<td colspan=\"6\">110-300 V CA<\/td>\n<\/tr>\n<tr>\n<td height=\"40\">Rango de voltaje de salida<\/td>\n<td colspan=\"6\">220 V CA \u00b1 11 TP3T<\/td>\n<\/tr>\n<tr>\n<td height=\"40\">Tiempo de conversi\u00f3n<\/td>\n<td colspan=\"6\">0 segundos<\/td>\n<\/tr>\n<tr>\n<td height=\"40\">Forma de onda de salida<\/td>\n<td colspan=\"6\">Onda sinusoidal pura<\/td>\n<\/tr>\n<tr>\n<td height=\"40\">Modelo y cantidad de bater\u00eda<\/td>\n<td>12 V 7 Ah*2<\/td>\n<td>12 V 7 Ah*4<\/td>\n<td>12 V 7 Ah * 6<\/td>\n<td>12 V 7 Ah * 16<\/td>\n<td>12 V 7 Ah * 6<\/td>\n<td>Bater\u00eda externa<\/td>\n<\/tr>\n<tr>\n<td height=\"40\">Tiempo de carga<\/td>\n<td>7-8 horas<\/td>\n<td>7-8 horas<\/td>\n<td>7-8 horas<\/td>\n<td>12-15 horas<\/td>\n<td>7-8 horas<\/td>\n<td><\/td>\n<\/tr>\n<tr>\n<td height=\"40\">M\u00e9todo de visualizaci\u00f3n<\/td>\n<td colspan=\"6\">Pantalla LCD<\/td>\n<\/tr>\n<tr>\n<td height=\"40\">M\u00e9todo de comunicaci\u00f3n<\/td>\n<td colspan=\"6\">RS232, EPO<\/td>\n<\/tr>\n<tr>\n<td height=\"40\">Tama\u00f1o (DxAnxAl)mm<\/td>\n<td>Largo 280 x Ancho 145 x Alto 230<\/td>\n<td>Largo 392 x Ancho 145 x Alto 230<\/td>\n<td>Largo 450 x Ancho 190 x Alto 352<\/td>\n<td>Largo 500 x Ancho 248 x Alto 616<\/td>\n<td>Largo 500 x Ancho 248 x Alto 616<\/td>\n<td>Largo 450 x Ancho 190 x Alto 352<\/td>\n<\/tr>\n<tr>\n<td height=\"40\">Peso (kg)<\/td>\n<td>9<\/td>\n<td>10<\/td>\n<td>25<\/td>\n<td>57<\/td>\n<td>67.5<\/td>\n<td>20<\/td>\n<\/tr>\n<\/tbody>\n<\/table>\n<p><img decoding=\"async\" class=\"size-full wp-image-6189 aligncenter\" src=\"http:\/\/ygspower.com\/wp-content\/uploads\/2022\/03\/Online-UPS-3.jpeg\" alt=\"\" width=\"750\" height=\"750\" srcset=\"https:\/\/ygspower.com\/wp-content\/uploads\/2022\/03\/Online-UPS-3.jpeg 750w, https:\/\/ygspower.com\/wp-content\/uploads\/2022\/03\/Online-UPS-3-300x300.jpeg 300w, https:\/\/ygspower.com\/wp-content\/uploads\/2022\/03\/Online-UPS-3-100x100.jpeg 100w, https:\/\/ygspower.com\/wp-content\/uploads\/2022\/03\/Online-UPS-3-600x600.jpeg 600w, https:\/\/ygspower.com\/wp-content\/uploads\/2022\/03\/Online-UPS-3-150x150.jpeg 150w\" sizes=\"(max-width: 750px) 100vw, 750px\" \/> <img decoding=\"async\" class=\"size-full wp-image-6194 aligncenter\" src=\"http:\/\/ygspower.com\/wp-content\/uploads\/2022\/03\/Online-type-UPS-1-3.jpg\" alt=\"\" width=\"790\" height=\"700\" srcset=\"https:\/\/ygspower.com\/wp-content\/uploads\/2022\/03\/Online-type-UPS-1-3.jpg 790w, https:\/\/ygspower.com\/wp-content\/uploads\/2022\/03\/Online-type-UPS-1-3-600x532.jpg 600w, https:\/\/ygspower.com\/wp-content\/uploads\/2022\/03\/Online-type-UPS-1-3-300x266.jpg 300w, https:\/\/ygspower.com\/wp-content\/uploads\/2022\/03\/Online-type-UPS-1-3-768x681.jpg 768w\" sizes=\"(max-width: 790px) 100vw, 790px\" \/> \u00a0<img loading=\"lazy\" decoding=\"async\" class=\"size-full wp-image-6192 aligncenter\" src=\"http:\/\/ygspower.com\/wp-content\/uploads\/2022\/03\/W2KL-UPS-1.jpg\" alt=\"\" width=\"750\" height=\"750\" srcset=\"https:\/\/ygspower.com\/wp-content\/uploads\/2022\/03\/W2KL-UPS-1.jpg 750w, https:\/\/ygspower.com\/wp-content\/uploads\/2022\/03\/W2KL-UPS-1-300x300.jpg 300w, https:\/\/ygspower.com\/wp-content\/uploads\/2022\/03\/W2KL-UPS-1-100x100.jpg 100w, https:\/\/ygspower.com\/wp-content\/uploads\/2022\/03\/W2KL-UPS-1-600x600.jpg 600w, https:\/\/ygspower.com\/wp-content\/uploads\/2022\/03\/W2KL-UPS-1-150x150.jpg 150w\" sizes=\"(max-width: 750px) 100vw, 750px\" \/> <img loading=\"lazy\" decoding=\"async\" class=\"size-full wp-image-6191 aligncenter\" src=\"http:\/\/ygspower.com\/wp-content\/uploads\/2022\/03\/Online-type-UPS-3-3.jpg\" alt=\"\" width=\"790\" height=\"952\" srcset=\"https:\/\/ygspower.com\/wp-content\/uploads\/2022\/03\/Online-type-UPS-3-3.jpg 790w, https:\/\/ygspower.com\/wp-content\/uploads\/2022\/03\/Online-type-UPS-3-3-600x723.jpg 600w, https:\/\/ygspower.com\/wp-content\/uploads\/2022\/03\/Online-type-UPS-3-3-249x300.jpg 249w, https:\/\/ygspower.com\/wp-content\/uploads\/2022\/03\/Online-type-UPS-3-3-768x925.jpg 768w\" sizes=\"(max-width: 790px) 100vw, 790px\" \/> <img loading=\"lazy\" decoding=\"async\" class=\"size-full wp-image-6190 aligncenter\" src=\"http:\/\/ygspower.com\/wp-content\/uploads\/2022\/03\/Online-type-UPS-2-3.jpg\" alt=\"\" width=\"790\" height=\"794\" srcset=\"https:\/\/ygspower.com\/wp-content\/uploads\/2022\/03\/Online-type-UPS-2-3.jpg 790w, https:\/\/ygspower.com\/wp-content\/uploads\/2022\/03\/Online-type-UPS-2-3-100x100.jpg 100w, https:\/\/ygspower.com\/wp-content\/uploads\/2022\/03\/Online-type-UPS-2-3-600x603.jpg 600w, https:\/\/ygspower.com\/wp-content\/uploads\/2022\/03\/Online-type-UPS-2-3-298x300.jpg 298w, https:\/\/ygspower.com\/wp-content\/uploads\/2022\/03\/Online-type-UPS-2-3-150x150.jpg 150w, https:\/\/ygspower.com\/wp-content\/uploads\/2022\/03\/Online-type-UPS-2-3-768x772.jpg 768w\" sizes=\"(max-width: 790px) 100vw, 790px\" \/><\/p>","protected":false},"excerpt":{"rendered":"<p>Modelo: MW6KS<br \/>\nCapacidad: 6KVA<\/p>\n<p>Potencia nominal: 5400W<\/p>\n<p>Fase: \u00danica<\/p>\n<p>Rango de voltaje de entrada: 80-275 V CA<\/p>\n<p>Modelo y cantidad de bater\u00eda: 12 V 7 Ah x 16<\/p>\n<p>Tiempo de carga: 12-15 horas<\/p>\n<p>Tama\u00f1o (PrxAnxAl)mm: L502xW230xH553<\/p>\n<p>Peso (kg): 54,5kg<\/p>","protected":false},"featured_media":6200,"template":"","meta":{"_seopress_robots_primary_cat":"none","_seopress_titles_title":"Mylion Online UPS MW6KS 6KVA 5400W LCD UPS battery backup for medical equipment UPS power supply","_seopress_titles_desc":"Mylion Oline UPS MW6KS 6KVA 5400W LCD UPS battery backup for medical equipment UPS power supply, mylion, online ups, ups, LCD UPS, battery backup, medical equipment, UPS power supply","_seopress_robots_index":"","site-sidebar-layout":"default","site-content-layout":"default","ast-site-content-layout":"default","site-content-style":"default","site-sidebar-style":"default","ast-global-header-display":"","ast-banner-title-visibility":"","ast-main-header-display":"","ast-hfb-above-header-display":"","ast-hfb-below-header-display":"","ast-hfb-mobile-header-display":"","site-post-title":"","ast-breadcrumbs-content":"","ast-featured-img":"","footer-sml-layout":"","theme-transparent-header-meta":"","adv-header-id-meta":"","stick-header-meta":"","header-above-stick-meta":"","header-main-stick-meta":"","header-below-stick-meta":"","astra-migrate-meta-layouts":"default","ast-page-background-enabled":"default","ast-page-background-meta":{"desktop":{"background-color":"","background-image":"","background-repeat":"repeat","background-position":"center center","background-size":"auto","background-attachment":"scroll","background-type":"","background-media":"","overlay-type":"","overlay-color":"","overlay-opacity":"","overlay-gradient":""},"tablet":{"background-color":"","background-image":"","background-repeat":"repeat","background-position":"center center","background-size":"auto","background-attachment":"scroll","background-type":"","background-media":"","overlay-type":"","overlay-color":"","overlay-opacity":"","overlay-gradient":""},"mobile":{"background-color":"","background-image":"","background-repeat":"repeat","background-position":"center center","background-size":"auto","background-attachment":"scroll","background-type":"","background-media":"","overlay-type":"","overlay-color":"","overlay-opacity":"","overlay-gradient":""}},"ast-content-background-meta":{"desktop":{"background-color":"var(--ast-global-color-5)","background-image":"","background-repeat":"repeat","background-position":"center center","background-size":"auto","background-attachment":"scroll","background-type":"","background-media":"","overlay-type":"","overlay-color":"","overlay-opacity":"","overlay-gradient":""},"tablet":{"background-color":"var(--ast-global-color-5)","background-image":"","background-repeat":"repeat","background-position":"center center","background-size":"auto","background-attachment":"scroll","background-type":"","background-media":"","overlay-type":"","overlay-color":"","overlay-opacity":"","overlay-gradient":""},"mobile":{"background-color":"var(--ast-global-color-5)","background-image":"","background-repeat":"repeat","background-position":"center center","background-size":"auto","background-attachment":"scroll","background-type":"","background-media":"","overlay-type":"","overlay-color":"","overlay-opacity":"","overlay-gradient":""}}},"product_brand":[],"product_cat":[469],"product_tag":[55,491,474,74,449,161,492],"class_list":{"0":"post-6198","1":"product","2":"type-product","3":"status-publish","4":"has-post-thumbnail","6":"product_cat-ups","7":"product_tag-battery-backup","8":"product_tag-lcd-ups","9":"product_tag-medical-equipment","10":"product_tag-mylion","11":"product_tag-online-ups","12":"product_tag-ups","13":"product_tag-ups-power-supply","14":"desktop-align-left","15":"tablet-align-left","16":"mobile-align-left","18":"first","19":"instock","20":"shipping-taxable","21":"product-type-simple"},"_links":{"self":[{"href":"https:\/\/ygspower.com\/es\/wp-json\/wp\/v2\/product\/6198","targetHints":{"allow":["GET"]}}],"collection":[{"href":"https:\/\/ygspower.com\/es\/wp-json\/wp\/v2\/product"}],"about":[{"href":"https:\/\/ygspower.com\/es\/wp-json\/wp\/v2\/types\/product"}],"version-history":[{"count":0,"href":"https:\/\/ygspower.com\/es\/wp-json\/wp\/v2\/product\/6198\/revisions"}],"wp:featuredmedia":[{"embeddable":true,"href":"https:\/\/ygspower.com\/es\/wp-json\/wp\/v2\/media\/6200"}],"wp:attachment":[{"href":"https:\/\/ygspower.com\/es\/wp-json\/wp\/v2\/media?parent=6198"}],"wp:term":[{"taxonomy":"product_brand","embeddable":true,"href":"https:\/\/ygspower.com\/es\/wp-json\/wp\/v2\/product_brand?post=6198"},{"taxonomy":"product_cat","embeddable":true,"href":"https:\/\/ygspower.com\/es\/wp-json\/wp\/v2\/product_cat?post=6198"},{"taxonomy":"product_tag","embeddable":true,"href":"https:\/\/ygspower.com\/es\/wp-json\/wp\/v2\/product_tag?post=6198"}],"curies":[{"name":"wp","href":"https:\/\/api.w.org\/{rel}","templated":true}]}}