{"id":6205,"date":"2022-03-23T15:06:58","date_gmt":"2022-03-23T07:06:58","guid":{"rendered":"https:\/\/darksalmon-dugong-512221.hostingersite.com\/?post_type=product&#038;p=6205"},"modified":"2022-10-25T17:06:45","modified_gmt":"2022-10-25T09:06:45","slug":"mylion-online-ups-mw10kl-10kva-9000w-lithium-battery-uninterrupted-power-supply-ups-systems-with-lcd-display","status":"publish","type":"product","link":"https:\/\/ygspower.com\/es\/producto\/mylion-online-ups-mw10kl-10kva-9000w-lithium-battery-uninterrupted-power-supply-ups-systems-with-lcd-display\/","title":{"rendered":"Sistemas de alimentaci\u00f3n ininterrumpida (UPS) con bater\u00eda de litio Mylion Online UPS MW10KL 10KVA 9000W con pantalla LCD"},"content":{"rendered":"<p>Sistemas de alimentaci\u00f3n ininterrumpida (UPS) con bater\u00eda de litio Mylion Online UPS MW10KL 10KVA 9000W con pantalla LCD <img fetchpriority=\"high\" decoding=\"async\" class=\"size-full wp-image-6209 aligncenter\" src=\"http:\/\/ygspower.com\/wp-content\/uploads\/2022\/03\/10kva-ups.jpg\" alt=\"\" width=\"750\" height=\"750\" srcset=\"https:\/\/ygspower.com\/wp-content\/uploads\/2022\/03\/10kva-ups.jpg 750w, https:\/\/ygspower.com\/wp-content\/uploads\/2022\/03\/10kva-ups-300x300.jpg 300w, https:\/\/ygspower.com\/wp-content\/uploads\/2022\/03\/10kva-ups-100x100.jpg 100w, https:\/\/ygspower.com\/wp-content\/uploads\/2022\/03\/10kva-ups-600x600.jpg 600w, https:\/\/ygspower.com\/wp-content\/uploads\/2022\/03\/10kva-ups-150x150.jpg 150w\" sizes=\"(max-width: 750px) 100vw, 750px\" \/><\/p>\n<table border=\"1\" cellspacing=\"0\" cellpadding=\"0\">\n<tbody>\n<tr>\n<td height=\"40\" data-spm-anchor-id=\"a2700.wholesale.0.i14.784e665eCugYJo\">Nombre del producto<\/td>\n<td colspan=\"6\">BATER\u00cdA DE RESPALDO UPS<\/td>\n<\/tr>\n<tr>\n<td height=\"40\">Modelo<\/td>\n<td>MN600S<\/td>\n<td>MW1KS<\/td>\n<td>MW2KS<\/td>\n<td>MW3KS<\/td>\n<td>MW6KS<\/td>\n<td>MW10KL<\/td>\n<\/tr>\n<tr>\n<td height=\"40\">Capacidad<\/td>\n<td>600 VA<\/td>\n<td>1 kVA<\/td>\n<td>2 kVA<\/td>\n<td>3 kVA<\/td>\n<td>6 kVA<\/td>\n<td>10 kVA<\/td>\n<\/tr>\n<tr>\n<td height=\"40\">Potencia nominal<\/td>\n<td>360 W<\/td>\n<td>900 W<\/td>\n<td>1800 W<\/td>\n<td>2700 W<\/td>\n<td>5400 W<\/td>\n<td>9000W<\/td>\n<\/tr>\n<tr>\n<td height=\"40\">Fase<\/td>\n<td colspan=\"6\">Soltero<\/td>\n<\/tr>\n<tr>\n<td height=\"40\">Modo<\/td>\n<td colspan=\"6\">En l\u00ednea<\/td>\n<\/tr>\n<tr>\n<td height=\"40\">Rango de voltaje de entrada<\/td>\n<td>145-290 V CA<\/td>\n<td>120-295 V CA<\/td>\n<td>120-295 V CA<\/td>\n<td>120-295 V CA<\/td>\n<td>80-275 V CA<\/td>\n<td>80-275 V CA<\/td>\n<\/tr>\n<tr>\n<td height=\"40\">Rango de voltaje de salida<\/td>\n<td>195-255 V CA \u00b111 TP3T<\/td>\n<td>208-240 V CA \u00b111 TP3T<\/td>\n<td>208-240 V CA \u00b111 TP3T<\/td>\n<td>208-240 V CA \u00b111 TP3T<\/td>\n<td>208-240 V CA \u00b111 TP3T<\/td>\n<td>208-240 V CA \u00b111 TP3T<\/td>\n<\/tr>\n<tr>\n<td height=\"40\">Forma de onda de salida<\/td>\n<td colspan=\"6\">Onda sinusoidal pura<\/td>\n<\/tr>\n<tr>\n<td height=\"40\">Modelo y cantidad de bater\u00eda<\/td>\n<td>12 V 7 Ah*1<\/td>\n<td>12 V 7 Ah*2<\/td>\n<td>12 V 7 Ah*3<\/td>\n<td>12 V 7 Ah * 6<\/td>\n<td>12 V 7 Ah * 16<\/td>\n<td>Bater\u00eda externa 12V18Ah*16<\/td>\n<\/tr>\n<tr>\n<td height=\"40\">Tiempo de carga<\/td>\n<td>12-15 horas<\/td>\n<td>7-8 horas<\/td>\n<td>7-8 horas<\/td>\n<td>7-8 horas<\/td>\n<td>12-15 horas<\/td>\n<td>12-15 horas<\/td>\n<\/tr>\n<tr>\n<td height=\"40\">M\u00e9todo de visualizaci\u00f3n<\/td>\n<td colspan=\"6\">Pantalla LCD<\/td>\n<\/tr>\n<tr>\n<td height=\"40\">Tama\u00f1o (DxAnxAl)mm<\/td>\n<td>Largo 365 x Ancho 130 x Alto 210<\/td>\n<td>Largo 360 x Ancho 145 x Alto 225<\/td>\n<td>Largo 400 x Ancho 190 x Alto 330<\/td>\n<td>Largo 400 x Ancho 190 x Alto 330<\/td>\n<td>Largo 502 x Ancho 230 x Alto 553<\/td>\n<td>Largo 422 x Ancho 190 x Alto 337<\/td>\n<\/tr>\n<tr>\n<td height=\"40\">Peso (kg)<\/td>\n<td>4.9<\/td>\n<td>9.2<\/td>\n<td>17.7<\/td>\n<td>22.9<\/td>\n<td>54.5<\/td>\n<td>12.5 No incluye bater\u00eda<\/td>\n<\/tr>\n<\/tbody>\n<\/table>\n<p><img decoding=\"async\" class=\"size-full wp-image-6189 aligncenter\" src=\"http:\/\/ygspower.com\/wp-content\/uploads\/2022\/03\/Online-UPS-3.jpeg\" alt=\"\" width=\"750\" height=\"750\" srcset=\"https:\/\/ygspower.com\/wp-content\/uploads\/2022\/03\/Online-UPS-3.jpeg 750w, https:\/\/ygspower.com\/wp-content\/uploads\/2022\/03\/Online-UPS-3-300x300.jpeg 300w, https:\/\/ygspower.com\/wp-content\/uploads\/2022\/03\/Online-UPS-3-100x100.jpeg 100w, https:\/\/ygspower.com\/wp-content\/uploads\/2022\/03\/Online-UPS-3-600x600.jpeg 600w, https:\/\/ygspower.com\/wp-content\/uploads\/2022\/03\/Online-UPS-3-150x150.jpeg 150w\" sizes=\"(max-width: 750px) 100vw, 750px\" \/> <img decoding=\"async\" class=\"size-full wp-image-6194 aligncenter\" src=\"http:\/\/ygspower.com\/wp-content\/uploads\/2022\/03\/Online-type-UPS-1-3.jpg\" alt=\"\" width=\"790\" height=\"700\" srcset=\"https:\/\/ygspower.com\/wp-content\/uploads\/2022\/03\/Online-type-UPS-1-3.jpg 790w, https:\/\/ygspower.com\/wp-content\/uploads\/2022\/03\/Online-type-UPS-1-3-600x532.jpg 600w, https:\/\/ygspower.com\/wp-content\/uploads\/2022\/03\/Online-type-UPS-1-3-300x266.jpg 300w, https:\/\/ygspower.com\/wp-content\/uploads\/2022\/03\/Online-type-UPS-1-3-768x681.jpg 768w\" sizes=\"(max-width: 790px) 100vw, 790px\" \/> \u00a0<img loading=\"lazy\" decoding=\"async\" class=\"size-full wp-image-6192 aligncenter\" src=\"http:\/\/ygspower.com\/wp-content\/uploads\/2022\/03\/W2KL-UPS-1.jpg\" alt=\"\" width=\"750\" height=\"750\" srcset=\"https:\/\/ygspower.com\/wp-content\/uploads\/2022\/03\/W2KL-UPS-1.jpg 750w, https:\/\/ygspower.com\/wp-content\/uploads\/2022\/03\/W2KL-UPS-1-300x300.jpg 300w, https:\/\/ygspower.com\/wp-content\/uploads\/2022\/03\/W2KL-UPS-1-100x100.jpg 100w, https:\/\/ygspower.com\/wp-content\/uploads\/2022\/03\/W2KL-UPS-1-600x600.jpg 600w, https:\/\/ygspower.com\/wp-content\/uploads\/2022\/03\/W2KL-UPS-1-150x150.jpg 150w\" sizes=\"(max-width: 750px) 100vw, 750px\" \/> <img loading=\"lazy\" decoding=\"async\" class=\"size-full wp-image-6191 aligncenter\" src=\"http:\/\/ygspower.com\/wp-content\/uploads\/2022\/03\/Online-type-UPS-3-3.jpg\" alt=\"\" width=\"790\" height=\"952\" srcset=\"https:\/\/ygspower.com\/wp-content\/uploads\/2022\/03\/Online-type-UPS-3-3.jpg 790w, https:\/\/ygspower.com\/wp-content\/uploads\/2022\/03\/Online-type-UPS-3-3-600x723.jpg 600w, https:\/\/ygspower.com\/wp-content\/uploads\/2022\/03\/Online-type-UPS-3-3-249x300.jpg 249w, https:\/\/ygspower.com\/wp-content\/uploads\/2022\/03\/Online-type-UPS-3-3-768x925.jpg 768w\" sizes=\"(max-width: 790px) 100vw, 790px\" \/> <img loading=\"lazy\" decoding=\"async\" class=\"size-full wp-image-6190 aligncenter\" src=\"http:\/\/ygspower.com\/wp-content\/uploads\/2022\/03\/Online-type-UPS-2-3.jpg\" alt=\"\" width=\"790\" height=\"794\" srcset=\"https:\/\/ygspower.com\/wp-content\/uploads\/2022\/03\/Online-type-UPS-2-3.jpg 790w, https:\/\/ygspower.com\/wp-content\/uploads\/2022\/03\/Online-type-UPS-2-3-100x100.jpg 100w, https:\/\/ygspower.com\/wp-content\/uploads\/2022\/03\/Online-type-UPS-2-3-600x603.jpg 600w, https:\/\/ygspower.com\/wp-content\/uploads\/2022\/03\/Online-type-UPS-2-3-298x300.jpg 298w, https:\/\/ygspower.com\/wp-content\/uploads\/2022\/03\/Online-type-UPS-2-3-150x150.jpg 150w, https:\/\/ygspower.com\/wp-content\/uploads\/2022\/03\/Online-type-UPS-2-3-768x772.jpg 768w\" sizes=\"(max-width: 790px) 100vw, 790px\" \/><\/p>","protected":false},"excerpt":{"rendered":"<p>Modelo: MW10KL<br \/>\nCapacidad: 10 KVA<\/p>\n<p>Potencia nominal: 9000W<\/p>\n<p>Fase: \u00danica<\/p>\n<p>Rango de voltaje de entrada: 80-275 V CA<\/p>\n<p>Modelo y cantidad de bater\u00eda: Bater\u00eda externa 12V18Ah*16<\/p>\n<p>Tiempo de carga: 12-15 horas<\/p>\n<p>Tama\u00f1o (DxAnxAl)mm: L422xW190xH337<\/p>\n<p>Peso (kg): 12,5 No incluye bater\u00eda<\/p>","protected":false},"featured_media":6210,"template":"","meta":{"_seopress_robots_primary_cat":"","_seopress_titles_title":"Mylion Online UPS MW10KL 10KVA 9000W lithium battery uninterrupted power supply (ups) systems with LCD display","_seopress_titles_desc":"Mylion Online UPS MW10KL 10KVA 9000W lithium battery uninterrupted power supply (ups) systems with LCD display, mylion, online ups, lithium battery, uninterrupted power supply, LCD display, power supply","_seopress_robots_index":"","site-sidebar-layout":"default","site-content-layout":"default","ast-site-content-layout":"default","site-content-style":"default","site-sidebar-style":"default","ast-global-header-display":"","ast-banner-title-visibility":"","ast-main-header-display":"","ast-hfb-above-header-display":"","ast-hfb-below-header-display":"","ast-hfb-mobile-header-display":"","site-post-title":"","ast-breadcrumbs-content":"","ast-featured-img":"","footer-sml-layout":"","theme-transparent-header-meta":"","adv-header-id-meta":"","stick-header-meta":"","header-above-stick-meta":"","header-main-stick-meta":"","header-below-stick-meta":"","astra-migrate-meta-layouts":"default","ast-page-background-enabled":"default","ast-page-background-meta":{"desktop":{"background-color":"","background-image":"","background-repeat":"repeat","background-position":"center center","background-size":"auto","background-attachment":"scroll","background-type":"","background-media":"","overlay-type":"","overlay-color":"","overlay-opacity":"","overlay-gradient":""},"tablet":{"background-color":"","background-image":"","background-repeat":"repeat","background-position":"center center","background-size":"auto","background-attachment":"scroll","background-type":"","background-media":"","overlay-type":"","overlay-color":"","overlay-opacity":"","overlay-gradient":""},"mobile":{"background-color":"","background-image":"","background-repeat":"repeat","background-position":"center center","background-size":"auto","background-attachment":"scroll","background-type":"","background-media":"","overlay-type":"","overlay-color":"","overlay-opacity":"","overlay-gradient":""}},"ast-content-background-meta":{"desktop":{"background-color":"var(--ast-global-color-5)","background-image":"","background-repeat":"repeat","background-position":"center center","background-size":"auto","background-attachment":"scroll","background-type":"","background-media":"","overlay-type":"","overlay-color":"","overlay-opacity":"","overlay-gradient":""},"tablet":{"background-color":"var(--ast-global-color-5)","background-image":"","background-repeat":"repeat","background-position":"center center","background-size":"auto","background-attachment":"scroll","background-type":"","background-media":"","overlay-type":"","overlay-color":"","overlay-opacity":"","overlay-gradient":""},"mobile":{"background-color":"var(--ast-global-color-5)","background-image":"","background-repeat":"repeat","background-position":"center center","background-size":"auto","background-attachment":"scroll","background-type":"","background-media":"","overlay-type":"","overlay-color":"","overlay-opacity":"","overlay-gradient":""}}},"product_brand":[],"product_cat":[469],"product_tag":[456,181,74,449,97,473],"class_list":{"0":"post-6205","1":"product","2":"type-product","3":"status-publish","4":"has-post-thumbnail","6":"product_cat-ups","7":"product_tag-lcd-display","8":"product_tag-lithium-battery","9":"product_tag-mylion","10":"product_tag-online-ups","11":"product_tag-power-supply","12":"product_tag-uninterrupted-power-supply","13":"desktop-align-left","14":"tablet-align-left","15":"mobile-align-left","17":"first","18":"instock","19":"shipping-taxable","20":"product-type-simple"},"_links":{"self":[{"href":"https:\/\/ygspower.com\/es\/wp-json\/wp\/v2\/product\/6205","targetHints":{"allow":["GET"]}}],"collection":[{"href":"https:\/\/ygspower.com\/es\/wp-json\/wp\/v2\/product"}],"about":[{"href":"https:\/\/ygspower.com\/es\/wp-json\/wp\/v2\/types\/product"}],"version-history":[{"count":0,"href":"https:\/\/ygspower.com\/es\/wp-json\/wp\/v2\/product\/6205\/revisions"}],"wp:featuredmedia":[{"embeddable":true,"href":"https:\/\/ygspower.com\/es\/wp-json\/wp\/v2\/media\/6210"}],"wp:attachment":[{"href":"https:\/\/ygspower.com\/es\/wp-json\/wp\/v2\/media?parent=6205"}],"wp:term":[{"taxonomy":"product_brand","embeddable":true,"href":"https:\/\/ygspower.com\/es\/wp-json\/wp\/v2\/product_brand?post=6205"},{"taxonomy":"product_cat","embeddable":true,"href":"https:\/\/ygspower.com\/es\/wp-json\/wp\/v2\/product_cat?post=6205"},{"taxonomy":"product_tag","embeddable":true,"href":"https:\/\/ygspower.com\/es\/wp-json\/wp\/v2\/product_tag?post=6205"}],"curies":[{"name":"wp","href":"https:\/\/api.w.org\/{rel}","templated":true}]}}