{"id":6735,"date":"2022-04-15T17:12:40","date_gmt":"2022-04-15T09:12:40","guid":{"rendered":"https:\/\/darksalmon-dugong-512221.hostingersite.com\/?post_type=product&#038;p=6735"},"modified":"2022-04-15T17:12:44","modified_gmt":"2022-04-15T09:12:44","slug":"mylion-60v-22ah-30ah-50ah-65ah-lifepo4-power-battery-lithium-iron-phosphate-batteries-deep-cycle-battery-for-electric-vehicle","status":"publish","type":"product","link":"https:\/\/ygspower.com\/es\/producto\/mylion-60v-22ah-30ah-50ah-65ah-lifepo4-power-battery-lithium-iron-phosphate-batteries-deep-cycle-battery-for-electric-vehicle\/","title":{"rendered":"Bater\u00eda de fosfato de hierro y litio de ciclo profundo para veh\u00edculos el\u00e9ctricos de 60 V, 22 Ah, 30 Ah, 50 Ah y 65 Ah de Mylion"},"content":{"rendered":"<p>Bater\u00eda de fosfato de hierro y litio de ciclo profundo para veh\u00edculos el\u00e9ctricos de 60 V, 22 Ah, 30 Ah, 50 Ah y 65 Ah de Mylion<\/p>\n<p><img fetchpriority=\"high\" decoding=\"async\" class=\"size-full wp-image-6737 aligncenter\" src=\"http:\/\/ygspower.com\/wp-content\/uploads\/2022\/04\/\u4e2d\u6027-60V65Ah-\u52a8\u529b\u9502\u7535\u6c60\u4e3b\u56fe1.jpg\" alt=\"\" width=\"800\" height=\"800\" srcset=\"https:\/\/ygspower.com\/wp-content\/uploads\/2022\/04\/\u4e2d\u6027-60V65Ah-\u52a8\u529b\u9502\u7535\u6c60\u4e3b\u56fe1.jpg 800w, https:\/\/ygspower.com\/wp-content\/uploads\/2022\/04\/\u4e2d\u6027-60V65Ah-\u52a8\u529b\u9502\u7535\u6c60\u4e3b\u56fe1-300x300.jpg 300w, https:\/\/ygspower.com\/wp-content\/uploads\/2022\/04\/\u4e2d\u6027-60V65Ah-\u52a8\u529b\u9502\u7535\u6c60\u4e3b\u56fe1-100x100.jpg 100w, https:\/\/ygspower.com\/wp-content\/uploads\/2022\/04\/\u4e2d\u6027-60V65Ah-\u52a8\u529b\u9502\u7535\u6c60\u4e3b\u56fe1-600x600.jpg 600w, https:\/\/ygspower.com\/wp-content\/uploads\/2022\/04\/\u4e2d\u6027-60V65Ah-\u52a8\u529b\u9502\u7535\u6c60\u4e3b\u56fe1-150x150.jpg 150w, https:\/\/ygspower.com\/wp-content\/uploads\/2022\/04\/\u4e2d\u6027-60V65Ah-\u52a8\u529b\u9502\u7535\u6c60\u4e3b\u56fe1-768x768.jpg 768w\" sizes=\"(max-width: 800px) 100vw, 800px\" \/><\/p>\n<table border=\"2\" width=\"873\" cellspacing=\"0\" cellpadding=\"0\" data-spm-anchor-id=\"a2700.details.0.i21.4ccd260fpKeZGW\">\n<tbody>\n<tr>\n<td width=\"229\" height=\"27\" data-spm-anchor-id=\"a2700.details.0.i20.4ccd260fpKeZGW\">Nombre del producto<\/td>\n<td width=\"161\">Modelo ML-LF-6022<\/td>\n<td width=\"161\">Modelo ml LF-6030<\/td>\n<td width=\"161\">Modelo ml LF-6050<\/td>\n<td width=\"161\">Modelo ML-LF-6065<\/td>\n<\/tr>\n<tr>\n<td height=\"27\">Nombre del estilo<\/td>\n<td>60 V 18 Ah<\/td>\n<td>60 V 30 Ah<\/td>\n<td>60 V 50 Ah<\/td>\n<td>60 V 65 Ah<\/td>\n<\/tr>\n<tr>\n<td height=\"27\">Capacidad normal<\/td>\n<td>1,32 kWh<\/td>\n<td>1,8 kWh<\/td>\n<td>3,0 kWh<\/td>\n<td>3,9 kWh<\/td>\n<\/tr>\n<tr>\n<td height=\"27\">Voltaje est\u00e1ndar<\/td>\n<td>64 V<\/td>\n<td>64 V<\/td>\n<td>60,8 V<\/td>\n<td>60,8 V<\/td>\n<\/tr>\n<tr>\n<td height=\"27\">Voltaje m\u00e1ximo de carga<\/td>\n<td>73 V<\/td>\n<td>73 V<\/td>\n<td>69,4 V<\/td>\n<td>69,4 V<\/td>\n<\/tr>\n<tr>\n<td height=\"27\">Corriente de descarga est\u00e1ndar<\/td>\n<td>22A<\/td>\n<td>30A<\/td>\n<td>50A<\/td>\n<td>65A<\/td>\n<\/tr>\n<tr>\n<td height=\"27\">Corriente m\u00e1xima de descarga<\/td>\n<td>44A<\/td>\n<td>60A<\/td>\n<td>100A<\/td>\n<td>130A<\/td>\n<\/tr>\n<tr>\n<td height=\"27\">Material de la c\u00e9lula<\/td>\n<td>Bater\u00eda de litio de 20 s<\/td>\n<td>Bater\u00eda de litio de 20 s<\/td>\n<td>Bater\u00eda de litio de 19 s y 12 s<\/td>\n<td>Bater\u00eda de litio de 19 s y 12 s<\/td>\n<\/tr>\n<tr>\n<td height=\"27\">Utilice la potencia del motor<\/td>\n<td>300-600 W<\/td>\n<td>300-800 W<\/td>\n<td>800-1500 W<\/td>\n<td>800-1500 W<\/td>\n<\/tr>\n<tr>\n<td height=\"27\">Terminal<\/td>\n<td colspan=\"4\">Tap\u00f3n Anderson o personalizado<\/td>\n<\/tr>\n<tr>\n<td height=\"27\">Material de la carcasa<\/td>\n<td colspan=\"4\">Carcasa de metal negro<\/td>\n<\/tr>\n<tr>\n<td height=\"27\">Dimensiones de la bater\u00eda (mm)<\/td>\n<td>180*160*310 mil\u00edmetros<\/td>\n<td>192*160*320 mil\u00edmetros<\/td>\n<td>230*190*310 mil\u00edmetros<\/td>\n<td>285*233*260 mil\u00edmetros<\/td>\n<\/tr>\n<tr>\n<td height=\"27\">Peso<\/td>\n<td>Aprox. 11,2 kg<\/td>\n<td>Aprox. 11,8 kg<\/td>\n<td>Aplicaci\u00f3n 27 kg<\/td>\n<td>Aplicaci\u00f3n 33 kg<\/td>\n<\/tr>\n<tr>\n<td height=\"27\">Solicitud<\/td>\n<td colspan=\"4\" width=\"644\">Sistema de potencia del motor, AGV, veh\u00edculo el\u00e9ctrico, bicicleta el\u00e9ctrica, coche el\u00e9ctrico, coche de golf, etc.<\/td>\n<\/tr>\n<tr>\n<td height=\"41\">Paquete<\/td>\n<td width=\"161\">1 unidad en una caja de aproximadamente 12 kg\/caja<\/td>\n<td width=\"161\">1 unidad en una caja de aproximadamente 13 kg\/caja<\/td>\n<td width=\"161\">1 unidad en una caja de aproximadamente 28 kg\/caja<\/td>\n<td width=\"161\">1 unidad en una caja de aproximadamente 34 kg\/caja<\/td>\n<\/tr>\n<tr>\n<td height=\"27\">Garant\u00eda<\/td>\n<td>12 meses<\/td>\n<td>12 meses<\/td>\n<td>12 meses<\/td>\n<td>12 meses<\/td>\n<\/tr>\n<\/tbody>\n<\/table>\n<p><img decoding=\"async\" class=\"size-full wp-image-6738 aligncenter\" src=\"http:\/\/ygspower.com\/wp-content\/uploads\/2022\/04\/\u4e2d\u6027-60V65Ah-\u52a8\u529b\u9502\u7535\u6c60\u8be6\u60c5\u98751.jpg\" alt=\"\" width=\"800\" height=\"1051\" srcset=\"https:\/\/ygspower.com\/wp-content\/uploads\/2022\/04\/\u4e2d\u6027-60V65Ah-\u52a8\u529b\u9502\u7535\u6c60\u8be6\u60c5\u98751.jpg 800w, https:\/\/ygspower.com\/wp-content\/uploads\/2022\/04\/\u4e2d\u6027-60V65Ah-\u52a8\u529b\u9502\u7535\u6c60\u8be6\u60c5\u98751-600x788.jpg 600w, https:\/\/ygspower.com\/wp-content\/uploads\/2022\/04\/\u4e2d\u6027-60V65Ah-\u52a8\u529b\u9502\u7535\u6c60\u8be6\u60c5\u98751-228x300.jpg 228w, https:\/\/ygspower.com\/wp-content\/uploads\/2022\/04\/\u4e2d\u6027-60V65Ah-\u52a8\u529b\u9502\u7535\u6c60\u8be6\u60c5\u98751-779x1024.jpg 779w, https:\/\/ygspower.com\/wp-content\/uploads\/2022\/04\/\u4e2d\u6027-60V65Ah-\u52a8\u529b\u9502\u7535\u6c60\u8be6\u60c5\u98751-768x1009.jpg 768w\" sizes=\"(max-width: 800px) 100vw, 800px\" \/> <img decoding=\"async\" class=\"size-full wp-image-6739 aligncenter\" src=\"http:\/\/ygspower.com\/wp-content\/uploads\/2022\/04\/\u4e2d\u6027-60V65Ah-\u52a8\u529b\u9502\u7535\u6c60\u8be6\u60c5\u98752.jpg\" alt=\"\" width=\"800\" height=\"1751\" srcset=\"https:\/\/ygspower.com\/wp-content\/uploads\/2022\/04\/\u4e2d\u6027-60V65Ah-\u52a8\u529b\u9502\u7535\u6c60\u8be6\u60c5\u98752.jpg 800w, https:\/\/ygspower.com\/wp-content\/uploads\/2022\/04\/\u4e2d\u6027-60V65Ah-\u52a8\u529b\u9502\u7535\u6c60\u8be6\u60c5\u98752-600x1313.jpg 600w, https:\/\/ygspower.com\/wp-content\/uploads\/2022\/04\/\u4e2d\u6027-60V65Ah-\u52a8\u529b\u9502\u7535\u6c60\u8be6\u60c5\u98752-137x300.jpg 137w, https:\/\/ygspower.com\/wp-content\/uploads\/2022\/04\/\u4e2d\u6027-60V65Ah-\u52a8\u529b\u9502\u7535\u6c60\u8be6\u60c5\u98752-468x1024.jpg 468w, https:\/\/ygspower.com\/wp-content\/uploads\/2022\/04\/\u4e2d\u6027-60V65Ah-\u52a8\u529b\u9502\u7535\u6c60\u8be6\u60c5\u98752-768x1681.jpg 768w, https:\/\/ygspower.com\/wp-content\/uploads\/2022\/04\/\u4e2d\u6027-60V65Ah-\u52a8\u529b\u9502\u7535\u6c60\u8be6\u60c5\u98752-702x1536.jpg 702w\" sizes=\"(max-width: 800px) 100vw, 800px\" \/> <img loading=\"lazy\" decoding=\"async\" class=\"size-full wp-image-6740 aligncenter\" src=\"http:\/\/ygspower.com\/wp-content\/uploads\/2022\/04\/\u4e2d\u6027-60V65Ah-\u52a8\u529b\u9502\u7535\u6c60\u8be6\u60c5\u98753.jpg\" alt=\"\" width=\"800\" height=\"1813\" srcset=\"https:\/\/ygspower.com\/wp-content\/uploads\/2022\/04\/\u4e2d\u6027-60V65Ah-\u52a8\u529b\u9502\u7535\u6c60\u8be6\u60c5\u98753.jpg 800w, https:\/\/ygspower.com\/wp-content\/uploads\/2022\/04\/\u4e2d\u6027-60V65Ah-\u52a8\u529b\u9502\u7535\u6c60\u8be6\u60c5\u98753-600x1360.jpg 600w, https:\/\/ygspower.com\/wp-content\/uploads\/2022\/04\/\u4e2d\u6027-60V65Ah-\u52a8\u529b\u9502\u7535\u6c60\u8be6\u60c5\u98753-132x300.jpg 132w, https:\/\/ygspower.com\/wp-content\/uploads\/2022\/04\/\u4e2d\u6027-60V65Ah-\u52a8\u529b\u9502\u7535\u6c60\u8be6\u60c5\u98753-452x1024.jpg 452w, https:\/\/ygspower.com\/wp-content\/uploads\/2022\/04\/\u4e2d\u6027-60V65Ah-\u52a8\u529b\u9502\u7535\u6c60\u8be6\u60c5\u98753-768x1740.jpg 768w, https:\/\/ygspower.com\/wp-content\/uploads\/2022\/04\/\u4e2d\u6027-60V65Ah-\u52a8\u529b\u9502\u7535\u6c60\u8be6\u60c5\u98753-678x1536.jpg 678w\" sizes=\"(max-width: 800px) 100vw, 800px\" \/> <img loading=\"lazy\" decoding=\"async\" class=\"size-full wp-image-6741 aligncenter\" src=\"http:\/\/ygspower.com\/wp-content\/uploads\/2022\/04\/\u4e2d\u6027-60V65Ah-\u52a8\u529b\u9502\u7535\u6c60\u8be6\u60c5\u98754.jpg\" alt=\"\" width=\"800\" height=\"2069\" srcset=\"https:\/\/ygspower.com\/wp-content\/uploads\/2022\/04\/\u4e2d\u6027-60V65Ah-\u52a8\u529b\u9502\u7535\u6c60\u8be6\u60c5\u98754.jpg 800w, https:\/\/ygspower.com\/wp-content\/uploads\/2022\/04\/\u4e2d\u6027-60V65Ah-\u52a8\u529b\u9502\u7535\u6c60\u8be6\u60c5\u98754-600x1552.jpg 600w, https:\/\/ygspower.com\/wp-content\/uploads\/2022\/04\/\u4e2d\u6027-60V65Ah-\u52a8\u529b\u9502\u7535\u6c60\u8be6\u60c5\u98754-116x300.jpg 116w, https:\/\/ygspower.com\/wp-content\/uploads\/2022\/04\/\u4e2d\u6027-60V65Ah-\u52a8\u529b\u9502\u7535\u6c60\u8be6\u60c5\u98754-396x1024.jpg 396w, https:\/\/ygspower.com\/wp-content\/uploads\/2022\/04\/\u4e2d\u6027-60V65Ah-\u52a8\u529b\u9502\u7535\u6c60\u8be6\u60c5\u98754-768x1986.jpg 768w, https:\/\/ygspower.com\/wp-content\/uploads\/2022\/04\/\u4e2d\u6027-60V65Ah-\u52a8\u529b\u9502\u7535\u6c60\u8be6\u60c5\u98754-594x1536.jpg 594w, https:\/\/ygspower.com\/wp-content\/uploads\/2022\/04\/\u4e2d\u6027-60V65Ah-\u52a8\u529b\u9502\u7535\u6c60\u8be6\u60c5\u98754-792x2048.jpg 792w\" sizes=\"(max-width: 800px) 100vw, 800px\" \/> <img loading=\"lazy\" decoding=\"async\" class=\"size-full wp-image-6742 aligncenter\" src=\"http:\/\/ygspower.com\/wp-content\/uploads\/2022\/04\/\u4e2d\u6027-60V65Ah-\u52a8\u529b\u9502\u7535\u6c60\u8be6\u60c5\u98755.jpg\" alt=\"\" width=\"800\" height=\"1110\" srcset=\"https:\/\/ygspower.com\/wp-content\/uploads\/2022\/04\/\u4e2d\u6027-60V65Ah-\u52a8\u529b\u9502\u7535\u6c60\u8be6\u60c5\u98755.jpg 800w, https:\/\/ygspower.com\/wp-content\/uploads\/2022\/04\/\u4e2d\u6027-60V65Ah-\u52a8\u529b\u9502\u7535\u6c60\u8be6\u60c5\u98755-600x833.jpg 600w, https:\/\/ygspower.com\/wp-content\/uploads\/2022\/04\/\u4e2d\u6027-60V65Ah-\u52a8\u529b\u9502\u7535\u6c60\u8be6\u60c5\u98755-216x300.jpg 216w, https:\/\/ygspower.com\/wp-content\/uploads\/2022\/04\/\u4e2d\u6027-60V65Ah-\u52a8\u529b\u9502\u7535\u6c60\u8be6\u60c5\u98755-738x1024.jpg 738w, https:\/\/ygspower.com\/wp-content\/uploads\/2022\/04\/\u4e2d\u6027-60V65Ah-\u52a8\u529b\u9502\u7535\u6c60\u8be6\u60c5\u98755-768x1066.jpg 768w\" sizes=\"(max-width: 800px) 100vw, 800px\" \/> <img loading=\"lazy\" decoding=\"async\" class=\"size-full wp-image-6743 aligncenter\" src=\"http:\/\/ygspower.com\/wp-content\/uploads\/2022\/04\/\u4e2d\u6027-60V65Ah-\u52a8\u529b\u9502\u7535\u6c60\u8be6\u60c5\u98756.jpg\" alt=\"\" width=\"800\" height=\"2546\" srcset=\"https:\/\/ygspower.com\/wp-content\/uploads\/2022\/04\/\u4e2d\u6027-60V65Ah-\u52a8\u529b\u9502\u7535\u6c60\u8be6\u60c5\u98756.jpg 800w, https:\/\/ygspower.com\/wp-content\/uploads\/2022\/04\/\u4e2d\u6027-60V65Ah-\u52a8\u529b\u9502\u7535\u6c60\u8be6\u60c5\u98756-600x1910.jpg 600w, https:\/\/ygspower.com\/wp-content\/uploads\/2022\/04\/\u4e2d\u6027-60V65Ah-\u52a8\u529b\u9502\u7535\u6c60\u8be6\u60c5\u98756-94x300.jpg 94w, https:\/\/ygspower.com\/wp-content\/uploads\/2022\/04\/\u4e2d\u6027-60V65Ah-\u52a8\u529b\u9502\u7535\u6c60\u8be6\u60c5\u98756-322x1024.jpg 322w, https:\/\/ygspower.com\/wp-content\/uploads\/2022\/04\/\u4e2d\u6027-60V65Ah-\u52a8\u529b\u9502\u7535\u6c60\u8be6\u60c5\u98756-768x2444.jpg 768w, https:\/\/ygspower.com\/wp-content\/uploads\/2022\/04\/\u4e2d\u6027-60V65Ah-\u52a8\u529b\u9502\u7535\u6c60\u8be6\u60c5\u98756-483x1536.jpg 483w\" sizes=\"(max-width: 800px) 100vw, 800px\" \/> <img loading=\"lazy\" decoding=\"async\" class=\"size-full wp-image-6744 aligncenter\" src=\"http:\/\/ygspower.com\/wp-content\/uploads\/2022\/04\/\u4e2d\u6027-60V65Ah-\u52a8\u529b\u9502\u7535\u6c60\u8be6\u60c5\u98757.jpg\" alt=\"\" width=\"800\" height=\"1503\" srcset=\"https:\/\/ygspower.com\/wp-content\/uploads\/2022\/04\/\u4e2d\u6027-60V65Ah-\u52a8\u529b\u9502\u7535\u6c60\u8be6\u60c5\u98757.jpg 800w, https:\/\/ygspower.com\/wp-content\/uploads\/2022\/04\/\u4e2d\u6027-60V65Ah-\u52a8\u529b\u9502\u7535\u6c60\u8be6\u60c5\u98757-600x1127.jpg 600w, https:\/\/ygspower.com\/wp-content\/uploads\/2022\/04\/\u4e2d\u6027-60V65Ah-\u52a8\u529b\u9502\u7535\u6c60\u8be6\u60c5\u98757-160x300.jpg 160w, https:\/\/ygspower.com\/wp-content\/uploads\/2022\/04\/\u4e2d\u6027-60V65Ah-\u52a8\u529b\u9502\u7535\u6c60\u8be6\u60c5\u98757-545x1024.jpg 545w, https:\/\/ygspower.com\/wp-content\/uploads\/2022\/04\/\u4e2d\u6027-60V65Ah-\u52a8\u529b\u9502\u7535\u6c60\u8be6\u60c5\u98757-768x1443.jpg 768w\" sizes=\"(max-width: 800px) 100vw, 800px\" \/> <img loading=\"lazy\" decoding=\"async\" class=\"size-full wp-image-6745 aligncenter\" src=\"http:\/\/ygspower.com\/wp-content\/uploads\/2022\/04\/\u4e2d\u6027-60V65Ah-\u52a8\u529b\u9502\u7535\u6c60\u8be6\u60c5\u98758.jpg\" alt=\"\" width=\"800\" height=\"1038\" srcset=\"https:\/\/ygspower.com\/wp-content\/uploads\/2022\/04\/\u4e2d\u6027-60V65Ah-\u52a8\u529b\u9502\u7535\u6c60\u8be6\u60c5\u98758.jpg 800w, https:\/\/ygspower.com\/wp-content\/uploads\/2022\/04\/\u4e2d\u6027-60V65Ah-\u52a8\u529b\u9502\u7535\u6c60\u8be6\u60c5\u98758-600x779.jpg 600w, https:\/\/ygspower.com\/wp-content\/uploads\/2022\/04\/\u4e2d\u6027-60V65Ah-\u52a8\u529b\u9502\u7535\u6c60\u8be6\u60c5\u98758-231x300.jpg 231w, https:\/\/ygspower.com\/wp-content\/uploads\/2022\/04\/\u4e2d\u6027-60V65Ah-\u52a8\u529b\u9502\u7535\u6c60\u8be6\u60c5\u98758-789x1024.jpg 789w, https:\/\/ygspower.com\/wp-content\/uploads\/2022\/04\/\u4e2d\u6027-60V65Ah-\u52a8\u529b\u9502\u7535\u6c60\u8be6\u60c5\u98758-768x996.jpg 768w\" sizes=\"(max-width: 800px) 100vw, 800px\" \/><\/p>","protected":false},"excerpt":{"rendered":"<p><span class=\"attr-name J-attr-name\" title=\"N\u00famero de modelo\">N\u00famero de modelo: <\/span>60 V 18 Ah\/30 Ah\/50 Ah\/65 Ah<\/p>\n<p><span class=\"attr-name J-attr-name\" title=\"Voltaje nominal\">Voltaje nominal: <\/span>60 voltios<\/p>\n<p><span class=\"attr-name J-attr-name\" title=\"Capacidad normal\" data-spm-anchor-id=\"a2700.details.0.i24.4ccd260fpKeZGW\">Capacidad normal: <\/span>1,32-3,9 kWh<\/p>\n<p><span class=\"attr-name J-attr-name\" title=\"Corriente de descarga est\u00e1ndar\" data-spm-anchor-id=\"a2700.details.0.i29.4ccd260fpKeZGW\">Corriente de descarga est\u00e1ndar: <\/span>22 Ah-65 Ah<\/p>\n<p><span class=\"attr-name J-attr-name\" title=\"Voltaje m\u00e1ximo de carga\">Voltaje m\u00e1ximo de carga: <\/span>64 V\/60,8 V<\/p>\n<p><span class=\"attr-name J-attr-name\" title=\"Utilice la potencia del motor\">Utilice la potencia del motor: <\/span>300-1500 W<\/p>\n<p><span class=\"attr-name J-attr-name\" title=\"Aplicaci\u00f3n\" data-spm-anchor-id=\"a2700.details.0.i32.4ccd260fpKeZGW\">Aplicaci\u00f3n: <\/span>EV de 60 V, sistema de alimentaci\u00f3n del motor, AGV, veh\u00edculo el\u00e9ctrico, bicicleta el\u00e9ctrica<\/p>","protected":false},"featured_media":6746,"template":"","meta":{"_seopress_robots_primary_cat":"","_seopress_titles_title":"mylion 60v 22ah 30ah 50ah 65ah lifepo4 power battery Lithium Iron Phosphate Batteries Deep Cycle Battery for Electric vehicle","_seopress_titles_desc":"mylion 60v 22ah 30ah 50ah 65ah lifepo4 power battery Lithium Iron Phosphate Batteries Deep Cycle Battery for Electric vehicle, mylion, Lifepo4, Lithium Iron Phosphate Batteries, batteries, Deep Cycle Battery, power system, Electric vehicle","_seopress_robots_index":"","site-sidebar-layout":"default","site-content-layout":"default","ast-site-content-layout":"default","site-content-style":"default","site-sidebar-style":"default","ast-global-header-display":"","ast-banner-title-visibility":"","ast-main-header-display":"","ast-hfb-above-header-display":"","ast-hfb-below-header-display":"","ast-hfb-mobile-header-display":"","site-post-title":"","ast-breadcrumbs-content":"","ast-featured-img":"","footer-sml-layout":"","theme-transparent-header-meta":"","adv-header-id-meta":"","stick-header-meta":"","header-above-stick-meta":"","header-main-stick-meta":"","header-below-stick-meta":"","astra-migrate-meta-layouts":"default","ast-page-background-enabled":"default","ast-page-background-meta":{"desktop":{"background-color":"","background-image":"","background-repeat":"repeat","background-position":"center center","background-size":"auto","background-attachment":"scroll","background-type":"","background-media":"","overlay-type":"","overlay-color":"","overlay-opacity":"","overlay-gradient":""},"tablet":{"background-color":"","background-image":"","background-repeat":"repeat","background-position":"center center","background-size":"auto","background-attachment":"scroll","background-type":"","background-media":"","overlay-type":"","overlay-color":"","overlay-opacity":"","overlay-gradient":""},"mobile":{"background-color":"","background-image":"","background-repeat":"repeat","background-position":"center center","background-size":"auto","background-attachment":"scroll","background-type":"","background-media":"","overlay-type":"","overlay-color":"","overlay-opacity":"","overlay-gradient":""}},"ast-content-background-meta":{"desktop":{"background-color":"var(--ast-global-color-5)","background-image":"","background-repeat":"repeat","background-position":"center center","background-size":"auto","background-attachment":"scroll","background-type":"","background-media":"","overlay-type":"","overlay-color":"","overlay-opacity":"","overlay-gradient":""},"tablet":{"background-color":"var(--ast-global-color-5)","background-image":"","background-repeat":"repeat","background-position":"center center","background-size":"auto","background-attachment":"scroll","background-type":"","background-media":"","overlay-type":"","overlay-color":"","overlay-opacity":"","overlay-gradient":""},"mobile":{"background-color":"var(--ast-global-color-5)","background-image":"","background-repeat":"repeat","background-position":"center center","background-size":"auto","background-attachment":"scroll","background-type":"","background-media":"","overlay-type":"","overlay-color":"","overlay-opacity":"","overlay-gradient":""}}},"product_brand":[],"product_cat":[28],"product_tag":[242,613,615,315,612,74,614],"class_list":{"0":"post-6735","1":"product","2":"type-product","3":"status-publish","4":"has-post-thumbnail","6":"product_cat-life-po4-battery","7":"product_tag-batteries","8":"product_tag-deep-cycle-battery","9":"product_tag-electric-vehicle","10":"product_tag-lifepo4","11":"product_tag-lithium-iron-phosphate-batteries","12":"product_tag-mylion","13":"product_tag-power-system","14":"desktop-align-left","15":"tablet-align-left","16":"mobile-align-left","18":"first","19":"instock","20":"shipping-taxable","21":"product-type-simple"},"_links":{"self":[{"href":"https:\/\/ygspower.com\/es\/wp-json\/wp\/v2\/product\/6735","targetHints":{"allow":["GET"]}}],"collection":[{"href":"https:\/\/ygspower.com\/es\/wp-json\/wp\/v2\/product"}],"about":[{"href":"https:\/\/ygspower.com\/es\/wp-json\/wp\/v2\/types\/product"}],"version-history":[{"count":0,"href":"https:\/\/ygspower.com\/es\/wp-json\/wp\/v2\/product\/6735\/revisions"}],"wp:featuredmedia":[{"embeddable":true,"href":"https:\/\/ygspower.com\/es\/wp-json\/wp\/v2\/media\/6746"}],"wp:attachment":[{"href":"https:\/\/ygspower.com\/es\/wp-json\/wp\/v2\/media?parent=6735"}],"wp:term":[{"taxonomy":"product_brand","embeddable":true,"href":"https:\/\/ygspower.com\/es\/wp-json\/wp\/v2\/product_brand?post=6735"},{"taxonomy":"product_cat","embeddable":true,"href":"https:\/\/ygspower.com\/es\/wp-json\/wp\/v2\/product_cat?post=6735"},{"taxonomy":"product_tag","embeddable":true,"href":"https:\/\/ygspower.com\/es\/wp-json\/wp\/v2\/product_tag?post=6735"}],"curies":[{"name":"wp","href":"https:\/\/api.w.org\/{rel}","templated":true}]}}