{"id":6927,"date":"2022-04-29T13:57:53","date_gmt":"2022-04-29T05:57:53","guid":{"rendered":"https:\/\/darksalmon-dugong-512221.hostingersite.com\/?post_type=product&#038;p=6927"},"modified":"2022-04-29T13:58:01","modified_gmt":"2022-04-29T05:58:01","slug":"mylion-gel-12v12ah-battery-agm-battery-12volt-lead-acid-sealed-ups-battery-free-maintenance-ups-ups-battery-for-storing-energy","status":"publish","type":"product","link":"https:\/\/ygspower.com\/es\/producto\/mylion-gel-12v12ah-battery-agm-battery-12volt-lead-acid-sealed-ups-battery-free-maintenance-ups-ups-battery-for-storing-energy\/","title":{"rendered":"Bater\u00eda de gel Mylion 12v12ah, bater\u00eda AGM de 12 voltios, bater\u00eda UPS sellada de plomo y \u00e1cido, sin mantenimiento, bater\u00eda UPS para almacenar energ\u00eda"},"content":{"rendered":"<p>Bater\u00eda de gel Mylion 12v12ah, bater\u00eda AGM de 12 voltios, bater\u00eda UPS sellada de plomo y \u00e1cido, sin mantenimiento, bater\u00eda UPS para almacenar energ\u00eda<\/p>\n<table width=\"885\">\n<tbody>\n<tr>\n<td width=\"254\">Nombre del estilo<\/td>\n<td width=\"196\">Bater\u00eda de plomo \u00e1cido de 12 V y 7 Ah<\/td>\n<td width=\"214\">Bater\u00eda de plomo \u00e1cido 12V12Ah<\/td>\n<td width=\"220\">Bater\u00eda de plomo \u00e1cido 12V100Ah<\/td>\n<\/tr>\n<tr>\n<td>Capacidad normal<\/td>\n<td>7 Ah<\/td>\n<td>12 Ah<\/td>\n<td>100 Ah<\/td>\n<\/tr>\n<tr>\n<td>Voltaje nominal<\/td>\n<td>12 V<\/td>\n<td>12 V<\/td>\n<td>12 V<\/td>\n<\/tr>\n<tr>\n<td>Voltaje m\u00e1ximo de carga<\/td>\n<td>14,8 V<\/td>\n<td>14,8 V<\/td>\n<td>14,8 V<\/td>\n<\/tr>\n<tr>\n<td>Corriente m\u00e1xima de descarga continua<\/td>\n<td>2.1A<\/td>\n<td>3.6A<\/td>\n<td>30A<\/td>\n<\/tr>\n<tr>\n<td>Corriente de carga<\/td>\n<td>1.4A<\/td>\n<td>2.4A<\/td>\n<td>20A<\/td>\n<\/tr>\n<tr>\n<td>Potencia de salida<\/td>\n<td>84W<\/td>\n<td>144 W<\/td>\n<td>1200 W<\/td>\n<\/tr>\n<tr>\n<td>Puerto de carga\/descarga<\/td>\n<td colspan=\"3\">M8<\/td>\n<\/tr>\n<tr>\n<td>Caja de pl\u00e1stico ABS<\/td>\n<td colspan=\"3\">Caja de pl\u00e1stico<\/td>\n<\/tr>\n<tr>\n<td>Dimensiones de la bater\u00eda (mm)<\/td>\n<td>Largo 150 x Ancho 65 x Alto 95 mm<\/td>\n<td>Largo 150 x Ancho 95 x Alto 98 mm<\/td>\n<td>Largo 330 x Ancho 171 x Alto 225 mm<\/td>\n<\/tr>\n<tr>\n<td>Peso<\/td>\n<td>Aprox.2 kg<\/td>\n<td>Aprox.3,8 kg<\/td>\n<td>Aprox.21 kg<\/td>\n<\/tr>\n<tr>\n<td>Protecci\u00f3n de la bater\u00eda<\/td>\n<td colspan=\"3\">Mantenimiento gratuito<\/td>\n<\/tr>\n<tr>\n<td>Ciclo de vida<\/td>\n<td colspan=\"3\">300 veces<\/td>\n<\/tr>\n<tr>\n<td>Solicitud<\/td>\n<td colspan=\"3\">UPS, energ\u00eda Solara, iluminaci\u00f3n, rociador de jard\u00edn, instrumento para exteriores, control de puertas, energ\u00eda solar<\/td>\n<\/tr>\n<tr>\n<td>Garant\u00eda<\/td>\n<td colspan=\"3\">12 meses<\/td>\n<\/tr>\n<\/tbody>\n<\/table>\n<p><img fetchpriority=\"high\" decoding=\"async\" class=\"alignnone size-full wp-image-6929\" src=\"http:\/\/ygspower.com\/wp-content\/uploads\/2022\/04\/12v-7ah-gel-battery-1.jpg\" alt=\"\" width=\"750\" height=\"330\" srcset=\"https:\/\/ygspower.com\/wp-content\/uploads\/2022\/04\/12v-7ah-gel-battery-1.jpg 750w, https:\/\/ygspower.com\/wp-content\/uploads\/2022\/04\/12v-7ah-gel-battery-1-600x264.jpg 600w, https:\/\/ygspower.com\/wp-content\/uploads\/2022\/04\/12v-7ah-gel-battery-1-300x132.jpg 300w\" sizes=\"(max-width: 750px) 100vw, 750px\" \/> <img decoding=\"async\" class=\"alignnone size-full wp-image-6930\" src=\"http:\/\/ygspower.com\/wp-content\/uploads\/2022\/04\/12v-7ah-gel-battery-2.jpg\" alt=\"\" width=\"750\" height=\"634\" srcset=\"https:\/\/ygspower.com\/wp-content\/uploads\/2022\/04\/12v-7ah-gel-battery-2.jpg 750w, https:\/\/ygspower.com\/wp-content\/uploads\/2022\/04\/12v-7ah-gel-battery-2-600x507.jpg 600w, https:\/\/ygspower.com\/wp-content\/uploads\/2022\/04\/12v-7ah-gel-battery-2-300x254.jpg 300w\" sizes=\"(max-width: 750px) 100vw, 750px\" \/> <img decoding=\"async\" class=\"alignnone size-full wp-image-6931\" src=\"http:\/\/ygspower.com\/wp-content\/uploads\/2022\/04\/12v-7ah-gel-battery-3.jpg\" alt=\"\" width=\"750\" height=\"772\" srcset=\"https:\/\/ygspower.com\/wp-content\/uploads\/2022\/04\/12v-7ah-gel-battery-3.jpg 750w, https:\/\/ygspower.com\/wp-content\/uploads\/2022\/04\/12v-7ah-gel-battery-3-600x618.jpg 600w, https:\/\/ygspower.com\/wp-content\/uploads\/2022\/04\/12v-7ah-gel-battery-3-291x300.jpg 291w\" sizes=\"(max-width: 750px) 100vw, 750px\" \/> <img loading=\"lazy\" decoding=\"async\" class=\"alignnone size-full wp-image-6932\" src=\"http:\/\/ygspower.com\/wp-content\/uploads\/2022\/04\/12v-7ah-gel-battery-4.jpg\" alt=\"\" width=\"750\" height=\"688\" srcset=\"https:\/\/ygspower.com\/wp-content\/uploads\/2022\/04\/12v-7ah-gel-battery-4.jpg 750w, https:\/\/ygspower.com\/wp-content\/uploads\/2022\/04\/12v-7ah-gel-battery-4-600x550.jpg 600w, https:\/\/ygspower.com\/wp-content\/uploads\/2022\/04\/12v-7ah-gel-battery-4-300x275.jpg 300w\" sizes=\"(max-width: 750px) 100vw, 750px\" \/> <img loading=\"lazy\" decoding=\"async\" class=\"alignnone size-full wp-image-6933\" src=\"http:\/\/ygspower.com\/wp-content\/uploads\/2022\/04\/12v-7ah-gel-battery-5.jpg\" alt=\"\" width=\"750\" height=\"706\" srcset=\"https:\/\/ygspower.com\/wp-content\/uploads\/2022\/04\/12v-7ah-gel-battery-5.jpg 750w, https:\/\/ygspower.com\/wp-content\/uploads\/2022\/04\/12v-7ah-gel-battery-5-600x565.jpg 600w, https:\/\/ygspower.com\/wp-content\/uploads\/2022\/04\/12v-7ah-gel-battery-5-300x282.jpg 300w\" sizes=\"(max-width: 750px) 100vw, 750px\" \/> <img loading=\"lazy\" decoding=\"async\" class=\"alignnone size-full wp-image-6934\" src=\"http:\/\/ygspower.com\/wp-content\/uploads\/2022\/04\/12v-7ah-gel-battery-6.jpg\" alt=\"\" width=\"750\" height=\"866\" srcset=\"https:\/\/ygspower.com\/wp-content\/uploads\/2022\/04\/12v-7ah-gel-battery-6.jpg 750w, https:\/\/ygspower.com\/wp-content\/uploads\/2022\/04\/12v-7ah-gel-battery-6-600x693.jpg 600w, https:\/\/ygspower.com\/wp-content\/uploads\/2022\/04\/12v-7ah-gel-battery-6-260x300.jpg 260w\" sizes=\"(max-width: 750px) 100vw, 750px\" \/> <img loading=\"lazy\" decoding=\"async\" class=\"alignnone size-full wp-image-6935\" src=\"http:\/\/ygspower.com\/wp-content\/uploads\/2022\/04\/12v-7ah-gel-battery-7.jpg\" alt=\"\" width=\"750\" height=\"798\" srcset=\"https:\/\/ygspower.com\/wp-content\/uploads\/2022\/04\/12v-7ah-gel-battery-7.jpg 750w, https:\/\/ygspower.com\/wp-content\/uploads\/2022\/04\/12v-7ah-gel-battery-7-600x638.jpg 600w, https:\/\/ygspower.com\/wp-content\/uploads\/2022\/04\/12v-7ah-gel-battery-7-282x300.jpg 282w\" sizes=\"(max-width: 750px) 100vw, 750px\" \/> <img loading=\"lazy\" decoding=\"async\" class=\"alignnone size-full wp-image-6936\" src=\"http:\/\/ygspower.com\/wp-content\/uploads\/2022\/04\/12v-7ah-gel-battery-8.jpg\" alt=\"\" width=\"750\" height=\"1248\" srcset=\"https:\/\/ygspower.com\/wp-content\/uploads\/2022\/04\/12v-7ah-gel-battery-8.jpg 750w, https:\/\/ygspower.com\/wp-content\/uploads\/2022\/04\/12v-7ah-gel-battery-8-600x998.jpg 600w, https:\/\/ygspower.com\/wp-content\/uploads\/2022\/04\/12v-7ah-gel-battery-8-180x300.jpg 180w, https:\/\/ygspower.com\/wp-content\/uploads\/2022\/04\/12v-7ah-gel-battery-8-615x1024.jpg 615w\" sizes=\"(max-width: 750px) 100vw, 750px\" \/> <img loading=\"lazy\" decoding=\"async\" class=\"alignnone size-full wp-image-6937\" src=\"http:\/\/ygspower.com\/wp-content\/uploads\/2022\/04\/12v-7ah-gel-battery-9.jpg\" alt=\"\" width=\"750\" height=\"825\" srcset=\"https:\/\/ygspower.com\/wp-content\/uploads\/2022\/04\/12v-7ah-gel-battery-9.jpg 750w, https:\/\/ygspower.com\/wp-content\/uploads\/2022\/04\/12v-7ah-gel-battery-9-600x660.jpg 600w, https:\/\/ygspower.com\/wp-content\/uploads\/2022\/04\/12v-7ah-gel-battery-9-273x300.jpg 273w\" sizes=\"(max-width: 750px) 100vw, 750px\" \/> <img loading=\"lazy\" decoding=\"async\" class=\"alignnone size-full wp-image-6938\" src=\"http:\/\/ygspower.com\/wp-content\/uploads\/2022\/04\/12v-7ah-gel-battery-10.jpg\" alt=\"\" width=\"750\" height=\"512\" srcset=\"https:\/\/ygspower.com\/wp-content\/uploads\/2022\/04\/12v-7ah-gel-battery-10.jpg 750w, https:\/\/ygspower.com\/wp-content\/uploads\/2022\/04\/12v-7ah-gel-battery-10-600x410.jpg 600w, https:\/\/ygspower.com\/wp-content\/uploads\/2022\/04\/12v-7ah-gel-battery-10-300x205.jpg 300w\" sizes=\"(max-width: 750px) 100vw, 750px\" \/><\/p>","protected":false},"excerpt":{"rendered":"<p>Nombre del estilo:Bater\u00eda de plomo \u00e1cido 12 V 12 Ah<br \/>\nCapacidad nominal: 12 Ah<br \/>\nVoltaje nominal: 12 V<br \/>\nVoltaje m\u00e1ximo de carga: 14,8 V<br \/>\nCorriente m\u00e1xima de descarga continua: 3,6 A<br \/>\nCorriente de carga: 2,4 A<br \/>\nPotencia de salida: 144 W<\/p>","protected":false},"featured_media":6939,"template":"","meta":{"_seopress_robots_primary_cat":"","_seopress_titles_title":"mylion gel 12v12ah battery, agm battery 12volt, lead acid sealed ups battery free maintenance UPS UPS battery for Storing Energy","_seopress_titles_desc":"Style name:Lead Acid 12V12Ah battery\r\nNorminal Capacity:12Ah\r\nNominal Voltage:12V\r\nMax charge voltage:14.8V\r\nMax continuous discharge current:3.6A\r\nCharge current:2.4A\r\nOutput power:144W","_seopress_robots_index":"","site-sidebar-layout":"default","site-content-layout":"default","ast-site-content-layout":"default","site-content-style":"default","site-sidebar-style":"default","ast-global-header-display":"","ast-banner-title-visibility":"","ast-main-header-display":"","ast-hfb-above-header-display":"","ast-hfb-below-header-display":"","ast-hfb-mobile-header-display":"","site-post-title":"","ast-breadcrumbs-content":"","ast-featured-img":"","footer-sml-layout":"","theme-transparent-header-meta":"","adv-header-id-meta":"","stick-header-meta":"","header-above-stick-meta":"","header-main-stick-meta":"","header-below-stick-meta":"","astra-migrate-meta-layouts":"default","ast-page-background-enabled":"default","ast-page-background-meta":{"desktop":{"background-color":"","background-image":"","background-repeat":"repeat","background-position":"center center","background-size":"auto","background-attachment":"scroll","background-type":"","background-media":"","overlay-type":"","overlay-color":"","overlay-opacity":"","overlay-gradient":""},"tablet":{"background-color":"","background-image":"","background-repeat":"repeat","background-position":"center center","background-size":"auto","background-attachment":"scroll","background-type":"","background-media":"","overlay-type":"","overlay-color":"","overlay-opacity":"","overlay-gradient":""},"mobile":{"background-color":"","background-image":"","background-repeat":"repeat","background-position":"center center","background-size":"auto","background-attachment":"scroll","background-type":"","background-media":"","overlay-type":"","overlay-color":"","overlay-opacity":"","overlay-gradient":""}},"ast-content-background-meta":{"desktop":{"background-color":"var(--ast-global-color-5)","background-image":"","background-repeat":"repeat","background-position":"center center","background-size":"auto","background-attachment":"scroll","background-type":"","background-media":"","overlay-type":"","overlay-color":"","overlay-opacity":"","overlay-gradient":""},"tablet":{"background-color":"var(--ast-global-color-5)","background-image":"","background-repeat":"repeat","background-position":"center center","background-size":"auto","background-attachment":"scroll","background-type":"","background-media":"","overlay-type":"","overlay-color":"","overlay-opacity":"","overlay-gradient":""},"mobile":{"background-color":"var(--ast-global-color-5)","background-image":"","background-repeat":"repeat","background-position":"center center","background-size":"auto","background-attachment":"scroll","background-type":"","background-media":"","overlay-type":"","overlay-color":"","overlay-opacity":"","overlay-gradient":""}}},"product_brand":[],"product_cat":[411],"product_tag":[641,640,639],"class_list":{"0":"post-6927","1":"product","2":"type-product","3":"status-publish","4":"has-post-thumbnail","6":"product_cat-lead-acid-battery","7":"product_tag-12v-12ah-rechargeable-storge-power","8":"product_tag-agm-lead-acid-ups-battery-for-storing-energy","9":"product_tag-lead-aicd-sealed-battery-12v-12ah","10":"desktop-align-left","11":"tablet-align-left","12":"mobile-align-left","14":"first","15":"instock","16":"shipping-taxable","17":"product-type-simple"},"_links":{"self":[{"href":"https:\/\/ygspower.com\/es\/wp-json\/wp\/v2\/product\/6927","targetHints":{"allow":["GET"]}}],"collection":[{"href":"https:\/\/ygspower.com\/es\/wp-json\/wp\/v2\/product"}],"about":[{"href":"https:\/\/ygspower.com\/es\/wp-json\/wp\/v2\/types\/product"}],"version-history":[{"count":0,"href":"https:\/\/ygspower.com\/es\/wp-json\/wp\/v2\/product\/6927\/revisions"}],"wp:featuredmedia":[{"embeddable":true,"href":"https:\/\/ygspower.com\/es\/wp-json\/wp\/v2\/media\/6939"}],"wp:attachment":[{"href":"https:\/\/ygspower.com\/es\/wp-json\/wp\/v2\/media?parent=6927"}],"wp:term":[{"taxonomy":"product_brand","embeddable":true,"href":"https:\/\/ygspower.com\/es\/wp-json\/wp\/v2\/product_brand?post=6927"},{"taxonomy":"product_cat","embeddable":true,"href":"https:\/\/ygspower.com\/es\/wp-json\/wp\/v2\/product_cat?post=6927"},{"taxonomy":"product_tag","embeddable":true,"href":"https:\/\/ygspower.com\/es\/wp-json\/wp\/v2\/product_tag?post=6927"}],"curies":[{"name":"wp","href":"https:\/\/api.w.org\/{rel}","templated":true}]}}