{"id":6991,"date":"2022-04-29T14:48:03","date_gmt":"2022-04-29T06:48:03","guid":{"rendered":"https:\/\/darksalmon-dugong-512221.hostingersite.com\/?post_type=product&#038;p=6991"},"modified":"2023-11-24T15:17:05","modified_gmt":"2023-11-24T07:17:05","slug":"12v12ah-lifepo4-battery-lifepo4-battery-12v-12ah-lithium-battery-replacement-of-lead-acid-battery-for-solar-panels","status":"publish","type":"product","link":"https:\/\/ygspower.com\/es\/producto\/12v12ah-lifepo4-battery-lifepo4-battery-12v-12ah-lithium-battery-replacement-of-lead-acid-battery-for-solar-panels\/","title":{"rendered":"Bater\u00eda lifepo4 de 12v12ah, bater\u00eda lifepo4, bater\u00eda de litio de 12v 12ah, reemplazo de bater\u00eda de plomo \u00e1cido para paneles solares"},"content":{"rendered":"<p>Bater\u00eda lifepo4 de 12v12ah, bater\u00eda lifepo4, bater\u00eda de litio de 12v 12ah, reemplazo de bater\u00eda de plomo \u00e1cido para paneles solares<\/p>\n<table width=\"885\">\n<tbody>\n<tr>\n<td width=\"254\">Nombre del estilo<\/td>\n<td width=\"196\">Bater\u00eda de litio PO4 de 12 V y 7 Ah<\/td>\n<td width=\"214\">Bater\u00eda de litio PO4 de 12 V y 7 Ah<\/td>\n<td width=\"220\">Bater\u00eda de litio PO4 de 12 V y 12 Ah<\/td>\n<\/tr>\n<tr>\n<td>Capacidad normal<\/td>\n<td>7 Ah<\/td>\n<td>7 Ah<\/td>\n<td>12 Ah<\/td>\n<\/tr>\n<tr>\n<td>Voltaje nominal<\/td>\n<td>12 V<\/td>\n<td>12 V<\/td>\n<td>12 V<\/td>\n<\/tr>\n<tr>\n<td>Voltaje m\u00e1ximo de carga<\/td>\n<td>14,6 V<\/td>\n<td>14,6 V<\/td>\n<td>14,6 V<\/td>\n<\/tr>\n<tr>\n<td>Corriente m\u00e1xima de descarga continua<\/td>\n<td>10A<\/td>\n<td>10A<\/td>\n<td>10A<\/td>\n<\/tr>\n<tr>\n<td>Corriente de carga<\/td>\n<td>3A<\/td>\n<td>3A<\/td>\n<td>3A<\/td>\n<\/tr>\n<tr>\n<td>Potencia de salida<\/td>\n<td>84W<\/td>\n<td>84W<\/td>\n<td>144 W<\/td>\n<\/tr>\n<tr>\n<td>Puerto de carga\/descarga<\/td>\n<td>CC.5.5\u00d72.1\/CC.5.5\u00d72.5<\/td>\n<td colspan=\"2\">placa de metal (rojo+negro-)<\/td>\n<\/tr>\n<tr>\n<td>Caja de pl\u00e1stico ABS<\/td>\n<td>Estuche impermeable gris<\/td>\n<td colspan=\"2\">Amarillo o negro<\/td>\n<\/tr>\n<tr>\n<td>Dimensiones de la bater\u00eda (mm)<\/td>\n<td>Largo 158 x Ancho 90 x Alto 64<\/td>\n<td>Largo 150 x Ancho 65 x Alto 95 mm<\/td>\n<td>Largo 150 x Ancho 95 x Alto 98 mm<\/td>\n<\/tr>\n<tr>\n<td>Peso<\/td>\n<td>Aprox.1 kg<\/td>\n<td>Aprox.0,7 kg<\/td>\n<td>Aprox.1,2 kg<\/td>\n<\/tr>\n<tr>\n<td>Protecci\u00f3n de la bater\u00eda<\/td>\n<td colspan=\"3\">Sobrecarga y descarga, sobrecorriente, cortocircuito.<\/td>\n<\/tr>\n<tr>\n<td>Ciclo de vida<\/td>\n<td colspan=\"3\">Capacidad est\u00e1ndar de carga y descarga \u226580% C5mAh, ciclo de vida \u22651500<\/td>\n<\/tr>\n<tr>\n<td>Solicitud<\/td>\n<td colspan=\"3\">UPS, energ\u00eda Solara, iluminaci\u00f3n, rociador de jard\u00edn, instrumento para exteriores, control de puertas, energ\u00eda solar<\/td>\n<\/tr>\n<tr>\n<td>Garant\u00eda<\/td>\n<td colspan=\"3\">12 meses<\/td>\n<\/tr>\n<\/tbody>\n<\/table>\n<p><img fetchpriority=\"high\" decoding=\"async\" class=\"alignnone size-full wp-image-6993\" src=\"http:\/\/ygspower.com\/wp-content\/uploads\/2022\/04\/12v-7ah-battery-1-2.jpg\" alt=\"\" width=\"750\" height=\"330\" srcset=\"https:\/\/ygspower.com\/wp-content\/uploads\/2022\/04\/12v-7ah-battery-1-2.jpg 750w, https:\/\/ygspower.com\/wp-content\/uploads\/2022\/04\/12v-7ah-battery-1-2-600x264.jpg 600w, https:\/\/ygspower.com\/wp-content\/uploads\/2022\/04\/12v-7ah-battery-1-2-300x132.jpg 300w\" sizes=\"(max-width: 750px) 100vw, 750px\" \/> <img decoding=\"async\" class=\"alignnone size-full wp-image-6994\" src=\"http:\/\/ygspower.com\/wp-content\/uploads\/2022\/04\/12v-7ah-battery-2-2.jpg\" alt=\"\" width=\"750\" height=\"634\" srcset=\"https:\/\/ygspower.com\/wp-content\/uploads\/2022\/04\/12v-7ah-battery-2-2.jpg 750w, https:\/\/ygspower.com\/wp-content\/uploads\/2022\/04\/12v-7ah-battery-2-2-600x507.jpg 600w, https:\/\/ygspower.com\/wp-content\/uploads\/2022\/04\/12v-7ah-battery-2-2-300x254.jpg 300w\" sizes=\"(max-width: 750px) 100vw, 750px\" \/> <img decoding=\"async\" class=\"alignnone size-full wp-image-6995\" src=\"http:\/\/ygspower.com\/wp-content\/uploads\/2022\/04\/12v-7ah-battery-3-2.jpg\" alt=\"\" width=\"750\" height=\"772\" srcset=\"https:\/\/ygspower.com\/wp-content\/uploads\/2022\/04\/12v-7ah-battery-3-2.jpg 750w, https:\/\/ygspower.com\/wp-content\/uploads\/2022\/04\/12v-7ah-battery-3-2-600x618.jpg 600w, https:\/\/ygspower.com\/wp-content\/uploads\/2022\/04\/12v-7ah-battery-3-2-291x300.jpg 291w\" sizes=\"(max-width: 750px) 100vw, 750px\" \/> <img loading=\"lazy\" decoding=\"async\" class=\"alignnone size-full wp-image-6996\" src=\"http:\/\/ygspower.com\/wp-content\/uploads\/2022\/04\/12v-7ah-battery-4-2.jpg\" alt=\"\" width=\"750\" height=\"683\" srcset=\"https:\/\/ygspower.com\/wp-content\/uploads\/2022\/04\/12v-7ah-battery-4-2.jpg 750w, https:\/\/ygspower.com\/wp-content\/uploads\/2022\/04\/12v-7ah-battery-4-2-600x546.jpg 600w, https:\/\/ygspower.com\/wp-content\/uploads\/2022\/04\/12v-7ah-battery-4-2-300x273.jpg 300w\" sizes=\"(max-width: 750px) 100vw, 750px\" \/> <img loading=\"lazy\" decoding=\"async\" class=\"alignnone size-full wp-image-6997\" src=\"http:\/\/ygspower.com\/wp-content\/uploads\/2022\/04\/12v-7ah-battery-5-2.jpg\" alt=\"\" width=\"750\" height=\"666\" srcset=\"https:\/\/ygspower.com\/wp-content\/uploads\/2022\/04\/12v-7ah-battery-5-2.jpg 750w, https:\/\/ygspower.com\/wp-content\/uploads\/2022\/04\/12v-7ah-battery-5-2-600x533.jpg 600w, https:\/\/ygspower.com\/wp-content\/uploads\/2022\/04\/12v-7ah-battery-5-2-300x266.jpg 300w\" sizes=\"(max-width: 750px) 100vw, 750px\" \/> <img loading=\"lazy\" decoding=\"async\" class=\"alignnone size-full wp-image-6998\" src=\"http:\/\/ygspower.com\/wp-content\/uploads\/2022\/04\/12v-7ah-battery-6-2.jpg\" alt=\"\" width=\"750\" height=\"659\" srcset=\"https:\/\/ygspower.com\/wp-content\/uploads\/2022\/04\/12v-7ah-battery-6-2.jpg 750w, https:\/\/ygspower.com\/wp-content\/uploads\/2022\/04\/12v-7ah-battery-6-2-600x527.jpg 600w, https:\/\/ygspower.com\/wp-content\/uploads\/2022\/04\/12v-7ah-battery-6-2-300x264.jpg 300w\" sizes=\"(max-width: 750px) 100vw, 750px\" \/> <img loading=\"lazy\" decoding=\"async\" class=\"alignnone size-full wp-image-6999\" src=\"http:\/\/ygspower.com\/wp-content\/uploads\/2022\/04\/12v-7ah-battery-7-2.jpg\" alt=\"\" width=\"750\" height=\"866\" srcset=\"https:\/\/ygspower.com\/wp-content\/uploads\/2022\/04\/12v-7ah-battery-7-2.jpg 750w, https:\/\/ygspower.com\/wp-content\/uploads\/2022\/04\/12v-7ah-battery-7-2-600x693.jpg 600w, https:\/\/ygspower.com\/wp-content\/uploads\/2022\/04\/12v-7ah-battery-7-2-260x300.jpg 260w\" sizes=\"(max-width: 750px) 100vw, 750px\" \/> <img loading=\"lazy\" decoding=\"async\" class=\"alignnone size-full wp-image-7000\" src=\"http:\/\/ygspower.com\/wp-content\/uploads\/2022\/04\/12v-7ah-battery-8-2.jpg\" alt=\"\" width=\"750\" height=\"798\" srcset=\"https:\/\/ygspower.com\/wp-content\/uploads\/2022\/04\/12v-7ah-battery-8-2.jpg 750w, https:\/\/ygspower.com\/wp-content\/uploads\/2022\/04\/12v-7ah-battery-8-2-600x638.jpg 600w, https:\/\/ygspower.com\/wp-content\/uploads\/2022\/04\/12v-7ah-battery-8-2-282x300.jpg 282w\" sizes=\"(max-width: 750px) 100vw, 750px\" \/> <img loading=\"lazy\" decoding=\"async\" class=\"alignnone size-full wp-image-7001\" src=\"http:\/\/ygspower.com\/wp-content\/uploads\/2022\/04\/12v-7ah-battery-9-2.jpg\" alt=\"\" width=\"750\" height=\"1248\" srcset=\"https:\/\/ygspower.com\/wp-content\/uploads\/2022\/04\/12v-7ah-battery-9-2.jpg 750w, https:\/\/ygspower.com\/wp-content\/uploads\/2022\/04\/12v-7ah-battery-9-2-600x998.jpg 600w, https:\/\/ygspower.com\/wp-content\/uploads\/2022\/04\/12v-7ah-battery-9-2-180x300.jpg 180w, https:\/\/ygspower.com\/wp-content\/uploads\/2022\/04\/12v-7ah-battery-9-2-615x1024.jpg 615w\" sizes=\"(max-width: 750px) 100vw, 750px\" \/> <img loading=\"lazy\" decoding=\"async\" class=\"alignnone size-full wp-image-7002\" src=\"http:\/\/ygspower.com\/wp-content\/uploads\/2022\/04\/12v-7ah-battery-10-2.jpg\" alt=\"\" width=\"750\" height=\"825\" srcset=\"https:\/\/ygspower.com\/wp-content\/uploads\/2022\/04\/12v-7ah-battery-10-2.jpg 750w, https:\/\/ygspower.com\/wp-content\/uploads\/2022\/04\/12v-7ah-battery-10-2-600x660.jpg 600w, https:\/\/ygspower.com\/wp-content\/uploads\/2022\/04\/12v-7ah-battery-10-2-273x300.jpg 273w\" sizes=\"(max-width: 750px) 100vw, 750px\" \/> <img loading=\"lazy\" decoding=\"async\" class=\"alignnone size-full wp-image-7003\" src=\"http:\/\/ygspower.com\/wp-content\/uploads\/2022\/04\/12v-7ah-battery-11-2.jpg\" alt=\"\" width=\"750\" height=\"512\" srcset=\"https:\/\/ygspower.com\/wp-content\/uploads\/2022\/04\/12v-7ah-battery-11-2.jpg 750w, https:\/\/ygspower.com\/wp-content\/uploads\/2022\/04\/12v-7ah-battery-11-2-600x410.jpg 600w, https:\/\/ygspower.com\/wp-content\/uploads\/2022\/04\/12v-7ah-battery-11-2-300x205.jpg 300w\" sizes=\"(max-width: 750px) 100vw, 750px\" \/><\/p>\n<p>&nbsp;<\/p>","protected":false},"excerpt":{"rendered":"<p>Nombre del estilo:Bater\u00eda LiFe PO4 12V12Ah<br \/>\nCapacidad nominal: 12 Ah<br \/>\nVoltaje nominal: 12 V<br \/>\nVoltaje m\u00e1ximo de carga: 14,6 V<br \/>\nCorriente m\u00e1xima de descarga continua: 10 A<br \/>\nCorriente de carga: 3A<br \/>\nPotencia de salida: 144 W<br \/>\nPuerto de carga\/descarga: DC.5.5\u00d72.1\/DC.5.5\u00d72.5<br \/>\nCaja de pl\u00e1stico: placa de metal (roja + negra)<br \/>\nDimensiones de la bater\u00eda (mm): L150 x W95 x H98 mm<br \/>\nPeso: aproximadamente 1,2 kg.<\/p>","protected":false},"featured_media":7004,"template":"","meta":{"_seopress_robots_primary_cat":"","_seopress_titles_title":"12v12ah lifepo4 battery, lifepo4 battery 12v 12ah lithium battery, replacement of lead acid battery for Solar panels","_seopress_titles_desc":"Style name:LiFe PO4 battery 12V12Ah\r\nNorminal Capacity:12Ah\r\nNominal Voltage:12V\r\nMax charge voltage:14.6V\r\nMax continuous discharge current:10A\r\nCharge current:3A\r\nOutput power:144W\r\nCharge\/Discharge port:DC.5.5x2.1\/DC.5.5x2.5\r\nPlastic case :metal plate (Red+ Black-)\t\r\nBattery dimension(mm):L150xW95xH98mm\r\nWeight:App.1.2kgs","_seopress_robots_index":"","site-sidebar-layout":"default","site-content-layout":"default","ast-site-content-layout":"default","site-content-style":"default","site-sidebar-style":"default","ast-global-header-display":"","ast-banner-title-visibility":"","ast-main-header-display":"","ast-hfb-above-header-display":"","ast-hfb-below-header-display":"","ast-hfb-mobile-header-display":"","site-post-title":"","ast-breadcrumbs-content":"","ast-featured-img":"","footer-sml-layout":"","theme-transparent-header-meta":"","adv-header-id-meta":"","stick-header-meta":"","header-above-stick-meta":"","header-main-stick-meta":"","header-below-stick-meta":"","astra-migrate-meta-layouts":"default","ast-page-background-enabled":"default","ast-page-background-meta":{"desktop":{"background-color":"","background-image":"","background-repeat":"repeat","background-position":"center center","background-size":"auto","background-attachment":"scroll","background-type":"","background-media":"","overlay-type":"","overlay-color":"","overlay-opacity":"","overlay-gradient":""},"tablet":{"background-color":"","background-image":"","background-repeat":"repeat","background-position":"center center","background-size":"auto","background-attachment":"scroll","background-type":"","background-media":"","overlay-type":"","overlay-color":"","overlay-opacity":"","overlay-gradient":""},"mobile":{"background-color":"","background-image":"","background-repeat":"repeat","background-position":"center center","background-size":"auto","background-attachment":"scroll","background-type":"","background-media":"","overlay-type":"","overlay-color":"","overlay-opacity":"","overlay-gradient":""}},"ast-content-background-meta":{"desktop":{"background-color":"var(--ast-global-color-5)","background-image":"","background-repeat":"repeat","background-position":"center center","background-size":"auto","background-attachment":"scroll","background-type":"","background-media":"","overlay-type":"","overlay-color":"","overlay-opacity":"","overlay-gradient":""},"tablet":{"background-color":"var(--ast-global-color-5)","background-image":"","background-repeat":"repeat","background-position":"center center","background-size":"auto","background-attachment":"scroll","background-type":"","background-media":"","overlay-type":"","overlay-color":"","overlay-opacity":"","overlay-gradient":""},"mobile":{"background-color":"var(--ast-global-color-5)","background-image":"","background-repeat":"repeat","background-position":"center center","background-size":"auto","background-attachment":"scroll","background-type":"","background-media":"","overlay-type":"","overlay-color":"","overlay-opacity":"","overlay-gradient":""}}},"product_brand":[],"product_cat":[28],"product_tag":[642],"class_list":{"0":"post-6991","1":"product","2":"type-product","3":"status-publish","4":"has-post-thumbnail","6":"product_cat-life-po4-battery","7":"product_tag-lifepo4-battery-12v-12ah","8":"desktop-align-left","9":"tablet-align-left","10":"mobile-align-left","12":"first","13":"instock","14":"shipping-taxable","15":"product-type-simple"},"_links":{"self":[{"href":"https:\/\/ygspower.com\/es\/wp-json\/wp\/v2\/product\/6991","targetHints":{"allow":["GET"]}}],"collection":[{"href":"https:\/\/ygspower.com\/es\/wp-json\/wp\/v2\/product"}],"about":[{"href":"https:\/\/ygspower.com\/es\/wp-json\/wp\/v2\/types\/product"}],"version-history":[{"count":0,"href":"https:\/\/ygspower.com\/es\/wp-json\/wp\/v2\/product\/6991\/revisions"}],"wp:featuredmedia":[{"embeddable":true,"href":"https:\/\/ygspower.com\/es\/wp-json\/wp\/v2\/media\/7004"}],"wp:attachment":[{"href":"https:\/\/ygspower.com\/es\/wp-json\/wp\/v2\/media?parent=6991"}],"wp:term":[{"taxonomy":"product_brand","embeddable":true,"href":"https:\/\/ygspower.com\/es\/wp-json\/wp\/v2\/product_brand?post=6991"},{"taxonomy":"product_cat","embeddable":true,"href":"https:\/\/ygspower.com\/es\/wp-json\/wp\/v2\/product_cat?post=6991"},{"taxonomy":"product_tag","embeddable":true,"href":"https:\/\/ygspower.com\/es\/wp-json\/wp\/v2\/product_tag?post=6991"}],"curies":[{"name":"wp","href":"https:\/\/api.w.org\/{rel}","templated":true}]}}